{"id":92708,"date":"2021-02-01T15:08:42","date_gmt":"2021-02-01T14:08:43","guid":{"rendered":"https:\/\/tourtravelandmore.com\/?post_type=product&#038;p=92708"},"modified":"2024-06-03T17:30:26","modified_gmt":"2024-06-03T15:30:26","slug":"tour-privado-de-nosy-be","status":"publish","type":"product","link":"https:\/\/tourtravelandmore.com\/es\/tours\/madagascar-sp-es\/nosy-be-es\/tour-privado-de-nosy-be\/","title":{"rendered":"Tour Privado de Nosy Be"},"content":{"rendered":"<h2>Descripci\u00f3n del Tour Privado de Nosy Be<\/h2>\n<p>Explore la isla de Nosy Be junto con nuestro gu\u00eda tur\u00edstico privado. Este tour privado de Nosy Be es perfecto para todos los principiantes o para cualquiera que quiera explorar la isla.<\/p>\n<p>Este tour privado se puede realizar en un veh\u00edculo 4&#215;4 o en un auto o minib\u00fas. \u00a1H\u00e1ganos saber sus preferencias!<\/p>\n<p>Nosy Be es la isla m\u00e1s grande y concurrida de Madagascar. Tambi\u00e9n es una isla tur\u00edstica muy importante. Nosy Be significa Isla Grande en malgache.<\/p>\n<p>Para este tour privado, organizaremos la recogida en su resort o lugar de elecci\u00f3n en la isla de Nosy Be. Estamos aqu\u00ed para que su experiencia sea \u00fanica. Esta ser\u00e1 una gran experiencia para explorar la isla. Se la conoce como la isla del Perfume de Este a Oeste. \u00a1Este tour privado de Nosy Be es una experiencia perfecta para ti!<\/p>\n<h2>Puntos de inter\u00e9s y monumentos en el Tour Privado de Nosy Be<\/h2>\n<p>Despu\u00e9s de una c\u00f3moda recogida, nos dirigiremos hacia el pueblo de Dzamandzar. Esta ser\u00e1 nuestra primera parada. Aqu\u00ed en el pueblo de Dzamandzar tendremos el primero de este tour privado de Nosy Be.<\/p>\n<p>Aqu\u00ed, disfruta de la f\u00e1brica de az\u00facar. Esta f\u00e1brica sigue siendo un hito a pesar de su cierre patronal y del escultor.<\/p>\n<p>Luego de visitar este, nos dirigiremos hacia la Cascada Sagrada Androadroatra. Una vez aqu\u00ed, comprenderemos mejor la cultura Sakalava.<\/p>\n<p>Este recorrido incluir\u00e1, por supuesto, un recorrido por Hell Ville. Al ser la capital de Nosy Be, es una parada obligada durante un recorrido circular por la isla. Su mercado cubierto con especias, cangrejos, frutas tropicales es imprescindible.<\/p>\n<p>Disfrute en Hell Ville de los edificios coloniales y del mercado de manteles. Tambi\u00e9n le daremos algo de tiempo libre en el muelle \/ puerto para comprar y pasear.<\/p>\n<p>Despu\u00e9s de visitar Hell Ville, nos dirigiremos hacia una parte m\u00e1s exploradora de la isla. Esto incluir\u00e1 el descubrimiento del \u00e1rbol sagrado (milenio de Banyan). Aqu\u00ed puede encontrar el Ylang Ylang. \u00a1Esto es muy famoso por sus numerosos beneficios incluso en los aceites esenciales!<\/p>\n<p>Luego organizaremos un almuerzo en un albergue ecotur\u00edstico. Este estar\u00e1 ubicado en el coraz\u00f3n de Nosy Be.<\/p>\n<p>Despu\u00e9s del almuerzo, habr\u00e1 tiempo para visitar el curso bot\u00e1nico, la cascada y la f\u00e1brica de Malagsy Ylang Ylang. Si lo prefiere, podemos relajarnos disfrutando de las vistas antes de continuar.<\/p>\n<p>Una vez que se haya relajado o visitado estos \u00faltimos lugares, terminaremos este tour de d\u00eda completo explorando Mountain Passot. Este es el punto m\u00e1s alto de Nosy Be. Si eres una persona activa, tambi\u00e9n podemos organizar una caminata r\u00e1pida o simplemente puedes relajarte viendo la puesta de sol sobre la isla.<\/p>\n<p>Este tour privado terminar\u00e1 en su hotel o lugar de elecci\u00f3n en Nosy Be. <a href=\"https:\/\/tourtravelandmore.com\/es\/tours\/\" target=\"_blank\" rel=\"noopener noreferrer\">\u00a1Vea todos nuestros otros tours privados en cualquier destino!<\/a><\/p>\n<p>&nbsp;<\/p>\n","protected":false},"excerpt":{"rendered":"<p>Explore uno de los lugares m\u00e1s bellos de Madagascar en este tour privado de Nosy Be. \u00a1Deje que nuestro conductor privado y gu\u00eda tur\u00edstico lo lleve a recorrer!<\/p>\n","protected":false},"featured_media":92729,"comment_status":"open","ping_status":"closed","template":"","meta":{"_acf_changed":false},"product_brand":[],"product_cat":[5407,3529,1602],"product_tag":[],"class_list":{"0":"post-92708","1":"product","2":"type-product","3":"status-publish","4":"has-post-thumbnail","6":"product_cat-nosy-be-es","7":"product_cat-madagascar-sp-es","8":"product_cat-eeuu-es","10":"first","11":"instock","12":"shipping-taxable","13":"purchasable","14":"product-type-simple"},"acf":[],"yoast_head":"<!-- This site is optimized with the Yoast SEO Premium plugin v25.3.1 (Yoast SEO v25.3.1) - https:\/\/yoast.com\/wordpress\/plugins\/seo\/ -->\n<title>\u00a1\u27a1\ufe0f Chofer-gu\u00eda privado de Nosy Be Tour para una excursi\u00f3n \u00fanica! | Tour Travel &amp; More<\/title>\n<meta name=\"description\" content=\"Explore uno de los lugares m\u00e1s bellos de Madagascar en este tour privado de Nosy Be. \u00a1Deje que nuestro conductor privado y gu\u00eda tur\u00edstico lo lleve a recorrer! \u2705\" \/>\n<meta name=\"robots\" content=\"index, follow, max-snippet:-1, max-image-preview:large, max-video-preview:-1\" \/>\n<link rel=\"canonical\" href=\"https:\/\/tourtravelandmore.com\/es\/tours\/madagascar-sp-es\/nosy-be-es\/tour-privado-de-nosy-be\/\" \/>\n<meta property=\"og:locale\" content=\"es_ES\" \/>\n<meta property=\"og:type\" content=\"article\" \/>\n<meta property=\"og:title\" content=\"Tour Privado de Nosy Be\" \/>\n<meta property=\"og:description\" content=\"Explore uno de los lugares m\u00e1s bellos de Madagascar en este tour privado de Nosy Be. \u00a1Deje que nuestro conductor privado y gu\u00eda tur\u00edstico lo lleve a recorrer! \u2705\" \/>\n<meta property=\"og:url\" content=\"https:\/\/tourtravelandmore.com\/es\/tours\/madagascar-sp-es\/nosy-be-es\/tour-privado-de-nosy-be\/\" \/>\n<meta property=\"og:site_name\" content=\"Tour Travel And More\" \/>\n<meta property=\"article:publisher\" content=\"https:\/\/www.facebook.com\/tourtravelandmore\/\" \/>\n<meta property=\"article:modified_time\" content=\"2024-06-03T15:30:26+00:00\" \/>\n<meta property=\"og:image\" content=\"https:\/\/tourtravelandmore.com\/wp-content\/uploads\/2021\/02\/Madagascar-3-scaled.jpg\" \/>\n\t<meta property=\"og:image:width\" content=\"2560\" \/>\n\t<meta property=\"og:image:height\" content=\"1708\" \/>\n\t<meta property=\"og:image:type\" content=\"image\/jpeg\" \/>\n<meta name=\"twitter:card\" content=\"summary_large_image\" \/>\n<meta name=\"twitter:site\" content=\"@TourTravel_More\" \/>\n<meta name=\"twitter:label1\" content=\"Tiempo de lectura\" \/>\n\t<meta name=\"twitter:data1\" content=\"3 minutos\" \/>\n<script type=\"application\/ld+json\" class=\"yoast-schema-graph\">{\"@context\":\"https:\/\/schema.org\",\"@graph\":[{\"@type\":\"WebPage\",\"@id\":\"https:\/\/tourtravelandmore.com\/es\/tours\/madagascar-sp-es\/nosy-be-es\/tour-privado-de-nosy-be\/\",\"url\":\"https:\/\/tourtravelandmore.com\/es\/tours\/madagascar-sp-es\/nosy-be-es\/tour-privado-de-nosy-be\/\",\"name\":\"\u00a1\u27a1\ufe0f Chofer-gu\u00eda privado de Nosy Be Tour para una excursi\u00f3n \u00fanica! | Tour Travel & More\",\"isPartOf\":{\"@id\":\"https:\/\/tourtravelandmore.com\/es\/#website\"},\"primaryImageOfPage\":{\"@id\":\"https:\/\/tourtravelandmore.com\/es\/tours\/madagascar-sp-es\/nosy-be-es\/tour-privado-de-nosy-be\/#primaryimage\"},\"image\":{\"@id\":\"https:\/\/tourtravelandmore.com\/es\/tours\/madagascar-sp-es\/nosy-be-es\/tour-privado-de-nosy-be\/#primaryimage\"},\"thumbnailUrl\":\"https:\/\/tourtravelandmore.com\/wp-content\/uploads\/2021\/02\/Madagascar-3-scaled.jpg\",\"datePublished\":\"2021-02-01T14:08:43+00:00\",\"dateModified\":\"2024-06-03T15:30:26+00:00\",\"description\":\"Explore uno de los lugares m\u00e1s bellos de Madagascar en este tour privado de Nosy Be. \u00a1Deje que nuestro conductor privado y gu\u00eda tur\u00edstico lo lleve a recorrer! \u2705\",\"breadcrumb\":{\"@id\":\"https:\/\/tourtravelandmore.com\/es\/tours\/madagascar-sp-es\/nosy-be-es\/tour-privado-de-nosy-be\/#breadcrumb\"},\"inLanguage\":\"es\",\"potentialAction\":[{\"@type\":\"ReadAction\",\"target\":[\"https:\/\/tourtravelandmore.com\/es\/tours\/madagascar-sp-es\/nosy-be-es\/tour-privado-de-nosy-be\/\"]}]},{\"@type\":\"ImageObject\",\"inLanguage\":\"es\",\"@id\":\"https:\/\/tourtravelandmore.com\/es\/tours\/madagascar-sp-es\/nosy-be-es\/tour-privado-de-nosy-be\/#primaryimage\",\"url\":\"https:\/\/tourtravelandmore.com\/wp-content\/uploads\/2021\/02\/Madagascar-3-scaled.jpg\",\"contentUrl\":\"https:\/\/tourtravelandmore.com\/wp-content\/uploads\/2021\/02\/Madagascar-3-scaled.jpg\",\"width\":2560,\"height\":1708},{\"@type\":\"BreadcrumbList\",\"@id\":\"https:\/\/tourtravelandmore.com\/es\/tours\/madagascar-sp-es\/nosy-be-es\/tour-privado-de-nosy-be\/#breadcrumb\",\"itemListElement\":[{\"@type\":\"ListItem\",\"position\":1,\"name\":\"Home\",\"item\":\"https:\/\/tourtravelandmore.com\/es\/\"},{\"@type\":\"ListItem\",\"position\":2,\"name\":\"Tours\",\"item\":\"https:\/\/tourtravelandmore.com\/es\/tours\/\"},{\"@type\":\"ListItem\",\"position\":3,\"name\":\"Tour Privado de Nosy Be\"}]},{\"@type\":\"WebSite\",\"@id\":\"https:\/\/tourtravelandmore.com\/es\/#website\",\"url\":\"https:\/\/tourtravelandmore.com\/es\/\",\"name\":\"Tour Travel And More\",\"description\":\"Private sightseeing tours and luxury transfers in Spain\",\"publisher\":{\"@id\":\"https:\/\/tourtravelandmore.com\/es\/#organization\"},\"potentialAction\":[{\"@type\":\"SearchAction\",\"target\":{\"@type\":\"EntryPoint\",\"urlTemplate\":\"https:\/\/tourtravelandmore.com\/es\/?s={search_term_string}\"},\"query-input\":{\"@type\":\"PropertyValueSpecification\",\"valueRequired\":true,\"valueName\":\"search_term_string\"}}],\"inLanguage\":\"es\"},{\"@type\":\"Organization\",\"@id\":\"https:\/\/tourtravelandmore.com\/es\/#organization\",\"name\":\"Tour Travel And More\",\"url\":\"https:\/\/tourtravelandmore.com\/es\/\",\"logo\":{\"@type\":\"ImageObject\",\"inLanguage\":\"es\",\"@id\":\"https:\/\/tourtravelandmore.com\/es\/#\/schema\/logo\/image\/\",\"url\":\"https:\/\/tourtravelandmore.com\/wp-content\/uploads\/2022\/12\/cropped-logo-cabecera-new.png\",\"contentUrl\":\"https:\/\/tourtravelandmore.com\/wp-content\/uploads\/2022\/12\/cropped-logo-cabecera-new.png\",\"width\":430,\"height\":61,\"caption\":\"Tour Travel And More\"},\"image\":{\"@id\":\"https:\/\/tourtravelandmore.com\/es\/#\/schema\/logo\/image\/\"},\"sameAs\":[\"https:\/\/www.facebook.com\/tourtravelandmore\/\",\"https:\/\/x.com\/TourTravel_More\"]}]}<\/script>\n<!-- \/ Yoast SEO Premium plugin. -->","yoast_head_json":{"title":"\u00a1\u27a1\ufe0f Chofer-gu\u00eda privado de Nosy Be Tour para una excursi\u00f3n \u00fanica! | Tour Travel & More","description":"Explore uno de los lugares m\u00e1s bellos de Madagascar en este tour privado de Nosy Be. \u00a1Deje que nuestro conductor privado y gu\u00eda tur\u00edstico lo lleve a recorrer! \u2705","robots":{"index":"index","follow":"follow","max-snippet":"max-snippet:-1","max-image-preview":"max-image-preview:large","max-video-preview":"max-video-preview:-1"},"canonical":"https:\/\/tourtravelandmore.com\/es\/tours\/madagascar-sp-es\/nosy-be-es\/tour-privado-de-nosy-be\/","og_locale":"es_ES","og_type":"article","og_title":"Tour Privado de Nosy Be","og_description":"Explore uno de los lugares m\u00e1s bellos de Madagascar en este tour privado de Nosy Be. \u00a1Deje que nuestro conductor privado y gu\u00eda tur\u00edstico lo lleve a recorrer! \u2705","og_url":"https:\/\/tourtravelandmore.com\/es\/tours\/madagascar-sp-es\/nosy-be-es\/tour-privado-de-nosy-be\/","og_site_name":"Tour Travel And More","article_publisher":"https:\/\/www.facebook.com\/tourtravelandmore\/","article_modified_time":"2024-06-03T15:30:26+00:00","og_image":[{"width":2560,"height":1708,"url":"https:\/\/tourtravelandmore.com\/wp-content\/uploads\/2021\/02\/Madagascar-3-scaled.jpg","type":"image\/jpeg"}],"twitter_card":"summary_large_image","twitter_site":"@TourTravel_More","twitter_misc":{"Tiempo de lectura":"3 minutos"},"schema":{"@context":"https:\/\/schema.org","@graph":[{"@type":"WebPage","@id":"https:\/\/tourtravelandmore.com\/es\/tours\/madagascar-sp-es\/nosy-be-es\/tour-privado-de-nosy-be\/","url":"https:\/\/tourtravelandmore.com\/es\/tours\/madagascar-sp-es\/nosy-be-es\/tour-privado-de-nosy-be\/","name":"\u00a1\u27a1\ufe0f Chofer-gu\u00eda privado de Nosy Be Tour para una excursi\u00f3n \u00fanica! | Tour Travel & More","isPartOf":{"@id":"https:\/\/tourtravelandmore.com\/es\/#website"},"primaryImageOfPage":{"@id":"https:\/\/tourtravelandmore.com\/es\/tours\/madagascar-sp-es\/nosy-be-es\/tour-privado-de-nosy-be\/#primaryimage"},"image":{"@id":"https:\/\/tourtravelandmore.com\/es\/tours\/madagascar-sp-es\/nosy-be-es\/tour-privado-de-nosy-be\/#primaryimage"},"thumbnailUrl":"https:\/\/tourtravelandmore.com\/wp-content\/uploads\/2021\/02\/Madagascar-3-scaled.jpg","datePublished":"2021-02-01T14:08:43+00:00","dateModified":"2024-06-03T15:30:26+00:00","description":"Explore uno de los lugares m\u00e1s bellos de Madagascar en este tour privado de Nosy Be. \u00a1Deje que nuestro conductor privado y gu\u00eda tur\u00edstico lo lleve a recorrer! \u2705","breadcrumb":{"@id":"https:\/\/tourtravelandmore.com\/es\/tours\/madagascar-sp-es\/nosy-be-es\/tour-privado-de-nosy-be\/#breadcrumb"},"inLanguage":"es","potentialAction":[{"@type":"ReadAction","target":["https:\/\/tourtravelandmore.com\/es\/tours\/madagascar-sp-es\/nosy-be-es\/tour-privado-de-nosy-be\/"]}]},{"@type":"ImageObject","inLanguage":"es","@id":"https:\/\/tourtravelandmore.com\/es\/tours\/madagascar-sp-es\/nosy-be-es\/tour-privado-de-nosy-be\/#primaryimage","url":"https:\/\/tourtravelandmore.com\/wp-content\/uploads\/2021\/02\/Madagascar-3-scaled.jpg","contentUrl":"https:\/\/tourtravelandmore.com\/wp-content\/uploads\/2021\/02\/Madagascar-3-scaled.jpg","width":2560,"height":1708},{"@type":"BreadcrumbList","@id":"https:\/\/tourtravelandmore.com\/es\/tours\/madagascar-sp-es\/nosy-be-es\/tour-privado-de-nosy-be\/#breadcrumb","itemListElement":[{"@type":"ListItem","position":1,"name":"Home","item":"https:\/\/tourtravelandmore.com\/es\/"},{"@type":"ListItem","position":2,"name":"Tours","item":"https:\/\/tourtravelandmore.com\/es\/tours\/"},{"@type":"ListItem","position":3,"name":"Tour Privado de Nosy Be"}]},{"@type":"WebSite","@id":"https:\/\/tourtravelandmore.com\/es\/#website","url":"https:\/\/tourtravelandmore.com\/es\/","name":"Tour Travel And More","description":"Private sightseeing tours and luxury transfers in Spain","publisher":{"@id":"https:\/\/tourtravelandmore.com\/es\/#organization"},"potentialAction":[{"@type":"SearchAction","target":{"@type":"EntryPoint","urlTemplate":"https:\/\/tourtravelandmore.com\/es\/?s={search_term_string}"},"query-input":{"@type":"PropertyValueSpecification","valueRequired":true,"valueName":"search_term_string"}}],"inLanguage":"es"},{"@type":"Organization","@id":"https:\/\/tourtravelandmore.com\/es\/#organization","name":"Tour Travel And More","url":"https:\/\/tourtravelandmore.com\/es\/","logo":{"@type":"ImageObject","inLanguage":"es","@id":"https:\/\/tourtravelandmore.com\/es\/#\/schema\/logo\/image\/","url":"https:\/\/tourtravelandmore.com\/wp-content\/uploads\/2022\/12\/cropped-logo-cabecera-new.png","contentUrl":"https:\/\/tourtravelandmore.com\/wp-content\/uploads\/2022\/12\/cropped-logo-cabecera-new.png","width":430,"height":61,"caption":"Tour Travel And More"},"image":{"@id":"https:\/\/tourtravelandmore.com\/es\/#\/schema\/logo\/image\/"},"sameAs":["https:\/\/www.facebook.com\/tourtravelandmore\/","https:\/\/x.com\/TourTravel_More"]}]}},"_links":{"self":[{"href":"https:\/\/tourtravelandmore.com\/es\/wp-json\/wp\/v2\/product\/92708","targetHints":{"allow":["GET"]}}],"collection":[{"href":"https:\/\/tourtravelandmore.com\/es\/wp-json\/wp\/v2\/product"}],"about":[{"href":"https:\/\/tourtravelandmore.com\/es\/wp-json\/wp\/v2\/types\/product"}],"replies":[{"embeddable":true,"href":"https:\/\/tourtravelandmore.com\/es\/wp-json\/wp\/v2\/comments?post=92708"}],"wp:featuredmedia":[{"embeddable":true,"href":"https:\/\/tourtravelandmore.com\/es\/wp-json\/wp\/v2\/media\/92729"}],"wp:attachment":[{"href":"https:\/\/tourtravelandmore.com\/es\/wp-json\/wp\/v2\/media?parent=92708"}],"wp:term":[{"taxonomy":"product_brand","embeddable":true,"href":"https:\/\/tourtravelandmore.com\/es\/wp-json\/wp\/v2\/product_brand?post=92708"},{"taxonomy":"product_cat","embeddable":true,"href":"https:\/\/tourtravelandmore.com\/es\/wp-json\/wp\/v2\/product_cat?post=92708"},{"taxonomy":"product_tag","embeddable":true,"href":"https:\/\/tourtravelandmore.com\/es\/wp-json\/wp\/v2\/product_tag?post=92708"}],"curies":[{"name":"wp","href":"https:\/\/api.w.org\/{rel}","templated":true}]}}