{"id":92616,"date":"2021-01-29T15:49:13","date_gmt":"2021-01-29T14:49:13","guid":{"rendered":"https:\/\/tourtravelandmore.com\/?post_type=product&#038;p=92616"},"modified":"2022-06-20T09:29:26","modified_gmt":"2022-06-20T07:29:26","slug":"tour-privado-a-pie-de-annecy","status":"publish","type":"product","link":"https:\/\/tourtravelandmore.com\/es\/tours\/francia\/annecy-es\/annecy-actividades-es\/tour-privado-a-pie-de-annecy\/","title":{"rendered":"Tour privado a pie de Annecy"},"content":{"rendered":"<h2>Descripci\u00f3n del Tour privado a pie de Annecy<\/h2>\n<p class=\"p1\"><span class=\"s1\">Disfruta de este tour privado a pie de Annecy junto a un gu\u00eda local expertos. Conozca los mejores sitios de este hermoso pueblo, ubicado sobre el maravilloso lago Annecy.<\/span><\/p>\n<p class=\"p1\"><span class=\"s1\">Podemos organizar un recorrido a pie por Annecy o incluso organizar el transporte desde cualquier ciudad circundante, incluida Ginebra. Podemos organizar el transporte privado para una experiencia \u00fanica.<\/span><\/p>\n<p class=\"p1\"><span class=\"s1\">Haga que nuestro gu\u00eda tur\u00edstico oficial privado lo gu\u00ede en esta experiencia \u00fanica. Organizaremos un punto de encuentro con su gu\u00eda privado para comenzar este recorrido privado a pie por Annecy.<\/span><\/p>\n<p class=\"p1\"><span class=\"s1\">\u00a1Entre otros, disfrute de las vistas del lago de Annecy, el casco antiguo y mucho m\u00e1s!<\/span><\/p>\n<h2>Puntos de inter\u00e9s en el Tour privado a pie de Annecy<\/h2>\n<p>Annecy es conocida como la joya del estado de Haute-Savoie. Est\u00e1 situada en la costa noroeste del Lago Annecy. Su magn\u00edfica ciudad antigua, que se extiende desde el <a href=\"https:\/\/en.lac-annecy.com\/\">Ch\u00e2teau d\u2019Annecy<\/a> hacia sus canales, alberga un muy especial toque antiguo.<\/p>\n<p class=\"p1\"><span class=\"s1\">Este es un recorrido a pie completamente privado. Comenzaremos su tour privado a pie de Annecy con su gu\u00eda oficial privado en un punto de encuentro ubicado en el centro. Si llega desde fuera de la ciudad con nosotros o tiene el suyo propio, organizaremos el mejor punto de encuentro posible para comenzar c\u00f3modamente este recorrido privado.<\/span><\/p>\n<p class=\"p1\"><span class=\"s1\">Entre otros, aqu\u00ed hay algunos sitios que disfrutar\u00e1:<\/span><\/p>\n<ul class=\"ul1\">\n<li class=\"li1\"><strong><span class=\"s1\">Lac d\u2019Annecy<\/span><\/strong><\/li>\n<li class=\"li1\"><strong><span class=\"s1\">Vieille Ville<\/span><\/strong><\/li>\n<li class=\"li1\"><strong><span class=\"s1\">Jardines de l&#8217;Europe<\/span><\/strong><\/li>\n<li class=\"li1\"><strong><span class=\"s1\">Pont des Amours<\/span><\/strong><\/li>\n<li class=\"li1\"><strong><span class=\"s1\">Palais de l\u2019\u00cele<\/span><\/strong><\/li>\n<li class=\"li1\"><strong><span class=\"s1\">Catedral y bas\u00edlica<\/span><\/strong><\/li>\n<li class=\"li1\"><strong><span class=\"s1\">Chateau d\u2019Annecy<\/span><\/strong><\/li>\n<li class=\"li1\"><strong><span class=\"s1\">\u00a1Mucho m\u00e1s!<\/span><\/strong><\/li>\n<\/ul>\n<p class=\"p1\"><span class=\"s1\">Obtenga la oportunidad de disfrutar de este recorrido privado a pie por Annecy.<\/span><\/p>\n","protected":false},"excerpt":{"rendered":"<p>Descubre el maravilloso pueblo de Annecy junto a un gu\u00eda local experto en un tour personalizado a pie de 2 horas. Ser\u00e1 una experiencia de lujo, privada e inolvidable.<\/p>\n<p><span style=\"font-weight: 400;\">\u00a0<\/span><\/p>\n<h4><\/h4>\n","protected":false},"featured_media":92640,"comment_status":"open","ping_status":"closed","template":"","meta":{"_acf_changed":false},"product_brand":[],"product_cat":[1592,3506,3507,3508],"product_tag":[],"class_list":{"0":"post-92616","1":"product","2":"type-product","3":"status-publish","4":"has-post-thumbnail","6":"product_cat-francia","7":"product_cat-annecy-es","8":"product_cat-annecy-actividades-es","9":"product_cat-annecy-a-pie-es","11":"first","12":"instock","13":"shipping-taxable","14":"purchasable","15":"product-type-simple"},"acf":[],"yoast_head":"<!-- This site is optimized with the Yoast SEO Premium plugin v25.3.1 (Yoast SEO v25.3.1) - https:\/\/yoast.com\/wordpress\/plugins\/seo\/ -->\n<title>Tour privado a pie de Annecy con gu\u00eda oficial privado | Tour Travel &amp; More<\/title>\n<meta name=\"description\" content=\"Disfruta de un tour privado a pie de Annecy a medida y descubre este maravilloso pueblo a orillas del Lago Annecy junto a un gu\u00eda local \u2705\" \/>\n<meta name=\"robots\" content=\"index, follow, max-snippet:-1, max-image-preview:large, max-video-preview:-1\" \/>\n<link rel=\"canonical\" href=\"https:\/\/tourtravelandmore.com\/es\/tours\/francia\/annecy-es\/annecy-actividades-es\/tour-privado-a-pie-de-annecy\/\" \/>\n<meta property=\"og:locale\" content=\"es_ES\" \/>\n<meta property=\"og:type\" content=\"article\" \/>\n<meta property=\"og:title\" content=\"Tour privado a pie de Annecy\" \/>\n<meta property=\"og:description\" content=\"Disfruta de un tour privado a pie de Annecy a medida y descubre este maravilloso pueblo a orillas del Lago Annecy junto a un gu\u00eda local \u2705\" \/>\n<meta property=\"og:url\" content=\"https:\/\/tourtravelandmore.com\/es\/tours\/francia\/annecy-es\/annecy-actividades-es\/tour-privado-a-pie-de-annecy\/\" \/>\n<meta property=\"og:site_name\" content=\"Tour Travel And More\" \/>\n<meta property=\"article:publisher\" content=\"https:\/\/www.facebook.com\/tourtravelandmore\/\" \/>\n<meta property=\"article:modified_time\" content=\"2022-06-20T07:29:26+00:00\" \/>\n<meta property=\"og:image\" content=\"https:\/\/tourtravelandmore.com\/wp-content\/uploads\/2021\/01\/annecy-canal.jpeg\" \/>\n\t<meta property=\"og:image:width\" content=\"1350\" \/>\n\t<meta property=\"og:image:height\" content=\"900\" \/>\n\t<meta property=\"og:image:type\" content=\"image\/jpeg\" \/>\n<meta name=\"twitter:card\" content=\"summary_large_image\" \/>\n<meta name=\"twitter:site\" content=\"@TourTravel_More\" \/>\n<meta name=\"twitter:label1\" content=\"Tiempo de lectura\" \/>\n\t<meta name=\"twitter:data1\" content=\"2 minutos\" \/>\n<script type=\"application\/ld+json\" class=\"yoast-schema-graph\">{\"@context\":\"https:\/\/schema.org\",\"@graph\":[{\"@type\":\"WebPage\",\"@id\":\"https:\/\/tourtravelandmore.com\/es\/tours\/francia\/annecy-es\/annecy-actividades-es\/tour-privado-a-pie-de-annecy\/\",\"url\":\"https:\/\/tourtravelandmore.com\/es\/tours\/francia\/annecy-es\/annecy-actividades-es\/tour-privado-a-pie-de-annecy\/\",\"name\":\"Tour privado a pie de Annecy con gu\u00eda oficial privado | Tour Travel & More\",\"isPartOf\":{\"@id\":\"https:\/\/tourtravelandmore.com\/es\/#website\"},\"primaryImageOfPage\":{\"@id\":\"https:\/\/tourtravelandmore.com\/es\/tours\/francia\/annecy-es\/annecy-actividades-es\/tour-privado-a-pie-de-annecy\/#primaryimage\"},\"image\":{\"@id\":\"https:\/\/tourtravelandmore.com\/es\/tours\/francia\/annecy-es\/annecy-actividades-es\/tour-privado-a-pie-de-annecy\/#primaryimage\"},\"thumbnailUrl\":\"https:\/\/tourtravelandmore.com\/wp-content\/uploads\/2021\/01\/annecy-canal.jpeg\",\"datePublished\":\"2021-01-29T14:49:13+00:00\",\"dateModified\":\"2022-06-20T07:29:26+00:00\",\"description\":\"Disfruta de un tour privado a pie de Annecy a medida y descubre este maravilloso pueblo a orillas del Lago Annecy junto a un gu\u00eda local \u2705\",\"breadcrumb\":{\"@id\":\"https:\/\/tourtravelandmore.com\/es\/tours\/francia\/annecy-es\/annecy-actividades-es\/tour-privado-a-pie-de-annecy\/#breadcrumb\"},\"inLanguage\":\"es\",\"potentialAction\":[{\"@type\":\"ReadAction\",\"target\":[\"https:\/\/tourtravelandmore.com\/es\/tours\/francia\/annecy-es\/annecy-actividades-es\/tour-privado-a-pie-de-annecy\/\"]}]},{\"@type\":\"ImageObject\",\"inLanguage\":\"es\",\"@id\":\"https:\/\/tourtravelandmore.com\/es\/tours\/francia\/annecy-es\/annecy-actividades-es\/tour-privado-a-pie-de-annecy\/#primaryimage\",\"url\":\"https:\/\/tourtravelandmore.com\/wp-content\/uploads\/2021\/01\/annecy-canal.jpeg\",\"contentUrl\":\"https:\/\/tourtravelandmore.com\/wp-content\/uploads\/2021\/01\/annecy-canal.jpeg\",\"width\":1350,\"height\":900,\"caption\":\"annecy canal 2\"},{\"@type\":\"BreadcrumbList\",\"@id\":\"https:\/\/tourtravelandmore.com\/es\/tours\/francia\/annecy-es\/annecy-actividades-es\/tour-privado-a-pie-de-annecy\/#breadcrumb\",\"itemListElement\":[{\"@type\":\"ListItem\",\"position\":1,\"name\":\"Home\",\"item\":\"https:\/\/tourtravelandmore.com\/es\/\"},{\"@type\":\"ListItem\",\"position\":2,\"name\":\"Tours\",\"item\":\"https:\/\/tourtravelandmore.com\/es\/tours\/\"},{\"@type\":\"ListItem\",\"position\":3,\"name\":\"Tour privado a pie de Annecy\"}]},{\"@type\":\"WebSite\",\"@id\":\"https:\/\/tourtravelandmore.com\/es\/#website\",\"url\":\"https:\/\/tourtravelandmore.com\/es\/\",\"name\":\"Tour Travel And More\",\"description\":\"Private sightseeing tours and luxury transfers in Spain\",\"publisher\":{\"@id\":\"https:\/\/tourtravelandmore.com\/es\/#organization\"},\"potentialAction\":[{\"@type\":\"SearchAction\",\"target\":{\"@type\":\"EntryPoint\",\"urlTemplate\":\"https:\/\/tourtravelandmore.com\/es\/?s={search_term_string}\"},\"query-input\":{\"@type\":\"PropertyValueSpecification\",\"valueRequired\":true,\"valueName\":\"search_term_string\"}}],\"inLanguage\":\"es\"},{\"@type\":\"Organization\",\"@id\":\"https:\/\/tourtravelandmore.com\/es\/#organization\",\"name\":\"Tour Travel And More\",\"url\":\"https:\/\/tourtravelandmore.com\/es\/\",\"logo\":{\"@type\":\"ImageObject\",\"inLanguage\":\"es\",\"@id\":\"https:\/\/tourtravelandmore.com\/es\/#\/schema\/logo\/image\/\",\"url\":\"https:\/\/tourtravelandmore.com\/wp-content\/uploads\/2022\/12\/cropped-logo-cabecera-new.png\",\"contentUrl\":\"https:\/\/tourtravelandmore.com\/wp-content\/uploads\/2022\/12\/cropped-logo-cabecera-new.png\",\"width\":430,\"height\":61,\"caption\":\"Tour Travel And More\"},\"image\":{\"@id\":\"https:\/\/tourtravelandmore.com\/es\/#\/schema\/logo\/image\/\"},\"sameAs\":[\"https:\/\/www.facebook.com\/tourtravelandmore\/\",\"https:\/\/x.com\/TourTravel_More\"]}]}<\/script>\n<!-- \/ Yoast SEO Premium plugin. -->","yoast_head_json":{"title":"Tour privado a pie de Annecy con gu\u00eda oficial privado | Tour Travel & More","description":"Disfruta de un tour privado a pie de Annecy a medida y descubre este maravilloso pueblo a orillas del Lago Annecy junto a un gu\u00eda local \u2705","robots":{"index":"index","follow":"follow","max-snippet":"max-snippet:-1","max-image-preview":"max-image-preview:large","max-video-preview":"max-video-preview:-1"},"canonical":"https:\/\/tourtravelandmore.com\/es\/tours\/francia\/annecy-es\/annecy-actividades-es\/tour-privado-a-pie-de-annecy\/","og_locale":"es_ES","og_type":"article","og_title":"Tour privado a pie de Annecy","og_description":"Disfruta de un tour privado a pie de Annecy a medida y descubre este maravilloso pueblo a orillas del Lago Annecy junto a un gu\u00eda local \u2705","og_url":"https:\/\/tourtravelandmore.com\/es\/tours\/francia\/annecy-es\/annecy-actividades-es\/tour-privado-a-pie-de-annecy\/","og_site_name":"Tour Travel And More","article_publisher":"https:\/\/www.facebook.com\/tourtravelandmore\/","article_modified_time":"2022-06-20T07:29:26+00:00","og_image":[{"width":1350,"height":900,"url":"https:\/\/tourtravelandmore.com\/wp-content\/uploads\/2021\/01\/annecy-canal.jpeg","type":"image\/jpeg"}],"twitter_card":"summary_large_image","twitter_site":"@TourTravel_More","twitter_misc":{"Tiempo de lectura":"2 minutos"},"schema":{"@context":"https:\/\/schema.org","@graph":[{"@type":"WebPage","@id":"https:\/\/tourtravelandmore.com\/es\/tours\/francia\/annecy-es\/annecy-actividades-es\/tour-privado-a-pie-de-annecy\/","url":"https:\/\/tourtravelandmore.com\/es\/tours\/francia\/annecy-es\/annecy-actividades-es\/tour-privado-a-pie-de-annecy\/","name":"Tour privado a pie de Annecy con gu\u00eda oficial privado | Tour Travel & More","isPartOf":{"@id":"https:\/\/tourtravelandmore.com\/es\/#website"},"primaryImageOfPage":{"@id":"https:\/\/tourtravelandmore.com\/es\/tours\/francia\/annecy-es\/annecy-actividades-es\/tour-privado-a-pie-de-annecy\/#primaryimage"},"image":{"@id":"https:\/\/tourtravelandmore.com\/es\/tours\/francia\/annecy-es\/annecy-actividades-es\/tour-privado-a-pie-de-annecy\/#primaryimage"},"thumbnailUrl":"https:\/\/tourtravelandmore.com\/wp-content\/uploads\/2021\/01\/annecy-canal.jpeg","datePublished":"2021-01-29T14:49:13+00:00","dateModified":"2022-06-20T07:29:26+00:00","description":"Disfruta de un tour privado a pie de Annecy a medida y descubre este maravilloso pueblo a orillas del Lago Annecy junto a un gu\u00eda local \u2705","breadcrumb":{"@id":"https:\/\/tourtravelandmore.com\/es\/tours\/francia\/annecy-es\/annecy-actividades-es\/tour-privado-a-pie-de-annecy\/#breadcrumb"},"inLanguage":"es","potentialAction":[{"@type":"ReadAction","target":["https:\/\/tourtravelandmore.com\/es\/tours\/francia\/annecy-es\/annecy-actividades-es\/tour-privado-a-pie-de-annecy\/"]}]},{"@type":"ImageObject","inLanguage":"es","@id":"https:\/\/tourtravelandmore.com\/es\/tours\/francia\/annecy-es\/annecy-actividades-es\/tour-privado-a-pie-de-annecy\/#primaryimage","url":"https:\/\/tourtravelandmore.com\/wp-content\/uploads\/2021\/01\/annecy-canal.jpeg","contentUrl":"https:\/\/tourtravelandmore.com\/wp-content\/uploads\/2021\/01\/annecy-canal.jpeg","width":1350,"height":900,"caption":"annecy canal 2"},{"@type":"BreadcrumbList","@id":"https:\/\/tourtravelandmore.com\/es\/tours\/francia\/annecy-es\/annecy-actividades-es\/tour-privado-a-pie-de-annecy\/#breadcrumb","itemListElement":[{"@type":"ListItem","position":1,"name":"Home","item":"https:\/\/tourtravelandmore.com\/es\/"},{"@type":"ListItem","position":2,"name":"Tours","item":"https:\/\/tourtravelandmore.com\/es\/tours\/"},{"@type":"ListItem","position":3,"name":"Tour privado a pie de Annecy"}]},{"@type":"WebSite","@id":"https:\/\/tourtravelandmore.com\/es\/#website","url":"https:\/\/tourtravelandmore.com\/es\/","name":"Tour Travel And More","description":"Private sightseeing tours and luxury transfers in Spain","publisher":{"@id":"https:\/\/tourtravelandmore.com\/es\/#organization"},"potentialAction":[{"@type":"SearchAction","target":{"@type":"EntryPoint","urlTemplate":"https:\/\/tourtravelandmore.com\/es\/?s={search_term_string}"},"query-input":{"@type":"PropertyValueSpecification","valueRequired":true,"valueName":"search_term_string"}}],"inLanguage":"es"},{"@type":"Organization","@id":"https:\/\/tourtravelandmore.com\/es\/#organization","name":"Tour Travel And More","url":"https:\/\/tourtravelandmore.com\/es\/","logo":{"@type":"ImageObject","inLanguage":"es","@id":"https:\/\/tourtravelandmore.com\/es\/#\/schema\/logo\/image\/","url":"https:\/\/tourtravelandmore.com\/wp-content\/uploads\/2022\/12\/cropped-logo-cabecera-new.png","contentUrl":"https:\/\/tourtravelandmore.com\/wp-content\/uploads\/2022\/12\/cropped-logo-cabecera-new.png","width":430,"height":61,"caption":"Tour Travel And More"},"image":{"@id":"https:\/\/tourtravelandmore.com\/es\/#\/schema\/logo\/image\/"},"sameAs":["https:\/\/www.facebook.com\/tourtravelandmore\/","https:\/\/x.com\/TourTravel_More"]}]}},"_links":{"self":[{"href":"https:\/\/tourtravelandmore.com\/es\/wp-json\/wp\/v2\/product\/92616","targetHints":{"allow":["GET"]}}],"collection":[{"href":"https:\/\/tourtravelandmore.com\/es\/wp-json\/wp\/v2\/product"}],"about":[{"href":"https:\/\/tourtravelandmore.com\/es\/wp-json\/wp\/v2\/types\/product"}],"replies":[{"embeddable":true,"href":"https:\/\/tourtravelandmore.com\/es\/wp-json\/wp\/v2\/comments?post=92616"}],"wp:featuredmedia":[{"embeddable":true,"href":"https:\/\/tourtravelandmore.com\/es\/wp-json\/wp\/v2\/media\/92640"}],"wp:attachment":[{"href":"https:\/\/tourtravelandmore.com\/es\/wp-json\/wp\/v2\/media?parent=92616"}],"wp:term":[{"taxonomy":"product_brand","embeddable":true,"href":"https:\/\/tourtravelandmore.com\/es\/wp-json\/wp\/v2\/product_brand?post=92616"},{"taxonomy":"product_cat","embeddable":true,"href":"https:\/\/tourtravelandmore.com\/es\/wp-json\/wp\/v2\/product_cat?post=92616"},{"taxonomy":"product_tag","embeddable":true,"href":"https:\/\/tourtravelandmore.com\/es\/wp-json\/wp\/v2\/product_tag?post=92616"}],"curies":[{"name":"wp","href":"https:\/\/api.w.org\/{rel}","templated":true}]}}