{"id":92587,"date":"2021-01-29T15:09:59","date_gmt":"2021-01-29T14:09:59","guid":{"rendered":"https:\/\/tourtravelandmore.com\/?post_type=product&#038;p=92587"},"modified":"2022-06-17T12:57:18","modified_gmt":"2022-06-17T10:57:18","slug":"tour-privado-de-ajaccio","status":"publish","type":"product","link":"https:\/\/tourtravelandmore.com\/es\/tours\/francia\/ajaccio-corsica-es\/ajaccio-actividades-es\/tour-privado-de-ajaccio\/","title":{"rendered":"Tour privado de Ajaccio en la isla de C\u00f3rcega"},"content":{"rendered":"<h2>Tour privado de Ajaccio en la isla de C\u00f3rcega<\/h2>\n<p class=\"p1\"><span class=\"s1\">El clima en una excursi\u00f3n en crucero por la costa o pasar unos d\u00edas de vacaciones encantadoras en nuestra isla. Aproveche nuestro tour privado de Ajaccio. Disfruta de sus hermosos acantilados, monta\u00f1as y gargantas. Es un lugar \u00fanico.<\/span><\/p>\n<p class=\"p1\"><span class=\"s1\">\u00a1Lo recogeremos en su hotel o puerto de cruceros y comenzaremos el recorrido privado!<\/span><\/p>\n<p class=\"p1\"><span class=\"s1\">Todos nuestros veh\u00edculos son veh\u00edculos de lujo y todos nuestros conductores tienen licencia. Lo mismo ocurre con los gu\u00edas tur\u00edsticos privados.<\/span><\/p>\n<p class=\"p1\"><span class=\"s1\">La isla de C\u00f3rcega est\u00e1 llena de antiguos asentamientos con impresionantes vistas e incluso fortalezas.<\/span><\/p>\n<p class=\"p1\"><span class=\"s1\">\u00a1Podemos modificar y organizar este recorrido privado seg\u00fan sus propias necesidades!<\/span><\/p>\n<h2>Puntos de inter\u00e9s en el Tour privado de Ajaccio en la isla de C\u00f3rcega<\/h2>\n<p class=\"p1\"><span class=\"s1\">El recorrido comenzar\u00e1 desde su hotel o sitio de elecci\u00f3n. Tambi\u00e9n podemos organizar una recogida en el puerto privado para una experiencia m\u00e1s c\u00f3moda.<\/span><\/p>\n<p class=\"p1\"><span class=\"s1\">Lo recogeremos en privado y comenzaremos su recorrido. \u00a1Hay tantas tradiciones y ciudades hist\u00f3ricas para conocer que C\u00f3rcega es una isla \u00fanica! \u00a1C\u00f3rcega se encuentra a 12 km de Cerde\u00f1a y en realidad est\u00e1 m\u00e1s cerca de Italia que Francia! La historia que involucra a C\u00f3rcega es enorme. La historia va de romanos, griegos, bizantinos, francos &#8230; \u00a1Y muchos m\u00e1s hasta que finalmente fue conquistada por Francia!<\/span><\/p>\n<p class=\"p1\"><span class=\"s1\">Disfrute de este tour privado de Ajaccio con un gu\u00eda tur\u00edstico oficial y tambi\u00e9n con un veh\u00edculo de lujo privado y un conductor separado.<\/span><\/p>\n<p class=\"p1\"><span class=\"s1\">Aqu\u00ed hay algunos lugares que puede disfrutar durante su recorrido privado:<\/span><\/p>\n<ul class=\"ul1\">\n<li class=\"li1\"><strong><span class=\"s1\">Calanques de Piana<\/span><\/strong><\/li>\n<li class=\"li1\"><strong><span class=\"s1\">Ciudadela de Calvi<\/span><\/strong><\/li>\n<li class=\"li1\"><strong><span class=\"s1\">Plage de Palombaggia, Oporto &#8211; Vecchio<\/span><\/strong><\/li>\n<li class=\"li1\"><strong><span class=\"s1\">Maison Bonaparte, Ajaccio<\/span><\/strong><\/li>\n<li class=\"li1\"><strong><span class=\"s1\">Ciudadela de Bonifacio<\/span><\/strong><\/li>\n<li class=\"li1\"><strong><span class=\"s1\">Aiguilles de Bavella, Zonza<\/span><\/strong><\/li>\n<li class=\"li1\"><strong><span class=\"s1\">Vista de la Plage de Saleccia, Santo Pietro di Tenda<\/span><\/strong><\/li>\n<li class=\"li1\"><strong><span class=\"s1\">Capilla de Notre Dame de la Serra<\/span><\/strong><\/li>\n<\/ul>\n<p class=\"p1\"><strong><span class=\"s1\">Le mostraremos los secretos de las gemas de Ajaccio y C\u00f3rcega. Lo dejaremos en su hotel, crucero o lugar de elecci\u00f3n.<\/span><\/strong><\/p>\n<p class=\"p1\"><span class=\"s1\">Podemos modificar el recorrido para satisfacer sus necesidades exactas.<\/span><\/p>\n","protected":false},"excerpt":{"rendered":"<p>Descubre la ciudad <strong>donde naci\u00f3 Napole\u00f3n Bonaparte<\/strong> en un tour a medida desde C\u00f3rsega. Esto y mucho m\u00e1s en este tour privado!<\/p>\n<p><span style=\"font-weight: 400;\">\u00a0<\/span><\/p>\n<h4><\/h4>\n","protected":false},"featured_media":92611,"comment_status":"open","ping_status":"closed","template":"","meta":{"_acf_changed":false},"product_brand":[],"product_cat":[1592,3500,3501,3502],"product_tag":[],"class_list":{"0":"post-92587","1":"product","2":"type-product","3":"status-publish","4":"has-post-thumbnail","6":"product_cat-francia","7":"product_cat-ajaccio-corsica-es","8":"product_cat-ajaccio-actividades-es","9":"product_cat-ajaccio-tours-privados-es","11":"first","12":"instock","13":"shipping-taxable","14":"purchasable","15":"product-type-simple"},"acf":[],"yoast_head":"<!-- This site is optimized with the Yoast SEO Premium plugin v25.3.1 (Yoast SEO v25.3.1) - https:\/\/yoast.com\/wordpress\/plugins\/seo\/ -->\n<title>Tour privado de Ajaccio con chofer\/gu\u00eda oficial | Tour Travel &amp; More<\/title>\n<meta name=\"description\" content=\"Disfruta una tour privado de Ajaccio a medida y descubre la ciudad donde naci\u00f3 Napole\u00f3n Bonaparte junto a un gu\u00eda local experto \u2705\" \/>\n<meta name=\"robots\" content=\"index, follow, max-snippet:-1, max-image-preview:large, max-video-preview:-1\" \/>\n<link rel=\"canonical\" href=\"https:\/\/tourtravelandmore.com\/es\/tours\/francia\/ajaccio-corsica-es\/ajaccio-actividades-es\/tour-privado-de-ajaccio\/\" \/>\n<meta property=\"og:locale\" content=\"es_ES\" \/>\n<meta property=\"og:type\" content=\"article\" \/>\n<meta property=\"og:title\" content=\"Tour privado de Ajaccio en la isla de C\u00f3rcega\" \/>\n<meta property=\"og:description\" content=\"Disfruta una tour privado de Ajaccio a medida y descubre la ciudad donde naci\u00f3 Napole\u00f3n Bonaparte junto a un gu\u00eda local experto \u2705\" \/>\n<meta property=\"og:url\" content=\"https:\/\/tourtravelandmore.com\/es\/tours\/francia\/ajaccio-corsica-es\/ajaccio-actividades-es\/tour-privado-de-ajaccio\/\" \/>\n<meta property=\"og:site_name\" content=\"Tour Travel And More\" \/>\n<meta property=\"article:publisher\" content=\"https:\/\/www.facebook.com\/tourtravelandmore\/\" \/>\n<meta property=\"article:modified_time\" content=\"2022-06-17T10:57:18+00:00\" \/>\n<meta property=\"og:image\" content=\"https:\/\/tourtravelandmore.com\/wp-content\/uploads\/2021\/01\/Ajaccio.jpeg\" \/>\n\t<meta property=\"og:image:width\" content=\"1350\" \/>\n\t<meta property=\"og:image:height\" content=\"900\" \/>\n\t<meta property=\"og:image:type\" content=\"image\/jpeg\" \/>\n<meta name=\"twitter:card\" content=\"summary_large_image\" \/>\n<meta name=\"twitter:site\" content=\"@TourTravel_More\" \/>\n<meta name=\"twitter:label1\" content=\"Tiempo de lectura\" \/>\n\t<meta name=\"twitter:data1\" content=\"2 minutos\" \/>\n<script type=\"application\/ld+json\" class=\"yoast-schema-graph\">{\"@context\":\"https:\/\/schema.org\",\"@graph\":[{\"@type\":\"WebPage\",\"@id\":\"https:\/\/tourtravelandmore.com\/es\/tours\/francia\/ajaccio-corsica-es\/ajaccio-actividades-es\/tour-privado-de-ajaccio\/\",\"url\":\"https:\/\/tourtravelandmore.com\/es\/tours\/francia\/ajaccio-corsica-es\/ajaccio-actividades-es\/tour-privado-de-ajaccio\/\",\"name\":\"Tour privado de Ajaccio con chofer\/gu\u00eda oficial | Tour Travel & More\",\"isPartOf\":{\"@id\":\"https:\/\/tourtravelandmore.com\/es\/#website\"},\"primaryImageOfPage\":{\"@id\":\"https:\/\/tourtravelandmore.com\/es\/tours\/francia\/ajaccio-corsica-es\/ajaccio-actividades-es\/tour-privado-de-ajaccio\/#primaryimage\"},\"image\":{\"@id\":\"https:\/\/tourtravelandmore.com\/es\/tours\/francia\/ajaccio-corsica-es\/ajaccio-actividades-es\/tour-privado-de-ajaccio\/#primaryimage\"},\"thumbnailUrl\":\"https:\/\/tourtravelandmore.com\/wp-content\/uploads\/2021\/01\/Ajaccio.jpeg\",\"datePublished\":\"2021-01-29T14:09:59+00:00\",\"dateModified\":\"2022-06-17T10:57:18+00:00\",\"description\":\"Disfruta una tour privado de Ajaccio a medida y descubre la ciudad donde naci\u00f3 Napole\u00f3n Bonaparte junto a un gu\u00eda local experto \u2705\",\"breadcrumb\":{\"@id\":\"https:\/\/tourtravelandmore.com\/es\/tours\/francia\/ajaccio-corsica-es\/ajaccio-actividades-es\/tour-privado-de-ajaccio\/#breadcrumb\"},\"inLanguage\":\"es\",\"potentialAction\":[{\"@type\":\"ReadAction\",\"target\":[\"https:\/\/tourtravelandmore.com\/es\/tours\/francia\/ajaccio-corsica-es\/ajaccio-actividades-es\/tour-privado-de-ajaccio\/\"]}]},{\"@type\":\"ImageObject\",\"inLanguage\":\"es\",\"@id\":\"https:\/\/tourtravelandmore.com\/es\/tours\/francia\/ajaccio-corsica-es\/ajaccio-actividades-es\/tour-privado-de-ajaccio\/#primaryimage\",\"url\":\"https:\/\/tourtravelandmore.com\/wp-content\/uploads\/2021\/01\/Ajaccio.jpeg\",\"contentUrl\":\"https:\/\/tourtravelandmore.com\/wp-content\/uploads\/2021\/01\/Ajaccio.jpeg\",\"width\":1350,\"height\":900,\"caption\":\"Ajaccio 4\"},{\"@type\":\"BreadcrumbList\",\"@id\":\"https:\/\/tourtravelandmore.com\/es\/tours\/francia\/ajaccio-corsica-es\/ajaccio-actividades-es\/tour-privado-de-ajaccio\/#breadcrumb\",\"itemListElement\":[{\"@type\":\"ListItem\",\"position\":1,\"name\":\"Home\",\"item\":\"https:\/\/tourtravelandmore.com\/es\/\"},{\"@type\":\"ListItem\",\"position\":2,\"name\":\"Tours\",\"item\":\"https:\/\/tourtravelandmore.com\/es\/tours\/\"},{\"@type\":\"ListItem\",\"position\":3,\"name\":\"Tour privado de Ajaccio en la isla de C\u00f3rcega\"}]},{\"@type\":\"WebSite\",\"@id\":\"https:\/\/tourtravelandmore.com\/es\/#website\",\"url\":\"https:\/\/tourtravelandmore.com\/es\/\",\"name\":\"Tour Travel And More\",\"description\":\"Private sightseeing tours and luxury transfers in Spain\",\"publisher\":{\"@id\":\"https:\/\/tourtravelandmore.com\/es\/#organization\"},\"potentialAction\":[{\"@type\":\"SearchAction\",\"target\":{\"@type\":\"EntryPoint\",\"urlTemplate\":\"https:\/\/tourtravelandmore.com\/es\/?s={search_term_string}\"},\"query-input\":{\"@type\":\"PropertyValueSpecification\",\"valueRequired\":true,\"valueName\":\"search_term_string\"}}],\"inLanguage\":\"es\"},{\"@type\":\"Organization\",\"@id\":\"https:\/\/tourtravelandmore.com\/es\/#organization\",\"name\":\"Tour Travel And More\",\"url\":\"https:\/\/tourtravelandmore.com\/es\/\",\"logo\":{\"@type\":\"ImageObject\",\"inLanguage\":\"es\",\"@id\":\"https:\/\/tourtravelandmore.com\/es\/#\/schema\/logo\/image\/\",\"url\":\"https:\/\/tourtravelandmore.com\/wp-content\/uploads\/2022\/12\/cropped-logo-cabecera-new.png\",\"contentUrl\":\"https:\/\/tourtravelandmore.com\/wp-content\/uploads\/2022\/12\/cropped-logo-cabecera-new.png\",\"width\":430,\"height\":61,\"caption\":\"Tour Travel And More\"},\"image\":{\"@id\":\"https:\/\/tourtravelandmore.com\/es\/#\/schema\/logo\/image\/\"},\"sameAs\":[\"https:\/\/www.facebook.com\/tourtravelandmore\/\",\"https:\/\/x.com\/TourTravel_More\"]}]}<\/script>\n<!-- \/ Yoast SEO Premium plugin. -->","yoast_head_json":{"title":"Tour privado de Ajaccio con chofer\/gu\u00eda oficial | Tour Travel & More","description":"Disfruta una tour privado de Ajaccio a medida y descubre la ciudad donde naci\u00f3 Napole\u00f3n Bonaparte junto a un gu\u00eda local experto \u2705","robots":{"index":"index","follow":"follow","max-snippet":"max-snippet:-1","max-image-preview":"max-image-preview:large","max-video-preview":"max-video-preview:-1"},"canonical":"https:\/\/tourtravelandmore.com\/es\/tours\/francia\/ajaccio-corsica-es\/ajaccio-actividades-es\/tour-privado-de-ajaccio\/","og_locale":"es_ES","og_type":"article","og_title":"Tour privado de Ajaccio en la isla de C\u00f3rcega","og_description":"Disfruta una tour privado de Ajaccio a medida y descubre la ciudad donde naci\u00f3 Napole\u00f3n Bonaparte junto a un gu\u00eda local experto \u2705","og_url":"https:\/\/tourtravelandmore.com\/es\/tours\/francia\/ajaccio-corsica-es\/ajaccio-actividades-es\/tour-privado-de-ajaccio\/","og_site_name":"Tour Travel And More","article_publisher":"https:\/\/www.facebook.com\/tourtravelandmore\/","article_modified_time":"2022-06-17T10:57:18+00:00","og_image":[{"width":1350,"height":900,"url":"https:\/\/tourtravelandmore.com\/wp-content\/uploads\/2021\/01\/Ajaccio.jpeg","type":"image\/jpeg"}],"twitter_card":"summary_large_image","twitter_site":"@TourTravel_More","twitter_misc":{"Tiempo de lectura":"2 minutos"},"schema":{"@context":"https:\/\/schema.org","@graph":[{"@type":"WebPage","@id":"https:\/\/tourtravelandmore.com\/es\/tours\/francia\/ajaccio-corsica-es\/ajaccio-actividades-es\/tour-privado-de-ajaccio\/","url":"https:\/\/tourtravelandmore.com\/es\/tours\/francia\/ajaccio-corsica-es\/ajaccio-actividades-es\/tour-privado-de-ajaccio\/","name":"Tour privado de Ajaccio con chofer\/gu\u00eda oficial | Tour Travel & More","isPartOf":{"@id":"https:\/\/tourtravelandmore.com\/es\/#website"},"primaryImageOfPage":{"@id":"https:\/\/tourtravelandmore.com\/es\/tours\/francia\/ajaccio-corsica-es\/ajaccio-actividades-es\/tour-privado-de-ajaccio\/#primaryimage"},"image":{"@id":"https:\/\/tourtravelandmore.com\/es\/tours\/francia\/ajaccio-corsica-es\/ajaccio-actividades-es\/tour-privado-de-ajaccio\/#primaryimage"},"thumbnailUrl":"https:\/\/tourtravelandmore.com\/wp-content\/uploads\/2021\/01\/Ajaccio.jpeg","datePublished":"2021-01-29T14:09:59+00:00","dateModified":"2022-06-17T10:57:18+00:00","description":"Disfruta una tour privado de Ajaccio a medida y descubre la ciudad donde naci\u00f3 Napole\u00f3n Bonaparte junto a un gu\u00eda local experto \u2705","breadcrumb":{"@id":"https:\/\/tourtravelandmore.com\/es\/tours\/francia\/ajaccio-corsica-es\/ajaccio-actividades-es\/tour-privado-de-ajaccio\/#breadcrumb"},"inLanguage":"es","potentialAction":[{"@type":"ReadAction","target":["https:\/\/tourtravelandmore.com\/es\/tours\/francia\/ajaccio-corsica-es\/ajaccio-actividades-es\/tour-privado-de-ajaccio\/"]}]},{"@type":"ImageObject","inLanguage":"es","@id":"https:\/\/tourtravelandmore.com\/es\/tours\/francia\/ajaccio-corsica-es\/ajaccio-actividades-es\/tour-privado-de-ajaccio\/#primaryimage","url":"https:\/\/tourtravelandmore.com\/wp-content\/uploads\/2021\/01\/Ajaccio.jpeg","contentUrl":"https:\/\/tourtravelandmore.com\/wp-content\/uploads\/2021\/01\/Ajaccio.jpeg","width":1350,"height":900,"caption":"Ajaccio 4"},{"@type":"BreadcrumbList","@id":"https:\/\/tourtravelandmore.com\/es\/tours\/francia\/ajaccio-corsica-es\/ajaccio-actividades-es\/tour-privado-de-ajaccio\/#breadcrumb","itemListElement":[{"@type":"ListItem","position":1,"name":"Home","item":"https:\/\/tourtravelandmore.com\/es\/"},{"@type":"ListItem","position":2,"name":"Tours","item":"https:\/\/tourtravelandmore.com\/es\/tours\/"},{"@type":"ListItem","position":3,"name":"Tour privado de Ajaccio en la isla de C\u00f3rcega"}]},{"@type":"WebSite","@id":"https:\/\/tourtravelandmore.com\/es\/#website","url":"https:\/\/tourtravelandmore.com\/es\/","name":"Tour Travel And More","description":"Private sightseeing tours and luxury transfers in Spain","publisher":{"@id":"https:\/\/tourtravelandmore.com\/es\/#organization"},"potentialAction":[{"@type":"SearchAction","target":{"@type":"EntryPoint","urlTemplate":"https:\/\/tourtravelandmore.com\/es\/?s={search_term_string}"},"query-input":{"@type":"PropertyValueSpecification","valueRequired":true,"valueName":"search_term_string"}}],"inLanguage":"es"},{"@type":"Organization","@id":"https:\/\/tourtravelandmore.com\/es\/#organization","name":"Tour Travel And More","url":"https:\/\/tourtravelandmore.com\/es\/","logo":{"@type":"ImageObject","inLanguage":"es","@id":"https:\/\/tourtravelandmore.com\/es\/#\/schema\/logo\/image\/","url":"https:\/\/tourtravelandmore.com\/wp-content\/uploads\/2022\/12\/cropped-logo-cabecera-new.png","contentUrl":"https:\/\/tourtravelandmore.com\/wp-content\/uploads\/2022\/12\/cropped-logo-cabecera-new.png","width":430,"height":61,"caption":"Tour Travel And More"},"image":{"@id":"https:\/\/tourtravelandmore.com\/es\/#\/schema\/logo\/image\/"},"sameAs":["https:\/\/www.facebook.com\/tourtravelandmore\/","https:\/\/x.com\/TourTravel_More"]}]}},"_links":{"self":[{"href":"https:\/\/tourtravelandmore.com\/es\/wp-json\/wp\/v2\/product\/92587","targetHints":{"allow":["GET"]}}],"collection":[{"href":"https:\/\/tourtravelandmore.com\/es\/wp-json\/wp\/v2\/product"}],"about":[{"href":"https:\/\/tourtravelandmore.com\/es\/wp-json\/wp\/v2\/types\/product"}],"replies":[{"embeddable":true,"href":"https:\/\/tourtravelandmore.com\/es\/wp-json\/wp\/v2\/comments?post=92587"}],"wp:featuredmedia":[{"embeddable":true,"href":"https:\/\/tourtravelandmore.com\/es\/wp-json\/wp\/v2\/media\/92611"}],"wp:attachment":[{"href":"https:\/\/tourtravelandmore.com\/es\/wp-json\/wp\/v2\/media?parent=92587"}],"wp:term":[{"taxonomy":"product_brand","embeddable":true,"href":"https:\/\/tourtravelandmore.com\/es\/wp-json\/wp\/v2\/product_brand?post=92587"},{"taxonomy":"product_cat","embeddable":true,"href":"https:\/\/tourtravelandmore.com\/es\/wp-json\/wp\/v2\/product_cat?post=92587"},{"taxonomy":"product_tag","embeddable":true,"href":"https:\/\/tourtravelandmore.com\/es\/wp-json\/wp\/v2\/product_tag?post=92587"}],"curies":[{"name":"wp","href":"https:\/\/api.w.org\/{rel}","templated":true}]}}