{"id":92497,"date":"2021-01-28T14:22:38","date_gmt":"2021-01-28T13:22:39","guid":{"rendered":"https:\/\/tourtravelandmore.com\/?post_type=product&#038;p=92497"},"modified":"2023-05-22T10:21:18","modified_gmt":"2023-05-22T08:21:18","slug":"tour-privado-a-medida-al-valle-del-yarra-desde-melbourne","status":"publish","type":"product","link":"https:\/\/tourtravelandmore.com\/es\/tours\/australia-es\/melbourne-es\/melbourne-actividades-es\/tour-privado-a-medida-al-valle-del-yarra-desde-melbourne\/","title":{"rendered":"Tour Privado a Valle del Yarra: Paseo en Globo y visita a vi\u00f1edos"},"content":{"rendered":"<h2><strong>Descripci\u00f3n del Tour Privado a Valle del Yarra: Paseo en Globo y visita a vi\u00f1edos<\/strong><\/h2>\n<p>Descubre el <strong>Valle del Yarra<\/strong> y explora una de las regiones de vi\u00f1edos m\u00e1s bonitas de <strong>Australia<\/strong>. Visita sus vi\u00f1edos y prueba la magn\u00edfica gastronom\u00eda local. Disfrutar\u00e1s de una experiencia inolvidable en un paseo en globo aerost\u00e1tico sobre el valle. Disfruta nuestro<strong> tour privado a medida al valle del Yarra desde Melbourne.<\/strong><\/p>\n<p>Para dar comienzo a su tour su chofer\/gu\u00eda le recoger\u00e1 en su sitio deseado en Melbourne. Para poder disfrutar del amanecer al momento de volar, la recogida deber\u00e1 ser temprano en la ma\u00f1ana. Una vez all\u00ed nuestro equipo tendr\u00e1 todo preparado para ense\u00f1arle las medidas de seguridad necesarias y poder emprender vuelo!<\/p>\n<p>Durante su tour podr\u00e1 disfrutar el maravilloso paisaje de la regi\u00f3n y visitar algunos de los vi\u00f1edos m\u00e1s bonitos del valle. Si desea visitar alg\u00fan vi\u00f1edo a sitio puntual en el valle, no dude en hacernoslo saber. Recuerde que nuestras propuestas son absolutamente adaptables al inter\u00e9s de nuestros clientes.<\/p>\n<h2><strong>Puntos de inter\u00e9s en el Tour Privado a Valle del Yarra: Paseo en Globo y visita a vi\u00f1edos<\/strong><\/h2>\n<p><strong>El <a href=\"https:\/\/visityarravalley.com.au\/about-the-region\">Valle del Yarra<\/a> es reconocido como una de las mejores regiones de producci\u00f3n de vino en el mundo<\/strong>. El Valle alberga m\u00e1s de 80 bodegas, maravillosos restaurantes ofreciendo alimentos de producci\u00f3n regional, hoteles de alto nivel y una magn\u00edfica oferta art\u00edstica.<\/p>\n<p>Luego de que su chofer\/gu\u00eda os recoja iniciar\u00e1n su viaje hacia el <strong>Valle<\/strong>. Una vez all\u00ed abordar\u00e1n su <strong>globo aerost\u00e1tico<\/strong> para disfrutar un vuelo inolvidable en lo alto del valle. Al finalizar su vuelo celebraremos el mismo con un brindis en un vi\u00f1edo local, champagne y desayuno incluidos.<\/p>\n<p>A continuaci\u00f3n visitar\u00e1s algunos de los mejores vi\u00f1edos de la regi\u00f3n. Podr\u00e1s probar los mejores vinos que se producen en el Yarra, y aprender su proceso de producci\u00f3n. Nuestras excursiones incluyen entre 2 o 3 visitas, dependiendo el inter\u00e9s de nuestros clientes. Podemos a su vez incluir almuerzo en alguno de los sendos restaurantes de la regi\u00f3n, donde podr\u00e1 comer con una maravillosa vista panor\u00e1mica.<\/p>\n<p>Su chofer\/gu\u00eda local estar\u00e1 a su entera disposici\u00f3n durante todo el tour. En caso que est\u00e9 interesado en otras excursiones desde Melbourne, por favor no deje de contactarnos. Ofrecemos diversos tours en y desde la ciudad capital de Victoria, podr\u00e1 ver nuestra ofertas en nuestro <a href=\"https:\/\/tourtravelandmore.com\/es\/ciudad\/australia-es\/melbourne-es\/\">sitio web<\/a>.<\/p>\n","protected":false},"excerpt":{"rendered":"<p>Descubra y explore el Valle del Yarra desde lo alto, en globo aerost\u00e1tico, y desde lo bajo, visitando sus mejores vi\u00f1edos.<\/p>\n","protected":false},"featured_media":92521,"comment_status":"open","ping_status":"closed","template":"","meta":{"_acf_changed":false},"product_brand":[],"product_cat":[3421,3460,3494,3495],"product_tag":[],"class_list":{"0":"post-92497","1":"product","2":"type-product","3":"status-publish","4":"has-post-thumbnail","6":"product_cat-australia-es","7":"product_cat-melbourne-es","8":"product_cat-melbourne-actividades-es","9":"product_cat-melbourne-tours-privados-es","11":"first","12":"instock","13":"shipping-taxable","14":"purchasable","15":"product-type-simple"},"acf":[],"yoast_head":"<!-- This site is optimized with the Yoast SEO Premium plugin v25.3.1 (Yoast SEO v25.3.1) - https:\/\/yoast.com\/wordpress\/plugins\/seo\/ -->\n<title>\u27a1\ufe0f Tour privado a medida al valle del Yarra desde Melbourne con gu\u00eda local | Tour Travel &amp; More<\/title>\n<meta name=\"description\" content=\"Visite una de las regiones de producci\u00f3n de vino m\u00e1s bonitas del mundo con nuestro tour privado a medida al valle del Yarra desde Melbourne \u2705\" \/>\n<meta name=\"robots\" content=\"index, follow, max-snippet:-1, max-image-preview:large, max-video-preview:-1\" \/>\n<link rel=\"canonical\" href=\"https:\/\/tourtravelandmore.com\/es\/tours\/australia-es\/melbourne-es\/melbourne-actividades-es\/tour-privado-a-medida-al-valle-del-yarra-desde-melbourne\/\" \/>\n<meta property=\"og:locale\" content=\"es_ES\" \/>\n<meta property=\"og:type\" content=\"article\" \/>\n<meta property=\"og:title\" content=\"Tour Privado a Valle del Yarra: Paseo en Globo y visita a vi\u00f1edos\" \/>\n<meta property=\"og:description\" content=\"Visite una de las regiones de producci\u00f3n de vino m\u00e1s bonitas del mundo con nuestro tour privado a medida al valle del Yarra desde Melbourne \u2705\" \/>\n<meta property=\"og:url\" content=\"https:\/\/tourtravelandmore.com\/es\/tours\/australia-es\/melbourne-es\/melbourne-actividades-es\/tour-privado-a-medida-al-valle-del-yarra-desde-melbourne\/\" \/>\n<meta property=\"og:site_name\" content=\"Tour Travel And More\" \/>\n<meta property=\"article:publisher\" content=\"https:\/\/www.facebook.com\/tourtravelandmore\/\" \/>\n<meta property=\"article:modified_time\" content=\"2023-05-22T08:21:18+00:00\" \/>\n<meta property=\"og:image\" content=\"https:\/\/tourtravelandmore.com\/wp-content\/uploads\/2021\/01\/yarra-balloon.jpeg\" \/>\n\t<meta property=\"og:image:width\" content=\"1150\" \/>\n\t<meta property=\"og:image:height\" content=\"863\" \/>\n\t<meta property=\"og:image:type\" content=\"image\/jpeg\" \/>\n<meta name=\"twitter:card\" content=\"summary_large_image\" \/>\n<meta name=\"twitter:site\" content=\"@TourTravel_More\" \/>\n<meta name=\"twitter:label1\" content=\"Tiempo de lectura\" \/>\n\t<meta name=\"twitter:data1\" content=\"2 minutos\" \/>\n<script type=\"application\/ld+json\" class=\"yoast-schema-graph\">{\"@context\":\"https:\/\/schema.org\",\"@graph\":[{\"@type\":\"WebPage\",\"@id\":\"https:\/\/tourtravelandmore.com\/es\/tours\/australia-es\/melbourne-es\/melbourne-actividades-es\/tour-privado-a-medida-al-valle-del-yarra-desde-melbourne\/\",\"url\":\"https:\/\/tourtravelandmore.com\/es\/tours\/australia-es\/melbourne-es\/melbourne-actividades-es\/tour-privado-a-medida-al-valle-del-yarra-desde-melbourne\/\",\"name\":\"\u27a1\ufe0f Tour privado a medida al valle del Yarra desde Melbourne con gu\u00eda local | Tour Travel & More\",\"isPartOf\":{\"@id\":\"https:\/\/tourtravelandmore.com\/es\/#website\"},\"primaryImageOfPage\":{\"@id\":\"https:\/\/tourtravelandmore.com\/es\/tours\/australia-es\/melbourne-es\/melbourne-actividades-es\/tour-privado-a-medida-al-valle-del-yarra-desde-melbourne\/#primaryimage\"},\"image\":{\"@id\":\"https:\/\/tourtravelandmore.com\/es\/tours\/australia-es\/melbourne-es\/melbourne-actividades-es\/tour-privado-a-medida-al-valle-del-yarra-desde-melbourne\/#primaryimage\"},\"thumbnailUrl\":\"https:\/\/tourtravelandmore.com\/wp-content\/uploads\/2021\/01\/yarra-balloon.jpeg\",\"datePublished\":\"2021-01-28T13:22:39+00:00\",\"dateModified\":\"2023-05-22T08:21:18+00:00\",\"description\":\"Visite una de las regiones de producci\u00f3n de vino m\u00e1s bonitas del mundo con nuestro tour privado a medida al valle del Yarra desde Melbourne \u2705\",\"breadcrumb\":{\"@id\":\"https:\/\/tourtravelandmore.com\/es\/tours\/australia-es\/melbourne-es\/melbourne-actividades-es\/tour-privado-a-medida-al-valle-del-yarra-desde-melbourne\/#breadcrumb\"},\"inLanguage\":\"es\",\"potentialAction\":[{\"@type\":\"ReadAction\",\"target\":[\"https:\/\/tourtravelandmore.com\/es\/tours\/australia-es\/melbourne-es\/melbourne-actividades-es\/tour-privado-a-medida-al-valle-del-yarra-desde-melbourne\/\"]}]},{\"@type\":\"ImageObject\",\"inLanguage\":\"es\",\"@id\":\"https:\/\/tourtravelandmore.com\/es\/tours\/australia-es\/melbourne-es\/melbourne-actividades-es\/tour-privado-a-medida-al-valle-del-yarra-desde-melbourne\/#primaryimage\",\"url\":\"https:\/\/tourtravelandmore.com\/wp-content\/uploads\/2021\/01\/yarra-balloon.jpeg\",\"contentUrl\":\"https:\/\/tourtravelandmore.com\/wp-content\/uploads\/2021\/01\/yarra-balloon.jpeg\",\"width\":1150,\"height\":863,\"caption\":\"Yarra valley balloon\"},{\"@type\":\"BreadcrumbList\",\"@id\":\"https:\/\/tourtravelandmore.com\/es\/tours\/australia-es\/melbourne-es\/melbourne-actividades-es\/tour-privado-a-medida-al-valle-del-yarra-desde-melbourne\/#breadcrumb\",\"itemListElement\":[{\"@type\":\"ListItem\",\"position\":1,\"name\":\"Home\",\"item\":\"https:\/\/tourtravelandmore.com\/es\/\"},{\"@type\":\"ListItem\",\"position\":2,\"name\":\"Tours\",\"item\":\"https:\/\/tourtravelandmore.com\/es\/tours\/\"},{\"@type\":\"ListItem\",\"position\":3,\"name\":\"Tour Privado a Valle del Yarra: Paseo en Globo y visita a vi\u00f1edos\"}]},{\"@type\":\"WebSite\",\"@id\":\"https:\/\/tourtravelandmore.com\/es\/#website\",\"url\":\"https:\/\/tourtravelandmore.com\/es\/\",\"name\":\"Tour Travel And More\",\"description\":\"Private sightseeing tours and luxury transfers in Spain\",\"publisher\":{\"@id\":\"https:\/\/tourtravelandmore.com\/es\/#organization\"},\"potentialAction\":[{\"@type\":\"SearchAction\",\"target\":{\"@type\":\"EntryPoint\",\"urlTemplate\":\"https:\/\/tourtravelandmore.com\/es\/?s={search_term_string}\"},\"query-input\":{\"@type\":\"PropertyValueSpecification\",\"valueRequired\":true,\"valueName\":\"search_term_string\"}}],\"inLanguage\":\"es\"},{\"@type\":\"Organization\",\"@id\":\"https:\/\/tourtravelandmore.com\/es\/#organization\",\"name\":\"Tour Travel And More\",\"url\":\"https:\/\/tourtravelandmore.com\/es\/\",\"logo\":{\"@type\":\"ImageObject\",\"inLanguage\":\"es\",\"@id\":\"https:\/\/tourtravelandmore.com\/es\/#\/schema\/logo\/image\/\",\"url\":\"https:\/\/tourtravelandmore.com\/wp-content\/uploads\/2022\/12\/cropped-logo-cabecera-new.png\",\"contentUrl\":\"https:\/\/tourtravelandmore.com\/wp-content\/uploads\/2022\/12\/cropped-logo-cabecera-new.png\",\"width\":430,\"height\":61,\"caption\":\"Tour Travel And More\"},\"image\":{\"@id\":\"https:\/\/tourtravelandmore.com\/es\/#\/schema\/logo\/image\/\"},\"sameAs\":[\"https:\/\/www.facebook.com\/tourtravelandmore\/\",\"https:\/\/x.com\/TourTravel_More\"]}]}<\/script>\n<!-- \/ Yoast SEO Premium plugin. -->","yoast_head_json":{"title":"\u27a1\ufe0f Tour privado a medida al valle del Yarra desde Melbourne con gu\u00eda local | Tour Travel & More","description":"Visite una de las regiones de producci\u00f3n de vino m\u00e1s bonitas del mundo con nuestro tour privado a medida al valle del Yarra desde Melbourne \u2705","robots":{"index":"index","follow":"follow","max-snippet":"max-snippet:-1","max-image-preview":"max-image-preview:large","max-video-preview":"max-video-preview:-1"},"canonical":"https:\/\/tourtravelandmore.com\/es\/tours\/australia-es\/melbourne-es\/melbourne-actividades-es\/tour-privado-a-medida-al-valle-del-yarra-desde-melbourne\/","og_locale":"es_ES","og_type":"article","og_title":"Tour Privado a Valle del Yarra: Paseo en Globo y visita a vi\u00f1edos","og_description":"Visite una de las regiones de producci\u00f3n de vino m\u00e1s bonitas del mundo con nuestro tour privado a medida al valle del Yarra desde Melbourne \u2705","og_url":"https:\/\/tourtravelandmore.com\/es\/tours\/australia-es\/melbourne-es\/melbourne-actividades-es\/tour-privado-a-medida-al-valle-del-yarra-desde-melbourne\/","og_site_name":"Tour Travel And More","article_publisher":"https:\/\/www.facebook.com\/tourtravelandmore\/","article_modified_time":"2023-05-22T08:21:18+00:00","og_image":[{"width":1150,"height":863,"url":"https:\/\/tourtravelandmore.com\/wp-content\/uploads\/2021\/01\/yarra-balloon.jpeg","type":"image\/jpeg"}],"twitter_card":"summary_large_image","twitter_site":"@TourTravel_More","twitter_misc":{"Tiempo de lectura":"2 minutos"},"schema":{"@context":"https:\/\/schema.org","@graph":[{"@type":"WebPage","@id":"https:\/\/tourtravelandmore.com\/es\/tours\/australia-es\/melbourne-es\/melbourne-actividades-es\/tour-privado-a-medida-al-valle-del-yarra-desde-melbourne\/","url":"https:\/\/tourtravelandmore.com\/es\/tours\/australia-es\/melbourne-es\/melbourne-actividades-es\/tour-privado-a-medida-al-valle-del-yarra-desde-melbourne\/","name":"\u27a1\ufe0f Tour privado a medida al valle del Yarra desde Melbourne con gu\u00eda local | Tour Travel & More","isPartOf":{"@id":"https:\/\/tourtravelandmore.com\/es\/#website"},"primaryImageOfPage":{"@id":"https:\/\/tourtravelandmore.com\/es\/tours\/australia-es\/melbourne-es\/melbourne-actividades-es\/tour-privado-a-medida-al-valle-del-yarra-desde-melbourne\/#primaryimage"},"image":{"@id":"https:\/\/tourtravelandmore.com\/es\/tours\/australia-es\/melbourne-es\/melbourne-actividades-es\/tour-privado-a-medida-al-valle-del-yarra-desde-melbourne\/#primaryimage"},"thumbnailUrl":"https:\/\/tourtravelandmore.com\/wp-content\/uploads\/2021\/01\/yarra-balloon.jpeg","datePublished":"2021-01-28T13:22:39+00:00","dateModified":"2023-05-22T08:21:18+00:00","description":"Visite una de las regiones de producci\u00f3n de vino m\u00e1s bonitas del mundo con nuestro tour privado a medida al valle del Yarra desde Melbourne \u2705","breadcrumb":{"@id":"https:\/\/tourtravelandmore.com\/es\/tours\/australia-es\/melbourne-es\/melbourne-actividades-es\/tour-privado-a-medida-al-valle-del-yarra-desde-melbourne\/#breadcrumb"},"inLanguage":"es","potentialAction":[{"@type":"ReadAction","target":["https:\/\/tourtravelandmore.com\/es\/tours\/australia-es\/melbourne-es\/melbourne-actividades-es\/tour-privado-a-medida-al-valle-del-yarra-desde-melbourne\/"]}]},{"@type":"ImageObject","inLanguage":"es","@id":"https:\/\/tourtravelandmore.com\/es\/tours\/australia-es\/melbourne-es\/melbourne-actividades-es\/tour-privado-a-medida-al-valle-del-yarra-desde-melbourne\/#primaryimage","url":"https:\/\/tourtravelandmore.com\/wp-content\/uploads\/2021\/01\/yarra-balloon.jpeg","contentUrl":"https:\/\/tourtravelandmore.com\/wp-content\/uploads\/2021\/01\/yarra-balloon.jpeg","width":1150,"height":863,"caption":"Yarra valley balloon"},{"@type":"BreadcrumbList","@id":"https:\/\/tourtravelandmore.com\/es\/tours\/australia-es\/melbourne-es\/melbourne-actividades-es\/tour-privado-a-medida-al-valle-del-yarra-desde-melbourne\/#breadcrumb","itemListElement":[{"@type":"ListItem","position":1,"name":"Home","item":"https:\/\/tourtravelandmore.com\/es\/"},{"@type":"ListItem","position":2,"name":"Tours","item":"https:\/\/tourtravelandmore.com\/es\/tours\/"},{"@type":"ListItem","position":3,"name":"Tour Privado a Valle del Yarra: Paseo en Globo y visita a vi\u00f1edos"}]},{"@type":"WebSite","@id":"https:\/\/tourtravelandmore.com\/es\/#website","url":"https:\/\/tourtravelandmore.com\/es\/","name":"Tour Travel And More","description":"Private sightseeing tours and luxury transfers in Spain","publisher":{"@id":"https:\/\/tourtravelandmore.com\/es\/#organization"},"potentialAction":[{"@type":"SearchAction","target":{"@type":"EntryPoint","urlTemplate":"https:\/\/tourtravelandmore.com\/es\/?s={search_term_string}"},"query-input":{"@type":"PropertyValueSpecification","valueRequired":true,"valueName":"search_term_string"}}],"inLanguage":"es"},{"@type":"Organization","@id":"https:\/\/tourtravelandmore.com\/es\/#organization","name":"Tour Travel And More","url":"https:\/\/tourtravelandmore.com\/es\/","logo":{"@type":"ImageObject","inLanguage":"es","@id":"https:\/\/tourtravelandmore.com\/es\/#\/schema\/logo\/image\/","url":"https:\/\/tourtravelandmore.com\/wp-content\/uploads\/2022\/12\/cropped-logo-cabecera-new.png","contentUrl":"https:\/\/tourtravelandmore.com\/wp-content\/uploads\/2022\/12\/cropped-logo-cabecera-new.png","width":430,"height":61,"caption":"Tour Travel And More"},"image":{"@id":"https:\/\/tourtravelandmore.com\/es\/#\/schema\/logo\/image\/"},"sameAs":["https:\/\/www.facebook.com\/tourtravelandmore\/","https:\/\/x.com\/TourTravel_More"]}]}},"_links":{"self":[{"href":"https:\/\/tourtravelandmore.com\/es\/wp-json\/wp\/v2\/product\/92497","targetHints":{"allow":["GET"]}}],"collection":[{"href":"https:\/\/tourtravelandmore.com\/es\/wp-json\/wp\/v2\/product"}],"about":[{"href":"https:\/\/tourtravelandmore.com\/es\/wp-json\/wp\/v2\/types\/product"}],"replies":[{"embeddable":true,"href":"https:\/\/tourtravelandmore.com\/es\/wp-json\/wp\/v2\/comments?post=92497"}],"wp:featuredmedia":[{"embeddable":true,"href":"https:\/\/tourtravelandmore.com\/es\/wp-json\/wp\/v2\/media\/92521"}],"wp:attachment":[{"href":"https:\/\/tourtravelandmore.com\/es\/wp-json\/wp\/v2\/media?parent=92497"}],"wp:term":[{"taxonomy":"product_brand","embeddable":true,"href":"https:\/\/tourtravelandmore.com\/es\/wp-json\/wp\/v2\/product_brand?post=92497"},{"taxonomy":"product_cat","embeddable":true,"href":"https:\/\/tourtravelandmore.com\/es\/wp-json\/wp\/v2\/product_cat?post=92497"},{"taxonomy":"product_tag","embeddable":true,"href":"https:\/\/tourtravelandmore.com\/es\/wp-json\/wp\/v2\/product_tag?post=92497"}],"curies":[{"name":"wp","href":"https:\/\/api.w.org\/{rel}","templated":true}]}}