{"id":92414,"date":"2021-01-28T10:28:59","date_gmt":"2021-01-28T09:29:00","guid":{"rendered":"https:\/\/tourtravelandmore.com\/?post_type=product&#038;p=92414"},"modified":"2023-05-22T10:19:52","modified_gmt":"2023-05-22T08:19:52","slug":"tour-privado-a-phillip-island-desde-melbourne","status":"publish","type":"product","link":"https:\/\/tourtravelandmore.com\/es\/tours\/australia-es\/melbourne-es\/melbourne-actividades-es\/tour-privado-a-phillip-island-desde-melbourne\/","title":{"rendered":"Tour Privado a Philip island desde Melbourne"},"content":{"rendered":"<h2><strong>Descripci\u00f3n del Tour Privado a Philip island desde Melbourne<\/strong><\/h2>\n<p>Disfruta una de las experiencias m\u00e1s espectaculares de <strong>Australia<\/strong> en una experiencia personalizada a medida. Con nuestro <strong>tour privado a Phillip island desde Melbourne<\/strong> podr\u00e1s disfrutar de la maravillosa belleza natural de la isla, incluyendo el inolvidable desfile de <strong>ping\u00fcinos<\/strong> al atardecer.<\/p>\n<p>Para dar comienzo a su tour, su chofer\/gu\u00eda le recoger\u00e1 en su sitio deseado en la ciudad. Le podremos recoger en su hotel, apartamento o sitio deseado en la ciudad. A continuaci\u00f3n iniciaremos el viaje hacia Philip Island. Una vez all\u00ed descubrir\u00e1 la fauna de Australia, sumida en un espectacular paisaje.<\/p>\n<p>Dependiendo la \u00e9poca del a\u00f1o, el tour podr\u00e1 comenzar a una hora diversa. Ya que el desfile de ping\u00fcinos sucede al atardecer.<\/p>\n<h2><strong>Puntos de inter\u00e9s en el Tour Privado a Philip island desde Melbourne<\/strong><\/h2>\n<p>Phillip Island alberga la gran mayor\u00eda de la fauna que existe en Australia, entre ellos los peque\u00f1os ping\u00fcinos, las focas y koalas. <strong>El <a href=\"https:\/\/www.penguins.org.au\/attractions\/penguin-parade\/\" target=\"_blank\" rel=\"noopener noreferrer\" data-ceddl-trigger=\"click\" data-ceddl-event-info=\"{&quot;eventName&quot;:&quot;linkClick&quot;,&quot;pageTitle&quot;:&quot;Guide\u00a0to\u00a0Phillip\u00a0Island\u00a0-\u00a0Tourism\u00a0Australia&quot;,&quot;name&quot;:&quot;&quot;,&quot;linkURL&quot;:&quot;https:\/\/www.penguins.org.au\/attractions\/penguin-parade\/&quot;}\">Penguin Parade<\/a>,\u00a0<a href=\"https:\/\/www.penguins.org.au\/attractions\/koala-reserve\/\" target=\"_blank\" rel=\"noopener noreferrer\" data-ceddl-trigger=\"click\" data-ceddl-event-info=\"{&quot;eventName&quot;:&quot;linkClick&quot;,&quot;pageTitle&quot;:&quot;Guide\u00a0to\u00a0Phillip\u00a0Island\u00a0-\u00a0Tourism\u00a0Australia&quot;,&quot;name&quot;:&quot;&quot;,&quot;linkURL&quot;:&quot;https:\/\/www.penguins.org.au\/attractions\/koala-reserve\/&quot;}\">Koala Conservation Centre<\/a>,\u00a0<a href=\"https:\/\/www.visitphillipisland.com\/listing\/churchill-island-heritage-farm\/\" target=\"_blank\" rel=\"noopener noreferrer\" data-ceddl-trigger=\"click\" data-ceddl-event-info=\"{&quot;eventName&quot;:&quot;linkClick&quot;,&quot;pageTitle&quot;:&quot;Guide\u00a0to\u00a0Phillip\u00a0Island\u00a0-\u00a0Tourism\u00a0Australia&quot;,&quot;name&quot;:&quot;&quot;,&quot;linkURL&quot;:&quot;https:\/\/www.visitphillipisland.com\/listing\/churchill-island-heritage-farm\/&quot;}\">Churchill Island Heritage Farm<\/a> y\u00a0<a href=\"https:\/\/www.visitphillipisland.com\/listing\/the-nobbies\/\" target=\"_blank\" rel=\"noopener noreferrer\" data-ceddl-trigger=\"click\" data-ceddl-event-info=\"{&quot;eventName&quot;:&quot;linkClick&quot;,&quot;pageTitle&quot;:&quot;Guide\u00a0to\u00a0Phillip\u00a0Island\u00a0-\u00a0Tourism\u00a0Australia&quot;,&quot;name&quot;:&quot;&quot;,&quot;linkURL&quot;:&quot;https:\/\/www.visitphillipisland.com\/listing\/the-nobbies\/&quot;}\">Nobbies Centre<\/a> son solo algunas de las principales atracciones de la isla.<\/strong><\/p>\n<p>La primera parada de su excursi\u00f3n ser\u00e1 en el parque de conservaci\u00f3n <strong>Moonlit<\/strong>. All\u00ed tendr\u00e1 un encuentro garantizado con algunos de los m\u00e1s de 70 animales nativos de Australia, incluyendo canguros, koalas y el tej\u00f3n australiano. A continuaci\u00f3n visitar\u00e1n la m\u00edtica playa de surf <strong>Woolamai<\/strong>. All\u00ed podr\u00e1s ver las olas y los surfers. Paso seguido viajaremos hacia el costado Oeste de la isla.<\/p>\n<p>Su primera parada ser\u00e1 en <strong>Nobbies<\/strong>. All\u00ed podr\u00e1s disfrutar una caminata junto a la costa, quiz\u00e1s puedas ver focas y nidos de ping\u00fcinos en el camino.<\/p>\n<p>Finalmente, llegamos a la actividad principal del d\u00eda,<strong> el <a href=\"https:\/\/www.penguins.org.au\/attractions\/penguin-parade\/\">desfile de ping\u00fcinos<\/a>.<\/strong> Cada noche, al atardecer, los peque\u00f1os ping\u00fcinos salen del mar y retornan a la playa Summerland. Podr\u00e1s disfrutar este inolvidable momento desde una posici\u00f3n privilegiada.<\/p>\n<p>Durante su tour privado a Phillip island desde Melbourne su gu\u00eda experto estar\u00e1 a su entera disposici\u00f3n. En caso de que est\u00e9 interesado en otras excursiones desde Melbourne, por favor no deje de contactarnos. Ofrecemos diversos tours en y desde la ciudad capital de Victoria, podr\u00e1 ver nuestras ofertas en nuestro <a href=\"https:\/\/tourtravelandmore.com\/es\/ciudad\/australia-es\/melbourne-es\/\">sitio web<\/a>.<\/p>\n","protected":false},"excerpt":{"rendered":"<p>Disfruta el inolvidable desfile de ping\u00fcinos al atardecer, y la maravillosa naturaleza de Phillip Island, en un tour privado a medida.<\/p>\n","protected":false},"featured_media":92437,"comment_status":"open","ping_status":"closed","template":"","meta":{"_acf_changed":false},"product_brand":[],"product_cat":[3421,3460,3494,3495],"product_tag":[],"class_list":{"0":"post-92414","1":"product","2":"type-product","3":"status-publish","4":"has-post-thumbnail","6":"product_cat-australia-es","7":"product_cat-melbourne-es","8":"product_cat-melbourne-actividades-es","9":"product_cat-melbourne-tours-privados-es","11":"first","12":"instock","13":"shipping-taxable","14":"purchasable","15":"product-type-simple"},"acf":[],"yoast_head":"<!-- This site is optimized with the Yoast SEO Premium plugin v25.3.1 (Yoast SEO v25.3.1) - https:\/\/yoast.com\/wordpress\/plugins\/seo\/ -->\n<title>\u27a1\ufe0f Tour privado a Phillip Island desde Melbourne con gu\u00eda local | Tour Travel &amp; More<\/title>\n<meta name=\"description\" content=\"Disfrute un tour privado a Phillip Island desde Melbourne junto a un gu\u00eda local experto. Experiment\u00e9 el involvidable desfile de ping\u00fcinos \u2705\" \/>\n<meta name=\"robots\" content=\"index, follow, max-snippet:-1, max-image-preview:large, max-video-preview:-1\" \/>\n<link rel=\"canonical\" href=\"https:\/\/tourtravelandmore.com\/es\/tours\/australia-es\/melbourne-es\/melbourne-actividades-es\/tour-privado-a-phillip-island-desde-melbourne\/\" \/>\n<meta property=\"og:locale\" content=\"es_ES\" \/>\n<meta property=\"og:type\" content=\"article\" \/>\n<meta property=\"og:title\" content=\"Tour Privado a Philip island desde Melbourne\" \/>\n<meta property=\"og:description\" content=\"Disfrute un tour privado a Phillip Island desde Melbourne junto a un gu\u00eda local experto. Experiment\u00e9 el involvidable desfile de ping\u00fcinos \u2705\" \/>\n<meta property=\"og:url\" content=\"https:\/\/tourtravelandmore.com\/es\/tours\/australia-es\/melbourne-es\/melbourne-actividades-es\/tour-privado-a-phillip-island-desde-melbourne\/\" \/>\n<meta property=\"og:site_name\" content=\"Tour Travel And More\" \/>\n<meta property=\"article:publisher\" content=\"https:\/\/www.facebook.com\/tourtravelandmore\/\" \/>\n<meta property=\"article:modified_time\" content=\"2023-05-22T08:19:52+00:00\" \/>\n<meta property=\"og:image\" content=\"https:\/\/tourtravelandmore.com\/wp-content\/uploads\/2021\/01\/Philip-island.jpeg\" \/>\n\t<meta property=\"og:image:width\" content=\"1350\" \/>\n\t<meta property=\"og:image:height\" content=\"900\" \/>\n\t<meta property=\"og:image:type\" content=\"image\/jpeg\" \/>\n<meta name=\"twitter:card\" content=\"summary_large_image\" \/>\n<meta name=\"twitter:site\" content=\"@TourTravel_More\" \/>\n<meta name=\"twitter:label1\" content=\"Tiempo de lectura\" \/>\n\t<meta name=\"twitter:data1\" content=\"2 minutos\" \/>\n<script type=\"application\/ld+json\" class=\"yoast-schema-graph\">{\"@context\":\"https:\/\/schema.org\",\"@graph\":[{\"@type\":\"WebPage\",\"@id\":\"https:\/\/tourtravelandmore.com\/es\/tours\/australia-es\/melbourne-es\/melbourne-actividades-es\/tour-privado-a-phillip-island-desde-melbourne\/\",\"url\":\"https:\/\/tourtravelandmore.com\/es\/tours\/australia-es\/melbourne-es\/melbourne-actividades-es\/tour-privado-a-phillip-island-desde-melbourne\/\",\"name\":\"\u27a1\ufe0f Tour privado a Phillip Island desde Melbourne con gu\u00eda local | Tour Travel & More\",\"isPartOf\":{\"@id\":\"https:\/\/tourtravelandmore.com\/es\/#website\"},\"primaryImageOfPage\":{\"@id\":\"https:\/\/tourtravelandmore.com\/es\/tours\/australia-es\/melbourne-es\/melbourne-actividades-es\/tour-privado-a-phillip-island-desde-melbourne\/#primaryimage\"},\"image\":{\"@id\":\"https:\/\/tourtravelandmore.com\/es\/tours\/australia-es\/melbourne-es\/melbourne-actividades-es\/tour-privado-a-phillip-island-desde-melbourne\/#primaryimage\"},\"thumbnailUrl\":\"https:\/\/tourtravelandmore.com\/wp-content\/uploads\/2021\/01\/Philip-island.jpeg\",\"datePublished\":\"2021-01-28T09:29:00+00:00\",\"dateModified\":\"2023-05-22T08:19:52+00:00\",\"description\":\"Disfrute un tour privado a Phillip Island desde Melbourne junto a un gu\u00eda local experto. Experiment\u00e9 el involvidable desfile de ping\u00fcinos \u2705\",\"breadcrumb\":{\"@id\":\"https:\/\/tourtravelandmore.com\/es\/tours\/australia-es\/melbourne-es\/melbourne-actividades-es\/tour-privado-a-phillip-island-desde-melbourne\/#breadcrumb\"},\"inLanguage\":\"es\",\"potentialAction\":[{\"@type\":\"ReadAction\",\"target\":[\"https:\/\/tourtravelandmore.com\/es\/tours\/australia-es\/melbourne-es\/melbourne-actividades-es\/tour-privado-a-phillip-island-desde-melbourne\/\"]}]},{\"@type\":\"ImageObject\",\"inLanguage\":\"es\",\"@id\":\"https:\/\/tourtravelandmore.com\/es\/tours\/australia-es\/melbourne-es\/melbourne-actividades-es\/tour-privado-a-phillip-island-desde-melbourne\/#primaryimage\",\"url\":\"https:\/\/tourtravelandmore.com\/wp-content\/uploads\/2021\/01\/Philip-island.jpeg\",\"contentUrl\":\"https:\/\/tourtravelandmore.com\/wp-content\/uploads\/2021\/01\/Philip-island.jpeg\",\"width\":1350,\"height\":900,\"caption\":\"Philip island\"},{\"@type\":\"BreadcrumbList\",\"@id\":\"https:\/\/tourtravelandmore.com\/es\/tours\/australia-es\/melbourne-es\/melbourne-actividades-es\/tour-privado-a-phillip-island-desde-melbourne\/#breadcrumb\",\"itemListElement\":[{\"@type\":\"ListItem\",\"position\":1,\"name\":\"Home\",\"item\":\"https:\/\/tourtravelandmore.com\/es\/\"},{\"@type\":\"ListItem\",\"position\":2,\"name\":\"Tours\",\"item\":\"https:\/\/tourtravelandmore.com\/es\/tours\/\"},{\"@type\":\"ListItem\",\"position\":3,\"name\":\"Tour Privado a Philip island desde Melbourne\"}]},{\"@type\":\"WebSite\",\"@id\":\"https:\/\/tourtravelandmore.com\/es\/#website\",\"url\":\"https:\/\/tourtravelandmore.com\/es\/\",\"name\":\"Tour Travel And More\",\"description\":\"Private sightseeing tours and luxury transfers in Spain\",\"publisher\":{\"@id\":\"https:\/\/tourtravelandmore.com\/es\/#organization\"},\"potentialAction\":[{\"@type\":\"SearchAction\",\"target\":{\"@type\":\"EntryPoint\",\"urlTemplate\":\"https:\/\/tourtravelandmore.com\/es\/?s={search_term_string}\"},\"query-input\":{\"@type\":\"PropertyValueSpecification\",\"valueRequired\":true,\"valueName\":\"search_term_string\"}}],\"inLanguage\":\"es\"},{\"@type\":\"Organization\",\"@id\":\"https:\/\/tourtravelandmore.com\/es\/#organization\",\"name\":\"Tour Travel And More\",\"url\":\"https:\/\/tourtravelandmore.com\/es\/\",\"logo\":{\"@type\":\"ImageObject\",\"inLanguage\":\"es\",\"@id\":\"https:\/\/tourtravelandmore.com\/es\/#\/schema\/logo\/image\/\",\"url\":\"https:\/\/tourtravelandmore.com\/wp-content\/uploads\/2022\/12\/cropped-logo-cabecera-new.png\",\"contentUrl\":\"https:\/\/tourtravelandmore.com\/wp-content\/uploads\/2022\/12\/cropped-logo-cabecera-new.png\",\"width\":430,\"height\":61,\"caption\":\"Tour Travel And More\"},\"image\":{\"@id\":\"https:\/\/tourtravelandmore.com\/es\/#\/schema\/logo\/image\/\"},\"sameAs\":[\"https:\/\/www.facebook.com\/tourtravelandmore\/\",\"https:\/\/x.com\/TourTravel_More\"]}]}<\/script>\n<!-- \/ Yoast SEO Premium plugin. -->","yoast_head_json":{"title":"\u27a1\ufe0f Tour privado a Phillip Island desde Melbourne con gu\u00eda local | Tour Travel & More","description":"Disfrute un tour privado a Phillip Island desde Melbourne junto a un gu\u00eda local experto. Experiment\u00e9 el involvidable desfile de ping\u00fcinos \u2705","robots":{"index":"index","follow":"follow","max-snippet":"max-snippet:-1","max-image-preview":"max-image-preview:large","max-video-preview":"max-video-preview:-1"},"canonical":"https:\/\/tourtravelandmore.com\/es\/tours\/australia-es\/melbourne-es\/melbourne-actividades-es\/tour-privado-a-phillip-island-desde-melbourne\/","og_locale":"es_ES","og_type":"article","og_title":"Tour Privado a Philip island desde Melbourne","og_description":"Disfrute un tour privado a Phillip Island desde Melbourne junto a un gu\u00eda local experto. Experiment\u00e9 el involvidable desfile de ping\u00fcinos \u2705","og_url":"https:\/\/tourtravelandmore.com\/es\/tours\/australia-es\/melbourne-es\/melbourne-actividades-es\/tour-privado-a-phillip-island-desde-melbourne\/","og_site_name":"Tour Travel And More","article_publisher":"https:\/\/www.facebook.com\/tourtravelandmore\/","article_modified_time":"2023-05-22T08:19:52+00:00","og_image":[{"width":1350,"height":900,"url":"https:\/\/tourtravelandmore.com\/wp-content\/uploads\/2021\/01\/Philip-island.jpeg","type":"image\/jpeg"}],"twitter_card":"summary_large_image","twitter_site":"@TourTravel_More","twitter_misc":{"Tiempo de lectura":"2 minutos"},"schema":{"@context":"https:\/\/schema.org","@graph":[{"@type":"WebPage","@id":"https:\/\/tourtravelandmore.com\/es\/tours\/australia-es\/melbourne-es\/melbourne-actividades-es\/tour-privado-a-phillip-island-desde-melbourne\/","url":"https:\/\/tourtravelandmore.com\/es\/tours\/australia-es\/melbourne-es\/melbourne-actividades-es\/tour-privado-a-phillip-island-desde-melbourne\/","name":"\u27a1\ufe0f Tour privado a Phillip Island desde Melbourne con gu\u00eda local | Tour Travel & More","isPartOf":{"@id":"https:\/\/tourtravelandmore.com\/es\/#website"},"primaryImageOfPage":{"@id":"https:\/\/tourtravelandmore.com\/es\/tours\/australia-es\/melbourne-es\/melbourne-actividades-es\/tour-privado-a-phillip-island-desde-melbourne\/#primaryimage"},"image":{"@id":"https:\/\/tourtravelandmore.com\/es\/tours\/australia-es\/melbourne-es\/melbourne-actividades-es\/tour-privado-a-phillip-island-desde-melbourne\/#primaryimage"},"thumbnailUrl":"https:\/\/tourtravelandmore.com\/wp-content\/uploads\/2021\/01\/Philip-island.jpeg","datePublished":"2021-01-28T09:29:00+00:00","dateModified":"2023-05-22T08:19:52+00:00","description":"Disfrute un tour privado a Phillip Island desde Melbourne junto a un gu\u00eda local experto. Experiment\u00e9 el involvidable desfile de ping\u00fcinos \u2705","breadcrumb":{"@id":"https:\/\/tourtravelandmore.com\/es\/tours\/australia-es\/melbourne-es\/melbourne-actividades-es\/tour-privado-a-phillip-island-desde-melbourne\/#breadcrumb"},"inLanguage":"es","potentialAction":[{"@type":"ReadAction","target":["https:\/\/tourtravelandmore.com\/es\/tours\/australia-es\/melbourne-es\/melbourne-actividades-es\/tour-privado-a-phillip-island-desde-melbourne\/"]}]},{"@type":"ImageObject","inLanguage":"es","@id":"https:\/\/tourtravelandmore.com\/es\/tours\/australia-es\/melbourne-es\/melbourne-actividades-es\/tour-privado-a-phillip-island-desde-melbourne\/#primaryimage","url":"https:\/\/tourtravelandmore.com\/wp-content\/uploads\/2021\/01\/Philip-island.jpeg","contentUrl":"https:\/\/tourtravelandmore.com\/wp-content\/uploads\/2021\/01\/Philip-island.jpeg","width":1350,"height":900,"caption":"Philip island"},{"@type":"BreadcrumbList","@id":"https:\/\/tourtravelandmore.com\/es\/tours\/australia-es\/melbourne-es\/melbourne-actividades-es\/tour-privado-a-phillip-island-desde-melbourne\/#breadcrumb","itemListElement":[{"@type":"ListItem","position":1,"name":"Home","item":"https:\/\/tourtravelandmore.com\/es\/"},{"@type":"ListItem","position":2,"name":"Tours","item":"https:\/\/tourtravelandmore.com\/es\/tours\/"},{"@type":"ListItem","position":3,"name":"Tour Privado a Philip island desde Melbourne"}]},{"@type":"WebSite","@id":"https:\/\/tourtravelandmore.com\/es\/#website","url":"https:\/\/tourtravelandmore.com\/es\/","name":"Tour Travel And More","description":"Private sightseeing tours and luxury transfers in Spain","publisher":{"@id":"https:\/\/tourtravelandmore.com\/es\/#organization"},"potentialAction":[{"@type":"SearchAction","target":{"@type":"EntryPoint","urlTemplate":"https:\/\/tourtravelandmore.com\/es\/?s={search_term_string}"},"query-input":{"@type":"PropertyValueSpecification","valueRequired":true,"valueName":"search_term_string"}}],"inLanguage":"es"},{"@type":"Organization","@id":"https:\/\/tourtravelandmore.com\/es\/#organization","name":"Tour Travel And More","url":"https:\/\/tourtravelandmore.com\/es\/","logo":{"@type":"ImageObject","inLanguage":"es","@id":"https:\/\/tourtravelandmore.com\/es\/#\/schema\/logo\/image\/","url":"https:\/\/tourtravelandmore.com\/wp-content\/uploads\/2022\/12\/cropped-logo-cabecera-new.png","contentUrl":"https:\/\/tourtravelandmore.com\/wp-content\/uploads\/2022\/12\/cropped-logo-cabecera-new.png","width":430,"height":61,"caption":"Tour Travel And More"},"image":{"@id":"https:\/\/tourtravelandmore.com\/es\/#\/schema\/logo\/image\/"},"sameAs":["https:\/\/www.facebook.com\/tourtravelandmore\/","https:\/\/x.com\/TourTravel_More"]}]}},"_links":{"self":[{"href":"https:\/\/tourtravelandmore.com\/es\/wp-json\/wp\/v2\/product\/92414","targetHints":{"allow":["GET"]}}],"collection":[{"href":"https:\/\/tourtravelandmore.com\/es\/wp-json\/wp\/v2\/product"}],"about":[{"href":"https:\/\/tourtravelandmore.com\/es\/wp-json\/wp\/v2\/types\/product"}],"replies":[{"embeddable":true,"href":"https:\/\/tourtravelandmore.com\/es\/wp-json\/wp\/v2\/comments?post=92414"}],"wp:featuredmedia":[{"embeddable":true,"href":"https:\/\/tourtravelandmore.com\/es\/wp-json\/wp\/v2\/media\/92437"}],"wp:attachment":[{"href":"https:\/\/tourtravelandmore.com\/es\/wp-json\/wp\/v2\/media?parent=92414"}],"wp:term":[{"taxonomy":"product_brand","embeddable":true,"href":"https:\/\/tourtravelandmore.com\/es\/wp-json\/wp\/v2\/product_brand?post=92414"},{"taxonomy":"product_cat","embeddable":true,"href":"https:\/\/tourtravelandmore.com\/es\/wp-json\/wp\/v2\/product_cat?post=92414"},{"taxonomy":"product_tag","embeddable":true,"href":"https:\/\/tourtravelandmore.com\/es\/wp-json\/wp\/v2\/product_tag?post=92414"}],"curies":[{"name":"wp","href":"https:\/\/api.w.org\/{rel}","templated":true}]}}