{"id":92327,"date":"2021-01-27T14:07:26","date_gmt":"2021-01-27T13:07:26","guid":{"rendered":"https:\/\/tourtravelandmore.com\/?post_type=product&#038;p=92327"},"modified":"2023-05-22T10:18:44","modified_gmt":"2023-05-22T08:18:44","slug":"tour-privado-de-melbourne","status":"publish","type":"product","link":"https:\/\/tourtravelandmore.com\/es\/tours\/australia-es\/melbourne-es\/melbourne-actividades-es\/tour-privado-de-melbourne\/","title":{"rendered":"Tour Privado de Melbourne"},"content":{"rendered":"<h2><strong>Descripci\u00f3n del Tour Privado de Melbourne<\/strong><\/h2>\n<p>Explora <strong>Melbourne<\/strong>, considerada la mejor ciudad para vivir en el mundo, con nuestro <strong>tour privado de Melbourne<\/strong>. <strong>Sum\u00e9rgete en la cultura, arte, caf\u00e9s, bares y la maravillosa arquitectura de la capital de Victoria.<\/strong> Todos nuestros gu\u00edas son locales y licenciados, y se asegurar\u00e1n de brindarle un servicio fabuloso al descubrir la ciudad.<\/p>\n<p>Para dar inicio a su tour, su chofer\/gu\u00eda le recoger\u00e1 en su sitio deseado en la ciudad. Podremos recogerle en su hotel, apartamento o incluso en el aeropuerto de la ciudad. A continuaci\u00f3n comenzar\u00e1 su itinerario personalizado de la ciudad. Nuestros gu\u00edas locales le ayudar\u00e1n a descubrir la ciudad y sus sitios m\u00e1s emblem\u00e1ticos de acuerdo a su inter\u00e9s personal.<\/p>\n<p>Melbourne ofrece una vibrante escena art\u00edstica y cultural, haciendo muy amplia la posibilidad de sitios a visitar en la ciudad. Por ello, de acuerdo a sus deseos e intereses personales, nuestros gu\u00edas le ayudar\u00e1n a disfrutar una experiencia personalizada con un itinerario a medida. No dude en contactarnos para recibir una propuesta personalizada.<\/p>\n<h2><strong>Puntos de inter\u00e9s en el Tour Privado de Melbourne<\/strong><\/h2>\n<p><strong>Melbourne<\/strong>, la capital de <strong>Victoria<\/strong>, es, despu\u00e9s de <b>S\u00eddney<\/b>, la ciudad m\u00e1s poblada de Australia. Es considerada la capital cultural de la ciudad, ofreciendo una maravillosa experiencia gastron\u00f3mica, opciones para ver y hacer deporte, y claro, una maravillosa escena de arte.<\/p>\n<p>Durante su tour privado de Melbourne podr\u00e1 explorar la ciudad junto a un gu\u00eda local. El itinerario y los sitios a visitar durante su tour son adaptables a su inter\u00e9s personal.<\/p>\n<p>Aqu\u00ed algunos de los sitios m\u00e1s emblem\u00e1ticos que usted podr\u00e1 visitar durante su tour:<\/p>\n<ul>\n<li><strong>Estaci\u00f3n Flinders Street<\/strong><\/li>\n<li><strong>Edificio Royal Exhibition<\/strong><\/li>\n<li><strong>Plaza Federation<\/strong><\/li>\n<li><strong>Mercado Reina Victoria<\/strong><\/li>\n<li><strong>Golden Mile.<\/strong><\/li>\n<li><strong>Jard\u00edn Bot\u00e1nico Real<\/strong><\/li>\n<li><strong>Barrio St Kilda y playa de Brighton, con las famosas casas de ba\u00f1o.<\/strong><\/li>\n<li><strong>Explora las peque\u00f1as calles y pasadizos con tiendas locales, caf\u00e9s y arte callejero.<\/strong><\/li>\n<li><strong>Mucho m\u00e1s<\/strong><\/li>\n<\/ul>\n<p>Durante el tour su gu\u00eda le recomendar\u00e1 los mejores sitios para comer y probar cocktails en la ciudad.<\/p>\n<p>Su chofer\/gu\u00eda estar\u00e1 a su entera disposici\u00f3n y le ayudar\u00e1 a descubrir Melbourne desde los ojos de un local. En caso de que est\u00e9 interesado en otras excursiones desde Melbourne, por favor no deje de contactarnos. Ofrecemos diversos tours en y desde la ciudad capital de Victoria, podr\u00e1 ver nuestras ofertas en nuestro <a href=\"https:\/\/tourtravelandmore.com\/es\/ciudad\/australia-es\/melbourne-es\/\">sitio web<\/a>.<\/p>\n","protected":false},"excerpt":{"rendered":"<p>Explore una de las mejores ciudades del mundo junto a un gu\u00eda local. Descubra su historia, sitios m\u00e1s emblem\u00e1ticos y maravillosa escena art\u00edstica y cultural junto a un gu\u00eda local.<\/p>\n","protected":false},"featured_media":92346,"comment_status":"open","ping_status":"closed","template":"","meta":{"_acf_changed":false},"product_brand":[],"product_cat":[3421,3460,3494,3495],"product_tag":[],"class_list":{"0":"post-92327","1":"product","2":"type-product","3":"status-publish","4":"has-post-thumbnail","6":"product_cat-australia-es","7":"product_cat-melbourne-es","8":"product_cat-melbourne-actividades-es","9":"product_cat-melbourne-tours-privados-es","11":"first","12":"instock","13":"shipping-taxable","14":"purchasable","15":"product-type-simple"},"acf":[],"yoast_head":"<!-- This site is optimized with the Yoast SEO Premium plugin v25.3.1 (Yoast SEO v25.3.1) - https:\/\/yoast.com\/wordpress\/plugins\/seo\/ -->\n<title>\u27a1\ufe0f Tour privado de Melbourne con gu\u00eda local | Tour Travel &amp; More<\/title>\n<meta name=\"description\" content=\"Disfrute de este tour privado de Melbourne junto a un gu\u00eda local experto. Explore una de las mejores ciudades del mundo en un tour a medida \u2705\" \/>\n<meta name=\"robots\" content=\"index, follow, max-snippet:-1, max-image-preview:large, max-video-preview:-1\" \/>\n<link rel=\"canonical\" href=\"https:\/\/tourtravelandmore.com\/es\/tours\/australia-es\/melbourne-es\/melbourne-actividades-es\/tour-privado-de-melbourne\/\" \/>\n<meta property=\"og:locale\" content=\"es_ES\" \/>\n<meta property=\"og:type\" content=\"article\" \/>\n<meta property=\"og:title\" content=\"Tour Privado de Melbourne\" \/>\n<meta property=\"og:description\" content=\"Disfrute de este tour privado de Melbourne junto a un gu\u00eda local experto. Explore una de las mejores ciudades del mundo en un tour a medida \u2705\" \/>\n<meta property=\"og:url\" content=\"https:\/\/tourtravelandmore.com\/es\/tours\/australia-es\/melbourne-es\/melbourne-actividades-es\/tour-privado-de-melbourne\/\" \/>\n<meta property=\"og:site_name\" content=\"Tour Travel And More\" \/>\n<meta property=\"article:publisher\" content=\"https:\/\/www.facebook.com\/tourtravelandmore\/\" \/>\n<meta property=\"article:modified_time\" content=\"2023-05-22T08:18:44+00:00\" \/>\n<meta property=\"og:image\" content=\"https:\/\/tourtravelandmore.com\/wp-content\/uploads\/2021\/01\/Flinders-street.jpeg\" \/>\n\t<meta property=\"og:image:width\" content=\"751\" \/>\n\t<meta property=\"og:image:height\" content=\"501\" \/>\n\t<meta property=\"og:image:type\" content=\"image\/jpeg\" \/>\n<meta name=\"twitter:card\" content=\"summary_large_image\" \/>\n<meta name=\"twitter:site\" content=\"@TourTravel_More\" \/>\n<meta name=\"twitter:label1\" content=\"Tiempo de lectura\" \/>\n\t<meta name=\"twitter:data1\" content=\"2 minutos\" \/>\n<script type=\"application\/ld+json\" class=\"yoast-schema-graph\">{\"@context\":\"https:\/\/schema.org\",\"@graph\":[{\"@type\":\"WebPage\",\"@id\":\"https:\/\/tourtravelandmore.com\/es\/tours\/australia-es\/melbourne-es\/melbourne-actividades-es\/tour-privado-de-melbourne\/\",\"url\":\"https:\/\/tourtravelandmore.com\/es\/tours\/australia-es\/melbourne-es\/melbourne-actividades-es\/tour-privado-de-melbourne\/\",\"name\":\"\u27a1\ufe0f Tour privado de Melbourne con gu\u00eda local | Tour Travel & More\",\"isPartOf\":{\"@id\":\"https:\/\/tourtravelandmore.com\/es\/#website\"},\"primaryImageOfPage\":{\"@id\":\"https:\/\/tourtravelandmore.com\/es\/tours\/australia-es\/melbourne-es\/melbourne-actividades-es\/tour-privado-de-melbourne\/#primaryimage\"},\"image\":{\"@id\":\"https:\/\/tourtravelandmore.com\/es\/tours\/australia-es\/melbourne-es\/melbourne-actividades-es\/tour-privado-de-melbourne\/#primaryimage\"},\"thumbnailUrl\":\"https:\/\/tourtravelandmore.com\/wp-content\/uploads\/2021\/01\/Flinders-street.jpeg\",\"datePublished\":\"2021-01-27T13:07:26+00:00\",\"dateModified\":\"2023-05-22T08:18:44+00:00\",\"description\":\"Disfrute de este tour privado de Melbourne junto a un gu\u00eda local experto. Explore una de las mejores ciudades del mundo en un tour a medida \u2705\",\"breadcrumb\":{\"@id\":\"https:\/\/tourtravelandmore.com\/es\/tours\/australia-es\/melbourne-es\/melbourne-actividades-es\/tour-privado-de-melbourne\/#breadcrumb\"},\"inLanguage\":\"es\",\"potentialAction\":[{\"@type\":\"ReadAction\",\"target\":[\"https:\/\/tourtravelandmore.com\/es\/tours\/australia-es\/melbourne-es\/melbourne-actividades-es\/tour-privado-de-melbourne\/\"]}]},{\"@type\":\"ImageObject\",\"inLanguage\":\"es\",\"@id\":\"https:\/\/tourtravelandmore.com\/es\/tours\/australia-es\/melbourne-es\/melbourne-actividades-es\/tour-privado-de-melbourne\/#primaryimage\",\"url\":\"https:\/\/tourtravelandmore.com\/wp-content\/uploads\/2021\/01\/Flinders-street.jpeg\",\"contentUrl\":\"https:\/\/tourtravelandmore.com\/wp-content\/uploads\/2021\/01\/Flinders-street.jpeg\",\"width\":751,\"height\":501,\"caption\":\"flinders street\"},{\"@type\":\"BreadcrumbList\",\"@id\":\"https:\/\/tourtravelandmore.com\/es\/tours\/australia-es\/melbourne-es\/melbourne-actividades-es\/tour-privado-de-melbourne\/#breadcrumb\",\"itemListElement\":[{\"@type\":\"ListItem\",\"position\":1,\"name\":\"Home\",\"item\":\"https:\/\/tourtravelandmore.com\/es\/\"},{\"@type\":\"ListItem\",\"position\":2,\"name\":\"Tours\",\"item\":\"https:\/\/tourtravelandmore.com\/es\/tours\/\"},{\"@type\":\"ListItem\",\"position\":3,\"name\":\"Tour Privado de Melbourne\"}]},{\"@type\":\"WebSite\",\"@id\":\"https:\/\/tourtravelandmore.com\/es\/#website\",\"url\":\"https:\/\/tourtravelandmore.com\/es\/\",\"name\":\"Tour Travel And More\",\"description\":\"Private sightseeing tours and luxury transfers in Spain\",\"publisher\":{\"@id\":\"https:\/\/tourtravelandmore.com\/es\/#organization\"},\"potentialAction\":[{\"@type\":\"SearchAction\",\"target\":{\"@type\":\"EntryPoint\",\"urlTemplate\":\"https:\/\/tourtravelandmore.com\/es\/?s={search_term_string}\"},\"query-input\":{\"@type\":\"PropertyValueSpecification\",\"valueRequired\":true,\"valueName\":\"search_term_string\"}}],\"inLanguage\":\"es\"},{\"@type\":\"Organization\",\"@id\":\"https:\/\/tourtravelandmore.com\/es\/#organization\",\"name\":\"Tour Travel And More\",\"url\":\"https:\/\/tourtravelandmore.com\/es\/\",\"logo\":{\"@type\":\"ImageObject\",\"inLanguage\":\"es\",\"@id\":\"https:\/\/tourtravelandmore.com\/es\/#\/schema\/logo\/image\/\",\"url\":\"https:\/\/tourtravelandmore.com\/wp-content\/uploads\/2022\/12\/cropped-logo-cabecera-new.png\",\"contentUrl\":\"https:\/\/tourtravelandmore.com\/wp-content\/uploads\/2022\/12\/cropped-logo-cabecera-new.png\",\"width\":430,\"height\":61,\"caption\":\"Tour Travel And More\"},\"image\":{\"@id\":\"https:\/\/tourtravelandmore.com\/es\/#\/schema\/logo\/image\/\"},\"sameAs\":[\"https:\/\/www.facebook.com\/tourtravelandmore\/\",\"https:\/\/x.com\/TourTravel_More\"]}]}<\/script>\n<!-- \/ Yoast SEO Premium plugin. -->","yoast_head_json":{"title":"\u27a1\ufe0f Tour privado de Melbourne con gu\u00eda local | Tour Travel & More","description":"Disfrute de este tour privado de Melbourne junto a un gu\u00eda local experto. Explore una de las mejores ciudades del mundo en un tour a medida \u2705","robots":{"index":"index","follow":"follow","max-snippet":"max-snippet:-1","max-image-preview":"max-image-preview:large","max-video-preview":"max-video-preview:-1"},"canonical":"https:\/\/tourtravelandmore.com\/es\/tours\/australia-es\/melbourne-es\/melbourne-actividades-es\/tour-privado-de-melbourne\/","og_locale":"es_ES","og_type":"article","og_title":"Tour Privado de Melbourne","og_description":"Disfrute de este tour privado de Melbourne junto a un gu\u00eda local experto. Explore una de las mejores ciudades del mundo en un tour a medida \u2705","og_url":"https:\/\/tourtravelandmore.com\/es\/tours\/australia-es\/melbourne-es\/melbourne-actividades-es\/tour-privado-de-melbourne\/","og_site_name":"Tour Travel And More","article_publisher":"https:\/\/www.facebook.com\/tourtravelandmore\/","article_modified_time":"2023-05-22T08:18:44+00:00","og_image":[{"width":751,"height":501,"url":"https:\/\/tourtravelandmore.com\/wp-content\/uploads\/2021\/01\/Flinders-street.jpeg","type":"image\/jpeg"}],"twitter_card":"summary_large_image","twitter_site":"@TourTravel_More","twitter_misc":{"Tiempo de lectura":"2 minutos"},"schema":{"@context":"https:\/\/schema.org","@graph":[{"@type":"WebPage","@id":"https:\/\/tourtravelandmore.com\/es\/tours\/australia-es\/melbourne-es\/melbourne-actividades-es\/tour-privado-de-melbourne\/","url":"https:\/\/tourtravelandmore.com\/es\/tours\/australia-es\/melbourne-es\/melbourne-actividades-es\/tour-privado-de-melbourne\/","name":"\u27a1\ufe0f Tour privado de Melbourne con gu\u00eda local | Tour Travel & More","isPartOf":{"@id":"https:\/\/tourtravelandmore.com\/es\/#website"},"primaryImageOfPage":{"@id":"https:\/\/tourtravelandmore.com\/es\/tours\/australia-es\/melbourne-es\/melbourne-actividades-es\/tour-privado-de-melbourne\/#primaryimage"},"image":{"@id":"https:\/\/tourtravelandmore.com\/es\/tours\/australia-es\/melbourne-es\/melbourne-actividades-es\/tour-privado-de-melbourne\/#primaryimage"},"thumbnailUrl":"https:\/\/tourtravelandmore.com\/wp-content\/uploads\/2021\/01\/Flinders-street.jpeg","datePublished":"2021-01-27T13:07:26+00:00","dateModified":"2023-05-22T08:18:44+00:00","description":"Disfrute de este tour privado de Melbourne junto a un gu\u00eda local experto. Explore una de las mejores ciudades del mundo en un tour a medida \u2705","breadcrumb":{"@id":"https:\/\/tourtravelandmore.com\/es\/tours\/australia-es\/melbourne-es\/melbourne-actividades-es\/tour-privado-de-melbourne\/#breadcrumb"},"inLanguage":"es","potentialAction":[{"@type":"ReadAction","target":["https:\/\/tourtravelandmore.com\/es\/tours\/australia-es\/melbourne-es\/melbourne-actividades-es\/tour-privado-de-melbourne\/"]}]},{"@type":"ImageObject","inLanguage":"es","@id":"https:\/\/tourtravelandmore.com\/es\/tours\/australia-es\/melbourne-es\/melbourne-actividades-es\/tour-privado-de-melbourne\/#primaryimage","url":"https:\/\/tourtravelandmore.com\/wp-content\/uploads\/2021\/01\/Flinders-street.jpeg","contentUrl":"https:\/\/tourtravelandmore.com\/wp-content\/uploads\/2021\/01\/Flinders-street.jpeg","width":751,"height":501,"caption":"flinders street"},{"@type":"BreadcrumbList","@id":"https:\/\/tourtravelandmore.com\/es\/tours\/australia-es\/melbourne-es\/melbourne-actividades-es\/tour-privado-de-melbourne\/#breadcrumb","itemListElement":[{"@type":"ListItem","position":1,"name":"Home","item":"https:\/\/tourtravelandmore.com\/es\/"},{"@type":"ListItem","position":2,"name":"Tours","item":"https:\/\/tourtravelandmore.com\/es\/tours\/"},{"@type":"ListItem","position":3,"name":"Tour Privado de Melbourne"}]},{"@type":"WebSite","@id":"https:\/\/tourtravelandmore.com\/es\/#website","url":"https:\/\/tourtravelandmore.com\/es\/","name":"Tour Travel And More","description":"Private sightseeing tours and luxury transfers in Spain","publisher":{"@id":"https:\/\/tourtravelandmore.com\/es\/#organization"},"potentialAction":[{"@type":"SearchAction","target":{"@type":"EntryPoint","urlTemplate":"https:\/\/tourtravelandmore.com\/es\/?s={search_term_string}"},"query-input":{"@type":"PropertyValueSpecification","valueRequired":true,"valueName":"search_term_string"}}],"inLanguage":"es"},{"@type":"Organization","@id":"https:\/\/tourtravelandmore.com\/es\/#organization","name":"Tour Travel And More","url":"https:\/\/tourtravelandmore.com\/es\/","logo":{"@type":"ImageObject","inLanguage":"es","@id":"https:\/\/tourtravelandmore.com\/es\/#\/schema\/logo\/image\/","url":"https:\/\/tourtravelandmore.com\/wp-content\/uploads\/2022\/12\/cropped-logo-cabecera-new.png","contentUrl":"https:\/\/tourtravelandmore.com\/wp-content\/uploads\/2022\/12\/cropped-logo-cabecera-new.png","width":430,"height":61,"caption":"Tour Travel And More"},"image":{"@id":"https:\/\/tourtravelandmore.com\/es\/#\/schema\/logo\/image\/"},"sameAs":["https:\/\/www.facebook.com\/tourtravelandmore\/","https:\/\/x.com\/TourTravel_More"]}]}},"_links":{"self":[{"href":"https:\/\/tourtravelandmore.com\/es\/wp-json\/wp\/v2\/product\/92327","targetHints":{"allow":["GET"]}}],"collection":[{"href":"https:\/\/tourtravelandmore.com\/es\/wp-json\/wp\/v2\/product"}],"about":[{"href":"https:\/\/tourtravelandmore.com\/es\/wp-json\/wp\/v2\/types\/product"}],"replies":[{"embeddable":true,"href":"https:\/\/tourtravelandmore.com\/es\/wp-json\/wp\/v2\/comments?post=92327"}],"wp:featuredmedia":[{"embeddable":true,"href":"https:\/\/tourtravelandmore.com\/es\/wp-json\/wp\/v2\/media\/92346"}],"wp:attachment":[{"href":"https:\/\/tourtravelandmore.com\/es\/wp-json\/wp\/v2\/media?parent=92327"}],"wp:term":[{"taxonomy":"product_brand","embeddable":true,"href":"https:\/\/tourtravelandmore.com\/es\/wp-json\/wp\/v2\/product_brand?post=92327"},{"taxonomy":"product_cat","embeddable":true,"href":"https:\/\/tourtravelandmore.com\/es\/wp-json\/wp\/v2\/product_cat?post=92327"},{"taxonomy":"product_tag","embeddable":true,"href":"https:\/\/tourtravelandmore.com\/es\/wp-json\/wp\/v2\/product_tag?post=92327"}],"curies":[{"name":"wp","href":"https:\/\/api.w.org\/{rel}","templated":true}]}}