{"id":92239,"date":"2021-01-27T11:01:56","date_gmt":"2021-01-27T10:01:57","guid":{"rendered":"https:\/\/tourtravelandmore.com\/?post_type=product&#038;p=92239"},"modified":"2023-05-13T02:35:55","modified_gmt":"2023-05-13T00:35:55","slug":"tour-privado-a-gold-coast-desde-brisbane","status":"publish","type":"product","link":"https:\/\/tourtravelandmore.com\/es\/tours\/australia-es\/brisbane-es\/brisbane-actividades-es\/tour-privado-a-gold-coast-desde-brisbane\/","title":{"rendered":"Tour Privado a Gold Coast desde Brisbane"},"content":{"rendered":"<h2><strong>Descripci\u00f3n del Tour Privado a Gold Coast desde Brisbane<\/strong><\/h2>\n<p>Explora la diversidad de<strong> Gold Coast<\/strong> en una excursi\u00f3n personalizada desde <strong>Brisbane<\/strong>. Visita una de las playas m\u00e1s populares de Australia y su maravilloso alrededor con nuestro<strong> tour privado a gold coast desde Brisbane.<\/strong><\/p>\n<p>Para dar comienzo a su tour, su chofer y gu\u00eda le recoger\u00e1n en su <strong>sitio deseado en Brisbane.<\/strong> Le podremos recoger en su hotel, apartamento, puerto de cruceros o el aeropuerto de la ciudad. A continuaci\u00f3n iniciar\u00e1n su itinerario, comenzando por <strong>Surfers Paradise<\/strong>, uno de los sitios m\u00e1s visitado de Gold Coast.<\/p>\n<p>Durante su tour podr\u00e1 visitar diversas <strong>playas y sitios naturales<\/strong>. El itinerario que ofrecemos es tan solo una propuesta, en caso de querer visitar alg\u00fan sitio puntual, por favor no dude en contactarnos.<\/p>\n<h2><strong>Puntos de inter\u00e9s en el Tour Privado a Gold Coast desde Brisbane<\/strong><\/h2>\n<p>La <strong><a href=\"https:\/\/www.goldcoastaustralia.com\/\">Gold Coast<\/a> <\/strong>es conocida como la <strong>capital de vacaciones de Australia<\/strong>. All\u00ed podr\u00e1s encontrar diversas atracciones, como <strong>maravillosas playas, maravillosas opciones gastron\u00f3micas, de shopping y mucho m\u00e1s.<\/strong> Con una poblaci\u00f3n de aproximadamente 679,000 personas, Gold Coast es la sexta ciudad m\u00e1s grande, Australia. Gracias a su clima soleado y tropical y sus playas, <strong>es reconocido como uno de los mejores sitios de surf en el mundo.<\/strong><\/p>\n<p>Durante su <strong>tour privado a Gold Coast desde Brisbane<\/strong> podr\u00e1s explorar la zona como un local. Su gu\u00eda le ense\u00f1ar\u00e1 los sitios m\u00e1s emblem\u00e1ticos de la zona, relat\u00e1ndole a su vez la historia y secretos de la regi\u00f3n.<\/p>\n<p>Podr\u00e1 visitar<strong> Surfers Paradise, Burleigh Heads, una de las playas de surf m\u00e1s famosas del mundo, y disfrutar un crucero donde podr\u00e1 coger cangrejos en el estuario Broadwater.<\/strong> Podr\u00e1 disfrutar de un almuerzo en el crucero.<\/p>\n<p>Su chofer\/gu\u00eda estar\u00e1 a su entera disposici\u00f3n y les ayudar\u00e1 a disfrutar un d\u00eda inolvidable desde Brisbane. En caso de que est\u00e9 interesado en otras excursiones desde Brisbane, por favor no deje de contactarnos. Ofrecemos diversos tours desde la ciudad capital de Queensland, podr\u00e1 ver nuestras ofertas en nuestro <a href=\"https:\/\/tourtravelandmore.com\/es\/ciudad\/australia-es\/brisbane-es\/\">sitio web<\/a>.<\/p>\n","protected":false},"excerpt":{"rendered":"<p>Visita la maravillosa Gold Coast y sus playas junto a un gu\u00eda local. Visita Surfers Paradise, Burleigh Heads y otros maravillosos sitios de Queensland!<\/p>\n","protected":false},"featured_media":92292,"comment_status":"open","ping_status":"closed","template":"","meta":{"_acf_changed":false},"product_brand":[],"product_cat":[3421,3465,3485,3487],"product_tag":[],"class_list":{"0":"post-92239","1":"product","2":"type-product","3":"status-publish","4":"has-post-thumbnail","6":"product_cat-australia-es","7":"product_cat-brisbane-es","8":"product_cat-brisbane-actividades-es","9":"product_cat-brisbane-tours-es","11":"first","12":"instock","13":"shipping-taxable","14":"purchasable","15":"product-type-simple"},"acf":[],"yoast_head":"<!-- This site is optimized with the Yoast SEO Premium plugin v25.3.1 (Yoast SEO v25.3.1) - https:\/\/yoast.com\/wordpress\/plugins\/seo\/ -->\n<title>\u27a1\ufe0f Tour privado a Gold Coast desde Brisbane con gu\u00eda local<\/title>\n<meta name=\"description\" content=\"Disfrute de este tour privado a Gold Coast desde Brisbane junto a un gu\u00eda local experto. Descubra las mejores playas de Australia \u2705\" \/>\n<meta name=\"robots\" content=\"index, follow, max-snippet:-1, max-image-preview:large, max-video-preview:-1\" \/>\n<link rel=\"canonical\" href=\"https:\/\/tourtravelandmore.com\/es\/tours\/australia-es\/brisbane-es\/brisbane-actividades-es\/tour-privado-a-gold-coast-desde-brisbane\/\" \/>\n<meta property=\"og:locale\" content=\"es_ES\" \/>\n<meta property=\"og:type\" content=\"article\" \/>\n<meta property=\"og:title\" content=\"Tour Privado a Gold Coast desde Brisbane\" \/>\n<meta property=\"og:description\" content=\"Disfrute de este tour privado a Gold Coast desde Brisbane junto a un gu\u00eda local experto. Descubra las mejores playas de Australia \u2705\" \/>\n<meta property=\"og:url\" content=\"https:\/\/tourtravelandmore.com\/es\/tours\/australia-es\/brisbane-es\/brisbane-actividades-es\/tour-privado-a-gold-coast-desde-brisbane\/\" \/>\n<meta property=\"og:site_name\" content=\"Tour Travel And More\" \/>\n<meta property=\"article:publisher\" content=\"https:\/\/www.facebook.com\/tourtravelandmore\/\" \/>\n<meta property=\"article:modified_time\" content=\"2023-05-13T00:35:55+00:00\" \/>\n<meta property=\"og:image\" content=\"https:\/\/tourtravelandmore.com\/wp-content\/uploads\/2021\/01\/Gold-coast.jpeg\" \/>\n\t<meta property=\"og:image:width\" content=\"750\" \/>\n\t<meta property=\"og:image:height\" content=\"500\" \/>\n\t<meta property=\"og:image:type\" content=\"image\/jpeg\" \/>\n<meta name=\"twitter:card\" content=\"summary_large_image\" \/>\n<meta name=\"twitter:site\" content=\"@TourTravel_More\" \/>\n<meta name=\"twitter:label1\" content=\"Tiempo de lectura\" \/>\n\t<meta name=\"twitter:data1\" content=\"2 minutos\" \/>\n<script type=\"application\/ld+json\" class=\"yoast-schema-graph\">{\"@context\":\"https:\/\/schema.org\",\"@graph\":[{\"@type\":\"WebPage\",\"@id\":\"https:\/\/tourtravelandmore.com\/es\/tours\/australia-es\/brisbane-es\/brisbane-actividades-es\/tour-privado-a-gold-coast-desde-brisbane\/\",\"url\":\"https:\/\/tourtravelandmore.com\/es\/tours\/australia-es\/brisbane-es\/brisbane-actividades-es\/tour-privado-a-gold-coast-desde-brisbane\/\",\"name\":\"\u27a1\ufe0f Tour privado a Gold Coast desde Brisbane con gu\u00eda local\",\"isPartOf\":{\"@id\":\"https:\/\/tourtravelandmore.com\/es\/#website\"},\"primaryImageOfPage\":{\"@id\":\"https:\/\/tourtravelandmore.com\/es\/tours\/australia-es\/brisbane-es\/brisbane-actividades-es\/tour-privado-a-gold-coast-desde-brisbane\/#primaryimage\"},\"image\":{\"@id\":\"https:\/\/tourtravelandmore.com\/es\/tours\/australia-es\/brisbane-es\/brisbane-actividades-es\/tour-privado-a-gold-coast-desde-brisbane\/#primaryimage\"},\"thumbnailUrl\":\"https:\/\/tourtravelandmore.com\/wp-content\/uploads\/2021\/01\/Gold-coast.jpeg\",\"datePublished\":\"2021-01-27T10:01:57+00:00\",\"dateModified\":\"2023-05-13T00:35:55+00:00\",\"description\":\"Disfrute de este tour privado a Gold Coast desde Brisbane junto a un gu\u00eda local experto. Descubra las mejores playas de Australia \u2705\",\"breadcrumb\":{\"@id\":\"https:\/\/tourtravelandmore.com\/es\/tours\/australia-es\/brisbane-es\/brisbane-actividades-es\/tour-privado-a-gold-coast-desde-brisbane\/#breadcrumb\"},\"inLanguage\":\"es\",\"potentialAction\":[{\"@type\":\"ReadAction\",\"target\":[\"https:\/\/tourtravelandmore.com\/es\/tours\/australia-es\/brisbane-es\/brisbane-actividades-es\/tour-privado-a-gold-coast-desde-brisbane\/\"]}]},{\"@type\":\"ImageObject\",\"inLanguage\":\"es\",\"@id\":\"https:\/\/tourtravelandmore.com\/es\/tours\/australia-es\/brisbane-es\/brisbane-actividades-es\/tour-privado-a-gold-coast-desde-brisbane\/#primaryimage\",\"url\":\"https:\/\/tourtravelandmore.com\/wp-content\/uploads\/2021\/01\/Gold-coast.jpeg\",\"contentUrl\":\"https:\/\/tourtravelandmore.com\/wp-content\/uploads\/2021\/01\/Gold-coast.jpeg\",\"width\":750,\"height\":500,\"caption\":\"Gold coast 3\"},{\"@type\":\"BreadcrumbList\",\"@id\":\"https:\/\/tourtravelandmore.com\/es\/tours\/australia-es\/brisbane-es\/brisbane-actividades-es\/tour-privado-a-gold-coast-desde-brisbane\/#breadcrumb\",\"itemListElement\":[{\"@type\":\"ListItem\",\"position\":1,\"name\":\"Home\",\"item\":\"https:\/\/tourtravelandmore.com\/es\/\"},{\"@type\":\"ListItem\",\"position\":2,\"name\":\"Tours\",\"item\":\"https:\/\/tourtravelandmore.com\/es\/tours\/\"},{\"@type\":\"ListItem\",\"position\":3,\"name\":\"Tour Privado a Gold Coast desde Brisbane\"}]},{\"@type\":\"WebSite\",\"@id\":\"https:\/\/tourtravelandmore.com\/es\/#website\",\"url\":\"https:\/\/tourtravelandmore.com\/es\/\",\"name\":\"Tour Travel And More\",\"description\":\"Private sightseeing tours and luxury transfers in Spain\",\"publisher\":{\"@id\":\"https:\/\/tourtravelandmore.com\/es\/#organization\"},\"potentialAction\":[{\"@type\":\"SearchAction\",\"target\":{\"@type\":\"EntryPoint\",\"urlTemplate\":\"https:\/\/tourtravelandmore.com\/es\/?s={search_term_string}\"},\"query-input\":{\"@type\":\"PropertyValueSpecification\",\"valueRequired\":true,\"valueName\":\"search_term_string\"}}],\"inLanguage\":\"es\"},{\"@type\":\"Organization\",\"@id\":\"https:\/\/tourtravelandmore.com\/es\/#organization\",\"name\":\"Tour Travel And More\",\"url\":\"https:\/\/tourtravelandmore.com\/es\/\",\"logo\":{\"@type\":\"ImageObject\",\"inLanguage\":\"es\",\"@id\":\"https:\/\/tourtravelandmore.com\/es\/#\/schema\/logo\/image\/\",\"url\":\"https:\/\/tourtravelandmore.com\/wp-content\/uploads\/2022\/12\/cropped-logo-cabecera-new.png\",\"contentUrl\":\"https:\/\/tourtravelandmore.com\/wp-content\/uploads\/2022\/12\/cropped-logo-cabecera-new.png\",\"width\":430,\"height\":61,\"caption\":\"Tour Travel And More\"},\"image\":{\"@id\":\"https:\/\/tourtravelandmore.com\/es\/#\/schema\/logo\/image\/\"},\"sameAs\":[\"https:\/\/www.facebook.com\/tourtravelandmore\/\",\"https:\/\/x.com\/TourTravel_More\"]}]}<\/script>\n<!-- \/ Yoast SEO Premium plugin. -->","yoast_head_json":{"title":"\u27a1\ufe0f Tour privado a Gold Coast desde Brisbane con gu\u00eda local","description":"Disfrute de este tour privado a Gold Coast desde Brisbane junto a un gu\u00eda local experto. Descubra las mejores playas de Australia \u2705","robots":{"index":"index","follow":"follow","max-snippet":"max-snippet:-1","max-image-preview":"max-image-preview:large","max-video-preview":"max-video-preview:-1"},"canonical":"https:\/\/tourtravelandmore.com\/es\/tours\/australia-es\/brisbane-es\/brisbane-actividades-es\/tour-privado-a-gold-coast-desde-brisbane\/","og_locale":"es_ES","og_type":"article","og_title":"Tour Privado a Gold Coast desde Brisbane","og_description":"Disfrute de este tour privado a Gold Coast desde Brisbane junto a un gu\u00eda local experto. Descubra las mejores playas de Australia \u2705","og_url":"https:\/\/tourtravelandmore.com\/es\/tours\/australia-es\/brisbane-es\/brisbane-actividades-es\/tour-privado-a-gold-coast-desde-brisbane\/","og_site_name":"Tour Travel And More","article_publisher":"https:\/\/www.facebook.com\/tourtravelandmore\/","article_modified_time":"2023-05-13T00:35:55+00:00","og_image":[{"width":750,"height":500,"url":"https:\/\/tourtravelandmore.com\/wp-content\/uploads\/2021\/01\/Gold-coast.jpeg","type":"image\/jpeg"}],"twitter_card":"summary_large_image","twitter_site":"@TourTravel_More","twitter_misc":{"Tiempo de lectura":"2 minutos"},"schema":{"@context":"https:\/\/schema.org","@graph":[{"@type":"WebPage","@id":"https:\/\/tourtravelandmore.com\/es\/tours\/australia-es\/brisbane-es\/brisbane-actividades-es\/tour-privado-a-gold-coast-desde-brisbane\/","url":"https:\/\/tourtravelandmore.com\/es\/tours\/australia-es\/brisbane-es\/brisbane-actividades-es\/tour-privado-a-gold-coast-desde-brisbane\/","name":"\u27a1\ufe0f Tour privado a Gold Coast desde Brisbane con gu\u00eda local","isPartOf":{"@id":"https:\/\/tourtravelandmore.com\/es\/#website"},"primaryImageOfPage":{"@id":"https:\/\/tourtravelandmore.com\/es\/tours\/australia-es\/brisbane-es\/brisbane-actividades-es\/tour-privado-a-gold-coast-desde-brisbane\/#primaryimage"},"image":{"@id":"https:\/\/tourtravelandmore.com\/es\/tours\/australia-es\/brisbane-es\/brisbane-actividades-es\/tour-privado-a-gold-coast-desde-brisbane\/#primaryimage"},"thumbnailUrl":"https:\/\/tourtravelandmore.com\/wp-content\/uploads\/2021\/01\/Gold-coast.jpeg","datePublished":"2021-01-27T10:01:57+00:00","dateModified":"2023-05-13T00:35:55+00:00","description":"Disfrute de este tour privado a Gold Coast desde Brisbane junto a un gu\u00eda local experto. Descubra las mejores playas de Australia \u2705","breadcrumb":{"@id":"https:\/\/tourtravelandmore.com\/es\/tours\/australia-es\/brisbane-es\/brisbane-actividades-es\/tour-privado-a-gold-coast-desde-brisbane\/#breadcrumb"},"inLanguage":"es","potentialAction":[{"@type":"ReadAction","target":["https:\/\/tourtravelandmore.com\/es\/tours\/australia-es\/brisbane-es\/brisbane-actividades-es\/tour-privado-a-gold-coast-desde-brisbane\/"]}]},{"@type":"ImageObject","inLanguage":"es","@id":"https:\/\/tourtravelandmore.com\/es\/tours\/australia-es\/brisbane-es\/brisbane-actividades-es\/tour-privado-a-gold-coast-desde-brisbane\/#primaryimage","url":"https:\/\/tourtravelandmore.com\/wp-content\/uploads\/2021\/01\/Gold-coast.jpeg","contentUrl":"https:\/\/tourtravelandmore.com\/wp-content\/uploads\/2021\/01\/Gold-coast.jpeg","width":750,"height":500,"caption":"Gold coast 3"},{"@type":"BreadcrumbList","@id":"https:\/\/tourtravelandmore.com\/es\/tours\/australia-es\/brisbane-es\/brisbane-actividades-es\/tour-privado-a-gold-coast-desde-brisbane\/#breadcrumb","itemListElement":[{"@type":"ListItem","position":1,"name":"Home","item":"https:\/\/tourtravelandmore.com\/es\/"},{"@type":"ListItem","position":2,"name":"Tours","item":"https:\/\/tourtravelandmore.com\/es\/tours\/"},{"@type":"ListItem","position":3,"name":"Tour Privado a Gold Coast desde Brisbane"}]},{"@type":"WebSite","@id":"https:\/\/tourtravelandmore.com\/es\/#website","url":"https:\/\/tourtravelandmore.com\/es\/","name":"Tour Travel And More","description":"Private sightseeing tours and luxury transfers in Spain","publisher":{"@id":"https:\/\/tourtravelandmore.com\/es\/#organization"},"potentialAction":[{"@type":"SearchAction","target":{"@type":"EntryPoint","urlTemplate":"https:\/\/tourtravelandmore.com\/es\/?s={search_term_string}"},"query-input":{"@type":"PropertyValueSpecification","valueRequired":true,"valueName":"search_term_string"}}],"inLanguage":"es"},{"@type":"Organization","@id":"https:\/\/tourtravelandmore.com\/es\/#organization","name":"Tour Travel And More","url":"https:\/\/tourtravelandmore.com\/es\/","logo":{"@type":"ImageObject","inLanguage":"es","@id":"https:\/\/tourtravelandmore.com\/es\/#\/schema\/logo\/image\/","url":"https:\/\/tourtravelandmore.com\/wp-content\/uploads\/2022\/12\/cropped-logo-cabecera-new.png","contentUrl":"https:\/\/tourtravelandmore.com\/wp-content\/uploads\/2022\/12\/cropped-logo-cabecera-new.png","width":430,"height":61,"caption":"Tour Travel And More"},"image":{"@id":"https:\/\/tourtravelandmore.com\/es\/#\/schema\/logo\/image\/"},"sameAs":["https:\/\/www.facebook.com\/tourtravelandmore\/","https:\/\/x.com\/TourTravel_More"]}]}},"_links":{"self":[{"href":"https:\/\/tourtravelandmore.com\/es\/wp-json\/wp\/v2\/product\/92239","targetHints":{"allow":["GET"]}}],"collection":[{"href":"https:\/\/tourtravelandmore.com\/es\/wp-json\/wp\/v2\/product"}],"about":[{"href":"https:\/\/tourtravelandmore.com\/es\/wp-json\/wp\/v2\/types\/product"}],"replies":[{"embeddable":true,"href":"https:\/\/tourtravelandmore.com\/es\/wp-json\/wp\/v2\/comments?post=92239"}],"wp:featuredmedia":[{"embeddable":true,"href":"https:\/\/tourtravelandmore.com\/es\/wp-json\/wp\/v2\/media\/92292"}],"wp:attachment":[{"href":"https:\/\/tourtravelandmore.com\/es\/wp-json\/wp\/v2\/media?parent=92239"}],"wp:term":[{"taxonomy":"product_brand","embeddable":true,"href":"https:\/\/tourtravelandmore.com\/es\/wp-json\/wp\/v2\/product_brand?post=92239"},{"taxonomy":"product_cat","embeddable":true,"href":"https:\/\/tourtravelandmore.com\/es\/wp-json\/wp\/v2\/product_cat?post=92239"},{"taxonomy":"product_tag","embeddable":true,"href":"https:\/\/tourtravelandmore.com\/es\/wp-json\/wp\/v2\/product_tag?post=92239"}],"curies":[{"name":"wp","href":"https:\/\/api.w.org\/{rel}","templated":true}]}}