{"id":9217,"date":"2016-11-15T11:53:06","date_gmt":"2016-11-15T15:29:25","guid":{"rendered":"http:\/\/tourtravelandmore.com\/es\/?post_type=product&#038;p=9217"},"modified":"2023-02-20T08:14:43","modified_gmt":"2023-02-20T07:14:43","slug":"tour-privado-pie-de-segovia","status":"publish","type":"product","link":"https:\/\/tourtravelandmore.com\/es\/tours\/espana-es\/segovia-es\/tour-privado-pie-de-segovia\/","title":{"rendered":"Tour Privado a pie de Segovia"},"content":{"rendered":"<h2>Descripci\u00f3n del Tour Privado a pie de Segovia<\/h2>\n<p>Conoce la ciudad de Segovia gracias a este Tour Segovia con gu\u00eda oficial en castellano.<\/p>\n<p>La duraci\u00f3n del tour Segovia son 3 horas.<\/p>\n<p>Al ser un Tour completamente privado puede escoger la hora de comienzo del tour.<\/p>\n<p>El lugar de recogida ser\u00e1 en su Hotel en Segovia o si viene por su cuenta desde Madrid, le indicaremos un punto de encuentro en el centro de la ciudad.<\/p>\n<h2>Puntos de inter\u00e9s en el Tour Privado a pie de Segovia<\/h2>\n<p>Empezaremos el Tour por una de las atracciones m\u00e1s importantes de la ciudad, <strong>el Acueducto, <\/strong>se encuentra en una de las plazas m\u00e1s importantes de la ciudad, <strong>Plaza de Azoguejo.<br \/>\n<\/strong><\/p>\n<p>Caminaremos hacia la <strong>calle Cervantes<\/strong>, rumbo a otro punto fundamental, la <strong>Casa de los Picos. <\/strong>Formada por m\u00e1s de 360 picos. Nos cuenta la leyenda que en uno de los picos se encuentra un Tesoro, nos paremos ahi junto a nuestro gu\u00eda para encontrarlo, \u00bfSeremos los primeros en encontrarlo?.<\/p>\n<p>Luego nos dirigiremos <strong>plaza de las Sirenas o plaza de Medina del Campo. <\/strong>Recibe este nombre, ya que hay\u00a0 dos esculturas que parecen sirenas acompa\u00f1an a la estatua de <strong>Juan Bravo<\/strong>. Cerca de la plaza se encuentra la Iglesia de San Mart\u00edn, de origen moz\u00e1rabe y con estilo rom\u00e1nico.<\/p>\n<p>Ahora ya nos encontraremos en una de las principales zonas y cargadas de historia, el <strong>Barrio de la Juder\u00eda.<\/strong> Un barrio donde vivi\u00f3 la poblaci\u00f3n hebrea antes de que fuera expulsada por los Reyes Cat\u00f3licos en 1492.<\/p>\n<p>Ah\u00ed tambi\u00e9n nos encontraremos con la Plaza Mayor de Segovia y la Catedral de estilo g\u00f3tico con rasgos renacentistas.<\/p>\n<p>Por \u00faltimo llegaremos a las<strong> Murrallas de Segov\u00eda <\/strong>y podremos ver otra de las principales atracciones, el <strong>Alcazar<\/strong>, parece sacado de un cuento de hadas.<\/p>\n<p>Si desea entrar en el Alcazar lo podemos organizar y conseguir entradas sin colas para entrar junto a su gu\u00eda privado oficial.<\/p>\n<p>Podemos recogerle desde Madrid, escogiendo el<a href=\"https:\/\/tourtravelandmore.com\/tours\/spain\/madrid-en\/private-tour-segovia-la-granja-from-madrid\/\"> Tour privado a Segovia desde Madrid.<\/a><\/p>\n","protected":false},"excerpt":{"rendered":"<p>Aproveche esta oportunidad para conocer y disfrutar de <strong>Segovia<\/strong>, gracias a un <strong>tour privado<\/strong> a cargo de un gu\u00eda oficial privado. Podr\u00e1 conocer lo mejor de Segovia de forma c\u00f3moda gracias a su gu\u00eda oficial privado, en el que recorrer\u00e1 algunas de las principales atracciones de Segovia como el <strong>Acueducto romano<\/strong>, La Granja y el Alc\u00e1zar.<\/p>\n<h4>Destacado<\/h4>\n<ul>\n<li>[icon name=\"clock-o\" class=\"\" unprefixed_class=\"\"] <strong>Tour privado<\/strong> de 3 horas por la ciudad de Segovia<\/li>\n<li>[icon name=\"graduation-cap\" class=\"\" unprefixed_class=\"\"] Gu\u00eda oficial privado<\/li>\n<li>[icon name=\"star\" class=\"\" unprefixed_class=\"\"] Disfrute de las principales atracciones y monumentos de Segovia<\/li>\n<li>[icon name=\"eye\" class=\"\" unprefixed_class=\"\"] Lugares destacados: <strong>Acueducto Romano<\/strong>, <strong>Alc\u00e1zar<\/strong> o <strong>Catedral<\/strong><\/li>\n<\/ul>\n","protected":false},"featured_media":59824,"comment_status":"open","ping_status":"closed","template":"","meta":{"_acf_changed":false},"product_brand":[],"product_cat":[350,533,534,352],"product_tag":[],"class_list":{"0":"post-9217","1":"product","2":"type-product","3":"status-publish","4":"has-post-thumbnail","6":"product_cat-segovia-es","7":"product_cat-segovia-actividades-es","8":"product_cat-segovia-rutas-turisticas-privadas-es","9":"product_cat-segovia-tours-privados-pie-es","11":"first","12":"instock","13":"shipping-taxable","14":"purchasable","15":"product-type-simple"},"acf":[],"yoast_head":"<!-- This site is optimized with the Yoast SEO Premium plugin v25.3.1 (Yoast SEO v25.3.1) - https:\/\/yoast.com\/wordpress\/plugins\/seo\/ -->\n<title>\u27a1\ufe0f Tour Segovia a pie | Tour Travel &amp; More<\/title>\n<meta name=\"description\" content=\"Gracias al tour Segovia a pie, conocer\u00e1 la ciudad, Historia, Leyendas, con su gu\u00eda oficial privado. Disfrutara de la Ciudad, Alcazar, Acueducto y mucho mas! \u2705\" \/>\n<meta name=\"robots\" content=\"index, follow, max-snippet:-1, max-image-preview:large, max-video-preview:-1\" \/>\n<link rel=\"canonical\" href=\"https:\/\/tourtravelandmore.com\/es\/tours\/espana-es\/segovia-es\/tour-privado-pie-de-segovia\/\" \/>\n<meta property=\"og:locale\" content=\"es_ES\" \/>\n<meta property=\"og:type\" content=\"article\" \/>\n<meta property=\"og:title\" content=\"Tour Privado a pie de Segovia\" \/>\n<meta property=\"og:description\" content=\"Gracias al tour Segovia a pie, conocer\u00e1 la ciudad, Historia, Leyendas, con su gu\u00eda oficial privado. Disfrutara de la Ciudad, Alcazar, Acueducto y mucho mas! \u2705\" \/>\n<meta property=\"og:url\" content=\"https:\/\/tourtravelandmore.com\/es\/tours\/espana-es\/segovia-es\/tour-privado-pie-de-segovia\/\" \/>\n<meta property=\"og:site_name\" content=\"Tour Travel And More\" \/>\n<meta property=\"article:publisher\" content=\"https:\/\/www.facebook.com\/tourtravelandmore\/\" \/>\n<meta property=\"article:modified_time\" content=\"2023-02-20T07:14:43+00:00\" \/>\n<meta property=\"og:image\" content=\"https:\/\/tourtravelandmore.com\/wp-content\/uploads\/2016\/11\/Segovia.jpg\" \/>\n\t<meta property=\"og:image:width\" content=\"800\" \/>\n\t<meta property=\"og:image:height\" content=\"533\" \/>\n\t<meta property=\"og:image:type\" content=\"image\/jpeg\" \/>\n<meta name=\"twitter:card\" content=\"summary_large_image\" \/>\n<meta name=\"twitter:site\" content=\"@TourTravel_More\" \/>\n<meta name=\"twitter:label1\" content=\"Tiempo de lectura\" \/>\n\t<meta name=\"twitter:data1\" content=\"2 minutos\" \/>\n<script type=\"application\/ld+json\" class=\"yoast-schema-graph\">{\"@context\":\"https:\/\/schema.org\",\"@graph\":[{\"@type\":\"WebPage\",\"@id\":\"https:\/\/tourtravelandmore.com\/es\/tours\/espana-es\/segovia-es\/tour-privado-pie-de-segovia\/\",\"url\":\"https:\/\/tourtravelandmore.com\/es\/tours\/espana-es\/segovia-es\/tour-privado-pie-de-segovia\/\",\"name\":\"\u27a1\ufe0f Tour Segovia a pie | Tour Travel & More\",\"isPartOf\":{\"@id\":\"https:\/\/tourtravelandmore.com\/es\/#website\"},\"primaryImageOfPage\":{\"@id\":\"https:\/\/tourtravelandmore.com\/es\/tours\/espana-es\/segovia-es\/tour-privado-pie-de-segovia\/#primaryimage\"},\"image\":{\"@id\":\"https:\/\/tourtravelandmore.com\/es\/tours\/espana-es\/segovia-es\/tour-privado-pie-de-segovia\/#primaryimage\"},\"thumbnailUrl\":\"https:\/\/tourtravelandmore.com\/wp-content\/uploads\/2016\/11\/Segovia.jpg\",\"datePublished\":\"2016-11-15T15:29:25+00:00\",\"dateModified\":\"2023-02-20T07:14:43+00:00\",\"description\":\"Gracias al tour Segovia a pie, conocer\u00e1 la ciudad, Historia, Leyendas, con su gu\u00eda oficial privado. Disfrutara de la Ciudad, Alcazar, Acueducto y mucho mas! \u2705\",\"breadcrumb\":{\"@id\":\"https:\/\/tourtravelandmore.com\/es\/tours\/espana-es\/segovia-es\/tour-privado-pie-de-segovia\/#breadcrumb\"},\"inLanguage\":\"es\",\"potentialAction\":[{\"@type\":\"ReadAction\",\"target\":[\"https:\/\/tourtravelandmore.com\/es\/tours\/espana-es\/segovia-es\/tour-privado-pie-de-segovia\/\"]}]},{\"@type\":\"ImageObject\",\"inLanguage\":\"es\",\"@id\":\"https:\/\/tourtravelandmore.com\/es\/tours\/espana-es\/segovia-es\/tour-privado-pie-de-segovia\/#primaryimage\",\"url\":\"https:\/\/tourtravelandmore.com\/wp-content\/uploads\/2016\/11\/Segovia.jpg\",\"contentUrl\":\"https:\/\/tourtravelandmore.com\/wp-content\/uploads\/2016\/11\/Segovia.jpg\",\"width\":800,\"height\":533},{\"@type\":\"BreadcrumbList\",\"@id\":\"https:\/\/tourtravelandmore.com\/es\/tours\/espana-es\/segovia-es\/tour-privado-pie-de-segovia\/#breadcrumb\",\"itemListElement\":[{\"@type\":\"ListItem\",\"position\":1,\"name\":\"Home\",\"item\":\"https:\/\/tourtravelandmore.com\/es\/\"},{\"@type\":\"ListItem\",\"position\":2,\"name\":\"Tours\",\"item\":\"https:\/\/tourtravelandmore.com\/es\/tours\/\"},{\"@type\":\"ListItem\",\"position\":3,\"name\":\"Tour Privado a pie de Segovia\"}]},{\"@type\":\"WebSite\",\"@id\":\"https:\/\/tourtravelandmore.com\/es\/#website\",\"url\":\"https:\/\/tourtravelandmore.com\/es\/\",\"name\":\"Tour Travel And More\",\"description\":\"Private sightseeing tours and luxury transfers in Spain\",\"publisher\":{\"@id\":\"https:\/\/tourtravelandmore.com\/es\/#organization\"},\"potentialAction\":[{\"@type\":\"SearchAction\",\"target\":{\"@type\":\"EntryPoint\",\"urlTemplate\":\"https:\/\/tourtravelandmore.com\/es\/?s={search_term_string}\"},\"query-input\":{\"@type\":\"PropertyValueSpecification\",\"valueRequired\":true,\"valueName\":\"search_term_string\"}}],\"inLanguage\":\"es\"},{\"@type\":\"Organization\",\"@id\":\"https:\/\/tourtravelandmore.com\/es\/#organization\",\"name\":\"Tour Travel And More\",\"url\":\"https:\/\/tourtravelandmore.com\/es\/\",\"logo\":{\"@type\":\"ImageObject\",\"inLanguage\":\"es\",\"@id\":\"https:\/\/tourtravelandmore.com\/es\/#\/schema\/logo\/image\/\",\"url\":\"https:\/\/tourtravelandmore.com\/wp-content\/uploads\/2022\/12\/cropped-logo-cabecera-new.png\",\"contentUrl\":\"https:\/\/tourtravelandmore.com\/wp-content\/uploads\/2022\/12\/cropped-logo-cabecera-new.png\",\"width\":430,\"height\":61,\"caption\":\"Tour Travel And More\"},\"image\":{\"@id\":\"https:\/\/tourtravelandmore.com\/es\/#\/schema\/logo\/image\/\"},\"sameAs\":[\"https:\/\/www.facebook.com\/tourtravelandmore\/\",\"https:\/\/x.com\/TourTravel_More\"]}]}<\/script>\n<!-- \/ Yoast SEO Premium plugin. -->","yoast_head_json":{"title":"\u27a1\ufe0f Tour Segovia a pie | Tour Travel & More","description":"Gracias al tour Segovia a pie, conocer\u00e1 la ciudad, Historia, Leyendas, con su gu\u00eda oficial privado. Disfrutara de la Ciudad, Alcazar, Acueducto y mucho mas! \u2705","robots":{"index":"index","follow":"follow","max-snippet":"max-snippet:-1","max-image-preview":"max-image-preview:large","max-video-preview":"max-video-preview:-1"},"canonical":"https:\/\/tourtravelandmore.com\/es\/tours\/espana-es\/segovia-es\/tour-privado-pie-de-segovia\/","og_locale":"es_ES","og_type":"article","og_title":"Tour Privado a pie de Segovia","og_description":"Gracias al tour Segovia a pie, conocer\u00e1 la ciudad, Historia, Leyendas, con su gu\u00eda oficial privado. Disfrutara de la Ciudad, Alcazar, Acueducto y mucho mas! \u2705","og_url":"https:\/\/tourtravelandmore.com\/es\/tours\/espana-es\/segovia-es\/tour-privado-pie-de-segovia\/","og_site_name":"Tour Travel And More","article_publisher":"https:\/\/www.facebook.com\/tourtravelandmore\/","article_modified_time":"2023-02-20T07:14:43+00:00","og_image":[{"width":800,"height":533,"url":"https:\/\/tourtravelandmore.com\/wp-content\/uploads\/2016\/11\/Segovia.jpg","type":"image\/jpeg"}],"twitter_card":"summary_large_image","twitter_site":"@TourTravel_More","twitter_misc":{"Tiempo de lectura":"2 minutos"},"schema":{"@context":"https:\/\/schema.org","@graph":[{"@type":"WebPage","@id":"https:\/\/tourtravelandmore.com\/es\/tours\/espana-es\/segovia-es\/tour-privado-pie-de-segovia\/","url":"https:\/\/tourtravelandmore.com\/es\/tours\/espana-es\/segovia-es\/tour-privado-pie-de-segovia\/","name":"\u27a1\ufe0f Tour Segovia a pie | Tour Travel & More","isPartOf":{"@id":"https:\/\/tourtravelandmore.com\/es\/#website"},"primaryImageOfPage":{"@id":"https:\/\/tourtravelandmore.com\/es\/tours\/espana-es\/segovia-es\/tour-privado-pie-de-segovia\/#primaryimage"},"image":{"@id":"https:\/\/tourtravelandmore.com\/es\/tours\/espana-es\/segovia-es\/tour-privado-pie-de-segovia\/#primaryimage"},"thumbnailUrl":"https:\/\/tourtravelandmore.com\/wp-content\/uploads\/2016\/11\/Segovia.jpg","datePublished":"2016-11-15T15:29:25+00:00","dateModified":"2023-02-20T07:14:43+00:00","description":"Gracias al tour Segovia a pie, conocer\u00e1 la ciudad, Historia, Leyendas, con su gu\u00eda oficial privado. Disfrutara de la Ciudad, Alcazar, Acueducto y mucho mas! \u2705","breadcrumb":{"@id":"https:\/\/tourtravelandmore.com\/es\/tours\/espana-es\/segovia-es\/tour-privado-pie-de-segovia\/#breadcrumb"},"inLanguage":"es","potentialAction":[{"@type":"ReadAction","target":["https:\/\/tourtravelandmore.com\/es\/tours\/espana-es\/segovia-es\/tour-privado-pie-de-segovia\/"]}]},{"@type":"ImageObject","inLanguage":"es","@id":"https:\/\/tourtravelandmore.com\/es\/tours\/espana-es\/segovia-es\/tour-privado-pie-de-segovia\/#primaryimage","url":"https:\/\/tourtravelandmore.com\/wp-content\/uploads\/2016\/11\/Segovia.jpg","contentUrl":"https:\/\/tourtravelandmore.com\/wp-content\/uploads\/2016\/11\/Segovia.jpg","width":800,"height":533},{"@type":"BreadcrumbList","@id":"https:\/\/tourtravelandmore.com\/es\/tours\/espana-es\/segovia-es\/tour-privado-pie-de-segovia\/#breadcrumb","itemListElement":[{"@type":"ListItem","position":1,"name":"Home","item":"https:\/\/tourtravelandmore.com\/es\/"},{"@type":"ListItem","position":2,"name":"Tours","item":"https:\/\/tourtravelandmore.com\/es\/tours\/"},{"@type":"ListItem","position":3,"name":"Tour Privado a pie de Segovia"}]},{"@type":"WebSite","@id":"https:\/\/tourtravelandmore.com\/es\/#website","url":"https:\/\/tourtravelandmore.com\/es\/","name":"Tour Travel And More","description":"Private sightseeing tours and luxury transfers in Spain","publisher":{"@id":"https:\/\/tourtravelandmore.com\/es\/#organization"},"potentialAction":[{"@type":"SearchAction","target":{"@type":"EntryPoint","urlTemplate":"https:\/\/tourtravelandmore.com\/es\/?s={search_term_string}"},"query-input":{"@type":"PropertyValueSpecification","valueRequired":true,"valueName":"search_term_string"}}],"inLanguage":"es"},{"@type":"Organization","@id":"https:\/\/tourtravelandmore.com\/es\/#organization","name":"Tour Travel And More","url":"https:\/\/tourtravelandmore.com\/es\/","logo":{"@type":"ImageObject","inLanguage":"es","@id":"https:\/\/tourtravelandmore.com\/es\/#\/schema\/logo\/image\/","url":"https:\/\/tourtravelandmore.com\/wp-content\/uploads\/2022\/12\/cropped-logo-cabecera-new.png","contentUrl":"https:\/\/tourtravelandmore.com\/wp-content\/uploads\/2022\/12\/cropped-logo-cabecera-new.png","width":430,"height":61,"caption":"Tour Travel And More"},"image":{"@id":"https:\/\/tourtravelandmore.com\/es\/#\/schema\/logo\/image\/"},"sameAs":["https:\/\/www.facebook.com\/tourtravelandmore\/","https:\/\/x.com\/TourTravel_More"]}]}},"_links":{"self":[{"href":"https:\/\/tourtravelandmore.com\/es\/wp-json\/wp\/v2\/product\/9217","targetHints":{"allow":["GET"]}}],"collection":[{"href":"https:\/\/tourtravelandmore.com\/es\/wp-json\/wp\/v2\/product"}],"about":[{"href":"https:\/\/tourtravelandmore.com\/es\/wp-json\/wp\/v2\/types\/product"}],"replies":[{"embeddable":true,"href":"https:\/\/tourtravelandmore.com\/es\/wp-json\/wp\/v2\/comments?post=9217"}],"wp:featuredmedia":[{"embeddable":true,"href":"https:\/\/tourtravelandmore.com\/es\/wp-json\/wp\/v2\/media\/59824"}],"wp:attachment":[{"href":"https:\/\/tourtravelandmore.com\/es\/wp-json\/wp\/v2\/media?parent=9217"}],"wp:term":[{"taxonomy":"product_brand","embeddable":true,"href":"https:\/\/tourtravelandmore.com\/es\/wp-json\/wp\/v2\/product_brand?post=9217"},{"taxonomy":"product_cat","embeddable":true,"href":"https:\/\/tourtravelandmore.com\/es\/wp-json\/wp\/v2\/product_cat?post=9217"},{"taxonomy":"product_tag","embeddable":true,"href":"https:\/\/tourtravelandmore.com\/es\/wp-json\/wp\/v2\/product_tag?post=9217"}],"curies":[{"name":"wp","href":"https:\/\/api.w.org\/{rel}","templated":true}]}}