{"id":9212,"date":"2016-11-15T11:40:58","date_gmt":"2016-11-15T15:23:18","guid":{"rendered":"http:\/\/tourtravelandmore.com\/es\/?post_type=product&#038;p=9212"},"modified":"2023-02-11T02:41:09","modified_gmt":"2023-02-11T01:41:09","slug":"tour-privado-pie-de-toledo","status":"publish","type":"product","link":"https:\/\/tourtravelandmore.com\/es\/tours\/espana-es\/toledo-es\/tour-privado-pie-de-toledo\/","title":{"rendered":"Tour Privado a pie de Toledo"},"content":{"rendered":"<h2>Descripci\u00f3n del Tour Privado a pie de Toledo<\/h2>\n<p>Nuestro gu\u00eda os recoger\u00e1 desde su hotel en Toledo o lugar c\u00e9ntrico de la ciudad, para empezar el Tour Toledo con su gu\u00eda privado oficial. La ruta que vamos a describir puede cambiar en funci\u00f3n del lugar de recogida.<\/p>\n<p>La duraci\u00f3n del Tour Toledo con gu\u00eda oficial privado son 3 horas, d\u00f3nde descubrir\u00e1 una de las ciudades medievales m\u00e1s importante de Europa y su centro historico declarado Patrimonio de la humanidad.<\/p>\n<p>El tour de Toledo, junto a su gu\u00eda privado oficial, es completamente privado.<\/p>\n<h2>Puntos de Inter\u00e9s en el Tour Privado a pie de Toledo<\/h2>\n<p>El punto de partida ser\u00e1 la <strong>Plaza de Zocodover,\u00a0<\/strong>una de las principales plazas de la ciudad, en ella se encuentra en el <strong>Alcazar.\u00a0<\/strong><\/p>\n<p>Despu\u00e9s de ver el <strong>Alc\u00e1zar<\/strong> desde la plaza y ver desde lejos el <strong>Castillo de San Servando,<\/strong> nos dirijiremos hac\u00eda la <strong>Catedral de Santa Mar\u00eda. <\/strong>Ah\u00ed entraremos junto a nuestro gu\u00eda a conocer el monumento y su historia. La entrada est\u00e1 incluida en el Tour, y gracias a nuestro gu\u00eda no har\u00e1 cola para acceder. Ah\u00ed conoceremos la <strong>Capilla Mayor<\/strong> con su magn\u00edfico retablo, <strong>la Sala Capitular<\/strong>, <strong>la Capilla Moz\u00e1rabe, el Coro o el Tesoro, entre otros lugares.<\/strong><\/p>\n<p>Despu\u00e9s de conocer la Catedral de Santa Mar\u00eda, recorremos las calles del centro y conoceremos rincones \u00fanicos, hasta llegar <strong>Iglesia de Santo Tom\u00e9. <\/strong>D\u00f3nde se encuentra la principal obra del Pinto <strong><a href=\"https:\/\/es.wikipedia.org\/wiki\/El_Greco\">&#8220;El Greco&#8221;<\/a>, <em>El entierro del conde de Orgaz.<\/em><\/strong> Podemos entrar junto a nuestro gu\u00eda para ver la obra.<\/p>\n<p>Al salir seguiremos hasta llegar al <strong>Barrio Jud\u00edo, <\/strong>uno de los principales atractivos de Toledo.\u00a0 Ah\u00ed nos encontraremos con el<strong> Museo del Greco y dos Sinagogas. <\/strong>Las dos Sinagogas reciben el nombre de <strong>Sinagoga del Tr\u00e1nsito, Sinagoga de Santa Mar\u00eda La Blanca. <\/strong>La m\u00e1s conocida es la \u00faltima y podemos entrar avistarla junto a nuestro gu\u00eda oficial privado.<\/p>\n<p>Despu\u00e9s de conocer la Sigagofa de Santa Mar\u00eda la Blanca, seguiremos el recorrido a pie de la ciudad, hasta llegar al <strong>monasterio de San Juan de los Reyes<\/strong>, edificio de estilo g\u00f3tico.<\/p>\n<p>Ya casi habr\u00e1n pasado las 3 horas del Tour de Toledo privado junto a nuestro gu\u00eda, y si nos queda fuerzas, llegaremos hasta la Calle \u00c1ngel, <strong>Iglesia de los Jesuitas o de San Ildefonso.<\/strong><\/p>\n<p>Si vienes de Madrid, puedes consultar nuestro <a href=\"https:\/\/tourtravelandmore.com\/es\/tours\/espana-es\/madrid-es\/tour-privado-toledo-desde-madrid\/\">tour privado de Toledo desde Madrid<\/a> con veh\u00edculo con conductor.<\/p>\n<p>Para solicitar informaci\u00f3n del Tour puedes contactar a trav\u00e9s del formulario de contacto y nuestro equipo le pasar\u00e1 la informaci\u00f3n detallada de inmediato.<\/p>\n","protected":false},"excerpt":{"rendered":"<p>Aproveche esta oportunidad para conocer y disfrutar de <strong>Toledo<\/strong>, gracias a un <strong>tour privado<\/strong> a cargo de un gu\u00eda oficial privado. Podr\u00e1 conocer lo mejor de <strong>Toledo<\/strong> de forma c\u00f3moda gracias a su gu\u00eda oficial privado, en el que recorrer\u00e1 algunas de las principales atracciones de Toledo como la catedral y el alc\u00e1zar.<\/p>\n<h4>Destacado<\/h4>\n<ul>\n<li>[icon name=\"clock-o\" class=\"\" unprefixed_class=\"\"] <strong>Tour privado<\/strong> de 3 horas por la ciudad de Toledo<\/li>\n<li>[icon name=\"graduation-cap\" class=\"\" unprefixed_class=\"\"] Gu\u00eda oficial privado<\/li>\n<li>[icon name=\"star\" class=\"\" unprefixed_class=\"\"] Disfrute de las principales atracciones y monumentos de Toledo<\/li>\n<li>[icon name=\"eye\" class=\"\" unprefixed_class=\"\"] Lugares destacados: <strong>Alc\u00e1zar<\/strong> y <strong>Catedral<\/strong><\/li>\n<\/ul>\n","protected":false},"featured_media":8578,"comment_status":"open","ping_status":"closed","template":"","meta":{"_acf_changed":false},"product_brand":[],"product_cat":[353,541,542,355],"product_tag":[],"class_list":{"0":"post-9212","1":"product","2":"type-product","3":"status-publish","4":"has-post-thumbnail","6":"product_cat-toledo-es","7":"product_cat-toledo-actividades-es","8":"product_cat-toledo-rutas-turisticas-privadas-es","9":"product_cat-toledo-tours-privados-pie-es","11":"first","12":"instock","13":"shipping-taxable","14":"purchasable","15":"product-type-simple"},"acf":[],"yoast_head":"<!-- This site is optimized with the Yoast SEO Premium plugin v25.3.1 (Yoast SEO v25.3.1) - https:\/\/yoast.com\/wordpress\/plugins\/seo\/ -->\n<title>\u27a1\ufe0f Tour Toledo a pie | Tour Travel &amp; More<\/title>\n<meta name=\"description\" content=\"Este Tour de Toledo con su gu\u00eda privado le permitir\u00e1 conocer una de las ciudades Medievales m\u00e1s importantes de Europa declaradas Patrimonio de la Humanidad \u2705\" \/>\n<meta name=\"robots\" content=\"index, follow, max-snippet:-1, max-image-preview:large, max-video-preview:-1\" \/>\n<link rel=\"canonical\" href=\"https:\/\/tourtravelandmore.com\/es\/tours\/espana-es\/toledo-es\/tour-privado-pie-de-toledo\/\" \/>\n<meta property=\"og:locale\" content=\"es_ES\" \/>\n<meta property=\"og:type\" content=\"article\" \/>\n<meta property=\"og:title\" content=\"Tour Privado a pie de Toledo\" \/>\n<meta property=\"og:description\" content=\"Este Tour de Toledo con su gu\u00eda privado le permitir\u00e1 conocer una de las ciudades Medievales m\u00e1s importantes de Europa declaradas Patrimonio de la Humanidad \u2705\" \/>\n<meta property=\"og:url\" content=\"https:\/\/tourtravelandmore.com\/es\/tours\/espana-es\/toledo-es\/tour-privado-pie-de-toledo\/\" \/>\n<meta property=\"og:site_name\" content=\"Tour Travel And More\" \/>\n<meta property=\"article:publisher\" content=\"https:\/\/www.facebook.com\/tourtravelandmore\/\" \/>\n<meta property=\"article:modified_time\" content=\"2023-02-11T01:41:09+00:00\" \/>\n<meta property=\"og:image\" content=\"https:\/\/tourtravelandmore.com\/wp-content\/uploads\/2016\/10\/toledo-private-tour.jpg\" \/>\n\t<meta property=\"og:image:width\" content=\"1632\" \/>\n\t<meta property=\"og:image:height\" content=\"1080\" \/>\n\t<meta property=\"og:image:type\" content=\"image\/jpeg\" \/>\n<meta name=\"twitter:card\" content=\"summary_large_image\" \/>\n<meta name=\"twitter:site\" content=\"@TourTravel_More\" \/>\n<meta name=\"twitter:label1\" content=\"Tiempo de lectura\" \/>\n\t<meta name=\"twitter:data1\" content=\"2 minutos\" \/>\n<script type=\"application\/ld+json\" class=\"yoast-schema-graph\">{\"@context\":\"https:\/\/schema.org\",\"@graph\":[{\"@type\":\"WebPage\",\"@id\":\"https:\/\/tourtravelandmore.com\/es\/tours\/espana-es\/toledo-es\/tour-privado-pie-de-toledo\/\",\"url\":\"https:\/\/tourtravelandmore.com\/es\/tours\/espana-es\/toledo-es\/tour-privado-pie-de-toledo\/\",\"name\":\"\u27a1\ufe0f Tour Toledo a pie | Tour Travel & More\",\"isPartOf\":{\"@id\":\"https:\/\/tourtravelandmore.com\/es\/#website\"},\"primaryImageOfPage\":{\"@id\":\"https:\/\/tourtravelandmore.com\/es\/tours\/espana-es\/toledo-es\/tour-privado-pie-de-toledo\/#primaryimage\"},\"image\":{\"@id\":\"https:\/\/tourtravelandmore.com\/es\/tours\/espana-es\/toledo-es\/tour-privado-pie-de-toledo\/#primaryimage\"},\"thumbnailUrl\":\"https:\/\/tourtravelandmore.com\/wp-content\/uploads\/2016\/10\/toledo-private-tour.jpg\",\"datePublished\":\"2016-11-15T15:23:18+00:00\",\"dateModified\":\"2023-02-11T01:41:09+00:00\",\"description\":\"Este Tour de Toledo con su gu\u00eda privado le permitir\u00e1 conocer una de las ciudades Medievales m\u00e1s importantes de Europa declaradas Patrimonio de la Humanidad \u2705\",\"breadcrumb\":{\"@id\":\"https:\/\/tourtravelandmore.com\/es\/tours\/espana-es\/toledo-es\/tour-privado-pie-de-toledo\/#breadcrumb\"},\"inLanguage\":\"es\",\"potentialAction\":[{\"@type\":\"ReadAction\",\"target\":[\"https:\/\/tourtravelandmore.com\/es\/tours\/espana-es\/toledo-es\/tour-privado-pie-de-toledo\/\"]}]},{\"@type\":\"ImageObject\",\"inLanguage\":\"es\",\"@id\":\"https:\/\/tourtravelandmore.com\/es\/tours\/espana-es\/toledo-es\/tour-privado-pie-de-toledo\/#primaryimage\",\"url\":\"https:\/\/tourtravelandmore.com\/wp-content\/uploads\/2016\/10\/toledo-private-tour.jpg\",\"contentUrl\":\"https:\/\/tourtravelandmore.com\/wp-content\/uploads\/2016\/10\/toledo-private-tour.jpg\",\"width\":1632,\"height\":1080},{\"@type\":\"BreadcrumbList\",\"@id\":\"https:\/\/tourtravelandmore.com\/es\/tours\/espana-es\/toledo-es\/tour-privado-pie-de-toledo\/#breadcrumb\",\"itemListElement\":[{\"@type\":\"ListItem\",\"position\":1,\"name\":\"Home\",\"item\":\"https:\/\/tourtravelandmore.com\/es\/\"},{\"@type\":\"ListItem\",\"position\":2,\"name\":\"Tours\",\"item\":\"https:\/\/tourtravelandmore.com\/es\/tours\/\"},{\"@type\":\"ListItem\",\"position\":3,\"name\":\"Tour Privado a pie de Toledo\"}]},{\"@type\":\"WebSite\",\"@id\":\"https:\/\/tourtravelandmore.com\/es\/#website\",\"url\":\"https:\/\/tourtravelandmore.com\/es\/\",\"name\":\"Tour Travel And More\",\"description\":\"Private sightseeing tours and luxury transfers in Spain\",\"publisher\":{\"@id\":\"https:\/\/tourtravelandmore.com\/es\/#organization\"},\"potentialAction\":[{\"@type\":\"SearchAction\",\"target\":{\"@type\":\"EntryPoint\",\"urlTemplate\":\"https:\/\/tourtravelandmore.com\/es\/?s={search_term_string}\"},\"query-input\":{\"@type\":\"PropertyValueSpecification\",\"valueRequired\":true,\"valueName\":\"search_term_string\"}}],\"inLanguage\":\"es\"},{\"@type\":\"Organization\",\"@id\":\"https:\/\/tourtravelandmore.com\/es\/#organization\",\"name\":\"Tour Travel And More\",\"url\":\"https:\/\/tourtravelandmore.com\/es\/\",\"logo\":{\"@type\":\"ImageObject\",\"inLanguage\":\"es\",\"@id\":\"https:\/\/tourtravelandmore.com\/es\/#\/schema\/logo\/image\/\",\"url\":\"https:\/\/tourtravelandmore.com\/wp-content\/uploads\/2022\/12\/cropped-logo-cabecera-new.png\",\"contentUrl\":\"https:\/\/tourtravelandmore.com\/wp-content\/uploads\/2022\/12\/cropped-logo-cabecera-new.png\",\"width\":430,\"height\":61,\"caption\":\"Tour Travel And More\"},\"image\":{\"@id\":\"https:\/\/tourtravelandmore.com\/es\/#\/schema\/logo\/image\/\"},\"sameAs\":[\"https:\/\/www.facebook.com\/tourtravelandmore\/\",\"https:\/\/x.com\/TourTravel_More\"]}]}<\/script>\n<!-- \/ Yoast SEO Premium plugin. -->","yoast_head_json":{"title":"\u27a1\ufe0f Tour Toledo a pie | Tour Travel & More","description":"Este Tour de Toledo con su gu\u00eda privado le permitir\u00e1 conocer una de las ciudades Medievales m\u00e1s importantes de Europa declaradas Patrimonio de la Humanidad \u2705","robots":{"index":"index","follow":"follow","max-snippet":"max-snippet:-1","max-image-preview":"max-image-preview:large","max-video-preview":"max-video-preview:-1"},"canonical":"https:\/\/tourtravelandmore.com\/es\/tours\/espana-es\/toledo-es\/tour-privado-pie-de-toledo\/","og_locale":"es_ES","og_type":"article","og_title":"Tour Privado a pie de Toledo","og_description":"Este Tour de Toledo con su gu\u00eda privado le permitir\u00e1 conocer una de las ciudades Medievales m\u00e1s importantes de Europa declaradas Patrimonio de la Humanidad \u2705","og_url":"https:\/\/tourtravelandmore.com\/es\/tours\/espana-es\/toledo-es\/tour-privado-pie-de-toledo\/","og_site_name":"Tour Travel And More","article_publisher":"https:\/\/www.facebook.com\/tourtravelandmore\/","article_modified_time":"2023-02-11T01:41:09+00:00","og_image":[{"width":1632,"height":1080,"url":"https:\/\/tourtravelandmore.com\/wp-content\/uploads\/2016\/10\/toledo-private-tour.jpg","type":"image\/jpeg"}],"twitter_card":"summary_large_image","twitter_site":"@TourTravel_More","twitter_misc":{"Tiempo de lectura":"2 minutos"},"schema":{"@context":"https:\/\/schema.org","@graph":[{"@type":"WebPage","@id":"https:\/\/tourtravelandmore.com\/es\/tours\/espana-es\/toledo-es\/tour-privado-pie-de-toledo\/","url":"https:\/\/tourtravelandmore.com\/es\/tours\/espana-es\/toledo-es\/tour-privado-pie-de-toledo\/","name":"\u27a1\ufe0f Tour Toledo a pie | Tour Travel & More","isPartOf":{"@id":"https:\/\/tourtravelandmore.com\/es\/#website"},"primaryImageOfPage":{"@id":"https:\/\/tourtravelandmore.com\/es\/tours\/espana-es\/toledo-es\/tour-privado-pie-de-toledo\/#primaryimage"},"image":{"@id":"https:\/\/tourtravelandmore.com\/es\/tours\/espana-es\/toledo-es\/tour-privado-pie-de-toledo\/#primaryimage"},"thumbnailUrl":"https:\/\/tourtravelandmore.com\/wp-content\/uploads\/2016\/10\/toledo-private-tour.jpg","datePublished":"2016-11-15T15:23:18+00:00","dateModified":"2023-02-11T01:41:09+00:00","description":"Este Tour de Toledo con su gu\u00eda privado le permitir\u00e1 conocer una de las ciudades Medievales m\u00e1s importantes de Europa declaradas Patrimonio de la Humanidad \u2705","breadcrumb":{"@id":"https:\/\/tourtravelandmore.com\/es\/tours\/espana-es\/toledo-es\/tour-privado-pie-de-toledo\/#breadcrumb"},"inLanguage":"es","potentialAction":[{"@type":"ReadAction","target":["https:\/\/tourtravelandmore.com\/es\/tours\/espana-es\/toledo-es\/tour-privado-pie-de-toledo\/"]}]},{"@type":"ImageObject","inLanguage":"es","@id":"https:\/\/tourtravelandmore.com\/es\/tours\/espana-es\/toledo-es\/tour-privado-pie-de-toledo\/#primaryimage","url":"https:\/\/tourtravelandmore.com\/wp-content\/uploads\/2016\/10\/toledo-private-tour.jpg","contentUrl":"https:\/\/tourtravelandmore.com\/wp-content\/uploads\/2016\/10\/toledo-private-tour.jpg","width":1632,"height":1080},{"@type":"BreadcrumbList","@id":"https:\/\/tourtravelandmore.com\/es\/tours\/espana-es\/toledo-es\/tour-privado-pie-de-toledo\/#breadcrumb","itemListElement":[{"@type":"ListItem","position":1,"name":"Home","item":"https:\/\/tourtravelandmore.com\/es\/"},{"@type":"ListItem","position":2,"name":"Tours","item":"https:\/\/tourtravelandmore.com\/es\/tours\/"},{"@type":"ListItem","position":3,"name":"Tour Privado a pie de Toledo"}]},{"@type":"WebSite","@id":"https:\/\/tourtravelandmore.com\/es\/#website","url":"https:\/\/tourtravelandmore.com\/es\/","name":"Tour Travel And More","description":"Private sightseeing tours and luxury transfers in Spain","publisher":{"@id":"https:\/\/tourtravelandmore.com\/es\/#organization"},"potentialAction":[{"@type":"SearchAction","target":{"@type":"EntryPoint","urlTemplate":"https:\/\/tourtravelandmore.com\/es\/?s={search_term_string}"},"query-input":{"@type":"PropertyValueSpecification","valueRequired":true,"valueName":"search_term_string"}}],"inLanguage":"es"},{"@type":"Organization","@id":"https:\/\/tourtravelandmore.com\/es\/#organization","name":"Tour Travel And More","url":"https:\/\/tourtravelandmore.com\/es\/","logo":{"@type":"ImageObject","inLanguage":"es","@id":"https:\/\/tourtravelandmore.com\/es\/#\/schema\/logo\/image\/","url":"https:\/\/tourtravelandmore.com\/wp-content\/uploads\/2022\/12\/cropped-logo-cabecera-new.png","contentUrl":"https:\/\/tourtravelandmore.com\/wp-content\/uploads\/2022\/12\/cropped-logo-cabecera-new.png","width":430,"height":61,"caption":"Tour Travel And More"},"image":{"@id":"https:\/\/tourtravelandmore.com\/es\/#\/schema\/logo\/image\/"},"sameAs":["https:\/\/www.facebook.com\/tourtravelandmore\/","https:\/\/x.com\/TourTravel_More"]}]}},"_links":{"self":[{"href":"https:\/\/tourtravelandmore.com\/es\/wp-json\/wp\/v2\/product\/9212","targetHints":{"allow":["GET"]}}],"collection":[{"href":"https:\/\/tourtravelandmore.com\/es\/wp-json\/wp\/v2\/product"}],"about":[{"href":"https:\/\/tourtravelandmore.com\/es\/wp-json\/wp\/v2\/types\/product"}],"replies":[{"embeddable":true,"href":"https:\/\/tourtravelandmore.com\/es\/wp-json\/wp\/v2\/comments?post=9212"}],"wp:featuredmedia":[{"embeddable":true,"href":"https:\/\/tourtravelandmore.com\/es\/wp-json\/wp\/v2\/media\/8578"}],"wp:attachment":[{"href":"https:\/\/tourtravelandmore.com\/es\/wp-json\/wp\/v2\/media?parent=9212"}],"wp:term":[{"taxonomy":"product_brand","embeddable":true,"href":"https:\/\/tourtravelandmore.com\/es\/wp-json\/wp\/v2\/product_brand?post=9212"},{"taxonomy":"product_cat","embeddable":true,"href":"https:\/\/tourtravelandmore.com\/es\/wp-json\/wp\/v2\/product_cat?post=9212"},{"taxonomy":"product_tag","embeddable":true,"href":"https:\/\/tourtravelandmore.com\/es\/wp-json\/wp\/v2\/product_tag?post=9212"}],"curies":[{"name":"wp","href":"https:\/\/api.w.org\/{rel}","templated":true}]}}