{"id":92091,"date":"2021-01-26T12:33:35","date_gmt":"2021-01-26T11:33:36","guid":{"rendered":"https:\/\/tourtravelandmore.com\/?post_type=product&#038;p=92091"},"modified":"2023-05-13T02:36:19","modified_gmt":"2023-05-13T00:36:19","slug":"tour-privado-a-noosa-desde-brisbane","status":"publish","type":"product","link":"https:\/\/tourtravelandmore.com\/es\/tours\/australia-es\/brisbane-es\/brisbane-actividades-es\/tour-privado-a-noosa-desde-brisbane\/","title":{"rendered":"Tour Privado a Sunshine Coast y Noosa desde Brisbane"},"content":{"rendered":"<h2><strong>Descripci\u00f3n del Tour Privado a Sunshine Coast y Noosa desde Brisbane<\/strong><\/h2>\n<p>Explora la maravillosa <strong>Sunshine Coast<\/strong>, una de las regiones m\u00e1s <strong>bonitas<\/strong> de <strong>Queensland<\/strong>. Durante este<strong> tour privado a Noosa desde Brisbane<\/strong> podr\u00e1s descubrir sus maravillosas playas y las hermosas calles de <strong>Noosa heads.<\/strong><\/p>\n<p>Par dar comienzo a su excursi\u00f3n, su chofer\/gu\u00eda le recoger\u00e1 en su sitio <strong>deseado en Brisbane<\/strong>. Le podemos recoger en su hotel, apartamento, aeropuerto o sitio deseado en la ciudad. A continuaci\u00f3n iniciaremos viaje hacia la maravillosa <strong>Sunshine Coast.<\/strong><\/p>\n<p>Durante su tour podr\u00e1 visitar<strong> Noosa y Montville<\/strong>, entre otros sitios. El itinerario que ofrecemos es tan solo orientativo, <strong>el mismo es completamente adaptable a su deseo personal.<\/strong><\/p>\n<h2><strong>Puntos de inter\u00e9s en el Tour Privado a Sunshine Coast y Noosa desde Brisbane<\/strong><\/h2>\n<p><strong><a href=\"https:\/\/www.visitsunshinecoast.com\/\">Sunshine coast<\/a> <\/strong>alberga algunas de las playas m\u00e1s bonitas de Queensland, <strong>maravillosos parques nacionales y paisajes, adem\u00e1s de un estilo de vida cosmopolita que, junto a un maravilloso clima, invitan durante todo el a\u00f1o a todos los amantes del sol, el surf y las playas.<\/strong><\/p>\n<p>Con nuestro <strong>tour privado a Noosa desde Brisbane<\/strong> podr\u00e1 usted explorar las maravillosas <strong>playas y el paisaje<\/strong> de la regi\u00f3n. Podr\u00e1s visitar los sitios m\u00e1s bonitos de los m\u00e1s de <strong>100 km de costa.<\/strong><\/p>\n<p>Luego de que su gu\u00eda le recoja en Brisbane iniciar\u00e1n viaje hacia <strong>Blackall Ranges<\/strong>, donde podr\u00e1 disfrutar una maravillosa vista panor\u00e1mica de la <strong>costa de Queensland<\/strong>. A continuaci\u00f3n visitar\u00e1s diversos pueblos locales, haciendo una parada en la reserva y mirador de <strong>Mary Cairncross<\/strong>. All\u00ed podr\u00e1 disfrutar una maravillosa vista panor\u00e1mica de las monta\u00f1as <strong>Glass House<\/strong>. Podr\u00e1 tambi\u00e9n visitar el mirador<strong> Gerrard\u2019s<\/strong> para otra maravillosa vista de la costa.<\/p>\n<p>A continuaci\u00f3n visitar\u00e1 <strong>Montville<\/strong>, un pueblo rural con no m\u00e1s de 1000 habitantes. Podr\u00e1s caminar su centro con galer\u00edas de arte y tiendas boutique. <strong>Montville<\/strong> es reconocida tambi\u00e9n por su oferta gastron\u00f3mica.<\/p>\n<p>Finalmente, llegaremos a <strong>Noosa<\/strong>, uno de los pueblos costeros m\u00e1s visitados en el pa\u00eds. Caminar\u00e1s la maravillosa calle Hastings a trav\u00e9s de sus tiendas y restaurantes, y por supuesto podr\u00e1s caminar junto a la playa de <strong>Noosa<\/strong>.<\/p>\n<p>Su chofer\/gu\u00eda estar\u00e1 a su entera disposici\u00f3n y les ayudar\u00e1 a disfrutar un d\u00eda inolvidable desde Brisbane. En caso de que est\u00e9 interesado en otras excursiones desde Brisbane, por favor no deje de contactarnos. Ofrecemos diversos tours desde la ciudad capital de Queensland, podr\u00e1 ver nuestras ofertas en nuestro <a href=\"https:\/\/tourtravelandmore.com\/es\/ciudad\/australia-es\/brisbane-es\/\">sitio web<\/a>.<\/p>\n","protected":false},"excerpt":{"rendered":"<p>Visite Noosa, un maravilloso pueblo costero, y la sunshine coast en un d\u00eda desde Brisbane. Disfrute una experiencia privada a medida.<\/p>\n","protected":false},"featured_media":92115,"comment_status":"open","ping_status":"closed","template":"","meta":{"_acf_changed":false},"product_brand":[],"product_cat":[3421,3465,3485,3487],"product_tag":[],"class_list":{"0":"post-92091","1":"product","2":"type-product","3":"status-publish","4":"has-post-thumbnail","6":"product_cat-australia-es","7":"product_cat-brisbane-es","8":"product_cat-brisbane-actividades-es","9":"product_cat-brisbane-tours-es","11":"first","12":"instock","13":"shipping-taxable","14":"purchasable","15":"product-type-simple"},"acf":[],"yoast_head":"<!-- This site is optimized with the Yoast SEO Premium plugin v25.3.1 (Yoast SEO v25.3.1) - https:\/\/yoast.com\/wordpress\/plugins\/seo\/ -->\n<title>\u27a1\ufe0f Tour privado a Noosa desde Brisbane con gu\u00eda local<\/title>\n<meta name=\"description\" content=\"Disfrute de este tour privado a Noosa desde Brisbane junto a un gu\u00eda local experto. Descubra uno de los pueblos m\u00e1s bonitos de la costa \u2705\" \/>\n<meta name=\"robots\" content=\"index, follow, max-snippet:-1, max-image-preview:large, max-video-preview:-1\" \/>\n<link rel=\"canonical\" href=\"https:\/\/tourtravelandmore.com\/es\/tours\/australia-es\/brisbane-es\/brisbane-actividades-es\/tour-privado-a-noosa-desde-brisbane\/\" \/>\n<meta property=\"og:locale\" content=\"es_ES\" \/>\n<meta property=\"og:type\" content=\"article\" \/>\n<meta property=\"og:title\" content=\"Tour Privado a Sunshine Coast y Noosa desde Brisbane\" \/>\n<meta property=\"og:description\" content=\"Disfrute de este tour privado a Noosa desde Brisbane junto a un gu\u00eda local experto. Descubra uno de los pueblos m\u00e1s bonitos de la costa \u2705\" \/>\n<meta property=\"og:url\" content=\"https:\/\/tourtravelandmore.com\/es\/tours\/australia-es\/brisbane-es\/brisbane-actividades-es\/tour-privado-a-noosa-desde-brisbane\/\" \/>\n<meta property=\"og:site_name\" content=\"Tour Travel And More\" \/>\n<meta property=\"article:publisher\" content=\"https:\/\/www.facebook.com\/tourtravelandmore\/\" \/>\n<meta property=\"article:modified_time\" content=\"2023-05-13T00:36:19+00:00\" \/>\n<meta property=\"og:image\" content=\"https:\/\/tourtravelandmore.com\/wp-content\/uploads\/2021\/01\/Noosa-2.jpeg\" \/>\n\t<meta property=\"og:image:width\" content=\"1350\" \/>\n\t<meta property=\"og:image:height\" content=\"900\" \/>\n\t<meta property=\"og:image:type\" content=\"image\/jpeg\" \/>\n<meta name=\"twitter:card\" content=\"summary_large_image\" \/>\n<meta name=\"twitter:site\" content=\"@TourTravel_More\" \/>\n<meta name=\"twitter:label1\" content=\"Tiempo de lectura\" \/>\n\t<meta name=\"twitter:data1\" content=\"2 minutos\" \/>\n<script type=\"application\/ld+json\" class=\"yoast-schema-graph\">{\"@context\":\"https:\/\/schema.org\",\"@graph\":[{\"@type\":\"WebPage\",\"@id\":\"https:\/\/tourtravelandmore.com\/es\/tours\/australia-es\/brisbane-es\/brisbane-actividades-es\/tour-privado-a-noosa-desde-brisbane\/\",\"url\":\"https:\/\/tourtravelandmore.com\/es\/tours\/australia-es\/brisbane-es\/brisbane-actividades-es\/tour-privado-a-noosa-desde-brisbane\/\",\"name\":\"\u27a1\ufe0f Tour privado a Noosa desde Brisbane con gu\u00eda local\",\"isPartOf\":{\"@id\":\"https:\/\/tourtravelandmore.com\/es\/#website\"},\"primaryImageOfPage\":{\"@id\":\"https:\/\/tourtravelandmore.com\/es\/tours\/australia-es\/brisbane-es\/brisbane-actividades-es\/tour-privado-a-noosa-desde-brisbane\/#primaryimage\"},\"image\":{\"@id\":\"https:\/\/tourtravelandmore.com\/es\/tours\/australia-es\/brisbane-es\/brisbane-actividades-es\/tour-privado-a-noosa-desde-brisbane\/#primaryimage\"},\"thumbnailUrl\":\"https:\/\/tourtravelandmore.com\/wp-content\/uploads\/2021\/01\/Noosa-2.jpeg\",\"datePublished\":\"2021-01-26T11:33:36+00:00\",\"dateModified\":\"2023-05-13T00:36:19+00:00\",\"description\":\"Disfrute de este tour privado a Noosa desde Brisbane junto a un gu\u00eda local experto. Descubra uno de los pueblos m\u00e1s bonitos de la costa \u2705\",\"breadcrumb\":{\"@id\":\"https:\/\/tourtravelandmore.com\/es\/tours\/australia-es\/brisbane-es\/brisbane-actividades-es\/tour-privado-a-noosa-desde-brisbane\/#breadcrumb\"},\"inLanguage\":\"es\",\"potentialAction\":[{\"@type\":\"ReadAction\",\"target\":[\"https:\/\/tourtravelandmore.com\/es\/tours\/australia-es\/brisbane-es\/brisbane-actividades-es\/tour-privado-a-noosa-desde-brisbane\/\"]}]},{\"@type\":\"ImageObject\",\"inLanguage\":\"es\",\"@id\":\"https:\/\/tourtravelandmore.com\/es\/tours\/australia-es\/brisbane-es\/brisbane-actividades-es\/tour-privado-a-noosa-desde-brisbane\/#primaryimage\",\"url\":\"https:\/\/tourtravelandmore.com\/wp-content\/uploads\/2021\/01\/Noosa-2.jpeg\",\"contentUrl\":\"https:\/\/tourtravelandmore.com\/wp-content\/uploads\/2021\/01\/Noosa-2.jpeg\",\"width\":1350,\"height\":900,\"caption\":\"Noosa\"},{\"@type\":\"BreadcrumbList\",\"@id\":\"https:\/\/tourtravelandmore.com\/es\/tours\/australia-es\/brisbane-es\/brisbane-actividades-es\/tour-privado-a-noosa-desde-brisbane\/#breadcrumb\",\"itemListElement\":[{\"@type\":\"ListItem\",\"position\":1,\"name\":\"Home\",\"item\":\"https:\/\/tourtravelandmore.com\/es\/\"},{\"@type\":\"ListItem\",\"position\":2,\"name\":\"Tours\",\"item\":\"https:\/\/tourtravelandmore.com\/es\/tours\/\"},{\"@type\":\"ListItem\",\"position\":3,\"name\":\"Tour Privado a Sunshine Coast y Noosa desde Brisbane\"}]},{\"@type\":\"WebSite\",\"@id\":\"https:\/\/tourtravelandmore.com\/es\/#website\",\"url\":\"https:\/\/tourtravelandmore.com\/es\/\",\"name\":\"Tour Travel And More\",\"description\":\"Private sightseeing tours and luxury transfers in Spain\",\"publisher\":{\"@id\":\"https:\/\/tourtravelandmore.com\/es\/#organization\"},\"potentialAction\":[{\"@type\":\"SearchAction\",\"target\":{\"@type\":\"EntryPoint\",\"urlTemplate\":\"https:\/\/tourtravelandmore.com\/es\/?s={search_term_string}\"},\"query-input\":{\"@type\":\"PropertyValueSpecification\",\"valueRequired\":true,\"valueName\":\"search_term_string\"}}],\"inLanguage\":\"es\"},{\"@type\":\"Organization\",\"@id\":\"https:\/\/tourtravelandmore.com\/es\/#organization\",\"name\":\"Tour Travel And More\",\"url\":\"https:\/\/tourtravelandmore.com\/es\/\",\"logo\":{\"@type\":\"ImageObject\",\"inLanguage\":\"es\",\"@id\":\"https:\/\/tourtravelandmore.com\/es\/#\/schema\/logo\/image\/\",\"url\":\"https:\/\/tourtravelandmore.com\/wp-content\/uploads\/2022\/12\/cropped-logo-cabecera-new.png\",\"contentUrl\":\"https:\/\/tourtravelandmore.com\/wp-content\/uploads\/2022\/12\/cropped-logo-cabecera-new.png\",\"width\":430,\"height\":61,\"caption\":\"Tour Travel And More\"},\"image\":{\"@id\":\"https:\/\/tourtravelandmore.com\/es\/#\/schema\/logo\/image\/\"},\"sameAs\":[\"https:\/\/www.facebook.com\/tourtravelandmore\/\",\"https:\/\/x.com\/TourTravel_More\"]}]}<\/script>\n<!-- \/ Yoast SEO Premium plugin. -->","yoast_head_json":{"title":"\u27a1\ufe0f Tour privado a Noosa desde Brisbane con gu\u00eda local","description":"Disfrute de este tour privado a Noosa desde Brisbane junto a un gu\u00eda local experto. Descubra uno de los pueblos m\u00e1s bonitos de la costa \u2705","robots":{"index":"index","follow":"follow","max-snippet":"max-snippet:-1","max-image-preview":"max-image-preview:large","max-video-preview":"max-video-preview:-1"},"canonical":"https:\/\/tourtravelandmore.com\/es\/tours\/australia-es\/brisbane-es\/brisbane-actividades-es\/tour-privado-a-noosa-desde-brisbane\/","og_locale":"es_ES","og_type":"article","og_title":"Tour Privado a Sunshine Coast y Noosa desde Brisbane","og_description":"Disfrute de este tour privado a Noosa desde Brisbane junto a un gu\u00eda local experto. Descubra uno de los pueblos m\u00e1s bonitos de la costa \u2705","og_url":"https:\/\/tourtravelandmore.com\/es\/tours\/australia-es\/brisbane-es\/brisbane-actividades-es\/tour-privado-a-noosa-desde-brisbane\/","og_site_name":"Tour Travel And More","article_publisher":"https:\/\/www.facebook.com\/tourtravelandmore\/","article_modified_time":"2023-05-13T00:36:19+00:00","og_image":[{"width":1350,"height":900,"url":"https:\/\/tourtravelandmore.com\/wp-content\/uploads\/2021\/01\/Noosa-2.jpeg","type":"image\/jpeg"}],"twitter_card":"summary_large_image","twitter_site":"@TourTravel_More","twitter_misc":{"Tiempo de lectura":"2 minutos"},"schema":{"@context":"https:\/\/schema.org","@graph":[{"@type":"WebPage","@id":"https:\/\/tourtravelandmore.com\/es\/tours\/australia-es\/brisbane-es\/brisbane-actividades-es\/tour-privado-a-noosa-desde-brisbane\/","url":"https:\/\/tourtravelandmore.com\/es\/tours\/australia-es\/brisbane-es\/brisbane-actividades-es\/tour-privado-a-noosa-desde-brisbane\/","name":"\u27a1\ufe0f Tour privado a Noosa desde Brisbane con gu\u00eda local","isPartOf":{"@id":"https:\/\/tourtravelandmore.com\/es\/#website"},"primaryImageOfPage":{"@id":"https:\/\/tourtravelandmore.com\/es\/tours\/australia-es\/brisbane-es\/brisbane-actividades-es\/tour-privado-a-noosa-desde-brisbane\/#primaryimage"},"image":{"@id":"https:\/\/tourtravelandmore.com\/es\/tours\/australia-es\/brisbane-es\/brisbane-actividades-es\/tour-privado-a-noosa-desde-brisbane\/#primaryimage"},"thumbnailUrl":"https:\/\/tourtravelandmore.com\/wp-content\/uploads\/2021\/01\/Noosa-2.jpeg","datePublished":"2021-01-26T11:33:36+00:00","dateModified":"2023-05-13T00:36:19+00:00","description":"Disfrute de este tour privado a Noosa desde Brisbane junto a un gu\u00eda local experto. Descubra uno de los pueblos m\u00e1s bonitos de la costa \u2705","breadcrumb":{"@id":"https:\/\/tourtravelandmore.com\/es\/tours\/australia-es\/brisbane-es\/brisbane-actividades-es\/tour-privado-a-noosa-desde-brisbane\/#breadcrumb"},"inLanguage":"es","potentialAction":[{"@type":"ReadAction","target":["https:\/\/tourtravelandmore.com\/es\/tours\/australia-es\/brisbane-es\/brisbane-actividades-es\/tour-privado-a-noosa-desde-brisbane\/"]}]},{"@type":"ImageObject","inLanguage":"es","@id":"https:\/\/tourtravelandmore.com\/es\/tours\/australia-es\/brisbane-es\/brisbane-actividades-es\/tour-privado-a-noosa-desde-brisbane\/#primaryimage","url":"https:\/\/tourtravelandmore.com\/wp-content\/uploads\/2021\/01\/Noosa-2.jpeg","contentUrl":"https:\/\/tourtravelandmore.com\/wp-content\/uploads\/2021\/01\/Noosa-2.jpeg","width":1350,"height":900,"caption":"Noosa"},{"@type":"BreadcrumbList","@id":"https:\/\/tourtravelandmore.com\/es\/tours\/australia-es\/brisbane-es\/brisbane-actividades-es\/tour-privado-a-noosa-desde-brisbane\/#breadcrumb","itemListElement":[{"@type":"ListItem","position":1,"name":"Home","item":"https:\/\/tourtravelandmore.com\/es\/"},{"@type":"ListItem","position":2,"name":"Tours","item":"https:\/\/tourtravelandmore.com\/es\/tours\/"},{"@type":"ListItem","position":3,"name":"Tour Privado a Sunshine Coast y Noosa desde Brisbane"}]},{"@type":"WebSite","@id":"https:\/\/tourtravelandmore.com\/es\/#website","url":"https:\/\/tourtravelandmore.com\/es\/","name":"Tour Travel And More","description":"Private sightseeing tours and luxury transfers in Spain","publisher":{"@id":"https:\/\/tourtravelandmore.com\/es\/#organization"},"potentialAction":[{"@type":"SearchAction","target":{"@type":"EntryPoint","urlTemplate":"https:\/\/tourtravelandmore.com\/es\/?s={search_term_string}"},"query-input":{"@type":"PropertyValueSpecification","valueRequired":true,"valueName":"search_term_string"}}],"inLanguage":"es"},{"@type":"Organization","@id":"https:\/\/tourtravelandmore.com\/es\/#organization","name":"Tour Travel And More","url":"https:\/\/tourtravelandmore.com\/es\/","logo":{"@type":"ImageObject","inLanguage":"es","@id":"https:\/\/tourtravelandmore.com\/es\/#\/schema\/logo\/image\/","url":"https:\/\/tourtravelandmore.com\/wp-content\/uploads\/2022\/12\/cropped-logo-cabecera-new.png","contentUrl":"https:\/\/tourtravelandmore.com\/wp-content\/uploads\/2022\/12\/cropped-logo-cabecera-new.png","width":430,"height":61,"caption":"Tour Travel And More"},"image":{"@id":"https:\/\/tourtravelandmore.com\/es\/#\/schema\/logo\/image\/"},"sameAs":["https:\/\/www.facebook.com\/tourtravelandmore\/","https:\/\/x.com\/TourTravel_More"]}]}},"_links":{"self":[{"href":"https:\/\/tourtravelandmore.com\/es\/wp-json\/wp\/v2\/product\/92091","targetHints":{"allow":["GET"]}}],"collection":[{"href":"https:\/\/tourtravelandmore.com\/es\/wp-json\/wp\/v2\/product"}],"about":[{"href":"https:\/\/tourtravelandmore.com\/es\/wp-json\/wp\/v2\/types\/product"}],"replies":[{"embeddable":true,"href":"https:\/\/tourtravelandmore.com\/es\/wp-json\/wp\/v2\/comments?post=92091"}],"wp:featuredmedia":[{"embeddable":true,"href":"https:\/\/tourtravelandmore.com\/es\/wp-json\/wp\/v2\/media\/92115"}],"wp:attachment":[{"href":"https:\/\/tourtravelandmore.com\/es\/wp-json\/wp\/v2\/media?parent=92091"}],"wp:term":[{"taxonomy":"product_brand","embeddable":true,"href":"https:\/\/tourtravelandmore.com\/es\/wp-json\/wp\/v2\/product_brand?post=92091"},{"taxonomy":"product_cat","embeddable":true,"href":"https:\/\/tourtravelandmore.com\/es\/wp-json\/wp\/v2\/product_cat?post=92091"},{"taxonomy":"product_tag","embeddable":true,"href":"https:\/\/tourtravelandmore.com\/es\/wp-json\/wp\/v2\/product_tag?post=92091"}],"curies":[{"name":"wp","href":"https:\/\/api.w.org\/{rel}","templated":true}]}}