{"id":92045,"date":"2021-01-26T10:50:34","date_gmt":"2021-01-26T09:50:35","guid":{"rendered":"https:\/\/tourtravelandmore.com\/?post_type=product&#038;p=92045"},"modified":"2023-05-13T02:33:45","modified_gmt":"2023-05-13T00:33:45","slug":"tour-privado-a-byron-bay-desde-brisbane","status":"publish","type":"product","link":"https:\/\/tourtravelandmore.com\/es\/tours\/australia-es\/brisbane-es\/brisbane-actividades-es\/tour-privado-a-byron-bay-desde-brisbane\/","title":{"rendered":"Tour Privado a Byron Bay y Crystal Castle desde Brisbane"},"content":{"rendered":"<h2><strong>Descripci\u00f3n del Tour Privado a Byron Bay y Crystal Castle desde Brisbane<\/strong><\/h2>\n<p>Visita <strong>Byron Bay<\/strong>, la joya de la costa de<strong> NSW<\/strong>, con nuestro <strong>tour privado a Byron Bay desde Brisbane<\/strong>. Atraviesa la M1 por la famosa <strong>Gold Coast<\/strong> y los parques tem\u00e1ticos hasta llegar a Byron Bay. Visitar\u00e1s <strong>Surfers Paradise<\/strong> y el m\u00e1gico jard\u00edn <strong>Crystal Castle<\/strong>.<\/p>\n<p>Para dar comienzo a su excursi\u00f3n, su gu\u00eda le recoger\u00e1 en su <strong>sitio deseado en Brisbane<\/strong>. Le podremos recoger en su hotel, apartamento, aeropuerto o sitio deseado en la ciudad. A continuaci\u00f3n iniciaremos el viaje en direcci\u00f3n sur.<\/p>\n<p>Hay muchos sitios que podr\u00e1 visitar de camino a <strong>Byron Bay<\/strong>. El itinerario que ofrecemos es tan solo una propuesta, el mismo es adaptable a su inter\u00e9s personal. Por favor, no dude en contactarnos, nuestro equipo de expertos le ayudar\u00e1 a coordinar una <strong>experiencia personalizada.<\/strong><\/p>\n<h2><strong>Puntos de inter\u00e9s en el Tour Privado a Byron Bay y Crystal Castle desde Brisbane<\/strong><\/h2>\n<p>Byron Bay es la ciudad de <strong>Australia con el punto m\u00e1s al Este<\/strong>. Alberga <strong>maravillosas playas, bosques tropicales, una maravillosa oferta gastron\u00f3mica y retiros new-age<\/strong>. El pueblo es ideal para aquellos amantes del surf, la playa y la naturaleza.<\/p>\n<p>Luego de que su gu\u00eda le recoja en Brisbane iniciar\u00e1 viaje por la<strong> M1<\/strong> hacia el sur. La primera parada de su tour privado a Byron Bay desde Brisbane ser\u00e1 <strong>Surfers Paradise<\/strong>. Nos detendremos all\u00ed para tomar fotos de esta maravillosa playa y caminar en su blanca arena. Luego de ello seguiremos viaje hacia el Cabo de Byron Bay.<\/p>\n<p>El <strong>Cabo de Byron Bay<\/strong> es un espectacular mirador, desde donde podr\u00e1s ver delfines, tortugas marinas e incluso ballenas en la \u00e9poca de migraci\u00f3n. A continuaci\u00f3n bajaremos hacia el pueblo de Byron Bay. Caminar\u00e1s a trav\u00e9s de sus maravillosas tiendas y su playa, repleta de surfers. En caso de que visites el pueblo el primer Domingo del mes, podr\u00e1s visitar el mercado local <a href=\"http:\/\/byroncentre.com.au\/markets\/community-market\/\" target=\"_blank\" rel=\"noopener noreferrer\" data-ceddl-trigger=\"click\" data-ceddl-event-info=\"{&quot;eventName&quot;:&quot;linkClick&quot;,&quot;pageTitle&quot;:&quot;Guide\u00a0to\u00a0Byron\u00a0Bay\u00a0-\u00a0Tourism\u00a0Australia&quot;,&quot;name&quot;:&quot;&quot;,&quot;linkURL&quot;:&quot;http:\/\/byroncentre.com.au\/markets\/community-market\/&quot;}\">Byron Bay Community Market.<\/a><\/p>\n<p>Finalmente, antes de retornar a Brisbane, visitar\u00e1s <a href=\"https:\/\/www.crystalcastle.com.au\/\"><strong>Crystal\u00a0<\/strong><strong>Castle &amp; Shambhala Gardens<\/strong><\/a>. Este sitio alberga la colecci\u00f3n de cristales m\u00e1s grande de Australia, con algunos de los cristales m\u00e1s grande del mundo. Podr\u00e1s visitar el World Peace Stupa, un monumento sagrado creado para protegernos de las energ\u00edas negativas.<\/p>\n<p>Su chofer\/gu\u00eda estar\u00e1 a su entera disposici\u00f3n y les ayudar\u00e1 a disfrutar un d\u00eda inolvidable desde Brisbane. En caso de que est\u00e9 interesado en otras excursiones desde Brisbane, por favor no deje de contactarnos. Ofrecemos diversos tours desde la ciudad capital de Queensland, podr\u00e1 ver nuestra oferta en nuestro <a href=\"https:\/\/tourtravelandmore.com\/es\/ciudad\/australia-es\/brisbane-es\/\">sitio web<\/a>.<\/p>\n","protected":false},"excerpt":{"rendered":"<p>Visite uno de los pueblos m\u00e1s bonitos de la costa australiana en un d\u00eda desde Brisbane. Disfrute una experiencia a medida.<\/p>\n","protected":false},"featured_media":92080,"comment_status":"open","ping_status":"closed","template":"","meta":{"_acf_changed":false},"product_brand":[],"product_cat":[3421,3465,3485,3487],"product_tag":[],"class_list":{"0":"post-92045","1":"product","2":"type-product","3":"status-publish","4":"has-post-thumbnail","6":"product_cat-australia-es","7":"product_cat-brisbane-es","8":"product_cat-brisbane-actividades-es","9":"product_cat-brisbane-tours-es","11":"first","12":"instock","13":"shipping-taxable","14":"purchasable","15":"product-type-simple"},"acf":[],"yoast_head":"<!-- This site is optimized with the Yoast SEO Premium plugin v25.3.1 (Yoast SEO v25.3.1) - https:\/\/yoast.com\/wordpress\/plugins\/seo\/ -->\n<title>\u27a1\ufe0f Tour privado a Byron Bay desde Brisbane - Tour Travel &amp; More<\/title>\n<meta name=\"description\" content=\"Disfrute de este tour privado a Byron Bay desde Brisbane junto a un gu\u00eda local experto. Descubra uno de los pueblos m\u00e1s bonitos de la costa \u2705\" \/>\n<meta name=\"robots\" content=\"index, follow, max-snippet:-1, max-image-preview:large, max-video-preview:-1\" \/>\n<link rel=\"canonical\" href=\"https:\/\/tourtravelandmore.com\/es\/tours\/australia-es\/brisbane-es\/brisbane-actividades-es\/tour-privado-a-byron-bay-desde-brisbane\/\" \/>\n<meta property=\"og:locale\" content=\"es_ES\" \/>\n<meta property=\"og:type\" content=\"article\" \/>\n<meta property=\"og:title\" content=\"Tour Privado a Byron Bay y Crystal Castle desde Brisbane\" \/>\n<meta property=\"og:description\" content=\"Disfrute de este tour privado a Byron Bay desde Brisbane junto a un gu\u00eda local experto. Descubra uno de los pueblos m\u00e1s bonitos de la costa \u2705\" \/>\n<meta property=\"og:url\" content=\"https:\/\/tourtravelandmore.com\/es\/tours\/australia-es\/brisbane-es\/brisbane-actividades-es\/tour-privado-a-byron-bay-desde-brisbane\/\" \/>\n<meta property=\"og:site_name\" content=\"Tour Travel And More\" \/>\n<meta property=\"article:publisher\" content=\"https:\/\/www.facebook.com\/tourtravelandmore\/\" \/>\n<meta property=\"article:modified_time\" content=\"2023-05-13T00:33:45+00:00\" \/>\n<meta property=\"og:image\" content=\"https:\/\/tourtravelandmore.com\/wp-content\/uploads\/2021\/01\/Byron-Bay.jpeg\" \/>\n\t<meta property=\"og:image:width\" content=\"1352\" \/>\n\t<meta property=\"og:image:height\" content=\"900\" \/>\n\t<meta property=\"og:image:type\" content=\"image\/jpeg\" \/>\n<meta name=\"twitter:card\" content=\"summary_large_image\" \/>\n<meta name=\"twitter:site\" content=\"@TourTravel_More\" \/>\n<meta name=\"twitter:label1\" content=\"Tiempo de lectura\" \/>\n\t<meta name=\"twitter:data1\" content=\"2 minutos\" \/>\n<script type=\"application\/ld+json\" class=\"yoast-schema-graph\">{\"@context\":\"https:\/\/schema.org\",\"@graph\":[{\"@type\":\"WebPage\",\"@id\":\"https:\/\/tourtravelandmore.com\/es\/tours\/australia-es\/brisbane-es\/brisbane-actividades-es\/tour-privado-a-byron-bay-desde-brisbane\/\",\"url\":\"https:\/\/tourtravelandmore.com\/es\/tours\/australia-es\/brisbane-es\/brisbane-actividades-es\/tour-privado-a-byron-bay-desde-brisbane\/\",\"name\":\"\u27a1\ufe0f Tour privado a Byron Bay desde Brisbane - Tour Travel & More\",\"isPartOf\":{\"@id\":\"https:\/\/tourtravelandmore.com\/es\/#website\"},\"primaryImageOfPage\":{\"@id\":\"https:\/\/tourtravelandmore.com\/es\/tours\/australia-es\/brisbane-es\/brisbane-actividades-es\/tour-privado-a-byron-bay-desde-brisbane\/#primaryimage\"},\"image\":{\"@id\":\"https:\/\/tourtravelandmore.com\/es\/tours\/australia-es\/brisbane-es\/brisbane-actividades-es\/tour-privado-a-byron-bay-desde-brisbane\/#primaryimage\"},\"thumbnailUrl\":\"https:\/\/tourtravelandmore.com\/wp-content\/uploads\/2021\/01\/Byron-Bay.jpeg\",\"datePublished\":\"2021-01-26T09:50:35+00:00\",\"dateModified\":\"2023-05-13T00:33:45+00:00\",\"description\":\"Disfrute de este tour privado a Byron Bay desde Brisbane junto a un gu\u00eda local experto. Descubra uno de los pueblos m\u00e1s bonitos de la costa \u2705\",\"breadcrumb\":{\"@id\":\"https:\/\/tourtravelandmore.com\/es\/tours\/australia-es\/brisbane-es\/brisbane-actividades-es\/tour-privado-a-byron-bay-desde-brisbane\/#breadcrumb\"},\"inLanguage\":\"es\",\"potentialAction\":[{\"@type\":\"ReadAction\",\"target\":[\"https:\/\/tourtravelandmore.com\/es\/tours\/australia-es\/brisbane-es\/brisbane-actividades-es\/tour-privado-a-byron-bay-desde-brisbane\/\"]}]},{\"@type\":\"ImageObject\",\"inLanguage\":\"es\",\"@id\":\"https:\/\/tourtravelandmore.com\/es\/tours\/australia-es\/brisbane-es\/brisbane-actividades-es\/tour-privado-a-byron-bay-desde-brisbane\/#primaryimage\",\"url\":\"https:\/\/tourtravelandmore.com\/wp-content\/uploads\/2021\/01\/Byron-Bay.jpeg\",\"contentUrl\":\"https:\/\/tourtravelandmore.com\/wp-content\/uploads\/2021\/01\/Byron-Bay.jpeg\",\"width\":1352,\"height\":900,\"caption\":\"Byron bay beach\"},{\"@type\":\"BreadcrumbList\",\"@id\":\"https:\/\/tourtravelandmore.com\/es\/tours\/australia-es\/brisbane-es\/brisbane-actividades-es\/tour-privado-a-byron-bay-desde-brisbane\/#breadcrumb\",\"itemListElement\":[{\"@type\":\"ListItem\",\"position\":1,\"name\":\"Home\",\"item\":\"https:\/\/tourtravelandmore.com\/es\/\"},{\"@type\":\"ListItem\",\"position\":2,\"name\":\"Tours\",\"item\":\"https:\/\/tourtravelandmore.com\/es\/tours\/\"},{\"@type\":\"ListItem\",\"position\":3,\"name\":\"Tour Privado a Byron Bay y Crystal Castle desde Brisbane\"}]},{\"@type\":\"WebSite\",\"@id\":\"https:\/\/tourtravelandmore.com\/es\/#website\",\"url\":\"https:\/\/tourtravelandmore.com\/es\/\",\"name\":\"Tour Travel And More\",\"description\":\"Private sightseeing tours and luxury transfers in Spain\",\"publisher\":{\"@id\":\"https:\/\/tourtravelandmore.com\/es\/#organization\"},\"potentialAction\":[{\"@type\":\"SearchAction\",\"target\":{\"@type\":\"EntryPoint\",\"urlTemplate\":\"https:\/\/tourtravelandmore.com\/es\/?s={search_term_string}\"},\"query-input\":{\"@type\":\"PropertyValueSpecification\",\"valueRequired\":true,\"valueName\":\"search_term_string\"}}],\"inLanguage\":\"es\"},{\"@type\":\"Organization\",\"@id\":\"https:\/\/tourtravelandmore.com\/es\/#organization\",\"name\":\"Tour Travel And More\",\"url\":\"https:\/\/tourtravelandmore.com\/es\/\",\"logo\":{\"@type\":\"ImageObject\",\"inLanguage\":\"es\",\"@id\":\"https:\/\/tourtravelandmore.com\/es\/#\/schema\/logo\/image\/\",\"url\":\"https:\/\/tourtravelandmore.com\/wp-content\/uploads\/2022\/12\/cropped-logo-cabecera-new.png\",\"contentUrl\":\"https:\/\/tourtravelandmore.com\/wp-content\/uploads\/2022\/12\/cropped-logo-cabecera-new.png\",\"width\":430,\"height\":61,\"caption\":\"Tour Travel And More\"},\"image\":{\"@id\":\"https:\/\/tourtravelandmore.com\/es\/#\/schema\/logo\/image\/\"},\"sameAs\":[\"https:\/\/www.facebook.com\/tourtravelandmore\/\",\"https:\/\/x.com\/TourTravel_More\"]}]}<\/script>\n<!-- \/ Yoast SEO Premium plugin. -->","yoast_head_json":{"title":"\u27a1\ufe0f Tour privado a Byron Bay desde Brisbane - Tour Travel & More","description":"Disfrute de este tour privado a Byron Bay desde Brisbane junto a un gu\u00eda local experto. Descubra uno de los pueblos m\u00e1s bonitos de la costa \u2705","robots":{"index":"index","follow":"follow","max-snippet":"max-snippet:-1","max-image-preview":"max-image-preview:large","max-video-preview":"max-video-preview:-1"},"canonical":"https:\/\/tourtravelandmore.com\/es\/tours\/australia-es\/brisbane-es\/brisbane-actividades-es\/tour-privado-a-byron-bay-desde-brisbane\/","og_locale":"es_ES","og_type":"article","og_title":"Tour Privado a Byron Bay y Crystal Castle desde Brisbane","og_description":"Disfrute de este tour privado a Byron Bay desde Brisbane junto a un gu\u00eda local experto. Descubra uno de los pueblos m\u00e1s bonitos de la costa \u2705","og_url":"https:\/\/tourtravelandmore.com\/es\/tours\/australia-es\/brisbane-es\/brisbane-actividades-es\/tour-privado-a-byron-bay-desde-brisbane\/","og_site_name":"Tour Travel And More","article_publisher":"https:\/\/www.facebook.com\/tourtravelandmore\/","article_modified_time":"2023-05-13T00:33:45+00:00","og_image":[{"width":1352,"height":900,"url":"https:\/\/tourtravelandmore.com\/wp-content\/uploads\/2021\/01\/Byron-Bay.jpeg","type":"image\/jpeg"}],"twitter_card":"summary_large_image","twitter_site":"@TourTravel_More","twitter_misc":{"Tiempo de lectura":"2 minutos"},"schema":{"@context":"https:\/\/schema.org","@graph":[{"@type":"WebPage","@id":"https:\/\/tourtravelandmore.com\/es\/tours\/australia-es\/brisbane-es\/brisbane-actividades-es\/tour-privado-a-byron-bay-desde-brisbane\/","url":"https:\/\/tourtravelandmore.com\/es\/tours\/australia-es\/brisbane-es\/brisbane-actividades-es\/tour-privado-a-byron-bay-desde-brisbane\/","name":"\u27a1\ufe0f Tour privado a Byron Bay desde Brisbane - Tour Travel & More","isPartOf":{"@id":"https:\/\/tourtravelandmore.com\/es\/#website"},"primaryImageOfPage":{"@id":"https:\/\/tourtravelandmore.com\/es\/tours\/australia-es\/brisbane-es\/brisbane-actividades-es\/tour-privado-a-byron-bay-desde-brisbane\/#primaryimage"},"image":{"@id":"https:\/\/tourtravelandmore.com\/es\/tours\/australia-es\/brisbane-es\/brisbane-actividades-es\/tour-privado-a-byron-bay-desde-brisbane\/#primaryimage"},"thumbnailUrl":"https:\/\/tourtravelandmore.com\/wp-content\/uploads\/2021\/01\/Byron-Bay.jpeg","datePublished":"2021-01-26T09:50:35+00:00","dateModified":"2023-05-13T00:33:45+00:00","description":"Disfrute de este tour privado a Byron Bay desde Brisbane junto a un gu\u00eda local experto. Descubra uno de los pueblos m\u00e1s bonitos de la costa \u2705","breadcrumb":{"@id":"https:\/\/tourtravelandmore.com\/es\/tours\/australia-es\/brisbane-es\/brisbane-actividades-es\/tour-privado-a-byron-bay-desde-brisbane\/#breadcrumb"},"inLanguage":"es","potentialAction":[{"@type":"ReadAction","target":["https:\/\/tourtravelandmore.com\/es\/tours\/australia-es\/brisbane-es\/brisbane-actividades-es\/tour-privado-a-byron-bay-desde-brisbane\/"]}]},{"@type":"ImageObject","inLanguage":"es","@id":"https:\/\/tourtravelandmore.com\/es\/tours\/australia-es\/brisbane-es\/brisbane-actividades-es\/tour-privado-a-byron-bay-desde-brisbane\/#primaryimage","url":"https:\/\/tourtravelandmore.com\/wp-content\/uploads\/2021\/01\/Byron-Bay.jpeg","contentUrl":"https:\/\/tourtravelandmore.com\/wp-content\/uploads\/2021\/01\/Byron-Bay.jpeg","width":1352,"height":900,"caption":"Byron bay beach"},{"@type":"BreadcrumbList","@id":"https:\/\/tourtravelandmore.com\/es\/tours\/australia-es\/brisbane-es\/brisbane-actividades-es\/tour-privado-a-byron-bay-desde-brisbane\/#breadcrumb","itemListElement":[{"@type":"ListItem","position":1,"name":"Home","item":"https:\/\/tourtravelandmore.com\/es\/"},{"@type":"ListItem","position":2,"name":"Tours","item":"https:\/\/tourtravelandmore.com\/es\/tours\/"},{"@type":"ListItem","position":3,"name":"Tour Privado a Byron Bay y Crystal Castle desde Brisbane"}]},{"@type":"WebSite","@id":"https:\/\/tourtravelandmore.com\/es\/#website","url":"https:\/\/tourtravelandmore.com\/es\/","name":"Tour Travel And More","description":"Private sightseeing tours and luxury transfers in Spain","publisher":{"@id":"https:\/\/tourtravelandmore.com\/es\/#organization"},"potentialAction":[{"@type":"SearchAction","target":{"@type":"EntryPoint","urlTemplate":"https:\/\/tourtravelandmore.com\/es\/?s={search_term_string}"},"query-input":{"@type":"PropertyValueSpecification","valueRequired":true,"valueName":"search_term_string"}}],"inLanguage":"es"},{"@type":"Organization","@id":"https:\/\/tourtravelandmore.com\/es\/#organization","name":"Tour Travel And More","url":"https:\/\/tourtravelandmore.com\/es\/","logo":{"@type":"ImageObject","inLanguage":"es","@id":"https:\/\/tourtravelandmore.com\/es\/#\/schema\/logo\/image\/","url":"https:\/\/tourtravelandmore.com\/wp-content\/uploads\/2022\/12\/cropped-logo-cabecera-new.png","contentUrl":"https:\/\/tourtravelandmore.com\/wp-content\/uploads\/2022\/12\/cropped-logo-cabecera-new.png","width":430,"height":61,"caption":"Tour Travel And More"},"image":{"@id":"https:\/\/tourtravelandmore.com\/es\/#\/schema\/logo\/image\/"},"sameAs":["https:\/\/www.facebook.com\/tourtravelandmore\/","https:\/\/x.com\/TourTravel_More"]}]}},"_links":{"self":[{"href":"https:\/\/tourtravelandmore.com\/es\/wp-json\/wp\/v2\/product\/92045","targetHints":{"allow":["GET"]}}],"collection":[{"href":"https:\/\/tourtravelandmore.com\/es\/wp-json\/wp\/v2\/product"}],"about":[{"href":"https:\/\/tourtravelandmore.com\/es\/wp-json\/wp\/v2\/types\/product"}],"replies":[{"embeddable":true,"href":"https:\/\/tourtravelandmore.com\/es\/wp-json\/wp\/v2\/comments?post=92045"}],"wp:featuredmedia":[{"embeddable":true,"href":"https:\/\/tourtravelandmore.com\/es\/wp-json\/wp\/v2\/media\/92080"}],"wp:attachment":[{"href":"https:\/\/tourtravelandmore.com\/es\/wp-json\/wp\/v2\/media?parent=92045"}],"wp:term":[{"taxonomy":"product_brand","embeddable":true,"href":"https:\/\/tourtravelandmore.com\/es\/wp-json\/wp\/v2\/product_brand?post=92045"},{"taxonomy":"product_cat","embeddable":true,"href":"https:\/\/tourtravelandmore.com\/es\/wp-json\/wp\/v2\/product_cat?post=92045"},{"taxonomy":"product_tag","embeddable":true,"href":"https:\/\/tourtravelandmore.com\/es\/wp-json\/wp\/v2\/product_tag?post=92045"}],"curies":[{"name":"wp","href":"https:\/\/api.w.org\/{rel}","templated":true}]}}