{"id":91927,"date":"2021-01-25T11:56:38","date_gmt":"2021-01-25T10:56:38","guid":{"rendered":"https:\/\/tourtravelandmore.com\/?post_type=product&#038;p=91927"},"modified":"2023-05-13T02:35:32","modified_gmt":"2023-05-13T00:35:32","slug":"tour-privado-de-brisbane","status":"publish","type":"product","link":"https:\/\/tourtravelandmore.com\/es\/tours\/australia-es\/brisbane-es\/brisbane-actividades-es\/tour-privado-de-brisbane\/","title":{"rendered":"Tour Privado de Brisbane"},"content":{"rendered":"<h2><strong>Descripci\u00f3n del Tour Privado de Brisbane<\/strong><\/h2>\n<p>Aprovecha al m\u00e1ximo tu visita a <strong>Brisbane<\/strong>, la tercer ciudad m\u00e1s grande <strong>Australia<\/strong>, y disfruta una <strong>experiencia personalizada con nuestro tour privado de Brisbane<\/strong>. Visita los sitios m\u00e1s emblem\u00e1ticos de la ciudad y descubre su historia junto a un gu\u00eda local. Durante su tour visitar\u00e1 los sitios m\u00e1s <strong>emblem\u00e1ticos<\/strong> de la ciudad y descubrir\u00e1 su <strong>cultura<\/strong> y avances en <strong>sostenibilidad<\/strong>.<\/p>\n<p>Para dar comienzo a su tour, su chofer\/gu\u00eda le recoger\u00e1 en su <strong>sitio deseado en la ciudad.<\/strong> Le podremos recoger en su hotel, apartamento, puerto o aeropuerto de la ciudad. A continuaci\u00f3n iniciar\u00e1 su tour privado de la ciudad. Su gu\u00eda estar\u00e1 a su entera disposici\u00f3n y le ense\u00f1ar\u00e1 los sitios m\u00e1s importantes de la ciudad.<\/p>\n<p>Hay muchos sitios que podr\u00e1 visitar en Brisbane. El itinerario que ofrecemos es tan solo una propuesta. Si usted desea visitar sitios puntuales de la ciudad no dude en comunicarnos, nuestro gu\u00eda le ense\u00f1ar\u00e1 los sitios que a usted m\u00e1s le interesen.<\/p>\n<h2><strong>Puntos de inter\u00e9s del Tour privado de Brisbane\u00a0<\/strong><\/h2>\n<p><strong>Brisbane<\/strong> es la capital de <strong><a href=\"https:\/\/es.wikipedia.org\/wiki\/Queensland\">Queensland<\/a><\/strong>, conocida como el estado del sol, y es la tercera ciudad m\u00e1s <strong>grande<\/strong> de <strong>Australia<\/strong>. La ciudad tiene un clima subtropical durante todo el a\u00f1o, que lo hace un destino ideal para los amantes del sol. El area metropolitana de Brisbane tiene una poblaci\u00f3n de aproximadamente <strong>2,5 millones de personas.<\/strong><\/p>\n<p>Como <strong>Sydney y Melbourne<\/strong>, Brisbane es una ciudad vibrante y <strong>cosmopolita<\/strong>. Podr\u00e1s visitar las edificaciones de la ciudad, sus rascacielos, el maravilloso Parkland del Banco Este y su playa artificial, entre otros sitios.<\/p>\n<p>Durante su tour privado de Brisbane podr\u00e1 descubrir la ciudad como un local. Podr\u00e1s visitar los sitios m\u00e1s importantes de la ciudad, como son:<\/p>\n<ul>\n<li><strong>Ayuntamiento<\/strong><\/li>\n<li><strong>Puente story<\/strong><\/li>\n<li><strong>Jard\u00edn bot\u00e1nico<\/strong><\/li>\n<li><strong>Eastbank parklands: Edificado para albergar la world expo 88, hoy es una de las zonas m\u00e1s activas de la ciudad. Disfruta el arte, m\u00fasica, cultura y gastronom\u00eda que esta zona ofrece.<\/strong><\/li>\n<li><strong>Kangaroo point<\/strong><\/li>\n<li><strong>Mirador Mt Coo-Tha: Desde aqu\u00ed podr\u00e1s disfrutar una espectacular vista panor\u00e1mica de la ciudad<\/strong><\/li>\n<li><strong>Santuario Lone Pine Koala: Abierto desde 1927, es el primer y m\u00e1s grande santuario de Koalas en el mundo<\/strong><\/li>\n<li><strong>Mucho m\u00e1s!<\/strong><\/li>\n<\/ul>\n<p>Su chofer\/gu\u00eda estar\u00e1 a su entera disposici\u00f3n y les ayudar\u00e1 a disfrutar un inolvidable d\u00eda en Brisbane. En caso de que est\u00e9 interesado en otras excursiones desde Brisbane, por favor no deje de contactarnos. Ofrecemos diversos tours en la ciudad capital de Queensland, podr\u00e1 ver nuestras ofertas en nuestro <a href=\"https:\/\/tourtravelandmore.com\/es\/ciudad\/australia-es\/brisbane-es\/\">sitio web<\/a>.<\/p>\n","protected":false},"excerpt":{"rendered":"<p>Disfrute su visita a la tercera ciudad m\u00e1s grande Australia y explore la ciudad junto a un gu\u00eda local experto.<\/p>\n","protected":false},"featured_media":92006,"comment_status":"open","ping_status":"closed","template":"","meta":{"_acf_changed":false},"product_brand":[],"product_cat":[3421,3465,3485,3487],"product_tag":[],"class_list":{"0":"post-91927","1":"product","2":"type-product","3":"status-publish","4":"has-post-thumbnail","6":"product_cat-australia-es","7":"product_cat-brisbane-es","8":"product_cat-brisbane-actividades-es","9":"product_cat-brisbane-tours-es","11":"first","12":"instock","13":"shipping-taxable","14":"purchasable","15":"product-type-simple"},"acf":[],"yoast_head":"<!-- This site is optimized with the Yoast SEO Premium plugin v25.3.1 (Yoast SEO v25.3.1) - https:\/\/yoast.com\/wordpress\/plugins\/seo\/ -->\n<title>\u27a1\ufe0f Tour privado de Brisbane con gu\u00eda local - Descubre la ciudad y su cultura<\/title>\n<meta name=\"description\" content=\"Disfrute de este tour privado de Brisbane junto a un gu\u00eda local experto. Descubra la historia, cultura y gastronom\u00eda de Brisbane \u2705\" \/>\n<meta name=\"robots\" content=\"index, follow, max-snippet:-1, max-image-preview:large, max-video-preview:-1\" \/>\n<link rel=\"canonical\" href=\"https:\/\/tourtravelandmore.com\/es\/tours\/australia-es\/brisbane-es\/brisbane-actividades-es\/tour-privado-de-brisbane\/\" \/>\n<meta property=\"og:locale\" content=\"es_ES\" \/>\n<meta property=\"og:type\" content=\"article\" \/>\n<meta property=\"og:title\" content=\"Tour Privado de Brisbane\" \/>\n<meta property=\"og:description\" content=\"Disfrute de este tour privado de Brisbane junto a un gu\u00eda local experto. Descubra la historia, cultura y gastronom\u00eda de Brisbane \u2705\" \/>\n<meta property=\"og:url\" content=\"https:\/\/tourtravelandmore.com\/es\/tours\/australia-es\/brisbane-es\/brisbane-actividades-es\/tour-privado-de-brisbane\/\" \/>\n<meta property=\"og:site_name\" content=\"Tour Travel And More\" \/>\n<meta property=\"article:publisher\" content=\"https:\/\/www.facebook.com\/tourtravelandmore\/\" \/>\n<meta property=\"article:modified_time\" content=\"2023-05-13T00:35:32+00:00\" \/>\n<meta property=\"og:image\" content=\"https:\/\/tourtravelandmore.com\/wp-content\/uploads\/2021\/01\/brisbane-city.jpeg\" \/>\n\t<meta property=\"og:image:width\" content=\"1350\" \/>\n\t<meta property=\"og:image:height\" content=\"900\" \/>\n\t<meta property=\"og:image:type\" content=\"image\/jpeg\" \/>\n<meta name=\"twitter:card\" content=\"summary_large_image\" \/>\n<meta name=\"twitter:site\" content=\"@TourTravel_More\" \/>\n<meta name=\"twitter:label1\" content=\"Tiempo de lectura\" \/>\n\t<meta name=\"twitter:data1\" content=\"2 minutos\" \/>\n<script type=\"application\/ld+json\" class=\"yoast-schema-graph\">{\"@context\":\"https:\/\/schema.org\",\"@graph\":[{\"@type\":\"WebPage\",\"@id\":\"https:\/\/tourtravelandmore.com\/es\/tours\/australia-es\/brisbane-es\/brisbane-actividades-es\/tour-privado-de-brisbane\/\",\"url\":\"https:\/\/tourtravelandmore.com\/es\/tours\/australia-es\/brisbane-es\/brisbane-actividades-es\/tour-privado-de-brisbane\/\",\"name\":\"\u27a1\ufe0f Tour privado de Brisbane con gu\u00eda local - Descubre la ciudad y su cultura\",\"isPartOf\":{\"@id\":\"https:\/\/tourtravelandmore.com\/es\/#website\"},\"primaryImageOfPage\":{\"@id\":\"https:\/\/tourtravelandmore.com\/es\/tours\/australia-es\/brisbane-es\/brisbane-actividades-es\/tour-privado-de-brisbane\/#primaryimage\"},\"image\":{\"@id\":\"https:\/\/tourtravelandmore.com\/es\/tours\/australia-es\/brisbane-es\/brisbane-actividades-es\/tour-privado-de-brisbane\/#primaryimage\"},\"thumbnailUrl\":\"https:\/\/tourtravelandmore.com\/wp-content\/uploads\/2021\/01\/brisbane-city.jpeg\",\"datePublished\":\"2021-01-25T10:56:38+00:00\",\"dateModified\":\"2023-05-13T00:35:32+00:00\",\"description\":\"Disfrute de este tour privado de Brisbane junto a un gu\u00eda local experto. Descubra la historia, cultura y gastronom\u00eda de Brisbane \u2705\",\"breadcrumb\":{\"@id\":\"https:\/\/tourtravelandmore.com\/es\/tours\/australia-es\/brisbane-es\/brisbane-actividades-es\/tour-privado-de-brisbane\/#breadcrumb\"},\"inLanguage\":\"es\",\"potentialAction\":[{\"@type\":\"ReadAction\",\"target\":[\"https:\/\/tourtravelandmore.com\/es\/tours\/australia-es\/brisbane-es\/brisbane-actividades-es\/tour-privado-de-brisbane\/\"]}]},{\"@type\":\"ImageObject\",\"inLanguage\":\"es\",\"@id\":\"https:\/\/tourtravelandmore.com\/es\/tours\/australia-es\/brisbane-es\/brisbane-actividades-es\/tour-privado-de-brisbane\/#primaryimage\",\"url\":\"https:\/\/tourtravelandmore.com\/wp-content\/uploads\/2021\/01\/brisbane-city.jpeg\",\"contentUrl\":\"https:\/\/tourtravelandmore.com\/wp-content\/uploads\/2021\/01\/brisbane-city.jpeg\",\"width\":1350,\"height\":900,\"caption\":\"Brisbane pano 2\"},{\"@type\":\"BreadcrumbList\",\"@id\":\"https:\/\/tourtravelandmore.com\/es\/tours\/australia-es\/brisbane-es\/brisbane-actividades-es\/tour-privado-de-brisbane\/#breadcrumb\",\"itemListElement\":[{\"@type\":\"ListItem\",\"position\":1,\"name\":\"Home\",\"item\":\"https:\/\/tourtravelandmore.com\/es\/\"},{\"@type\":\"ListItem\",\"position\":2,\"name\":\"Tours\",\"item\":\"https:\/\/tourtravelandmore.com\/es\/tours\/\"},{\"@type\":\"ListItem\",\"position\":3,\"name\":\"Tour Privado de Brisbane\"}]},{\"@type\":\"WebSite\",\"@id\":\"https:\/\/tourtravelandmore.com\/es\/#website\",\"url\":\"https:\/\/tourtravelandmore.com\/es\/\",\"name\":\"Tour Travel And More\",\"description\":\"Private sightseeing tours and luxury transfers in Spain\",\"publisher\":{\"@id\":\"https:\/\/tourtravelandmore.com\/es\/#organization\"},\"potentialAction\":[{\"@type\":\"SearchAction\",\"target\":{\"@type\":\"EntryPoint\",\"urlTemplate\":\"https:\/\/tourtravelandmore.com\/es\/?s={search_term_string}\"},\"query-input\":{\"@type\":\"PropertyValueSpecification\",\"valueRequired\":true,\"valueName\":\"search_term_string\"}}],\"inLanguage\":\"es\"},{\"@type\":\"Organization\",\"@id\":\"https:\/\/tourtravelandmore.com\/es\/#organization\",\"name\":\"Tour Travel And More\",\"url\":\"https:\/\/tourtravelandmore.com\/es\/\",\"logo\":{\"@type\":\"ImageObject\",\"inLanguage\":\"es\",\"@id\":\"https:\/\/tourtravelandmore.com\/es\/#\/schema\/logo\/image\/\",\"url\":\"https:\/\/tourtravelandmore.com\/wp-content\/uploads\/2022\/12\/cropped-logo-cabecera-new.png\",\"contentUrl\":\"https:\/\/tourtravelandmore.com\/wp-content\/uploads\/2022\/12\/cropped-logo-cabecera-new.png\",\"width\":430,\"height\":61,\"caption\":\"Tour Travel And More\"},\"image\":{\"@id\":\"https:\/\/tourtravelandmore.com\/es\/#\/schema\/logo\/image\/\"},\"sameAs\":[\"https:\/\/www.facebook.com\/tourtravelandmore\/\",\"https:\/\/x.com\/TourTravel_More\"]}]}<\/script>\n<!-- \/ Yoast SEO Premium plugin. -->","yoast_head_json":{"title":"\u27a1\ufe0f Tour privado de Brisbane con gu\u00eda local - Descubre la ciudad y su cultura","description":"Disfrute de este tour privado de Brisbane junto a un gu\u00eda local experto. Descubra la historia, cultura y gastronom\u00eda de Brisbane \u2705","robots":{"index":"index","follow":"follow","max-snippet":"max-snippet:-1","max-image-preview":"max-image-preview:large","max-video-preview":"max-video-preview:-1"},"canonical":"https:\/\/tourtravelandmore.com\/es\/tours\/australia-es\/brisbane-es\/brisbane-actividades-es\/tour-privado-de-brisbane\/","og_locale":"es_ES","og_type":"article","og_title":"Tour Privado de Brisbane","og_description":"Disfrute de este tour privado de Brisbane junto a un gu\u00eda local experto. Descubra la historia, cultura y gastronom\u00eda de Brisbane \u2705","og_url":"https:\/\/tourtravelandmore.com\/es\/tours\/australia-es\/brisbane-es\/brisbane-actividades-es\/tour-privado-de-brisbane\/","og_site_name":"Tour Travel And More","article_publisher":"https:\/\/www.facebook.com\/tourtravelandmore\/","article_modified_time":"2023-05-13T00:35:32+00:00","og_image":[{"width":1350,"height":900,"url":"https:\/\/tourtravelandmore.com\/wp-content\/uploads\/2021\/01\/brisbane-city.jpeg","type":"image\/jpeg"}],"twitter_card":"summary_large_image","twitter_site":"@TourTravel_More","twitter_misc":{"Tiempo de lectura":"2 minutos"},"schema":{"@context":"https:\/\/schema.org","@graph":[{"@type":"WebPage","@id":"https:\/\/tourtravelandmore.com\/es\/tours\/australia-es\/brisbane-es\/brisbane-actividades-es\/tour-privado-de-brisbane\/","url":"https:\/\/tourtravelandmore.com\/es\/tours\/australia-es\/brisbane-es\/brisbane-actividades-es\/tour-privado-de-brisbane\/","name":"\u27a1\ufe0f Tour privado de Brisbane con gu\u00eda local - Descubre la ciudad y su cultura","isPartOf":{"@id":"https:\/\/tourtravelandmore.com\/es\/#website"},"primaryImageOfPage":{"@id":"https:\/\/tourtravelandmore.com\/es\/tours\/australia-es\/brisbane-es\/brisbane-actividades-es\/tour-privado-de-brisbane\/#primaryimage"},"image":{"@id":"https:\/\/tourtravelandmore.com\/es\/tours\/australia-es\/brisbane-es\/brisbane-actividades-es\/tour-privado-de-brisbane\/#primaryimage"},"thumbnailUrl":"https:\/\/tourtravelandmore.com\/wp-content\/uploads\/2021\/01\/brisbane-city.jpeg","datePublished":"2021-01-25T10:56:38+00:00","dateModified":"2023-05-13T00:35:32+00:00","description":"Disfrute de este tour privado de Brisbane junto a un gu\u00eda local experto. Descubra la historia, cultura y gastronom\u00eda de Brisbane \u2705","breadcrumb":{"@id":"https:\/\/tourtravelandmore.com\/es\/tours\/australia-es\/brisbane-es\/brisbane-actividades-es\/tour-privado-de-brisbane\/#breadcrumb"},"inLanguage":"es","potentialAction":[{"@type":"ReadAction","target":["https:\/\/tourtravelandmore.com\/es\/tours\/australia-es\/brisbane-es\/brisbane-actividades-es\/tour-privado-de-brisbane\/"]}]},{"@type":"ImageObject","inLanguage":"es","@id":"https:\/\/tourtravelandmore.com\/es\/tours\/australia-es\/brisbane-es\/brisbane-actividades-es\/tour-privado-de-brisbane\/#primaryimage","url":"https:\/\/tourtravelandmore.com\/wp-content\/uploads\/2021\/01\/brisbane-city.jpeg","contentUrl":"https:\/\/tourtravelandmore.com\/wp-content\/uploads\/2021\/01\/brisbane-city.jpeg","width":1350,"height":900,"caption":"Brisbane pano 2"},{"@type":"BreadcrumbList","@id":"https:\/\/tourtravelandmore.com\/es\/tours\/australia-es\/brisbane-es\/brisbane-actividades-es\/tour-privado-de-brisbane\/#breadcrumb","itemListElement":[{"@type":"ListItem","position":1,"name":"Home","item":"https:\/\/tourtravelandmore.com\/es\/"},{"@type":"ListItem","position":2,"name":"Tours","item":"https:\/\/tourtravelandmore.com\/es\/tours\/"},{"@type":"ListItem","position":3,"name":"Tour Privado de Brisbane"}]},{"@type":"WebSite","@id":"https:\/\/tourtravelandmore.com\/es\/#website","url":"https:\/\/tourtravelandmore.com\/es\/","name":"Tour Travel And More","description":"Private sightseeing tours and luxury transfers in Spain","publisher":{"@id":"https:\/\/tourtravelandmore.com\/es\/#organization"},"potentialAction":[{"@type":"SearchAction","target":{"@type":"EntryPoint","urlTemplate":"https:\/\/tourtravelandmore.com\/es\/?s={search_term_string}"},"query-input":{"@type":"PropertyValueSpecification","valueRequired":true,"valueName":"search_term_string"}}],"inLanguage":"es"},{"@type":"Organization","@id":"https:\/\/tourtravelandmore.com\/es\/#organization","name":"Tour Travel And More","url":"https:\/\/tourtravelandmore.com\/es\/","logo":{"@type":"ImageObject","inLanguage":"es","@id":"https:\/\/tourtravelandmore.com\/es\/#\/schema\/logo\/image\/","url":"https:\/\/tourtravelandmore.com\/wp-content\/uploads\/2022\/12\/cropped-logo-cabecera-new.png","contentUrl":"https:\/\/tourtravelandmore.com\/wp-content\/uploads\/2022\/12\/cropped-logo-cabecera-new.png","width":430,"height":61,"caption":"Tour Travel And More"},"image":{"@id":"https:\/\/tourtravelandmore.com\/es\/#\/schema\/logo\/image\/"},"sameAs":["https:\/\/www.facebook.com\/tourtravelandmore\/","https:\/\/x.com\/TourTravel_More"]}]}},"_links":{"self":[{"href":"https:\/\/tourtravelandmore.com\/es\/wp-json\/wp\/v2\/product\/91927","targetHints":{"allow":["GET"]}}],"collection":[{"href":"https:\/\/tourtravelandmore.com\/es\/wp-json\/wp\/v2\/product"}],"about":[{"href":"https:\/\/tourtravelandmore.com\/es\/wp-json\/wp\/v2\/types\/product"}],"replies":[{"embeddable":true,"href":"https:\/\/tourtravelandmore.com\/es\/wp-json\/wp\/v2\/comments?post=91927"}],"wp:featuredmedia":[{"embeddable":true,"href":"https:\/\/tourtravelandmore.com\/es\/wp-json\/wp\/v2\/media\/92006"}],"wp:attachment":[{"href":"https:\/\/tourtravelandmore.com\/es\/wp-json\/wp\/v2\/media?parent=91927"}],"wp:term":[{"taxonomy":"product_brand","embeddable":true,"href":"https:\/\/tourtravelandmore.com\/es\/wp-json\/wp\/v2\/product_brand?post=91927"},{"taxonomy":"product_cat","embeddable":true,"href":"https:\/\/tourtravelandmore.com\/es\/wp-json\/wp\/v2\/product_cat?post=91927"},{"taxonomy":"product_tag","embeddable":true,"href":"https:\/\/tourtravelandmore.com\/es\/wp-json\/wp\/v2\/product_tag?post=91927"}],"curies":[{"name":"wp","href":"https:\/\/api.w.org\/{rel}","templated":true}]}}