{"id":91880,"date":"2021-01-25T10:15:48","date_gmt":"2021-01-25T09:15:49","guid":{"rendered":"https:\/\/tourtravelandmore.com\/?post_type=product&#038;p=91880"},"modified":"2023-05-16T00:51:57","modified_gmt":"2023-05-15T22:51:57","slug":"tour-privado-a-atherton-desde-cairns","status":"publish","type":"product","link":"https:\/\/tourtravelandmore.com\/es\/tours\/australia-es\/cairns-es\/cairns-actividades-es\/tour-privado-a-atherton-desde-cairns\/","title":{"rendered":"Tour Privado a la Meseta Atherton y sus cascadas"},"content":{"rendered":"<h2><strong>Descripci\u00f3n del Tour Privado a la Meseta Atherton y sus cascadas<\/strong><\/h2>\n<p>Explora y descubre las<strong> maravillas naturales del norte de Queensland.<\/strong> Durante nuestro <strong>tour privado a Atherton desde Cairns<\/strong> podr\u00e1 usted visitar las maravillosas <strong>cascadas y los bosques tropicales<\/strong> de la magn\u00edfica meseta de <strong>Atherton<\/strong>.<\/p>\n<p>Su chofer\/gu\u00eda le recoger\u00e1 en su <strong>sitio deseado en Cairns<\/strong>. Le podemos recoger en su hotel, apartamento, puerto, aeropuerto o sitio deseado en <a href=\"https:\/\/es.wikipedia.org\/wiki\/Cairns\"><strong>Cairns<\/strong> <\/a>o alrededores. A continuaci\u00f3n iniciaremos el viaje hacia el norte. Podr\u00e1 ver el maravilloso paisaje, repleto de plantaciones de bananas y ca\u00f1as de az\u00facar.<\/p>\n<p>El itinerario del tour es completamente adaptable a su deseo personal. Cont\u00e1ctenos y uno de nuestros expertos le ayudar\u00e1 a coordinar una <strong>experiencia personalizada.<\/strong><\/p>\n<h2><strong>Puntos de inter\u00e9s en el Tour Privado a la Meseta Atherton y sus cascadas<\/strong><\/h2>\n<p><strong>La Meseta de Atherton<\/strong> cubre un \u00e1rea de 64,768 kil\u00f3metros cuadrados. Sus dos asentamientos con mayor poblaci\u00f3n son <strong>Mareeba y Atherton.<\/strong> La regi\u00f3n alberga sendas maravillas naturales, como <strong>cascadas, caminatas en sus bosques tropicales, la fauna nativa y mucho m\u00e1s!<\/strong><\/p>\n<p>Prep\u00e1rese para nadar en las diversas cascadas que Atherton alberga. Durante su tour podr\u00e1 visitar diversas cascadas como:<\/p>\n<ul>\n<li><strong>Cascadas Josephine y sus maravillosas playas<\/strong><\/li>\n<li><strong>Cascadas Millaa Millaa<\/strong><\/li>\n<li><strong>Cascadas Ellinjaa<\/strong><\/li>\n<li><strong>Cascadas Zille<\/strong><\/li>\n<li><strong>Cascadas Dinner<\/strong><\/li>\n<li><strong>Cascadas Nandroya<\/strong><\/li>\n<\/ul>\n<p>Durante el recorrido visitar\u00e1 tambi\u00e9n el famoso Ficus Cortina, uno de los \u00e1rboles m\u00e1s grande de la regi\u00f3n. En su camino de retorno a Cairns disfrutar\u00e1n de una parada en el Lago Eacham, donde disfrutar\u00e1s de ver la maravillosa flora del bosque tropical.<\/p>\n<p>Su chofer\/gu\u00eda estar\u00e1 a su entera disposici\u00f3n y les ayudar\u00e1 a disfrutar un inolvidable tour privado a Atherton desde Cairns. Ofrecemos diversos tours desde all\u00ed, en nuestro <a href=\"https:\/\/tourtravelandmore.com\/es\/ciudad\/australia-es\/cairns-es\/\">sitio web<\/a>\u00a0podr\u00e1 ver nuestras ofertas.<\/p>\n","protected":false},"excerpt":{"rendered":"<p>Visite la meseta de Atherton y sus maravillosas cascadas. Descubra la flora y fauna que los bosques tropicales de Queensland albergan!<\/p>\n","protected":false},"featured_media":91908,"comment_status":"open","ping_status":"closed","template":"","meta":{"_acf_changed":false},"product_brand":[],"product_cat":[3421,3468,3474,3477],"product_tag":[],"class_list":{"0":"post-91880","1":"product","2":"type-product","3":"status-publish","4":"has-post-thumbnail","6":"product_cat-australia-es","7":"product_cat-cairns-es","8":"product_cat-cairns-actividades-es","9":"product_cat-cairns-tours-es","11":"first","12":"instock","13":"shipping-taxable","14":"purchasable","15":"product-type-simple"},"acf":[],"yoast_head":"<!-- This site is optimized with the Yoast SEO Premium plugin v25.3.1 (Yoast SEO v25.3.1) - https:\/\/yoast.com\/wordpress\/plugins\/seo\/ -->\n<title>\u27a1\ufe0f Tour privado a Atherton desde Cairns con gu\u00eda local | Tour Travel &amp; More<\/title>\n<meta name=\"description\" content=\"Disfrute de este tour privado a Atherton desde Cairns junto a un gu\u00eda local experto. Descubra la maravillosa naturaleza de Queensland \u2705\" \/>\n<meta name=\"robots\" content=\"index, follow, max-snippet:-1, max-image-preview:large, max-video-preview:-1\" \/>\n<link rel=\"canonical\" href=\"https:\/\/tourtravelandmore.com\/es\/tours\/australia-es\/cairns-es\/cairns-actividades-es\/tour-privado-a-atherton-desde-cairns\/\" \/>\n<meta property=\"og:locale\" content=\"es_ES\" \/>\n<meta property=\"og:type\" content=\"article\" \/>\n<meta property=\"og:title\" content=\"Tour Privado a la Meseta Atherton y sus cascadas\" \/>\n<meta property=\"og:description\" content=\"Disfrute de este tour privado a Atherton desde Cairns junto a un gu\u00eda local experto. Descubra la maravillosa naturaleza de Queensland \u2705\" \/>\n<meta property=\"og:url\" content=\"https:\/\/tourtravelandmore.com\/es\/tours\/australia-es\/cairns-es\/cairns-actividades-es\/tour-privado-a-atherton-desde-cairns\/\" \/>\n<meta property=\"og:site_name\" content=\"Tour Travel And More\" \/>\n<meta property=\"article:publisher\" content=\"https:\/\/www.facebook.com\/tourtravelandmore\/\" \/>\n<meta property=\"article:modified_time\" content=\"2023-05-15T22:51:57+00:00\" \/>\n<meta property=\"og:image\" content=\"https:\/\/tourtravelandmore.com\/wp-content\/uploads\/2021\/01\/Millaa-millaa.jpeg\" \/>\n\t<meta property=\"og:image:width\" content=\"750\" \/>\n\t<meta property=\"og:image:height\" content=\"500\" \/>\n\t<meta property=\"og:image:type\" content=\"image\/jpeg\" \/>\n<meta name=\"twitter:card\" content=\"summary_large_image\" \/>\n<meta name=\"twitter:site\" content=\"@TourTravel_More\" \/>\n<meta name=\"twitter:label1\" content=\"Tiempo de lectura\" \/>\n\t<meta name=\"twitter:data1\" content=\"2 minutos\" \/>\n<script type=\"application\/ld+json\" class=\"yoast-schema-graph\">{\"@context\":\"https:\/\/schema.org\",\"@graph\":[{\"@type\":\"WebPage\",\"@id\":\"https:\/\/tourtravelandmore.com\/es\/tours\/australia-es\/cairns-es\/cairns-actividades-es\/tour-privado-a-atherton-desde-cairns\/\",\"url\":\"https:\/\/tourtravelandmore.com\/es\/tours\/australia-es\/cairns-es\/cairns-actividades-es\/tour-privado-a-atherton-desde-cairns\/\",\"name\":\"\u27a1\ufe0f Tour privado a Atherton desde Cairns con gu\u00eda local | Tour Travel & More\",\"isPartOf\":{\"@id\":\"https:\/\/tourtravelandmore.com\/es\/#website\"},\"primaryImageOfPage\":{\"@id\":\"https:\/\/tourtravelandmore.com\/es\/tours\/australia-es\/cairns-es\/cairns-actividades-es\/tour-privado-a-atherton-desde-cairns\/#primaryimage\"},\"image\":{\"@id\":\"https:\/\/tourtravelandmore.com\/es\/tours\/australia-es\/cairns-es\/cairns-actividades-es\/tour-privado-a-atherton-desde-cairns\/#primaryimage\"},\"thumbnailUrl\":\"https:\/\/tourtravelandmore.com\/wp-content\/uploads\/2021\/01\/Millaa-millaa.jpeg\",\"datePublished\":\"2021-01-25T09:15:49+00:00\",\"dateModified\":\"2023-05-15T22:51:57+00:00\",\"description\":\"Disfrute de este tour privado a Atherton desde Cairns junto a un gu\u00eda local experto. Descubra la maravillosa naturaleza de Queensland \u2705\",\"breadcrumb\":{\"@id\":\"https:\/\/tourtravelandmore.com\/es\/tours\/australia-es\/cairns-es\/cairns-actividades-es\/tour-privado-a-atherton-desde-cairns\/#breadcrumb\"},\"inLanguage\":\"es\",\"potentialAction\":[{\"@type\":\"ReadAction\",\"target\":[\"https:\/\/tourtravelandmore.com\/es\/tours\/australia-es\/cairns-es\/cairns-actividades-es\/tour-privado-a-atherton-desde-cairns\/\"]}]},{\"@type\":\"ImageObject\",\"inLanguage\":\"es\",\"@id\":\"https:\/\/tourtravelandmore.com\/es\/tours\/australia-es\/cairns-es\/cairns-actividades-es\/tour-privado-a-atherton-desde-cairns\/#primaryimage\",\"url\":\"https:\/\/tourtravelandmore.com\/wp-content\/uploads\/2021\/01\/Millaa-millaa.jpeg\",\"contentUrl\":\"https:\/\/tourtravelandmore.com\/wp-content\/uploads\/2021\/01\/Millaa-millaa.jpeg\",\"width\":750,\"height\":500,\"caption\":\"Milla Milaa falls\"},{\"@type\":\"BreadcrumbList\",\"@id\":\"https:\/\/tourtravelandmore.com\/es\/tours\/australia-es\/cairns-es\/cairns-actividades-es\/tour-privado-a-atherton-desde-cairns\/#breadcrumb\",\"itemListElement\":[{\"@type\":\"ListItem\",\"position\":1,\"name\":\"Home\",\"item\":\"https:\/\/tourtravelandmore.com\/es\/\"},{\"@type\":\"ListItem\",\"position\":2,\"name\":\"Tours\",\"item\":\"https:\/\/tourtravelandmore.com\/es\/tours\/\"},{\"@type\":\"ListItem\",\"position\":3,\"name\":\"Tour Privado a la Meseta Atherton y sus cascadas\"}]},{\"@type\":\"WebSite\",\"@id\":\"https:\/\/tourtravelandmore.com\/es\/#website\",\"url\":\"https:\/\/tourtravelandmore.com\/es\/\",\"name\":\"Tour Travel And More\",\"description\":\"Private sightseeing tours and luxury transfers in Spain\",\"publisher\":{\"@id\":\"https:\/\/tourtravelandmore.com\/es\/#organization\"},\"potentialAction\":[{\"@type\":\"SearchAction\",\"target\":{\"@type\":\"EntryPoint\",\"urlTemplate\":\"https:\/\/tourtravelandmore.com\/es\/?s={search_term_string}\"},\"query-input\":{\"@type\":\"PropertyValueSpecification\",\"valueRequired\":true,\"valueName\":\"search_term_string\"}}],\"inLanguage\":\"es\"},{\"@type\":\"Organization\",\"@id\":\"https:\/\/tourtravelandmore.com\/es\/#organization\",\"name\":\"Tour Travel And More\",\"url\":\"https:\/\/tourtravelandmore.com\/es\/\",\"logo\":{\"@type\":\"ImageObject\",\"inLanguage\":\"es\",\"@id\":\"https:\/\/tourtravelandmore.com\/es\/#\/schema\/logo\/image\/\",\"url\":\"https:\/\/tourtravelandmore.com\/wp-content\/uploads\/2022\/12\/cropped-logo-cabecera-new.png\",\"contentUrl\":\"https:\/\/tourtravelandmore.com\/wp-content\/uploads\/2022\/12\/cropped-logo-cabecera-new.png\",\"width\":430,\"height\":61,\"caption\":\"Tour Travel And More\"},\"image\":{\"@id\":\"https:\/\/tourtravelandmore.com\/es\/#\/schema\/logo\/image\/\"},\"sameAs\":[\"https:\/\/www.facebook.com\/tourtravelandmore\/\",\"https:\/\/x.com\/TourTravel_More\"]}]}<\/script>\n<!-- \/ Yoast SEO Premium plugin. -->","yoast_head_json":{"title":"\u27a1\ufe0f Tour privado a Atherton desde Cairns con gu\u00eda local | Tour Travel & More","description":"Disfrute de este tour privado a Atherton desde Cairns junto a un gu\u00eda local experto. Descubra la maravillosa naturaleza de Queensland \u2705","robots":{"index":"index","follow":"follow","max-snippet":"max-snippet:-1","max-image-preview":"max-image-preview:large","max-video-preview":"max-video-preview:-1"},"canonical":"https:\/\/tourtravelandmore.com\/es\/tours\/australia-es\/cairns-es\/cairns-actividades-es\/tour-privado-a-atherton-desde-cairns\/","og_locale":"es_ES","og_type":"article","og_title":"Tour Privado a la Meseta Atherton y sus cascadas","og_description":"Disfrute de este tour privado a Atherton desde Cairns junto a un gu\u00eda local experto. Descubra la maravillosa naturaleza de Queensland \u2705","og_url":"https:\/\/tourtravelandmore.com\/es\/tours\/australia-es\/cairns-es\/cairns-actividades-es\/tour-privado-a-atherton-desde-cairns\/","og_site_name":"Tour Travel And More","article_publisher":"https:\/\/www.facebook.com\/tourtravelandmore\/","article_modified_time":"2023-05-15T22:51:57+00:00","og_image":[{"width":750,"height":500,"url":"https:\/\/tourtravelandmore.com\/wp-content\/uploads\/2021\/01\/Millaa-millaa.jpeg","type":"image\/jpeg"}],"twitter_card":"summary_large_image","twitter_site":"@TourTravel_More","twitter_misc":{"Tiempo de lectura":"2 minutos"},"schema":{"@context":"https:\/\/schema.org","@graph":[{"@type":"WebPage","@id":"https:\/\/tourtravelandmore.com\/es\/tours\/australia-es\/cairns-es\/cairns-actividades-es\/tour-privado-a-atherton-desde-cairns\/","url":"https:\/\/tourtravelandmore.com\/es\/tours\/australia-es\/cairns-es\/cairns-actividades-es\/tour-privado-a-atherton-desde-cairns\/","name":"\u27a1\ufe0f Tour privado a Atherton desde Cairns con gu\u00eda local | Tour Travel & More","isPartOf":{"@id":"https:\/\/tourtravelandmore.com\/es\/#website"},"primaryImageOfPage":{"@id":"https:\/\/tourtravelandmore.com\/es\/tours\/australia-es\/cairns-es\/cairns-actividades-es\/tour-privado-a-atherton-desde-cairns\/#primaryimage"},"image":{"@id":"https:\/\/tourtravelandmore.com\/es\/tours\/australia-es\/cairns-es\/cairns-actividades-es\/tour-privado-a-atherton-desde-cairns\/#primaryimage"},"thumbnailUrl":"https:\/\/tourtravelandmore.com\/wp-content\/uploads\/2021\/01\/Millaa-millaa.jpeg","datePublished":"2021-01-25T09:15:49+00:00","dateModified":"2023-05-15T22:51:57+00:00","description":"Disfrute de este tour privado a Atherton desde Cairns junto a un gu\u00eda local experto. Descubra la maravillosa naturaleza de Queensland \u2705","breadcrumb":{"@id":"https:\/\/tourtravelandmore.com\/es\/tours\/australia-es\/cairns-es\/cairns-actividades-es\/tour-privado-a-atherton-desde-cairns\/#breadcrumb"},"inLanguage":"es","potentialAction":[{"@type":"ReadAction","target":["https:\/\/tourtravelandmore.com\/es\/tours\/australia-es\/cairns-es\/cairns-actividades-es\/tour-privado-a-atherton-desde-cairns\/"]}]},{"@type":"ImageObject","inLanguage":"es","@id":"https:\/\/tourtravelandmore.com\/es\/tours\/australia-es\/cairns-es\/cairns-actividades-es\/tour-privado-a-atherton-desde-cairns\/#primaryimage","url":"https:\/\/tourtravelandmore.com\/wp-content\/uploads\/2021\/01\/Millaa-millaa.jpeg","contentUrl":"https:\/\/tourtravelandmore.com\/wp-content\/uploads\/2021\/01\/Millaa-millaa.jpeg","width":750,"height":500,"caption":"Milla Milaa falls"},{"@type":"BreadcrumbList","@id":"https:\/\/tourtravelandmore.com\/es\/tours\/australia-es\/cairns-es\/cairns-actividades-es\/tour-privado-a-atherton-desde-cairns\/#breadcrumb","itemListElement":[{"@type":"ListItem","position":1,"name":"Home","item":"https:\/\/tourtravelandmore.com\/es\/"},{"@type":"ListItem","position":2,"name":"Tours","item":"https:\/\/tourtravelandmore.com\/es\/tours\/"},{"@type":"ListItem","position":3,"name":"Tour Privado a la Meseta Atherton y sus cascadas"}]},{"@type":"WebSite","@id":"https:\/\/tourtravelandmore.com\/es\/#website","url":"https:\/\/tourtravelandmore.com\/es\/","name":"Tour Travel And More","description":"Private sightseeing tours and luxury transfers in Spain","publisher":{"@id":"https:\/\/tourtravelandmore.com\/es\/#organization"},"potentialAction":[{"@type":"SearchAction","target":{"@type":"EntryPoint","urlTemplate":"https:\/\/tourtravelandmore.com\/es\/?s={search_term_string}"},"query-input":{"@type":"PropertyValueSpecification","valueRequired":true,"valueName":"search_term_string"}}],"inLanguage":"es"},{"@type":"Organization","@id":"https:\/\/tourtravelandmore.com\/es\/#organization","name":"Tour Travel And More","url":"https:\/\/tourtravelandmore.com\/es\/","logo":{"@type":"ImageObject","inLanguage":"es","@id":"https:\/\/tourtravelandmore.com\/es\/#\/schema\/logo\/image\/","url":"https:\/\/tourtravelandmore.com\/wp-content\/uploads\/2022\/12\/cropped-logo-cabecera-new.png","contentUrl":"https:\/\/tourtravelandmore.com\/wp-content\/uploads\/2022\/12\/cropped-logo-cabecera-new.png","width":430,"height":61,"caption":"Tour Travel And More"},"image":{"@id":"https:\/\/tourtravelandmore.com\/es\/#\/schema\/logo\/image\/"},"sameAs":["https:\/\/www.facebook.com\/tourtravelandmore\/","https:\/\/x.com\/TourTravel_More"]}]}},"_links":{"self":[{"href":"https:\/\/tourtravelandmore.com\/es\/wp-json\/wp\/v2\/product\/91880","targetHints":{"allow":["GET"]}}],"collection":[{"href":"https:\/\/tourtravelandmore.com\/es\/wp-json\/wp\/v2\/product"}],"about":[{"href":"https:\/\/tourtravelandmore.com\/es\/wp-json\/wp\/v2\/types\/product"}],"replies":[{"embeddable":true,"href":"https:\/\/tourtravelandmore.com\/es\/wp-json\/wp\/v2\/comments?post=91880"}],"wp:featuredmedia":[{"embeddable":true,"href":"https:\/\/tourtravelandmore.com\/es\/wp-json\/wp\/v2\/media\/91908"}],"wp:attachment":[{"href":"https:\/\/tourtravelandmore.com\/es\/wp-json\/wp\/v2\/media?parent=91880"}],"wp:term":[{"taxonomy":"product_brand","embeddable":true,"href":"https:\/\/tourtravelandmore.com\/es\/wp-json\/wp\/v2\/product_brand?post=91880"},{"taxonomy":"product_cat","embeddable":true,"href":"https:\/\/tourtravelandmore.com\/es\/wp-json\/wp\/v2\/product_cat?post=91880"},{"taxonomy":"product_tag","embeddable":true,"href":"https:\/\/tourtravelandmore.com\/es\/wp-json\/wp\/v2\/product_tag?post=91880"}],"curies":[{"name":"wp","href":"https:\/\/api.w.org\/{rel}","templated":true}]}}