{"id":91848,"date":"2021-01-24T20:25:00","date_gmt":"2021-01-24T19:25:02","guid":{"rendered":"https:\/\/tourtravelandmore.com\/?post_type=product&#038;p=91848"},"modified":"2023-05-16T00:51:38","modified_gmt":"2023-05-15T22:51:38","slug":"tour-privado-a-la-gran-barrera-de-coral-desde-cairns","status":"publish","type":"product","link":"https:\/\/tourtravelandmore.com\/es\/tours\/australia-es\/cairns-es\/cairns-actividades-es\/tour-privado-a-la-gran-barrera-de-coral-desde-cairns\/","title":{"rendered":"Tour Privado a la Gran Barrera de Coral"},"content":{"rendered":"<h2><strong>Descripci\u00f3n del Tour Privado a la Gran Barrera de Coral<\/strong><\/h2>\n<p>Explora el <strong>arrecife de coral m\u00e1s grande del mundo<\/strong> con nuestro <strong>tour privado a la gran barrera de coral desde Cairns.<\/strong> Descubre este maravilloso sitio que contiene una maravillosa abundancia de <strong>vida marina y m\u00e1s de 3000 tipos de arrecifes de coral diversos.<\/strong> Durante el paseo podr\u00e1s ver sendas<strong> islas tropicales<\/strong>, donde se encuentran fant\u00e1sticas playas de arena blanca.<\/p>\n<p>Primero su chofer y gu\u00eda le recoger\u00e1 en su hotel en <strong>Cairns<\/strong>. El sitio de recogida es <strong>adaptable a su deseo personal.<\/strong> Le podremos recoger en su hotel, apartamento, aeropuerto o sitio deseado. A continuaci\u00f3n le llevaremos al puerto de Cairns, donde abordar\u00e1 su yate privado para comenzar su inolvidable excursi\u00f3n privada.<\/p>\n<p><strong>El itinerario del tour es adaptable a su deseo personal.<\/strong> Podemos coordinar equipos de buceo si lo desea. No dude en contactarnos, nuestro equipo le ayudar\u00e1 a crear un itinerario a medida.<\/p>\n<h2><strong>Puntos de inter\u00e9s en el Tour Privado a la Gran Barrera de Coral<\/strong><\/h2>\n<p>La<strong> <a href=\"https:\/\/greatbarrierreef.org\/\">Gran Barrera de Coral<\/a> <\/strong>es una de las<strong> siete maravillas del mundo natural.<\/strong> Es m\u00e1s grande que la <strong>Gran Muralla China<\/strong>, y es el \u00fanico ser viviente que podemos ver desde el espacio.<\/p>\n<p>El<strong> arrecife alberga m\u00e1s de 100 islas<\/strong>, desde las \u00fanicas y ex\u00f3ticas <strong>Whitsundays<\/strong> hasta las maravillosas<strong> islas del norte.<\/strong> Podr\u00e1s visitar playas aisladas y nadar en este para\u00edso natural.<\/p>\n<p>Durante su tour privado a la <strong>gran barrera de coral desde Cairns<\/strong> podr\u00e1 usted explorar el espectacular mundo que existe bajo el oc\u00e9ano. El yate incluye el equipo de <strong>snorkelling<\/strong>. En caso de que desee hacer buceo, por supuesto podemos coordinar el equipo con antelaci\u00f3n. Nuestro equipo est\u00e1 compuesto por los mejores instructores de buceo, quienes se encargar\u00e1n de guiarle y ofrecerle una experiencia personalizada y segura.<\/p>\n<p>Podemos as\u00ed mismo combinar un men\u00fa a bordo. No dude en contactarnos y le ayudaremos a coordinar un men\u00fa a medida.<\/p>\n<p><strong>Nuestro equipo estar\u00e1 a su disposici\u00f3n durante todo el d\u00eda para ayudarle a disfrutar una experiencia inolvidable en este para\u00edso natural. No dude en contactarnos, le ayudaremos a coordinar una experiencia a medida. Ofrecemos diversos tours desde Cairns, en nuestro <a href=\"https:\/\/tourtravelandmore.com\/es\/ciudad\/australia-es\/cairns-es\/\">sitio web<\/a>\u00a0podr\u00e1 ver nuestras ofertas.<\/strong><\/p>\n","protected":false},"excerpt":{"rendered":"<p>Descubra la Gran Barrera de Coral, una de las siete maravillas naturales del mundo, en una excursi\u00f3n privada y personalizada desde Cairns.<\/p>\n","protected":false},"featured_media":91878,"comment_status":"open","ping_status":"closed","template":"","meta":{"_acf_changed":false},"product_brand":[],"product_cat":[3421,3468,3474,3477,3424,3431,3434],"product_tag":[],"class_list":{"0":"post-91848","1":"product","2":"type-product","3":"status-publish","4":"has-post-thumbnail","6":"product_cat-australia-es","7":"product_cat-cairns-es","8":"product_cat-cairns-actividades-es","9":"product_cat-cairns-tours-es","10":"product_cat-sydney-es","11":"product_cat-sydney-actividades-es","12":"product_cat-sydney-tours-privados-es","14":"first","15":"instock","16":"shipping-taxable","17":"purchasable","18":"product-type-simple"},"acf":[],"yoast_head":"<!-- This site is optimized with the Yoast SEO Premium plugin v25.3.1 (Yoast SEO v25.3.1) - https:\/\/yoast.com\/wordpress\/plugins\/seo\/ -->\n<title>\u27a1\ufe0f Tour privado a la Gran Barrera de Coral desde Cairns en yate privado | Tour Travel &amp; More<\/title>\n<meta name=\"description\" content=\"Disfrute de este tour privado a la Gran Barrera de Coral desde Cairns junto a un gu\u00eda local en un yate privado. Experiencia personalizada \u2705\" \/>\n<meta name=\"robots\" content=\"index, follow, max-snippet:-1, max-image-preview:large, max-video-preview:-1\" \/>\n<link rel=\"canonical\" href=\"https:\/\/tourtravelandmore.com\/es\/tours\/australia-es\/cairns-es\/cairns-actividades-es\/tour-privado-a-la-gran-barrera-de-coral-desde-cairns\/\" \/>\n<meta property=\"og:locale\" content=\"es_ES\" \/>\n<meta property=\"og:type\" content=\"article\" \/>\n<meta property=\"og:title\" content=\"Tour Privado a la Gran Barrera de Coral\" \/>\n<meta property=\"og:description\" content=\"Disfrute de este tour privado a la Gran Barrera de Coral desde Cairns junto a un gu\u00eda local en un yate privado. Experiencia personalizada \u2705\" \/>\n<meta property=\"og:url\" content=\"https:\/\/tourtravelandmore.com\/es\/tours\/australia-es\/cairns-es\/cairns-actividades-es\/tour-privado-a-la-gran-barrera-de-coral-desde-cairns\/\" \/>\n<meta property=\"og:site_name\" content=\"Tour Travel And More\" \/>\n<meta property=\"article:publisher\" content=\"https:\/\/www.facebook.com\/tourtravelandmore\/\" \/>\n<meta property=\"article:modified_time\" content=\"2023-05-15T22:51:38+00:00\" \/>\n<meta property=\"og:image\" content=\"https:\/\/tourtravelandmore.com\/wp-content\/uploads\/2021\/01\/whitsundays.jpeg\" \/>\n\t<meta property=\"og:image:width\" content=\"967\" \/>\n\t<meta property=\"og:image:height\" content=\"725\" \/>\n\t<meta property=\"og:image:type\" content=\"image\/jpeg\" \/>\n<meta name=\"twitter:card\" content=\"summary_large_image\" \/>\n<meta name=\"twitter:site\" content=\"@TourTravel_More\" \/>\n<meta name=\"twitter:label1\" content=\"Tiempo de lectura\" \/>\n\t<meta name=\"twitter:data1\" content=\"2 minutos\" \/>\n<script type=\"application\/ld+json\" class=\"yoast-schema-graph\">{\"@context\":\"https:\/\/schema.org\",\"@graph\":[{\"@type\":\"WebPage\",\"@id\":\"https:\/\/tourtravelandmore.com\/es\/tours\/australia-es\/cairns-es\/cairns-actividades-es\/tour-privado-a-la-gran-barrera-de-coral-desde-cairns\/\",\"url\":\"https:\/\/tourtravelandmore.com\/es\/tours\/australia-es\/cairns-es\/cairns-actividades-es\/tour-privado-a-la-gran-barrera-de-coral-desde-cairns\/\",\"name\":\"\u27a1\ufe0f Tour privado a la Gran Barrera de Coral desde Cairns en yate privado | Tour Travel & More\",\"isPartOf\":{\"@id\":\"https:\/\/tourtravelandmore.com\/es\/#website\"},\"primaryImageOfPage\":{\"@id\":\"https:\/\/tourtravelandmore.com\/es\/tours\/australia-es\/cairns-es\/cairns-actividades-es\/tour-privado-a-la-gran-barrera-de-coral-desde-cairns\/#primaryimage\"},\"image\":{\"@id\":\"https:\/\/tourtravelandmore.com\/es\/tours\/australia-es\/cairns-es\/cairns-actividades-es\/tour-privado-a-la-gran-barrera-de-coral-desde-cairns\/#primaryimage\"},\"thumbnailUrl\":\"https:\/\/tourtravelandmore.com\/wp-content\/uploads\/2021\/01\/whitsundays.jpeg\",\"datePublished\":\"2021-01-24T19:25:02+00:00\",\"dateModified\":\"2023-05-15T22:51:38+00:00\",\"description\":\"Disfrute de este tour privado a la Gran Barrera de Coral desde Cairns junto a un gu\u00eda local en un yate privado. Experiencia personalizada \u2705\",\"breadcrumb\":{\"@id\":\"https:\/\/tourtravelandmore.com\/es\/tours\/australia-es\/cairns-es\/cairns-actividades-es\/tour-privado-a-la-gran-barrera-de-coral-desde-cairns\/#breadcrumb\"},\"inLanguage\":\"es\",\"potentialAction\":[{\"@type\":\"ReadAction\",\"target\":[\"https:\/\/tourtravelandmore.com\/es\/tours\/australia-es\/cairns-es\/cairns-actividades-es\/tour-privado-a-la-gran-barrera-de-coral-desde-cairns\/\"]}]},{\"@type\":\"ImageObject\",\"inLanguage\":\"es\",\"@id\":\"https:\/\/tourtravelandmore.com\/es\/tours\/australia-es\/cairns-es\/cairns-actividades-es\/tour-privado-a-la-gran-barrera-de-coral-desde-cairns\/#primaryimage\",\"url\":\"https:\/\/tourtravelandmore.com\/wp-content\/uploads\/2021\/01\/whitsundays.jpeg\",\"contentUrl\":\"https:\/\/tourtravelandmore.com\/wp-content\/uploads\/2021\/01\/whitsundays.jpeg\",\"width\":967,\"height\":725,\"caption\":\"Whitsundays island\"},{\"@type\":\"BreadcrumbList\",\"@id\":\"https:\/\/tourtravelandmore.com\/es\/tours\/australia-es\/cairns-es\/cairns-actividades-es\/tour-privado-a-la-gran-barrera-de-coral-desde-cairns\/#breadcrumb\",\"itemListElement\":[{\"@type\":\"ListItem\",\"position\":1,\"name\":\"Home\",\"item\":\"https:\/\/tourtravelandmore.com\/es\/\"},{\"@type\":\"ListItem\",\"position\":2,\"name\":\"Tours\",\"item\":\"https:\/\/tourtravelandmore.com\/es\/tours\/\"},{\"@type\":\"ListItem\",\"position\":3,\"name\":\"Tour Privado a la Gran Barrera de Coral\"}]},{\"@type\":\"WebSite\",\"@id\":\"https:\/\/tourtravelandmore.com\/es\/#website\",\"url\":\"https:\/\/tourtravelandmore.com\/es\/\",\"name\":\"Tour Travel And More\",\"description\":\"Private sightseeing tours and luxury transfers in Spain\",\"publisher\":{\"@id\":\"https:\/\/tourtravelandmore.com\/es\/#organization\"},\"potentialAction\":[{\"@type\":\"SearchAction\",\"target\":{\"@type\":\"EntryPoint\",\"urlTemplate\":\"https:\/\/tourtravelandmore.com\/es\/?s={search_term_string}\"},\"query-input\":{\"@type\":\"PropertyValueSpecification\",\"valueRequired\":true,\"valueName\":\"search_term_string\"}}],\"inLanguage\":\"es\"},{\"@type\":\"Organization\",\"@id\":\"https:\/\/tourtravelandmore.com\/es\/#organization\",\"name\":\"Tour Travel And More\",\"url\":\"https:\/\/tourtravelandmore.com\/es\/\",\"logo\":{\"@type\":\"ImageObject\",\"inLanguage\":\"es\",\"@id\":\"https:\/\/tourtravelandmore.com\/es\/#\/schema\/logo\/image\/\",\"url\":\"https:\/\/tourtravelandmore.com\/wp-content\/uploads\/2022\/12\/cropped-logo-cabecera-new.png\",\"contentUrl\":\"https:\/\/tourtravelandmore.com\/wp-content\/uploads\/2022\/12\/cropped-logo-cabecera-new.png\",\"width\":430,\"height\":61,\"caption\":\"Tour Travel And More\"},\"image\":{\"@id\":\"https:\/\/tourtravelandmore.com\/es\/#\/schema\/logo\/image\/\"},\"sameAs\":[\"https:\/\/www.facebook.com\/tourtravelandmore\/\",\"https:\/\/x.com\/TourTravel_More\"]}]}<\/script>\n<!-- \/ Yoast SEO Premium plugin. -->","yoast_head_json":{"title":"\u27a1\ufe0f Tour privado a la Gran Barrera de Coral desde Cairns en yate privado | Tour Travel & More","description":"Disfrute de este tour privado a la Gran Barrera de Coral desde Cairns junto a un gu\u00eda local en un yate privado. Experiencia personalizada \u2705","robots":{"index":"index","follow":"follow","max-snippet":"max-snippet:-1","max-image-preview":"max-image-preview:large","max-video-preview":"max-video-preview:-1"},"canonical":"https:\/\/tourtravelandmore.com\/es\/tours\/australia-es\/cairns-es\/cairns-actividades-es\/tour-privado-a-la-gran-barrera-de-coral-desde-cairns\/","og_locale":"es_ES","og_type":"article","og_title":"Tour Privado a la Gran Barrera de Coral","og_description":"Disfrute de este tour privado a la Gran Barrera de Coral desde Cairns junto a un gu\u00eda local en un yate privado. Experiencia personalizada \u2705","og_url":"https:\/\/tourtravelandmore.com\/es\/tours\/australia-es\/cairns-es\/cairns-actividades-es\/tour-privado-a-la-gran-barrera-de-coral-desde-cairns\/","og_site_name":"Tour Travel And More","article_publisher":"https:\/\/www.facebook.com\/tourtravelandmore\/","article_modified_time":"2023-05-15T22:51:38+00:00","og_image":[{"width":967,"height":725,"url":"https:\/\/tourtravelandmore.com\/wp-content\/uploads\/2021\/01\/whitsundays.jpeg","type":"image\/jpeg"}],"twitter_card":"summary_large_image","twitter_site":"@TourTravel_More","twitter_misc":{"Tiempo de lectura":"2 minutos"},"schema":{"@context":"https:\/\/schema.org","@graph":[{"@type":"WebPage","@id":"https:\/\/tourtravelandmore.com\/es\/tours\/australia-es\/cairns-es\/cairns-actividades-es\/tour-privado-a-la-gran-barrera-de-coral-desde-cairns\/","url":"https:\/\/tourtravelandmore.com\/es\/tours\/australia-es\/cairns-es\/cairns-actividades-es\/tour-privado-a-la-gran-barrera-de-coral-desde-cairns\/","name":"\u27a1\ufe0f Tour privado a la Gran Barrera de Coral desde Cairns en yate privado | Tour Travel & More","isPartOf":{"@id":"https:\/\/tourtravelandmore.com\/es\/#website"},"primaryImageOfPage":{"@id":"https:\/\/tourtravelandmore.com\/es\/tours\/australia-es\/cairns-es\/cairns-actividades-es\/tour-privado-a-la-gran-barrera-de-coral-desde-cairns\/#primaryimage"},"image":{"@id":"https:\/\/tourtravelandmore.com\/es\/tours\/australia-es\/cairns-es\/cairns-actividades-es\/tour-privado-a-la-gran-barrera-de-coral-desde-cairns\/#primaryimage"},"thumbnailUrl":"https:\/\/tourtravelandmore.com\/wp-content\/uploads\/2021\/01\/whitsundays.jpeg","datePublished":"2021-01-24T19:25:02+00:00","dateModified":"2023-05-15T22:51:38+00:00","description":"Disfrute de este tour privado a la Gran Barrera de Coral desde Cairns junto a un gu\u00eda local en un yate privado. Experiencia personalizada \u2705","breadcrumb":{"@id":"https:\/\/tourtravelandmore.com\/es\/tours\/australia-es\/cairns-es\/cairns-actividades-es\/tour-privado-a-la-gran-barrera-de-coral-desde-cairns\/#breadcrumb"},"inLanguage":"es","potentialAction":[{"@type":"ReadAction","target":["https:\/\/tourtravelandmore.com\/es\/tours\/australia-es\/cairns-es\/cairns-actividades-es\/tour-privado-a-la-gran-barrera-de-coral-desde-cairns\/"]}]},{"@type":"ImageObject","inLanguage":"es","@id":"https:\/\/tourtravelandmore.com\/es\/tours\/australia-es\/cairns-es\/cairns-actividades-es\/tour-privado-a-la-gran-barrera-de-coral-desde-cairns\/#primaryimage","url":"https:\/\/tourtravelandmore.com\/wp-content\/uploads\/2021\/01\/whitsundays.jpeg","contentUrl":"https:\/\/tourtravelandmore.com\/wp-content\/uploads\/2021\/01\/whitsundays.jpeg","width":967,"height":725,"caption":"Whitsundays island"},{"@type":"BreadcrumbList","@id":"https:\/\/tourtravelandmore.com\/es\/tours\/australia-es\/cairns-es\/cairns-actividades-es\/tour-privado-a-la-gran-barrera-de-coral-desde-cairns\/#breadcrumb","itemListElement":[{"@type":"ListItem","position":1,"name":"Home","item":"https:\/\/tourtravelandmore.com\/es\/"},{"@type":"ListItem","position":2,"name":"Tours","item":"https:\/\/tourtravelandmore.com\/es\/tours\/"},{"@type":"ListItem","position":3,"name":"Tour Privado a la Gran Barrera de Coral"}]},{"@type":"WebSite","@id":"https:\/\/tourtravelandmore.com\/es\/#website","url":"https:\/\/tourtravelandmore.com\/es\/","name":"Tour Travel And More","description":"Private sightseeing tours and luxury transfers in Spain","publisher":{"@id":"https:\/\/tourtravelandmore.com\/es\/#organization"},"potentialAction":[{"@type":"SearchAction","target":{"@type":"EntryPoint","urlTemplate":"https:\/\/tourtravelandmore.com\/es\/?s={search_term_string}"},"query-input":{"@type":"PropertyValueSpecification","valueRequired":true,"valueName":"search_term_string"}}],"inLanguage":"es"},{"@type":"Organization","@id":"https:\/\/tourtravelandmore.com\/es\/#organization","name":"Tour Travel And More","url":"https:\/\/tourtravelandmore.com\/es\/","logo":{"@type":"ImageObject","inLanguage":"es","@id":"https:\/\/tourtravelandmore.com\/es\/#\/schema\/logo\/image\/","url":"https:\/\/tourtravelandmore.com\/wp-content\/uploads\/2022\/12\/cropped-logo-cabecera-new.png","contentUrl":"https:\/\/tourtravelandmore.com\/wp-content\/uploads\/2022\/12\/cropped-logo-cabecera-new.png","width":430,"height":61,"caption":"Tour Travel And More"},"image":{"@id":"https:\/\/tourtravelandmore.com\/es\/#\/schema\/logo\/image\/"},"sameAs":["https:\/\/www.facebook.com\/tourtravelandmore\/","https:\/\/x.com\/TourTravel_More"]}]}},"_links":{"self":[{"href":"https:\/\/tourtravelandmore.com\/es\/wp-json\/wp\/v2\/product\/91848","targetHints":{"allow":["GET"]}}],"collection":[{"href":"https:\/\/tourtravelandmore.com\/es\/wp-json\/wp\/v2\/product"}],"about":[{"href":"https:\/\/tourtravelandmore.com\/es\/wp-json\/wp\/v2\/types\/product"}],"replies":[{"embeddable":true,"href":"https:\/\/tourtravelandmore.com\/es\/wp-json\/wp\/v2\/comments?post=91848"}],"wp:featuredmedia":[{"embeddable":true,"href":"https:\/\/tourtravelandmore.com\/es\/wp-json\/wp\/v2\/media\/91878"}],"wp:attachment":[{"href":"https:\/\/tourtravelandmore.com\/es\/wp-json\/wp\/v2\/media?parent=91848"}],"wp:term":[{"taxonomy":"product_brand","embeddable":true,"href":"https:\/\/tourtravelandmore.com\/es\/wp-json\/wp\/v2\/product_brand?post=91848"},{"taxonomy":"product_cat","embeddable":true,"href":"https:\/\/tourtravelandmore.com\/es\/wp-json\/wp\/v2\/product_cat?post=91848"},{"taxonomy":"product_tag","embeddable":true,"href":"https:\/\/tourtravelandmore.com\/es\/wp-json\/wp\/v2\/product_tag?post=91848"}],"curies":[{"name":"wp","href":"https:\/\/api.w.org\/{rel}","templated":true}]}}