{"id":9181,"date":"2016-11-14T09:36:23","date_gmt":"2016-11-14T08:43:36","guid":{"rendered":"http:\/\/tourtravelandmore.com\/es\/?post_type=product&#038;p=9181"},"modified":"2021-04-27T19:19:31","modified_gmt":"2021-04-27T17:19:31","slug":"food-tour-miami-privado-conoce-la-comida-latina-con-su-chofer-guia","status":"publish","type":"product","link":"https:\/\/tourtravelandmore.com\/es\/tours\/eeuu-es\/miami-es\/food-tour-miami-privado-conoce-la-comida-latina-con-su-chofer-guia\/","title":{"rendered":"Food Tour de Miami"},"content":{"rendered":"<h2>Descripci\u00f3n del Tour de Comida:<\/h2>\n<p><span lang=\"es\">\u00bfQui\u00e9n no quiere disfrutar de un Food tour en Miami? Y conocer los sabores latinos de esta ciudad. Vive una experiencia culinaria \u00fanica.<br \/>\n<\/span><\/p>\n<p><span lang=\"es\">Disfrute de esta oportunidad \u00fanica de disfrutar de un food tour en Miami privado por la ciudad con su chofer\/gu\u00eda y conocer la gastronom\u00eda de la ciudad.<\/span><\/p>\n<p>El Tour es completamente privado, pueden escoger la hora de comienzo y lugar.<\/p>\n<p>La duraci\u00f3n son 4 horas.<\/p>\n<p>El tour es flexible, podemos adaptarnos a sus necesidades, solo tiene que indicarlo en el formulario de contacto y nuestro equipo contactar\u00e1 r\u00e1pidamente con usted.<\/p>\n<p>Operamos en toda la ciudad de Miami, puede consultar nuestro listado de tours privados <strong><a href=\"https:\/\/tourtravelandmore.com\/es\/ciudad\/eeuu-es\/miami-es\/\">aqui<\/a>.<\/strong><\/p>\n<h2><strong>Itinerario del Tour:<\/strong><\/h2>\n<p><img fetchpriority=\"high\" decoding=\"async\" class=\"alignnone wp-image-106021 size-full\" src=\"https:\/\/tourtravelandmore.com\/wp-content\/uploads\/2016\/11\/Untitled-design-14.png\" alt=\"Food Tour de Miami\" width=\"800\" height=\"331\" srcset=\"https:\/\/tourtravelandmore.com\/wp-content\/uploads\/2016\/11\/Untitled-design-14.png 800w, https:\/\/tourtravelandmore.com\/wp-content\/uploads\/2016\/11\/Untitled-design-14-300x124.png 300w, https:\/\/tourtravelandmore.com\/wp-content\/uploads\/2016\/11\/Untitled-design-14-768x318.png 768w, https:\/\/tourtravelandmore.com\/wp-content\/uploads\/2016\/11\/Untitled-design-14-680x281.png 680w, https:\/\/tourtravelandmore.com\/wp-content\/uploads\/2016\/11\/Untitled-design-14-595x246.png 595w\" sizes=\"(max-width: 800px) 100vw, 800px\" \/><\/p>\n<p><span lang=\"es\">En primer lugar, organizaremos una recogida privada y comenzaremos este Food Tour Miami privado.<\/span><\/p>\n<p><span lang=\"es\">Este tour privado culinario latino comenzar\u00e1 visitando el \u00e1rea de Coral Gables, y visitaremos el incre\u00edble y maravilloso hotel <a href=\"https:\/\/www.biltmorehotel.com\/\" target=\"_blank\" rel=\"nofollow noopener\"><strong>The Biltmore<\/strong><\/a>. Disfrutar\u00e1 de su exuberante piscina veneciana, siendo esta la \u00fanica piscina de agua natural de la ciudad.<\/span><\/p>\n<p><span lang=\"es\">Esta es una experiencia completamente privada y personalizada con un equipo profesional para respaldarlo. Es una experiencia \u00fanica y le permitir\u00e1 conocer la maravillosa comida en la ciudad de Miami.<\/span><\/p>\n<p><span lang=\"es\">Despu\u00e9s de eso, continuaremos hasta Little Havana y disfrutaremos de un recorrido a pie por este alegre barrio donde podr\u00e1 elegir d\u00f3nde almorzar.\u00a0 Aprenda sobre la hermosa cultura cubana a trav\u00e9s de su exquisita comida, pruebe desde los famosos <strong>Sandwiches Cubanos, Tostones, Caldo Gallego, Lech\u00f3n Asado, las empanadas m\u00e1s ricas de la ciudad,<\/strong> o por qu\u00e9 no? Un<strong>\u00a0delicioso Mojito<\/strong>, entre muchos otros deliciosos platos.<\/span><\/p>\n<p><img decoding=\"async\" class=\"alignnone wp-image-106028 size-full\" src=\"https:\/\/tourtravelandmore.com\/wp-content\/uploads\/2016\/11\/Copy-of-Copy-of-Untitled-3.png\" alt=\"Food Tour Little Havana\" width=\"900\" height=\"180\" srcset=\"https:\/\/tourtravelandmore.com\/wp-content\/uploads\/2016\/11\/Copy-of-Copy-of-Untitled-3.png 900w, https:\/\/tourtravelandmore.com\/wp-content\/uploads\/2016\/11\/Copy-of-Copy-of-Untitled-3-300x60.png 300w, https:\/\/tourtravelandmore.com\/wp-content\/uploads\/2016\/11\/Copy-of-Copy-of-Untitled-3-768x154.png 768w, https:\/\/tourtravelandmore.com\/wp-content\/uploads\/2016\/11\/Copy-of-Copy-of-Untitled-3-680x136.png 680w, https:\/\/tourtravelandmore.com\/wp-content\/uploads\/2016\/11\/Copy-of-Copy-of-Untitled-3-595x119.png 595w\" sizes=\"(max-width: 900px) 100vw, 900px\" \/><\/p>\n<h2><strong>Puntos de inter\u00e9s:<\/strong><\/h2>\n<p>Restaurantes recomendados de la Peque\u00f1a Havana:<\/p>\n<ul>\n<li><strong>Versalles<\/strong><\/li>\n<li><strong>El Cristo<\/strong><\/li>\n<li><strong>La Carreta<\/strong><\/li>\n<li><strong>La Camaronera<\/strong><\/li>\n<li><strong>El Exquisito<\/strong><\/li>\n<li>\u00a1Y muchos m\u00e1s!<\/li>\n<\/ul>\n<p><span lang=\"es\">Despu\u00e9s del almuerzo, nos dirigiremos hacia uno de los lugares m\u00e1s grandes de ventas de cigarros (Habanos) en Miami, donde podr\u00e1 conocer la elaboraci\u00f3n exacta. Tambi\u00e9n podr\u00e1 probar y fumar uno de ellos si lo desea, as\u00ed como un <strong>buen y t\u00edpico caf\u00e9 cubano<\/strong>.<\/span><\/p>\n<p><span lang=\"es\">Una vez que finalice su recorrido, su chofer\/gu\u00eda privado lo llevar\u00e1 de regreso a su hotel, puerto de cruceros o lugar de su elecci\u00f3n en la ciudad de Miami.<\/span><\/p>\n<p>Consulte <strong><a href=\"https:\/\/tourtravelandmore.com\/es\/ciudad\/eeuu-es\/miami-es\/\">aqu\u00ed<\/a><\/strong>\u00a0todos los servicios que ofrecemos en Miami.<\/p>\n","protected":false},"excerpt":{"rendered":"<p>Aproveche esta oportunidad para conocer y disfrutar de <strong>Miami<\/strong> y de este <strong>tour de sabor latino<\/strong> con su gu\u00eda oficial privado opcional y su veh\u00edculo de semi-lujo con chofer. Le podemos recoger de su hotel, del aeropuerto o de la terminal de cruceros. Podr\u00e1 saborear una <strong>comida aut\u00e9ntica Cubana o Colombiana<\/strong>.<\/p>\n","protected":false},"featured_media":9009,"comment_status":"open","ping_status":"closed","template":"","meta":{"_acf_changed":false},"product_brand":[],"product_cat":[1602,333,334,549,336],"product_tag":[232],"class_list":{"0":"post-9181","1":"product","2":"type-product","3":"status-publish","4":"has-post-thumbnail","6":"product_cat-eeuu-es","7":"product_cat-miami-es","8":"product_cat-miami-actividades-es","9":"product_cat-miami-excursiones-privadas-cruceros-es","10":"product_cat-miami-rutas-turisticas-privadas-es","11":"product_tag-tours-tapas-gastronomicos","13":"first","14":"instock","15":"shipping-taxable","16":"purchasable","17":"product-type-simple"},"acf":[],"yoast_head":"<!-- This site is optimized with the Yoast SEO Premium plugin v25.3.1 (Yoast SEO v25.3.1) - https:\/\/yoast.com\/wordpress\/plugins\/seo\/ -->\n<title>Tour Privado de Comida en Miami | Tour Travel &amp; More<\/title>\n<meta name=\"description\" content=\"\u2192 Descubre gracias a este Food tour Miami la comida Latina de la ciudad y vive una experiencia culinaria \u00fanica con su chofer\/guia privado \u2705\" \/>\n<meta name=\"robots\" content=\"index, follow, max-snippet:-1, max-image-preview:large, max-video-preview:-1\" \/>\n<link rel=\"canonical\" href=\"https:\/\/tourtravelandmore.com\/es\/tours\/eeuu-es\/miami-es\/food-tour-miami-privado-conoce-la-comida-latina-con-su-chofer-guia\/\" \/>\n<meta property=\"og:locale\" content=\"es_ES\" \/>\n<meta property=\"og:type\" content=\"article\" \/>\n<meta property=\"og:title\" content=\"Food Tour de Miami\" \/>\n<meta property=\"og:description\" content=\"\u2192 Descubre gracias a este Food tour Miami la comida Latina de la ciudad y vive una experiencia culinaria \u00fanica con su chofer\/guia privado \u2705\" \/>\n<meta property=\"og:url\" content=\"https:\/\/tourtravelandmore.com\/es\/tours\/eeuu-es\/miami-es\/food-tour-miami-privado-conoce-la-comida-latina-con-su-chofer-guia\/\" \/>\n<meta property=\"og:site_name\" content=\"Tour Travel And More\" \/>\n<meta property=\"article:publisher\" content=\"https:\/\/www.facebook.com\/tourtravelandmore\/\" \/>\n<meta property=\"article:modified_time\" content=\"2021-04-27T17:19:31+00:00\" \/>\n<meta property=\"og:image\" content=\"https:\/\/tourtravelandmore.com\/wp-content\/uploads\/2016\/11\/Foto-1.jpg\" \/>\n\t<meta property=\"og:image:width\" content=\"1000\" \/>\n\t<meta property=\"og:image:height\" content=\"749\" \/>\n\t<meta property=\"og:image:type\" content=\"image\/jpeg\" \/>\n<meta name=\"twitter:card\" content=\"summary_large_image\" \/>\n<meta name=\"twitter:site\" content=\"@TourTravel_More\" \/>\n<meta name=\"twitter:label1\" content=\"Tiempo de lectura\" \/>\n\t<meta name=\"twitter:data1\" content=\"2 minutos\" \/>\n<script type=\"application\/ld+json\" class=\"yoast-schema-graph\">{\"@context\":\"https:\/\/schema.org\",\"@graph\":[{\"@type\":\"WebPage\",\"@id\":\"https:\/\/tourtravelandmore.com\/es\/tours\/eeuu-es\/miami-es\/food-tour-miami-privado-conoce-la-comida-latina-con-su-chofer-guia\/\",\"url\":\"https:\/\/tourtravelandmore.com\/es\/tours\/eeuu-es\/miami-es\/food-tour-miami-privado-conoce-la-comida-latina-con-su-chofer-guia\/\",\"name\":\"Tour Privado de Comida en Miami | Tour Travel & More\",\"isPartOf\":{\"@id\":\"https:\/\/tourtravelandmore.com\/es\/#website\"},\"primaryImageOfPage\":{\"@id\":\"https:\/\/tourtravelandmore.com\/es\/tours\/eeuu-es\/miami-es\/food-tour-miami-privado-conoce-la-comida-latina-con-su-chofer-guia\/#primaryimage\"},\"image\":{\"@id\":\"https:\/\/tourtravelandmore.com\/es\/tours\/eeuu-es\/miami-es\/food-tour-miami-privado-conoce-la-comida-latina-con-su-chofer-guia\/#primaryimage\"},\"thumbnailUrl\":\"https:\/\/tourtravelandmore.com\/wp-content\/uploads\/2016\/11\/Foto-1.jpg\",\"datePublished\":\"2016-11-14T08:43:36+00:00\",\"dateModified\":\"2021-04-27T17:19:31+00:00\",\"description\":\"\u2192 Descubre gracias a este Food tour Miami la comida Latina de la ciudad y vive una experiencia culinaria \u00fanica con su chofer\/guia privado \u2705\",\"breadcrumb\":{\"@id\":\"https:\/\/tourtravelandmore.com\/es\/tours\/eeuu-es\/miami-es\/food-tour-miami-privado-conoce-la-comida-latina-con-su-chofer-guia\/#breadcrumb\"},\"inLanguage\":\"es\",\"potentialAction\":[{\"@type\":\"ReadAction\",\"target\":[\"https:\/\/tourtravelandmore.com\/es\/tours\/eeuu-es\/miami-es\/food-tour-miami-privado-conoce-la-comida-latina-con-su-chofer-guia\/\"]}]},{\"@type\":\"ImageObject\",\"inLanguage\":\"es\",\"@id\":\"https:\/\/tourtravelandmore.com\/es\/tours\/eeuu-es\/miami-es\/food-tour-miami-privado-conoce-la-comida-latina-con-su-chofer-guia\/#primaryimage\",\"url\":\"https:\/\/tourtravelandmore.com\/wp-content\/uploads\/2016\/11\/Foto-1.jpg\",\"contentUrl\":\"https:\/\/tourtravelandmore.com\/wp-content\/uploads\/2016\/11\/Foto-1.jpg\",\"width\":1000,\"height\":749},{\"@type\":\"BreadcrumbList\",\"@id\":\"https:\/\/tourtravelandmore.com\/es\/tours\/eeuu-es\/miami-es\/food-tour-miami-privado-conoce-la-comida-latina-con-su-chofer-guia\/#breadcrumb\",\"itemListElement\":[{\"@type\":\"ListItem\",\"position\":1,\"name\":\"Home\",\"item\":\"https:\/\/tourtravelandmore.com\/es\/\"},{\"@type\":\"ListItem\",\"position\":2,\"name\":\"Tours\",\"item\":\"https:\/\/tourtravelandmore.com\/es\/tours\/\"},{\"@type\":\"ListItem\",\"position\":3,\"name\":\"Food Tour de Miami\"}]},{\"@type\":\"WebSite\",\"@id\":\"https:\/\/tourtravelandmore.com\/es\/#website\",\"url\":\"https:\/\/tourtravelandmore.com\/es\/\",\"name\":\"Tour Travel And More\",\"description\":\"Private sightseeing tours and luxury transfers in Spain\",\"publisher\":{\"@id\":\"https:\/\/tourtravelandmore.com\/es\/#organization\"},\"potentialAction\":[{\"@type\":\"SearchAction\",\"target\":{\"@type\":\"EntryPoint\",\"urlTemplate\":\"https:\/\/tourtravelandmore.com\/es\/?s={search_term_string}\"},\"query-input\":{\"@type\":\"PropertyValueSpecification\",\"valueRequired\":true,\"valueName\":\"search_term_string\"}}],\"inLanguage\":\"es\"},{\"@type\":\"Organization\",\"@id\":\"https:\/\/tourtravelandmore.com\/es\/#organization\",\"name\":\"Tour Travel And More\",\"url\":\"https:\/\/tourtravelandmore.com\/es\/\",\"logo\":{\"@type\":\"ImageObject\",\"inLanguage\":\"es\",\"@id\":\"https:\/\/tourtravelandmore.com\/es\/#\/schema\/logo\/image\/\",\"url\":\"https:\/\/tourtravelandmore.com\/wp-content\/uploads\/2022\/12\/cropped-logo-cabecera-new.png\",\"contentUrl\":\"https:\/\/tourtravelandmore.com\/wp-content\/uploads\/2022\/12\/cropped-logo-cabecera-new.png\",\"width\":430,\"height\":61,\"caption\":\"Tour Travel And More\"},\"image\":{\"@id\":\"https:\/\/tourtravelandmore.com\/es\/#\/schema\/logo\/image\/\"},\"sameAs\":[\"https:\/\/www.facebook.com\/tourtravelandmore\/\",\"https:\/\/x.com\/TourTravel_More\"]}]}<\/script>\n<!-- \/ Yoast SEO Premium plugin. -->","yoast_head_json":{"title":"Tour Privado de Comida en Miami | Tour Travel & More","description":"\u2192 Descubre gracias a este Food tour Miami la comida Latina de la ciudad y vive una experiencia culinaria \u00fanica con su chofer\/guia privado \u2705","robots":{"index":"index","follow":"follow","max-snippet":"max-snippet:-1","max-image-preview":"max-image-preview:large","max-video-preview":"max-video-preview:-1"},"canonical":"https:\/\/tourtravelandmore.com\/es\/tours\/eeuu-es\/miami-es\/food-tour-miami-privado-conoce-la-comida-latina-con-su-chofer-guia\/","og_locale":"es_ES","og_type":"article","og_title":"Food Tour de Miami","og_description":"\u2192 Descubre gracias a este Food tour Miami la comida Latina de la ciudad y vive una experiencia culinaria \u00fanica con su chofer\/guia privado \u2705","og_url":"https:\/\/tourtravelandmore.com\/es\/tours\/eeuu-es\/miami-es\/food-tour-miami-privado-conoce-la-comida-latina-con-su-chofer-guia\/","og_site_name":"Tour Travel And More","article_publisher":"https:\/\/www.facebook.com\/tourtravelandmore\/","article_modified_time":"2021-04-27T17:19:31+00:00","og_image":[{"width":1000,"height":749,"url":"https:\/\/tourtravelandmore.com\/wp-content\/uploads\/2016\/11\/Foto-1.jpg","type":"image\/jpeg"}],"twitter_card":"summary_large_image","twitter_site":"@TourTravel_More","twitter_misc":{"Tiempo de lectura":"2 minutos"},"schema":{"@context":"https:\/\/schema.org","@graph":[{"@type":"WebPage","@id":"https:\/\/tourtravelandmore.com\/es\/tours\/eeuu-es\/miami-es\/food-tour-miami-privado-conoce-la-comida-latina-con-su-chofer-guia\/","url":"https:\/\/tourtravelandmore.com\/es\/tours\/eeuu-es\/miami-es\/food-tour-miami-privado-conoce-la-comida-latina-con-su-chofer-guia\/","name":"Tour Privado de Comida en Miami | Tour Travel & More","isPartOf":{"@id":"https:\/\/tourtravelandmore.com\/es\/#website"},"primaryImageOfPage":{"@id":"https:\/\/tourtravelandmore.com\/es\/tours\/eeuu-es\/miami-es\/food-tour-miami-privado-conoce-la-comida-latina-con-su-chofer-guia\/#primaryimage"},"image":{"@id":"https:\/\/tourtravelandmore.com\/es\/tours\/eeuu-es\/miami-es\/food-tour-miami-privado-conoce-la-comida-latina-con-su-chofer-guia\/#primaryimage"},"thumbnailUrl":"https:\/\/tourtravelandmore.com\/wp-content\/uploads\/2016\/11\/Foto-1.jpg","datePublished":"2016-11-14T08:43:36+00:00","dateModified":"2021-04-27T17:19:31+00:00","description":"\u2192 Descubre gracias a este Food tour Miami la comida Latina de la ciudad y vive una experiencia culinaria \u00fanica con su chofer\/guia privado \u2705","breadcrumb":{"@id":"https:\/\/tourtravelandmore.com\/es\/tours\/eeuu-es\/miami-es\/food-tour-miami-privado-conoce-la-comida-latina-con-su-chofer-guia\/#breadcrumb"},"inLanguage":"es","potentialAction":[{"@type":"ReadAction","target":["https:\/\/tourtravelandmore.com\/es\/tours\/eeuu-es\/miami-es\/food-tour-miami-privado-conoce-la-comida-latina-con-su-chofer-guia\/"]}]},{"@type":"ImageObject","inLanguage":"es","@id":"https:\/\/tourtravelandmore.com\/es\/tours\/eeuu-es\/miami-es\/food-tour-miami-privado-conoce-la-comida-latina-con-su-chofer-guia\/#primaryimage","url":"https:\/\/tourtravelandmore.com\/wp-content\/uploads\/2016\/11\/Foto-1.jpg","contentUrl":"https:\/\/tourtravelandmore.com\/wp-content\/uploads\/2016\/11\/Foto-1.jpg","width":1000,"height":749},{"@type":"BreadcrumbList","@id":"https:\/\/tourtravelandmore.com\/es\/tours\/eeuu-es\/miami-es\/food-tour-miami-privado-conoce-la-comida-latina-con-su-chofer-guia\/#breadcrumb","itemListElement":[{"@type":"ListItem","position":1,"name":"Home","item":"https:\/\/tourtravelandmore.com\/es\/"},{"@type":"ListItem","position":2,"name":"Tours","item":"https:\/\/tourtravelandmore.com\/es\/tours\/"},{"@type":"ListItem","position":3,"name":"Food Tour de Miami"}]},{"@type":"WebSite","@id":"https:\/\/tourtravelandmore.com\/es\/#website","url":"https:\/\/tourtravelandmore.com\/es\/","name":"Tour Travel And More","description":"Private sightseeing tours and luxury transfers in Spain","publisher":{"@id":"https:\/\/tourtravelandmore.com\/es\/#organization"},"potentialAction":[{"@type":"SearchAction","target":{"@type":"EntryPoint","urlTemplate":"https:\/\/tourtravelandmore.com\/es\/?s={search_term_string}"},"query-input":{"@type":"PropertyValueSpecification","valueRequired":true,"valueName":"search_term_string"}}],"inLanguage":"es"},{"@type":"Organization","@id":"https:\/\/tourtravelandmore.com\/es\/#organization","name":"Tour Travel And More","url":"https:\/\/tourtravelandmore.com\/es\/","logo":{"@type":"ImageObject","inLanguage":"es","@id":"https:\/\/tourtravelandmore.com\/es\/#\/schema\/logo\/image\/","url":"https:\/\/tourtravelandmore.com\/wp-content\/uploads\/2022\/12\/cropped-logo-cabecera-new.png","contentUrl":"https:\/\/tourtravelandmore.com\/wp-content\/uploads\/2022\/12\/cropped-logo-cabecera-new.png","width":430,"height":61,"caption":"Tour Travel And More"},"image":{"@id":"https:\/\/tourtravelandmore.com\/es\/#\/schema\/logo\/image\/"},"sameAs":["https:\/\/www.facebook.com\/tourtravelandmore\/","https:\/\/x.com\/TourTravel_More"]}]}},"_links":{"self":[{"href":"https:\/\/tourtravelandmore.com\/es\/wp-json\/wp\/v2\/product\/9181","targetHints":{"allow":["GET"]}}],"collection":[{"href":"https:\/\/tourtravelandmore.com\/es\/wp-json\/wp\/v2\/product"}],"about":[{"href":"https:\/\/tourtravelandmore.com\/es\/wp-json\/wp\/v2\/types\/product"}],"replies":[{"embeddable":true,"href":"https:\/\/tourtravelandmore.com\/es\/wp-json\/wp\/v2\/comments?post=9181"}],"wp:featuredmedia":[{"embeddable":true,"href":"https:\/\/tourtravelandmore.com\/es\/wp-json\/wp\/v2\/media\/9009"}],"wp:attachment":[{"href":"https:\/\/tourtravelandmore.com\/es\/wp-json\/wp\/v2\/media?parent=9181"}],"wp:term":[{"taxonomy":"product_brand","embeddable":true,"href":"https:\/\/tourtravelandmore.com\/es\/wp-json\/wp\/v2\/product_brand?post=9181"},{"taxonomy":"product_cat","embeddable":true,"href":"https:\/\/tourtravelandmore.com\/es\/wp-json\/wp\/v2\/product_cat?post=9181"},{"taxonomy":"product_tag","embeddable":true,"href":"https:\/\/tourtravelandmore.com\/es\/wp-json\/wp\/v2\/product_tag?post=9181"}],"curies":[{"name":"wp","href":"https:\/\/api.w.org\/{rel}","templated":true}]}}