{"id":91797,"date":"2021-01-22T12:31:46","date_gmt":"2021-01-22T11:31:48","guid":{"rendered":"https:\/\/tourtravelandmore.com\/?post_type=product&#038;p=91797"},"modified":"2023-05-16T00:51:09","modified_gmt":"2023-05-15T22:51:09","slug":"tour-privado-a-daintree-desde-cairns","status":"publish","type":"product","link":"https:\/\/tourtravelandmore.com\/es\/tours\/australia-es\/cairns-es\/cairns-actividades-es\/tour-privado-a-daintree-desde-cairns\/","title":{"rendered":"Tour Privado a Daintree y Cabo Tribulaci\u00f3n"},"content":{"rendered":"<h2><strong>Descripci\u00f3n del Tour Privado a Daintree y Cabo Tribulaci\u00f3n<\/strong><\/h2>\n<p>Explora y descubre la maravillosa naturaleza, historia y patrimonio de la regi\u00f3n norte de <strong>Australia<\/strong>. Disfruta los magn\u00edficos paisajes y la naturaleza de la zona con nuestro <strong>tour privado a Daintree desde Cairns.<\/strong><\/p>\n<p>Para comenzar su tour, su chofer\/gu\u00eda le recoger\u00e1 en su sitio deseado en Cairns. El sitio de recogida es completamente <strong>adaptable a su deseo personal<\/strong>. Hotel, apartamento o sitio deseado en <strong>Cairns<\/strong>. A continuaci\u00f3n emprenderemos el viaje hacia el Norte para descubrir la brillante naturaleza de la regi\u00f3n.<\/p>\n<p>Nuestra propuesta es completamente adaptable a su deseo personal. No dude en contactarnos en caso de estar interesado en una propuesta personalizada.<\/p>\n<h2><strong>Puntos de inter\u00e9s en el Tour Privado a Daintree y Cabo Tribulaci\u00f3n<\/strong><\/h2>\n<p>Los bosques tropicales de <strong>Daintree y Cabo Tribulaci\u00f3n<\/strong> han sido declarados<strong> patrimonios de la humanidad debido a su \u00fanica biodiversidad y la particular flora y fauna<\/strong> que alberga. Diversos animales, \u00e1rboles y plantas en peligro de extinci\u00f3n se mantienen all\u00ed hace m\u00e1s de <strong>180 millones de a\u00f1os.<\/strong><\/p>\n<p>El bosque tropical de <strong><a href=\"https:\/\/www.discoverthedaintree.com\/daintree-rainforest-6\/\">Daintree<\/a> <\/strong>existe hace aproximadamente 180 milliones de a\u00f1os, siendo <strong>10 millones de a\u00f1os m\u00e1s antiguos que el bosque tropical de Amazonas.<\/strong> Cubre un \u00e1rea de casi 1,200 kil\u00f3metros cuadrados, representado el bloque de bosque tropical m\u00e1s grande de <strong>Australia<\/strong>.<\/p>\n<p>La zona de <strong>Cabo Tribulaci\u00f3n<\/strong> une dos patrimonios de la humanidad de <strong>UNESCO<\/strong> &#8211; los bosques tropicales y la gran barrera de coral. El maravilloso bosque est\u00e1 separado de la maravillosa agua clara del mar por una fina l\u00ednea de arena blanca.<\/p>\n<p>Durante nuestro <strong>tour privado a Daintree desde Cairns<\/strong> podr\u00e1 usted descubrir sendos sitios maravillosos de la regi\u00f3n norte de Queensland.<\/p>\n<p>Algunos de los sitios emblem\u00e1ticos que usted podr\u00e1 visitar durante su tour son:<\/p>\n<ul>\n<li><strong>Mossman Gorge<\/strong><\/li>\n<li><strong>Cabo Tribulaci\u00f3n: Explorar\u00e1s el m\u00e1gico bosque tropical Gondwana Rainforest y disfrutar\u00e1s incre\u00edbles vistas panoramcas desde el mirador Alexandra Range.<\/strong><\/li>\n<li><strong>Caminata Jindalba<\/strong><\/li>\n<li><strong>Playa de Cabo Tribulaci\u00f3n<\/strong><\/li>\n<li><strong>Disfruta un recorrido en crucero por el r\u00edo Daintree, donde podr\u00e1s ver cocodrilos, pit\u00f3nes, mariposas y otras especies nativas.<\/strong><\/li>\n<\/ul>\n<p>Su chofer\/gu\u00eda estar\u00e1 a su entera disposici\u00f3n y les ayudar\u00e1 a disfrutar un inolvidable d\u00eda en las afueras de <strong>Cairns<\/strong>. En caso que est\u00e9 interesado en otras excursiones desde Cairns, por favor no deje de contactarnos. Ofrecemos diversos tours desde all\u00ed, en nuestro <a href=\"https:\/\/tourtravelandmore.com\/es\/ciudad\/australia-es\/cairns-es\/\">sitio web<\/a>\u00a0podr\u00e1 ver nuestras ofertas.<\/p>\n","protected":false},"excerpt":{"rendered":"<p>Visita los bosques tropicales del norte de Australia, declarados patrimonio de la humanidad, en una excursi\u00f3n personalizada desde Cairns<\/p>\n","protected":false},"featured_media":91836,"comment_status":"open","ping_status":"closed","template":"","meta":{"_acf_changed":false},"product_brand":[],"product_cat":[3421,3468,3474,3477,3424,3431,3434],"product_tag":[],"class_list":{"0":"post-91797","1":"product","2":"type-product","3":"status-publish","4":"has-post-thumbnail","6":"product_cat-australia-es","7":"product_cat-cairns-es","8":"product_cat-cairns-actividades-es","9":"product_cat-cairns-tours-es","10":"product_cat-sydney-es","11":"product_cat-sydney-actividades-es","12":"product_cat-sydney-tours-privados-es","14":"first","15":"instock","16":"shipping-taxable","17":"purchasable","18":"product-type-simple"},"acf":[],"yoast_head":"<!-- This site is optimized with the Yoast SEO Premium plugin v25.3.1 (Yoast SEO v25.3.1) - https:\/\/yoast.com\/wordpress\/plugins\/seo\/ -->\n<title>\u27a1\ufe0f Tour privado a Daintree desde Cairns con gu\u00eda local | Tour Travel &amp; More<\/title>\n<meta name=\"description\" content=\"Disfrute de este tour privado a Daintree desde Cairns junto a un gu\u00eda local experto. Descubra la maravillosa naturaleza de Queensland \u2705\" \/>\n<meta name=\"robots\" content=\"index, follow, max-snippet:-1, max-image-preview:large, max-video-preview:-1\" \/>\n<link rel=\"canonical\" href=\"https:\/\/tourtravelandmore.com\/es\/tours\/australia-es\/cairns-es\/cairns-actividades-es\/tour-privado-a-daintree-desde-cairns\/\" \/>\n<meta property=\"og:locale\" content=\"es_ES\" \/>\n<meta property=\"og:type\" content=\"article\" \/>\n<meta property=\"og:title\" content=\"Tour Privado a Daintree y Cabo Tribulaci\u00f3n\" \/>\n<meta property=\"og:description\" content=\"Disfrute de este tour privado a Daintree desde Cairns junto a un gu\u00eda local experto. Descubra la maravillosa naturaleza de Queensland \u2705\" \/>\n<meta property=\"og:url\" content=\"https:\/\/tourtravelandmore.com\/es\/tours\/australia-es\/cairns-es\/cairns-actividades-es\/tour-privado-a-daintree-desde-cairns\/\" \/>\n<meta property=\"og:site_name\" content=\"Tour Travel And More\" \/>\n<meta property=\"article:publisher\" content=\"https:\/\/www.facebook.com\/tourtravelandmore\/\" \/>\n<meta property=\"article:modified_time\" content=\"2023-05-15T22:51:09+00:00\" \/>\n<meta property=\"og:image\" content=\"https:\/\/tourtravelandmore.com\/wp-content\/uploads\/2021\/01\/Daintree-rainforest.jpeg\" \/>\n\t<meta property=\"og:image:width\" content=\"667\" \/>\n\t<meta property=\"og:image:height\" content=\"500\" \/>\n\t<meta property=\"og:image:type\" content=\"image\/jpeg\" \/>\n<meta name=\"twitter:card\" content=\"summary_large_image\" \/>\n<meta name=\"twitter:site\" content=\"@TourTravel_More\" \/>\n<meta name=\"twitter:label1\" content=\"Tiempo de lectura\" \/>\n\t<meta name=\"twitter:data1\" content=\"2 minutos\" \/>\n<script type=\"application\/ld+json\" class=\"yoast-schema-graph\">{\"@context\":\"https:\/\/schema.org\",\"@graph\":[{\"@type\":\"WebPage\",\"@id\":\"https:\/\/tourtravelandmore.com\/es\/tours\/australia-es\/cairns-es\/cairns-actividades-es\/tour-privado-a-daintree-desde-cairns\/\",\"url\":\"https:\/\/tourtravelandmore.com\/es\/tours\/australia-es\/cairns-es\/cairns-actividades-es\/tour-privado-a-daintree-desde-cairns\/\",\"name\":\"\u27a1\ufe0f Tour privado a Daintree desde Cairns con gu\u00eda local | Tour Travel & More\",\"isPartOf\":{\"@id\":\"https:\/\/tourtravelandmore.com\/es\/#website\"},\"primaryImageOfPage\":{\"@id\":\"https:\/\/tourtravelandmore.com\/es\/tours\/australia-es\/cairns-es\/cairns-actividades-es\/tour-privado-a-daintree-desde-cairns\/#primaryimage\"},\"image\":{\"@id\":\"https:\/\/tourtravelandmore.com\/es\/tours\/australia-es\/cairns-es\/cairns-actividades-es\/tour-privado-a-daintree-desde-cairns\/#primaryimage\"},\"thumbnailUrl\":\"https:\/\/tourtravelandmore.com\/wp-content\/uploads\/2021\/01\/Daintree-rainforest.jpeg\",\"datePublished\":\"2021-01-22T11:31:48+00:00\",\"dateModified\":\"2023-05-15T22:51:09+00:00\",\"description\":\"Disfrute de este tour privado a Daintree desde Cairns junto a un gu\u00eda local experto. Descubra la maravillosa naturaleza de Queensland \u2705\",\"breadcrumb\":{\"@id\":\"https:\/\/tourtravelandmore.com\/es\/tours\/australia-es\/cairns-es\/cairns-actividades-es\/tour-privado-a-daintree-desde-cairns\/#breadcrumb\"},\"inLanguage\":\"es\",\"potentialAction\":[{\"@type\":\"ReadAction\",\"target\":[\"https:\/\/tourtravelandmore.com\/es\/tours\/australia-es\/cairns-es\/cairns-actividades-es\/tour-privado-a-daintree-desde-cairns\/\"]}]},{\"@type\":\"ImageObject\",\"inLanguage\":\"es\",\"@id\":\"https:\/\/tourtravelandmore.com\/es\/tours\/australia-es\/cairns-es\/cairns-actividades-es\/tour-privado-a-daintree-desde-cairns\/#primaryimage\",\"url\":\"https:\/\/tourtravelandmore.com\/wp-content\/uploads\/2021\/01\/Daintree-rainforest.jpeg\",\"contentUrl\":\"https:\/\/tourtravelandmore.com\/wp-content\/uploads\/2021\/01\/Daintree-rainforest.jpeg\",\"width\":667,\"height\":500,\"caption\":\"daintree rainforest\"},{\"@type\":\"BreadcrumbList\",\"@id\":\"https:\/\/tourtravelandmore.com\/es\/tours\/australia-es\/cairns-es\/cairns-actividades-es\/tour-privado-a-daintree-desde-cairns\/#breadcrumb\",\"itemListElement\":[{\"@type\":\"ListItem\",\"position\":1,\"name\":\"Home\",\"item\":\"https:\/\/tourtravelandmore.com\/es\/\"},{\"@type\":\"ListItem\",\"position\":2,\"name\":\"Tours\",\"item\":\"https:\/\/tourtravelandmore.com\/es\/tours\/\"},{\"@type\":\"ListItem\",\"position\":3,\"name\":\"Tour Privado a Daintree y Cabo Tribulaci\u00f3n\"}]},{\"@type\":\"WebSite\",\"@id\":\"https:\/\/tourtravelandmore.com\/es\/#website\",\"url\":\"https:\/\/tourtravelandmore.com\/es\/\",\"name\":\"Tour Travel And More\",\"description\":\"Private sightseeing tours and luxury transfers in Spain\",\"publisher\":{\"@id\":\"https:\/\/tourtravelandmore.com\/es\/#organization\"},\"potentialAction\":[{\"@type\":\"SearchAction\",\"target\":{\"@type\":\"EntryPoint\",\"urlTemplate\":\"https:\/\/tourtravelandmore.com\/es\/?s={search_term_string}\"},\"query-input\":{\"@type\":\"PropertyValueSpecification\",\"valueRequired\":true,\"valueName\":\"search_term_string\"}}],\"inLanguage\":\"es\"},{\"@type\":\"Organization\",\"@id\":\"https:\/\/tourtravelandmore.com\/es\/#organization\",\"name\":\"Tour Travel And More\",\"url\":\"https:\/\/tourtravelandmore.com\/es\/\",\"logo\":{\"@type\":\"ImageObject\",\"inLanguage\":\"es\",\"@id\":\"https:\/\/tourtravelandmore.com\/es\/#\/schema\/logo\/image\/\",\"url\":\"https:\/\/tourtravelandmore.com\/wp-content\/uploads\/2022\/12\/cropped-logo-cabecera-new.png\",\"contentUrl\":\"https:\/\/tourtravelandmore.com\/wp-content\/uploads\/2022\/12\/cropped-logo-cabecera-new.png\",\"width\":430,\"height\":61,\"caption\":\"Tour Travel And More\"},\"image\":{\"@id\":\"https:\/\/tourtravelandmore.com\/es\/#\/schema\/logo\/image\/\"},\"sameAs\":[\"https:\/\/www.facebook.com\/tourtravelandmore\/\",\"https:\/\/x.com\/TourTravel_More\"]}]}<\/script>\n<!-- \/ Yoast SEO Premium plugin. -->","yoast_head_json":{"title":"\u27a1\ufe0f Tour privado a Daintree desde Cairns con gu\u00eda local | Tour Travel & More","description":"Disfrute de este tour privado a Daintree desde Cairns junto a un gu\u00eda local experto. Descubra la maravillosa naturaleza de Queensland \u2705","robots":{"index":"index","follow":"follow","max-snippet":"max-snippet:-1","max-image-preview":"max-image-preview:large","max-video-preview":"max-video-preview:-1"},"canonical":"https:\/\/tourtravelandmore.com\/es\/tours\/australia-es\/cairns-es\/cairns-actividades-es\/tour-privado-a-daintree-desde-cairns\/","og_locale":"es_ES","og_type":"article","og_title":"Tour Privado a Daintree y Cabo Tribulaci\u00f3n","og_description":"Disfrute de este tour privado a Daintree desde Cairns junto a un gu\u00eda local experto. Descubra la maravillosa naturaleza de Queensland \u2705","og_url":"https:\/\/tourtravelandmore.com\/es\/tours\/australia-es\/cairns-es\/cairns-actividades-es\/tour-privado-a-daintree-desde-cairns\/","og_site_name":"Tour Travel And More","article_publisher":"https:\/\/www.facebook.com\/tourtravelandmore\/","article_modified_time":"2023-05-15T22:51:09+00:00","og_image":[{"width":667,"height":500,"url":"https:\/\/tourtravelandmore.com\/wp-content\/uploads\/2021\/01\/Daintree-rainforest.jpeg","type":"image\/jpeg"}],"twitter_card":"summary_large_image","twitter_site":"@TourTravel_More","twitter_misc":{"Tiempo de lectura":"2 minutos"},"schema":{"@context":"https:\/\/schema.org","@graph":[{"@type":"WebPage","@id":"https:\/\/tourtravelandmore.com\/es\/tours\/australia-es\/cairns-es\/cairns-actividades-es\/tour-privado-a-daintree-desde-cairns\/","url":"https:\/\/tourtravelandmore.com\/es\/tours\/australia-es\/cairns-es\/cairns-actividades-es\/tour-privado-a-daintree-desde-cairns\/","name":"\u27a1\ufe0f Tour privado a Daintree desde Cairns con gu\u00eda local | Tour Travel & More","isPartOf":{"@id":"https:\/\/tourtravelandmore.com\/es\/#website"},"primaryImageOfPage":{"@id":"https:\/\/tourtravelandmore.com\/es\/tours\/australia-es\/cairns-es\/cairns-actividades-es\/tour-privado-a-daintree-desde-cairns\/#primaryimage"},"image":{"@id":"https:\/\/tourtravelandmore.com\/es\/tours\/australia-es\/cairns-es\/cairns-actividades-es\/tour-privado-a-daintree-desde-cairns\/#primaryimage"},"thumbnailUrl":"https:\/\/tourtravelandmore.com\/wp-content\/uploads\/2021\/01\/Daintree-rainforest.jpeg","datePublished":"2021-01-22T11:31:48+00:00","dateModified":"2023-05-15T22:51:09+00:00","description":"Disfrute de este tour privado a Daintree desde Cairns junto a un gu\u00eda local experto. Descubra la maravillosa naturaleza de Queensland \u2705","breadcrumb":{"@id":"https:\/\/tourtravelandmore.com\/es\/tours\/australia-es\/cairns-es\/cairns-actividades-es\/tour-privado-a-daintree-desde-cairns\/#breadcrumb"},"inLanguage":"es","potentialAction":[{"@type":"ReadAction","target":["https:\/\/tourtravelandmore.com\/es\/tours\/australia-es\/cairns-es\/cairns-actividades-es\/tour-privado-a-daintree-desde-cairns\/"]}]},{"@type":"ImageObject","inLanguage":"es","@id":"https:\/\/tourtravelandmore.com\/es\/tours\/australia-es\/cairns-es\/cairns-actividades-es\/tour-privado-a-daintree-desde-cairns\/#primaryimage","url":"https:\/\/tourtravelandmore.com\/wp-content\/uploads\/2021\/01\/Daintree-rainforest.jpeg","contentUrl":"https:\/\/tourtravelandmore.com\/wp-content\/uploads\/2021\/01\/Daintree-rainforest.jpeg","width":667,"height":500,"caption":"daintree rainforest"},{"@type":"BreadcrumbList","@id":"https:\/\/tourtravelandmore.com\/es\/tours\/australia-es\/cairns-es\/cairns-actividades-es\/tour-privado-a-daintree-desde-cairns\/#breadcrumb","itemListElement":[{"@type":"ListItem","position":1,"name":"Home","item":"https:\/\/tourtravelandmore.com\/es\/"},{"@type":"ListItem","position":2,"name":"Tours","item":"https:\/\/tourtravelandmore.com\/es\/tours\/"},{"@type":"ListItem","position":3,"name":"Tour Privado a Daintree y Cabo Tribulaci\u00f3n"}]},{"@type":"WebSite","@id":"https:\/\/tourtravelandmore.com\/es\/#website","url":"https:\/\/tourtravelandmore.com\/es\/","name":"Tour Travel And More","description":"Private sightseeing tours and luxury transfers in Spain","publisher":{"@id":"https:\/\/tourtravelandmore.com\/es\/#organization"},"potentialAction":[{"@type":"SearchAction","target":{"@type":"EntryPoint","urlTemplate":"https:\/\/tourtravelandmore.com\/es\/?s={search_term_string}"},"query-input":{"@type":"PropertyValueSpecification","valueRequired":true,"valueName":"search_term_string"}}],"inLanguage":"es"},{"@type":"Organization","@id":"https:\/\/tourtravelandmore.com\/es\/#organization","name":"Tour Travel And More","url":"https:\/\/tourtravelandmore.com\/es\/","logo":{"@type":"ImageObject","inLanguage":"es","@id":"https:\/\/tourtravelandmore.com\/es\/#\/schema\/logo\/image\/","url":"https:\/\/tourtravelandmore.com\/wp-content\/uploads\/2022\/12\/cropped-logo-cabecera-new.png","contentUrl":"https:\/\/tourtravelandmore.com\/wp-content\/uploads\/2022\/12\/cropped-logo-cabecera-new.png","width":430,"height":61,"caption":"Tour Travel And More"},"image":{"@id":"https:\/\/tourtravelandmore.com\/es\/#\/schema\/logo\/image\/"},"sameAs":["https:\/\/www.facebook.com\/tourtravelandmore\/","https:\/\/x.com\/TourTravel_More"]}]}},"_links":{"self":[{"href":"https:\/\/tourtravelandmore.com\/es\/wp-json\/wp\/v2\/product\/91797","targetHints":{"allow":["GET"]}}],"collection":[{"href":"https:\/\/tourtravelandmore.com\/es\/wp-json\/wp\/v2\/product"}],"about":[{"href":"https:\/\/tourtravelandmore.com\/es\/wp-json\/wp\/v2\/types\/product"}],"replies":[{"embeddable":true,"href":"https:\/\/tourtravelandmore.com\/es\/wp-json\/wp\/v2\/comments?post=91797"}],"wp:featuredmedia":[{"embeddable":true,"href":"https:\/\/tourtravelandmore.com\/es\/wp-json\/wp\/v2\/media\/91836"}],"wp:attachment":[{"href":"https:\/\/tourtravelandmore.com\/es\/wp-json\/wp\/v2\/media?parent=91797"}],"wp:term":[{"taxonomy":"product_brand","embeddable":true,"href":"https:\/\/tourtravelandmore.com\/es\/wp-json\/wp\/v2\/product_brand?post=91797"},{"taxonomy":"product_cat","embeddable":true,"href":"https:\/\/tourtravelandmore.com\/es\/wp-json\/wp\/v2\/product_cat?post=91797"},{"taxonomy":"product_tag","embeddable":true,"href":"https:\/\/tourtravelandmore.com\/es\/wp-json\/wp\/v2\/product_tag?post=91797"}],"curies":[{"name":"wp","href":"https:\/\/api.w.org\/{rel}","templated":true}]}}