{"id":91691,"date":"2021-01-21T14:11:13","date_gmt":"2021-01-21T13:11:14","guid":{"rendered":"https:\/\/tourtravelandmore.com\/?post_type=product&#038;p=91691"},"modified":"2021-01-21T14:58:35","modified_gmt":"2021-01-21T13:58:35","slug":"traslados-privados-en-sydney","status":"publish","type":"product","link":"https:\/\/tourtravelandmore.com\/es\/tours\/australia-es\/sydney-es\/sydney-actividades-es\/traslados-privados-en-sydney\/","title":{"rendered":"Traslados Privados en Ciudad de M\u00e9xico &#8211; hacia\/desde cualquier sitio (Copy)"},"content":{"rendered":"<h2><strong>Descripci\u00f3n<\/strong><\/h2>\n<p>Disfruta nuestros traslados privados en Sydney. Nuestros choferes privados le ofrecer\u00e1n un servicio a medida en nuestros veh\u00edculos privados de lujo. Le ofrecemos el modo m\u00e1s r\u00e1pido y c\u00f3modo de llegar a su destino final.<\/p>\n<p>Ofrecemos todo tipo de traslados desde y hacia Sydney. Traslados del <a href=\"https:\/\/www.sydneyairport.com.au\/\">aeropuerto<\/a>, puerto de cruceros o traslados a otros pueblos cerca de la ciudad.<\/p>\n<p>Una vez llegue a su destino nuestro chofer le estar\u00e1 esperando con un cartel a su nombre. A continuaci\u00f3n disfrutar\u00e1 una experiencia relajante y personalizada hasta llegar a su destino final.<\/p>\n<p>Ofrecemos a su vez disposiciones de veh\u00edculo dentro de la ciudad, as\u00ed como traslados a otros puntos del pa\u00eds. No dude en contactarnos para una propuesta personalizada.<\/p>\n<p>Ofrecemos diversos tours privados desde Sydney, puede chequear nuestra oferta de tour en <a href=\"https:\/\/tourtravelandmore.com\/es\/ciudad\/australia-es\/sydney-es\/\">nuestra web<\/a>.<\/p>\n<h2><strong>Puntos de inter\u00e9s<\/strong><\/h2>\n<p>La historia moderna de Sydney comenz\u00f3 con la primera llegada de la flota brit\u00e1nica en 1788. A continuaci\u00f3n fue creada la colonia penal de Inglaterra all\u00ed. El primer impulso de crecimiento de Sydney\u2014de 60,000 a 400,000 habitantes\u2014 tom\u00f3 parte entre los a\u00f1os 1850 y 1890.<\/p>\n<p>La ciudad recibe m\u00e1s de 16 millones de visitantes cada a\u00f1o. Sus maravillosas playas, fascinante escena gastron\u00f3mica y espectaculares alrededores hacen a Sydney uno de los mejores destinos en el mundo.<\/p>\n<p>Perm\u00edtanos ayudarle a coordinar su llegada y\/o salida de la ciudad. Nuestros choferes le ofrecer\u00e1n un servicio excepcional, liber\u00e1ndolo de cualquier preocupaci\u00f3n al momento de llegar o de partir de la ciudad. Disfrute nuestros traslados privados en Sydney a medida.<\/p>\n<p>No limitamos la cantidad de equipaje, pero solicitamos que por favor nos indiquen con anticipaci\u00f3n en caso de viajar con mucho equipaje. Podr\u00eda ser necesario coordinar un veh\u00edculo m\u00e1s grande.<\/p>\n<p>En caso que necesiten una silla para ni\u00f1o por favor indicar con anticipaci\u00f3n.<\/p>\n","protected":false},"excerpt":{"rendered":"<p>Disfrute una experiencia sin preocupaciones al momento de llegar o partir de Sydney. Experiencia personalizada.<\/p>\n","protected":false},"featured_media":7738,"comment_status":"open","ping_status":"closed","template":"","meta":{"_acf_changed":false},"product_brand":[],"product_cat":[3421,3424,3431,3440],"product_tag":[],"class_list":{"0":"post-91691","1":"product","2":"type-product","3":"status-publish","4":"has-post-thumbnail","6":"product_cat-australia-es","7":"product_cat-sydney-es","8":"product_cat-sydney-actividades-es","9":"product_cat-sydney-traslados-es","11":"first","12":"instock","13":"shipping-taxable","14":"purchasable","15":"product-type-simple"},"acf":[],"yoast_head":"<!-- This site is optimized with the Yoast SEO Premium plugin v25.3.1 (Yoast SEO v25.3.1) - https:\/\/yoast.com\/wordpress\/plugins\/seo\/ -->\n<title>Traslados Privados en Sydney: veh\u00edculos privados con chofer<\/title>\n<meta name=\"description\" content=\"Traslados privados en Sydney desde el aeropuerto u otras ciudades en Australia. Veh\u00edculos privados a su disposici\u00f3n.\" \/>\n<meta name=\"robots\" content=\"index, follow, max-snippet:-1, max-image-preview:large, max-video-preview:-1\" \/>\n<link rel=\"canonical\" href=\"https:\/\/tourtravelandmore.com\/es\/tours\/australia-es\/sydney-es\/sydney-actividades-es\/traslados-privados-en-sydney\/\" \/>\n<meta property=\"og:locale\" content=\"es_ES\" \/>\n<meta property=\"og:type\" content=\"article\" \/>\n<meta property=\"og:title\" content=\"Traslados Privados en Ciudad de M\u00e9xico - hacia\/desde cualquier sitio (Copy)\" \/>\n<meta property=\"og:description\" content=\"Traslados privados en Sydney desde el aeropuerto u otras ciudades en Australia. Veh\u00edculos privados a su disposici\u00f3n.\" \/>\n<meta property=\"og:url\" content=\"https:\/\/tourtravelandmore.com\/es\/tours\/australia-es\/sydney-es\/sydney-actividades-es\/traslados-privados-en-sydney\/\" \/>\n<meta property=\"og:site_name\" content=\"Tour Travel And More\" \/>\n<meta property=\"article:publisher\" content=\"https:\/\/www.facebook.com\/tourtravelandmore\/\" \/>\n<meta property=\"article:modified_time\" content=\"2021-01-21T13:58:35+00:00\" \/>\n<meta property=\"og:image\" content=\"https:\/\/tourtravelandmore.com\/wp-content\/uploads\/2016\/10\/barcelona-wedding-transfer-3.jpg\" \/>\n\t<meta property=\"og:image:width\" content=\"1920\" \/>\n\t<meta property=\"og:image:height\" content=\"891\" \/>\n\t<meta property=\"og:image:type\" content=\"image\/jpeg\" \/>\n<meta name=\"twitter:card\" content=\"summary_large_image\" \/>\n<meta name=\"twitter:site\" content=\"@TourTravel_More\" \/>\n<meta name=\"twitter:label1\" content=\"Tiempo de lectura\" \/>\n\t<meta name=\"twitter:data1\" content=\"2 minutos\" \/>\n<script type=\"application\/ld+json\" class=\"yoast-schema-graph\">{\"@context\":\"https:\/\/schema.org\",\"@graph\":[{\"@type\":\"WebPage\",\"@id\":\"https:\/\/tourtravelandmore.com\/es\/tours\/australia-es\/sydney-es\/sydney-actividades-es\/traslados-privados-en-sydney\/\",\"url\":\"https:\/\/tourtravelandmore.com\/es\/tours\/australia-es\/sydney-es\/sydney-actividades-es\/traslados-privados-en-sydney\/\",\"name\":\"Traslados Privados en Sydney: veh\u00edculos privados con chofer\",\"isPartOf\":{\"@id\":\"https:\/\/tourtravelandmore.com\/es\/#website\"},\"primaryImageOfPage\":{\"@id\":\"https:\/\/tourtravelandmore.com\/es\/tours\/australia-es\/sydney-es\/sydney-actividades-es\/traslados-privados-en-sydney\/#primaryimage\"},\"image\":{\"@id\":\"https:\/\/tourtravelandmore.com\/es\/tours\/australia-es\/sydney-es\/sydney-actividades-es\/traslados-privados-en-sydney\/#primaryimage\"},\"thumbnailUrl\":\"https:\/\/tourtravelandmore.com\/wp-content\/uploads\/2016\/10\/barcelona-wedding-transfer-3.jpg\",\"datePublished\":\"2021-01-21T13:11:14+00:00\",\"dateModified\":\"2021-01-21T13:58:35+00:00\",\"description\":\"Traslados privados en Sydney desde el aeropuerto u otras ciudades en Australia. Veh\u00edculos privados a su disposici\u00f3n.\",\"breadcrumb\":{\"@id\":\"https:\/\/tourtravelandmore.com\/es\/tours\/australia-es\/sydney-es\/sydney-actividades-es\/traslados-privados-en-sydney\/#breadcrumb\"},\"inLanguage\":\"es\",\"potentialAction\":[{\"@type\":\"ReadAction\",\"target\":[\"https:\/\/tourtravelandmore.com\/es\/tours\/australia-es\/sydney-es\/sydney-actividades-es\/traslados-privados-en-sydney\/\"]}]},{\"@type\":\"ImageObject\",\"inLanguage\":\"es\",\"@id\":\"https:\/\/tourtravelandmore.com\/es\/tours\/australia-es\/sydney-es\/sydney-actividades-es\/traslados-privados-en-sydney\/#primaryimage\",\"url\":\"https:\/\/tourtravelandmore.com\/wp-content\/uploads\/2016\/10\/barcelona-wedding-transfer-3.jpg\",\"contentUrl\":\"https:\/\/tourtravelandmore.com\/wp-content\/uploads\/2016\/10\/barcelona-wedding-transfer-3.jpg\",\"width\":1920,\"height\":891,\"caption\":\"BRABUS Upgrades - Mercedes AMG S-Class\"},{\"@type\":\"BreadcrumbList\",\"@id\":\"https:\/\/tourtravelandmore.com\/es\/tours\/australia-es\/sydney-es\/sydney-actividades-es\/traslados-privados-en-sydney\/#breadcrumb\",\"itemListElement\":[{\"@type\":\"ListItem\",\"position\":1,\"name\":\"Home\",\"item\":\"https:\/\/tourtravelandmore.com\/es\/\"},{\"@type\":\"ListItem\",\"position\":2,\"name\":\"Tours\",\"item\":\"https:\/\/tourtravelandmore.com\/es\/tours\/\"},{\"@type\":\"ListItem\",\"position\":3,\"name\":\"Traslados Privados en Ciudad de M\u00e9xico &#8211; hacia\/desde cualquier sitio (Copy)\"}]},{\"@type\":\"WebSite\",\"@id\":\"https:\/\/tourtravelandmore.com\/es\/#website\",\"url\":\"https:\/\/tourtravelandmore.com\/es\/\",\"name\":\"Tour Travel And More\",\"description\":\"Private sightseeing tours and luxury transfers in Spain\",\"publisher\":{\"@id\":\"https:\/\/tourtravelandmore.com\/es\/#organization\"},\"potentialAction\":[{\"@type\":\"SearchAction\",\"target\":{\"@type\":\"EntryPoint\",\"urlTemplate\":\"https:\/\/tourtravelandmore.com\/es\/?s={search_term_string}\"},\"query-input\":{\"@type\":\"PropertyValueSpecification\",\"valueRequired\":true,\"valueName\":\"search_term_string\"}}],\"inLanguage\":\"es\"},{\"@type\":\"Organization\",\"@id\":\"https:\/\/tourtravelandmore.com\/es\/#organization\",\"name\":\"Tour Travel And More\",\"url\":\"https:\/\/tourtravelandmore.com\/es\/\",\"logo\":{\"@type\":\"ImageObject\",\"inLanguage\":\"es\",\"@id\":\"https:\/\/tourtravelandmore.com\/es\/#\/schema\/logo\/image\/\",\"url\":\"https:\/\/tourtravelandmore.com\/wp-content\/uploads\/2022\/12\/cropped-logo-cabecera-new.png\",\"contentUrl\":\"https:\/\/tourtravelandmore.com\/wp-content\/uploads\/2022\/12\/cropped-logo-cabecera-new.png\",\"width\":430,\"height\":61,\"caption\":\"Tour Travel And More\"},\"image\":{\"@id\":\"https:\/\/tourtravelandmore.com\/es\/#\/schema\/logo\/image\/\"},\"sameAs\":[\"https:\/\/www.facebook.com\/tourtravelandmore\/\",\"https:\/\/x.com\/TourTravel_More\"]}]}<\/script>\n<!-- \/ Yoast SEO Premium plugin. -->","yoast_head_json":{"title":"Traslados Privados en Sydney: veh\u00edculos privados con chofer","description":"Traslados privados en Sydney desde el aeropuerto u otras ciudades en Australia. Veh\u00edculos privados a su disposici\u00f3n.","robots":{"index":"index","follow":"follow","max-snippet":"max-snippet:-1","max-image-preview":"max-image-preview:large","max-video-preview":"max-video-preview:-1"},"canonical":"https:\/\/tourtravelandmore.com\/es\/tours\/australia-es\/sydney-es\/sydney-actividades-es\/traslados-privados-en-sydney\/","og_locale":"es_ES","og_type":"article","og_title":"Traslados Privados en Ciudad de M\u00e9xico - hacia\/desde cualquier sitio (Copy)","og_description":"Traslados privados en Sydney desde el aeropuerto u otras ciudades en Australia. Veh\u00edculos privados a su disposici\u00f3n.","og_url":"https:\/\/tourtravelandmore.com\/es\/tours\/australia-es\/sydney-es\/sydney-actividades-es\/traslados-privados-en-sydney\/","og_site_name":"Tour Travel And More","article_publisher":"https:\/\/www.facebook.com\/tourtravelandmore\/","article_modified_time":"2021-01-21T13:58:35+00:00","og_image":[{"width":1920,"height":891,"url":"https:\/\/tourtravelandmore.com\/wp-content\/uploads\/2016\/10\/barcelona-wedding-transfer-3.jpg","type":"image\/jpeg"}],"twitter_card":"summary_large_image","twitter_site":"@TourTravel_More","twitter_misc":{"Tiempo de lectura":"2 minutos"},"schema":{"@context":"https:\/\/schema.org","@graph":[{"@type":"WebPage","@id":"https:\/\/tourtravelandmore.com\/es\/tours\/australia-es\/sydney-es\/sydney-actividades-es\/traslados-privados-en-sydney\/","url":"https:\/\/tourtravelandmore.com\/es\/tours\/australia-es\/sydney-es\/sydney-actividades-es\/traslados-privados-en-sydney\/","name":"Traslados Privados en Sydney: veh\u00edculos privados con chofer","isPartOf":{"@id":"https:\/\/tourtravelandmore.com\/es\/#website"},"primaryImageOfPage":{"@id":"https:\/\/tourtravelandmore.com\/es\/tours\/australia-es\/sydney-es\/sydney-actividades-es\/traslados-privados-en-sydney\/#primaryimage"},"image":{"@id":"https:\/\/tourtravelandmore.com\/es\/tours\/australia-es\/sydney-es\/sydney-actividades-es\/traslados-privados-en-sydney\/#primaryimage"},"thumbnailUrl":"https:\/\/tourtravelandmore.com\/wp-content\/uploads\/2016\/10\/barcelona-wedding-transfer-3.jpg","datePublished":"2021-01-21T13:11:14+00:00","dateModified":"2021-01-21T13:58:35+00:00","description":"Traslados privados en Sydney desde el aeropuerto u otras ciudades en Australia. Veh\u00edculos privados a su disposici\u00f3n.","breadcrumb":{"@id":"https:\/\/tourtravelandmore.com\/es\/tours\/australia-es\/sydney-es\/sydney-actividades-es\/traslados-privados-en-sydney\/#breadcrumb"},"inLanguage":"es","potentialAction":[{"@type":"ReadAction","target":["https:\/\/tourtravelandmore.com\/es\/tours\/australia-es\/sydney-es\/sydney-actividades-es\/traslados-privados-en-sydney\/"]}]},{"@type":"ImageObject","inLanguage":"es","@id":"https:\/\/tourtravelandmore.com\/es\/tours\/australia-es\/sydney-es\/sydney-actividades-es\/traslados-privados-en-sydney\/#primaryimage","url":"https:\/\/tourtravelandmore.com\/wp-content\/uploads\/2016\/10\/barcelona-wedding-transfer-3.jpg","contentUrl":"https:\/\/tourtravelandmore.com\/wp-content\/uploads\/2016\/10\/barcelona-wedding-transfer-3.jpg","width":1920,"height":891,"caption":"BRABUS Upgrades - Mercedes AMG S-Class"},{"@type":"BreadcrumbList","@id":"https:\/\/tourtravelandmore.com\/es\/tours\/australia-es\/sydney-es\/sydney-actividades-es\/traslados-privados-en-sydney\/#breadcrumb","itemListElement":[{"@type":"ListItem","position":1,"name":"Home","item":"https:\/\/tourtravelandmore.com\/es\/"},{"@type":"ListItem","position":2,"name":"Tours","item":"https:\/\/tourtravelandmore.com\/es\/tours\/"},{"@type":"ListItem","position":3,"name":"Traslados Privados en Ciudad de M\u00e9xico &#8211; hacia\/desde cualquier sitio (Copy)"}]},{"@type":"WebSite","@id":"https:\/\/tourtravelandmore.com\/es\/#website","url":"https:\/\/tourtravelandmore.com\/es\/","name":"Tour Travel And More","description":"Private sightseeing tours and luxury transfers in Spain","publisher":{"@id":"https:\/\/tourtravelandmore.com\/es\/#organization"},"potentialAction":[{"@type":"SearchAction","target":{"@type":"EntryPoint","urlTemplate":"https:\/\/tourtravelandmore.com\/es\/?s={search_term_string}"},"query-input":{"@type":"PropertyValueSpecification","valueRequired":true,"valueName":"search_term_string"}}],"inLanguage":"es"},{"@type":"Organization","@id":"https:\/\/tourtravelandmore.com\/es\/#organization","name":"Tour Travel And More","url":"https:\/\/tourtravelandmore.com\/es\/","logo":{"@type":"ImageObject","inLanguage":"es","@id":"https:\/\/tourtravelandmore.com\/es\/#\/schema\/logo\/image\/","url":"https:\/\/tourtravelandmore.com\/wp-content\/uploads\/2022\/12\/cropped-logo-cabecera-new.png","contentUrl":"https:\/\/tourtravelandmore.com\/wp-content\/uploads\/2022\/12\/cropped-logo-cabecera-new.png","width":430,"height":61,"caption":"Tour Travel And More"},"image":{"@id":"https:\/\/tourtravelandmore.com\/es\/#\/schema\/logo\/image\/"},"sameAs":["https:\/\/www.facebook.com\/tourtravelandmore\/","https:\/\/x.com\/TourTravel_More"]}]}},"_links":{"self":[{"href":"https:\/\/tourtravelandmore.com\/es\/wp-json\/wp\/v2\/product\/91691","targetHints":{"allow":["GET"]}}],"collection":[{"href":"https:\/\/tourtravelandmore.com\/es\/wp-json\/wp\/v2\/product"}],"about":[{"href":"https:\/\/tourtravelandmore.com\/es\/wp-json\/wp\/v2\/types\/product"}],"replies":[{"embeddable":true,"href":"https:\/\/tourtravelandmore.com\/es\/wp-json\/wp\/v2\/comments?post=91691"}],"wp:featuredmedia":[{"embeddable":true,"href":"https:\/\/tourtravelandmore.com\/es\/wp-json\/wp\/v2\/media\/7738"}],"wp:attachment":[{"href":"https:\/\/tourtravelandmore.com\/es\/wp-json\/wp\/v2\/media?parent=91691"}],"wp:term":[{"taxonomy":"product_brand","embeddable":true,"href":"https:\/\/tourtravelandmore.com\/es\/wp-json\/wp\/v2\/product_brand?post=91691"},{"taxonomy":"product_cat","embeddable":true,"href":"https:\/\/tourtravelandmore.com\/es\/wp-json\/wp\/v2\/product_cat?post=91691"},{"taxonomy":"product_tag","embeddable":true,"href":"https:\/\/tourtravelandmore.com\/es\/wp-json\/wp\/v2\/product_tag?post=91691"}],"curies":[{"name":"wp","href":"https:\/\/api.w.org\/{rel}","templated":true}]}}