{"id":9168,"date":"2016-11-10T11:40:50","date_gmt":"2016-11-11T10:44:13","guid":{"rendered":"http:\/\/tourtravelandmore.com\/es\/?post_type=product&#038;p=9168"},"modified":"2021-04-27T19:16:46","modified_gmt":"2021-04-27T17:16:46","slug":"traslado-aeropuerto-miami-traslado-privado-desde-cualquier-lugar","status":"publish","type":"product","link":"https:\/\/tourtravelandmore.com\/es\/tours\/eeuu-es\/miami-es\/traslado-aeropuerto-miami-traslado-privado-desde-cualquier-lugar\/","title":{"rendered":"Traslados Privados en Miami y alrededores"},"content":{"rendered":"<h2>Descripci\u00f3n:<\/h2>\n<p><span lang=\"es\">Tome nuestro traslado Aeropuerto de Miami,\u00a0 para viajar de una manera r\u00e1pida y f\u00e1cil para llegar a su destino final sin esperas. <\/span><\/p>\n<p><span lang=\"es\">No s\u00f3lo realizamos traslado desde el <strong>Aeropuerto de Miami<\/strong>, sino tambi\u00e9n desde el <strong>Aeropuerto Fort Lauderdale<\/strong>, y la <strong>Terminal de Cruceros.<\/strong><br \/>\n<\/span><\/p>\n<p>Operamos en todo Miami y los alrededores, as\u00ed que podemos recogerle desde cualquier sitio.<\/p>\n<p>Todos nuestros Traslados y servicios son privados, usted puede escoger la hora y lugar de comienzo.<\/p>\n<p>Nuestro conductor siempre estar\u00e1 esperando con un cartel con su nombre en la Terminal de llegadas o en el aparcamiento autorizado de esperas.<\/p>\n<p>Si desea realizar un tour en la ciudad de Miami, puede consultar\u00a0<span style=\"color: #0000ee;\"><b><u>aqu\u00ed<\/u><\/b><\/span><b> <\/b>nuestros tours privados de Miami.<\/p>\n<p>A trav\u00e9s del formulario de contacto puedes contactar con nosotros y nuestro equipo le enviar\u00e1 la informaci\u00f3n detallada.<\/p>\n<p><strong>Ofrecemos traslados privados en los siguientes destinos entre otros:<\/strong><\/p>\n<p>Desde Aeropuerto Internacional de Miami , Terminal de Cruceros,\u00a0 <span lang=\"es\">Aeropuerto Fort Lauderdale <\/span>a:<\/p>\n<ul>\n<li><strong>Downtown Miami<\/strong><\/li>\n<li><strong>South Beach<\/strong><\/li>\n<li><strong>North Miami Beach, Aventure<\/strong><\/li>\n<li><strong>Hollywood, Pembroke Pines<\/strong><\/li>\n<li><strong>Fort Lauderdale, Plantation<\/strong><\/li>\n<\/ul>\n<p><strong>Adem\u00e1s tambi\u00e9n ofrecemos traslados internos dentro de la ciudad de Miami, o servicios por hora con conductor:<\/strong><\/p>\n<p>Desde Miami:<\/p>\n<ul>\n<li><strong>Seagrass Mall<\/strong><\/li>\n<li><strong>Dolphin Mall<\/strong><\/li>\n<li><strong>Boca Rat\u00f3n<\/strong><\/li>\n<li><strong>Palm Beach<\/strong><\/li>\n<li><strong>Cape Canaveral<\/strong><\/li>\n<li><strong>Orlando<\/strong><\/li>\n<li><strong>Playa Daytona<\/strong><\/li>\n<li><strong>Naples<\/strong><\/li>\n<li><strong>Fort Myers<\/strong><\/li>\n<li><strong>Sarasota<\/strong><\/li>\n<li><strong>Tampa Bay Area<\/strong><\/li>\n<li><strong>Key Largo<\/strong><\/li>\n<li><strong>Isla Morada<\/strong><\/li>\n<li><strong>Key West<\/strong><\/li>\n<\/ul>\n<h2>Puntos de inter\u00e9s:<\/h2>\n<p><img fetchpriority=\"high\" decoding=\"async\" class=\"alignnone wp-image-106637 size-large\" src=\"https:\/\/tourtravelandmore.com\/wp-content\/uploads\/2016\/11\/Disen\u0303o-sin-ti\u0301tulo-6-1024x576.png\" alt=\"\" width=\"1024\" height=\"576\" srcset=\"https:\/\/tourtravelandmore.com\/wp-content\/uploads\/2016\/11\/Disen\u0303o-sin-ti\u0301tulo-6-1024x576.png 1024w, https:\/\/tourtravelandmore.com\/wp-content\/uploads\/2016\/11\/Disen\u0303o-sin-ti\u0301tulo-6-300x169.png 300w, https:\/\/tourtravelandmore.com\/wp-content\/uploads\/2016\/11\/Disen\u0303o-sin-ti\u0301tulo-6-768x432.png 768w, https:\/\/tourtravelandmore.com\/wp-content\/uploads\/2016\/11\/Disen\u0303o-sin-ti\u0301tulo-6-1536x864.png 1536w, https:\/\/tourtravelandmore.com\/wp-content\/uploads\/2016\/11\/Disen\u0303o-sin-ti\u0301tulo-6-680x383.png 680w, https:\/\/tourtravelandmore.com\/wp-content\/uploads\/2016\/11\/Disen\u0303o-sin-ti\u0301tulo-6-595x335.png 595w, https:\/\/tourtravelandmore.com\/wp-content\/uploads\/2016\/11\/Disen\u0303o-sin-ti\u0301tulo-6.png 1920w\" sizes=\"(max-width: 1024px) 100vw, 1024px\" \/><\/p>\n<p>Miami es una ciudad ubicada en el sureste de Estados Unidos en el estado de Florida. Miami se ve envuelto por los Everglades y el Oceano Atl\u00e1ntico. Miami-Dade es el principal condado de Miami donde se ubica el centro de la ciudad. Aqu\u00ed habitan m\u00e1s de 415,000 personas. Adem\u00e1s su puerto es uno de los m\u00e1s importantes de la zona.<\/p>\n<p>Miami es una ciudad llena de sabores distintos y una mezcla de diferentes culturas, gente de todo el mundo, playas hermosas, m\u00fasica de cualquier tipo, vida nocturnas, \u2026 es un lugar lleno de vida y movimiento <strong>capaz de cautivar a cualquier visitante<\/strong>.<\/p>\n<p>&nbsp;<\/p>\n","protected":false},"excerpt":{"rendered":"<p>No espere las colas largas de los taxis en el aeropuerto o en la terminal de cruceros. Disfrute de un <strong>traslado privado en Miami<\/strong> en un veh\u00edculo de semi-lujo junto con un chofer simp\u00e1tico y amable.<\/p>\n","protected":false},"featured_media":9125,"comment_status":"open","ping_status":"closed","template":"","meta":{"_acf_changed":false},"product_brand":[],"product_cat":[1602,333,334,338],"product_tag":[],"class_list":{"0":"post-9168","1":"product","2":"type-product","3":"status-publish","4":"has-post-thumbnail","6":"product_cat-eeuu-es","7":"product_cat-miami-es","8":"product_cat-miami-actividades-es","9":"product_cat-miami-traslados-es","11":"first","12":"instock","13":"shipping-taxable","14":"purchasable","15":"product-type-simple"},"acf":[],"yoast_head":"<!-- This site is optimized with the Yoast SEO Premium plugin v25.3.1 (Yoast SEO v25.3.1) - https:\/\/yoast.com\/wordpress\/plugins\/seo\/ -->\n<title>Traslado Privado Aeropuerto Miami hacia alrededores | Tour Travel &amp; More<\/title>\n<meta name=\"description\" content=\"\u2192 Ofrecemos Traslado Privado Aeropuerto Miami, Aeropuerto Fort Lauderdale, Terminal de Cruceros y Traslados internos y Alrededores \ud83e\udd47\" \/>\n<meta name=\"robots\" content=\"index, follow, max-snippet:-1, max-image-preview:large, max-video-preview:-1\" \/>\n<link rel=\"canonical\" href=\"https:\/\/tourtravelandmore.com\/es\/tours\/eeuu-es\/miami-es\/traslado-aeropuerto-miami-traslado-privado-desde-cualquier-lugar\/\" \/>\n<meta property=\"og:locale\" content=\"es_ES\" \/>\n<meta property=\"og:type\" content=\"article\" \/>\n<meta property=\"og:title\" content=\"Traslados Privados en Miami y alrededores\" \/>\n<meta property=\"og:description\" content=\"\u2192 Ofrecemos Traslado Privado Aeropuerto Miami, Aeropuerto Fort Lauderdale, Terminal de Cruceros y Traslados internos y Alrededores \ud83e\udd47\" \/>\n<meta property=\"og:url\" content=\"https:\/\/tourtravelandmore.com\/es\/tours\/eeuu-es\/miami-es\/traslado-aeropuerto-miami-traslado-privado-desde-cualquier-lugar\/\" \/>\n<meta property=\"og:site_name\" content=\"Tour Travel And More\" \/>\n<meta property=\"article:publisher\" content=\"https:\/\/www.facebook.com\/tourtravelandmore\/\" \/>\n<meta property=\"article:modified_time\" content=\"2021-04-27T17:16:46+00:00\" \/>\n<meta property=\"og:image\" content=\"https:\/\/tourtravelandmore.com\/wp-content\/uploads\/2016\/11\/Fotos-principal-1.jpg\" \/>\n\t<meta property=\"og:image:width\" content=\"356\" \/>\n\t<meta property=\"og:image:height\" content=\"244\" \/>\n\t<meta property=\"og:image:type\" content=\"image\/jpeg\" \/>\n<meta name=\"twitter:card\" content=\"summary_large_image\" \/>\n<meta name=\"twitter:site\" content=\"@TourTravel_More\" \/>\n<meta name=\"twitter:label1\" content=\"Tiempo de lectura\" \/>\n\t<meta name=\"twitter:data1\" content=\"2 minutos\" \/>\n<script type=\"application\/ld+json\" class=\"yoast-schema-graph\">{\"@context\":\"https:\/\/schema.org\",\"@graph\":[{\"@type\":\"WebPage\",\"@id\":\"https:\/\/tourtravelandmore.com\/es\/tours\/eeuu-es\/miami-es\/traslado-aeropuerto-miami-traslado-privado-desde-cualquier-lugar\/\",\"url\":\"https:\/\/tourtravelandmore.com\/es\/tours\/eeuu-es\/miami-es\/traslado-aeropuerto-miami-traslado-privado-desde-cualquier-lugar\/\",\"name\":\"Traslado Privado Aeropuerto Miami hacia alrededores | Tour Travel & More\",\"isPartOf\":{\"@id\":\"https:\/\/tourtravelandmore.com\/es\/#website\"},\"primaryImageOfPage\":{\"@id\":\"https:\/\/tourtravelandmore.com\/es\/tours\/eeuu-es\/miami-es\/traslado-aeropuerto-miami-traslado-privado-desde-cualquier-lugar\/#primaryimage\"},\"image\":{\"@id\":\"https:\/\/tourtravelandmore.com\/es\/tours\/eeuu-es\/miami-es\/traslado-aeropuerto-miami-traslado-privado-desde-cualquier-lugar\/#primaryimage\"},\"thumbnailUrl\":\"https:\/\/tourtravelandmore.com\/wp-content\/uploads\/2016\/11\/Fotos-principal-1.jpg\",\"datePublished\":\"2016-11-11T10:44:13+00:00\",\"dateModified\":\"2021-04-27T17:16:46+00:00\",\"description\":\"\u2192 Ofrecemos Traslado Privado Aeropuerto Miami, Aeropuerto Fort Lauderdale, Terminal de Cruceros y Traslados internos y Alrededores \ud83e\udd47\",\"breadcrumb\":{\"@id\":\"https:\/\/tourtravelandmore.com\/es\/tours\/eeuu-es\/miami-es\/traslado-aeropuerto-miami-traslado-privado-desde-cualquier-lugar\/#breadcrumb\"},\"inLanguage\":\"es\",\"potentialAction\":[{\"@type\":\"ReadAction\",\"target\":[\"https:\/\/tourtravelandmore.com\/es\/tours\/eeuu-es\/miami-es\/traslado-aeropuerto-miami-traslado-privado-desde-cualquier-lugar\/\"]}]},{\"@type\":\"ImageObject\",\"inLanguage\":\"es\",\"@id\":\"https:\/\/tourtravelandmore.com\/es\/tours\/eeuu-es\/miami-es\/traslado-aeropuerto-miami-traslado-privado-desde-cualquier-lugar\/#primaryimage\",\"url\":\"https:\/\/tourtravelandmore.com\/wp-content\/uploads\/2016\/11\/Fotos-principal-1.jpg\",\"contentUrl\":\"https:\/\/tourtravelandmore.com\/wp-content\/uploads\/2016\/11\/Fotos-principal-1.jpg\",\"width\":356,\"height\":244},{\"@type\":\"BreadcrumbList\",\"@id\":\"https:\/\/tourtravelandmore.com\/es\/tours\/eeuu-es\/miami-es\/traslado-aeropuerto-miami-traslado-privado-desde-cualquier-lugar\/#breadcrumb\",\"itemListElement\":[{\"@type\":\"ListItem\",\"position\":1,\"name\":\"Home\",\"item\":\"https:\/\/tourtravelandmore.com\/es\/\"},{\"@type\":\"ListItem\",\"position\":2,\"name\":\"Tours\",\"item\":\"https:\/\/tourtravelandmore.com\/es\/tours\/\"},{\"@type\":\"ListItem\",\"position\":3,\"name\":\"Traslados Privados en Miami y alrededores\"}]},{\"@type\":\"WebSite\",\"@id\":\"https:\/\/tourtravelandmore.com\/es\/#website\",\"url\":\"https:\/\/tourtravelandmore.com\/es\/\",\"name\":\"Tour Travel And More\",\"description\":\"Private sightseeing tours and luxury transfers in Spain\",\"publisher\":{\"@id\":\"https:\/\/tourtravelandmore.com\/es\/#organization\"},\"potentialAction\":[{\"@type\":\"SearchAction\",\"target\":{\"@type\":\"EntryPoint\",\"urlTemplate\":\"https:\/\/tourtravelandmore.com\/es\/?s={search_term_string}\"},\"query-input\":{\"@type\":\"PropertyValueSpecification\",\"valueRequired\":true,\"valueName\":\"search_term_string\"}}],\"inLanguage\":\"es\"},{\"@type\":\"Organization\",\"@id\":\"https:\/\/tourtravelandmore.com\/es\/#organization\",\"name\":\"Tour Travel And More\",\"url\":\"https:\/\/tourtravelandmore.com\/es\/\",\"logo\":{\"@type\":\"ImageObject\",\"inLanguage\":\"es\",\"@id\":\"https:\/\/tourtravelandmore.com\/es\/#\/schema\/logo\/image\/\",\"url\":\"https:\/\/tourtravelandmore.com\/wp-content\/uploads\/2022\/12\/cropped-logo-cabecera-new.png\",\"contentUrl\":\"https:\/\/tourtravelandmore.com\/wp-content\/uploads\/2022\/12\/cropped-logo-cabecera-new.png\",\"width\":430,\"height\":61,\"caption\":\"Tour Travel And More\"},\"image\":{\"@id\":\"https:\/\/tourtravelandmore.com\/es\/#\/schema\/logo\/image\/\"},\"sameAs\":[\"https:\/\/www.facebook.com\/tourtravelandmore\/\",\"https:\/\/x.com\/TourTravel_More\"]}]}<\/script>\n<!-- \/ Yoast SEO Premium plugin. -->","yoast_head_json":{"title":"Traslado Privado Aeropuerto Miami hacia alrededores | Tour Travel & More","description":"\u2192 Ofrecemos Traslado Privado Aeropuerto Miami, Aeropuerto Fort Lauderdale, Terminal de Cruceros y Traslados internos y Alrededores \ud83e\udd47","robots":{"index":"index","follow":"follow","max-snippet":"max-snippet:-1","max-image-preview":"max-image-preview:large","max-video-preview":"max-video-preview:-1"},"canonical":"https:\/\/tourtravelandmore.com\/es\/tours\/eeuu-es\/miami-es\/traslado-aeropuerto-miami-traslado-privado-desde-cualquier-lugar\/","og_locale":"es_ES","og_type":"article","og_title":"Traslados Privados en Miami y alrededores","og_description":"\u2192 Ofrecemos Traslado Privado Aeropuerto Miami, Aeropuerto Fort Lauderdale, Terminal de Cruceros y Traslados internos y Alrededores \ud83e\udd47","og_url":"https:\/\/tourtravelandmore.com\/es\/tours\/eeuu-es\/miami-es\/traslado-aeropuerto-miami-traslado-privado-desde-cualquier-lugar\/","og_site_name":"Tour Travel And More","article_publisher":"https:\/\/www.facebook.com\/tourtravelandmore\/","article_modified_time":"2021-04-27T17:16:46+00:00","og_image":[{"width":356,"height":244,"url":"https:\/\/tourtravelandmore.com\/wp-content\/uploads\/2016\/11\/Fotos-principal-1.jpg","type":"image\/jpeg"}],"twitter_card":"summary_large_image","twitter_site":"@TourTravel_More","twitter_misc":{"Tiempo de lectura":"2 minutos"},"schema":{"@context":"https:\/\/schema.org","@graph":[{"@type":"WebPage","@id":"https:\/\/tourtravelandmore.com\/es\/tours\/eeuu-es\/miami-es\/traslado-aeropuerto-miami-traslado-privado-desde-cualquier-lugar\/","url":"https:\/\/tourtravelandmore.com\/es\/tours\/eeuu-es\/miami-es\/traslado-aeropuerto-miami-traslado-privado-desde-cualquier-lugar\/","name":"Traslado Privado Aeropuerto Miami hacia alrededores | Tour Travel & More","isPartOf":{"@id":"https:\/\/tourtravelandmore.com\/es\/#website"},"primaryImageOfPage":{"@id":"https:\/\/tourtravelandmore.com\/es\/tours\/eeuu-es\/miami-es\/traslado-aeropuerto-miami-traslado-privado-desde-cualquier-lugar\/#primaryimage"},"image":{"@id":"https:\/\/tourtravelandmore.com\/es\/tours\/eeuu-es\/miami-es\/traslado-aeropuerto-miami-traslado-privado-desde-cualquier-lugar\/#primaryimage"},"thumbnailUrl":"https:\/\/tourtravelandmore.com\/wp-content\/uploads\/2016\/11\/Fotos-principal-1.jpg","datePublished":"2016-11-11T10:44:13+00:00","dateModified":"2021-04-27T17:16:46+00:00","description":"\u2192 Ofrecemos Traslado Privado Aeropuerto Miami, Aeropuerto Fort Lauderdale, Terminal de Cruceros y Traslados internos y Alrededores \ud83e\udd47","breadcrumb":{"@id":"https:\/\/tourtravelandmore.com\/es\/tours\/eeuu-es\/miami-es\/traslado-aeropuerto-miami-traslado-privado-desde-cualquier-lugar\/#breadcrumb"},"inLanguage":"es","potentialAction":[{"@type":"ReadAction","target":["https:\/\/tourtravelandmore.com\/es\/tours\/eeuu-es\/miami-es\/traslado-aeropuerto-miami-traslado-privado-desde-cualquier-lugar\/"]}]},{"@type":"ImageObject","inLanguage":"es","@id":"https:\/\/tourtravelandmore.com\/es\/tours\/eeuu-es\/miami-es\/traslado-aeropuerto-miami-traslado-privado-desde-cualquier-lugar\/#primaryimage","url":"https:\/\/tourtravelandmore.com\/wp-content\/uploads\/2016\/11\/Fotos-principal-1.jpg","contentUrl":"https:\/\/tourtravelandmore.com\/wp-content\/uploads\/2016\/11\/Fotos-principal-1.jpg","width":356,"height":244},{"@type":"BreadcrumbList","@id":"https:\/\/tourtravelandmore.com\/es\/tours\/eeuu-es\/miami-es\/traslado-aeropuerto-miami-traslado-privado-desde-cualquier-lugar\/#breadcrumb","itemListElement":[{"@type":"ListItem","position":1,"name":"Home","item":"https:\/\/tourtravelandmore.com\/es\/"},{"@type":"ListItem","position":2,"name":"Tours","item":"https:\/\/tourtravelandmore.com\/es\/tours\/"},{"@type":"ListItem","position":3,"name":"Traslados Privados en Miami y alrededores"}]},{"@type":"WebSite","@id":"https:\/\/tourtravelandmore.com\/es\/#website","url":"https:\/\/tourtravelandmore.com\/es\/","name":"Tour Travel And More","description":"Private sightseeing tours and luxury transfers in Spain","publisher":{"@id":"https:\/\/tourtravelandmore.com\/es\/#organization"},"potentialAction":[{"@type":"SearchAction","target":{"@type":"EntryPoint","urlTemplate":"https:\/\/tourtravelandmore.com\/es\/?s={search_term_string}"},"query-input":{"@type":"PropertyValueSpecification","valueRequired":true,"valueName":"search_term_string"}}],"inLanguage":"es"},{"@type":"Organization","@id":"https:\/\/tourtravelandmore.com\/es\/#organization","name":"Tour Travel And More","url":"https:\/\/tourtravelandmore.com\/es\/","logo":{"@type":"ImageObject","inLanguage":"es","@id":"https:\/\/tourtravelandmore.com\/es\/#\/schema\/logo\/image\/","url":"https:\/\/tourtravelandmore.com\/wp-content\/uploads\/2022\/12\/cropped-logo-cabecera-new.png","contentUrl":"https:\/\/tourtravelandmore.com\/wp-content\/uploads\/2022\/12\/cropped-logo-cabecera-new.png","width":430,"height":61,"caption":"Tour Travel And More"},"image":{"@id":"https:\/\/tourtravelandmore.com\/es\/#\/schema\/logo\/image\/"},"sameAs":["https:\/\/www.facebook.com\/tourtravelandmore\/","https:\/\/x.com\/TourTravel_More"]}]}},"_links":{"self":[{"href":"https:\/\/tourtravelandmore.com\/es\/wp-json\/wp\/v2\/product\/9168","targetHints":{"allow":["GET"]}}],"collection":[{"href":"https:\/\/tourtravelandmore.com\/es\/wp-json\/wp\/v2\/product"}],"about":[{"href":"https:\/\/tourtravelandmore.com\/es\/wp-json\/wp\/v2\/types\/product"}],"replies":[{"embeddable":true,"href":"https:\/\/tourtravelandmore.com\/es\/wp-json\/wp\/v2\/comments?post=9168"}],"wp:featuredmedia":[{"embeddable":true,"href":"https:\/\/tourtravelandmore.com\/es\/wp-json\/wp\/v2\/media\/9125"}],"wp:attachment":[{"href":"https:\/\/tourtravelandmore.com\/es\/wp-json\/wp\/v2\/media?parent=9168"}],"wp:term":[{"taxonomy":"product_brand","embeddable":true,"href":"https:\/\/tourtravelandmore.com\/es\/wp-json\/wp\/v2\/product_brand?post=9168"},{"taxonomy":"product_cat","embeddable":true,"href":"https:\/\/tourtravelandmore.com\/es\/wp-json\/wp\/v2\/product_cat?post=9168"},{"taxonomy":"product_tag","embeddable":true,"href":"https:\/\/tourtravelandmore.com\/es\/wp-json\/wp\/v2\/product_tag?post=9168"}],"curies":[{"name":"wp","href":"https:\/\/api.w.org\/{rel}","templated":true}]}}