{"id":9163,"date":"2016-11-10T11:31:37","date_gmt":"2016-11-11T10:36:07","guid":{"rendered":"http:\/\/tourtravelandmore.com\/es\/?post_type=product&#038;p=9163"},"modified":"2021-04-27T18:15:56","modified_gmt":"2021-04-27T16:15:56","slug":"tour-de-compras-miami-tour-privado-con-chofer-guia","status":"publish","type":"product","link":"https:\/\/tourtravelandmore.com\/es\/tours\/eeuu-es\/miami-es\/tour-de-compras-miami-tour-privado-con-chofer-guia\/","title":{"rendered":"Tour de Compras en Miami y alrededores"},"content":{"rendered":"<h2>Descripci\u00f3n:<\/h2>\n<p>Disfrute de un <strong>tour de compras Miami<\/strong> <strong>privado<\/strong> por los principales centros comerciales.<\/p>\n<p><span lang=\"es\">Cuando usted piensa en Miami, primero piensa en playas de arena blanca y en segundo lugar en compras. Este Tour de compras Miami es una gran experiencia para ir un d\u00eda de compras con nuestro chofer\/gu\u00eda.\u00a0 Algunos centros comerciales se encuentran fuera de la ciudad y es necesario transporte para llegar.<br \/>\n<\/span><\/p>\n<h4>Dos opciones a elegir<\/h4>\n<ul>\n<li>Dos transfers privados de ida y vuelta. Con esta opci\u00f3n, podr\u00e1 disfrutar de un transfer de ida al centro comercial escogido y un transfer de vuelta a su hotel cuando terminen de comprar.<\/li>\n<li>La segunda opci\u00f3n es un veh\u00edculo con chofer a vuestra disposici\u00f3n. Con esta opci\u00f3n puede disfrutar de 2 o 3 centros comerciales y su chofer estar\u00e1 a su disposici\u00f3n durante todo el d\u00eda. Usted puedes escoger los centros comerciales que desea ir.<\/li>\n<\/ul>\n<p>Estos son los centros comerciales m\u00e1s importantes de la ciudad de Miami:<\/p>\n<ul>\n<li>Brickell City Center<\/li>\n<li>The Shops at Miami Midtown<\/li>\n<li>The shops at Mary Brickell Village<\/li>\n<li>Miami Design District<\/li>\n<li>Fifth and Alton<\/li>\n<li>Sawgrass Mills Mall<\/li>\n<li>Dolphin Mall<\/li>\n<li>Adventure Mall<\/li>\n<li>Bayside Marketplace<\/li>\n<li>Shops at Merrick Park<\/li>\n<li>Miracle Mile<\/li>\n<li>Sunset Place<\/li>\n<\/ul>\n<p>Todos nuestros tours son completamente privados y puedes escoger la hora y lugar de recogida.<\/p>\n<p>La duraci\u00f3n puede variar en funci\u00f3n del n\u00famero de centros comerciales que desea ir, 4 o 8 horas.<\/p>\n<p>Puede consultar <span style=\"color: #0000ee;\"><b><u>aqu\u00ed<\/u><\/b><\/span>! el resto de tours privados que ofrecemos en la ciudad de Miami.<\/p>\n<h2><strong>Puntos de inter\u00e9s:<\/strong><\/h2>\n<p><img fetchpriority=\"high\" decoding=\"async\" class=\"alignnone wp-image-106540 size-large\" src=\"https:\/\/tourtravelandmore.com\/wp-content\/uploads\/2016\/11\/Disen\u0303o-sin-ti\u0301tulo-1024x576.png\" alt=\"shopping in miami\" width=\"1024\" height=\"576\" srcset=\"https:\/\/tourtravelandmore.com\/wp-content\/uploads\/2016\/11\/Disen\u0303o-sin-ti\u0301tulo-1024x576.png 1024w, https:\/\/tourtravelandmore.com\/wp-content\/uploads\/2016\/11\/Disen\u0303o-sin-ti\u0301tulo-300x169.png 300w, https:\/\/tourtravelandmore.com\/wp-content\/uploads\/2016\/11\/Disen\u0303o-sin-ti\u0301tulo-768x432.png 768w, https:\/\/tourtravelandmore.com\/wp-content\/uploads\/2016\/11\/Disen\u0303o-sin-ti\u0301tulo-1536x864.png 1536w, https:\/\/tourtravelandmore.com\/wp-content\/uploads\/2016\/11\/Disen\u0303o-sin-ti\u0301tulo-680x383.png 680w, https:\/\/tourtravelandmore.com\/wp-content\/uploads\/2016\/11\/Disen\u0303o-sin-ti\u0301tulo-595x335.png 595w, https:\/\/tourtravelandmore.com\/wp-content\/uploads\/2016\/11\/Disen\u0303o-sin-ti\u0301tulo.png 1920w\" sizes=\"(max-width: 1024px) 100vw, 1024px\" \/><\/p>\n<p>Cuenta con un clima subtropical, un puerto natural protegido y unas playas espectaculares. Miami ha sido tradicionalmente un <strong>refugio para turistas<\/strong> y jubilados.<\/p>\n<p>Desde finales de los a\u00f1os 80, la ciudad ha sufrido un <strong>crecimiento sin precedentes<\/strong> y, al igual que ha renovado su imagen, se ha convertido en un centro internacional de comercio y finanzas, as\u00ed como un centro regional para Am\u00e9rica Latina y el arte haitiano.<\/p>\n","protected":false},"excerpt":{"rendered":"<p>Aproveche esta oportunidad con nuestro <strong>Tour Privado<\/strong> para conocer y disfrutar de los mejores <strong>centros comerciales de Miami<\/strong> y de esta experiencia con su veh\u00edculo de semi-lujo con chofer. Le podemos recoger de su hotel, del aeropuerto o de la terminal de cruceros.<\/p>\n","protected":false},"featured_media":9105,"comment_status":"open","ping_status":"closed","template":"","meta":{"_acf_changed":false},"product_brand":[],"product_cat":[1602,333,334,549,335],"product_tag":[],"class_list":{"0":"post-9163","1":"product","2":"type-product","3":"status-publish","4":"has-post-thumbnail","6":"product_cat-eeuu-es","7":"product_cat-miami-es","8":"product_cat-miami-actividades-es","9":"product_cat-miami-excursiones-privadas-cruceros-es","10":"product_cat-miami-excursiones-es","12":"first","13":"instock","14":"shipping-taxable","15":"purchasable","16":"product-type-simple"},"acf":[],"yoast_head":"<!-- This site is optimized with the Yoast SEO Premium plugin v25.3.1 (Yoast SEO v25.3.1) - https:\/\/yoast.com\/wordpress\/plugins\/seo\/ -->\n<title>Tour Privado de Compras en Miami | Tour Travel &amp; More<\/title>\n<meta name=\"description\" content=\"\u21e8 Tour Privado a los principales centros comerciales en Miami. Podr\u00e1 ir Sawgrass Mills Mall, Dolphin Mall o Adventure Mall...\u2705\" \/>\n<meta name=\"robots\" content=\"index, follow, max-snippet:-1, max-image-preview:large, max-video-preview:-1\" \/>\n<link rel=\"canonical\" href=\"https:\/\/tourtravelandmore.com\/es\/tours\/eeuu-es\/miami-es\/tour-de-compras-miami-tour-privado-con-chofer-guia\/\" \/>\n<meta property=\"og:locale\" content=\"es_ES\" \/>\n<meta property=\"og:type\" content=\"article\" \/>\n<meta property=\"og:title\" content=\"Tour de Compras en Miami y alrededores\" \/>\n<meta property=\"og:description\" content=\"\u21e8 Tour Privado a los principales centros comerciales en Miami. Podr\u00e1 ir Sawgrass Mills Mall, Dolphin Mall o Adventure Mall...\u2705\" \/>\n<meta property=\"og:url\" content=\"https:\/\/tourtravelandmore.com\/es\/tours\/eeuu-es\/miami-es\/tour-de-compras-miami-tour-privado-con-chofer-guia\/\" \/>\n<meta property=\"og:site_name\" content=\"Tour Travel And More\" \/>\n<meta property=\"article:publisher\" content=\"https:\/\/www.facebook.com\/tourtravelandmore\/\" \/>\n<meta property=\"article:modified_time\" content=\"2021-04-27T16:15:56+00:00\" \/>\n<meta property=\"og:image\" content=\"https:\/\/tourtravelandmore.com\/wp-content\/uploads\/2016\/11\/Dolphin-Mall_54_990x660_201404181635.jpg\" \/>\n\t<meta property=\"og:image:width\" content=\"990\" \/>\n\t<meta property=\"og:image:height\" content=\"660\" \/>\n\t<meta property=\"og:image:type\" content=\"image\/jpeg\" \/>\n<meta name=\"twitter:card\" content=\"summary_large_image\" \/>\n<meta name=\"twitter:site\" content=\"@TourTravel_More\" \/>\n<meta name=\"twitter:label1\" content=\"Tiempo de lectura\" \/>\n\t<meta name=\"twitter:data1\" content=\"2 minutos\" \/>\n<script type=\"application\/ld+json\" class=\"yoast-schema-graph\">{\"@context\":\"https:\/\/schema.org\",\"@graph\":[{\"@type\":\"WebPage\",\"@id\":\"https:\/\/tourtravelandmore.com\/es\/tours\/eeuu-es\/miami-es\/tour-de-compras-miami-tour-privado-con-chofer-guia\/\",\"url\":\"https:\/\/tourtravelandmore.com\/es\/tours\/eeuu-es\/miami-es\/tour-de-compras-miami-tour-privado-con-chofer-guia\/\",\"name\":\"Tour Privado de Compras en Miami | Tour Travel & More\",\"isPartOf\":{\"@id\":\"https:\/\/tourtravelandmore.com\/es\/#website\"},\"primaryImageOfPage\":{\"@id\":\"https:\/\/tourtravelandmore.com\/es\/tours\/eeuu-es\/miami-es\/tour-de-compras-miami-tour-privado-con-chofer-guia\/#primaryimage\"},\"image\":{\"@id\":\"https:\/\/tourtravelandmore.com\/es\/tours\/eeuu-es\/miami-es\/tour-de-compras-miami-tour-privado-con-chofer-guia\/#primaryimage\"},\"thumbnailUrl\":\"https:\/\/tourtravelandmore.com\/wp-content\/uploads\/2016\/11\/Dolphin-Mall_54_990x660_201404181635.jpg\",\"datePublished\":\"2016-11-11T10:36:07+00:00\",\"dateModified\":\"2021-04-27T16:15:56+00:00\",\"description\":\"\u21e8 Tour Privado a los principales centros comerciales en Miami. Podr\u00e1 ir Sawgrass Mills Mall, Dolphin Mall o Adventure Mall...\u2705\",\"breadcrumb\":{\"@id\":\"https:\/\/tourtravelandmore.com\/es\/tours\/eeuu-es\/miami-es\/tour-de-compras-miami-tour-privado-con-chofer-guia\/#breadcrumb\"},\"inLanguage\":\"es\",\"potentialAction\":[{\"@type\":\"ReadAction\",\"target\":[\"https:\/\/tourtravelandmore.com\/es\/tours\/eeuu-es\/miami-es\/tour-de-compras-miami-tour-privado-con-chofer-guia\/\"]}]},{\"@type\":\"ImageObject\",\"inLanguage\":\"es\",\"@id\":\"https:\/\/tourtravelandmore.com\/es\/tours\/eeuu-es\/miami-es\/tour-de-compras-miami-tour-privado-con-chofer-guia\/#primaryimage\",\"url\":\"https:\/\/tourtravelandmore.com\/wp-content\/uploads\/2016\/11\/Dolphin-Mall_54_990x660_201404181635.jpg\",\"contentUrl\":\"https:\/\/tourtravelandmore.com\/wp-content\/uploads\/2016\/11\/Dolphin-Mall_54_990x660_201404181635.jpg\",\"width\":990,\"height\":660},{\"@type\":\"BreadcrumbList\",\"@id\":\"https:\/\/tourtravelandmore.com\/es\/tours\/eeuu-es\/miami-es\/tour-de-compras-miami-tour-privado-con-chofer-guia\/#breadcrumb\",\"itemListElement\":[{\"@type\":\"ListItem\",\"position\":1,\"name\":\"Home\",\"item\":\"https:\/\/tourtravelandmore.com\/es\/\"},{\"@type\":\"ListItem\",\"position\":2,\"name\":\"Tours\",\"item\":\"https:\/\/tourtravelandmore.com\/es\/tours\/\"},{\"@type\":\"ListItem\",\"position\":3,\"name\":\"Tour de Compras en Miami y alrededores\"}]},{\"@type\":\"WebSite\",\"@id\":\"https:\/\/tourtravelandmore.com\/es\/#website\",\"url\":\"https:\/\/tourtravelandmore.com\/es\/\",\"name\":\"Tour Travel And More\",\"description\":\"Private sightseeing tours and luxury transfers in Spain\",\"publisher\":{\"@id\":\"https:\/\/tourtravelandmore.com\/es\/#organization\"},\"potentialAction\":[{\"@type\":\"SearchAction\",\"target\":{\"@type\":\"EntryPoint\",\"urlTemplate\":\"https:\/\/tourtravelandmore.com\/es\/?s={search_term_string}\"},\"query-input\":{\"@type\":\"PropertyValueSpecification\",\"valueRequired\":true,\"valueName\":\"search_term_string\"}}],\"inLanguage\":\"es\"},{\"@type\":\"Organization\",\"@id\":\"https:\/\/tourtravelandmore.com\/es\/#organization\",\"name\":\"Tour Travel And More\",\"url\":\"https:\/\/tourtravelandmore.com\/es\/\",\"logo\":{\"@type\":\"ImageObject\",\"inLanguage\":\"es\",\"@id\":\"https:\/\/tourtravelandmore.com\/es\/#\/schema\/logo\/image\/\",\"url\":\"https:\/\/tourtravelandmore.com\/wp-content\/uploads\/2022\/12\/cropped-logo-cabecera-new.png\",\"contentUrl\":\"https:\/\/tourtravelandmore.com\/wp-content\/uploads\/2022\/12\/cropped-logo-cabecera-new.png\",\"width\":430,\"height\":61,\"caption\":\"Tour Travel And More\"},\"image\":{\"@id\":\"https:\/\/tourtravelandmore.com\/es\/#\/schema\/logo\/image\/\"},\"sameAs\":[\"https:\/\/www.facebook.com\/tourtravelandmore\/\",\"https:\/\/x.com\/TourTravel_More\"]}]}<\/script>\n<!-- \/ Yoast SEO Premium plugin. -->","yoast_head_json":{"title":"Tour Privado de Compras en Miami | Tour Travel & More","description":"\u21e8 Tour Privado a los principales centros comerciales en Miami. Podr\u00e1 ir Sawgrass Mills Mall, Dolphin Mall o Adventure Mall...\u2705","robots":{"index":"index","follow":"follow","max-snippet":"max-snippet:-1","max-image-preview":"max-image-preview:large","max-video-preview":"max-video-preview:-1"},"canonical":"https:\/\/tourtravelandmore.com\/es\/tours\/eeuu-es\/miami-es\/tour-de-compras-miami-tour-privado-con-chofer-guia\/","og_locale":"es_ES","og_type":"article","og_title":"Tour de Compras en Miami y alrededores","og_description":"\u21e8 Tour Privado a los principales centros comerciales en Miami. Podr\u00e1 ir Sawgrass Mills Mall, Dolphin Mall o Adventure Mall...\u2705","og_url":"https:\/\/tourtravelandmore.com\/es\/tours\/eeuu-es\/miami-es\/tour-de-compras-miami-tour-privado-con-chofer-guia\/","og_site_name":"Tour Travel And More","article_publisher":"https:\/\/www.facebook.com\/tourtravelandmore\/","article_modified_time":"2021-04-27T16:15:56+00:00","og_image":[{"width":990,"height":660,"url":"https:\/\/tourtravelandmore.com\/wp-content\/uploads\/2016\/11\/Dolphin-Mall_54_990x660_201404181635.jpg","type":"image\/jpeg"}],"twitter_card":"summary_large_image","twitter_site":"@TourTravel_More","twitter_misc":{"Tiempo de lectura":"2 minutos"},"schema":{"@context":"https:\/\/schema.org","@graph":[{"@type":"WebPage","@id":"https:\/\/tourtravelandmore.com\/es\/tours\/eeuu-es\/miami-es\/tour-de-compras-miami-tour-privado-con-chofer-guia\/","url":"https:\/\/tourtravelandmore.com\/es\/tours\/eeuu-es\/miami-es\/tour-de-compras-miami-tour-privado-con-chofer-guia\/","name":"Tour Privado de Compras en Miami | Tour Travel & More","isPartOf":{"@id":"https:\/\/tourtravelandmore.com\/es\/#website"},"primaryImageOfPage":{"@id":"https:\/\/tourtravelandmore.com\/es\/tours\/eeuu-es\/miami-es\/tour-de-compras-miami-tour-privado-con-chofer-guia\/#primaryimage"},"image":{"@id":"https:\/\/tourtravelandmore.com\/es\/tours\/eeuu-es\/miami-es\/tour-de-compras-miami-tour-privado-con-chofer-guia\/#primaryimage"},"thumbnailUrl":"https:\/\/tourtravelandmore.com\/wp-content\/uploads\/2016\/11\/Dolphin-Mall_54_990x660_201404181635.jpg","datePublished":"2016-11-11T10:36:07+00:00","dateModified":"2021-04-27T16:15:56+00:00","description":"\u21e8 Tour Privado a los principales centros comerciales en Miami. Podr\u00e1 ir Sawgrass Mills Mall, Dolphin Mall o Adventure Mall...\u2705","breadcrumb":{"@id":"https:\/\/tourtravelandmore.com\/es\/tours\/eeuu-es\/miami-es\/tour-de-compras-miami-tour-privado-con-chofer-guia\/#breadcrumb"},"inLanguage":"es","potentialAction":[{"@type":"ReadAction","target":["https:\/\/tourtravelandmore.com\/es\/tours\/eeuu-es\/miami-es\/tour-de-compras-miami-tour-privado-con-chofer-guia\/"]}]},{"@type":"ImageObject","inLanguage":"es","@id":"https:\/\/tourtravelandmore.com\/es\/tours\/eeuu-es\/miami-es\/tour-de-compras-miami-tour-privado-con-chofer-guia\/#primaryimage","url":"https:\/\/tourtravelandmore.com\/wp-content\/uploads\/2016\/11\/Dolphin-Mall_54_990x660_201404181635.jpg","contentUrl":"https:\/\/tourtravelandmore.com\/wp-content\/uploads\/2016\/11\/Dolphin-Mall_54_990x660_201404181635.jpg","width":990,"height":660},{"@type":"BreadcrumbList","@id":"https:\/\/tourtravelandmore.com\/es\/tours\/eeuu-es\/miami-es\/tour-de-compras-miami-tour-privado-con-chofer-guia\/#breadcrumb","itemListElement":[{"@type":"ListItem","position":1,"name":"Home","item":"https:\/\/tourtravelandmore.com\/es\/"},{"@type":"ListItem","position":2,"name":"Tours","item":"https:\/\/tourtravelandmore.com\/es\/tours\/"},{"@type":"ListItem","position":3,"name":"Tour de Compras en Miami y alrededores"}]},{"@type":"WebSite","@id":"https:\/\/tourtravelandmore.com\/es\/#website","url":"https:\/\/tourtravelandmore.com\/es\/","name":"Tour Travel And More","description":"Private sightseeing tours and luxury transfers in Spain","publisher":{"@id":"https:\/\/tourtravelandmore.com\/es\/#organization"},"potentialAction":[{"@type":"SearchAction","target":{"@type":"EntryPoint","urlTemplate":"https:\/\/tourtravelandmore.com\/es\/?s={search_term_string}"},"query-input":{"@type":"PropertyValueSpecification","valueRequired":true,"valueName":"search_term_string"}}],"inLanguage":"es"},{"@type":"Organization","@id":"https:\/\/tourtravelandmore.com\/es\/#organization","name":"Tour Travel And More","url":"https:\/\/tourtravelandmore.com\/es\/","logo":{"@type":"ImageObject","inLanguage":"es","@id":"https:\/\/tourtravelandmore.com\/es\/#\/schema\/logo\/image\/","url":"https:\/\/tourtravelandmore.com\/wp-content\/uploads\/2022\/12\/cropped-logo-cabecera-new.png","contentUrl":"https:\/\/tourtravelandmore.com\/wp-content\/uploads\/2022\/12\/cropped-logo-cabecera-new.png","width":430,"height":61,"caption":"Tour Travel And More"},"image":{"@id":"https:\/\/tourtravelandmore.com\/es\/#\/schema\/logo\/image\/"},"sameAs":["https:\/\/www.facebook.com\/tourtravelandmore\/","https:\/\/x.com\/TourTravel_More"]}]}},"_links":{"self":[{"href":"https:\/\/tourtravelandmore.com\/es\/wp-json\/wp\/v2\/product\/9163","targetHints":{"allow":["GET"]}}],"collection":[{"href":"https:\/\/tourtravelandmore.com\/es\/wp-json\/wp\/v2\/product"}],"about":[{"href":"https:\/\/tourtravelandmore.com\/es\/wp-json\/wp\/v2\/types\/product"}],"replies":[{"embeddable":true,"href":"https:\/\/tourtravelandmore.com\/es\/wp-json\/wp\/v2\/comments?post=9163"}],"wp:featuredmedia":[{"embeddable":true,"href":"https:\/\/tourtravelandmore.com\/es\/wp-json\/wp\/v2\/media\/9105"}],"wp:attachment":[{"href":"https:\/\/tourtravelandmore.com\/es\/wp-json\/wp\/v2\/media?parent=9163"}],"wp:term":[{"taxonomy":"product_brand","embeddable":true,"href":"https:\/\/tourtravelandmore.com\/es\/wp-json\/wp\/v2\/product_brand?post=9163"},{"taxonomy":"product_cat","embeddable":true,"href":"https:\/\/tourtravelandmore.com\/es\/wp-json\/wp\/v2\/product_cat?post=9163"},{"taxonomy":"product_tag","embeddable":true,"href":"https:\/\/tourtravelandmore.com\/es\/wp-json\/wp\/v2\/product_tag?post=9163"}],"curies":[{"name":"wp","href":"https:\/\/api.w.org\/{rel}","templated":true}]}}