{"id":916,"date":"2016-03-10T11:38:43","date_gmt":"2016-04-15T18:37:08","guid":{"rendered":"http:\/\/tourtravelandmore.com\/?post_type=product&#038;p=916&#038;lang=es"},"modified":"2023-01-10T02:49:35","modified_gmt":"2023-01-10T01:49:35","slug":"visita-privada-medina-azahara-con-guia-oficial-y-vehiculo-desde-cordoba","status":"publish","type":"product","link":"https:\/\/tourtravelandmore.com\/es\/tours\/espana-es\/cordoba-es\/visita-privada-medina-azahara-con-guia-oficial-y-vehiculo-desde-cordoba\/","title":{"rendered":"Tour Privado Medio D\u00eda a Medina Azahara desde Cordoba"},"content":{"rendered":"<h2><strong>Descripci\u00f3n del Tour Privado Medio D\u00eda a Medina Azahara desde C\u00f3rdoba<\/strong><\/h2>\n<p>Disfrute de esta <strong>visita privada medina Azahara<\/strong> con un gu\u00eda oficial y conozca uno de los lugares m\u00e1s hist\u00f3ricos de la ciudad,<strong> Medina Azahara, <\/strong>un espectacular sitio arqueol\u00f3gico del Siglo IX.<\/p>\n<p>La duraci\u00f3n de la visita privada medina azahara son 4 horas.<\/p>\n<p>Las entradas a la Medina Azahara est\u00e1n incluidas.<\/p>\n<p>Nuestro conductor y gu\u00eda os recoger\u00e1 desde su Hotel y nos dirigiremos hacia la Medina Azahara que est\u00e1 a las afuera de la ciudad. , para conocer con detalle el sitio arqueol\u00f3gico, junto a nuestro gu\u00eda oficial privado.<\/p>\n<p>Si desean tambi\u00e9n podemos alargar el tour y conocer en un mismo d\u00eda la ciudad de C\u00f3rdoba y la Medina Azahara.<\/p>\n<p>Al ser un tour completamente privado pueden escoger la hora de salida del tour y su lugar de recogida dentro de la ciudad de <strong>C\u00f3rdoba<\/strong>.<\/p>\n<h2>Puntos de inter\u00e9s en el Tour Privado Medio D\u00eda a Medina Azahara desde Cordoba<\/h2>\n<p>Medina Azahara es uno de los sitios arqueol\u00f3gicos mejor cuidados y m\u00e1s interesantes de Espa\u00f1a. Fue enviada a construir a comienzos del siglo IX, en la zona monta\u00f1osa de C\u00f3rdoba, por el primer califa c\u00f3rdobes, Abd al-Rahman III. Originalmente, fue edificada como la nueva sede del gobierno del califato y como la sede del califa, pero no era tan solo un palacio, sino una ciudad entera.<\/p>\n<p>Lo que hace a Medina Azahara un sitio tan importante es que es uno de los pocos monumentos hispano-musulmanes que no han sido modificados durante el paso del tiempo por otras culturas, de manera que las excavaciones y exhumaciones que se han hecho permite ver como era el sitio originalmente.<\/p>\n<p>Disfrutar\u00e1n de conocer este fant\u00e1stico sitio hist\u00f3rico junto a su gu\u00eda oficial privado, quien os ense\u00f1ara e iluminar\u00e1 con la historia de Medina Azahara.<\/p>\n<p>Su chofer privado y gu\u00eda oficial privado estar\u00e1n a su disposici\u00f3n durante la total duraci\u00f3n del tour.<\/p>\n<p>Adem\u00e1s de este tour ofrecemos m\u00e1s en la ciudad de C\u00f3rdoba, puede consultar<a href=\"https:\/\/tourtravelandmore.com\/es\/ciudad\/espana-es\/cordoba-es\/\"><strong> aqu\u00ed<\/strong><\/a> nuestros tours.<\/p>\n","protected":false},"excerpt":{"rendered":"<p>Gracias a esta Visita privada Medina Azahara descubrir\u00e1s una de las Zonas Arqueol\u00f3gicas m\u00e1s importantes, junto a su gu\u00eda oficial y vehiculo. Las entradas est\u00e1n incluidas en el tour.<\/p>\n","protected":false},"featured_media":16774,"comment_status":"open","ping_status":"closed","template":"","meta":{"_acf_changed":false},"product_brand":[],"product_cat":[76,77,79],"product_tag":[],"class_list":{"0":"post-916","1":"product","2":"type-product","3":"status-publish","4":"has-post-thumbnail","6":"product_cat-cordoba-es","7":"product_cat-cordoba-actividades-es","8":"product_cat-cordoba-rutas-turisticas-privadas-es","10":"first","11":"instock","12":"shipping-taxable","13":"purchasable","14":"product-type-simple"},"acf":[],"yoast_head":"<!-- This site is optimized with the Yoast SEO Premium plugin v25.3.1 (Yoast SEO v25.3.1) - https:\/\/yoast.com\/wordpress\/plugins\/seo\/ -->\n<title>\u27a1\ufe0f Visita privada Medina Azahara con Guia oficial y Vehiculo desde C\u00f3rdoba | Tour Travel &amp; More<\/title>\n<meta name=\"description\" content=\"Gracias a esta Visita privada Medina Azahara descubrir\u00e1s una de las Zonas Arqueol\u00f3gicas m\u00e1s importantes, junto a su gu\u00eda oficial y vehiculo \u2705\" \/>\n<meta name=\"robots\" content=\"index, follow, max-snippet:-1, max-image-preview:large, max-video-preview:-1\" \/>\n<link rel=\"canonical\" href=\"https:\/\/tourtravelandmore.com\/es\/tours\/espana-es\/cordoba-es\/visita-privada-medina-azahara-con-guia-oficial-y-vehiculo-desde-cordoba\/\" \/>\n<meta property=\"og:locale\" content=\"es_ES\" \/>\n<meta property=\"og:type\" content=\"article\" \/>\n<meta property=\"og:title\" content=\"Tour Privado Medio D\u00eda a Medina Azahara desde Cordoba\" \/>\n<meta property=\"og:description\" content=\"Gracias a esta Visita privada Medina Azahara descubrir\u00e1s una de las Zonas Arqueol\u00f3gicas m\u00e1s importantes, junto a su gu\u00eda oficial y vehiculo \u2705\" \/>\n<meta property=\"og:url\" content=\"https:\/\/tourtravelandmore.com\/es\/tours\/espana-es\/cordoba-es\/visita-privada-medina-azahara-con-guia-oficial-y-vehiculo-desde-cordoba\/\" \/>\n<meta property=\"og:site_name\" content=\"Tour Travel And More\" \/>\n<meta property=\"article:publisher\" content=\"https:\/\/www.facebook.com\/tourtravelandmore\/\" \/>\n<meta property=\"article:modified_time\" content=\"2023-01-10T01:49:35+00:00\" \/>\n<meta property=\"og:image\" content=\"https:\/\/tourtravelandmore.com\/wp-content\/uploads\/2016\/03\/Medina_Azahara_15662995312.jpg\" \/>\n\t<meta property=\"og:image:width\" content=\"1024\" \/>\n\t<meta property=\"og:image:height\" content=\"683\" \/>\n\t<meta property=\"og:image:type\" content=\"image\/jpeg\" \/>\n<meta name=\"twitter:card\" content=\"summary_large_image\" \/>\n<meta name=\"twitter:site\" content=\"@TourTravel_More\" \/>\n<meta name=\"twitter:label1\" content=\"Tiempo de lectura\" \/>\n\t<meta name=\"twitter:data1\" content=\"2 minutos\" \/>\n<script type=\"application\/ld+json\" class=\"yoast-schema-graph\">{\"@context\":\"https:\/\/schema.org\",\"@graph\":[{\"@type\":\"WebPage\",\"@id\":\"https:\/\/tourtravelandmore.com\/es\/tours\/espana-es\/cordoba-es\/visita-privada-medina-azahara-con-guia-oficial-y-vehiculo-desde-cordoba\/\",\"url\":\"https:\/\/tourtravelandmore.com\/es\/tours\/espana-es\/cordoba-es\/visita-privada-medina-azahara-con-guia-oficial-y-vehiculo-desde-cordoba\/\",\"name\":\"\u27a1\ufe0f Visita privada Medina Azahara con Guia oficial y Vehiculo desde C\u00f3rdoba | Tour Travel & More\",\"isPartOf\":{\"@id\":\"https:\/\/tourtravelandmore.com\/es\/#website\"},\"primaryImageOfPage\":{\"@id\":\"https:\/\/tourtravelandmore.com\/es\/tours\/espana-es\/cordoba-es\/visita-privada-medina-azahara-con-guia-oficial-y-vehiculo-desde-cordoba\/#primaryimage\"},\"image\":{\"@id\":\"https:\/\/tourtravelandmore.com\/es\/tours\/espana-es\/cordoba-es\/visita-privada-medina-azahara-con-guia-oficial-y-vehiculo-desde-cordoba\/#primaryimage\"},\"thumbnailUrl\":\"https:\/\/tourtravelandmore.com\/wp-content\/uploads\/2016\/03\/Medina_Azahara_15662995312.jpg\",\"datePublished\":\"2016-04-15T18:37:08+00:00\",\"dateModified\":\"2023-01-10T01:49:35+00:00\",\"description\":\"Gracias a esta Visita privada Medina Azahara descubrir\u00e1s una de las Zonas Arqueol\u00f3gicas m\u00e1s importantes, junto a su gu\u00eda oficial y vehiculo \u2705\",\"breadcrumb\":{\"@id\":\"https:\/\/tourtravelandmore.com\/es\/tours\/espana-es\/cordoba-es\/visita-privada-medina-azahara-con-guia-oficial-y-vehiculo-desde-cordoba\/#breadcrumb\"},\"inLanguage\":\"es\",\"potentialAction\":[{\"@type\":\"ReadAction\",\"target\":[\"https:\/\/tourtravelandmore.com\/es\/tours\/espana-es\/cordoba-es\/visita-privada-medina-azahara-con-guia-oficial-y-vehiculo-desde-cordoba\/\"]}]},{\"@type\":\"ImageObject\",\"inLanguage\":\"es\",\"@id\":\"https:\/\/tourtravelandmore.com\/es\/tours\/espana-es\/cordoba-es\/visita-privada-medina-azahara-con-guia-oficial-y-vehiculo-desde-cordoba\/#primaryimage\",\"url\":\"https:\/\/tourtravelandmore.com\/wp-content\/uploads\/2016\/03\/Medina_Azahara_15662995312.jpg\",\"contentUrl\":\"https:\/\/tourtravelandmore.com\/wp-content\/uploads\/2016\/03\/Medina_Azahara_15662995312.jpg\",\"width\":2592,\"height\":1728},{\"@type\":\"BreadcrumbList\",\"@id\":\"https:\/\/tourtravelandmore.com\/es\/tours\/espana-es\/cordoba-es\/visita-privada-medina-azahara-con-guia-oficial-y-vehiculo-desde-cordoba\/#breadcrumb\",\"itemListElement\":[{\"@type\":\"ListItem\",\"position\":1,\"name\":\"Home\",\"item\":\"https:\/\/tourtravelandmore.com\/es\/\"},{\"@type\":\"ListItem\",\"position\":2,\"name\":\"Tours\",\"item\":\"https:\/\/tourtravelandmore.com\/es\/tours\/\"},{\"@type\":\"ListItem\",\"position\":3,\"name\":\"Tour Privado Medio D\u00eda a Medina Azahara desde Cordoba\"}]},{\"@type\":\"WebSite\",\"@id\":\"https:\/\/tourtravelandmore.com\/es\/#website\",\"url\":\"https:\/\/tourtravelandmore.com\/es\/\",\"name\":\"Tour Travel And More\",\"description\":\"Private sightseeing tours and luxury transfers in Spain\",\"publisher\":{\"@id\":\"https:\/\/tourtravelandmore.com\/es\/#organization\"},\"potentialAction\":[{\"@type\":\"SearchAction\",\"target\":{\"@type\":\"EntryPoint\",\"urlTemplate\":\"https:\/\/tourtravelandmore.com\/es\/?s={search_term_string}\"},\"query-input\":{\"@type\":\"PropertyValueSpecification\",\"valueRequired\":true,\"valueName\":\"search_term_string\"}}],\"inLanguage\":\"es\"},{\"@type\":\"Organization\",\"@id\":\"https:\/\/tourtravelandmore.com\/es\/#organization\",\"name\":\"Tour Travel And More\",\"url\":\"https:\/\/tourtravelandmore.com\/es\/\",\"logo\":{\"@type\":\"ImageObject\",\"inLanguage\":\"es\",\"@id\":\"https:\/\/tourtravelandmore.com\/es\/#\/schema\/logo\/image\/\",\"url\":\"https:\/\/tourtravelandmore.com\/wp-content\/uploads\/2022\/12\/cropped-logo-cabecera-new.png\",\"contentUrl\":\"https:\/\/tourtravelandmore.com\/wp-content\/uploads\/2022\/12\/cropped-logo-cabecera-new.png\",\"width\":430,\"height\":61,\"caption\":\"Tour Travel And More\"},\"image\":{\"@id\":\"https:\/\/tourtravelandmore.com\/es\/#\/schema\/logo\/image\/\"},\"sameAs\":[\"https:\/\/www.facebook.com\/tourtravelandmore\/\",\"https:\/\/x.com\/TourTravel_More\"]}]}<\/script>\n<!-- \/ Yoast SEO Premium plugin. -->","yoast_head_json":{"title":"\u27a1\ufe0f Visita privada Medina Azahara con Guia oficial y Vehiculo desde C\u00f3rdoba | Tour Travel & More","description":"Gracias a esta Visita privada Medina Azahara descubrir\u00e1s una de las Zonas Arqueol\u00f3gicas m\u00e1s importantes, junto a su gu\u00eda oficial y vehiculo \u2705","robots":{"index":"index","follow":"follow","max-snippet":"max-snippet:-1","max-image-preview":"max-image-preview:large","max-video-preview":"max-video-preview:-1"},"canonical":"https:\/\/tourtravelandmore.com\/es\/tours\/espana-es\/cordoba-es\/visita-privada-medina-azahara-con-guia-oficial-y-vehiculo-desde-cordoba\/","og_locale":"es_ES","og_type":"article","og_title":"Tour Privado Medio D\u00eda a Medina Azahara desde Cordoba","og_description":"Gracias a esta Visita privada Medina Azahara descubrir\u00e1s una de las Zonas Arqueol\u00f3gicas m\u00e1s importantes, junto a su gu\u00eda oficial y vehiculo \u2705","og_url":"https:\/\/tourtravelandmore.com\/es\/tours\/espana-es\/cordoba-es\/visita-privada-medina-azahara-con-guia-oficial-y-vehiculo-desde-cordoba\/","og_site_name":"Tour Travel And More","article_publisher":"https:\/\/www.facebook.com\/tourtravelandmore\/","article_modified_time":"2023-01-10T01:49:35+00:00","og_image":[{"url":"https:\/\/tourtravelandmore.com\/wp-content\/uploads\/2016\/03\/Medina_Azahara_15662995312.jpg","width":1024,"height":683,"type":"image\/jpeg"}],"twitter_card":"summary_large_image","twitter_site":"@TourTravel_More","twitter_misc":{"Tiempo de lectura":"2 minutos"},"schema":{"@context":"https:\/\/schema.org","@graph":[{"@type":"WebPage","@id":"https:\/\/tourtravelandmore.com\/es\/tours\/espana-es\/cordoba-es\/visita-privada-medina-azahara-con-guia-oficial-y-vehiculo-desde-cordoba\/","url":"https:\/\/tourtravelandmore.com\/es\/tours\/espana-es\/cordoba-es\/visita-privada-medina-azahara-con-guia-oficial-y-vehiculo-desde-cordoba\/","name":"\u27a1\ufe0f Visita privada Medina Azahara con Guia oficial y Vehiculo desde C\u00f3rdoba | Tour Travel & More","isPartOf":{"@id":"https:\/\/tourtravelandmore.com\/es\/#website"},"primaryImageOfPage":{"@id":"https:\/\/tourtravelandmore.com\/es\/tours\/espana-es\/cordoba-es\/visita-privada-medina-azahara-con-guia-oficial-y-vehiculo-desde-cordoba\/#primaryimage"},"image":{"@id":"https:\/\/tourtravelandmore.com\/es\/tours\/espana-es\/cordoba-es\/visita-privada-medina-azahara-con-guia-oficial-y-vehiculo-desde-cordoba\/#primaryimage"},"thumbnailUrl":"https:\/\/tourtravelandmore.com\/wp-content\/uploads\/2016\/03\/Medina_Azahara_15662995312.jpg","datePublished":"2016-04-15T18:37:08+00:00","dateModified":"2023-01-10T01:49:35+00:00","description":"Gracias a esta Visita privada Medina Azahara descubrir\u00e1s una de las Zonas Arqueol\u00f3gicas m\u00e1s importantes, junto a su gu\u00eda oficial y vehiculo \u2705","breadcrumb":{"@id":"https:\/\/tourtravelandmore.com\/es\/tours\/espana-es\/cordoba-es\/visita-privada-medina-azahara-con-guia-oficial-y-vehiculo-desde-cordoba\/#breadcrumb"},"inLanguage":"es","potentialAction":[{"@type":"ReadAction","target":["https:\/\/tourtravelandmore.com\/es\/tours\/espana-es\/cordoba-es\/visita-privada-medina-azahara-con-guia-oficial-y-vehiculo-desde-cordoba\/"]}]},{"@type":"ImageObject","inLanguage":"es","@id":"https:\/\/tourtravelandmore.com\/es\/tours\/espana-es\/cordoba-es\/visita-privada-medina-azahara-con-guia-oficial-y-vehiculo-desde-cordoba\/#primaryimage","url":"https:\/\/tourtravelandmore.com\/wp-content\/uploads\/2016\/03\/Medina_Azahara_15662995312.jpg","contentUrl":"https:\/\/tourtravelandmore.com\/wp-content\/uploads\/2016\/03\/Medina_Azahara_15662995312.jpg","width":2592,"height":1728},{"@type":"BreadcrumbList","@id":"https:\/\/tourtravelandmore.com\/es\/tours\/espana-es\/cordoba-es\/visita-privada-medina-azahara-con-guia-oficial-y-vehiculo-desde-cordoba\/#breadcrumb","itemListElement":[{"@type":"ListItem","position":1,"name":"Home","item":"https:\/\/tourtravelandmore.com\/es\/"},{"@type":"ListItem","position":2,"name":"Tours","item":"https:\/\/tourtravelandmore.com\/es\/tours\/"},{"@type":"ListItem","position":3,"name":"Tour Privado Medio D\u00eda a Medina Azahara desde Cordoba"}]},{"@type":"WebSite","@id":"https:\/\/tourtravelandmore.com\/es\/#website","url":"https:\/\/tourtravelandmore.com\/es\/","name":"Tour Travel And More","description":"Private sightseeing tours and luxury transfers in Spain","publisher":{"@id":"https:\/\/tourtravelandmore.com\/es\/#organization"},"potentialAction":[{"@type":"SearchAction","target":{"@type":"EntryPoint","urlTemplate":"https:\/\/tourtravelandmore.com\/es\/?s={search_term_string}"},"query-input":{"@type":"PropertyValueSpecification","valueRequired":true,"valueName":"search_term_string"}}],"inLanguage":"es"},{"@type":"Organization","@id":"https:\/\/tourtravelandmore.com\/es\/#organization","name":"Tour Travel And More","url":"https:\/\/tourtravelandmore.com\/es\/","logo":{"@type":"ImageObject","inLanguage":"es","@id":"https:\/\/tourtravelandmore.com\/es\/#\/schema\/logo\/image\/","url":"https:\/\/tourtravelandmore.com\/wp-content\/uploads\/2022\/12\/cropped-logo-cabecera-new.png","contentUrl":"https:\/\/tourtravelandmore.com\/wp-content\/uploads\/2022\/12\/cropped-logo-cabecera-new.png","width":430,"height":61,"caption":"Tour Travel And More"},"image":{"@id":"https:\/\/tourtravelandmore.com\/es\/#\/schema\/logo\/image\/"},"sameAs":["https:\/\/www.facebook.com\/tourtravelandmore\/","https:\/\/x.com\/TourTravel_More"]}]}},"_links":{"self":[{"href":"https:\/\/tourtravelandmore.com\/es\/wp-json\/wp\/v2\/product\/916","targetHints":{"allow":["GET"]}}],"collection":[{"href":"https:\/\/tourtravelandmore.com\/es\/wp-json\/wp\/v2\/product"}],"about":[{"href":"https:\/\/tourtravelandmore.com\/es\/wp-json\/wp\/v2\/types\/product"}],"replies":[{"embeddable":true,"href":"https:\/\/tourtravelandmore.com\/es\/wp-json\/wp\/v2\/comments?post=916"}],"wp:featuredmedia":[{"embeddable":true,"href":"https:\/\/tourtravelandmore.com\/es\/wp-json\/wp\/v2\/media\/16774"}],"wp:attachment":[{"href":"https:\/\/tourtravelandmore.com\/es\/wp-json\/wp\/v2\/media?parent=916"}],"wp:term":[{"taxonomy":"product_brand","embeddable":true,"href":"https:\/\/tourtravelandmore.com\/es\/wp-json\/wp\/v2\/product_brand?post=916"},{"taxonomy":"product_cat","embeddable":true,"href":"https:\/\/tourtravelandmore.com\/es\/wp-json\/wp\/v2\/product_cat?post=916"},{"taxonomy":"product_tag","embeddable":true,"href":"https:\/\/tourtravelandmore.com\/es\/wp-json\/wp\/v2\/product_tag?post=916"}],"curies":[{"name":"wp","href":"https:\/\/api.w.org\/{rel}","templated":true}]}}