{"id":9156,"date":"2016-11-10T11:20:27","date_gmt":"2016-11-11T10:27:28","guid":{"rendered":"http:\/\/tourtravelandmore.com\/es\/?post_type=product&#038;p=9156"},"modified":"2021-04-27T05:31:38","modified_gmt":"2021-04-27T03:31:38","slug":"tour-key-west-desde-miami-tour-privado-con-chofer-guia","status":"publish","type":"product","link":"https:\/\/tourtravelandmore.com\/es\/tours\/eeuu-es\/miami-es\/tour-key-west-desde-miami-tour-privado-con-chofer-guia\/","title":{"rendered":"Tour Privado de Key West desde Miami"},"content":{"rendered":"<h2><strong>Descripci\u00f3n:<\/strong><\/h2>\n<p>Disfruta de este tour <strong>Key West desde Miami privado<\/strong>. Esta hermosa isla, es uno de los tesoros m\u00e1s bonitos y m\u00e1s cercanos a la ciudad de Miami. Key West es el punto de Estados Unidos m\u00e1s sure\u00f1o del pa\u00eds y es conocido como Cayo Hueso.<\/p>\n<p>La duraci\u00f3n del tour son 12 Horas.<\/p>\n<p>Nuestro chofer\/gu\u00eda le recoger\u00e1 a la hora seleccionado en su Hotel o Apartamento para empezar el <strong>tour Key West desde Miami<\/strong>.<\/p>\n<p>El Tour es completamente privado, pueden escoger el lugar y la hora de recogida en Miami.\u00a0 Nosotros para este tour recomendamos empezar a las 08:00.<\/p>\n<h2><strong>Puntos de inter\u00e9s:<\/strong><\/h2>\n<p><img fetchpriority=\"high\" decoding=\"async\" class=\"alignnone wp-image-106628 size-large\" src=\"https:\/\/tourtravelandmore.com\/wp-content\/uploads\/2016\/11\/Disen\u0303o-sin-ti\u0301tulo-4-1024x576.png\" alt=\"Tour privado Key West\" width=\"1024\" height=\"576\" srcset=\"https:\/\/tourtravelandmore.com\/wp-content\/uploads\/2016\/11\/Disen\u0303o-sin-ti\u0301tulo-4-1024x576.png 1024w, https:\/\/tourtravelandmore.com\/wp-content\/uploads\/2016\/11\/Disen\u0303o-sin-ti\u0301tulo-4-300x169.png 300w, https:\/\/tourtravelandmore.com\/wp-content\/uploads\/2016\/11\/Disen\u0303o-sin-ti\u0301tulo-4-768x432.png 768w, https:\/\/tourtravelandmore.com\/wp-content\/uploads\/2016\/11\/Disen\u0303o-sin-ti\u0301tulo-4-1536x864.png 1536w, https:\/\/tourtravelandmore.com\/wp-content\/uploads\/2016\/11\/Disen\u0303o-sin-ti\u0301tulo-4-680x383.png 680w, https:\/\/tourtravelandmore.com\/wp-content\/uploads\/2016\/11\/Disen\u0303o-sin-ti\u0301tulo-4-595x335.png 595w, https:\/\/tourtravelandmore.com\/wp-content\/uploads\/2016\/11\/Disen\u0303o-sin-ti\u0301tulo-4.png 1920w\" sizes=\"(max-width: 1024px) 100vw, 1024px\" \/><\/p>\n<p><strong>La isla de Key West<\/strong> tiene una <strong>gran importancia hist\u00f3rica para Miami<\/strong>. La primera referencia data de 1513 y desde entonces <strong>Cayo Hueso<\/strong>, Key West en ingl\u00e9s, se convirti\u00f3 en <strong>para\u00edso de piratas y <\/strong>buscadores de tesoros. M\u00e1s tarde, la forma de vida que ofrec\u00eda atrajo a una riada de <strong>colonos, <\/strong>que han dejado su <strong>huella en la arquitectura, la cocina y en el esp\u00edritu<\/strong> de la isla.<\/p>\n<p><strong>Key West<\/strong> tambi\u00e9n es conocida para albergar a personajes tan conocidos como <strong>Henry Flager<\/strong> (el empresario de los ferrocarriles), <strong>el presidente Truman<\/strong> y los famosos escritores <strong>Ernest Hemingway y Tennessee Williams<\/strong>.<\/p>\n<p>Actualmente, <strong>Key West<\/strong> es famoso por los <strong>deportes acu\u00e1ticos<\/strong>, la animada <strong>vida nocturna<\/strong>, <strong>las playas<\/strong> y los sitios hist\u00f3ricos.<\/p>\n<p>A lo largo del recorrido de su tour Key West desde Miami podr\u00e1n ver:<\/p>\n<ul>\n<li><strong>Duval Street<\/strong><\/li>\n<li><strong>Little White House<\/strong><\/li>\n<li><strong>Ernest Hemingway<\/strong><\/li>\n<li><strong>Southernmost Point<\/strong><\/li>\n<li><strong>Hemingway Home and Museum<\/strong><\/li>\n<li><strong>Lighthouse Museum<\/strong><\/li>\n<li><strong>Mallory Square<\/strong><\/li>\n<li><strong>Southernmost point of the US continent<\/strong><\/li>\n<li><strong>Fort Zachary Taylor<\/strong><\/li>\n<li><strong>Smathers Beach<\/strong><\/li>\n<li><strong>Key West Lighthouse<\/strong><\/li>\n<li><strong>Custom house<\/strong><\/li>\n<li><strong>much more<\/strong><\/li>\n<\/ul>\n<p><img decoding=\"async\" class=\"alignnone wp-image-106478 size-full\" src=\"https:\/\/tourtravelandmore.com\/wp-content\/uploads\/2016\/11\/Untitled-design-15.png\" alt=\"Tour Privado Key West desde Miami\" width=\"1800\" height=\"380\" srcset=\"https:\/\/tourtravelandmore.com\/wp-content\/uploads\/2016\/11\/Untitled-design-15.png 1800w, https:\/\/tourtravelandmore.com\/wp-content\/uploads\/2016\/11\/Untitled-design-15-300x63.png 300w, https:\/\/tourtravelandmore.com\/wp-content\/uploads\/2016\/11\/Untitled-design-15-1024x216.png 1024w, https:\/\/tourtravelandmore.com\/wp-content\/uploads\/2016\/11\/Untitled-design-15-768x162.png 768w, https:\/\/tourtravelandmore.com\/wp-content\/uploads\/2016\/11\/Untitled-design-15-1536x324.png 1536w, https:\/\/tourtravelandmore.com\/wp-content\/uploads\/2016\/11\/Untitled-design-15-680x144.png 680w, https:\/\/tourtravelandmore.com\/wp-content\/uploads\/2016\/11\/Untitled-design-15-595x126.png 595w\" sizes=\"(max-width: 1800px) 100vw, 1800px\" \/><\/p>\n<p>Si desea tambi\u00e9n podemos ofrecer diferentes<strong> actividades acu\u00e1ticos<\/strong> en el Key West. Por ejemplo alquilar un Barco privado para realizar, esn\u00f3rquel o en un grupo reducido.<\/p>\n<p>Si dispone de m\u00e1s d\u00edas en Miami puede consultar\u00a0<a href=\"https:\/\/tourtravelandmore.com\/es\/ciudad\/eeuu-es\/miami-es\/\" target=\"_blank\" rel=\"noopener\"><span style=\"color: #0000ee;\"><b><u>aqu\u00ed<\/u><\/b><\/span><\/a>\u00a0el listado de tours que ofrecemos en la ciudad de Miami.<\/p>\n<p>A trav\u00e9s del formulario de contacto del tour puede contactar con nosotros y nuestro equipo le enviar\u00e1 la informaci\u00f3n detallada.<\/p>\n<p>&nbsp;<\/p>\n","protected":false},"excerpt":{"rendered":"<p>Disfrute una oportunidad \u00fanica para conocer el maravilloso <strong>Key West desde Miami<\/strong>. Disfruta de este <strong>tour privado<\/strong> junto a un gu\u00eda oficial privado opcional y c\u00f3modo en un veh\u00edculo de semi-lujo con chofer\/gu\u00eda profesional. Recogida en sitio deseado: hotel, aeropuerto o terminal de cruceros.<\/p>\n","protected":false},"featured_media":9090,"comment_status":"open","ping_status":"closed","template":"","meta":{"_acf_changed":false},"product_brand":[],"product_cat":[1602,333,334,549,336,335],"product_tag":[],"class_list":{"0":"post-9156","1":"product","2":"type-product","3":"status-publish","4":"has-post-thumbnail","6":"product_cat-eeuu-es","7":"product_cat-miami-es","8":"product_cat-miami-actividades-es","9":"product_cat-miami-excursiones-privadas-cruceros-es","10":"product_cat-miami-rutas-turisticas-privadas-es","11":"product_cat-miami-excursiones-es","13":"first","14":"instock","15":"shipping-taxable","16":"purchasable","17":"product-type-simple"},"acf":[],"yoast_head":"<!-- This site is optimized with the Yoast SEO Premium plugin v25.3.1 (Yoast SEO v25.3.1) - https:\/\/yoast.com\/wordpress\/plugins\/seo\/ -->\n<title>tour Key West desde Miami - Tour privado con chofer\/guia<\/title>\n<meta name=\"description\" content=\"Disfrute de este tour Key West desde Miami con su chofer\/gu\u00eda privado, Descubra Cayo Hueso, la Historia, su vida, las playas y los deportes acu\u00e1ticos.\" \/>\n<meta name=\"robots\" content=\"index, follow, max-snippet:-1, max-image-preview:large, max-video-preview:-1\" \/>\n<link rel=\"canonical\" href=\"https:\/\/tourtravelandmore.com\/es\/tours\/eeuu-es\/miami-es\/tour-key-west-desde-miami-tour-privado-con-chofer-guia\/\" \/>\n<meta property=\"og:locale\" content=\"es_ES\" \/>\n<meta property=\"og:type\" content=\"article\" \/>\n<meta property=\"og:title\" content=\"Tour Privado de Key West desde Miami\" \/>\n<meta property=\"og:description\" content=\"Disfrute de este tour Key West desde Miami con su chofer\/gu\u00eda privado, Descubra Cayo Hueso, la Historia, su vida, las playas y los deportes acu\u00e1ticos.\" \/>\n<meta property=\"og:url\" content=\"https:\/\/tourtravelandmore.com\/es\/tours\/eeuu-es\/miami-es\/tour-key-west-desde-miami-tour-privado-con-chofer-guia\/\" \/>\n<meta property=\"og:site_name\" content=\"Tour Travel And More\" \/>\n<meta property=\"article:publisher\" content=\"https:\/\/www.facebook.com\/tourtravelandmore\/\" \/>\n<meta property=\"article:modified_time\" content=\"2021-04-27T03:31:38+00:00\" \/>\n<meta property=\"og:image\" content=\"https:\/\/tourtravelandmore.com\/wp-content\/uploads\/2016\/11\/Fotos3-1.jpg\" \/>\n\t<meta property=\"og:image:width\" content=\"960\" \/>\n\t<meta property=\"og:image:height\" content=\"640\" \/>\n\t<meta property=\"og:image:type\" content=\"image\/jpeg\" \/>\n<meta name=\"twitter:card\" content=\"summary_large_image\" \/>\n<meta name=\"twitter:site\" content=\"@TourTravel_More\" \/>\n<meta name=\"twitter:label1\" content=\"Tiempo de lectura\" \/>\n\t<meta name=\"twitter:data1\" content=\"2 minutos\" \/>\n<script type=\"application\/ld+json\" class=\"yoast-schema-graph\">{\"@context\":\"https:\/\/schema.org\",\"@graph\":[{\"@type\":\"WebPage\",\"@id\":\"https:\/\/tourtravelandmore.com\/es\/tours\/eeuu-es\/miami-es\/tour-key-west-desde-miami-tour-privado-con-chofer-guia\/\",\"url\":\"https:\/\/tourtravelandmore.com\/es\/tours\/eeuu-es\/miami-es\/tour-key-west-desde-miami-tour-privado-con-chofer-guia\/\",\"name\":\"tour Key West desde Miami - Tour privado con chofer\/guia\",\"isPartOf\":{\"@id\":\"https:\/\/tourtravelandmore.com\/es\/#website\"},\"primaryImageOfPage\":{\"@id\":\"https:\/\/tourtravelandmore.com\/es\/tours\/eeuu-es\/miami-es\/tour-key-west-desde-miami-tour-privado-con-chofer-guia\/#primaryimage\"},\"image\":{\"@id\":\"https:\/\/tourtravelandmore.com\/es\/tours\/eeuu-es\/miami-es\/tour-key-west-desde-miami-tour-privado-con-chofer-guia\/#primaryimage\"},\"thumbnailUrl\":\"https:\/\/tourtravelandmore.com\/wp-content\/uploads\/2016\/11\/Fotos3-1.jpg\",\"datePublished\":\"2016-11-11T10:27:28+00:00\",\"dateModified\":\"2021-04-27T03:31:38+00:00\",\"description\":\"Disfrute de este tour Key West desde Miami con su chofer\/gu\u00eda privado, Descubra Cayo Hueso, la Historia, su vida, las playas y los deportes acu\u00e1ticos.\",\"breadcrumb\":{\"@id\":\"https:\/\/tourtravelandmore.com\/es\/tours\/eeuu-es\/miami-es\/tour-key-west-desde-miami-tour-privado-con-chofer-guia\/#breadcrumb\"},\"inLanguage\":\"es\",\"potentialAction\":[{\"@type\":\"ReadAction\",\"target\":[\"https:\/\/tourtravelandmore.com\/es\/tours\/eeuu-es\/miami-es\/tour-key-west-desde-miami-tour-privado-con-chofer-guia\/\"]}]},{\"@type\":\"ImageObject\",\"inLanguage\":\"es\",\"@id\":\"https:\/\/tourtravelandmore.com\/es\/tours\/eeuu-es\/miami-es\/tour-key-west-desde-miami-tour-privado-con-chofer-guia\/#primaryimage\",\"url\":\"https:\/\/tourtravelandmore.com\/wp-content\/uploads\/2016\/11\/Fotos3-1.jpg\",\"contentUrl\":\"https:\/\/tourtravelandmore.com\/wp-content\/uploads\/2016\/11\/Fotos3-1.jpg\",\"width\":960,\"height\":640},{\"@type\":\"BreadcrumbList\",\"@id\":\"https:\/\/tourtravelandmore.com\/es\/tours\/eeuu-es\/miami-es\/tour-key-west-desde-miami-tour-privado-con-chofer-guia\/#breadcrumb\",\"itemListElement\":[{\"@type\":\"ListItem\",\"position\":1,\"name\":\"Home\",\"item\":\"https:\/\/tourtravelandmore.com\/es\/\"},{\"@type\":\"ListItem\",\"position\":2,\"name\":\"Tours\",\"item\":\"https:\/\/tourtravelandmore.com\/es\/tours\/\"},{\"@type\":\"ListItem\",\"position\":3,\"name\":\"Tour Privado de Key West desde Miami\"}]},{\"@type\":\"WebSite\",\"@id\":\"https:\/\/tourtravelandmore.com\/es\/#website\",\"url\":\"https:\/\/tourtravelandmore.com\/es\/\",\"name\":\"Tour Travel And More\",\"description\":\"Private sightseeing tours and luxury transfers in Spain\",\"publisher\":{\"@id\":\"https:\/\/tourtravelandmore.com\/es\/#organization\"},\"potentialAction\":[{\"@type\":\"SearchAction\",\"target\":{\"@type\":\"EntryPoint\",\"urlTemplate\":\"https:\/\/tourtravelandmore.com\/es\/?s={search_term_string}\"},\"query-input\":{\"@type\":\"PropertyValueSpecification\",\"valueRequired\":true,\"valueName\":\"search_term_string\"}}],\"inLanguage\":\"es\"},{\"@type\":\"Organization\",\"@id\":\"https:\/\/tourtravelandmore.com\/es\/#organization\",\"name\":\"Tour Travel And More\",\"url\":\"https:\/\/tourtravelandmore.com\/es\/\",\"logo\":{\"@type\":\"ImageObject\",\"inLanguage\":\"es\",\"@id\":\"https:\/\/tourtravelandmore.com\/es\/#\/schema\/logo\/image\/\",\"url\":\"https:\/\/tourtravelandmore.com\/wp-content\/uploads\/2022\/12\/cropped-logo-cabecera-new.png\",\"contentUrl\":\"https:\/\/tourtravelandmore.com\/wp-content\/uploads\/2022\/12\/cropped-logo-cabecera-new.png\",\"width\":430,\"height\":61,\"caption\":\"Tour Travel And More\"},\"image\":{\"@id\":\"https:\/\/tourtravelandmore.com\/es\/#\/schema\/logo\/image\/\"},\"sameAs\":[\"https:\/\/www.facebook.com\/tourtravelandmore\/\",\"https:\/\/x.com\/TourTravel_More\"]}]}<\/script>\n<!-- \/ Yoast SEO Premium plugin. -->","yoast_head_json":{"title":"tour Key West desde Miami - Tour privado con chofer\/guia","description":"Disfrute de este tour Key West desde Miami con su chofer\/gu\u00eda privado, Descubra Cayo Hueso, la Historia, su vida, las playas y los deportes acu\u00e1ticos.","robots":{"index":"index","follow":"follow","max-snippet":"max-snippet:-1","max-image-preview":"max-image-preview:large","max-video-preview":"max-video-preview:-1"},"canonical":"https:\/\/tourtravelandmore.com\/es\/tours\/eeuu-es\/miami-es\/tour-key-west-desde-miami-tour-privado-con-chofer-guia\/","og_locale":"es_ES","og_type":"article","og_title":"Tour Privado de Key West desde Miami","og_description":"Disfrute de este tour Key West desde Miami con su chofer\/gu\u00eda privado, Descubra Cayo Hueso, la Historia, su vida, las playas y los deportes acu\u00e1ticos.","og_url":"https:\/\/tourtravelandmore.com\/es\/tours\/eeuu-es\/miami-es\/tour-key-west-desde-miami-tour-privado-con-chofer-guia\/","og_site_name":"Tour Travel And More","article_publisher":"https:\/\/www.facebook.com\/tourtravelandmore\/","article_modified_time":"2021-04-27T03:31:38+00:00","og_image":[{"width":960,"height":640,"url":"https:\/\/tourtravelandmore.com\/wp-content\/uploads\/2016\/11\/Fotos3-1.jpg","type":"image\/jpeg"}],"twitter_card":"summary_large_image","twitter_site":"@TourTravel_More","twitter_misc":{"Tiempo de lectura":"2 minutos"},"schema":{"@context":"https:\/\/schema.org","@graph":[{"@type":"WebPage","@id":"https:\/\/tourtravelandmore.com\/es\/tours\/eeuu-es\/miami-es\/tour-key-west-desde-miami-tour-privado-con-chofer-guia\/","url":"https:\/\/tourtravelandmore.com\/es\/tours\/eeuu-es\/miami-es\/tour-key-west-desde-miami-tour-privado-con-chofer-guia\/","name":"tour Key West desde Miami - Tour privado con chofer\/guia","isPartOf":{"@id":"https:\/\/tourtravelandmore.com\/es\/#website"},"primaryImageOfPage":{"@id":"https:\/\/tourtravelandmore.com\/es\/tours\/eeuu-es\/miami-es\/tour-key-west-desde-miami-tour-privado-con-chofer-guia\/#primaryimage"},"image":{"@id":"https:\/\/tourtravelandmore.com\/es\/tours\/eeuu-es\/miami-es\/tour-key-west-desde-miami-tour-privado-con-chofer-guia\/#primaryimage"},"thumbnailUrl":"https:\/\/tourtravelandmore.com\/wp-content\/uploads\/2016\/11\/Fotos3-1.jpg","datePublished":"2016-11-11T10:27:28+00:00","dateModified":"2021-04-27T03:31:38+00:00","description":"Disfrute de este tour Key West desde Miami con su chofer\/gu\u00eda privado, Descubra Cayo Hueso, la Historia, su vida, las playas y los deportes acu\u00e1ticos.","breadcrumb":{"@id":"https:\/\/tourtravelandmore.com\/es\/tours\/eeuu-es\/miami-es\/tour-key-west-desde-miami-tour-privado-con-chofer-guia\/#breadcrumb"},"inLanguage":"es","potentialAction":[{"@type":"ReadAction","target":["https:\/\/tourtravelandmore.com\/es\/tours\/eeuu-es\/miami-es\/tour-key-west-desde-miami-tour-privado-con-chofer-guia\/"]}]},{"@type":"ImageObject","inLanguage":"es","@id":"https:\/\/tourtravelandmore.com\/es\/tours\/eeuu-es\/miami-es\/tour-key-west-desde-miami-tour-privado-con-chofer-guia\/#primaryimage","url":"https:\/\/tourtravelandmore.com\/wp-content\/uploads\/2016\/11\/Fotos3-1.jpg","contentUrl":"https:\/\/tourtravelandmore.com\/wp-content\/uploads\/2016\/11\/Fotos3-1.jpg","width":960,"height":640},{"@type":"BreadcrumbList","@id":"https:\/\/tourtravelandmore.com\/es\/tours\/eeuu-es\/miami-es\/tour-key-west-desde-miami-tour-privado-con-chofer-guia\/#breadcrumb","itemListElement":[{"@type":"ListItem","position":1,"name":"Home","item":"https:\/\/tourtravelandmore.com\/es\/"},{"@type":"ListItem","position":2,"name":"Tours","item":"https:\/\/tourtravelandmore.com\/es\/tours\/"},{"@type":"ListItem","position":3,"name":"Tour Privado de Key West desde Miami"}]},{"@type":"WebSite","@id":"https:\/\/tourtravelandmore.com\/es\/#website","url":"https:\/\/tourtravelandmore.com\/es\/","name":"Tour Travel And More","description":"Private sightseeing tours and luxury transfers in Spain","publisher":{"@id":"https:\/\/tourtravelandmore.com\/es\/#organization"},"potentialAction":[{"@type":"SearchAction","target":{"@type":"EntryPoint","urlTemplate":"https:\/\/tourtravelandmore.com\/es\/?s={search_term_string}"},"query-input":{"@type":"PropertyValueSpecification","valueRequired":true,"valueName":"search_term_string"}}],"inLanguage":"es"},{"@type":"Organization","@id":"https:\/\/tourtravelandmore.com\/es\/#organization","name":"Tour Travel And More","url":"https:\/\/tourtravelandmore.com\/es\/","logo":{"@type":"ImageObject","inLanguage":"es","@id":"https:\/\/tourtravelandmore.com\/es\/#\/schema\/logo\/image\/","url":"https:\/\/tourtravelandmore.com\/wp-content\/uploads\/2022\/12\/cropped-logo-cabecera-new.png","contentUrl":"https:\/\/tourtravelandmore.com\/wp-content\/uploads\/2022\/12\/cropped-logo-cabecera-new.png","width":430,"height":61,"caption":"Tour Travel And More"},"image":{"@id":"https:\/\/tourtravelandmore.com\/es\/#\/schema\/logo\/image\/"},"sameAs":["https:\/\/www.facebook.com\/tourtravelandmore\/","https:\/\/x.com\/TourTravel_More"]}]}},"_links":{"self":[{"href":"https:\/\/tourtravelandmore.com\/es\/wp-json\/wp\/v2\/product\/9156","targetHints":{"allow":["GET"]}}],"collection":[{"href":"https:\/\/tourtravelandmore.com\/es\/wp-json\/wp\/v2\/product"}],"about":[{"href":"https:\/\/tourtravelandmore.com\/es\/wp-json\/wp\/v2\/types\/product"}],"replies":[{"embeddable":true,"href":"https:\/\/tourtravelandmore.com\/es\/wp-json\/wp\/v2\/comments?post=9156"}],"wp:featuredmedia":[{"embeddable":true,"href":"https:\/\/tourtravelandmore.com\/es\/wp-json\/wp\/v2\/media\/9090"}],"wp:attachment":[{"href":"https:\/\/tourtravelandmore.com\/es\/wp-json\/wp\/v2\/media?parent=9156"}],"wp:term":[{"taxonomy":"product_brand","embeddable":true,"href":"https:\/\/tourtravelandmore.com\/es\/wp-json\/wp\/v2\/product_brand?post=9156"},{"taxonomy":"product_cat","embeddable":true,"href":"https:\/\/tourtravelandmore.com\/es\/wp-json\/wp\/v2\/product_cat?post=9156"},{"taxonomy":"product_tag","embeddable":true,"href":"https:\/\/tourtravelandmore.com\/es\/wp-json\/wp\/v2\/product_tag?post=9156"}],"curies":[{"name":"wp","href":"https:\/\/api.w.org\/{rel}","templated":true}]}}