{"id":9151,"date":"2016-11-10T11:12:38","date_gmt":"2016-11-11T10:11:50","guid":{"rendered":"http:\/\/tourtravelandmore.com\/es\/?post_type=product&#038;p=9151"},"modified":"2021-04-24T14:29:50","modified_gmt":"2021-04-24T12:29:50","slug":"tour-key-largo-y-isla-morado-desde-miami-tour-privado-miami","status":"publish","type":"product","link":"https:\/\/tourtravelandmore.com\/es\/tours\/eeuu-es\/miami-es\/tour-key-largo-y-isla-morado-desde-miami-tour-privado-miami\/","title":{"rendered":"Tour Privado de Key Largo e Isla Morada desde Miami"},"content":{"rendered":"<h2>Descripci\u00f3n:<\/h2>\n<p>Disfrute de un tour <strong>Key Largo y Isla Morada desde Miami<\/strong> privado con chofer\/gu\u00eda.<\/p>\n<p>La duraci\u00f3n del tour es de 12 a 14 Horas. Nuestro chofer\/gu\u00eda lo recoger\u00e1 a la hora seleccionada desde su Hotel o Apartamento para empezar el tour Key Largo y Isla Morado desde Miami.<\/p>\n<p><strong>Key Largo<\/strong>, es el cayo m\u00e1s grande de los cayos de Florida, con unas profundidades \u00fanicas para los amantes del snorkel.<\/p>\n<p>La villa de <strong>Isla Morada, <\/strong>Est\u00e1 formado seis islas de los Cayos de Florida y es conocida por la pesca deportiva.<\/p>\n<p>Nuestro chofer\/gu\u00eda le ense\u00f1ar\u00e1 lo m\u00e1s importante, si desea tambi\u00e9n podemos organizar actividades acu\u00e1ticas como snorkel o alquiler un barco privado para conocer la costa.<\/p>\n<h2><strong>Puntos de inter\u00e9s:<\/strong><\/h2>\n<p><img fetchpriority=\"high\" decoding=\"async\" class=\"alignnone wp-image-106482 size-large\" src=\"https:\/\/tourtravelandmore.com\/wp-content\/uploads\/2016\/11\/121-1024x683.png\" alt=\"Tour Privado de Key Largo e Isla Morada desde Miami\" width=\"1024\" height=\"683\" srcset=\"https:\/\/tourtravelandmore.com\/wp-content\/uploads\/2016\/11\/121-1024x683.png 1024w, https:\/\/tourtravelandmore.com\/wp-content\/uploads\/2016\/11\/121-300x200.png 300w, https:\/\/tourtravelandmore.com\/wp-content\/uploads\/2016\/11\/121-768x512.png 768w, https:\/\/tourtravelandmore.com\/wp-content\/uploads\/2016\/11\/121-680x453.png 680w, https:\/\/tourtravelandmore.com\/wp-content\/uploads\/2016\/11\/121-595x397.png 595w, https:\/\/tourtravelandmore.com\/wp-content\/uploads\/2016\/11\/121.png 1080w\" sizes=\"(max-width: 1024px) 100vw, 1024px\" \/><\/p>\n<p>A lo largo del tour privado veremos:<\/p>\n<ul>\n<li>Sus Maravillosas Playas: <strong>John Pennekamp Coral Reef State Park<\/strong>, <strong>Cannon Beach<\/strong>, <strong>Harry Harris Park<\/strong>.<\/li>\n<li><span id=\"Practicar_snorkel\">Practicar snorkel: <\/span><span id=\"Practicar_snorkel\">Podemos organizar una actividad de snorkel con un gu\u00eda especializado incluyendo todo el equipo necesario.<\/span><\/li>\n<li><span id=\"Island_Dolphin_Care\">Island Dolphin Care: Aqu\u00ed, se encuentra una simp\u00e1tica familia de delfines que ayuda emocionalmente tanto a ni\u00f1os como a mayores.<br \/>\n<\/span><\/li>\n<li>Isla Morada<\/li>\n<li>Mucho mas!!<\/li>\n<\/ul>\n<p><img decoding=\"async\" class=\"alignnone wp-image-106485 size-large\" src=\"https:\/\/tourtravelandmore.com\/wp-content\/uploads\/2016\/11\/Untitled-design-16-1024x324.png\" alt=\"\" width=\"1024\" height=\"324\" srcset=\"https:\/\/tourtravelandmore.com\/wp-content\/uploads\/2016\/11\/Untitled-design-16-1024x324.png 1024w, https:\/\/tourtravelandmore.com\/wp-content\/uploads\/2016\/11\/Untitled-design-16-300x95.png 300w, https:\/\/tourtravelandmore.com\/wp-content\/uploads\/2016\/11\/Untitled-design-16-768x243.png 768w, https:\/\/tourtravelandmore.com\/wp-content\/uploads\/2016\/11\/Untitled-design-16-680x215.png 680w, https:\/\/tourtravelandmore.com\/wp-content\/uploads\/2016\/11\/Untitled-design-16-595x188.png 595w, https:\/\/tourtravelandmore.com\/wp-content\/uploads\/2016\/11\/Untitled-design-16.png 1080w\" sizes=\"(max-width: 1024px) 100vw, 1024px\" \/><\/p>\n<p><span lang=\"es\">Disfrute de lo mejor de Key Largo. Key Largo es una hermosa ubicaci\u00f3n en los Cayos de Florida. Key Largo es la primera isla de los Cayos de Florida. Es el m\u00e1s cercano a Miami. Es el primero al que se llega desde la Overseas Highway. <\/span><\/p>\n<p><span lang=\"es\">Incluso ha habido escenas de pel\u00edculas en Key Largo. La famosa pel\u00edcula de 1948 de Key Largo con Humphrey Bogart se desarroll\u00f3 aqu\u00ed. <\/span><\/p>\n<p><span lang=\"es\">Key Largo es conocido por ser el primer parque submarino de Estados Unidos.\u00a0 \u00a0Este es el famoso Parque Estatal John Pennekamp Coral Reef. <\/span><\/p>\n<p><span lang=\"es\">Tiene m\u00e1s de 70 millas n\u00e1uticas cuadradas y se encuentra adyacente al Oc\u00e9ano Atl\u00e1ntico. Un lugar extraordinario para visitar. <\/span><\/p>\n<p><span lang=\"es\">Por \u00faltimo, lo llevaremos de regreso a su hotel o lugar de elecci\u00f3n en Miami.<\/span><\/p>\n<p>Puede consultar el resto de tours privado que ofrecemos en Miami <strong><a href=\"https:\/\/tourtravelandmore.com\/es\/ciudad\/eeuu-es\/miami-es\/\">aqui<\/a><\/strong><\/p>\n","protected":false},"excerpt":{"rendered":"<p>Aproveche esta oportunidad para conocer <strong>Key Largo<\/strong> &amp; <strong>Isla Morada<\/strong> en un tour privado desde <strong>Miami<\/strong>. Disfrute este <strong>tour<\/strong> junto a su gu\u00eda oficial privado opcional y su veh\u00edculo de semi-lujo con chofer\/gu\u00eda. Podemos recogerle en su hotel, o bien en el aeropuerto o terminal de cruceros.<\/p>\n","protected":false},"featured_media":9077,"comment_status":"open","ping_status":"closed","template":"","meta":{"_acf_changed":false},"product_brand":[],"product_cat":[1602,333,334,549,336,335],"product_tag":[],"class_list":{"0":"post-9151","1":"product","2":"type-product","3":"status-publish","4":"has-post-thumbnail","6":"product_cat-eeuu-es","7":"product_cat-miami-es","8":"product_cat-miami-actividades-es","9":"product_cat-miami-excursiones-privadas-cruceros-es","10":"product_cat-miami-rutas-turisticas-privadas-es","11":"product_cat-miami-excursiones-es","13":"first","14":"instock","15":"shipping-taxable","16":"purchasable","17":"product-type-simple"},"acf":[],"yoast_head":"<!-- This site is optimized with the Yoast SEO Premium plugin v25.3.1 (Yoast SEO v25.3.1) - https:\/\/yoast.com\/wordpress\/plugins\/seo\/ -->\n<title>Tour Key Largo y Isla Morado desde Miami - TOUR PRIVADO MIAMI<\/title>\n<meta name=\"description\" content=\"Disfrute de este Tour Key Largo y Isla Morado desde Miami, con su chofer\/gu\u00eda privado y descubra los principales cayos de Florida y sus corales.\" \/>\n<meta name=\"robots\" content=\"index, follow, max-snippet:-1, max-image-preview:large, max-video-preview:-1\" \/>\n<link rel=\"canonical\" href=\"https:\/\/tourtravelandmore.com\/es\/tours\/eeuu-es\/miami-es\/tour-key-largo-y-isla-morado-desde-miami-tour-privado-miami\/\" \/>\n<meta property=\"og:locale\" content=\"es_ES\" \/>\n<meta property=\"og:type\" content=\"article\" \/>\n<meta property=\"og:title\" content=\"Tour Privado de Key Largo e Isla Morada desde Miami\" \/>\n<meta property=\"og:description\" content=\"Disfrute de este Tour Key Largo y Isla Morado desde Miami, con su chofer\/gu\u00eda privado y descubra los principales cayos de Florida y sus corales.\" \/>\n<meta property=\"og:url\" content=\"https:\/\/tourtravelandmore.com\/es\/tours\/eeuu-es\/miami-es\/tour-key-largo-y-isla-morado-desde-miami-tour-privado-miami\/\" \/>\n<meta property=\"og:site_name\" content=\"Tour Travel And More\" \/>\n<meta property=\"article:publisher\" content=\"https:\/\/www.facebook.com\/tourtravelandmore\/\" \/>\n<meta property=\"article:modified_time\" content=\"2021-04-24T12:29:50+00:00\" \/>\n<meta property=\"og:image\" content=\"https:\/\/tourtravelandmore.com\/wp-content\/uploads\/2016\/11\/Photo3.jpg\" \/>\n\t<meta property=\"og:image:width\" content=\"1920\" \/>\n\t<meta property=\"og:image:height\" content=\"1440\" \/>\n\t<meta property=\"og:image:type\" content=\"image\/jpeg\" \/>\n<meta name=\"twitter:card\" content=\"summary_large_image\" \/>\n<meta name=\"twitter:site\" content=\"@TourTravel_More\" \/>\n<meta name=\"twitter:label1\" content=\"Tiempo de lectura\" \/>\n\t<meta name=\"twitter:data1\" content=\"2 minutos\" \/>\n<script type=\"application\/ld+json\" class=\"yoast-schema-graph\">{\"@context\":\"https:\/\/schema.org\",\"@graph\":[{\"@type\":\"WebPage\",\"@id\":\"https:\/\/tourtravelandmore.com\/es\/tours\/eeuu-es\/miami-es\/tour-key-largo-y-isla-morado-desde-miami-tour-privado-miami\/\",\"url\":\"https:\/\/tourtravelandmore.com\/es\/tours\/eeuu-es\/miami-es\/tour-key-largo-y-isla-morado-desde-miami-tour-privado-miami\/\",\"name\":\"Tour Key Largo y Isla Morado desde Miami - TOUR PRIVADO MIAMI\",\"isPartOf\":{\"@id\":\"https:\/\/tourtravelandmore.com\/es\/#website\"},\"primaryImageOfPage\":{\"@id\":\"https:\/\/tourtravelandmore.com\/es\/tours\/eeuu-es\/miami-es\/tour-key-largo-y-isla-morado-desde-miami-tour-privado-miami\/#primaryimage\"},\"image\":{\"@id\":\"https:\/\/tourtravelandmore.com\/es\/tours\/eeuu-es\/miami-es\/tour-key-largo-y-isla-morado-desde-miami-tour-privado-miami\/#primaryimage\"},\"thumbnailUrl\":\"https:\/\/tourtravelandmore.com\/wp-content\/uploads\/2016\/11\/Photo3.jpg\",\"datePublished\":\"2016-11-11T10:11:50+00:00\",\"dateModified\":\"2021-04-24T12:29:50+00:00\",\"description\":\"Disfrute de este Tour Key Largo y Isla Morado desde Miami, con su chofer\/gu\u00eda privado y descubra los principales cayos de Florida y sus corales.\",\"breadcrumb\":{\"@id\":\"https:\/\/tourtravelandmore.com\/es\/tours\/eeuu-es\/miami-es\/tour-key-largo-y-isla-morado-desde-miami-tour-privado-miami\/#breadcrumb\"},\"inLanguage\":\"es\",\"potentialAction\":[{\"@type\":\"ReadAction\",\"target\":[\"https:\/\/tourtravelandmore.com\/es\/tours\/eeuu-es\/miami-es\/tour-key-largo-y-isla-morado-desde-miami-tour-privado-miami\/\"]}]},{\"@type\":\"ImageObject\",\"inLanguage\":\"es\",\"@id\":\"https:\/\/tourtravelandmore.com\/es\/tours\/eeuu-es\/miami-es\/tour-key-largo-y-isla-morado-desde-miami-tour-privado-miami\/#primaryimage\",\"url\":\"https:\/\/tourtravelandmore.com\/wp-content\/uploads\/2016\/11\/Photo3.jpg\",\"contentUrl\":\"https:\/\/tourtravelandmore.com\/wp-content\/uploads\/2016\/11\/Photo3.jpg\",\"width\":1920,\"height\":1440},{\"@type\":\"BreadcrumbList\",\"@id\":\"https:\/\/tourtravelandmore.com\/es\/tours\/eeuu-es\/miami-es\/tour-key-largo-y-isla-morado-desde-miami-tour-privado-miami\/#breadcrumb\",\"itemListElement\":[{\"@type\":\"ListItem\",\"position\":1,\"name\":\"Home\",\"item\":\"https:\/\/tourtravelandmore.com\/es\/\"},{\"@type\":\"ListItem\",\"position\":2,\"name\":\"Tours\",\"item\":\"https:\/\/tourtravelandmore.com\/es\/tours\/\"},{\"@type\":\"ListItem\",\"position\":3,\"name\":\"Tour Privado de Key Largo e Isla Morada desde Miami\"}]},{\"@type\":\"WebSite\",\"@id\":\"https:\/\/tourtravelandmore.com\/es\/#website\",\"url\":\"https:\/\/tourtravelandmore.com\/es\/\",\"name\":\"Tour Travel And More\",\"description\":\"Private sightseeing tours and luxury transfers in Spain\",\"publisher\":{\"@id\":\"https:\/\/tourtravelandmore.com\/es\/#organization\"},\"potentialAction\":[{\"@type\":\"SearchAction\",\"target\":{\"@type\":\"EntryPoint\",\"urlTemplate\":\"https:\/\/tourtravelandmore.com\/es\/?s={search_term_string}\"},\"query-input\":{\"@type\":\"PropertyValueSpecification\",\"valueRequired\":true,\"valueName\":\"search_term_string\"}}],\"inLanguage\":\"es\"},{\"@type\":\"Organization\",\"@id\":\"https:\/\/tourtravelandmore.com\/es\/#organization\",\"name\":\"Tour Travel And More\",\"url\":\"https:\/\/tourtravelandmore.com\/es\/\",\"logo\":{\"@type\":\"ImageObject\",\"inLanguage\":\"es\",\"@id\":\"https:\/\/tourtravelandmore.com\/es\/#\/schema\/logo\/image\/\",\"url\":\"https:\/\/tourtravelandmore.com\/wp-content\/uploads\/2022\/12\/cropped-logo-cabecera-new.png\",\"contentUrl\":\"https:\/\/tourtravelandmore.com\/wp-content\/uploads\/2022\/12\/cropped-logo-cabecera-new.png\",\"width\":430,\"height\":61,\"caption\":\"Tour Travel And More\"},\"image\":{\"@id\":\"https:\/\/tourtravelandmore.com\/es\/#\/schema\/logo\/image\/\"},\"sameAs\":[\"https:\/\/www.facebook.com\/tourtravelandmore\/\",\"https:\/\/x.com\/TourTravel_More\"]}]}<\/script>\n<!-- \/ Yoast SEO Premium plugin. -->","yoast_head_json":{"title":"Tour Key Largo y Isla Morado desde Miami - TOUR PRIVADO MIAMI","description":"Disfrute de este Tour Key Largo y Isla Morado desde Miami, con su chofer\/gu\u00eda privado y descubra los principales cayos de Florida y sus corales.","robots":{"index":"index","follow":"follow","max-snippet":"max-snippet:-1","max-image-preview":"max-image-preview:large","max-video-preview":"max-video-preview:-1"},"canonical":"https:\/\/tourtravelandmore.com\/es\/tours\/eeuu-es\/miami-es\/tour-key-largo-y-isla-morado-desde-miami-tour-privado-miami\/","og_locale":"es_ES","og_type":"article","og_title":"Tour Privado de Key Largo e Isla Morada desde Miami","og_description":"Disfrute de este Tour Key Largo y Isla Morado desde Miami, con su chofer\/gu\u00eda privado y descubra los principales cayos de Florida y sus corales.","og_url":"https:\/\/tourtravelandmore.com\/es\/tours\/eeuu-es\/miami-es\/tour-key-largo-y-isla-morado-desde-miami-tour-privado-miami\/","og_site_name":"Tour Travel And More","article_publisher":"https:\/\/www.facebook.com\/tourtravelandmore\/","article_modified_time":"2021-04-24T12:29:50+00:00","og_image":[{"width":1920,"height":1440,"url":"https:\/\/tourtravelandmore.com\/wp-content\/uploads\/2016\/11\/Photo3.jpg","type":"image\/jpeg"}],"twitter_card":"summary_large_image","twitter_site":"@TourTravel_More","twitter_misc":{"Tiempo de lectura":"2 minutos"},"schema":{"@context":"https:\/\/schema.org","@graph":[{"@type":"WebPage","@id":"https:\/\/tourtravelandmore.com\/es\/tours\/eeuu-es\/miami-es\/tour-key-largo-y-isla-morado-desde-miami-tour-privado-miami\/","url":"https:\/\/tourtravelandmore.com\/es\/tours\/eeuu-es\/miami-es\/tour-key-largo-y-isla-morado-desde-miami-tour-privado-miami\/","name":"Tour Key Largo y Isla Morado desde Miami - TOUR PRIVADO MIAMI","isPartOf":{"@id":"https:\/\/tourtravelandmore.com\/es\/#website"},"primaryImageOfPage":{"@id":"https:\/\/tourtravelandmore.com\/es\/tours\/eeuu-es\/miami-es\/tour-key-largo-y-isla-morado-desde-miami-tour-privado-miami\/#primaryimage"},"image":{"@id":"https:\/\/tourtravelandmore.com\/es\/tours\/eeuu-es\/miami-es\/tour-key-largo-y-isla-morado-desde-miami-tour-privado-miami\/#primaryimage"},"thumbnailUrl":"https:\/\/tourtravelandmore.com\/wp-content\/uploads\/2016\/11\/Photo3.jpg","datePublished":"2016-11-11T10:11:50+00:00","dateModified":"2021-04-24T12:29:50+00:00","description":"Disfrute de este Tour Key Largo y Isla Morado desde Miami, con su chofer\/gu\u00eda privado y descubra los principales cayos de Florida y sus corales.","breadcrumb":{"@id":"https:\/\/tourtravelandmore.com\/es\/tours\/eeuu-es\/miami-es\/tour-key-largo-y-isla-morado-desde-miami-tour-privado-miami\/#breadcrumb"},"inLanguage":"es","potentialAction":[{"@type":"ReadAction","target":["https:\/\/tourtravelandmore.com\/es\/tours\/eeuu-es\/miami-es\/tour-key-largo-y-isla-morado-desde-miami-tour-privado-miami\/"]}]},{"@type":"ImageObject","inLanguage":"es","@id":"https:\/\/tourtravelandmore.com\/es\/tours\/eeuu-es\/miami-es\/tour-key-largo-y-isla-morado-desde-miami-tour-privado-miami\/#primaryimage","url":"https:\/\/tourtravelandmore.com\/wp-content\/uploads\/2016\/11\/Photo3.jpg","contentUrl":"https:\/\/tourtravelandmore.com\/wp-content\/uploads\/2016\/11\/Photo3.jpg","width":1920,"height":1440},{"@type":"BreadcrumbList","@id":"https:\/\/tourtravelandmore.com\/es\/tours\/eeuu-es\/miami-es\/tour-key-largo-y-isla-morado-desde-miami-tour-privado-miami\/#breadcrumb","itemListElement":[{"@type":"ListItem","position":1,"name":"Home","item":"https:\/\/tourtravelandmore.com\/es\/"},{"@type":"ListItem","position":2,"name":"Tours","item":"https:\/\/tourtravelandmore.com\/es\/tours\/"},{"@type":"ListItem","position":3,"name":"Tour Privado de Key Largo e Isla Morada desde Miami"}]},{"@type":"WebSite","@id":"https:\/\/tourtravelandmore.com\/es\/#website","url":"https:\/\/tourtravelandmore.com\/es\/","name":"Tour Travel And More","description":"Private sightseeing tours and luxury transfers in Spain","publisher":{"@id":"https:\/\/tourtravelandmore.com\/es\/#organization"},"potentialAction":[{"@type":"SearchAction","target":{"@type":"EntryPoint","urlTemplate":"https:\/\/tourtravelandmore.com\/es\/?s={search_term_string}"},"query-input":{"@type":"PropertyValueSpecification","valueRequired":true,"valueName":"search_term_string"}}],"inLanguage":"es"},{"@type":"Organization","@id":"https:\/\/tourtravelandmore.com\/es\/#organization","name":"Tour Travel And More","url":"https:\/\/tourtravelandmore.com\/es\/","logo":{"@type":"ImageObject","inLanguage":"es","@id":"https:\/\/tourtravelandmore.com\/es\/#\/schema\/logo\/image\/","url":"https:\/\/tourtravelandmore.com\/wp-content\/uploads\/2022\/12\/cropped-logo-cabecera-new.png","contentUrl":"https:\/\/tourtravelandmore.com\/wp-content\/uploads\/2022\/12\/cropped-logo-cabecera-new.png","width":430,"height":61,"caption":"Tour Travel And More"},"image":{"@id":"https:\/\/tourtravelandmore.com\/es\/#\/schema\/logo\/image\/"},"sameAs":["https:\/\/www.facebook.com\/tourtravelandmore\/","https:\/\/x.com\/TourTravel_More"]}]}},"_links":{"self":[{"href":"https:\/\/tourtravelandmore.com\/es\/wp-json\/wp\/v2\/product\/9151","targetHints":{"allow":["GET"]}}],"collection":[{"href":"https:\/\/tourtravelandmore.com\/es\/wp-json\/wp\/v2\/product"}],"about":[{"href":"https:\/\/tourtravelandmore.com\/es\/wp-json\/wp\/v2\/types\/product"}],"replies":[{"embeddable":true,"href":"https:\/\/tourtravelandmore.com\/es\/wp-json\/wp\/v2\/comments?post=9151"}],"wp:featuredmedia":[{"embeddable":true,"href":"https:\/\/tourtravelandmore.com\/es\/wp-json\/wp\/v2\/media\/9077"}],"wp:attachment":[{"href":"https:\/\/tourtravelandmore.com\/es\/wp-json\/wp\/v2\/media?parent=9151"}],"wp:term":[{"taxonomy":"product_brand","embeddable":true,"href":"https:\/\/tourtravelandmore.com\/es\/wp-json\/wp\/v2\/product_brand?post=9151"},{"taxonomy":"product_cat","embeddable":true,"href":"https:\/\/tourtravelandmore.com\/es\/wp-json\/wp\/v2\/product_cat?post=9151"},{"taxonomy":"product_tag","embeddable":true,"href":"https:\/\/tourtravelandmore.com\/es\/wp-json\/wp\/v2\/product_tag?post=9151"}],"curies":[{"name":"wp","href":"https:\/\/api.w.org\/{rel}","templated":true}]}}