{"id":91498,"date":"2021-01-20T11:14:02","date_gmt":"2021-01-20T10:14:03","guid":{"rendered":"https:\/\/tourtravelandmore.com\/?post_type=product&#038;p=91498"},"modified":"2022-01-18T18:59:51","modified_gmt":"2022-01-18T17:59:51","slug":"tour-privado-de-mt-kenya-desde-nairobi","status":"publish","type":"product","link":"https:\/\/tourtravelandmore.com\/es\/tours\/eeuu-es\/tour-privado-de-mt-kenya-desde-nairobi\/","title":{"rendered":"Tour Privado de Mt Kenya desde Nairobi"},"content":{"rendered":"<h2>Descripci\u00f3n<\/h2>\n<p>Explore el monte Kenia con esta excursi\u00f3n de un d\u00eda desde Nairobi. \u00a1Nuestro tour privado al monte Kenia desde Nairobi es una experiencia \u00fanica para conocer una de las monta\u00f1as m\u00e1s altas de Kenia!<\/p>\n<p>Nuestro conductor-gu\u00eda privado lo recoger\u00e1 y comenzaremos este Tour privado al Monte Kenia desde Nairobi.<\/p>\n<p>El monte Kenia es la segunda monta\u00f1a m\u00e1s alta de \u00c1frica, por supuesto despu\u00e9s del Kilimanjaro. \u00a1En Kenia, es la monta\u00f1a m\u00e1s alta! El pico m\u00e1s alto se puede encontrar a 5199 metros. \u00a1Los otros puntos tambi\u00e9n est\u00e1n muy cerca!<\/p>\n<p>Est\u00e1 a unos 150 kil\u00f3metros de Nairobi. Es por eso que podemos gestionar esta experiencia para una excursi\u00f3n de un d\u00eda desde la capital de Kenia.<\/p>\n<p>El monte Kenia es un estratovolc\u00e1n que se cre\u00f3 aproximadamente 3 millones de a\u00f1os despu\u00e9s de la apertura del Rift de \u00c1frica Oriental. Conozca todos los detalles que su gu\u00eda puede explicarle sobre esta ubicaci\u00f3n \u00fanica. Alrededor del centro de la monta\u00f1a, fue designado Parque Nacional. \u00a1Tambi\u00e9n est\u00e1 catalogado como Patrimonio de la Humanidad por la UNESCO! \u00a1\u00c9sta es una de las razones por las que recibe tantas visitas al a\u00f1o!<\/p>\n<p>Deje que nuestro conductor-gu\u00eda lo recoja temprano en su hotel en Nairobi y comience este Tour privado al Monte Kenia desde Nairobi.<\/p>\n<h2>Puntos de inter\u00e9s y monumentos<\/h2>\n<p>Despu\u00e9s de recogerlo por la ma\u00f1ana, nos dirigiremos hacia Naromoru. Aqu\u00ed es donde realmente comenzar\u00e1 el tour privado. Luego pasaremos por las puertas del parque y, en unos minutos, tendremos su c\u00e1mara lista para ver algunos de los animales m\u00e1s impresionantes.<\/p>\n<p>Parte de la vida silvestre que podr\u00e1 observar ser\u00e1 bushbucks, waterbucks, babuinos y, por supuesto, aves.<\/p>\n<p>Luego conduciremos hasta la carretera en la pista de NAro Moru. Este viaje nos llevar\u00e1 al Met Station Camp (3000m).<\/p>\n<p>Aqu\u00ed es donde comenzar\u00e1 nuestro relajante trekking por la monta\u00f1a. Veremos tantas vegetaciones desde el bosque de bamb\u00fa, los \u00e1rboles de hagenia hasta incluso los brezos.<\/p>\n<p>A lo largo del recorrido, disfrutar\u00e1 del bosque enriquecido de aves y flores en las alturas. Esta caminata le llevar\u00e1 alrededor de 3.4 horas hasta que lleguemos al Valle de Teleki. Aqu\u00ed es donde podr\u00e1 disfrutar de su almuerzo para llevar. Disfrute de las incre\u00edbles vistas del valle de Teleki antes de regresar a la estaci\u00f3n Met.<\/p>\n<p>Despu\u00e9s de esta experiencia e incre\u00edbles tomas de fotos, \u00a1lo llevaremos de regreso a su hotel en Nairobi!<\/p>\n<p>\u00a1Vea nuestros otros tours privados en la ciudad de Nairobi y, por supuesto, en toda Kenia!<\/p>\n","protected":false},"excerpt":{"rendered":"<p>Explore uno de los lugares m\u00e1s bellos de Kenia: el monte Kenia. \u00a1Te llevaremos a esta experiencia con nuestro tour privado al monte Kenia desde Nairobi!<\/p>\n","protected":false},"featured_media":91315,"comment_status":"open","ping_status":"closed","template":"","meta":{"_acf_changed":false},"product_brand":[],"product_cat":[3444,1602],"product_tag":[],"class_list":{"0":"post-91498","1":"product","2":"type-product","3":"status-publish","4":"has-post-thumbnail","6":"product_cat-kenia-sp","7":"product_cat-eeuu-es","9":"first","10":"instock","11":"shipping-taxable","12":"purchasable","13":"product-type-simple"},"acf":[],"yoast_head":"<!-- This site is optimized with the Yoast SEO Premium plugin v25.3.1 (Yoast SEO v25.3.1) - https:\/\/yoast.com\/wordpress\/plugins\/seo\/ -->\n<title>\u00a1Tour privado al monte Kenia desde Nairobi, conductor-gu\u00eda para una excursi\u00f3n \u00fanica!<\/title>\n<meta name=\"description\" content=\"Explore uno de los lugares m\u00e1s bellos de Kenia: el monte Kenia. \u00a1Te llevaremos a esta experiencia con nuestro tour privado al monte Kenia desde Nairobi!\" \/>\n<meta name=\"robots\" content=\"index, follow, max-snippet:-1, max-image-preview:large, max-video-preview:-1\" \/>\n<link rel=\"canonical\" href=\"https:\/\/tourtravelandmore.com\/es\/tours\/eeuu-es\/tour-privado-de-mt-kenya-desde-nairobi\/\" \/>\n<meta property=\"og:locale\" content=\"es_ES\" \/>\n<meta property=\"og:type\" content=\"article\" \/>\n<meta property=\"og:title\" content=\"Tour Privado de Mt Kenya desde Nairobi\" \/>\n<meta property=\"og:description\" content=\"Explore uno de los lugares m\u00e1s bellos de Kenia: el monte Kenia. \u00a1Te llevaremos a esta experiencia con nuestro tour privado al monte Kenia desde Nairobi!\" \/>\n<meta property=\"og:url\" content=\"https:\/\/tourtravelandmore.com\/es\/tours\/eeuu-es\/tour-privado-de-mt-kenya-desde-nairobi\/\" \/>\n<meta property=\"og:site_name\" content=\"Tour Travel And More\" \/>\n<meta property=\"article:publisher\" content=\"https:\/\/www.facebook.com\/tourtravelandmore\/\" \/>\n<meta property=\"article:modified_time\" content=\"2022-01-18T17:59:51+00:00\" \/>\n<meta property=\"og:image\" content=\"https:\/\/tourtravelandmore.com\/wp-content\/uploads\/2021\/01\/Nairobi-3-scaled.jpg\" \/>\n\t<meta property=\"og:image:width\" content=\"2560\" \/>\n\t<meta property=\"og:image:height\" content=\"1713\" \/>\n\t<meta property=\"og:image:type\" content=\"image\/jpeg\" \/>\n<meta name=\"twitter:card\" content=\"summary_large_image\" \/>\n<meta name=\"twitter:site\" content=\"@TourTravel_More\" \/>\n<meta name=\"twitter:label1\" content=\"Tiempo de lectura\" \/>\n\t<meta name=\"twitter:data1\" content=\"2 minutos\" \/>\n<script type=\"application\/ld+json\" class=\"yoast-schema-graph\">{\"@context\":\"https:\/\/schema.org\",\"@graph\":[{\"@type\":\"WebPage\",\"@id\":\"https:\/\/tourtravelandmore.com\/es\/tours\/eeuu-es\/tour-privado-de-mt-kenya-desde-nairobi\/\",\"url\":\"https:\/\/tourtravelandmore.com\/es\/tours\/eeuu-es\/tour-privado-de-mt-kenya-desde-nairobi\/\",\"name\":\"\u00a1Tour privado al monte Kenia desde Nairobi, conductor-gu\u00eda para una excursi\u00f3n \u00fanica!\",\"isPartOf\":{\"@id\":\"https:\/\/tourtravelandmore.com\/es\/#website\"},\"primaryImageOfPage\":{\"@id\":\"https:\/\/tourtravelandmore.com\/es\/tours\/eeuu-es\/tour-privado-de-mt-kenya-desde-nairobi\/#primaryimage\"},\"image\":{\"@id\":\"https:\/\/tourtravelandmore.com\/es\/tours\/eeuu-es\/tour-privado-de-mt-kenya-desde-nairobi\/#primaryimage\"},\"thumbnailUrl\":\"https:\/\/tourtravelandmore.com\/wp-content\/uploads\/2021\/01\/Nairobi-3-scaled.jpg\",\"datePublished\":\"2021-01-20T10:14:03+00:00\",\"dateModified\":\"2022-01-18T17:59:51+00:00\",\"description\":\"Explore uno de los lugares m\u00e1s bellos de Kenia: el monte Kenia. \u00a1Te llevaremos a esta experiencia con nuestro tour privado al monte Kenia desde Nairobi!\",\"breadcrumb\":{\"@id\":\"https:\/\/tourtravelandmore.com\/es\/tours\/eeuu-es\/tour-privado-de-mt-kenya-desde-nairobi\/#breadcrumb\"},\"inLanguage\":\"es\",\"potentialAction\":[{\"@type\":\"ReadAction\",\"target\":[\"https:\/\/tourtravelandmore.com\/es\/tours\/eeuu-es\/tour-privado-de-mt-kenya-desde-nairobi\/\"]}]},{\"@type\":\"ImageObject\",\"inLanguage\":\"es\",\"@id\":\"https:\/\/tourtravelandmore.com\/es\/tours\/eeuu-es\/tour-privado-de-mt-kenya-desde-nairobi\/#primaryimage\",\"url\":\"https:\/\/tourtravelandmore.com\/wp-content\/uploads\/2021\/01\/Nairobi-3-scaled.jpg\",\"contentUrl\":\"https:\/\/tourtravelandmore.com\/wp-content\/uploads\/2021\/01\/Nairobi-3-scaled.jpg\",\"width\":2560,\"height\":1713},{\"@type\":\"BreadcrumbList\",\"@id\":\"https:\/\/tourtravelandmore.com\/es\/tours\/eeuu-es\/tour-privado-de-mt-kenya-desde-nairobi\/#breadcrumb\",\"itemListElement\":[{\"@type\":\"ListItem\",\"position\":1,\"name\":\"Home\",\"item\":\"https:\/\/tourtravelandmore.com\/es\/\"},{\"@type\":\"ListItem\",\"position\":2,\"name\":\"Tours\",\"item\":\"https:\/\/tourtravelandmore.com\/es\/tours\/\"},{\"@type\":\"ListItem\",\"position\":3,\"name\":\"Tour Privado de Mt Kenya desde Nairobi\"}]},{\"@type\":\"WebSite\",\"@id\":\"https:\/\/tourtravelandmore.com\/es\/#website\",\"url\":\"https:\/\/tourtravelandmore.com\/es\/\",\"name\":\"Tour Travel And More\",\"description\":\"Private sightseeing tours and luxury transfers in Spain\",\"publisher\":{\"@id\":\"https:\/\/tourtravelandmore.com\/es\/#organization\"},\"potentialAction\":[{\"@type\":\"SearchAction\",\"target\":{\"@type\":\"EntryPoint\",\"urlTemplate\":\"https:\/\/tourtravelandmore.com\/es\/?s={search_term_string}\"},\"query-input\":{\"@type\":\"PropertyValueSpecification\",\"valueRequired\":true,\"valueName\":\"search_term_string\"}}],\"inLanguage\":\"es\"},{\"@type\":\"Organization\",\"@id\":\"https:\/\/tourtravelandmore.com\/es\/#organization\",\"name\":\"Tour Travel And More\",\"url\":\"https:\/\/tourtravelandmore.com\/es\/\",\"logo\":{\"@type\":\"ImageObject\",\"inLanguage\":\"es\",\"@id\":\"https:\/\/tourtravelandmore.com\/es\/#\/schema\/logo\/image\/\",\"url\":\"https:\/\/tourtravelandmore.com\/wp-content\/uploads\/2022\/12\/cropped-logo-cabecera-new.png\",\"contentUrl\":\"https:\/\/tourtravelandmore.com\/wp-content\/uploads\/2022\/12\/cropped-logo-cabecera-new.png\",\"width\":430,\"height\":61,\"caption\":\"Tour Travel And More\"},\"image\":{\"@id\":\"https:\/\/tourtravelandmore.com\/es\/#\/schema\/logo\/image\/\"},\"sameAs\":[\"https:\/\/www.facebook.com\/tourtravelandmore\/\",\"https:\/\/x.com\/TourTravel_More\"]}]}<\/script>\n<!-- \/ Yoast SEO Premium plugin. -->","yoast_head_json":{"title":"\u00a1Tour privado al monte Kenia desde Nairobi, conductor-gu\u00eda para una excursi\u00f3n \u00fanica!","description":"Explore uno de los lugares m\u00e1s bellos de Kenia: el monte Kenia. \u00a1Te llevaremos a esta experiencia con nuestro tour privado al monte Kenia desde Nairobi!","robots":{"index":"index","follow":"follow","max-snippet":"max-snippet:-1","max-image-preview":"max-image-preview:large","max-video-preview":"max-video-preview:-1"},"canonical":"https:\/\/tourtravelandmore.com\/es\/tours\/eeuu-es\/tour-privado-de-mt-kenya-desde-nairobi\/","og_locale":"es_ES","og_type":"article","og_title":"Tour Privado de Mt Kenya desde Nairobi","og_description":"Explore uno de los lugares m\u00e1s bellos de Kenia: el monte Kenia. \u00a1Te llevaremos a esta experiencia con nuestro tour privado al monte Kenia desde Nairobi!","og_url":"https:\/\/tourtravelandmore.com\/es\/tours\/eeuu-es\/tour-privado-de-mt-kenya-desde-nairobi\/","og_site_name":"Tour Travel And More","article_publisher":"https:\/\/www.facebook.com\/tourtravelandmore\/","article_modified_time":"2022-01-18T17:59:51+00:00","og_image":[{"width":2560,"height":1713,"url":"https:\/\/tourtravelandmore.com\/wp-content\/uploads\/2021\/01\/Nairobi-3-scaled.jpg","type":"image\/jpeg"}],"twitter_card":"summary_large_image","twitter_site":"@TourTravel_More","twitter_misc":{"Tiempo de lectura":"2 minutos"},"schema":{"@context":"https:\/\/schema.org","@graph":[{"@type":"WebPage","@id":"https:\/\/tourtravelandmore.com\/es\/tours\/eeuu-es\/tour-privado-de-mt-kenya-desde-nairobi\/","url":"https:\/\/tourtravelandmore.com\/es\/tours\/eeuu-es\/tour-privado-de-mt-kenya-desde-nairobi\/","name":"\u00a1Tour privado al monte Kenia desde Nairobi, conductor-gu\u00eda para una excursi\u00f3n \u00fanica!","isPartOf":{"@id":"https:\/\/tourtravelandmore.com\/es\/#website"},"primaryImageOfPage":{"@id":"https:\/\/tourtravelandmore.com\/es\/tours\/eeuu-es\/tour-privado-de-mt-kenya-desde-nairobi\/#primaryimage"},"image":{"@id":"https:\/\/tourtravelandmore.com\/es\/tours\/eeuu-es\/tour-privado-de-mt-kenya-desde-nairobi\/#primaryimage"},"thumbnailUrl":"https:\/\/tourtravelandmore.com\/wp-content\/uploads\/2021\/01\/Nairobi-3-scaled.jpg","datePublished":"2021-01-20T10:14:03+00:00","dateModified":"2022-01-18T17:59:51+00:00","description":"Explore uno de los lugares m\u00e1s bellos de Kenia: el monte Kenia. \u00a1Te llevaremos a esta experiencia con nuestro tour privado al monte Kenia desde Nairobi!","breadcrumb":{"@id":"https:\/\/tourtravelandmore.com\/es\/tours\/eeuu-es\/tour-privado-de-mt-kenya-desde-nairobi\/#breadcrumb"},"inLanguage":"es","potentialAction":[{"@type":"ReadAction","target":["https:\/\/tourtravelandmore.com\/es\/tours\/eeuu-es\/tour-privado-de-mt-kenya-desde-nairobi\/"]}]},{"@type":"ImageObject","inLanguage":"es","@id":"https:\/\/tourtravelandmore.com\/es\/tours\/eeuu-es\/tour-privado-de-mt-kenya-desde-nairobi\/#primaryimage","url":"https:\/\/tourtravelandmore.com\/wp-content\/uploads\/2021\/01\/Nairobi-3-scaled.jpg","contentUrl":"https:\/\/tourtravelandmore.com\/wp-content\/uploads\/2021\/01\/Nairobi-3-scaled.jpg","width":2560,"height":1713},{"@type":"BreadcrumbList","@id":"https:\/\/tourtravelandmore.com\/es\/tours\/eeuu-es\/tour-privado-de-mt-kenya-desde-nairobi\/#breadcrumb","itemListElement":[{"@type":"ListItem","position":1,"name":"Home","item":"https:\/\/tourtravelandmore.com\/es\/"},{"@type":"ListItem","position":2,"name":"Tours","item":"https:\/\/tourtravelandmore.com\/es\/tours\/"},{"@type":"ListItem","position":3,"name":"Tour Privado de Mt Kenya desde Nairobi"}]},{"@type":"WebSite","@id":"https:\/\/tourtravelandmore.com\/es\/#website","url":"https:\/\/tourtravelandmore.com\/es\/","name":"Tour Travel And More","description":"Private sightseeing tours and luxury transfers in Spain","publisher":{"@id":"https:\/\/tourtravelandmore.com\/es\/#organization"},"potentialAction":[{"@type":"SearchAction","target":{"@type":"EntryPoint","urlTemplate":"https:\/\/tourtravelandmore.com\/es\/?s={search_term_string}"},"query-input":{"@type":"PropertyValueSpecification","valueRequired":true,"valueName":"search_term_string"}}],"inLanguage":"es"},{"@type":"Organization","@id":"https:\/\/tourtravelandmore.com\/es\/#organization","name":"Tour Travel And More","url":"https:\/\/tourtravelandmore.com\/es\/","logo":{"@type":"ImageObject","inLanguage":"es","@id":"https:\/\/tourtravelandmore.com\/es\/#\/schema\/logo\/image\/","url":"https:\/\/tourtravelandmore.com\/wp-content\/uploads\/2022\/12\/cropped-logo-cabecera-new.png","contentUrl":"https:\/\/tourtravelandmore.com\/wp-content\/uploads\/2022\/12\/cropped-logo-cabecera-new.png","width":430,"height":61,"caption":"Tour Travel And More"},"image":{"@id":"https:\/\/tourtravelandmore.com\/es\/#\/schema\/logo\/image\/"},"sameAs":["https:\/\/www.facebook.com\/tourtravelandmore\/","https:\/\/x.com\/TourTravel_More"]}]}},"_links":{"self":[{"href":"https:\/\/tourtravelandmore.com\/es\/wp-json\/wp\/v2\/product\/91498","targetHints":{"allow":["GET"]}}],"collection":[{"href":"https:\/\/tourtravelandmore.com\/es\/wp-json\/wp\/v2\/product"}],"about":[{"href":"https:\/\/tourtravelandmore.com\/es\/wp-json\/wp\/v2\/types\/product"}],"replies":[{"embeddable":true,"href":"https:\/\/tourtravelandmore.com\/es\/wp-json\/wp\/v2\/comments?post=91498"}],"wp:featuredmedia":[{"embeddable":true,"href":"https:\/\/tourtravelandmore.com\/es\/wp-json\/wp\/v2\/media\/91315"}],"wp:attachment":[{"href":"https:\/\/tourtravelandmore.com\/es\/wp-json\/wp\/v2\/media?parent=91498"}],"wp:term":[{"taxonomy":"product_brand","embeddable":true,"href":"https:\/\/tourtravelandmore.com\/es\/wp-json\/wp\/v2\/product_brand?post=91498"},{"taxonomy":"product_cat","embeddable":true,"href":"https:\/\/tourtravelandmore.com\/es\/wp-json\/wp\/v2\/product_cat?post=91498"},{"taxonomy":"product_tag","embeddable":true,"href":"https:\/\/tourtravelandmore.com\/es\/wp-json\/wp\/v2\/product_tag?post=91498"}],"curies":[{"name":"wp","href":"https:\/\/api.w.org\/{rel}","templated":true}]}}