{"id":91465,"date":"2021-01-20T10:40:38","date_gmt":"2021-01-20T09:40:39","guid":{"rendered":"https:\/\/tourtravelandmore.com\/?post_type=product&#038;p=91465"},"modified":"2022-01-18T19:00:02","modified_gmt":"2022-01-18T18:00:02","slug":"tour-privado-de-mombasa","status":"publish","type":"product","link":"https:\/\/tourtravelandmore.com\/es\/tours\/eeuu-es\/tour-privado-de-mombasa\/","title":{"rendered":"Tour Privado de Mombasa"},"content":{"rendered":"<h2>Descripci\u00f3n<\/h2>\n<p>\u00a1Disfruta de este tour privado de Mombasa y explora Mombasa en un tour de d\u00eda completo! Nuestro gu\u00eda tur\u00edstico privado estar\u00e1 en su dispositivo durante la experiencia de d\u00eda completo.<\/p>\n<p>En el sureste de Kenia se encuentra la ciudad de Mombasa. Se puede encontrar junto al Oc\u00e9ano \u00cdndico. La ciudad de Mombasa es conocida como la ciudad blanca y azul que se encuentra en Kenia. Es la segunda ciudad m\u00e1s grande de Kenia, por supuesto despu\u00e9s de Nairobi. Tambi\u00e9n es la ciudad m\u00e1s antigua del pa\u00eds. Mombasa tambi\u00e9n es una ciudad basada en el turismo. \u00a1Tambi\u00e9n hay un puerto y un aeropuerto internacional aqu\u00ed!<\/p>\n<p>Con nuestro gu\u00eda tur\u00edstico privado, explorar\u00e1 en esta experiencia de d\u00eda completo y disfrutar\u00e1 de lo mejor de Mombasa.<\/p>\n<p>Nuestro gu\u00eda tur\u00edstico privado lo recoger\u00e1 de su resort de playa. Organizaremos un recojo temprano alrededor de las 8 am para comenzar este tour privado de Mombasa.<\/p>\n<h2>Puntos de inter\u00e9s y monumentos<\/h2>\n<p>En primer lugar, y siempre despu\u00e9s de una c\u00f3moda recogida, comenzaremos esta divertida experiencia de d\u00eda completo en este tour privado de Mombasa.<\/p>\n<p>Nos dirigiremos hacia el Fuerte Jes\u00fas. Fort Jesus debe su nombre a la flota portuguesa. Esta flota navegaba bajo la bandera de la Orden de Cristo. En esta ciudad, por supuesto, puede encontrar el ejemplo de la arquitectura t\u00edpica swahili. Esta parte de la ciudad tiene un ambiente mucho m\u00e1s tranquilo que el resto de la ciudad.<\/p>\n<p>El centro de cangrejos de Akamba tambi\u00e9n se encuentra aqu\u00ed. Puedes ver a los artesanos trabajando en sus tiendas. Aqu\u00ed tallan objetos decorativos y tambi\u00e9n \u00fatiles hechos de madera esculpida. Realmente es una actividad divertida para todos. \u00a1Tambi\u00e9n puede ver una sala de exposici\u00f3n con exhibiciones!<\/p>\n<p>\u00a1Te recomendaremos d\u00f3nde puedes comer algo en Mombasa hasta que continuemos con el resto del recorrido!<\/p>\n<p>Despu\u00e9s del almuerzo, dir\u00edjase hacia el parque Haller. Se trata de un jard\u00edn zool\u00f3gico de unas 75 hect\u00e1reas. Fue creado en 1985 en el sitio donde hab\u00eda un arrecife de coral formal.<\/p>\n<p>Su gu\u00eda tur\u00edstico privado lo llevar\u00e1 de regreso a su hotel o resort en Mombasa.<\/p>\n<p>Tenemos muchos otros viajes de un d\u00eda y tambi\u00e9n viajes de varios d\u00edas en Kenia. \u00a1Desde Mombasa tambi\u00e9n puedes disfrutar de tours privados a Watamu y Malindi! \u00a1Echa un vistazo a los tours de Kenia aqu\u00ed!<\/p>\n","protected":false},"excerpt":{"rendered":"<p>Explore una ciudad \u00fanica en Kenia: Mombasa. Aproveche nuestro Tour privado de Mombasa y explore esta ciudad junto a su gu\u00eda tur\u00edstico.<\/p>\n","protected":false},"featured_media":91434,"comment_status":"open","ping_status":"closed","template":"","meta":{"_acf_changed":false},"product_brand":[],"product_cat":[3444,1602],"product_tag":[],"class_list":{"0":"post-91465","1":"product","2":"type-product","3":"status-publish","4":"has-post-thumbnail","6":"product_cat-kenia-sp","7":"product_cat-eeuu-es","9":"first","10":"instock","11":"shipping-taxable","12":"purchasable","13":"product-type-simple"},"acf":[],"yoast_head":"<!-- This site is optimized with the Yoast SEO Premium plugin v25.3.1 (Yoast SEO v25.3.1) - https:\/\/yoast.com\/wordpress\/plugins\/seo\/ -->\n<title>Tour privado de Mombasa con conductor-gu\u00eda! Excursi\u00f3n privada de un d\u00eda en Mombasa<\/title>\n<meta name=\"description\" content=\"Explore una ciudad \u00fanica en Kenia: Mombasa. Aproveche nuestro Tour privado de Mombasa y explore esta ciudad junto a su gu\u00eda tur\u00edstico.\" \/>\n<meta name=\"robots\" content=\"index, follow, max-snippet:-1, max-image-preview:large, max-video-preview:-1\" \/>\n<link rel=\"canonical\" href=\"https:\/\/tourtravelandmore.com\/es\/tours\/eeuu-es\/tour-privado-de-mombasa\/\" \/>\n<meta property=\"og:locale\" content=\"es_ES\" \/>\n<meta property=\"og:type\" content=\"article\" \/>\n<meta property=\"og:title\" content=\"Tour Privado de Mombasa\" \/>\n<meta property=\"og:description\" content=\"Explore una ciudad \u00fanica en Kenia: Mombasa. Aproveche nuestro Tour privado de Mombasa y explore esta ciudad junto a su gu\u00eda tur\u00edstico.\" \/>\n<meta property=\"og:url\" content=\"https:\/\/tourtravelandmore.com\/es\/tours\/eeuu-es\/tour-privado-de-mombasa\/\" \/>\n<meta property=\"og:site_name\" content=\"Tour Travel And More\" \/>\n<meta property=\"article:publisher\" content=\"https:\/\/www.facebook.com\/tourtravelandmore\/\" \/>\n<meta property=\"article:modified_time\" content=\"2022-01-18T18:00:02+00:00\" \/>\n<meta property=\"og:image\" content=\"https:\/\/tourtravelandmore.com\/wp-content\/uploads\/2021\/01\/Kenya-9-scaled.jpg\" \/>\n\t<meta property=\"og:image:width\" content=\"1920\" \/>\n\t<meta property=\"og:image:height\" content=\"2560\" \/>\n\t<meta property=\"og:image:type\" content=\"image\/jpeg\" \/>\n<meta name=\"twitter:card\" content=\"summary_large_image\" \/>\n<meta name=\"twitter:site\" content=\"@TourTravel_More\" \/>\n<meta name=\"twitter:label1\" content=\"Tiempo de lectura\" \/>\n\t<meta name=\"twitter:data1\" content=\"2 minutos\" \/>\n<script type=\"application\/ld+json\" class=\"yoast-schema-graph\">{\"@context\":\"https:\/\/schema.org\",\"@graph\":[{\"@type\":\"WebPage\",\"@id\":\"https:\/\/tourtravelandmore.com\/es\/tours\/eeuu-es\/tour-privado-de-mombasa\/\",\"url\":\"https:\/\/tourtravelandmore.com\/es\/tours\/eeuu-es\/tour-privado-de-mombasa\/\",\"name\":\"Tour privado de Mombasa con conductor-gu\u00eda! Excursi\u00f3n privada de un d\u00eda en Mombasa\",\"isPartOf\":{\"@id\":\"https:\/\/tourtravelandmore.com\/es\/#website\"},\"primaryImageOfPage\":{\"@id\":\"https:\/\/tourtravelandmore.com\/es\/tours\/eeuu-es\/tour-privado-de-mombasa\/#primaryimage\"},\"image\":{\"@id\":\"https:\/\/tourtravelandmore.com\/es\/tours\/eeuu-es\/tour-privado-de-mombasa\/#primaryimage\"},\"thumbnailUrl\":\"https:\/\/tourtravelandmore.com\/wp-content\/uploads\/2021\/01\/Kenya-9-scaled.jpg\",\"datePublished\":\"2021-01-20T09:40:39+00:00\",\"dateModified\":\"2022-01-18T18:00:02+00:00\",\"description\":\"Explore una ciudad \u00fanica en Kenia: Mombasa. Aproveche nuestro Tour privado de Mombasa y explore esta ciudad junto a su gu\u00eda tur\u00edstico.\",\"breadcrumb\":{\"@id\":\"https:\/\/tourtravelandmore.com\/es\/tours\/eeuu-es\/tour-privado-de-mombasa\/#breadcrumb\"},\"inLanguage\":\"es\",\"potentialAction\":[{\"@type\":\"ReadAction\",\"target\":[\"https:\/\/tourtravelandmore.com\/es\/tours\/eeuu-es\/tour-privado-de-mombasa\/\"]}]},{\"@type\":\"ImageObject\",\"inLanguage\":\"es\",\"@id\":\"https:\/\/tourtravelandmore.com\/es\/tours\/eeuu-es\/tour-privado-de-mombasa\/#primaryimage\",\"url\":\"https:\/\/tourtravelandmore.com\/wp-content\/uploads\/2021\/01\/Kenya-9-scaled.jpg\",\"contentUrl\":\"https:\/\/tourtravelandmore.com\/wp-content\/uploads\/2021\/01\/Kenya-9-scaled.jpg\",\"width\":1920,\"height\":2560},{\"@type\":\"BreadcrumbList\",\"@id\":\"https:\/\/tourtravelandmore.com\/es\/tours\/eeuu-es\/tour-privado-de-mombasa\/#breadcrumb\",\"itemListElement\":[{\"@type\":\"ListItem\",\"position\":1,\"name\":\"Home\",\"item\":\"https:\/\/tourtravelandmore.com\/es\/\"},{\"@type\":\"ListItem\",\"position\":2,\"name\":\"Tours\",\"item\":\"https:\/\/tourtravelandmore.com\/es\/tours\/\"},{\"@type\":\"ListItem\",\"position\":3,\"name\":\"Tour Privado de Mombasa\"}]},{\"@type\":\"WebSite\",\"@id\":\"https:\/\/tourtravelandmore.com\/es\/#website\",\"url\":\"https:\/\/tourtravelandmore.com\/es\/\",\"name\":\"Tour Travel And More\",\"description\":\"Private sightseeing tours and luxury transfers in Spain\",\"publisher\":{\"@id\":\"https:\/\/tourtravelandmore.com\/es\/#organization\"},\"potentialAction\":[{\"@type\":\"SearchAction\",\"target\":{\"@type\":\"EntryPoint\",\"urlTemplate\":\"https:\/\/tourtravelandmore.com\/es\/?s={search_term_string}\"},\"query-input\":{\"@type\":\"PropertyValueSpecification\",\"valueRequired\":true,\"valueName\":\"search_term_string\"}}],\"inLanguage\":\"es\"},{\"@type\":\"Organization\",\"@id\":\"https:\/\/tourtravelandmore.com\/es\/#organization\",\"name\":\"Tour Travel And More\",\"url\":\"https:\/\/tourtravelandmore.com\/es\/\",\"logo\":{\"@type\":\"ImageObject\",\"inLanguage\":\"es\",\"@id\":\"https:\/\/tourtravelandmore.com\/es\/#\/schema\/logo\/image\/\",\"url\":\"https:\/\/tourtravelandmore.com\/wp-content\/uploads\/2022\/12\/cropped-logo-cabecera-new.png\",\"contentUrl\":\"https:\/\/tourtravelandmore.com\/wp-content\/uploads\/2022\/12\/cropped-logo-cabecera-new.png\",\"width\":430,\"height\":61,\"caption\":\"Tour Travel And More\"},\"image\":{\"@id\":\"https:\/\/tourtravelandmore.com\/es\/#\/schema\/logo\/image\/\"},\"sameAs\":[\"https:\/\/www.facebook.com\/tourtravelandmore\/\",\"https:\/\/x.com\/TourTravel_More\"]}]}<\/script>\n<!-- \/ Yoast SEO Premium plugin. -->","yoast_head_json":{"title":"Tour privado de Mombasa con conductor-gu\u00eda! Excursi\u00f3n privada de un d\u00eda en Mombasa","description":"Explore una ciudad \u00fanica en Kenia: Mombasa. Aproveche nuestro Tour privado de Mombasa y explore esta ciudad junto a su gu\u00eda tur\u00edstico.","robots":{"index":"index","follow":"follow","max-snippet":"max-snippet:-1","max-image-preview":"max-image-preview:large","max-video-preview":"max-video-preview:-1"},"canonical":"https:\/\/tourtravelandmore.com\/es\/tours\/eeuu-es\/tour-privado-de-mombasa\/","og_locale":"es_ES","og_type":"article","og_title":"Tour Privado de Mombasa","og_description":"Explore una ciudad \u00fanica en Kenia: Mombasa. Aproveche nuestro Tour privado de Mombasa y explore esta ciudad junto a su gu\u00eda tur\u00edstico.","og_url":"https:\/\/tourtravelandmore.com\/es\/tours\/eeuu-es\/tour-privado-de-mombasa\/","og_site_name":"Tour Travel And More","article_publisher":"https:\/\/www.facebook.com\/tourtravelandmore\/","article_modified_time":"2022-01-18T18:00:02+00:00","og_image":[{"width":1920,"height":2560,"url":"https:\/\/tourtravelandmore.com\/wp-content\/uploads\/2021\/01\/Kenya-9-scaled.jpg","type":"image\/jpeg"}],"twitter_card":"summary_large_image","twitter_site":"@TourTravel_More","twitter_misc":{"Tiempo de lectura":"2 minutos"},"schema":{"@context":"https:\/\/schema.org","@graph":[{"@type":"WebPage","@id":"https:\/\/tourtravelandmore.com\/es\/tours\/eeuu-es\/tour-privado-de-mombasa\/","url":"https:\/\/tourtravelandmore.com\/es\/tours\/eeuu-es\/tour-privado-de-mombasa\/","name":"Tour privado de Mombasa con conductor-gu\u00eda! Excursi\u00f3n privada de un d\u00eda en Mombasa","isPartOf":{"@id":"https:\/\/tourtravelandmore.com\/es\/#website"},"primaryImageOfPage":{"@id":"https:\/\/tourtravelandmore.com\/es\/tours\/eeuu-es\/tour-privado-de-mombasa\/#primaryimage"},"image":{"@id":"https:\/\/tourtravelandmore.com\/es\/tours\/eeuu-es\/tour-privado-de-mombasa\/#primaryimage"},"thumbnailUrl":"https:\/\/tourtravelandmore.com\/wp-content\/uploads\/2021\/01\/Kenya-9-scaled.jpg","datePublished":"2021-01-20T09:40:39+00:00","dateModified":"2022-01-18T18:00:02+00:00","description":"Explore una ciudad \u00fanica en Kenia: Mombasa. Aproveche nuestro Tour privado de Mombasa y explore esta ciudad junto a su gu\u00eda tur\u00edstico.","breadcrumb":{"@id":"https:\/\/tourtravelandmore.com\/es\/tours\/eeuu-es\/tour-privado-de-mombasa\/#breadcrumb"},"inLanguage":"es","potentialAction":[{"@type":"ReadAction","target":["https:\/\/tourtravelandmore.com\/es\/tours\/eeuu-es\/tour-privado-de-mombasa\/"]}]},{"@type":"ImageObject","inLanguage":"es","@id":"https:\/\/tourtravelandmore.com\/es\/tours\/eeuu-es\/tour-privado-de-mombasa\/#primaryimage","url":"https:\/\/tourtravelandmore.com\/wp-content\/uploads\/2021\/01\/Kenya-9-scaled.jpg","contentUrl":"https:\/\/tourtravelandmore.com\/wp-content\/uploads\/2021\/01\/Kenya-9-scaled.jpg","width":1920,"height":2560},{"@type":"BreadcrumbList","@id":"https:\/\/tourtravelandmore.com\/es\/tours\/eeuu-es\/tour-privado-de-mombasa\/#breadcrumb","itemListElement":[{"@type":"ListItem","position":1,"name":"Home","item":"https:\/\/tourtravelandmore.com\/es\/"},{"@type":"ListItem","position":2,"name":"Tours","item":"https:\/\/tourtravelandmore.com\/es\/tours\/"},{"@type":"ListItem","position":3,"name":"Tour Privado de Mombasa"}]},{"@type":"WebSite","@id":"https:\/\/tourtravelandmore.com\/es\/#website","url":"https:\/\/tourtravelandmore.com\/es\/","name":"Tour Travel And More","description":"Private sightseeing tours and luxury transfers in Spain","publisher":{"@id":"https:\/\/tourtravelandmore.com\/es\/#organization"},"potentialAction":[{"@type":"SearchAction","target":{"@type":"EntryPoint","urlTemplate":"https:\/\/tourtravelandmore.com\/es\/?s={search_term_string}"},"query-input":{"@type":"PropertyValueSpecification","valueRequired":true,"valueName":"search_term_string"}}],"inLanguage":"es"},{"@type":"Organization","@id":"https:\/\/tourtravelandmore.com\/es\/#organization","name":"Tour Travel And More","url":"https:\/\/tourtravelandmore.com\/es\/","logo":{"@type":"ImageObject","inLanguage":"es","@id":"https:\/\/tourtravelandmore.com\/es\/#\/schema\/logo\/image\/","url":"https:\/\/tourtravelandmore.com\/wp-content\/uploads\/2022\/12\/cropped-logo-cabecera-new.png","contentUrl":"https:\/\/tourtravelandmore.com\/wp-content\/uploads\/2022\/12\/cropped-logo-cabecera-new.png","width":430,"height":61,"caption":"Tour Travel And More"},"image":{"@id":"https:\/\/tourtravelandmore.com\/es\/#\/schema\/logo\/image\/"},"sameAs":["https:\/\/www.facebook.com\/tourtravelandmore\/","https:\/\/x.com\/TourTravel_More"]}]}},"_links":{"self":[{"href":"https:\/\/tourtravelandmore.com\/es\/wp-json\/wp\/v2\/product\/91465","targetHints":{"allow":["GET"]}}],"collection":[{"href":"https:\/\/tourtravelandmore.com\/es\/wp-json\/wp\/v2\/product"}],"about":[{"href":"https:\/\/tourtravelandmore.com\/es\/wp-json\/wp\/v2\/types\/product"}],"replies":[{"embeddable":true,"href":"https:\/\/tourtravelandmore.com\/es\/wp-json\/wp\/v2\/comments?post=91465"}],"wp:featuredmedia":[{"embeddable":true,"href":"https:\/\/tourtravelandmore.com\/es\/wp-json\/wp\/v2\/media\/91434"}],"wp:attachment":[{"href":"https:\/\/tourtravelandmore.com\/es\/wp-json\/wp\/v2\/media?parent=91465"}],"wp:term":[{"taxonomy":"product_brand","embeddable":true,"href":"https:\/\/tourtravelandmore.com\/es\/wp-json\/wp\/v2\/product_brand?post=91465"},{"taxonomy":"product_cat","embeddable":true,"href":"https:\/\/tourtravelandmore.com\/es\/wp-json\/wp\/v2\/product_cat?post=91465"},{"taxonomy":"product_tag","embeddable":true,"href":"https:\/\/tourtravelandmore.com\/es\/wp-json\/wp\/v2\/product_tag?post=91465"}],"curies":[{"name":"wp","href":"https:\/\/api.w.org\/{rel}","templated":true}]}}