{"id":9145,"date":"2016-11-10T11:01:56","date_gmt":"2016-11-11T10:02:47","guid":{"rendered":"http:\/\/tourtravelandmore.com\/es\/?post_type=product&#038;p=9145"},"modified":"2023-12-04T14:44:09","modified_gmt":"2023-12-04T13:44:09","slug":"tour-privado-kennedy-space-center-tour-privado-desde-miami","status":"publish","type":"product","link":"https:\/\/tourtravelandmore.com\/es\/tours\/eeuu-es\/miami-es\/tour-privado-kennedy-space-center-tour-privado-desde-miami\/","title":{"rendered":"Tour privado a Kennedy Space center"},"content":{"rendered":"<h2>Descripci\u00f3n:<\/h2>\n<p>Este <strong>tour privado Kennedy Space center<\/strong> es una actividad maravillosa no solo para ni\u00f1os sino para los m\u00e1s aventureros e interesados en el espacio.<\/p>\n<p>La duraci\u00f3n de tour privado Kennedy Space Center son 12 horas.<\/p>\n<p>El transporte para llegar al centro espacial y volver es privado, una ves que estamos ah\u00ed, el Tour del centro espacial es un grupo reducido, ya que no permiten visitas privadas dentro del centro. Las entradas est\u00e1n incluidas en el precio del tour, para evitar colas y esperas.<\/p>\n<p>Podemos recogerle desde cualquier lugar en Miami, no dude en escribirnos en el formulario de contacto, somos muy r\u00e1pidos en responder.<\/p>\n<h2>Puntos de inter\u00e9s:<\/h2>\n<p><img fetchpriority=\"high\" decoding=\"async\" class=\"alignnone wp-image-106624 size-large\" src=\"https:\/\/tourtravelandmore.com\/wp-content\/uploads\/2016\/11\/Disen\u0303o-sin-ti\u0301tulo-3-1024x576.png\" alt=\"\" width=\"1024\" height=\"576\" srcset=\"https:\/\/tourtravelandmore.com\/wp-content\/uploads\/2016\/11\/Disen\u0303o-sin-ti\u0301tulo-3-1024x576.png 1024w, https:\/\/tourtravelandmore.com\/wp-content\/uploads\/2016\/11\/Disen\u0303o-sin-ti\u0301tulo-3-300x169.png 300w, https:\/\/tourtravelandmore.com\/wp-content\/uploads\/2016\/11\/Disen\u0303o-sin-ti\u0301tulo-3-768x432.png 768w, https:\/\/tourtravelandmore.com\/wp-content\/uploads\/2016\/11\/Disen\u0303o-sin-ti\u0301tulo-3-1536x864.png 1536w, https:\/\/tourtravelandmore.com\/wp-content\/uploads\/2016\/11\/Disen\u0303o-sin-ti\u0301tulo-3-680x383.png 680w, https:\/\/tourtravelandmore.com\/wp-content\/uploads\/2016\/11\/Disen\u0303o-sin-ti\u0301tulo-3-595x335.png 595w, https:\/\/tourtravelandmore.com\/wp-content\/uploads\/2016\/11\/Disen\u0303o-sin-ti\u0301tulo-3.png 1920w\" sizes=\"(max-width: 1024px) 100vw, 1024px\" \/><\/p>\n<p>Una vez lleguemos al <a href=\"https:\/\/www.kennedyspacecenter.com\/\" target=\"_blank\" rel=\"noopener\">Kennedy Space Center<\/a> nuestro chofer\/gu\u00eda le entregar\u00e1n las entradas para que usted pueda acceder y empezar el tour en un grupo reducido.<\/p>\n<p><span class=\"\">El Complejo de Visitantes del Centro Espacial Kennedy est\u00e1 organizado en Zonas de las diferentes Misi\u00f3n, donde las atracciones y recorridos se agrupan por era cronol\u00f3gica. <\/span><span class=\"\">Desde los inicios de la exploraci\u00f3n espacial hasta las misiones actuales y en curso.<\/span><\/p>\n<p><span class=\"\">Puede obtener una visi\u00f3n cercana y pr\u00e1ctica de la historia de los humanos en el espacio.\u00a0<\/span><\/p>\n<p>Podremos acceder y visitar:<\/p>\n<ul>\n<li><em><strong><span class=\"\">Heroes and Legends con el Sal\u00f3n de la Fama del Astronauta de EE. UU. <\/span><sup><span class=\"\">\u00ae<\/span><\/sup><\/strong><\/em><\/li>\n<li><em><strong>Rocket Garden<\/strong><\/em><\/li>\n<li><em><strong>Naturaleza y tecnolog\u00eda<\/strong><\/em><\/li>\n<li><em><strong>Transbordador espacial Atlantis <sup>\u00ae<\/sup> con Shuttle Launch Experience <sup>\u00ae<\/sup><\/strong><\/em><\/li>\n<li><em><strong>NASA Now<\/strong><\/em><\/li>\n<li><em><strong>Viaje a Marte: se buscan exploradores<\/strong><\/em><\/li>\n<li><em><strong>Teatro del universo<\/strong><\/em><\/li>\n<li><em><strong>Teatro IMAX<\/strong><\/em><\/li>\n<li><em><strong>Domo de juegos para ni\u00f1os<\/strong><\/em><\/li>\n<li><em><strong>Apariciones de personajes<\/strong><\/em><\/li>\n<li><em><strong>Oportunidades fotogr\u00e1ficas adicionales ubicadas en el Atlantis West Pavilion.<\/strong><\/em><\/li>\n<\/ul>\n<p><span class=\"goog-text-highlight\">Si se produce un lanzamiento de un cohete dentro de las horas de funcionamiento de KSCVC, los invitados pueden ver el lanzamiento desde el complejo principal de visitantes.<\/span><\/p>\n<p>Vivir\u00e1 una experiencia \u00fanica y disfrutar\u00e1 junto a su familia de una actividad para ni\u00f1os y le ayudar\u00e1 el tour a entender los inicios de la humanidad en el espacio.<\/p>\n<p>Adem\u00e1s de este tour privado Kennedy Space center, puedes consultar el resto de tours privados<strong>\u00a0<\/strong><span style=\"color: #0000ee;\"><b><u>aqu\u00ed<\/u><\/b><\/span>\u00a0que ofrecemos en Miami.<\/p>\n<p>&nbsp;<\/p>\n","protected":false},"excerpt":{"rendered":"<p>Disfrute una excursi\u00f3n desde Miami al <strong>Centro Espacial Kennedy<\/strong>. Aproveche la oportunidad de visitar este maravilloso sitio, ubicado en Cabo Ca\u00f1averal, y aprende los secretos del espacio junto al equipo de NASA.<\/p>\n","protected":false},"featured_media":171432,"comment_status":"open","ping_status":"closed","template":"","meta":{"_acf_changed":false},"product_brand":[],"product_cat":[1602,333,334,336,335],"product_tag":[],"class_list":{"0":"post-9145","1":"product","2":"type-product","3":"status-publish","4":"has-post-thumbnail","6":"product_cat-eeuu-es","7":"product_cat-miami-es","8":"product_cat-miami-actividades-es","9":"product_cat-miami-rutas-turisticas-privadas-es","10":"product_cat-miami-excursiones-es","12":"first","13":"instock","14":"shipping-taxable","15":"purchasable","16":"product-type-simple"},"acf":[],"yoast_head":"<!-- This site is optimized with the Yoast SEO Premium plugin v25.3.1 (Yoast SEO v25.3.1) - https:\/\/yoast.com\/wordpress\/plugins\/seo\/ -->\n<title>Tour privado Kennedy Space Center - Tour privado desde Miami<\/title>\n<meta name=\"description\" content=\"Descubra gracias al tour privado Kennedy Space Center, la historia de la humanidad en el espacio desde sus inicios, sus misiones antiguas y actuales.\" \/>\n<meta name=\"robots\" content=\"index, follow, max-snippet:-1, max-image-preview:large, max-video-preview:-1\" \/>\n<link rel=\"canonical\" href=\"https:\/\/tourtravelandmore.com\/es\/tours\/eeuu-es\/miami-es\/tour-privado-kennedy-space-center-tour-privado-desde-miami\/\" \/>\n<meta property=\"og:locale\" content=\"es_ES\" \/>\n<meta property=\"og:type\" content=\"article\" \/>\n<meta property=\"og:title\" content=\"Tour privado a Kennedy Space center\" \/>\n<meta property=\"og:description\" content=\"Descubra gracias al tour privado Kennedy Space Center, la historia de la humanidad en el espacio desde sus inicios, sus misiones antiguas y actuales.\" \/>\n<meta property=\"og:url\" content=\"https:\/\/tourtravelandmore.com\/es\/tours\/eeuu-es\/miami-es\/tour-privado-kennedy-space-center-tour-privado-desde-miami\/\" \/>\n<meta property=\"og:site_name\" content=\"Tour Travel And More\" \/>\n<meta property=\"article:publisher\" content=\"https:\/\/www.facebook.com\/tourtravelandmore\/\" \/>\n<meta property=\"article:modified_time\" content=\"2023-12-04T13:44:09+00:00\" \/>\n<meta property=\"og:image\" content=\"https:\/\/tourtravelandmore.com\/wp-content\/uploads\/2016\/11\/VAB_and_SLS.jpg\" \/>\n\t<meta property=\"og:image:width\" content=\"1200\" \/>\n\t<meta property=\"og:image:height\" content=\"800\" \/>\n\t<meta property=\"og:image:type\" content=\"image\/jpeg\" \/>\n<meta name=\"twitter:card\" content=\"summary_large_image\" \/>\n<meta name=\"twitter:site\" content=\"@TourTravel_More\" \/>\n<meta name=\"twitter:label1\" content=\"Tiempo de lectura\" \/>\n\t<meta name=\"twitter:data1\" content=\"2 minutos\" \/>\n<script type=\"application\/ld+json\" class=\"yoast-schema-graph\">{\"@context\":\"https:\/\/schema.org\",\"@graph\":[{\"@type\":\"WebPage\",\"@id\":\"https:\/\/tourtravelandmore.com\/es\/tours\/eeuu-es\/miami-es\/tour-privado-kennedy-space-center-tour-privado-desde-miami\/\",\"url\":\"https:\/\/tourtravelandmore.com\/es\/tours\/eeuu-es\/miami-es\/tour-privado-kennedy-space-center-tour-privado-desde-miami\/\",\"name\":\"Tour privado Kennedy Space Center - Tour privado desde Miami\",\"isPartOf\":{\"@id\":\"https:\/\/tourtravelandmore.com\/es\/#website\"},\"primaryImageOfPage\":{\"@id\":\"https:\/\/tourtravelandmore.com\/es\/tours\/eeuu-es\/miami-es\/tour-privado-kennedy-space-center-tour-privado-desde-miami\/#primaryimage\"},\"image\":{\"@id\":\"https:\/\/tourtravelandmore.com\/es\/tours\/eeuu-es\/miami-es\/tour-privado-kennedy-space-center-tour-privado-desde-miami\/#primaryimage\"},\"thumbnailUrl\":\"https:\/\/tourtravelandmore.com\/wp-content\/uploads\/2016\/11\/VAB_and_SLS.jpg\",\"datePublished\":\"2016-11-11T10:02:47+00:00\",\"dateModified\":\"2023-12-04T13:44:09+00:00\",\"description\":\"Descubra gracias al tour privado Kennedy Space Center, la historia de la humanidad en el espacio desde sus inicios, sus misiones antiguas y actuales.\",\"breadcrumb\":{\"@id\":\"https:\/\/tourtravelandmore.com\/es\/tours\/eeuu-es\/miami-es\/tour-privado-kennedy-space-center-tour-privado-desde-miami\/#breadcrumb\"},\"inLanguage\":\"es\",\"potentialAction\":[{\"@type\":\"ReadAction\",\"target\":[\"https:\/\/tourtravelandmore.com\/es\/tours\/eeuu-es\/miami-es\/tour-privado-kennedy-space-center-tour-privado-desde-miami\/\"]}]},{\"@type\":\"ImageObject\",\"inLanguage\":\"es\",\"@id\":\"https:\/\/tourtravelandmore.com\/es\/tours\/eeuu-es\/miami-es\/tour-privado-kennedy-space-center-tour-privado-desde-miami\/#primaryimage\",\"url\":\"https:\/\/tourtravelandmore.com\/wp-content\/uploads\/2016\/11\/VAB_and_SLS.jpg\",\"contentUrl\":\"https:\/\/tourtravelandmore.com\/wp-content\/uploads\/2016\/11\/VAB_and_SLS.jpg\",\"width\":1200,\"height\":800,\"caption\":\"NASA\u2019s Moon rocket is on the move at the agency\u2019s Kennedy Space Center in Florida, rolling out of the Vehicle Assembly Building for a 4.2-mile journey to Launch Complex 39B on March 17, 2022. Carried atop the crawler-transporter 2, the Space Launch System (SLS) rocket and Orion spacecraft are venturing to the pad for a wet dress rehearsal ahead of the uncrewed Artemis I launch. The first in an increasingly complex set of missions, Artemis I will test SLS and Orion as an integrated system prior to crewed flights to the Moon. Through Artemis, NASA will land the first woman and the first person of color on the lunar surface, paving the way for a long-term lunar presence and serving as a steppingstone on the way to Mars.\"},{\"@type\":\"BreadcrumbList\",\"@id\":\"https:\/\/tourtravelandmore.com\/es\/tours\/eeuu-es\/miami-es\/tour-privado-kennedy-space-center-tour-privado-desde-miami\/#breadcrumb\",\"itemListElement\":[{\"@type\":\"ListItem\",\"position\":1,\"name\":\"Home\",\"item\":\"https:\/\/tourtravelandmore.com\/es\/\"},{\"@type\":\"ListItem\",\"position\":2,\"name\":\"Tours\",\"item\":\"https:\/\/tourtravelandmore.com\/es\/tours\/\"},{\"@type\":\"ListItem\",\"position\":3,\"name\":\"Tour privado a Kennedy Space center\"}]},{\"@type\":\"WebSite\",\"@id\":\"https:\/\/tourtravelandmore.com\/es\/#website\",\"url\":\"https:\/\/tourtravelandmore.com\/es\/\",\"name\":\"Tour Travel And More\",\"description\":\"Private sightseeing tours and luxury transfers in Spain\",\"publisher\":{\"@id\":\"https:\/\/tourtravelandmore.com\/es\/#organization\"},\"potentialAction\":[{\"@type\":\"SearchAction\",\"target\":{\"@type\":\"EntryPoint\",\"urlTemplate\":\"https:\/\/tourtravelandmore.com\/es\/?s={search_term_string}\"},\"query-input\":{\"@type\":\"PropertyValueSpecification\",\"valueRequired\":true,\"valueName\":\"search_term_string\"}}],\"inLanguage\":\"es\"},{\"@type\":\"Organization\",\"@id\":\"https:\/\/tourtravelandmore.com\/es\/#organization\",\"name\":\"Tour Travel And More\",\"url\":\"https:\/\/tourtravelandmore.com\/es\/\",\"logo\":{\"@type\":\"ImageObject\",\"inLanguage\":\"es\",\"@id\":\"https:\/\/tourtravelandmore.com\/es\/#\/schema\/logo\/image\/\",\"url\":\"https:\/\/tourtravelandmore.com\/wp-content\/uploads\/2022\/12\/cropped-logo-cabecera-new.png\",\"contentUrl\":\"https:\/\/tourtravelandmore.com\/wp-content\/uploads\/2022\/12\/cropped-logo-cabecera-new.png\",\"width\":430,\"height\":61,\"caption\":\"Tour Travel And More\"},\"image\":{\"@id\":\"https:\/\/tourtravelandmore.com\/es\/#\/schema\/logo\/image\/\"},\"sameAs\":[\"https:\/\/www.facebook.com\/tourtravelandmore\/\",\"https:\/\/x.com\/TourTravel_More\"]}]}<\/script>\n<!-- \/ Yoast SEO Premium plugin. -->","yoast_head_json":{"title":"Tour privado Kennedy Space Center - Tour privado desde Miami","description":"Descubra gracias al tour privado Kennedy Space Center, la historia de la humanidad en el espacio desde sus inicios, sus misiones antiguas y actuales.","robots":{"index":"index","follow":"follow","max-snippet":"max-snippet:-1","max-image-preview":"max-image-preview:large","max-video-preview":"max-video-preview:-1"},"canonical":"https:\/\/tourtravelandmore.com\/es\/tours\/eeuu-es\/miami-es\/tour-privado-kennedy-space-center-tour-privado-desde-miami\/","og_locale":"es_ES","og_type":"article","og_title":"Tour privado a Kennedy Space center","og_description":"Descubra gracias al tour privado Kennedy Space Center, la historia de la humanidad en el espacio desde sus inicios, sus misiones antiguas y actuales.","og_url":"https:\/\/tourtravelandmore.com\/es\/tours\/eeuu-es\/miami-es\/tour-privado-kennedy-space-center-tour-privado-desde-miami\/","og_site_name":"Tour Travel And More","article_publisher":"https:\/\/www.facebook.com\/tourtravelandmore\/","article_modified_time":"2023-12-04T13:44:09+00:00","og_image":[{"width":1200,"height":800,"url":"https:\/\/tourtravelandmore.com\/wp-content\/uploads\/2016\/11\/VAB_and_SLS.jpg","type":"image\/jpeg"}],"twitter_card":"summary_large_image","twitter_site":"@TourTravel_More","twitter_misc":{"Tiempo de lectura":"2 minutos"},"schema":{"@context":"https:\/\/schema.org","@graph":[{"@type":"WebPage","@id":"https:\/\/tourtravelandmore.com\/es\/tours\/eeuu-es\/miami-es\/tour-privado-kennedy-space-center-tour-privado-desde-miami\/","url":"https:\/\/tourtravelandmore.com\/es\/tours\/eeuu-es\/miami-es\/tour-privado-kennedy-space-center-tour-privado-desde-miami\/","name":"Tour privado Kennedy Space Center - Tour privado desde Miami","isPartOf":{"@id":"https:\/\/tourtravelandmore.com\/es\/#website"},"primaryImageOfPage":{"@id":"https:\/\/tourtravelandmore.com\/es\/tours\/eeuu-es\/miami-es\/tour-privado-kennedy-space-center-tour-privado-desde-miami\/#primaryimage"},"image":{"@id":"https:\/\/tourtravelandmore.com\/es\/tours\/eeuu-es\/miami-es\/tour-privado-kennedy-space-center-tour-privado-desde-miami\/#primaryimage"},"thumbnailUrl":"https:\/\/tourtravelandmore.com\/wp-content\/uploads\/2016\/11\/VAB_and_SLS.jpg","datePublished":"2016-11-11T10:02:47+00:00","dateModified":"2023-12-04T13:44:09+00:00","description":"Descubra gracias al tour privado Kennedy Space Center, la historia de la humanidad en el espacio desde sus inicios, sus misiones antiguas y actuales.","breadcrumb":{"@id":"https:\/\/tourtravelandmore.com\/es\/tours\/eeuu-es\/miami-es\/tour-privado-kennedy-space-center-tour-privado-desde-miami\/#breadcrumb"},"inLanguage":"es","potentialAction":[{"@type":"ReadAction","target":["https:\/\/tourtravelandmore.com\/es\/tours\/eeuu-es\/miami-es\/tour-privado-kennedy-space-center-tour-privado-desde-miami\/"]}]},{"@type":"ImageObject","inLanguage":"es","@id":"https:\/\/tourtravelandmore.com\/es\/tours\/eeuu-es\/miami-es\/tour-privado-kennedy-space-center-tour-privado-desde-miami\/#primaryimage","url":"https:\/\/tourtravelandmore.com\/wp-content\/uploads\/2016\/11\/VAB_and_SLS.jpg","contentUrl":"https:\/\/tourtravelandmore.com\/wp-content\/uploads\/2016\/11\/VAB_and_SLS.jpg","width":1200,"height":800,"caption":"NASA\u2019s Moon rocket is on the move at the agency\u2019s Kennedy Space Center in Florida, rolling out of the Vehicle Assembly Building for a 4.2-mile journey to Launch Complex 39B on March 17, 2022. Carried atop the crawler-transporter 2, the Space Launch System (SLS) rocket and Orion spacecraft are venturing to the pad for a wet dress rehearsal ahead of the uncrewed Artemis I launch. The first in an increasingly complex set of missions, Artemis I will test SLS and Orion as an integrated system prior to crewed flights to the Moon. Through Artemis, NASA will land the first woman and the first person of color on the lunar surface, paving the way for a long-term lunar presence and serving as a steppingstone on the way to Mars."},{"@type":"BreadcrumbList","@id":"https:\/\/tourtravelandmore.com\/es\/tours\/eeuu-es\/miami-es\/tour-privado-kennedy-space-center-tour-privado-desde-miami\/#breadcrumb","itemListElement":[{"@type":"ListItem","position":1,"name":"Home","item":"https:\/\/tourtravelandmore.com\/es\/"},{"@type":"ListItem","position":2,"name":"Tours","item":"https:\/\/tourtravelandmore.com\/es\/tours\/"},{"@type":"ListItem","position":3,"name":"Tour privado a Kennedy Space center"}]},{"@type":"WebSite","@id":"https:\/\/tourtravelandmore.com\/es\/#website","url":"https:\/\/tourtravelandmore.com\/es\/","name":"Tour Travel And More","description":"Private sightseeing tours and luxury transfers in Spain","publisher":{"@id":"https:\/\/tourtravelandmore.com\/es\/#organization"},"potentialAction":[{"@type":"SearchAction","target":{"@type":"EntryPoint","urlTemplate":"https:\/\/tourtravelandmore.com\/es\/?s={search_term_string}"},"query-input":{"@type":"PropertyValueSpecification","valueRequired":true,"valueName":"search_term_string"}}],"inLanguage":"es"},{"@type":"Organization","@id":"https:\/\/tourtravelandmore.com\/es\/#organization","name":"Tour Travel And More","url":"https:\/\/tourtravelandmore.com\/es\/","logo":{"@type":"ImageObject","inLanguage":"es","@id":"https:\/\/tourtravelandmore.com\/es\/#\/schema\/logo\/image\/","url":"https:\/\/tourtravelandmore.com\/wp-content\/uploads\/2022\/12\/cropped-logo-cabecera-new.png","contentUrl":"https:\/\/tourtravelandmore.com\/wp-content\/uploads\/2022\/12\/cropped-logo-cabecera-new.png","width":430,"height":61,"caption":"Tour Travel And More"},"image":{"@id":"https:\/\/tourtravelandmore.com\/es\/#\/schema\/logo\/image\/"},"sameAs":["https:\/\/www.facebook.com\/tourtravelandmore\/","https:\/\/x.com\/TourTravel_More"]}]}},"_links":{"self":[{"href":"https:\/\/tourtravelandmore.com\/es\/wp-json\/wp\/v2\/product\/9145","targetHints":{"allow":["GET"]}}],"collection":[{"href":"https:\/\/tourtravelandmore.com\/es\/wp-json\/wp\/v2\/product"}],"about":[{"href":"https:\/\/tourtravelandmore.com\/es\/wp-json\/wp\/v2\/types\/product"}],"replies":[{"embeddable":true,"href":"https:\/\/tourtravelandmore.com\/es\/wp-json\/wp\/v2\/comments?post=9145"}],"wp:featuredmedia":[{"embeddable":true,"href":"https:\/\/tourtravelandmore.com\/es\/wp-json\/wp\/v2\/media\/171432"}],"wp:attachment":[{"href":"https:\/\/tourtravelandmore.com\/es\/wp-json\/wp\/v2\/media?parent=9145"}],"wp:term":[{"taxonomy":"product_brand","embeddable":true,"href":"https:\/\/tourtravelandmore.com\/es\/wp-json\/wp\/v2\/product_brand?post=9145"},{"taxonomy":"product_cat","embeddable":true,"href":"https:\/\/tourtravelandmore.com\/es\/wp-json\/wp\/v2\/product_cat?post=9145"},{"taxonomy":"product_tag","embeddable":true,"href":"https:\/\/tourtravelandmore.com\/es\/wp-json\/wp\/v2\/product_tag?post=9145"}],"curies":[{"name":"wp","href":"https:\/\/api.w.org\/{rel}","templated":true}]}}