{"id":91442,"date":"2021-01-20T10:21:38","date_gmt":"2021-01-20T09:21:39","guid":{"rendered":"https:\/\/tourtravelandmore.com\/?post_type=product&#038;p=91442"},"modified":"2021-01-20T10:39:52","modified_gmt":"2021-01-20T09:39:52","slug":"tour-privado-malindi-y-watamu-desde-mombasa","status":"publish","type":"product","link":"https:\/\/tourtravelandmore.com\/es\/tours\/eeuu-es\/tour-privado-malindi-y-watamu-desde-mombasa\/","title":{"rendered":"Tour Privado Malindi y Watamu desde Mombasa"},"content":{"rendered":"<h2>Descripci\u00f3n<\/h2>\n<p>\u00a1Tome este tour privado de d\u00eda completo a Malindi y Watamu desde Mombasa y disfrute de una gran experiencia!<\/p>\n<p>Para este tour privado, comenzaremos recogi\u00e9ndolo en su hotel o resort en Mombasa. Para este tour privado, organizaremos la recogida alrededor de las 6 a.m. Si prefiere otro momento, h\u00e1ganoslo saber.<\/p>\n<p>Despu\u00e9s de que lo hayamos recogido, comenzaremos este tour privado de Malindi y Watamu desde Mombasa.<\/p>\n<p>Watamu es una ciudad ubicada no muy lejos de Malindi, a solo unos 15-20 km y tambi\u00e9n a unos 100 km de Mombasa. Es muy importante para el turismo y para Malindi. Malindi se puede encontrar en la bah\u00eda de Malindi. Ambas ciudades est\u00e1n cerca del Oc\u00e9ano \u00cdndico y son conocidas por ser dos lugares hermosos en Kenia.<\/p>\n<p>\u00a1Realice nuestro tour privado de Malindi y Watamu desde Mombasa para conocer estos dos sitios incre\u00edbles!<\/p>\n<h2>Puntos de inter\u00e9s y monumentos<\/h2>\n<p>En primer lugar, como todos nuestros tours privados, organizaremos una recogida c\u00f3moda desde su resort en Mombasa.<\/p>\n<p>En segundo lugar, lo llevaremos a visitar el bosque Arabuko Sokoke. En este lugar, podr\u00e1 descubrir el bosque costero m\u00e1s grande e intacto de \u00c1frica Oriental. \u00bfPuedes creer que puedes encontrar el 20% de las especies de aves de Kenia? Tambi\u00e9n puede encontrar un 30% de especies de mariposas, as\u00ed como 24 especies de aves, mam\u00edferos y mariposas raras y end\u00e9micas.<\/p>\n<p>Una vez que hayamos visitado el bosque de ARabuko Sokoke, nos dirigiremos hacia las ruinas de Gede. Este es un vasto complejo de restos de una ciudad suajili. Los or\u00edgenes se remontan al siglo XII. Fue reconstruida con nuevas murallas en los siglos XV y XVI.<\/p>\n<p>Disfrute del museo que se encuentra all\u00ed. Puede observar y explorar las ruinas, mezquitas y magn\u00edficos palacios y casas. Este se encuentra en el \u00e1rea 45 de bosque tropical.<\/p>\n<p>Justo al lado se encuentra el Proyecto Mariposa Kipepeo. Despu\u00e9s de ver todo esto, lo llevaremos a Malindi para almorzar.<\/p>\n<p>Despu\u00e9s de un bocado r\u00e1pido, disfrutaremos de un recorrido por Malindi.<\/p>\n<p>Pasearemos por las hermosas calles y tambi\u00e9n tendremos una vista de casas centenarias. Iremos a visitar la Iglesia de San Francisco Javier. Caminar\u00e1s por la ciudad y aprender\u00e1s la historia, adem\u00e1s de visitar el Vasco de Gama Pilar.<\/p>\n<p>Despu\u00e9s de esto, lo llevaremos de regreso a su hotel o resort en Mombasa.<\/p>\n<p>Eche un vistazo a todos los dem\u00e1s tours privados que podemos ofrecerle en Kenia. \u00a1Tenga en cuenta que podemos organizar excursiones privadas en cualquier ciudad del mundo para usted!<\/p>\n","protected":false},"excerpt":{"rendered":"<p>Explore dos de las ciudades m\u00e1s bellas de Kenia. Disfrute de esta experiencia con nuestro tour privado de Malindi y Watamu desde Mombasa<\/p>\n","protected":false},"featured_media":91425,"comment_status":"open","ping_status":"closed","template":"","meta":{"_acf_changed":false},"product_brand":[],"product_cat":[3444,1602],"product_tag":[],"class_list":{"0":"post-91442","1":"product","2":"type-product","3":"status-publish","4":"has-post-thumbnail","6":"product_cat-kenia-sp","7":"product_cat-eeuu-es","9":"first","10":"instock","11":"shipping-taxable","12":"purchasable","13":"product-type-simple"},"acf":[],"yoast_head":"<!-- This site is optimized with the Yoast SEO Premium plugin v25.3.1 (Yoast SEO v25.3.1) - https:\/\/yoast.com\/wordpress\/plugins\/seo\/ -->\n<title>\u00a1Tour privado de Malindi y Watamu desde Mombasa con conductor-gu\u00eda!<\/title>\n<meta name=\"description\" content=\"Explore dos de las ciudades m\u00e1s bellas de Kenia. Disfrute de esta experiencia con nuestro tour privado de Malindi y Watamu desde Mombasa\" \/>\n<meta name=\"robots\" content=\"index, follow, max-snippet:-1, max-image-preview:large, max-video-preview:-1\" \/>\n<link rel=\"canonical\" href=\"https:\/\/tourtravelandmore.com\/es\/tours\/eeuu-es\/tour-privado-malindi-y-watamu-desde-mombasa\/\" \/>\n<meta property=\"og:locale\" content=\"es_ES\" \/>\n<meta property=\"og:type\" content=\"article\" \/>\n<meta property=\"og:title\" content=\"Tour Privado Malindi y Watamu desde Mombasa\" \/>\n<meta property=\"og:description\" content=\"Explore dos de las ciudades m\u00e1s bellas de Kenia. Disfrute de esta experiencia con nuestro tour privado de Malindi y Watamu desde Mombasa\" \/>\n<meta property=\"og:url\" content=\"https:\/\/tourtravelandmore.com\/es\/tours\/eeuu-es\/tour-privado-malindi-y-watamu-desde-mombasa\/\" \/>\n<meta property=\"og:site_name\" content=\"Tour Travel And More\" \/>\n<meta property=\"article:publisher\" content=\"https:\/\/www.facebook.com\/tourtravelandmore\/\" \/>\n<meta property=\"article:modified_time\" content=\"2021-01-20T09:39:52+00:00\" \/>\n<meta property=\"og:image\" content=\"https:\/\/tourtravelandmore.com\/wp-content\/uploads\/2021\/01\/Kenya-6-scaled.jpg\" \/>\n\t<meta property=\"og:image:width\" content=\"2560\" \/>\n\t<meta property=\"og:image:height\" content=\"1731\" \/>\n\t<meta property=\"og:image:type\" content=\"image\/jpeg\" \/>\n<meta name=\"twitter:card\" content=\"summary_large_image\" \/>\n<meta name=\"twitter:site\" content=\"@TourTravel_More\" \/>\n<meta name=\"twitter:label1\" content=\"Tiempo de lectura\" \/>\n\t<meta name=\"twitter:data1\" content=\"2 minutos\" \/>\n<script type=\"application\/ld+json\" class=\"yoast-schema-graph\">{\"@context\":\"https:\/\/schema.org\",\"@graph\":[{\"@type\":\"WebPage\",\"@id\":\"https:\/\/tourtravelandmore.com\/es\/tours\/eeuu-es\/tour-privado-malindi-y-watamu-desde-mombasa\/\",\"url\":\"https:\/\/tourtravelandmore.com\/es\/tours\/eeuu-es\/tour-privado-malindi-y-watamu-desde-mombasa\/\",\"name\":\"\u00a1Tour privado de Malindi y Watamu desde Mombasa con conductor-gu\u00eda!\",\"isPartOf\":{\"@id\":\"https:\/\/tourtravelandmore.com\/es\/#website\"},\"primaryImageOfPage\":{\"@id\":\"https:\/\/tourtravelandmore.com\/es\/tours\/eeuu-es\/tour-privado-malindi-y-watamu-desde-mombasa\/#primaryimage\"},\"image\":{\"@id\":\"https:\/\/tourtravelandmore.com\/es\/tours\/eeuu-es\/tour-privado-malindi-y-watamu-desde-mombasa\/#primaryimage\"},\"thumbnailUrl\":\"https:\/\/tourtravelandmore.com\/wp-content\/uploads\/2021\/01\/Kenya-6-scaled.jpg\",\"datePublished\":\"2021-01-20T09:21:39+00:00\",\"dateModified\":\"2021-01-20T09:39:52+00:00\",\"description\":\"Explore dos de las ciudades m\u00e1s bellas de Kenia. Disfrute de esta experiencia con nuestro tour privado de Malindi y Watamu desde Mombasa\",\"breadcrumb\":{\"@id\":\"https:\/\/tourtravelandmore.com\/es\/tours\/eeuu-es\/tour-privado-malindi-y-watamu-desde-mombasa\/#breadcrumb\"},\"inLanguage\":\"es\",\"potentialAction\":[{\"@type\":\"ReadAction\",\"target\":[\"https:\/\/tourtravelandmore.com\/es\/tours\/eeuu-es\/tour-privado-malindi-y-watamu-desde-mombasa\/\"]}]},{\"@type\":\"ImageObject\",\"inLanguage\":\"es\",\"@id\":\"https:\/\/tourtravelandmore.com\/es\/tours\/eeuu-es\/tour-privado-malindi-y-watamu-desde-mombasa\/#primaryimage\",\"url\":\"https:\/\/tourtravelandmore.com\/wp-content\/uploads\/2021\/01\/Kenya-6-scaled.jpg\",\"contentUrl\":\"https:\/\/tourtravelandmore.com\/wp-content\/uploads\/2021\/01\/Kenya-6-scaled.jpg\",\"width\":2560,\"height\":1731},{\"@type\":\"BreadcrumbList\",\"@id\":\"https:\/\/tourtravelandmore.com\/es\/tours\/eeuu-es\/tour-privado-malindi-y-watamu-desde-mombasa\/#breadcrumb\",\"itemListElement\":[{\"@type\":\"ListItem\",\"position\":1,\"name\":\"Home\",\"item\":\"https:\/\/tourtravelandmore.com\/es\/\"},{\"@type\":\"ListItem\",\"position\":2,\"name\":\"Tours\",\"item\":\"https:\/\/tourtravelandmore.com\/es\/tours\/\"},{\"@type\":\"ListItem\",\"position\":3,\"name\":\"Tour Privado Malindi y Watamu desde Mombasa\"}]},{\"@type\":\"WebSite\",\"@id\":\"https:\/\/tourtravelandmore.com\/es\/#website\",\"url\":\"https:\/\/tourtravelandmore.com\/es\/\",\"name\":\"Tour Travel And More\",\"description\":\"Private sightseeing tours and luxury transfers in Spain\",\"publisher\":{\"@id\":\"https:\/\/tourtravelandmore.com\/es\/#organization\"},\"potentialAction\":[{\"@type\":\"SearchAction\",\"target\":{\"@type\":\"EntryPoint\",\"urlTemplate\":\"https:\/\/tourtravelandmore.com\/es\/?s={search_term_string}\"},\"query-input\":{\"@type\":\"PropertyValueSpecification\",\"valueRequired\":true,\"valueName\":\"search_term_string\"}}],\"inLanguage\":\"es\"},{\"@type\":\"Organization\",\"@id\":\"https:\/\/tourtravelandmore.com\/es\/#organization\",\"name\":\"Tour Travel And More\",\"url\":\"https:\/\/tourtravelandmore.com\/es\/\",\"logo\":{\"@type\":\"ImageObject\",\"inLanguage\":\"es\",\"@id\":\"https:\/\/tourtravelandmore.com\/es\/#\/schema\/logo\/image\/\",\"url\":\"https:\/\/tourtravelandmore.com\/wp-content\/uploads\/2022\/12\/cropped-logo-cabecera-new.png\",\"contentUrl\":\"https:\/\/tourtravelandmore.com\/wp-content\/uploads\/2022\/12\/cropped-logo-cabecera-new.png\",\"width\":430,\"height\":61,\"caption\":\"Tour Travel And More\"},\"image\":{\"@id\":\"https:\/\/tourtravelandmore.com\/es\/#\/schema\/logo\/image\/\"},\"sameAs\":[\"https:\/\/www.facebook.com\/tourtravelandmore\/\",\"https:\/\/x.com\/TourTravel_More\"]}]}<\/script>\n<!-- \/ Yoast SEO Premium plugin. -->","yoast_head_json":{"title":"\u00a1Tour privado de Malindi y Watamu desde Mombasa con conductor-gu\u00eda!","description":"Explore dos de las ciudades m\u00e1s bellas de Kenia. Disfrute de esta experiencia con nuestro tour privado de Malindi y Watamu desde Mombasa","robots":{"index":"index","follow":"follow","max-snippet":"max-snippet:-1","max-image-preview":"max-image-preview:large","max-video-preview":"max-video-preview:-1"},"canonical":"https:\/\/tourtravelandmore.com\/es\/tours\/eeuu-es\/tour-privado-malindi-y-watamu-desde-mombasa\/","og_locale":"es_ES","og_type":"article","og_title":"Tour Privado Malindi y Watamu desde Mombasa","og_description":"Explore dos de las ciudades m\u00e1s bellas de Kenia. Disfrute de esta experiencia con nuestro tour privado de Malindi y Watamu desde Mombasa","og_url":"https:\/\/tourtravelandmore.com\/es\/tours\/eeuu-es\/tour-privado-malindi-y-watamu-desde-mombasa\/","og_site_name":"Tour Travel And More","article_publisher":"https:\/\/www.facebook.com\/tourtravelandmore\/","article_modified_time":"2021-01-20T09:39:52+00:00","og_image":[{"width":2560,"height":1731,"url":"https:\/\/tourtravelandmore.com\/wp-content\/uploads\/2021\/01\/Kenya-6-scaled.jpg","type":"image\/jpeg"}],"twitter_card":"summary_large_image","twitter_site":"@TourTravel_More","twitter_misc":{"Tiempo de lectura":"2 minutos"},"schema":{"@context":"https:\/\/schema.org","@graph":[{"@type":"WebPage","@id":"https:\/\/tourtravelandmore.com\/es\/tours\/eeuu-es\/tour-privado-malindi-y-watamu-desde-mombasa\/","url":"https:\/\/tourtravelandmore.com\/es\/tours\/eeuu-es\/tour-privado-malindi-y-watamu-desde-mombasa\/","name":"\u00a1Tour privado de Malindi y Watamu desde Mombasa con conductor-gu\u00eda!","isPartOf":{"@id":"https:\/\/tourtravelandmore.com\/es\/#website"},"primaryImageOfPage":{"@id":"https:\/\/tourtravelandmore.com\/es\/tours\/eeuu-es\/tour-privado-malindi-y-watamu-desde-mombasa\/#primaryimage"},"image":{"@id":"https:\/\/tourtravelandmore.com\/es\/tours\/eeuu-es\/tour-privado-malindi-y-watamu-desde-mombasa\/#primaryimage"},"thumbnailUrl":"https:\/\/tourtravelandmore.com\/wp-content\/uploads\/2021\/01\/Kenya-6-scaled.jpg","datePublished":"2021-01-20T09:21:39+00:00","dateModified":"2021-01-20T09:39:52+00:00","description":"Explore dos de las ciudades m\u00e1s bellas de Kenia. Disfrute de esta experiencia con nuestro tour privado de Malindi y Watamu desde Mombasa","breadcrumb":{"@id":"https:\/\/tourtravelandmore.com\/es\/tours\/eeuu-es\/tour-privado-malindi-y-watamu-desde-mombasa\/#breadcrumb"},"inLanguage":"es","potentialAction":[{"@type":"ReadAction","target":["https:\/\/tourtravelandmore.com\/es\/tours\/eeuu-es\/tour-privado-malindi-y-watamu-desde-mombasa\/"]}]},{"@type":"ImageObject","inLanguage":"es","@id":"https:\/\/tourtravelandmore.com\/es\/tours\/eeuu-es\/tour-privado-malindi-y-watamu-desde-mombasa\/#primaryimage","url":"https:\/\/tourtravelandmore.com\/wp-content\/uploads\/2021\/01\/Kenya-6-scaled.jpg","contentUrl":"https:\/\/tourtravelandmore.com\/wp-content\/uploads\/2021\/01\/Kenya-6-scaled.jpg","width":2560,"height":1731},{"@type":"BreadcrumbList","@id":"https:\/\/tourtravelandmore.com\/es\/tours\/eeuu-es\/tour-privado-malindi-y-watamu-desde-mombasa\/#breadcrumb","itemListElement":[{"@type":"ListItem","position":1,"name":"Home","item":"https:\/\/tourtravelandmore.com\/es\/"},{"@type":"ListItem","position":2,"name":"Tours","item":"https:\/\/tourtravelandmore.com\/es\/tours\/"},{"@type":"ListItem","position":3,"name":"Tour Privado Malindi y Watamu desde Mombasa"}]},{"@type":"WebSite","@id":"https:\/\/tourtravelandmore.com\/es\/#website","url":"https:\/\/tourtravelandmore.com\/es\/","name":"Tour Travel And More","description":"Private sightseeing tours and luxury transfers in Spain","publisher":{"@id":"https:\/\/tourtravelandmore.com\/es\/#organization"},"potentialAction":[{"@type":"SearchAction","target":{"@type":"EntryPoint","urlTemplate":"https:\/\/tourtravelandmore.com\/es\/?s={search_term_string}"},"query-input":{"@type":"PropertyValueSpecification","valueRequired":true,"valueName":"search_term_string"}}],"inLanguage":"es"},{"@type":"Organization","@id":"https:\/\/tourtravelandmore.com\/es\/#organization","name":"Tour Travel And More","url":"https:\/\/tourtravelandmore.com\/es\/","logo":{"@type":"ImageObject","inLanguage":"es","@id":"https:\/\/tourtravelandmore.com\/es\/#\/schema\/logo\/image\/","url":"https:\/\/tourtravelandmore.com\/wp-content\/uploads\/2022\/12\/cropped-logo-cabecera-new.png","contentUrl":"https:\/\/tourtravelandmore.com\/wp-content\/uploads\/2022\/12\/cropped-logo-cabecera-new.png","width":430,"height":61,"caption":"Tour Travel And More"},"image":{"@id":"https:\/\/tourtravelandmore.com\/es\/#\/schema\/logo\/image\/"},"sameAs":["https:\/\/www.facebook.com\/tourtravelandmore\/","https:\/\/x.com\/TourTravel_More"]}]}},"_links":{"self":[{"href":"https:\/\/tourtravelandmore.com\/es\/wp-json\/wp\/v2\/product\/91442","targetHints":{"allow":["GET"]}}],"collection":[{"href":"https:\/\/tourtravelandmore.com\/es\/wp-json\/wp\/v2\/product"}],"about":[{"href":"https:\/\/tourtravelandmore.com\/es\/wp-json\/wp\/v2\/types\/product"}],"replies":[{"embeddable":true,"href":"https:\/\/tourtravelandmore.com\/es\/wp-json\/wp\/v2\/comments?post=91442"}],"wp:featuredmedia":[{"embeddable":true,"href":"https:\/\/tourtravelandmore.com\/es\/wp-json\/wp\/v2\/media\/91425"}],"wp:attachment":[{"href":"https:\/\/tourtravelandmore.com\/es\/wp-json\/wp\/v2\/media?parent=91442"}],"wp:term":[{"taxonomy":"product_brand","embeddable":true,"href":"https:\/\/tourtravelandmore.com\/es\/wp-json\/wp\/v2\/product_brand?post=91442"},{"taxonomy":"product_cat","embeddable":true,"href":"https:\/\/tourtravelandmore.com\/es\/wp-json\/wp\/v2\/product_cat?post=91442"},{"taxonomy":"product_tag","embeddable":true,"href":"https:\/\/tourtravelandmore.com\/es\/wp-json\/wp\/v2\/product_tag?post=91442"}],"curies":[{"name":"wp","href":"https:\/\/api.w.org\/{rel}","templated":true}]}}