{"id":9139,"date":"2016-11-10T10:53:03","date_gmt":"2016-11-11T09:52:08","guid":{"rendered":"http:\/\/tourtravelandmore.com\/es\/?post_type=product&#038;p=9139"},"modified":"2021-04-27T19:31:39","modified_gmt":"2021-04-27T17:31:39","slug":"tour-miami-privado-dia-completo-con-chofer-guia-opcional-paseo-en-barco","status":"publish","type":"product","link":"https:\/\/tourtravelandmore.com\/es\/tours\/eeuu-es\/miami-es\/tour-miami-privado-dia-completo-con-chofer-guia-opcional-paseo-en-barco\/","title":{"rendered":"Tour Privado de Miami durante todo el d\u00eda"},"content":{"rendered":"<h2><strong>Descripci\u00f3n:<\/strong><\/h2>\n<p>Disfrute de este Tour Miami privado, junto a su chofer\/gu\u00eda y conozca la ciudad m\u00e1s importante de Florida.<\/p>\n<p>La duraci\u00f3n del tour Miami es de 8 horas y podr\u00e1 escoger la hora de comienzo y lugar de recogida.<\/p>\n<p>El tour Miami es completamente privado y conocer\u00e1 la ciudad con su chofer\/gu\u00eda.<\/p>\n<p>Para este tour est\u00e1 inclu\u00eddo el <strong>paseo en barco<\/strong>, existen dos tipos de paseo en barco, el paseo en grupo o podemos coger un barco privado, disfrutar de unas horas en el mar y ver la casa de los Famosos desde el barco.<\/p>\n<h2>Puntos de Inter\u00e9s:<\/h2>\n<p><img fetchpriority=\"high\" decoding=\"async\" class=\"alignnone wp-image-106496 size-large\" src=\"https:\/\/tourtravelandmore.com\/wp-content\/uploads\/2016\/11\/Untitled-design-19-1024x683.png\" alt=\"Tour Privado de Miami durante todo el d\u00eda\" width=\"1024\" height=\"683\" srcset=\"https:\/\/tourtravelandmore.com\/wp-content\/uploads\/2016\/11\/Untitled-design-19-1024x683.png 1024w, https:\/\/tourtravelandmore.com\/wp-content\/uploads\/2016\/11\/Untitled-design-19-300x200.png 300w, https:\/\/tourtravelandmore.com\/wp-content\/uploads\/2016\/11\/Untitled-design-19-768x512.png 768w, https:\/\/tourtravelandmore.com\/wp-content\/uploads\/2016\/11\/Untitled-design-19-680x453.png 680w, https:\/\/tourtravelandmore.com\/wp-content\/uploads\/2016\/11\/Untitled-design-19-595x397.png 595w, https:\/\/tourtravelandmore.com\/wp-content\/uploads\/2016\/11\/Untitled-design-19.png 1080w\" sizes=\"(max-width: 1024px) 100vw, 1024px\" \/><\/p>\n<p>Miami es la principal Ciudad de Florida, muy conocida en las pel\u00edculas y series, por eso no puedes perder la ocasi\u00f3n de conocer la ciudad junto a su chofer\/gu\u00eda privado.<\/p>\n<ul>\n<li><strong>Ocean Drive: <\/strong>Es una de las zonas m\u00e1s populares de Miami. Se trata de un paseo mar\u00edtimo situado en el \u00e1rea de South Beach.<\/li>\n<li><strong>South Beach:<\/strong> es la playa m\u00e1s concurrida y famosa de Miami, es uno de los lugares de moda de la ciudad.<\/li>\n<li><strong>El Art Dec\u00f3:<\/strong> es un movimiento art\u00edstico que surgi\u00f3 durante la Gran Depresi\u00f3n. Los estadounidenses se interesaron por una arquitectura que ayudara a levantar los \u00e1nimos del pa\u00eds.<\/li>\n<li><strong>Little Havana:\u00a0 <\/strong>Comenzaron su nueva vida los disidentes cubanos que escaparon al r\u00e9gimen, nos parecer\u00e1 en todo momento que estamos en cuba, podremos disfrutar de la Gastronom\u00eda, M\u00fasica y un buen caf\u00e9 cubano. La vida de desarrolla en la Calle Ocho.<\/li>\n<li><strong>Key Biscayne<\/strong><strong>: <\/strong>Es la Isla artificial d\u00f3nde se encuentran las hermosas casas de los famosos.<\/li>\n<li><strong>Mucho mas!!<\/strong><\/li>\n<\/ul>\n<p><img decoding=\"async\" class=\"alignnone wp-image-106651 size-large\" src=\"https:\/\/tourtravelandmore.com\/wp-content\/uploads\/2016\/11\/Diseno-sin-titulo-12-1024x684.png\" alt=\"Tour Privado en Miami\" width=\"1024\" height=\"684\" srcset=\"https:\/\/tourtravelandmore.com\/wp-content\/uploads\/2016\/11\/Diseno-sin-titulo-12-1024x684.png 1024w, https:\/\/tourtravelandmore.com\/wp-content\/uploads\/2016\/11\/Diseno-sin-titulo-12-300x200.png 300w, https:\/\/tourtravelandmore.com\/wp-content\/uploads\/2016\/11\/Diseno-sin-titulo-12-768x513.png 768w, https:\/\/tourtravelandmore.com\/wp-content\/uploads\/2016\/11\/Diseno-sin-titulo-12-680x454.png 680w, https:\/\/tourtravelandmore.com\/wp-content\/uploads\/2016\/11\/Diseno-sin-titulo-12-595x397.png 595w, https:\/\/tourtravelandmore.com\/wp-content\/uploads\/2016\/11\/Diseno-sin-titulo-12.png 1080w\" sizes=\"(max-width: 1024px) 100vw, 1024px\" \/><\/p>\n<p>&nbsp;<\/p>\n<p>Si desea podemos combinar el tour con los Everglades y el paseo en Lancha deslizadora. S\u00f3lo lo tiene que indicar en el formulario de contacto del tour.<\/p>\n<p>Nuestros tours son completamente personalizados nos adaptamos a sus necesidades.<\/p>\n<p>Si dispone de m\u00e1s d\u00edas en la ciudad de Miami puede consultar nuestros<a href=\"https:\/\/tourtravelandmore.com\/es\/ciudad\/eeuu-es\/miami-es\/\"> tour privados de Miami<\/a> y escoger una excursi\u00f3n de d\u00eda o un d\u00eda en barco privado recorriendo la costa de Miami.<\/p>\n","protected":false},"excerpt":{"rendered":"<p>Descubra lo mejor de Miami c\u00f3modamente gracias a un veh\u00edculo privado con chofer\/gu\u00eda que le acompa\u00f1ar\u00e1 durante todo su tour privado. Visite algunas de las <strong>principales atracciones de Miami<\/strong> como South Beach, Ocean Drive, Art Deco o Little Havana.<\/p>\n","protected":false},"featured_media":9011,"comment_status":"open","ping_status":"closed","template":"","meta":{"_acf_changed":false},"product_brand":[],"product_cat":[1602,333,334,336,335],"product_tag":[],"class_list":{"0":"post-9139","1":"product","2":"type-product","3":"status-publish","4":"has-post-thumbnail","6":"product_cat-eeuu-es","7":"product_cat-miami-es","8":"product_cat-miami-actividades-es","9":"product_cat-miami-rutas-turisticas-privadas-es","10":"product_cat-miami-excursiones-es","12":"first","13":"instock","14":"shipping-taxable","15":"purchasable","16":"product-type-simple"},"acf":[],"yoast_head":"<!-- This site is optimized with the Yoast SEO Premium plugin v25.3.1 (Yoast SEO v25.3.1) - https:\/\/yoast.com\/wordpress\/plugins\/seo\/ -->\n<title>Tour Miami privado d\u00eda completo con chofer\/gu\u00eda: Opcional paseo en barco<\/title>\n<meta name=\"description\" content=\"Disfrute de este tour Miami privado con su chofer\/gu\u00eda y conozca las principales zonas de la ciudad: Ocean Drive, Art Dec\u00f3, Little Havana, Bah\u00eda Vizca\u00edna...\" \/>\n<meta name=\"robots\" content=\"index, follow, max-snippet:-1, max-image-preview:large, max-video-preview:-1\" \/>\n<link rel=\"canonical\" href=\"https:\/\/tourtravelandmore.com\/es\/tours\/eeuu-es\/miami-es\/tour-miami-privado-dia-completo-con-chofer-guia-opcional-paseo-en-barco\/\" \/>\n<meta property=\"og:locale\" content=\"es_ES\" \/>\n<meta property=\"og:type\" content=\"article\" \/>\n<meta property=\"og:title\" content=\"Tour Privado de Miami durante todo el d\u00eda\" \/>\n<meta property=\"og:description\" content=\"Disfrute de este tour Miami privado con su chofer\/gu\u00eda y conozca las principales zonas de la ciudad: Ocean Drive, Art Dec\u00f3, Little Havana, Bah\u00eda Vizca\u00edna...\" \/>\n<meta property=\"og:url\" content=\"https:\/\/tourtravelandmore.com\/es\/tours\/eeuu-es\/miami-es\/tour-miami-privado-dia-completo-con-chofer-guia-opcional-paseo-en-barco\/\" \/>\n<meta property=\"og:site_name\" content=\"Tour Travel And More\" \/>\n<meta property=\"article:publisher\" content=\"https:\/\/www.facebook.com\/tourtravelandmore\/\" \/>\n<meta property=\"article:modified_time\" content=\"2021-04-27T17:31:39+00:00\" \/>\n<meta property=\"og:image\" content=\"https:\/\/tourtravelandmore.com\/wp-content\/uploads\/2016\/11\/Foto-2.jpg\" \/>\n\t<meta property=\"og:image:width\" content=\"1000\" \/>\n\t<meta property=\"og:image:height\" content=\"749\" \/>\n\t<meta property=\"og:image:type\" content=\"image\/jpeg\" \/>\n<meta name=\"twitter:card\" content=\"summary_large_image\" \/>\n<meta name=\"twitter:site\" content=\"@TourTravel_More\" \/>\n<meta name=\"twitter:label1\" content=\"Tiempo de lectura\" \/>\n\t<meta name=\"twitter:data1\" content=\"2 minutos\" \/>\n<script type=\"application\/ld+json\" class=\"yoast-schema-graph\">{\"@context\":\"https:\/\/schema.org\",\"@graph\":[{\"@type\":\"WebPage\",\"@id\":\"https:\/\/tourtravelandmore.com\/es\/tours\/eeuu-es\/miami-es\/tour-miami-privado-dia-completo-con-chofer-guia-opcional-paseo-en-barco\/\",\"url\":\"https:\/\/tourtravelandmore.com\/es\/tours\/eeuu-es\/miami-es\/tour-miami-privado-dia-completo-con-chofer-guia-opcional-paseo-en-barco\/\",\"name\":\"Tour Miami privado d\u00eda completo con chofer\/gu\u00eda: Opcional paseo en barco\",\"isPartOf\":{\"@id\":\"https:\/\/tourtravelandmore.com\/es\/#website\"},\"primaryImageOfPage\":{\"@id\":\"https:\/\/tourtravelandmore.com\/es\/tours\/eeuu-es\/miami-es\/tour-miami-privado-dia-completo-con-chofer-guia-opcional-paseo-en-barco\/#primaryimage\"},\"image\":{\"@id\":\"https:\/\/tourtravelandmore.com\/es\/tours\/eeuu-es\/miami-es\/tour-miami-privado-dia-completo-con-chofer-guia-opcional-paseo-en-barco\/#primaryimage\"},\"thumbnailUrl\":\"https:\/\/tourtravelandmore.com\/wp-content\/uploads\/2016\/11\/Foto-2.jpg\",\"datePublished\":\"2016-11-11T09:52:08+00:00\",\"dateModified\":\"2021-04-27T17:31:39+00:00\",\"description\":\"Disfrute de este tour Miami privado con su chofer\/gu\u00eda y conozca las principales zonas de la ciudad: Ocean Drive, Art Dec\u00f3, Little Havana, Bah\u00eda Vizca\u00edna...\",\"breadcrumb\":{\"@id\":\"https:\/\/tourtravelandmore.com\/es\/tours\/eeuu-es\/miami-es\/tour-miami-privado-dia-completo-con-chofer-guia-opcional-paseo-en-barco\/#breadcrumb\"},\"inLanguage\":\"es\",\"potentialAction\":[{\"@type\":\"ReadAction\",\"target\":[\"https:\/\/tourtravelandmore.com\/es\/tours\/eeuu-es\/miami-es\/tour-miami-privado-dia-completo-con-chofer-guia-opcional-paseo-en-barco\/\"]}]},{\"@type\":\"ImageObject\",\"inLanguage\":\"es\",\"@id\":\"https:\/\/tourtravelandmore.com\/es\/tours\/eeuu-es\/miami-es\/tour-miami-privado-dia-completo-con-chofer-guia-opcional-paseo-en-barco\/#primaryimage\",\"url\":\"https:\/\/tourtravelandmore.com\/wp-content\/uploads\/2016\/11\/Foto-2.jpg\",\"contentUrl\":\"https:\/\/tourtravelandmore.com\/wp-content\/uploads\/2016\/11\/Foto-2.jpg\",\"width\":1000,\"height\":749},{\"@type\":\"BreadcrumbList\",\"@id\":\"https:\/\/tourtravelandmore.com\/es\/tours\/eeuu-es\/miami-es\/tour-miami-privado-dia-completo-con-chofer-guia-opcional-paseo-en-barco\/#breadcrumb\",\"itemListElement\":[{\"@type\":\"ListItem\",\"position\":1,\"name\":\"Home\",\"item\":\"https:\/\/tourtravelandmore.com\/es\/\"},{\"@type\":\"ListItem\",\"position\":2,\"name\":\"Tours\",\"item\":\"https:\/\/tourtravelandmore.com\/es\/tours\/\"},{\"@type\":\"ListItem\",\"position\":3,\"name\":\"Tour Privado de Miami durante todo el d\u00eda\"}]},{\"@type\":\"WebSite\",\"@id\":\"https:\/\/tourtravelandmore.com\/es\/#website\",\"url\":\"https:\/\/tourtravelandmore.com\/es\/\",\"name\":\"Tour Travel And More\",\"description\":\"Private sightseeing tours and luxury transfers in Spain\",\"publisher\":{\"@id\":\"https:\/\/tourtravelandmore.com\/es\/#organization\"},\"potentialAction\":[{\"@type\":\"SearchAction\",\"target\":{\"@type\":\"EntryPoint\",\"urlTemplate\":\"https:\/\/tourtravelandmore.com\/es\/?s={search_term_string}\"},\"query-input\":{\"@type\":\"PropertyValueSpecification\",\"valueRequired\":true,\"valueName\":\"search_term_string\"}}],\"inLanguage\":\"es\"},{\"@type\":\"Organization\",\"@id\":\"https:\/\/tourtravelandmore.com\/es\/#organization\",\"name\":\"Tour Travel And More\",\"url\":\"https:\/\/tourtravelandmore.com\/es\/\",\"logo\":{\"@type\":\"ImageObject\",\"inLanguage\":\"es\",\"@id\":\"https:\/\/tourtravelandmore.com\/es\/#\/schema\/logo\/image\/\",\"url\":\"https:\/\/tourtravelandmore.com\/wp-content\/uploads\/2022\/12\/cropped-logo-cabecera-new.png\",\"contentUrl\":\"https:\/\/tourtravelandmore.com\/wp-content\/uploads\/2022\/12\/cropped-logo-cabecera-new.png\",\"width\":430,\"height\":61,\"caption\":\"Tour Travel And More\"},\"image\":{\"@id\":\"https:\/\/tourtravelandmore.com\/es\/#\/schema\/logo\/image\/\"},\"sameAs\":[\"https:\/\/www.facebook.com\/tourtravelandmore\/\",\"https:\/\/x.com\/TourTravel_More\"]}]}<\/script>\n<!-- \/ Yoast SEO Premium plugin. -->","yoast_head_json":{"title":"Tour Miami privado d\u00eda completo con chofer\/gu\u00eda: Opcional paseo en barco","description":"Disfrute de este tour Miami privado con su chofer\/gu\u00eda y conozca las principales zonas de la ciudad: Ocean Drive, Art Dec\u00f3, Little Havana, Bah\u00eda Vizca\u00edna...","robots":{"index":"index","follow":"follow","max-snippet":"max-snippet:-1","max-image-preview":"max-image-preview:large","max-video-preview":"max-video-preview:-1"},"canonical":"https:\/\/tourtravelandmore.com\/es\/tours\/eeuu-es\/miami-es\/tour-miami-privado-dia-completo-con-chofer-guia-opcional-paseo-en-barco\/","og_locale":"es_ES","og_type":"article","og_title":"Tour Privado de Miami durante todo el d\u00eda","og_description":"Disfrute de este tour Miami privado con su chofer\/gu\u00eda y conozca las principales zonas de la ciudad: Ocean Drive, Art Dec\u00f3, Little Havana, Bah\u00eda Vizca\u00edna...","og_url":"https:\/\/tourtravelandmore.com\/es\/tours\/eeuu-es\/miami-es\/tour-miami-privado-dia-completo-con-chofer-guia-opcional-paseo-en-barco\/","og_site_name":"Tour Travel And More","article_publisher":"https:\/\/www.facebook.com\/tourtravelandmore\/","article_modified_time":"2021-04-27T17:31:39+00:00","og_image":[{"width":1000,"height":749,"url":"https:\/\/tourtravelandmore.com\/wp-content\/uploads\/2016\/11\/Foto-2.jpg","type":"image\/jpeg"}],"twitter_card":"summary_large_image","twitter_site":"@TourTravel_More","twitter_misc":{"Tiempo de lectura":"2 minutos"},"schema":{"@context":"https:\/\/schema.org","@graph":[{"@type":"WebPage","@id":"https:\/\/tourtravelandmore.com\/es\/tours\/eeuu-es\/miami-es\/tour-miami-privado-dia-completo-con-chofer-guia-opcional-paseo-en-barco\/","url":"https:\/\/tourtravelandmore.com\/es\/tours\/eeuu-es\/miami-es\/tour-miami-privado-dia-completo-con-chofer-guia-opcional-paseo-en-barco\/","name":"Tour Miami privado d\u00eda completo con chofer\/gu\u00eda: Opcional paseo en barco","isPartOf":{"@id":"https:\/\/tourtravelandmore.com\/es\/#website"},"primaryImageOfPage":{"@id":"https:\/\/tourtravelandmore.com\/es\/tours\/eeuu-es\/miami-es\/tour-miami-privado-dia-completo-con-chofer-guia-opcional-paseo-en-barco\/#primaryimage"},"image":{"@id":"https:\/\/tourtravelandmore.com\/es\/tours\/eeuu-es\/miami-es\/tour-miami-privado-dia-completo-con-chofer-guia-opcional-paseo-en-barco\/#primaryimage"},"thumbnailUrl":"https:\/\/tourtravelandmore.com\/wp-content\/uploads\/2016\/11\/Foto-2.jpg","datePublished":"2016-11-11T09:52:08+00:00","dateModified":"2021-04-27T17:31:39+00:00","description":"Disfrute de este tour Miami privado con su chofer\/gu\u00eda y conozca las principales zonas de la ciudad: Ocean Drive, Art Dec\u00f3, Little Havana, Bah\u00eda Vizca\u00edna...","breadcrumb":{"@id":"https:\/\/tourtravelandmore.com\/es\/tours\/eeuu-es\/miami-es\/tour-miami-privado-dia-completo-con-chofer-guia-opcional-paseo-en-barco\/#breadcrumb"},"inLanguage":"es","potentialAction":[{"@type":"ReadAction","target":["https:\/\/tourtravelandmore.com\/es\/tours\/eeuu-es\/miami-es\/tour-miami-privado-dia-completo-con-chofer-guia-opcional-paseo-en-barco\/"]}]},{"@type":"ImageObject","inLanguage":"es","@id":"https:\/\/tourtravelandmore.com\/es\/tours\/eeuu-es\/miami-es\/tour-miami-privado-dia-completo-con-chofer-guia-opcional-paseo-en-barco\/#primaryimage","url":"https:\/\/tourtravelandmore.com\/wp-content\/uploads\/2016\/11\/Foto-2.jpg","contentUrl":"https:\/\/tourtravelandmore.com\/wp-content\/uploads\/2016\/11\/Foto-2.jpg","width":1000,"height":749},{"@type":"BreadcrumbList","@id":"https:\/\/tourtravelandmore.com\/es\/tours\/eeuu-es\/miami-es\/tour-miami-privado-dia-completo-con-chofer-guia-opcional-paseo-en-barco\/#breadcrumb","itemListElement":[{"@type":"ListItem","position":1,"name":"Home","item":"https:\/\/tourtravelandmore.com\/es\/"},{"@type":"ListItem","position":2,"name":"Tours","item":"https:\/\/tourtravelandmore.com\/es\/tours\/"},{"@type":"ListItem","position":3,"name":"Tour Privado de Miami durante todo el d\u00eda"}]},{"@type":"WebSite","@id":"https:\/\/tourtravelandmore.com\/es\/#website","url":"https:\/\/tourtravelandmore.com\/es\/","name":"Tour Travel And More","description":"Private sightseeing tours and luxury transfers in Spain","publisher":{"@id":"https:\/\/tourtravelandmore.com\/es\/#organization"},"potentialAction":[{"@type":"SearchAction","target":{"@type":"EntryPoint","urlTemplate":"https:\/\/tourtravelandmore.com\/es\/?s={search_term_string}"},"query-input":{"@type":"PropertyValueSpecification","valueRequired":true,"valueName":"search_term_string"}}],"inLanguage":"es"},{"@type":"Organization","@id":"https:\/\/tourtravelandmore.com\/es\/#organization","name":"Tour Travel And More","url":"https:\/\/tourtravelandmore.com\/es\/","logo":{"@type":"ImageObject","inLanguage":"es","@id":"https:\/\/tourtravelandmore.com\/es\/#\/schema\/logo\/image\/","url":"https:\/\/tourtravelandmore.com\/wp-content\/uploads\/2022\/12\/cropped-logo-cabecera-new.png","contentUrl":"https:\/\/tourtravelandmore.com\/wp-content\/uploads\/2022\/12\/cropped-logo-cabecera-new.png","width":430,"height":61,"caption":"Tour Travel And More"},"image":{"@id":"https:\/\/tourtravelandmore.com\/es\/#\/schema\/logo\/image\/"},"sameAs":["https:\/\/www.facebook.com\/tourtravelandmore\/","https:\/\/x.com\/TourTravel_More"]}]}},"_links":{"self":[{"href":"https:\/\/tourtravelandmore.com\/es\/wp-json\/wp\/v2\/product\/9139","targetHints":{"allow":["GET"]}}],"collection":[{"href":"https:\/\/tourtravelandmore.com\/es\/wp-json\/wp\/v2\/product"}],"about":[{"href":"https:\/\/tourtravelandmore.com\/es\/wp-json\/wp\/v2\/types\/product"}],"replies":[{"embeddable":true,"href":"https:\/\/tourtravelandmore.com\/es\/wp-json\/wp\/v2\/comments?post=9139"}],"wp:featuredmedia":[{"embeddable":true,"href":"https:\/\/tourtravelandmore.com\/es\/wp-json\/wp\/v2\/media\/9011"}],"wp:attachment":[{"href":"https:\/\/tourtravelandmore.com\/es\/wp-json\/wp\/v2\/media?parent=9139"}],"wp:term":[{"taxonomy":"product_brand","embeddable":true,"href":"https:\/\/tourtravelandmore.com\/es\/wp-json\/wp\/v2\/product_brand?post=9139"},{"taxonomy":"product_cat","embeddable":true,"href":"https:\/\/tourtravelandmore.com\/es\/wp-json\/wp\/v2\/product_cat?post=9139"},{"taxonomy":"product_tag","embeddable":true,"href":"https:\/\/tourtravelandmore.com\/es\/wp-json\/wp\/v2\/product_tag?post=9139"}],"curies":[{"name":"wp","href":"https:\/\/api.w.org\/{rel}","templated":true}]}}