{"id":91354,"date":"2021-01-19T13:52:59","date_gmt":"2021-01-19T12:53:00","guid":{"rendered":"https:\/\/tourtravelandmore.com\/?post_type=product&#038;p=91354"},"modified":"2023-05-27T02:43:10","modified_gmt":"2023-05-27T00:43:10","slug":"tour-privado-a-hunter-valley-desde-sydney","status":"publish","type":"product","link":"https:\/\/tourtravelandmore.com\/es\/tours\/australia-es\/sydney-es\/sydney-actividades-es\/tour-privado-a-hunter-valley-desde-sydney\/","title":{"rendered":"Tour Privado a vi\u00f1edos de Hunter Valley"},"content":{"rendered":"<h2><strong>Descripci\u00f3n del Tour Privado a vi\u00f1edos de Hunter Valley<\/strong><\/h2>\n<p><strong>Hunter Valley<\/strong> es la regi\u00f3n de vi\u00f1edos m\u00e1s antigua de <strong>Australia<\/strong>, famoso por sus variedades <strong>Semill\u00f3n y Shiraz<\/strong>. Visita esta mundialmente reconocida regi\u00f3n durante un<strong> tour privado a Hunter Valley desde Sydney.<\/strong><\/p>\n<p>Para dar comienzo a su tour su chofer\/gu\u00eda le recoger\u00e1 en su sitio deseado en Sydney. Podemos recogerle en su hotel, apartamento, puerto, aeropuerto o sitio deseado en la ciudad. A continuaci\u00f3n daremos inicio a la excursi\u00f3n hacia la regi\u00f3n de vi\u00f1edos Hunter Valley.<\/p>\n<p>Nuestra propuesta es absolutamente adaptable a su deseo personal. En caso de solicitar un itinerario diverso por favor no dude en contactar a nuestro equipo de expertos.<\/p>\n<h2><strong>Puntos de inter\u00e9s en el Tour Privado a vi\u00f1edos de Hunter Valley<\/strong><\/h2>\n<p>Rodeado por un maravilloso paisaje, y ubicado a tan solo 2 horas de <strong><a href=\"https:\/\/es.wikipedia.org\/wiki\/S%C3%ADdney\">Sydney<\/a><\/strong>, la regi\u00f3n de<strong> Hunter Valley<\/strong> ha eclipsado a diversos amantes del vino desde los a\u00f1os 1820. Hunter Valley alberga m\u00e1s vi\u00f1edos que cualquier otra regi\u00f3n de vi\u00f1edos en Australia.<\/p>\n<p>Durante su <strong>tour privado a Hunter Valley desde Sydney<\/strong> visitar\u00e1 usted tres vi\u00f1edos, donde podr\u00e1 probar sus vinos. Tambi\u00e9n podr\u00e1 probar el queso y chocolate de otros vi\u00f1edos. Por supuesto durante su visita al valle disfrutar\u00e1 de la tranquilidad y maravilloso paisaje del valle. Los vi\u00f1edos ofrecen una amplia variedad de vinos. Podr\u00e1 probar Chardonnay, Shiraz y Semill\u00f3n, entre otros.<\/p>\n<p>La regi\u00f3n alberga m\u00e1s de 120 <strong>vi\u00f1edos, diversos restaurantes gourmet, spas de relajaci\u00f3n y mucho m\u00e1s!<\/strong> En caso que lo desee podemos reservarle una mesa en alguno de los maravillosos restaurantes de la regi\u00f3n.<\/p>\n<p>En caso que le interese, podremos coordinar una vuelo en globo aerost\u00e1tico durante la madrugada. Podr\u00e1 subir m\u00e1s de 600 metros y ver el espectacular paisaje de los vi\u00f1edos desde lo alto.<\/p>\n<p>Junto a su chofer\/gu\u00eda disfrutar\u00e1n un inolvidable d\u00eda en las afueras de Sydney. Luego de disfrutar un d\u00eda maravilloso en Hunter Valley retornar\u00e1n a Sydney. Ofrecemos diversos tours desde Sydney, por favor visitar nuestro <strong><a href=\"https:\/\/tourtravelandmore.com\/es\/ciudad\/australia-es\/sydney-es\/\">sitio web<\/a>.<\/strong><\/p>\n","protected":false},"excerpt":{"rendered":"<p>Visite la regi\u00f3n de vi\u00f1edos m\u00e1s antigua de Australia y pruebe sus mejores vinos en una disposici\u00f3n privada desde Sydney.<\/p>\n","protected":false},"featured_media":91375,"comment_status":"open","ping_status":"closed","template":"","meta":{"_acf_changed":false},"product_brand":[],"product_cat":[3421,3424,3431,3434],"product_tag":[],"class_list":{"0":"post-91354","1":"product","2":"type-product","3":"status-publish","4":"has-post-thumbnail","6":"product_cat-australia-es","7":"product_cat-sydney-es","8":"product_cat-sydney-actividades-es","9":"product_cat-sydney-tours-privados-es","11":"first","12":"instock","13":"shipping-taxable","14":"purchasable","15":"product-type-simple"},"acf":[],"yoast_head":"<!-- This site is optimized with the Yoast SEO Premium plugin v25.3.1 (Yoast SEO v25.3.1) - https:\/\/yoast.com\/wordpress\/plugins\/seo\/ -->\n<title>Tour privado a Hunter Valley desde Sydney con gu\u00eda local<\/title>\n<meta name=\"description\" content=\"Disfrute de este tour privado a Hunter Valley desde Sydney junto a un gu\u00eda local experto. Descubra la maravillosa naturaleza de NSW.\" \/>\n<meta name=\"robots\" content=\"index, follow, max-snippet:-1, max-image-preview:large, max-video-preview:-1\" \/>\n<link rel=\"canonical\" href=\"https:\/\/tourtravelandmore.com\/es\/tours\/australia-es\/sydney-es\/sydney-actividades-es\/tour-privado-a-hunter-valley-desde-sydney\/\" \/>\n<meta property=\"og:locale\" content=\"es_ES\" \/>\n<meta property=\"og:type\" content=\"article\" \/>\n<meta property=\"og:title\" content=\"Tour Privado a vi\u00f1edos de Hunter Valley\" \/>\n<meta property=\"og:description\" content=\"Disfrute de este tour privado a Hunter Valley desde Sydney junto a un gu\u00eda local experto. Descubra la maravillosa naturaleza de NSW.\" \/>\n<meta property=\"og:url\" content=\"https:\/\/tourtravelandmore.com\/es\/tours\/australia-es\/sydney-es\/sydney-actividades-es\/tour-privado-a-hunter-valley-desde-sydney\/\" \/>\n<meta property=\"og:site_name\" content=\"Tour Travel And More\" \/>\n<meta property=\"article:publisher\" content=\"https:\/\/www.facebook.com\/tourtravelandmore\/\" \/>\n<meta property=\"article:modified_time\" content=\"2023-05-27T00:43:10+00:00\" \/>\n<meta property=\"og:image\" content=\"https:\/\/tourtravelandmore.com\/wp-content\/uploads\/2021\/01\/Hunter-Valley.jpeg\" \/>\n\t<meta property=\"og:image:width\" content=\"1778\" \/>\n\t<meta property=\"og:image:height\" content=\"1000\" \/>\n\t<meta property=\"og:image:type\" content=\"image\/jpeg\" \/>\n<meta name=\"twitter:card\" content=\"summary_large_image\" \/>\n<meta name=\"twitter:site\" content=\"@TourTravel_More\" \/>\n<meta name=\"twitter:label1\" content=\"Tiempo de lectura\" \/>\n\t<meta name=\"twitter:data1\" content=\"2 minutos\" \/>\n<script type=\"application\/ld+json\" class=\"yoast-schema-graph\">{\"@context\":\"https:\/\/schema.org\",\"@graph\":[{\"@type\":\"WebPage\",\"@id\":\"https:\/\/tourtravelandmore.com\/es\/tours\/australia-es\/sydney-es\/sydney-actividades-es\/tour-privado-a-hunter-valley-desde-sydney\/\",\"url\":\"https:\/\/tourtravelandmore.com\/es\/tours\/australia-es\/sydney-es\/sydney-actividades-es\/tour-privado-a-hunter-valley-desde-sydney\/\",\"name\":\"Tour privado a Hunter Valley desde Sydney con gu\u00eda local\",\"isPartOf\":{\"@id\":\"https:\/\/tourtravelandmore.com\/es\/#website\"},\"primaryImageOfPage\":{\"@id\":\"https:\/\/tourtravelandmore.com\/es\/tours\/australia-es\/sydney-es\/sydney-actividades-es\/tour-privado-a-hunter-valley-desde-sydney\/#primaryimage\"},\"image\":{\"@id\":\"https:\/\/tourtravelandmore.com\/es\/tours\/australia-es\/sydney-es\/sydney-actividades-es\/tour-privado-a-hunter-valley-desde-sydney\/#primaryimage\"},\"thumbnailUrl\":\"https:\/\/tourtravelandmore.com\/wp-content\/uploads\/2021\/01\/Hunter-Valley.jpeg\",\"datePublished\":\"2021-01-19T12:53:00+00:00\",\"dateModified\":\"2023-05-27T00:43:10+00:00\",\"description\":\"Disfrute de este tour privado a Hunter Valley desde Sydney junto a un gu\u00eda local experto. Descubra la maravillosa naturaleza de NSW.\",\"breadcrumb\":{\"@id\":\"https:\/\/tourtravelandmore.com\/es\/tours\/australia-es\/sydney-es\/sydney-actividades-es\/tour-privado-a-hunter-valley-desde-sydney\/#breadcrumb\"},\"inLanguage\":\"es\",\"potentialAction\":[{\"@type\":\"ReadAction\",\"target\":[\"https:\/\/tourtravelandmore.com\/es\/tours\/australia-es\/sydney-es\/sydney-actividades-es\/tour-privado-a-hunter-valley-desde-sydney\/\"]}]},{\"@type\":\"ImageObject\",\"inLanguage\":\"es\",\"@id\":\"https:\/\/tourtravelandmore.com\/es\/tours\/australia-es\/sydney-es\/sydney-actividades-es\/tour-privado-a-hunter-valley-desde-sydney\/#primaryimage\",\"url\":\"https:\/\/tourtravelandmore.com\/wp-content\/uploads\/2021\/01\/Hunter-Valley.jpeg\",\"contentUrl\":\"https:\/\/tourtravelandmore.com\/wp-content\/uploads\/2021\/01\/Hunter-Valley.jpeg\",\"width\":1778,\"height\":1000,\"caption\":\"Hunter Valley 3\"},{\"@type\":\"BreadcrumbList\",\"@id\":\"https:\/\/tourtravelandmore.com\/es\/tours\/australia-es\/sydney-es\/sydney-actividades-es\/tour-privado-a-hunter-valley-desde-sydney\/#breadcrumb\",\"itemListElement\":[{\"@type\":\"ListItem\",\"position\":1,\"name\":\"Home\",\"item\":\"https:\/\/tourtravelandmore.com\/es\/\"},{\"@type\":\"ListItem\",\"position\":2,\"name\":\"Tours\",\"item\":\"https:\/\/tourtravelandmore.com\/es\/tours\/\"},{\"@type\":\"ListItem\",\"position\":3,\"name\":\"Tour Privado a vi\u00f1edos de Hunter Valley\"}]},{\"@type\":\"WebSite\",\"@id\":\"https:\/\/tourtravelandmore.com\/es\/#website\",\"url\":\"https:\/\/tourtravelandmore.com\/es\/\",\"name\":\"Tour Travel And More\",\"description\":\"Private sightseeing tours and luxury transfers in Spain\",\"publisher\":{\"@id\":\"https:\/\/tourtravelandmore.com\/es\/#organization\"},\"potentialAction\":[{\"@type\":\"SearchAction\",\"target\":{\"@type\":\"EntryPoint\",\"urlTemplate\":\"https:\/\/tourtravelandmore.com\/es\/?s={search_term_string}\"},\"query-input\":{\"@type\":\"PropertyValueSpecification\",\"valueRequired\":true,\"valueName\":\"search_term_string\"}}],\"inLanguage\":\"es\"},{\"@type\":\"Organization\",\"@id\":\"https:\/\/tourtravelandmore.com\/es\/#organization\",\"name\":\"Tour Travel And More\",\"url\":\"https:\/\/tourtravelandmore.com\/es\/\",\"logo\":{\"@type\":\"ImageObject\",\"inLanguage\":\"es\",\"@id\":\"https:\/\/tourtravelandmore.com\/es\/#\/schema\/logo\/image\/\",\"url\":\"https:\/\/tourtravelandmore.com\/wp-content\/uploads\/2022\/12\/cropped-logo-cabecera-new.png\",\"contentUrl\":\"https:\/\/tourtravelandmore.com\/wp-content\/uploads\/2022\/12\/cropped-logo-cabecera-new.png\",\"width\":430,\"height\":61,\"caption\":\"Tour Travel And More\"},\"image\":{\"@id\":\"https:\/\/tourtravelandmore.com\/es\/#\/schema\/logo\/image\/\"},\"sameAs\":[\"https:\/\/www.facebook.com\/tourtravelandmore\/\",\"https:\/\/x.com\/TourTravel_More\"]}]}<\/script>\n<!-- \/ Yoast SEO Premium plugin. -->","yoast_head_json":{"title":"Tour privado a Hunter Valley desde Sydney con gu\u00eda local","description":"Disfrute de este tour privado a Hunter Valley desde Sydney junto a un gu\u00eda local experto. Descubra la maravillosa naturaleza de NSW.","robots":{"index":"index","follow":"follow","max-snippet":"max-snippet:-1","max-image-preview":"max-image-preview:large","max-video-preview":"max-video-preview:-1"},"canonical":"https:\/\/tourtravelandmore.com\/es\/tours\/australia-es\/sydney-es\/sydney-actividades-es\/tour-privado-a-hunter-valley-desde-sydney\/","og_locale":"es_ES","og_type":"article","og_title":"Tour Privado a vi\u00f1edos de Hunter Valley","og_description":"Disfrute de este tour privado a Hunter Valley desde Sydney junto a un gu\u00eda local experto. Descubra la maravillosa naturaleza de NSW.","og_url":"https:\/\/tourtravelandmore.com\/es\/tours\/australia-es\/sydney-es\/sydney-actividades-es\/tour-privado-a-hunter-valley-desde-sydney\/","og_site_name":"Tour Travel And More","article_publisher":"https:\/\/www.facebook.com\/tourtravelandmore\/","article_modified_time":"2023-05-27T00:43:10+00:00","og_image":[{"width":1778,"height":1000,"url":"https:\/\/tourtravelandmore.com\/wp-content\/uploads\/2021\/01\/Hunter-Valley.jpeg","type":"image\/jpeg"}],"twitter_card":"summary_large_image","twitter_site":"@TourTravel_More","twitter_misc":{"Tiempo de lectura":"2 minutos"},"schema":{"@context":"https:\/\/schema.org","@graph":[{"@type":"WebPage","@id":"https:\/\/tourtravelandmore.com\/es\/tours\/australia-es\/sydney-es\/sydney-actividades-es\/tour-privado-a-hunter-valley-desde-sydney\/","url":"https:\/\/tourtravelandmore.com\/es\/tours\/australia-es\/sydney-es\/sydney-actividades-es\/tour-privado-a-hunter-valley-desde-sydney\/","name":"Tour privado a Hunter Valley desde Sydney con gu\u00eda local","isPartOf":{"@id":"https:\/\/tourtravelandmore.com\/es\/#website"},"primaryImageOfPage":{"@id":"https:\/\/tourtravelandmore.com\/es\/tours\/australia-es\/sydney-es\/sydney-actividades-es\/tour-privado-a-hunter-valley-desde-sydney\/#primaryimage"},"image":{"@id":"https:\/\/tourtravelandmore.com\/es\/tours\/australia-es\/sydney-es\/sydney-actividades-es\/tour-privado-a-hunter-valley-desde-sydney\/#primaryimage"},"thumbnailUrl":"https:\/\/tourtravelandmore.com\/wp-content\/uploads\/2021\/01\/Hunter-Valley.jpeg","datePublished":"2021-01-19T12:53:00+00:00","dateModified":"2023-05-27T00:43:10+00:00","description":"Disfrute de este tour privado a Hunter Valley desde Sydney junto a un gu\u00eda local experto. Descubra la maravillosa naturaleza de NSW.","breadcrumb":{"@id":"https:\/\/tourtravelandmore.com\/es\/tours\/australia-es\/sydney-es\/sydney-actividades-es\/tour-privado-a-hunter-valley-desde-sydney\/#breadcrumb"},"inLanguage":"es","potentialAction":[{"@type":"ReadAction","target":["https:\/\/tourtravelandmore.com\/es\/tours\/australia-es\/sydney-es\/sydney-actividades-es\/tour-privado-a-hunter-valley-desde-sydney\/"]}]},{"@type":"ImageObject","inLanguage":"es","@id":"https:\/\/tourtravelandmore.com\/es\/tours\/australia-es\/sydney-es\/sydney-actividades-es\/tour-privado-a-hunter-valley-desde-sydney\/#primaryimage","url":"https:\/\/tourtravelandmore.com\/wp-content\/uploads\/2021\/01\/Hunter-Valley.jpeg","contentUrl":"https:\/\/tourtravelandmore.com\/wp-content\/uploads\/2021\/01\/Hunter-Valley.jpeg","width":1778,"height":1000,"caption":"Hunter Valley 3"},{"@type":"BreadcrumbList","@id":"https:\/\/tourtravelandmore.com\/es\/tours\/australia-es\/sydney-es\/sydney-actividades-es\/tour-privado-a-hunter-valley-desde-sydney\/#breadcrumb","itemListElement":[{"@type":"ListItem","position":1,"name":"Home","item":"https:\/\/tourtravelandmore.com\/es\/"},{"@type":"ListItem","position":2,"name":"Tours","item":"https:\/\/tourtravelandmore.com\/es\/tours\/"},{"@type":"ListItem","position":3,"name":"Tour Privado a vi\u00f1edos de Hunter Valley"}]},{"@type":"WebSite","@id":"https:\/\/tourtravelandmore.com\/es\/#website","url":"https:\/\/tourtravelandmore.com\/es\/","name":"Tour Travel And More","description":"Private sightseeing tours and luxury transfers in Spain","publisher":{"@id":"https:\/\/tourtravelandmore.com\/es\/#organization"},"potentialAction":[{"@type":"SearchAction","target":{"@type":"EntryPoint","urlTemplate":"https:\/\/tourtravelandmore.com\/es\/?s={search_term_string}"},"query-input":{"@type":"PropertyValueSpecification","valueRequired":true,"valueName":"search_term_string"}}],"inLanguage":"es"},{"@type":"Organization","@id":"https:\/\/tourtravelandmore.com\/es\/#organization","name":"Tour Travel And More","url":"https:\/\/tourtravelandmore.com\/es\/","logo":{"@type":"ImageObject","inLanguage":"es","@id":"https:\/\/tourtravelandmore.com\/es\/#\/schema\/logo\/image\/","url":"https:\/\/tourtravelandmore.com\/wp-content\/uploads\/2022\/12\/cropped-logo-cabecera-new.png","contentUrl":"https:\/\/tourtravelandmore.com\/wp-content\/uploads\/2022\/12\/cropped-logo-cabecera-new.png","width":430,"height":61,"caption":"Tour Travel And More"},"image":{"@id":"https:\/\/tourtravelandmore.com\/es\/#\/schema\/logo\/image\/"},"sameAs":["https:\/\/www.facebook.com\/tourtravelandmore\/","https:\/\/x.com\/TourTravel_More"]}]}},"_links":{"self":[{"href":"https:\/\/tourtravelandmore.com\/es\/wp-json\/wp\/v2\/product\/91354","targetHints":{"allow":["GET"]}}],"collection":[{"href":"https:\/\/tourtravelandmore.com\/es\/wp-json\/wp\/v2\/product"}],"about":[{"href":"https:\/\/tourtravelandmore.com\/es\/wp-json\/wp\/v2\/types\/product"}],"replies":[{"embeddable":true,"href":"https:\/\/tourtravelandmore.com\/es\/wp-json\/wp\/v2\/comments?post=91354"}],"wp:featuredmedia":[{"embeddable":true,"href":"https:\/\/tourtravelandmore.com\/es\/wp-json\/wp\/v2\/media\/91375"}],"wp:attachment":[{"href":"https:\/\/tourtravelandmore.com\/es\/wp-json\/wp\/v2\/media?parent=91354"}],"wp:term":[{"taxonomy":"product_brand","embeddable":true,"href":"https:\/\/tourtravelandmore.com\/es\/wp-json\/wp\/v2\/product_brand?post=91354"},{"taxonomy":"product_cat","embeddable":true,"href":"https:\/\/tourtravelandmore.com\/es\/wp-json\/wp\/v2\/product_cat?post=91354"},{"taxonomy":"product_tag","embeddable":true,"href":"https:\/\/tourtravelandmore.com\/es\/wp-json\/wp\/v2\/product_tag?post=91354"}],"curies":[{"name":"wp","href":"https:\/\/api.w.org\/{rel}","templated":true}]}}