{"id":9134,"date":"2016-11-10T10:43:52","date_gmt":"2016-11-11T09:45:11","guid":{"rendered":"http:\/\/tourtravelandmore.com\/es\/?post_type=product&#038;p=9134"},"modified":"2021-04-26T11:07:17","modified_gmt":"2021-04-26T09:07:17","slug":"tour-privado-everglades-miami","status":"publish","type":"product","link":"https:\/\/tourtravelandmore.com\/es\/tours\/eeuu-es\/miami-es\/tour-privado-everglades-miami\/","title":{"rendered":"Tour Privado de los Everglades"},"content":{"rendered":"<h2>Descripci\u00f3n del Tour Privado:<\/h2>\n<p>Si va a estar en Miami no puede irse sin realizar un <strong>Miami Everglades Tour.<\/strong><\/p>\n<p>Nuestro chofer\/gu\u00eda lo recoger\u00e1 en su Hotel, Apartamento, Terminal de Cruceros o lugar de su elecci\u00f3n en Miami.\u00a0 \u00a0Tambi\u00e9n pueden escoger la hora de comienzo.<\/p>\n<p>Una vez lleguemos al Parque de los Everglades el paseo en Lancha puede ser en un grupo reducido o en una Lancha privada.<\/p>\n<p>Nosotros cuando enviamos la informaci\u00f3n siempre pasamos la opci\u00f3n de grupo reducido. Los Traslados de Ida y Vuelta si son en coche privado.<\/p>\n<p>La duraci\u00f3n del Miami Everglades Tour es de 4 horas. El paseo en Lancha deslizadora dura aproximadamente 1 hora y 30 minutos.<\/p>\n<h2><strong>Puntos de inter\u00e9s en el parque nacional:<\/strong><\/h2>\n<p><img fetchpriority=\"high\" decoding=\"async\" class=\"alignnone wp-image-106489 size-large\" src=\"https:\/\/tourtravelandmore.com\/wp-content\/uploads\/2016\/11\/Untitled-design-18-1024x683.png\" alt=\"Tour Privado de los Everglades\" width=\"1024\" height=\"683\" srcset=\"https:\/\/tourtravelandmore.com\/wp-content\/uploads\/2016\/11\/Untitled-design-18-1024x683.png 1024w, https:\/\/tourtravelandmore.com\/wp-content\/uploads\/2016\/11\/Untitled-design-18-300x200.png 300w, https:\/\/tourtravelandmore.com\/wp-content\/uploads\/2016\/11\/Untitled-design-18-768x512.png 768w, https:\/\/tourtravelandmore.com\/wp-content\/uploads\/2016\/11\/Untitled-design-18-680x453.png 680w, https:\/\/tourtravelandmore.com\/wp-content\/uploads\/2016\/11\/Untitled-design-18-595x397.png 595w, https:\/\/tourtravelandmore.com\/wp-content\/uploads\/2016\/11\/Untitled-design-18.png 1080w\" sizes=\"(max-width: 1024px) 100vw, 1024px\" \/><\/p>\n<p>El <strong>Parque Nacional Everglades<\/strong> es uno de los parques naturales m\u00e1s conocidos por su <strong>variedad de fauna salvaje<\/strong> y por albergar especies en peligro de extinci\u00f3n como el <strong>cocodrilo americano<\/strong>, la pantera de florida o el manat\u00ed antillano. En 1934 el parque de los Everglades fue designado <strong>Reserva Internacional de Biosfera.<\/strong><\/p>\n<p>Disfruta en el parque de un paseo en Lancha, si escoge la opci\u00f3n de grupo reducido son hasta un m\u00e1ximo de 6 personas, sino ir\u00e1 usted con su famil\u00eda en una Lancha privada.<\/p>\n<p><img decoding=\"async\" class=\"alignnone wp-image-106492 size-full\" src=\"https:\/\/tourtravelandmore.com\/wp-content\/uploads\/2016\/11\/Untitled-design-17.png\" alt=\"Tour Privado Everglades\" width=\"1800\" height=\"380\" srcset=\"https:\/\/tourtravelandmore.com\/wp-content\/uploads\/2016\/11\/Untitled-design-17.png 1800w, https:\/\/tourtravelandmore.com\/wp-content\/uploads\/2016\/11\/Untitled-design-17-300x63.png 300w, https:\/\/tourtravelandmore.com\/wp-content\/uploads\/2016\/11\/Untitled-design-17-1024x216.png 1024w, https:\/\/tourtravelandmore.com\/wp-content\/uploads\/2016\/11\/Untitled-design-17-768x162.png 768w, https:\/\/tourtravelandmore.com\/wp-content\/uploads\/2016\/11\/Untitled-design-17-1536x324.png 1536w, https:\/\/tourtravelandmore.com\/wp-content\/uploads\/2016\/11\/Untitled-design-17-680x144.png 680w, https:\/\/tourtravelandmore.com\/wp-content\/uploads\/2016\/11\/Untitled-design-17-595x126.png 595w\" sizes=\"(max-width: 1800px) 100vw, 1800px\" \/><\/p>\n<div class=\"toggle-content__content toggle-content__content--expanded\">\n<div>Suba a bordo de un hidrodeslizador y participe en un tour de 1 o 1,5 horas por los Everglades de Florida.<\/div>\n<div><\/div>\n<div>Descubra un paisaje que se ha mantenido intacto durante m\u00e1s de 15.000 a\u00f1os mientras observas la diferente fauna y flora.<\/div>\n<div><\/div>\n<div>Contempla unas vistas perfectas desde cualquier parte de la barca y experimenta los Everglades de Florida sin da\u00f1ar el ecosistema.<\/div>\n<div><\/div>\n<div>Desl\u00edzate por las praderas y escucha la historia de la regi\u00f3n. Contempla flores preciosas y mant\u00e9n los ojos bien abiertos para descubrir los caimanes de dientes afilados y las juguetonas nutrias.<\/div>\n<\/div>\n<div><\/div>\n<div>Ser\u00e1 una experiencia \u00fanica y descubrir\u00e1 una zona \u00fanica en Miami. Si va con ni\u00f1os es una actividad muy divertida para realizarla en familia.<\/div>\n<div><\/div>\n<div>Si dispone de m\u00e1s d\u00edas, puede consultar <strong><a href=\"https:\/\/tourtravelandmore.com\/es\/ciudad\/eeuu-es\/miami-es\/\">aqu\u00ed<\/a><\/strong>, el resto de tour privado y actividades que ofrecemos en Miami.<\/div>\n<div><\/div>\n<div>A trav\u00e9s del formulario de contacto, nuestro equipo le enviar\u00e1 la informaci\u00f3n detallada de forma r\u00e1pida.<\/div>\n","protected":false},"excerpt":{"rendered":"<p>Conozca y disfrute de los <strong>Everglades<\/strong> con este <strong>tour privado<\/strong>\u00a0junto a su gu\u00eda oficial privado opcional y su veh\u00edculo de semi-lujo con chofer. Le podemos recoger de su hotel, del aeropuerto o de la terminal de cruceros. Durante este tour podr\u00e1n disfrutar del <strong>precioso paisaje de los Everglades<\/strong>.<\/p>\n","protected":false},"featured_media":9038,"comment_status":"open","ping_status":"closed","template":"","meta":{"_acf_changed":false},"product_brand":[],"product_cat":[1602,333,334,336,335],"product_tag":[],"class_list":{"0":"post-9134","1":"product","2":"type-product","3":"status-publish","4":"has-post-thumbnail","6":"product_cat-eeuu-es","7":"product_cat-miami-es","8":"product_cat-miami-actividades-es","9":"product_cat-miami-rutas-turisticas-privadas-es","10":"product_cat-miami-excursiones-es","12":"first","13":"instock","14":"shipping-taxable","15":"purchasable","16":"product-type-simple"},"acf":[],"yoast_head":"<!-- This site is optimized with the Yoast SEO Premium plugin v25.3.1 (Yoast SEO v25.3.1) - https:\/\/yoast.com\/wordpress\/plugins\/seo\/ -->\n<title>Miami Everglades Tour Privado | Tour Travel &amp; More<\/title>\n<meta name=\"description\" content=\"\u2192 Tour Privado a Miami Everglades, Paseo en Lancha deslizadora, por las praderas, contemple la flora y los caimanes. Reserve Ya! \u2705\" \/>\n<meta name=\"robots\" content=\"index, follow, max-snippet:-1, max-image-preview:large, max-video-preview:-1\" \/>\n<link rel=\"canonical\" href=\"https:\/\/tourtravelandmore.com\/es\/tours\/eeuu-es\/miami-es\/tour-privado-everglades-miami\/\" \/>\n<meta property=\"og:locale\" content=\"es_ES\" \/>\n<meta property=\"og:type\" content=\"article\" \/>\n<meta property=\"og:title\" content=\"Tour Privado de los Everglades\" \/>\n<meta property=\"og:description\" content=\"\u2192 Tour Privado a Miami Everglades, Paseo en Lancha deslizadora, por las praderas, contemple la flora y los caimanes. Reserve Ya! \u2705\" \/>\n<meta property=\"og:url\" content=\"https:\/\/tourtravelandmore.com\/es\/tours\/eeuu-es\/miami-es\/tour-privado-everglades-miami\/\" \/>\n<meta property=\"og:site_name\" content=\"Tour Travel And More\" \/>\n<meta property=\"article:publisher\" content=\"https:\/\/www.facebook.com\/tourtravelandmore\/\" \/>\n<meta property=\"article:modified_time\" content=\"2021-04-26T09:07:17+00:00\" \/>\n<meta property=\"og:image\" content=\"https:\/\/tourtravelandmore.com\/wp-content\/uploads\/2016\/11\/Fotos3.jpg\" \/>\n\t<meta property=\"og:image:width\" content=\"1024\" \/>\n\t<meta property=\"og:image:height\" content=\"683\" \/>\n\t<meta property=\"og:image:type\" content=\"image\/jpeg\" \/>\n<meta name=\"twitter:card\" content=\"summary_large_image\" \/>\n<meta name=\"twitter:site\" content=\"@TourTravel_More\" \/>\n<meta name=\"twitter:label1\" content=\"Tiempo de lectura\" \/>\n\t<meta name=\"twitter:data1\" content=\"2 minutos\" \/>\n<script type=\"application\/ld+json\" class=\"yoast-schema-graph\">{\"@context\":\"https:\/\/schema.org\",\"@graph\":[{\"@type\":\"WebPage\",\"@id\":\"https:\/\/tourtravelandmore.com\/es\/tours\/eeuu-es\/miami-es\/tour-privado-everglades-miami\/\",\"url\":\"https:\/\/tourtravelandmore.com\/es\/tours\/eeuu-es\/miami-es\/tour-privado-everglades-miami\/\",\"name\":\"Miami Everglades Tour Privado | Tour Travel & More\",\"isPartOf\":{\"@id\":\"https:\/\/tourtravelandmore.com\/es\/#website\"},\"primaryImageOfPage\":{\"@id\":\"https:\/\/tourtravelandmore.com\/es\/tours\/eeuu-es\/miami-es\/tour-privado-everglades-miami\/#primaryimage\"},\"image\":{\"@id\":\"https:\/\/tourtravelandmore.com\/es\/tours\/eeuu-es\/miami-es\/tour-privado-everglades-miami\/#primaryimage\"},\"thumbnailUrl\":\"https:\/\/tourtravelandmore.com\/wp-content\/uploads\/2016\/11\/Fotos3.jpg\",\"datePublished\":\"2016-11-11T09:45:11+00:00\",\"dateModified\":\"2021-04-26T09:07:17+00:00\",\"description\":\"\u2192 Tour Privado a Miami Everglades, Paseo en Lancha deslizadora, por las praderas, contemple la flora y los caimanes. Reserve Ya! \u2705\",\"breadcrumb\":{\"@id\":\"https:\/\/tourtravelandmore.com\/es\/tours\/eeuu-es\/miami-es\/tour-privado-everglades-miami\/#breadcrumb\"},\"inLanguage\":\"es\",\"potentialAction\":[{\"@type\":\"ReadAction\",\"target\":[\"https:\/\/tourtravelandmore.com\/es\/tours\/eeuu-es\/miami-es\/tour-privado-everglades-miami\/\"]}]},{\"@type\":\"ImageObject\",\"inLanguage\":\"es\",\"@id\":\"https:\/\/tourtravelandmore.com\/es\/tours\/eeuu-es\/miami-es\/tour-privado-everglades-miami\/#primaryimage\",\"url\":\"https:\/\/tourtravelandmore.com\/wp-content\/uploads\/2016\/11\/Fotos3.jpg\",\"contentUrl\":\"https:\/\/tourtravelandmore.com\/wp-content\/uploads\/2016\/11\/Fotos3.jpg\",\"width\":1024,\"height\":683},{\"@type\":\"BreadcrumbList\",\"@id\":\"https:\/\/tourtravelandmore.com\/es\/tours\/eeuu-es\/miami-es\/tour-privado-everglades-miami\/#breadcrumb\",\"itemListElement\":[{\"@type\":\"ListItem\",\"position\":1,\"name\":\"Home\",\"item\":\"https:\/\/tourtravelandmore.com\/es\/\"},{\"@type\":\"ListItem\",\"position\":2,\"name\":\"Tours\",\"item\":\"https:\/\/tourtravelandmore.com\/es\/tours\/\"},{\"@type\":\"ListItem\",\"position\":3,\"name\":\"Tour Privado de los Everglades\"}]},{\"@type\":\"WebSite\",\"@id\":\"https:\/\/tourtravelandmore.com\/es\/#website\",\"url\":\"https:\/\/tourtravelandmore.com\/es\/\",\"name\":\"Tour Travel And More\",\"description\":\"Private sightseeing tours and luxury transfers in Spain\",\"publisher\":{\"@id\":\"https:\/\/tourtravelandmore.com\/es\/#organization\"},\"potentialAction\":[{\"@type\":\"SearchAction\",\"target\":{\"@type\":\"EntryPoint\",\"urlTemplate\":\"https:\/\/tourtravelandmore.com\/es\/?s={search_term_string}\"},\"query-input\":{\"@type\":\"PropertyValueSpecification\",\"valueRequired\":true,\"valueName\":\"search_term_string\"}}],\"inLanguage\":\"es\"},{\"@type\":\"Organization\",\"@id\":\"https:\/\/tourtravelandmore.com\/es\/#organization\",\"name\":\"Tour Travel And More\",\"url\":\"https:\/\/tourtravelandmore.com\/es\/\",\"logo\":{\"@type\":\"ImageObject\",\"inLanguage\":\"es\",\"@id\":\"https:\/\/tourtravelandmore.com\/es\/#\/schema\/logo\/image\/\",\"url\":\"https:\/\/tourtravelandmore.com\/wp-content\/uploads\/2022\/12\/cropped-logo-cabecera-new.png\",\"contentUrl\":\"https:\/\/tourtravelandmore.com\/wp-content\/uploads\/2022\/12\/cropped-logo-cabecera-new.png\",\"width\":430,\"height\":61,\"caption\":\"Tour Travel And More\"},\"image\":{\"@id\":\"https:\/\/tourtravelandmore.com\/es\/#\/schema\/logo\/image\/\"},\"sameAs\":[\"https:\/\/www.facebook.com\/tourtravelandmore\/\",\"https:\/\/x.com\/TourTravel_More\"]}]}<\/script>\n<!-- \/ Yoast SEO Premium plugin. -->","yoast_head_json":{"title":"Miami Everglades Tour Privado | Tour Travel & More","description":"\u2192 Tour Privado a Miami Everglades, Paseo en Lancha deslizadora, por las praderas, contemple la flora y los caimanes. Reserve Ya! \u2705","robots":{"index":"index","follow":"follow","max-snippet":"max-snippet:-1","max-image-preview":"max-image-preview:large","max-video-preview":"max-video-preview:-1"},"canonical":"https:\/\/tourtravelandmore.com\/es\/tours\/eeuu-es\/miami-es\/tour-privado-everglades-miami\/","og_locale":"es_ES","og_type":"article","og_title":"Tour Privado de los Everglades","og_description":"\u2192 Tour Privado a Miami Everglades, Paseo en Lancha deslizadora, por las praderas, contemple la flora y los caimanes. Reserve Ya! \u2705","og_url":"https:\/\/tourtravelandmore.com\/es\/tours\/eeuu-es\/miami-es\/tour-privado-everglades-miami\/","og_site_name":"Tour Travel And More","article_publisher":"https:\/\/www.facebook.com\/tourtravelandmore\/","article_modified_time":"2021-04-26T09:07:17+00:00","og_image":[{"width":1024,"height":683,"url":"https:\/\/tourtravelandmore.com\/wp-content\/uploads\/2016\/11\/Fotos3.jpg","type":"image\/jpeg"}],"twitter_card":"summary_large_image","twitter_site":"@TourTravel_More","twitter_misc":{"Tiempo de lectura":"2 minutos"},"schema":{"@context":"https:\/\/schema.org","@graph":[{"@type":"WebPage","@id":"https:\/\/tourtravelandmore.com\/es\/tours\/eeuu-es\/miami-es\/tour-privado-everglades-miami\/","url":"https:\/\/tourtravelandmore.com\/es\/tours\/eeuu-es\/miami-es\/tour-privado-everglades-miami\/","name":"Miami Everglades Tour Privado | Tour Travel & More","isPartOf":{"@id":"https:\/\/tourtravelandmore.com\/es\/#website"},"primaryImageOfPage":{"@id":"https:\/\/tourtravelandmore.com\/es\/tours\/eeuu-es\/miami-es\/tour-privado-everglades-miami\/#primaryimage"},"image":{"@id":"https:\/\/tourtravelandmore.com\/es\/tours\/eeuu-es\/miami-es\/tour-privado-everglades-miami\/#primaryimage"},"thumbnailUrl":"https:\/\/tourtravelandmore.com\/wp-content\/uploads\/2016\/11\/Fotos3.jpg","datePublished":"2016-11-11T09:45:11+00:00","dateModified":"2021-04-26T09:07:17+00:00","description":"\u2192 Tour Privado a Miami Everglades, Paseo en Lancha deslizadora, por las praderas, contemple la flora y los caimanes. Reserve Ya! \u2705","breadcrumb":{"@id":"https:\/\/tourtravelandmore.com\/es\/tours\/eeuu-es\/miami-es\/tour-privado-everglades-miami\/#breadcrumb"},"inLanguage":"es","potentialAction":[{"@type":"ReadAction","target":["https:\/\/tourtravelandmore.com\/es\/tours\/eeuu-es\/miami-es\/tour-privado-everglades-miami\/"]}]},{"@type":"ImageObject","inLanguage":"es","@id":"https:\/\/tourtravelandmore.com\/es\/tours\/eeuu-es\/miami-es\/tour-privado-everglades-miami\/#primaryimage","url":"https:\/\/tourtravelandmore.com\/wp-content\/uploads\/2016\/11\/Fotos3.jpg","contentUrl":"https:\/\/tourtravelandmore.com\/wp-content\/uploads\/2016\/11\/Fotos3.jpg","width":1024,"height":683},{"@type":"BreadcrumbList","@id":"https:\/\/tourtravelandmore.com\/es\/tours\/eeuu-es\/miami-es\/tour-privado-everglades-miami\/#breadcrumb","itemListElement":[{"@type":"ListItem","position":1,"name":"Home","item":"https:\/\/tourtravelandmore.com\/es\/"},{"@type":"ListItem","position":2,"name":"Tours","item":"https:\/\/tourtravelandmore.com\/es\/tours\/"},{"@type":"ListItem","position":3,"name":"Tour Privado de los Everglades"}]},{"@type":"WebSite","@id":"https:\/\/tourtravelandmore.com\/es\/#website","url":"https:\/\/tourtravelandmore.com\/es\/","name":"Tour Travel And More","description":"Private sightseeing tours and luxury transfers in Spain","publisher":{"@id":"https:\/\/tourtravelandmore.com\/es\/#organization"},"potentialAction":[{"@type":"SearchAction","target":{"@type":"EntryPoint","urlTemplate":"https:\/\/tourtravelandmore.com\/es\/?s={search_term_string}"},"query-input":{"@type":"PropertyValueSpecification","valueRequired":true,"valueName":"search_term_string"}}],"inLanguage":"es"},{"@type":"Organization","@id":"https:\/\/tourtravelandmore.com\/es\/#organization","name":"Tour Travel And More","url":"https:\/\/tourtravelandmore.com\/es\/","logo":{"@type":"ImageObject","inLanguage":"es","@id":"https:\/\/tourtravelandmore.com\/es\/#\/schema\/logo\/image\/","url":"https:\/\/tourtravelandmore.com\/wp-content\/uploads\/2022\/12\/cropped-logo-cabecera-new.png","contentUrl":"https:\/\/tourtravelandmore.com\/wp-content\/uploads\/2022\/12\/cropped-logo-cabecera-new.png","width":430,"height":61,"caption":"Tour Travel And More"},"image":{"@id":"https:\/\/tourtravelandmore.com\/es\/#\/schema\/logo\/image\/"},"sameAs":["https:\/\/www.facebook.com\/tourtravelandmore\/","https:\/\/x.com\/TourTravel_More"]}]}},"_links":{"self":[{"href":"https:\/\/tourtravelandmore.com\/es\/wp-json\/wp\/v2\/product\/9134","targetHints":{"allow":["GET"]}}],"collection":[{"href":"https:\/\/tourtravelandmore.com\/es\/wp-json\/wp\/v2\/product"}],"about":[{"href":"https:\/\/tourtravelandmore.com\/es\/wp-json\/wp\/v2\/types\/product"}],"replies":[{"embeddable":true,"href":"https:\/\/tourtravelandmore.com\/es\/wp-json\/wp\/v2\/comments?post=9134"}],"wp:featuredmedia":[{"embeddable":true,"href":"https:\/\/tourtravelandmore.com\/es\/wp-json\/wp\/v2\/media\/9038"}],"wp:attachment":[{"href":"https:\/\/tourtravelandmore.com\/es\/wp-json\/wp\/v2\/media?parent=9134"}],"wp:term":[{"taxonomy":"product_brand","embeddable":true,"href":"https:\/\/tourtravelandmore.com\/es\/wp-json\/wp\/v2\/product_brand?post=9134"},{"taxonomy":"product_cat","embeddable":true,"href":"https:\/\/tourtravelandmore.com\/es\/wp-json\/wp\/v2\/product_cat?post=9134"},{"taxonomy":"product_tag","embeddable":true,"href":"https:\/\/tourtravelandmore.com\/es\/wp-json\/wp\/v2\/product_tag?post=9134"}],"curies":[{"name":"wp","href":"https:\/\/api.w.org\/{rel}","templated":true}]}}