{"id":91327,"date":"2021-01-19T12:11:23","date_gmt":"2021-01-19T11:11:24","guid":{"rendered":"https:\/\/tourtravelandmore.com\/?post_type=product&#038;p=91327"},"modified":"2022-01-18T19:00:47","modified_gmt":"2022-01-18T18:00:47","slug":"tour-privado-a-pie-de-nairobi","status":"publish","type":"product","link":"https:\/\/tourtravelandmore.com\/es\/tours\/eeuu-es\/tour-privado-a-pie-de-nairobi\/","title":{"rendered":"Tour Privado a pie de Nairobi"},"content":{"rendered":"<h2>Descripci\u00f3n<\/h2>\n<p>Una de las mejores formas de conocer una ciudad es con un recorrido a pie privado. Nairobi no es diferente. Aunque, cuando piensas en Kenia, \u00a1lo primero que te viene a la mente es un safari! Nairobi tiene mucho m\u00e1s que ofrecer.<\/p>\n<p>Kenia est\u00e1 llena de culturas diversas, esto se puede ver en la vibrante ciudad de Nairobi. \u00a1Tambi\u00e9n tenga la oportunidad de disfrutar de la cocina de la cultura keniana!<\/p>\n<p>Disfruta de un paseo por la ciudad. Esto incluir\u00e1 el centro, el museo del ferrocarril, el centro de conferencias de Kenia y, por supuesto, el Museo de Nairobi.<\/p>\n<p>Este tour privado comenzar\u00e1 en el centro de la ciudad de Nairobi. \u00a1Entonces disfrutaremos de la mejor experiencia de caminata para usted!<\/p>\n<h2>Puntos de inter\u00e9s y monumentos<\/h2>\n<p>Despu\u00e9s de reunirse con nuestro gu\u00eda tur\u00edstico privado, comenzaremos este incre\u00edble recorrido privado a pie por Nairobi. Primero tendremos una vista en el distrito comercial. Iremos al parque Uhuru con su gu\u00eda tur\u00edstico y veremos todo lo que tiene para ofrecer.<\/p>\n<p>Despu\u00e9s de esto, disfrutaremos de una experiencia de caminata por los edificios del Parlamento de Kenia. Si el tiempo lo permite, tambi\u00e9n disfrutaremos de una visita al Mausoleo de Mzee Jomo Kenyata.<\/p>\n<p>Habr\u00e1 una parada, as\u00ed como el Parque conmemorativo del 7 de agosto. Fue construido en 1998 para conmemorar el bombardeo de la embajada de Estados Unidos.<\/p>\n<p>\u00a1Tambi\u00e9n nos tomaremos un tiempo para disfrutar de las vistas en la torre KICC!<\/p>\n<p>Si queda tiempo, nos dirigiremos al mercado Massai junto con su propio gu\u00eda tur\u00edstico.<\/p>\n<p>Nuestro gu\u00eda tur\u00edstico privado estar\u00e1 a su disposici\u00f3n para organizar un gran recorrido privado a pie por Nairobi para usted.<\/p>\n<p>Eche un vistazo a nuestros otros tours privados que ofrecemos en Kenia y Nairobi tambi\u00e9n. \u00a1Echa un vistazo a nuestro recorrido por la ciudad de Nairobi aqu\u00ed!<\/p>\n","protected":false},"excerpt":{"rendered":"<p>Disfruta de este incre\u00edble recorrido a pie en Nairobi. Explore una de las ciudades m\u00e1s bellas y sorprendentes de Nairobi. \u00a1Haga que nuestro gu\u00eda tur\u00edstico privado lo lleve a una experiencia incre\u00edble en Nairobi!<\/p>\n","protected":false},"featured_media":91312,"comment_status":"open","ping_status":"closed","template":"","meta":{"_acf_changed":false},"product_brand":[],"product_cat":[3444,1602],"product_tag":[],"class_list":{"0":"post-91327","1":"product","2":"type-product","3":"status-publish","4":"has-post-thumbnail","6":"product_cat-kenia-sp","7":"product_cat-eeuu-es","9":"first","10":"instock","11":"shipping-taxable","12":"purchasable","13":"product-type-simple"},"acf":[],"yoast_head":"<!-- This site is optimized with the Yoast SEO Premium plugin v25.3.1 (Yoast SEO v25.3.1) - https:\/\/yoast.com\/wordpress\/plugins\/seo\/ -->\n<title>Tour privado a pie por Nairobi con gu\u00eda para una excursi\u00f3n \u00fanica.<\/title>\n<meta name=\"description\" content=\"Explore esta incre\u00edble ciudad de Nairobi. Nuestro gu\u00eda tur\u00edstico privado lo llevar\u00e1 a esta experiencia en este recorrido privado a pie por Nairobi.\" \/>\n<meta name=\"robots\" content=\"index, follow, max-snippet:-1, max-image-preview:large, max-video-preview:-1\" \/>\n<link rel=\"canonical\" href=\"https:\/\/tourtravelandmore.com\/es\/tours\/eeuu-es\/tour-privado-a-pie-de-nairobi\/\" \/>\n<meta property=\"og:locale\" content=\"es_ES\" \/>\n<meta property=\"og:type\" content=\"article\" \/>\n<meta property=\"og:title\" content=\"Tour Privado a pie de Nairobi\" \/>\n<meta property=\"og:description\" content=\"Explore esta incre\u00edble ciudad de Nairobi. Nuestro gu\u00eda tur\u00edstico privado lo llevar\u00e1 a esta experiencia en este recorrido privado a pie por Nairobi.\" \/>\n<meta property=\"og:url\" content=\"https:\/\/tourtravelandmore.com\/es\/tours\/eeuu-es\/tour-privado-a-pie-de-nairobi\/\" \/>\n<meta property=\"og:site_name\" content=\"Tour Travel And More\" \/>\n<meta property=\"article:publisher\" content=\"https:\/\/www.facebook.com\/tourtravelandmore\/\" \/>\n<meta property=\"article:modified_time\" content=\"2022-01-18T18:00:47+00:00\" \/>\n<meta property=\"og:image\" content=\"https:\/\/tourtravelandmore.com\/wp-content\/uploads\/2021\/01\/Nairobi-2-scaled.jpg\" \/>\n\t<meta property=\"og:image:width\" content=\"1707\" \/>\n\t<meta property=\"og:image:height\" content=\"2560\" \/>\n\t<meta property=\"og:image:type\" content=\"image\/jpeg\" \/>\n<meta name=\"twitter:card\" content=\"summary_large_image\" \/>\n<meta name=\"twitter:site\" content=\"@TourTravel_More\" \/>\n<meta name=\"twitter:label1\" content=\"Tiempo de lectura\" \/>\n\t<meta name=\"twitter:data1\" content=\"2 minutos\" \/>\n<script type=\"application\/ld+json\" class=\"yoast-schema-graph\">{\"@context\":\"https:\/\/schema.org\",\"@graph\":[{\"@type\":\"WebPage\",\"@id\":\"https:\/\/tourtravelandmore.com\/es\/tours\/eeuu-es\/tour-privado-a-pie-de-nairobi\/\",\"url\":\"https:\/\/tourtravelandmore.com\/es\/tours\/eeuu-es\/tour-privado-a-pie-de-nairobi\/\",\"name\":\"Tour privado a pie por Nairobi con gu\u00eda para una excursi\u00f3n \u00fanica.\",\"isPartOf\":{\"@id\":\"https:\/\/tourtravelandmore.com\/es\/#website\"},\"primaryImageOfPage\":{\"@id\":\"https:\/\/tourtravelandmore.com\/es\/tours\/eeuu-es\/tour-privado-a-pie-de-nairobi\/#primaryimage\"},\"image\":{\"@id\":\"https:\/\/tourtravelandmore.com\/es\/tours\/eeuu-es\/tour-privado-a-pie-de-nairobi\/#primaryimage\"},\"thumbnailUrl\":\"https:\/\/tourtravelandmore.com\/wp-content\/uploads\/2021\/01\/Nairobi-2-scaled.jpg\",\"datePublished\":\"2021-01-19T11:11:24+00:00\",\"dateModified\":\"2022-01-18T18:00:47+00:00\",\"description\":\"Explore esta incre\u00edble ciudad de Nairobi. Nuestro gu\u00eda tur\u00edstico privado lo llevar\u00e1 a esta experiencia en este recorrido privado a pie por Nairobi.\",\"breadcrumb\":{\"@id\":\"https:\/\/tourtravelandmore.com\/es\/tours\/eeuu-es\/tour-privado-a-pie-de-nairobi\/#breadcrumb\"},\"inLanguage\":\"es\",\"potentialAction\":[{\"@type\":\"ReadAction\",\"target\":[\"https:\/\/tourtravelandmore.com\/es\/tours\/eeuu-es\/tour-privado-a-pie-de-nairobi\/\"]}]},{\"@type\":\"ImageObject\",\"inLanguage\":\"es\",\"@id\":\"https:\/\/tourtravelandmore.com\/es\/tours\/eeuu-es\/tour-privado-a-pie-de-nairobi\/#primaryimage\",\"url\":\"https:\/\/tourtravelandmore.com\/wp-content\/uploads\/2021\/01\/Nairobi-2-scaled.jpg\",\"contentUrl\":\"https:\/\/tourtravelandmore.com\/wp-content\/uploads\/2021\/01\/Nairobi-2-scaled.jpg\",\"width\":1707,\"height\":2560},{\"@type\":\"BreadcrumbList\",\"@id\":\"https:\/\/tourtravelandmore.com\/es\/tours\/eeuu-es\/tour-privado-a-pie-de-nairobi\/#breadcrumb\",\"itemListElement\":[{\"@type\":\"ListItem\",\"position\":1,\"name\":\"Home\",\"item\":\"https:\/\/tourtravelandmore.com\/es\/\"},{\"@type\":\"ListItem\",\"position\":2,\"name\":\"Tours\",\"item\":\"https:\/\/tourtravelandmore.com\/es\/tours\/\"},{\"@type\":\"ListItem\",\"position\":3,\"name\":\"Tour Privado a pie de Nairobi\"}]},{\"@type\":\"WebSite\",\"@id\":\"https:\/\/tourtravelandmore.com\/es\/#website\",\"url\":\"https:\/\/tourtravelandmore.com\/es\/\",\"name\":\"Tour Travel And More\",\"description\":\"Private sightseeing tours and luxury transfers in Spain\",\"publisher\":{\"@id\":\"https:\/\/tourtravelandmore.com\/es\/#organization\"},\"potentialAction\":[{\"@type\":\"SearchAction\",\"target\":{\"@type\":\"EntryPoint\",\"urlTemplate\":\"https:\/\/tourtravelandmore.com\/es\/?s={search_term_string}\"},\"query-input\":{\"@type\":\"PropertyValueSpecification\",\"valueRequired\":true,\"valueName\":\"search_term_string\"}}],\"inLanguage\":\"es\"},{\"@type\":\"Organization\",\"@id\":\"https:\/\/tourtravelandmore.com\/es\/#organization\",\"name\":\"Tour Travel And More\",\"url\":\"https:\/\/tourtravelandmore.com\/es\/\",\"logo\":{\"@type\":\"ImageObject\",\"inLanguage\":\"es\",\"@id\":\"https:\/\/tourtravelandmore.com\/es\/#\/schema\/logo\/image\/\",\"url\":\"https:\/\/tourtravelandmore.com\/wp-content\/uploads\/2022\/12\/cropped-logo-cabecera-new.png\",\"contentUrl\":\"https:\/\/tourtravelandmore.com\/wp-content\/uploads\/2022\/12\/cropped-logo-cabecera-new.png\",\"width\":430,\"height\":61,\"caption\":\"Tour Travel And More\"},\"image\":{\"@id\":\"https:\/\/tourtravelandmore.com\/es\/#\/schema\/logo\/image\/\"},\"sameAs\":[\"https:\/\/www.facebook.com\/tourtravelandmore\/\",\"https:\/\/x.com\/TourTravel_More\"]}]}<\/script>\n<!-- \/ Yoast SEO Premium plugin. -->","yoast_head_json":{"title":"Tour privado a pie por Nairobi con gu\u00eda para una excursi\u00f3n \u00fanica.","description":"Explore esta incre\u00edble ciudad de Nairobi. Nuestro gu\u00eda tur\u00edstico privado lo llevar\u00e1 a esta experiencia en este recorrido privado a pie por Nairobi.","robots":{"index":"index","follow":"follow","max-snippet":"max-snippet:-1","max-image-preview":"max-image-preview:large","max-video-preview":"max-video-preview:-1"},"canonical":"https:\/\/tourtravelandmore.com\/es\/tours\/eeuu-es\/tour-privado-a-pie-de-nairobi\/","og_locale":"es_ES","og_type":"article","og_title":"Tour Privado a pie de Nairobi","og_description":"Explore esta incre\u00edble ciudad de Nairobi. Nuestro gu\u00eda tur\u00edstico privado lo llevar\u00e1 a esta experiencia en este recorrido privado a pie por Nairobi.","og_url":"https:\/\/tourtravelandmore.com\/es\/tours\/eeuu-es\/tour-privado-a-pie-de-nairobi\/","og_site_name":"Tour Travel And More","article_publisher":"https:\/\/www.facebook.com\/tourtravelandmore\/","article_modified_time":"2022-01-18T18:00:47+00:00","og_image":[{"width":1707,"height":2560,"url":"https:\/\/tourtravelandmore.com\/wp-content\/uploads\/2021\/01\/Nairobi-2-scaled.jpg","type":"image\/jpeg"}],"twitter_card":"summary_large_image","twitter_site":"@TourTravel_More","twitter_misc":{"Tiempo de lectura":"2 minutos"},"schema":{"@context":"https:\/\/schema.org","@graph":[{"@type":"WebPage","@id":"https:\/\/tourtravelandmore.com\/es\/tours\/eeuu-es\/tour-privado-a-pie-de-nairobi\/","url":"https:\/\/tourtravelandmore.com\/es\/tours\/eeuu-es\/tour-privado-a-pie-de-nairobi\/","name":"Tour privado a pie por Nairobi con gu\u00eda para una excursi\u00f3n \u00fanica.","isPartOf":{"@id":"https:\/\/tourtravelandmore.com\/es\/#website"},"primaryImageOfPage":{"@id":"https:\/\/tourtravelandmore.com\/es\/tours\/eeuu-es\/tour-privado-a-pie-de-nairobi\/#primaryimage"},"image":{"@id":"https:\/\/tourtravelandmore.com\/es\/tours\/eeuu-es\/tour-privado-a-pie-de-nairobi\/#primaryimage"},"thumbnailUrl":"https:\/\/tourtravelandmore.com\/wp-content\/uploads\/2021\/01\/Nairobi-2-scaled.jpg","datePublished":"2021-01-19T11:11:24+00:00","dateModified":"2022-01-18T18:00:47+00:00","description":"Explore esta incre\u00edble ciudad de Nairobi. Nuestro gu\u00eda tur\u00edstico privado lo llevar\u00e1 a esta experiencia en este recorrido privado a pie por Nairobi.","breadcrumb":{"@id":"https:\/\/tourtravelandmore.com\/es\/tours\/eeuu-es\/tour-privado-a-pie-de-nairobi\/#breadcrumb"},"inLanguage":"es","potentialAction":[{"@type":"ReadAction","target":["https:\/\/tourtravelandmore.com\/es\/tours\/eeuu-es\/tour-privado-a-pie-de-nairobi\/"]}]},{"@type":"ImageObject","inLanguage":"es","@id":"https:\/\/tourtravelandmore.com\/es\/tours\/eeuu-es\/tour-privado-a-pie-de-nairobi\/#primaryimage","url":"https:\/\/tourtravelandmore.com\/wp-content\/uploads\/2021\/01\/Nairobi-2-scaled.jpg","contentUrl":"https:\/\/tourtravelandmore.com\/wp-content\/uploads\/2021\/01\/Nairobi-2-scaled.jpg","width":1707,"height":2560},{"@type":"BreadcrumbList","@id":"https:\/\/tourtravelandmore.com\/es\/tours\/eeuu-es\/tour-privado-a-pie-de-nairobi\/#breadcrumb","itemListElement":[{"@type":"ListItem","position":1,"name":"Home","item":"https:\/\/tourtravelandmore.com\/es\/"},{"@type":"ListItem","position":2,"name":"Tours","item":"https:\/\/tourtravelandmore.com\/es\/tours\/"},{"@type":"ListItem","position":3,"name":"Tour Privado a pie de Nairobi"}]},{"@type":"WebSite","@id":"https:\/\/tourtravelandmore.com\/es\/#website","url":"https:\/\/tourtravelandmore.com\/es\/","name":"Tour Travel And More","description":"Private sightseeing tours and luxury transfers in Spain","publisher":{"@id":"https:\/\/tourtravelandmore.com\/es\/#organization"},"potentialAction":[{"@type":"SearchAction","target":{"@type":"EntryPoint","urlTemplate":"https:\/\/tourtravelandmore.com\/es\/?s={search_term_string}"},"query-input":{"@type":"PropertyValueSpecification","valueRequired":true,"valueName":"search_term_string"}}],"inLanguage":"es"},{"@type":"Organization","@id":"https:\/\/tourtravelandmore.com\/es\/#organization","name":"Tour Travel And More","url":"https:\/\/tourtravelandmore.com\/es\/","logo":{"@type":"ImageObject","inLanguage":"es","@id":"https:\/\/tourtravelandmore.com\/es\/#\/schema\/logo\/image\/","url":"https:\/\/tourtravelandmore.com\/wp-content\/uploads\/2022\/12\/cropped-logo-cabecera-new.png","contentUrl":"https:\/\/tourtravelandmore.com\/wp-content\/uploads\/2022\/12\/cropped-logo-cabecera-new.png","width":430,"height":61,"caption":"Tour Travel And More"},"image":{"@id":"https:\/\/tourtravelandmore.com\/es\/#\/schema\/logo\/image\/"},"sameAs":["https:\/\/www.facebook.com\/tourtravelandmore\/","https:\/\/x.com\/TourTravel_More"]}]}},"_links":{"self":[{"href":"https:\/\/tourtravelandmore.com\/es\/wp-json\/wp\/v2\/product\/91327","targetHints":{"allow":["GET"]}}],"collection":[{"href":"https:\/\/tourtravelandmore.com\/es\/wp-json\/wp\/v2\/product"}],"about":[{"href":"https:\/\/tourtravelandmore.com\/es\/wp-json\/wp\/v2\/types\/product"}],"replies":[{"embeddable":true,"href":"https:\/\/tourtravelandmore.com\/es\/wp-json\/wp\/v2\/comments?post=91327"}],"wp:featuredmedia":[{"embeddable":true,"href":"https:\/\/tourtravelandmore.com\/es\/wp-json\/wp\/v2\/media\/91312"}],"wp:attachment":[{"href":"https:\/\/tourtravelandmore.com\/es\/wp-json\/wp\/v2\/media?parent=91327"}],"wp:term":[{"taxonomy":"product_brand","embeddable":true,"href":"https:\/\/tourtravelandmore.com\/es\/wp-json\/wp\/v2\/product_brand?post=91327"},{"taxonomy":"product_cat","embeddable":true,"href":"https:\/\/tourtravelandmore.com\/es\/wp-json\/wp\/v2\/product_cat?post=91327"},{"taxonomy":"product_tag","embeddable":true,"href":"https:\/\/tourtravelandmore.com\/es\/wp-json\/wp\/v2\/product_tag?post=91327"}],"curies":[{"name":"wp","href":"https:\/\/api.w.org\/{rel}","templated":true}]}}