{"id":913,"date":"2016-03-10T12:20:04","date_gmt":"2016-04-15T18:33:22","guid":{"rendered":"http:\/\/tourtravelandmore.com\/?post_type=product&#038;p=913&#038;lang=es"},"modified":"2023-01-10T03:00:00","modified_gmt":"2023-01-10T02:00:00","slug":"transfer-cordoba-privado-recogidas-aeropuerto-estacion-hotel","status":"publish","type":"product","link":"https:\/\/tourtravelandmore.com\/es\/tours\/espana-es\/cordoba-es\/transfer-cordoba-privado-recogidas-aeropuerto-estacion-hotel\/","title":{"rendered":"Traslado Privado desde Aeropuerto\/Estaci\u00f3n o Hotel en Cordoba"},"content":{"rendered":"<h2><strong>Descripci\u00f3n del Traslado Privado desde Aeropuerto\/Estaci\u00f3n u Hotel en C\u00f3rdoba<\/strong><\/h2>\n<p>Reserve un Traslado C\u00f3rdoba desde el Aeropuerto, Estaci\u00f3n de Tren, Hotel o cualquier lugar. No \u00fanicamente realizamos Traslado C\u00f3rdoba, sino tambi\u00e9n podemos llevarles a las principales ciudades de Andaluc\u00eda: Sevilla, M\u00e1laga, Granada, C\u00e1diz y muchas m\u00e1s.<\/p>\n<p>Le ofrecemos la manera m\u00e1s r\u00e1pida y relajante de llegar a su destino en <strong>C\u00f3rdoba<\/strong> a trav\u00e9s de nuestra flota de coches privados y minivans privados con conductor. \u00a1Disfrute de una experiencia relajante sin colas!<\/p>\n<p>Cuando llegue al aeropuerto o estaci\u00f3n de tren, nuestro personal estar\u00e1 esper\u00e1ndole con un cartel en la terminal de llegada, con su nombre. Si sufre alg\u00fan tipo de retraso su vuelo o tren no se preocupe, nosotros monotiramos los vuelos y Trenes para enviar al conductor a la hora correcta.<\/p>\n<p>Todos nuestros veh\u00edculos son de alta gama, Mercedes E, Mercedes Viano, Mercedes Vito, Skoda. Para grupos m\u00e1s grandes tambi\u00e9n podemos ofrecer nuestros servicios, ya que disponemos de Mini Buses y Buses.<\/p>\n<p>Para poder reservar solamente tiene que contactar con nosotros a trav\u00e9s del formulario de la web y nuestro equipo le enviar\u00e1 la informaci\u00f3n detallada. Una vez confirmada su reserva necesitamos que nos faciliten su vuelo o tren y nombre de su alojamiento.<\/p>\n<p>No limitamos el n\u00famero de maletas, pero le pedimos de informarnos de cuanto equipaje tienen, por razones de log\u00edstica y por si hay que organizar un veh\u00edculo m\u00e1s grande y ajustar la propuesta.<\/p>\n<p>Si necesita silla de bebe o de ni\u00f1o, tiene que contactar con nosotros con anterioridad a su viaje para poder organizarlo.<\/p>\n<p>Ofrecemos tours privados en la ciudad de C\u00f3rdoba, puedes consultar <a href=\"https:\/\/tourtravelandmore.com\/es\/ciudad\/espana-es\/cordoba-es\/\"><strong>aqu\u00ed<\/strong><\/a> el listado.<\/p>\n<h2>Puntos de inter\u00e9s en el Traslado Privado desde Aeropuerto\/Estaci\u00f3n u Hotel en C\u00f3rdoba<\/h2>\n<p>C\u00f3rdoba es una ciudad emblem\u00e1tica y \u00fanica en Andaluc\u00eda. Tiene m\u00e1s de 327,000 habitantes. Es una ciudad preciosa con una historia incre\u00edble. Podr\u00e1 disfrutar de la preciosa mezquita\/catedral. Es un lugar emblem\u00e1tico y \u00fanico. Su centro hist\u00f3rico es declarado patrimonio de la humanidad de la UNESCO.<\/p>\n","protected":false},"excerpt":{"rendered":"<p>Reserva un Traslado privado en la ciudad de Cordoba y evite colas y esperas. Le recogeremos desde cualquier lugar, Hotel, Estaci\u00f3n o Aeropuerto. Tambi\u00e9n podemos realizar el Traslados a las principales ciudad de Andalucia: Sevilla, Granada, C\u00e1diz, M\u00e1laga&#8230;<\/p>\n","protected":false},"featured_media":666,"comment_status":"open","ping_status":"closed","template":"","meta":{"_acf_changed":false},"product_brand":[],"product_cat":[76,77,81],"product_tag":[],"class_list":{"0":"post-913","1":"product","2":"type-product","3":"status-publish","4":"has-post-thumbnail","6":"product_cat-cordoba-es","7":"product_cat-cordoba-actividades-es","8":"product_cat-cordoba-traslados-es","10":"first","11":"instock","12":"shipping-taxable","13":"purchasable","14":"product-type-simple"},"acf":[],"yoast_head":"<!-- This site is optimized with the Yoast SEO Premium plugin v25.3.1 (Yoast SEO v25.3.1) - https:\/\/yoast.com\/wordpress\/plugins\/seo\/ -->\n<title>\u27a1\ufe0f Traslados Cordoba privado | Tour Travel &amp; More<\/title>\n<meta name=\"description\" content=\"Reserva un Transfer Cordoba para evitar colas y llegar r\u00e1pidamente al destino. Podemos recogerle desde su Hotel\/Aeropuerto\/Estaci\u00f3n o cualquier lugar \u2705\" \/>\n<meta name=\"robots\" content=\"index, follow, max-snippet:-1, max-image-preview:large, max-video-preview:-1\" \/>\n<link rel=\"canonical\" href=\"https:\/\/tourtravelandmore.com\/es\/tours\/espana-es\/cordoba-es\/transfer-cordoba-privado-recogidas-aeropuerto-estacion-hotel\/\" \/>\n<meta property=\"og:locale\" content=\"es_ES\" \/>\n<meta property=\"og:type\" content=\"article\" \/>\n<meta property=\"og:title\" content=\"Traslado Privado desde Aeropuerto\/Estaci\u00f3n o Hotel en Cordoba\" \/>\n<meta property=\"og:description\" content=\"Reserva un Transfer Cordoba para evitar colas y llegar r\u00e1pidamente al destino. Podemos recogerle desde su Hotel\/Aeropuerto\/Estaci\u00f3n o cualquier lugar \u2705\" \/>\n<meta property=\"og:url\" content=\"https:\/\/tourtravelandmore.com\/es\/tours\/espana-es\/cordoba-es\/transfer-cordoba-privado-recogidas-aeropuerto-estacion-hotel\/\" \/>\n<meta property=\"og:site_name\" content=\"Tour Travel And More\" \/>\n<meta property=\"article:publisher\" content=\"https:\/\/www.facebook.com\/tourtravelandmore\/\" \/>\n<meta property=\"article:modified_time\" content=\"2023-01-10T02:00:00+00:00\" \/>\n<meta property=\"og:image\" content=\"https:\/\/tourtravelandmore.com\/wp-content\/uploads\/2016\/03\/2014-mercedes-benz-e-class-sport-sedan-profile.jpg\" \/>\n\t<meta property=\"og:image:width\" content=\"1500\" \/>\n\t<meta property=\"og:image:height\" content=\"938\" \/>\n\t<meta property=\"og:image:type\" content=\"image\/jpeg\" \/>\n<meta name=\"twitter:card\" content=\"summary_large_image\" \/>\n<meta name=\"twitter:site\" content=\"@TourTravel_More\" \/>\n<meta name=\"twitter:label1\" content=\"Tiempo de lectura\" \/>\n\t<meta name=\"twitter:data1\" content=\"2 minutos\" \/>\n<script type=\"application\/ld+json\" class=\"yoast-schema-graph\">{\"@context\":\"https:\/\/schema.org\",\"@graph\":[{\"@type\":\"WebPage\",\"@id\":\"https:\/\/tourtravelandmore.com\/es\/tours\/espana-es\/cordoba-es\/transfer-cordoba-privado-recogidas-aeropuerto-estacion-hotel\/\",\"url\":\"https:\/\/tourtravelandmore.com\/es\/tours\/espana-es\/cordoba-es\/transfer-cordoba-privado-recogidas-aeropuerto-estacion-hotel\/\",\"name\":\"\u27a1\ufe0f Traslados Cordoba privado | Tour Travel & More\",\"isPartOf\":{\"@id\":\"https:\/\/tourtravelandmore.com\/es\/#website\"},\"primaryImageOfPage\":{\"@id\":\"https:\/\/tourtravelandmore.com\/es\/tours\/espana-es\/cordoba-es\/transfer-cordoba-privado-recogidas-aeropuerto-estacion-hotel\/#primaryimage\"},\"image\":{\"@id\":\"https:\/\/tourtravelandmore.com\/es\/tours\/espana-es\/cordoba-es\/transfer-cordoba-privado-recogidas-aeropuerto-estacion-hotel\/#primaryimage\"},\"thumbnailUrl\":\"https:\/\/tourtravelandmore.com\/wp-content\/uploads\/2016\/03\/2014-mercedes-benz-e-class-sport-sedan-profile.jpg\",\"datePublished\":\"2016-04-15T18:33:22+00:00\",\"dateModified\":\"2023-01-10T02:00:00+00:00\",\"description\":\"Reserva un Transfer Cordoba para evitar colas y llegar r\u00e1pidamente al destino. Podemos recogerle desde su Hotel\/Aeropuerto\/Estaci\u00f3n o cualquier lugar \u2705\",\"breadcrumb\":{\"@id\":\"https:\/\/tourtravelandmore.com\/es\/tours\/espana-es\/cordoba-es\/transfer-cordoba-privado-recogidas-aeropuerto-estacion-hotel\/#breadcrumb\"},\"inLanguage\":\"es\",\"potentialAction\":[{\"@type\":\"ReadAction\",\"target\":[\"https:\/\/tourtravelandmore.com\/es\/tours\/espana-es\/cordoba-es\/transfer-cordoba-privado-recogidas-aeropuerto-estacion-hotel\/\"]}]},{\"@type\":\"ImageObject\",\"inLanguage\":\"es\",\"@id\":\"https:\/\/tourtravelandmore.com\/es\/tours\/espana-es\/cordoba-es\/transfer-cordoba-privado-recogidas-aeropuerto-estacion-hotel\/#primaryimage\",\"url\":\"https:\/\/tourtravelandmore.com\/wp-content\/uploads\/2016\/03\/2014-mercedes-benz-e-class-sport-sedan-profile.jpg\",\"contentUrl\":\"https:\/\/tourtravelandmore.com\/wp-content\/uploads\/2016\/03\/2014-mercedes-benz-e-class-sport-sedan-profile.jpg\",\"width\":1500,\"height\":938,\"caption\":\"2014 Mercedes-Benz E-Class Sport Sedan.\"},{\"@type\":\"BreadcrumbList\",\"@id\":\"https:\/\/tourtravelandmore.com\/es\/tours\/espana-es\/cordoba-es\/transfer-cordoba-privado-recogidas-aeropuerto-estacion-hotel\/#breadcrumb\",\"itemListElement\":[{\"@type\":\"ListItem\",\"position\":1,\"name\":\"Home\",\"item\":\"https:\/\/tourtravelandmore.com\/es\/\"},{\"@type\":\"ListItem\",\"position\":2,\"name\":\"Tours\",\"item\":\"https:\/\/tourtravelandmore.com\/es\/tours\/\"},{\"@type\":\"ListItem\",\"position\":3,\"name\":\"Traslado Privado desde Aeropuerto\/Estaci\u00f3n o Hotel en Cordoba\"}]},{\"@type\":\"WebSite\",\"@id\":\"https:\/\/tourtravelandmore.com\/es\/#website\",\"url\":\"https:\/\/tourtravelandmore.com\/es\/\",\"name\":\"Tour Travel And More\",\"description\":\"Private sightseeing tours and luxury transfers in Spain\",\"publisher\":{\"@id\":\"https:\/\/tourtravelandmore.com\/es\/#organization\"},\"potentialAction\":[{\"@type\":\"SearchAction\",\"target\":{\"@type\":\"EntryPoint\",\"urlTemplate\":\"https:\/\/tourtravelandmore.com\/es\/?s={search_term_string}\"},\"query-input\":{\"@type\":\"PropertyValueSpecification\",\"valueRequired\":true,\"valueName\":\"search_term_string\"}}],\"inLanguage\":\"es\"},{\"@type\":\"Organization\",\"@id\":\"https:\/\/tourtravelandmore.com\/es\/#organization\",\"name\":\"Tour Travel And More\",\"url\":\"https:\/\/tourtravelandmore.com\/es\/\",\"logo\":{\"@type\":\"ImageObject\",\"inLanguage\":\"es\",\"@id\":\"https:\/\/tourtravelandmore.com\/es\/#\/schema\/logo\/image\/\",\"url\":\"https:\/\/tourtravelandmore.com\/wp-content\/uploads\/2022\/12\/cropped-logo-cabecera-new.png\",\"contentUrl\":\"https:\/\/tourtravelandmore.com\/wp-content\/uploads\/2022\/12\/cropped-logo-cabecera-new.png\",\"width\":430,\"height\":61,\"caption\":\"Tour Travel And More\"},\"image\":{\"@id\":\"https:\/\/tourtravelandmore.com\/es\/#\/schema\/logo\/image\/\"},\"sameAs\":[\"https:\/\/www.facebook.com\/tourtravelandmore\/\",\"https:\/\/x.com\/TourTravel_More\"]}]}<\/script>\n<!-- \/ Yoast SEO Premium plugin. -->","yoast_head_json":{"title":"\u27a1\ufe0f Traslados Cordoba privado | Tour Travel & More","description":"Reserva un Transfer Cordoba para evitar colas y llegar r\u00e1pidamente al destino. Podemos recogerle desde su Hotel\/Aeropuerto\/Estaci\u00f3n o cualquier lugar \u2705","robots":{"index":"index","follow":"follow","max-snippet":"max-snippet:-1","max-image-preview":"max-image-preview:large","max-video-preview":"max-video-preview:-1"},"canonical":"https:\/\/tourtravelandmore.com\/es\/tours\/espana-es\/cordoba-es\/transfer-cordoba-privado-recogidas-aeropuerto-estacion-hotel\/","og_locale":"es_ES","og_type":"article","og_title":"Traslado Privado desde Aeropuerto\/Estaci\u00f3n o Hotel en Cordoba","og_description":"Reserva un Transfer Cordoba para evitar colas y llegar r\u00e1pidamente al destino. Podemos recogerle desde su Hotel\/Aeropuerto\/Estaci\u00f3n o cualquier lugar \u2705","og_url":"https:\/\/tourtravelandmore.com\/es\/tours\/espana-es\/cordoba-es\/transfer-cordoba-privado-recogidas-aeropuerto-estacion-hotel\/","og_site_name":"Tour Travel And More","article_publisher":"https:\/\/www.facebook.com\/tourtravelandmore\/","article_modified_time":"2023-01-10T02:00:00+00:00","og_image":[{"width":1500,"height":938,"url":"https:\/\/tourtravelandmore.com\/wp-content\/uploads\/2016\/03\/2014-mercedes-benz-e-class-sport-sedan-profile.jpg","type":"image\/jpeg"}],"twitter_card":"summary_large_image","twitter_site":"@TourTravel_More","twitter_misc":{"Tiempo de lectura":"2 minutos"},"schema":{"@context":"https:\/\/schema.org","@graph":[{"@type":"WebPage","@id":"https:\/\/tourtravelandmore.com\/es\/tours\/espana-es\/cordoba-es\/transfer-cordoba-privado-recogidas-aeropuerto-estacion-hotel\/","url":"https:\/\/tourtravelandmore.com\/es\/tours\/espana-es\/cordoba-es\/transfer-cordoba-privado-recogidas-aeropuerto-estacion-hotel\/","name":"\u27a1\ufe0f Traslados Cordoba privado | Tour Travel & More","isPartOf":{"@id":"https:\/\/tourtravelandmore.com\/es\/#website"},"primaryImageOfPage":{"@id":"https:\/\/tourtravelandmore.com\/es\/tours\/espana-es\/cordoba-es\/transfer-cordoba-privado-recogidas-aeropuerto-estacion-hotel\/#primaryimage"},"image":{"@id":"https:\/\/tourtravelandmore.com\/es\/tours\/espana-es\/cordoba-es\/transfer-cordoba-privado-recogidas-aeropuerto-estacion-hotel\/#primaryimage"},"thumbnailUrl":"https:\/\/tourtravelandmore.com\/wp-content\/uploads\/2016\/03\/2014-mercedes-benz-e-class-sport-sedan-profile.jpg","datePublished":"2016-04-15T18:33:22+00:00","dateModified":"2023-01-10T02:00:00+00:00","description":"Reserva un Transfer Cordoba para evitar colas y llegar r\u00e1pidamente al destino. Podemos recogerle desde su Hotel\/Aeropuerto\/Estaci\u00f3n o cualquier lugar \u2705","breadcrumb":{"@id":"https:\/\/tourtravelandmore.com\/es\/tours\/espana-es\/cordoba-es\/transfer-cordoba-privado-recogidas-aeropuerto-estacion-hotel\/#breadcrumb"},"inLanguage":"es","potentialAction":[{"@type":"ReadAction","target":["https:\/\/tourtravelandmore.com\/es\/tours\/espana-es\/cordoba-es\/transfer-cordoba-privado-recogidas-aeropuerto-estacion-hotel\/"]}]},{"@type":"ImageObject","inLanguage":"es","@id":"https:\/\/tourtravelandmore.com\/es\/tours\/espana-es\/cordoba-es\/transfer-cordoba-privado-recogidas-aeropuerto-estacion-hotel\/#primaryimage","url":"https:\/\/tourtravelandmore.com\/wp-content\/uploads\/2016\/03\/2014-mercedes-benz-e-class-sport-sedan-profile.jpg","contentUrl":"https:\/\/tourtravelandmore.com\/wp-content\/uploads\/2016\/03\/2014-mercedes-benz-e-class-sport-sedan-profile.jpg","width":1500,"height":938,"caption":"2014 Mercedes-Benz E-Class Sport Sedan."},{"@type":"BreadcrumbList","@id":"https:\/\/tourtravelandmore.com\/es\/tours\/espana-es\/cordoba-es\/transfer-cordoba-privado-recogidas-aeropuerto-estacion-hotel\/#breadcrumb","itemListElement":[{"@type":"ListItem","position":1,"name":"Home","item":"https:\/\/tourtravelandmore.com\/es\/"},{"@type":"ListItem","position":2,"name":"Tours","item":"https:\/\/tourtravelandmore.com\/es\/tours\/"},{"@type":"ListItem","position":3,"name":"Traslado Privado desde Aeropuerto\/Estaci\u00f3n o Hotel en Cordoba"}]},{"@type":"WebSite","@id":"https:\/\/tourtravelandmore.com\/es\/#website","url":"https:\/\/tourtravelandmore.com\/es\/","name":"Tour Travel And More","description":"Private sightseeing tours and luxury transfers in Spain","publisher":{"@id":"https:\/\/tourtravelandmore.com\/es\/#organization"},"potentialAction":[{"@type":"SearchAction","target":{"@type":"EntryPoint","urlTemplate":"https:\/\/tourtravelandmore.com\/es\/?s={search_term_string}"},"query-input":{"@type":"PropertyValueSpecification","valueRequired":true,"valueName":"search_term_string"}}],"inLanguage":"es"},{"@type":"Organization","@id":"https:\/\/tourtravelandmore.com\/es\/#organization","name":"Tour Travel And More","url":"https:\/\/tourtravelandmore.com\/es\/","logo":{"@type":"ImageObject","inLanguage":"es","@id":"https:\/\/tourtravelandmore.com\/es\/#\/schema\/logo\/image\/","url":"https:\/\/tourtravelandmore.com\/wp-content\/uploads\/2022\/12\/cropped-logo-cabecera-new.png","contentUrl":"https:\/\/tourtravelandmore.com\/wp-content\/uploads\/2022\/12\/cropped-logo-cabecera-new.png","width":430,"height":61,"caption":"Tour Travel And More"},"image":{"@id":"https:\/\/tourtravelandmore.com\/es\/#\/schema\/logo\/image\/"},"sameAs":["https:\/\/www.facebook.com\/tourtravelandmore\/","https:\/\/x.com\/TourTravel_More"]}]}},"_links":{"self":[{"href":"https:\/\/tourtravelandmore.com\/es\/wp-json\/wp\/v2\/product\/913","targetHints":{"allow":["GET"]}}],"collection":[{"href":"https:\/\/tourtravelandmore.com\/es\/wp-json\/wp\/v2\/product"}],"about":[{"href":"https:\/\/tourtravelandmore.com\/es\/wp-json\/wp\/v2\/types\/product"}],"replies":[{"embeddable":true,"href":"https:\/\/tourtravelandmore.com\/es\/wp-json\/wp\/v2\/comments?post=913"}],"wp:featuredmedia":[{"embeddable":true,"href":"https:\/\/tourtravelandmore.com\/es\/wp-json\/wp\/v2\/media\/666"}],"wp:attachment":[{"href":"https:\/\/tourtravelandmore.com\/es\/wp-json\/wp\/v2\/media?parent=913"}],"wp:term":[{"taxonomy":"product_brand","embeddable":true,"href":"https:\/\/tourtravelandmore.com\/es\/wp-json\/wp\/v2\/product_brand?post=913"},{"taxonomy":"product_cat","embeddable":true,"href":"https:\/\/tourtravelandmore.com\/es\/wp-json\/wp\/v2\/product_cat?post=913"},{"taxonomy":"product_tag","embeddable":true,"href":"https:\/\/tourtravelandmore.com\/es\/wp-json\/wp\/v2\/product_tag?post=913"}],"curies":[{"name":"wp","href":"https:\/\/api.w.org\/{rel}","templated":true}]}}