{"id":9129,"date":"2016-11-10T10:30:42","date_gmt":"2016-11-11T09:38:33","guid":{"rendered":"http:\/\/tourtravelandmore.com\/es\/?post_type=product&#038;p=9129"},"modified":"2021-04-27T05:12:27","modified_gmt":"2021-04-27T03:12:27","slug":"tour-privado-miami-4-horas","status":"publish","type":"product","link":"https:\/\/tourtravelandmore.com\/es\/tours\/eeuu-es\/miami-es\/tour-privado-miami-4-horas\/","title":{"rendered":"Tour Privado de Miami con chofer\/guia medio dia"},"content":{"rendered":"<h2><strong>Descripci\u00f3n:<\/strong><\/h2>\n<p><strong>Disfrute de este tour privado Miami y conozca lo m\u00e1s importante de la ciudad, junto a nuestro chofer\/gu\u00eda.<\/strong><\/p>\n<p>La duraci\u00f3n del Tour privado Miami es de 4 Horas. Al ser un tour privado pueden escoger el lugar de comienzo: Aeropuerto, Hotel, Terminal de Cruceros, cualquier lugar de Miami. Operamos en todo Miami, podemos recogerle desde cualquier lugar.<\/p>\n<p>Tambi\u00e9n pueden escoger la hora de comienzo de su tour privado Miami.<\/p>\n<p>Conoce las zonas m\u00e1s importantes: <strong>South Beach, Ocean Drive, La Peque\u00f1a Habana, el Monumento al Holocausto y mucho m\u00e1s!!.<\/strong><\/p>\n<h2>Puntos de inter\u00e9s:<\/h2>\n<p><img fetchpriority=\"high\" decoding=\"async\" class=\"alignnone wp-image-106641 size-large\" src=\"https:\/\/tourtravelandmore.com\/wp-content\/uploads\/2016\/11\/Disen\u0303o-sin-ti\u0301tulo-7-1024x576.png\" alt=\"miami luxury tour\" width=\"1024\" height=\"576\" srcset=\"https:\/\/tourtravelandmore.com\/wp-content\/uploads\/2016\/11\/Disen\u0303o-sin-ti\u0301tulo-7-1024x576.png 1024w, https:\/\/tourtravelandmore.com\/wp-content\/uploads\/2016\/11\/Disen\u0303o-sin-ti\u0301tulo-7-300x169.png 300w, https:\/\/tourtravelandmore.com\/wp-content\/uploads\/2016\/11\/Disen\u0303o-sin-ti\u0301tulo-7-768x432.png 768w, https:\/\/tourtravelandmore.com\/wp-content\/uploads\/2016\/11\/Disen\u0303o-sin-ti\u0301tulo-7-1536x864.png 1536w, https:\/\/tourtravelandmore.com\/wp-content\/uploads\/2016\/11\/Disen\u0303o-sin-ti\u0301tulo-7-680x383.png 680w, https:\/\/tourtravelandmore.com\/wp-content\/uploads\/2016\/11\/Disen\u0303o-sin-ti\u0301tulo-7-595x335.png 595w, https:\/\/tourtravelandmore.com\/wp-content\/uploads\/2016\/11\/Disen\u0303o-sin-ti\u0301tulo-7.png 1920w\" sizes=\"(max-width: 1024px) 100vw, 1024px\" \/><\/p>\n<p>Miami es una ciudad que pertenece al estado de Florida, con una fuerte influencia cubana, se refleja en los caf\u00e9s y las tabaquer\u00edas de la Peque\u00f1a Habana. Al otro lado de las aguas turquesa de Biscayne Bay, se encuentra Miami Beach, en la cual se ubica South Beach. Este glamoroso barrio es famoso por sus coloridos edificios art d\u00e9co, la arena blanca, los hoteles junto al mar y los clubes vanguardistas.<\/p>\n<p>Esta ciudad de Florida <strong>tiene mucho m\u00e1s que ofrecer que s\u00f3lo playas. <\/strong>Te encantar\u00e1 la historia y sus principales atracciones.<\/p>\n<p>A la hora escogida nuestro chofer\/gu\u00eda estar\u00e1 esperando para comenzar su tour privado de Miami.<\/p>\n<p>Podremos conocer los siguientes puntos de inter\u00e9s de la ciudad:<\/p>\n<ul>\n<li><strong>South Beach<\/strong><\/li>\n<li><strong>Ocean Drive<\/strong><\/li>\n<li><strong>Art Deco<\/strong><\/li>\n<li><strong>Arte &amp; Graffiti district in Wynwood<\/strong><\/li>\n<li><strong>Little Havana<\/strong><\/li>\n<li><strong>Calle Ocho<\/strong><\/li>\n<li><strong>Key Biscayne<\/strong><\/li>\n<li><strong>Coconut Grove<\/strong><\/li>\n<li><strong>Coral Gables<\/strong><\/li>\n<li><strong>\u00a1Mucho m\u00e1s!<\/strong><\/li>\n<\/ul>\n<p>Si desea conocer tambi\u00e9n las casas de los famosos podemos dejarles en el puerto para que hagan el recorrido en el barco, o si lo desean podemos alargar la duraci\u00f3n del tour y a\u00f1adir el recorrido en Barco y al finalizar devolverle a su hotel o lugar de su elecci\u00f3n.<\/p>\n<p>Operamos en todo Miami no s\u00f3lo ofrecemos tours sino tambi\u00e9n excursiones en Yate, consulte <strong><a href=\"https:\/\/tourtravelandmore.com\/es\/ciudad\/eeuu-es\/miami-es\/\">aqu\u00ed<\/a><\/strong> todos los servicios que ofrecemos en Miami.<\/p>\n<p>&nbsp;<\/p>\n","protected":false},"excerpt":{"rendered":"<p>Conozca lo mejor de Miami de forma c\u00f3moda gracias a un veh\u00edculo privado con chofer que le acompa\u00f1ar\u00e1 durante su tour privado. Visite algunas de las principales atracciones de Miami como South Beach, Ocean Drive, Art Deco o Little Havana.<\/p>\n","protected":false},"featured_media":9007,"comment_status":"open","ping_status":"closed","template":"","meta":{"_acf_changed":false},"product_brand":[],"product_cat":[1602,333,334,549,336],"product_tag":[],"class_list":{"0":"post-9129","1":"product","2":"type-product","3":"status-publish","4":"has-post-thumbnail","6":"product_cat-eeuu-es","7":"product_cat-miami-es","8":"product_cat-miami-actividades-es","9":"product_cat-miami-excursiones-privadas-cruceros-es","10":"product_cat-miami-rutas-turisticas-privadas-es","12":"first","13":"instock","14":"shipping-taxable","15":"purchasable","16":"product-type-simple"},"acf":[],"yoast_head":"<!-- This site is optimized with the Yoast SEO Premium plugin v25.3.1 (Yoast SEO v25.3.1) - https:\/\/yoast.com\/wordpress\/plugins\/seo\/ -->\n<title>Tour Privado Miami con chofer\/guia medio dia - TOUR PRIVADO<\/title>\n<meta name=\"description\" content=\"Disfrute de este Tour privado Miami y conozca la principal ciudad de Florida, junto a su chofer\/gu\u00eda. Conoce South Beach, Ocean Drive, La Peque\u00f1a Habana.\" \/>\n<meta name=\"robots\" content=\"index, follow, max-snippet:-1, max-image-preview:large, max-video-preview:-1\" \/>\n<link rel=\"canonical\" href=\"https:\/\/tourtravelandmore.com\/es\/tours\/eeuu-es\/miami-es\/tour-privado-miami-4-horas\/\" \/>\n<meta property=\"og:locale\" content=\"es_ES\" \/>\n<meta property=\"og:type\" content=\"article\" \/>\n<meta property=\"og:title\" content=\"Tour Privado de Miami con chofer\/guia medio dia\" \/>\n<meta property=\"og:description\" content=\"Disfrute de este Tour privado Miami y conozca la principal ciudad de Florida, junto a su chofer\/gu\u00eda. Conoce South Beach, Ocean Drive, La Peque\u00f1a Habana.\" \/>\n<meta property=\"og:url\" content=\"https:\/\/tourtravelandmore.com\/es\/tours\/eeuu-es\/miami-es\/tour-privado-miami-4-horas\/\" \/>\n<meta property=\"og:site_name\" content=\"Tour Travel And More\" \/>\n<meta property=\"article:publisher\" content=\"https:\/\/www.facebook.com\/tourtravelandmore\/\" \/>\n<meta property=\"article:modified_time\" content=\"2021-04-27T03:12:27+00:00\" \/>\n<meta property=\"og:image\" content=\"https:\/\/tourtravelandmore.com\/wp-content\/uploads\/2016\/11\/Foto-4.jpg\" \/>\n\t<meta property=\"og:image:width\" content=\"1000\" \/>\n\t<meta property=\"og:image:height\" content=\"576\" \/>\n\t<meta property=\"og:image:type\" content=\"image\/jpeg\" \/>\n<meta name=\"twitter:card\" content=\"summary_large_image\" \/>\n<meta name=\"twitter:site\" content=\"@TourTravel_More\" \/>\n<meta name=\"twitter:label1\" content=\"Tiempo de lectura\" \/>\n\t<meta name=\"twitter:data1\" content=\"2 minutos\" \/>\n<script type=\"application\/ld+json\" class=\"yoast-schema-graph\">{\"@context\":\"https:\/\/schema.org\",\"@graph\":[{\"@type\":\"WebPage\",\"@id\":\"https:\/\/tourtravelandmore.com\/es\/tours\/eeuu-es\/miami-es\/tour-privado-miami-4-horas\/\",\"url\":\"https:\/\/tourtravelandmore.com\/es\/tours\/eeuu-es\/miami-es\/tour-privado-miami-4-horas\/\",\"name\":\"Tour Privado Miami con chofer\/guia medio dia - TOUR PRIVADO\",\"isPartOf\":{\"@id\":\"https:\/\/tourtravelandmore.com\/es\/#website\"},\"primaryImageOfPage\":{\"@id\":\"https:\/\/tourtravelandmore.com\/es\/tours\/eeuu-es\/miami-es\/tour-privado-miami-4-horas\/#primaryimage\"},\"image\":{\"@id\":\"https:\/\/tourtravelandmore.com\/es\/tours\/eeuu-es\/miami-es\/tour-privado-miami-4-horas\/#primaryimage\"},\"thumbnailUrl\":\"https:\/\/tourtravelandmore.com\/wp-content\/uploads\/2016\/11\/Foto-4.jpg\",\"datePublished\":\"2016-11-11T09:38:33+00:00\",\"dateModified\":\"2021-04-27T03:12:27+00:00\",\"description\":\"Disfrute de este Tour privado Miami y conozca la principal ciudad de Florida, junto a su chofer\/gu\u00eda. Conoce South Beach, Ocean Drive, La Peque\u00f1a Habana.\",\"breadcrumb\":{\"@id\":\"https:\/\/tourtravelandmore.com\/es\/tours\/eeuu-es\/miami-es\/tour-privado-miami-4-horas\/#breadcrumb\"},\"inLanguage\":\"es\",\"potentialAction\":[{\"@type\":\"ReadAction\",\"target\":[\"https:\/\/tourtravelandmore.com\/es\/tours\/eeuu-es\/miami-es\/tour-privado-miami-4-horas\/\"]}]},{\"@type\":\"ImageObject\",\"inLanguage\":\"es\",\"@id\":\"https:\/\/tourtravelandmore.com\/es\/tours\/eeuu-es\/miami-es\/tour-privado-miami-4-horas\/#primaryimage\",\"url\":\"https:\/\/tourtravelandmore.com\/wp-content\/uploads\/2016\/11\/Foto-4.jpg\",\"contentUrl\":\"https:\/\/tourtravelandmore.com\/wp-content\/uploads\/2016\/11\/Foto-4.jpg\",\"width\":1000,\"height\":576},{\"@type\":\"BreadcrumbList\",\"@id\":\"https:\/\/tourtravelandmore.com\/es\/tours\/eeuu-es\/miami-es\/tour-privado-miami-4-horas\/#breadcrumb\",\"itemListElement\":[{\"@type\":\"ListItem\",\"position\":1,\"name\":\"Home\",\"item\":\"https:\/\/tourtravelandmore.com\/es\/\"},{\"@type\":\"ListItem\",\"position\":2,\"name\":\"Tours\",\"item\":\"https:\/\/tourtravelandmore.com\/es\/tours\/\"},{\"@type\":\"ListItem\",\"position\":3,\"name\":\"Tour Privado de Miami con chofer\/guia medio dia\"}]},{\"@type\":\"WebSite\",\"@id\":\"https:\/\/tourtravelandmore.com\/es\/#website\",\"url\":\"https:\/\/tourtravelandmore.com\/es\/\",\"name\":\"Tour Travel And More\",\"description\":\"Private sightseeing tours and luxury transfers in Spain\",\"publisher\":{\"@id\":\"https:\/\/tourtravelandmore.com\/es\/#organization\"},\"potentialAction\":[{\"@type\":\"SearchAction\",\"target\":{\"@type\":\"EntryPoint\",\"urlTemplate\":\"https:\/\/tourtravelandmore.com\/es\/?s={search_term_string}\"},\"query-input\":{\"@type\":\"PropertyValueSpecification\",\"valueRequired\":true,\"valueName\":\"search_term_string\"}}],\"inLanguage\":\"es\"},{\"@type\":\"Organization\",\"@id\":\"https:\/\/tourtravelandmore.com\/es\/#organization\",\"name\":\"Tour Travel And More\",\"url\":\"https:\/\/tourtravelandmore.com\/es\/\",\"logo\":{\"@type\":\"ImageObject\",\"inLanguage\":\"es\",\"@id\":\"https:\/\/tourtravelandmore.com\/es\/#\/schema\/logo\/image\/\",\"url\":\"https:\/\/tourtravelandmore.com\/wp-content\/uploads\/2022\/12\/cropped-logo-cabecera-new.png\",\"contentUrl\":\"https:\/\/tourtravelandmore.com\/wp-content\/uploads\/2022\/12\/cropped-logo-cabecera-new.png\",\"width\":430,\"height\":61,\"caption\":\"Tour Travel And More\"},\"image\":{\"@id\":\"https:\/\/tourtravelandmore.com\/es\/#\/schema\/logo\/image\/\"},\"sameAs\":[\"https:\/\/www.facebook.com\/tourtravelandmore\/\",\"https:\/\/x.com\/TourTravel_More\"]}]}<\/script>\n<!-- \/ Yoast SEO Premium plugin. -->","yoast_head_json":{"title":"Tour Privado Miami con chofer\/guia medio dia - TOUR PRIVADO","description":"Disfrute de este Tour privado Miami y conozca la principal ciudad de Florida, junto a su chofer\/gu\u00eda. Conoce South Beach, Ocean Drive, La Peque\u00f1a Habana.","robots":{"index":"index","follow":"follow","max-snippet":"max-snippet:-1","max-image-preview":"max-image-preview:large","max-video-preview":"max-video-preview:-1"},"canonical":"https:\/\/tourtravelandmore.com\/es\/tours\/eeuu-es\/miami-es\/tour-privado-miami-4-horas\/","og_locale":"es_ES","og_type":"article","og_title":"Tour Privado de Miami con chofer\/guia medio dia","og_description":"Disfrute de este Tour privado Miami y conozca la principal ciudad de Florida, junto a su chofer\/gu\u00eda. Conoce South Beach, Ocean Drive, La Peque\u00f1a Habana.","og_url":"https:\/\/tourtravelandmore.com\/es\/tours\/eeuu-es\/miami-es\/tour-privado-miami-4-horas\/","og_site_name":"Tour Travel And More","article_publisher":"https:\/\/www.facebook.com\/tourtravelandmore\/","article_modified_time":"2021-04-27T03:12:27+00:00","og_image":[{"width":1000,"height":576,"url":"https:\/\/tourtravelandmore.com\/wp-content\/uploads\/2016\/11\/Foto-4.jpg","type":"image\/jpeg"}],"twitter_card":"summary_large_image","twitter_site":"@TourTravel_More","twitter_misc":{"Tiempo de lectura":"2 minutos"},"schema":{"@context":"https:\/\/schema.org","@graph":[{"@type":"WebPage","@id":"https:\/\/tourtravelandmore.com\/es\/tours\/eeuu-es\/miami-es\/tour-privado-miami-4-horas\/","url":"https:\/\/tourtravelandmore.com\/es\/tours\/eeuu-es\/miami-es\/tour-privado-miami-4-horas\/","name":"Tour Privado Miami con chofer\/guia medio dia - TOUR PRIVADO","isPartOf":{"@id":"https:\/\/tourtravelandmore.com\/es\/#website"},"primaryImageOfPage":{"@id":"https:\/\/tourtravelandmore.com\/es\/tours\/eeuu-es\/miami-es\/tour-privado-miami-4-horas\/#primaryimage"},"image":{"@id":"https:\/\/tourtravelandmore.com\/es\/tours\/eeuu-es\/miami-es\/tour-privado-miami-4-horas\/#primaryimage"},"thumbnailUrl":"https:\/\/tourtravelandmore.com\/wp-content\/uploads\/2016\/11\/Foto-4.jpg","datePublished":"2016-11-11T09:38:33+00:00","dateModified":"2021-04-27T03:12:27+00:00","description":"Disfrute de este Tour privado Miami y conozca la principal ciudad de Florida, junto a su chofer\/gu\u00eda. Conoce South Beach, Ocean Drive, La Peque\u00f1a Habana.","breadcrumb":{"@id":"https:\/\/tourtravelandmore.com\/es\/tours\/eeuu-es\/miami-es\/tour-privado-miami-4-horas\/#breadcrumb"},"inLanguage":"es","potentialAction":[{"@type":"ReadAction","target":["https:\/\/tourtravelandmore.com\/es\/tours\/eeuu-es\/miami-es\/tour-privado-miami-4-horas\/"]}]},{"@type":"ImageObject","inLanguage":"es","@id":"https:\/\/tourtravelandmore.com\/es\/tours\/eeuu-es\/miami-es\/tour-privado-miami-4-horas\/#primaryimage","url":"https:\/\/tourtravelandmore.com\/wp-content\/uploads\/2016\/11\/Foto-4.jpg","contentUrl":"https:\/\/tourtravelandmore.com\/wp-content\/uploads\/2016\/11\/Foto-4.jpg","width":1000,"height":576},{"@type":"BreadcrumbList","@id":"https:\/\/tourtravelandmore.com\/es\/tours\/eeuu-es\/miami-es\/tour-privado-miami-4-horas\/#breadcrumb","itemListElement":[{"@type":"ListItem","position":1,"name":"Home","item":"https:\/\/tourtravelandmore.com\/es\/"},{"@type":"ListItem","position":2,"name":"Tours","item":"https:\/\/tourtravelandmore.com\/es\/tours\/"},{"@type":"ListItem","position":3,"name":"Tour Privado de Miami con chofer\/guia medio dia"}]},{"@type":"WebSite","@id":"https:\/\/tourtravelandmore.com\/es\/#website","url":"https:\/\/tourtravelandmore.com\/es\/","name":"Tour Travel And More","description":"Private sightseeing tours and luxury transfers in Spain","publisher":{"@id":"https:\/\/tourtravelandmore.com\/es\/#organization"},"potentialAction":[{"@type":"SearchAction","target":{"@type":"EntryPoint","urlTemplate":"https:\/\/tourtravelandmore.com\/es\/?s={search_term_string}"},"query-input":{"@type":"PropertyValueSpecification","valueRequired":true,"valueName":"search_term_string"}}],"inLanguage":"es"},{"@type":"Organization","@id":"https:\/\/tourtravelandmore.com\/es\/#organization","name":"Tour Travel And More","url":"https:\/\/tourtravelandmore.com\/es\/","logo":{"@type":"ImageObject","inLanguage":"es","@id":"https:\/\/tourtravelandmore.com\/es\/#\/schema\/logo\/image\/","url":"https:\/\/tourtravelandmore.com\/wp-content\/uploads\/2022\/12\/cropped-logo-cabecera-new.png","contentUrl":"https:\/\/tourtravelandmore.com\/wp-content\/uploads\/2022\/12\/cropped-logo-cabecera-new.png","width":430,"height":61,"caption":"Tour Travel And More"},"image":{"@id":"https:\/\/tourtravelandmore.com\/es\/#\/schema\/logo\/image\/"},"sameAs":["https:\/\/www.facebook.com\/tourtravelandmore\/","https:\/\/x.com\/TourTravel_More"]}]}},"_links":{"self":[{"href":"https:\/\/tourtravelandmore.com\/es\/wp-json\/wp\/v2\/product\/9129","targetHints":{"allow":["GET"]}}],"collection":[{"href":"https:\/\/tourtravelandmore.com\/es\/wp-json\/wp\/v2\/product"}],"about":[{"href":"https:\/\/tourtravelandmore.com\/es\/wp-json\/wp\/v2\/types\/product"}],"replies":[{"embeddable":true,"href":"https:\/\/tourtravelandmore.com\/es\/wp-json\/wp\/v2\/comments?post=9129"}],"wp:featuredmedia":[{"embeddable":true,"href":"https:\/\/tourtravelandmore.com\/es\/wp-json\/wp\/v2\/media\/9007"}],"wp:attachment":[{"href":"https:\/\/tourtravelandmore.com\/es\/wp-json\/wp\/v2\/media?parent=9129"}],"wp:term":[{"taxonomy":"product_brand","embeddable":true,"href":"https:\/\/tourtravelandmore.com\/es\/wp-json\/wp\/v2\/product_brand?post=9129"},{"taxonomy":"product_cat","embeddable":true,"href":"https:\/\/tourtravelandmore.com\/es\/wp-json\/wp\/v2\/product_cat?post=9129"},{"taxonomy":"product_tag","embeddable":true,"href":"https:\/\/tourtravelandmore.com\/es\/wp-json\/wp\/v2\/product_tag?post=9129"}],"curies":[{"name":"wp","href":"https:\/\/api.w.org\/{rel}","templated":true}]}}