{"id":91281,"date":"2021-01-19T11:33:16","date_gmt":"2021-01-19T10:33:16","guid":{"rendered":"https:\/\/tourtravelandmore.com\/?post_type=product&#038;p=91281"},"modified":"2022-01-18T19:00:54","modified_gmt":"2022-01-18T18:00:54","slug":"tour-privado-de-nairobi","status":"publish","type":"product","link":"https:\/\/tourtravelandmore.com\/es\/tours\/eeuu-es\/tour-privado-de-nairobi\/","title":{"rendered":"Tour Privado de Nairobi"},"content":{"rendered":"<h2>Descripci\u00f3n<\/h2>\n<p>Para este tour privado, deje que nuestro equipo lo recoja en su hotel en Nairobi y estaremos all\u00ed para hacer que su recorrido sea \u00fanico.<\/p>\n<p>H\u00e1ganos saber d\u00f3nde se encuentra su hotel en Nairobi y nos dirigiremos hacia el centro Giraffe.<\/p>\n<p>Para este tour tenemos dos opciones. Podemos incluir visitar el centro de la ciudad de Nairobi o podemos pasar un tiempo viendo el Orfanato de Jirafas y Elefantes.<\/p>\n<p>Un recorrido a pie por el centro de la ciudad tambi\u00e9n es una gran opci\u00f3n. \u00a1Nairobi es una ciudad con mucho que ofrecer! Cuando visite Kenia, puede tener la oportunidad de incluir tambi\u00e9n una ciudad y una visita cultural adem\u00e1s de toda la incre\u00edble experiencia de Safari.<\/p>\n<h2>Puntos de inter\u00e9s y monumentos<\/h2>\n<p>Despu\u00e9s de que lo recojan de su hotel en Nairobi, \u00a1comencemos este tour privado!<\/p>\n<p>Organizaremos una visita al Centro de Jirafas. Aqu\u00ed puede alimentar manualmente a las jirafas Rothschild en peligro de extinci\u00f3n. Pase un tiempo aqu\u00ed disfrutando del centro Giraffe. Disfrutar\u00e1 de unos 10 minutos en coche del centro de Nairobi. Es un centro que fue creado para proteger a la jirafa en peligro de extinci\u00f3n. Hay una gran educaci\u00f3n sobre la conservaci\u00f3n de la vida silvestre para ni\u00f1os peque\u00f1os y viajeros. Es un atractivo principal para los escolares y visitantes ver a las jirafas en un entorno protegido.<\/p>\n<p>Despu\u00e9s de esta incre\u00edble experiencia, haga que su conductor-gu\u00eda lo lleve al orfanato de elefantes David Sheldrick. Aqu\u00ed puede tener una vista de la protecci\u00f3n de los elefantes. Es un exitoso programa de rescate y rehabilitaci\u00f3n de elefantes hu\u00e9rfanos. Hay numerosas cantidades de atenci\u00f3n veterinaria, as\u00ed como m\u00e1s de 200 elefantes hu\u00e9rfanos criados.<\/p>\n<p>Cuando haya terminado, su conductor-gu\u00eda privado lo llevar\u00e1 de regreso a su hotel en Nairobi.<\/p>\n<p>\u00a1Disfruta de esta incre\u00edble experiencia en Nairobi! Tambi\u00e9n tendr\u00e1 una gran vista panor\u00e1mica de la ciudad de Nairobi.<\/p>\n","protected":false},"excerpt":{"rendered":"<p>Explore una de las ciudades m\u00e1s bellas y sorprendentes de Nairobi. \u00a1Haga que nuestro equipo privado lo lleve a una experiencia incre\u00edble en Nairobi!<\/p>\n","protected":false},"featured_media":91309,"comment_status":"open","ping_status":"closed","template":"","meta":{"_acf_changed":false},"product_brand":[],"product_cat":[3444,1602],"product_tag":[],"class_list":{"0":"post-91281","1":"product","2":"type-product","3":"status-publish","4":"has-post-thumbnail","6":"product_cat-kenia-sp","7":"product_cat-eeuu-es","9":"first","10":"instock","11":"shipping-taxable","12":"purchasable","13":"product-type-simple"},"acf":[],"yoast_head":"<!-- This site is optimized with the Yoast SEO Premium plugin v25.3.1 (Yoast SEO v25.3.1) - https:\/\/yoast.com\/wordpress\/plugins\/seo\/ -->\n<title>Tour privado de Nairobi con conductor-gu\u00eda para una excursi\u00f3n \u00fanica.<\/title>\n<meta name=\"description\" content=\"Explore una de las ciudades m\u00e1s bellas y sorprendentes de Nairobi. \u00a1Nuestro equipo privado lo llevar\u00e1 a esta experiencia con nuestro tour privado de Nairobi!\" \/>\n<meta name=\"robots\" content=\"index, follow, max-snippet:-1, max-image-preview:large, max-video-preview:-1\" \/>\n<link rel=\"canonical\" href=\"https:\/\/tourtravelandmore.com\/es\/tours\/eeuu-es\/tour-privado-de-nairobi\/\" \/>\n<meta property=\"og:locale\" content=\"es_ES\" \/>\n<meta property=\"og:type\" content=\"article\" \/>\n<meta property=\"og:title\" content=\"Tour Privado de Nairobi\" \/>\n<meta property=\"og:description\" content=\"Explore una de las ciudades m\u00e1s bellas y sorprendentes de Nairobi. \u00a1Nuestro equipo privado lo llevar\u00e1 a esta experiencia con nuestro tour privado de Nairobi!\" \/>\n<meta property=\"og:url\" content=\"https:\/\/tourtravelandmore.com\/es\/tours\/eeuu-es\/tour-privado-de-nairobi\/\" \/>\n<meta property=\"og:site_name\" content=\"Tour Travel And More\" \/>\n<meta property=\"article:publisher\" content=\"https:\/\/www.facebook.com\/tourtravelandmore\/\" \/>\n<meta property=\"article:modified_time\" content=\"2022-01-18T18:00:54+00:00\" \/>\n<meta property=\"og:image\" content=\"https:\/\/tourtravelandmore.com\/wp-content\/uploads\/2021\/01\/Kenya-scaled.jpg\" \/>\n\t<meta property=\"og:image:width\" content=\"2560\" \/>\n\t<meta property=\"og:image:height\" content=\"1707\" \/>\n\t<meta property=\"og:image:type\" content=\"image\/jpeg\" \/>\n<meta name=\"twitter:card\" content=\"summary_large_image\" \/>\n<meta name=\"twitter:site\" content=\"@TourTravel_More\" \/>\n<meta name=\"twitter:label1\" content=\"Tiempo de lectura\" \/>\n\t<meta name=\"twitter:data1\" content=\"2 minutos\" \/>\n<script type=\"application\/ld+json\" class=\"yoast-schema-graph\">{\"@context\":\"https:\/\/schema.org\",\"@graph\":[{\"@type\":\"WebPage\",\"@id\":\"https:\/\/tourtravelandmore.com\/es\/tours\/eeuu-es\/tour-privado-de-nairobi\/\",\"url\":\"https:\/\/tourtravelandmore.com\/es\/tours\/eeuu-es\/tour-privado-de-nairobi\/\",\"name\":\"Tour privado de Nairobi con conductor-gu\u00eda para una excursi\u00f3n \u00fanica.\",\"isPartOf\":{\"@id\":\"https:\/\/tourtravelandmore.com\/es\/#website\"},\"primaryImageOfPage\":{\"@id\":\"https:\/\/tourtravelandmore.com\/es\/tours\/eeuu-es\/tour-privado-de-nairobi\/#primaryimage\"},\"image\":{\"@id\":\"https:\/\/tourtravelandmore.com\/es\/tours\/eeuu-es\/tour-privado-de-nairobi\/#primaryimage\"},\"thumbnailUrl\":\"https:\/\/tourtravelandmore.com\/wp-content\/uploads\/2021\/01\/Kenya-scaled.jpg\",\"datePublished\":\"2021-01-19T10:33:16+00:00\",\"dateModified\":\"2022-01-18T18:00:54+00:00\",\"description\":\"Explore una de las ciudades m\u00e1s bellas y sorprendentes de Nairobi. \u00a1Nuestro equipo privado lo llevar\u00e1 a esta experiencia con nuestro tour privado de Nairobi!\",\"breadcrumb\":{\"@id\":\"https:\/\/tourtravelandmore.com\/es\/tours\/eeuu-es\/tour-privado-de-nairobi\/#breadcrumb\"},\"inLanguage\":\"es\",\"potentialAction\":[{\"@type\":\"ReadAction\",\"target\":[\"https:\/\/tourtravelandmore.com\/es\/tours\/eeuu-es\/tour-privado-de-nairobi\/\"]}]},{\"@type\":\"ImageObject\",\"inLanguage\":\"es\",\"@id\":\"https:\/\/tourtravelandmore.com\/es\/tours\/eeuu-es\/tour-privado-de-nairobi\/#primaryimage\",\"url\":\"https:\/\/tourtravelandmore.com\/wp-content\/uploads\/2021\/01\/Kenya-scaled.jpg\",\"contentUrl\":\"https:\/\/tourtravelandmore.com\/wp-content\/uploads\/2021\/01\/Kenya-scaled.jpg\",\"width\":2560,\"height\":1707},{\"@type\":\"BreadcrumbList\",\"@id\":\"https:\/\/tourtravelandmore.com\/es\/tours\/eeuu-es\/tour-privado-de-nairobi\/#breadcrumb\",\"itemListElement\":[{\"@type\":\"ListItem\",\"position\":1,\"name\":\"Home\",\"item\":\"https:\/\/tourtravelandmore.com\/es\/\"},{\"@type\":\"ListItem\",\"position\":2,\"name\":\"Tours\",\"item\":\"https:\/\/tourtravelandmore.com\/es\/tours\/\"},{\"@type\":\"ListItem\",\"position\":3,\"name\":\"Tour Privado de Nairobi\"}]},{\"@type\":\"WebSite\",\"@id\":\"https:\/\/tourtravelandmore.com\/es\/#website\",\"url\":\"https:\/\/tourtravelandmore.com\/es\/\",\"name\":\"Tour Travel And More\",\"description\":\"Private sightseeing tours and luxury transfers in Spain\",\"publisher\":{\"@id\":\"https:\/\/tourtravelandmore.com\/es\/#organization\"},\"potentialAction\":[{\"@type\":\"SearchAction\",\"target\":{\"@type\":\"EntryPoint\",\"urlTemplate\":\"https:\/\/tourtravelandmore.com\/es\/?s={search_term_string}\"},\"query-input\":{\"@type\":\"PropertyValueSpecification\",\"valueRequired\":true,\"valueName\":\"search_term_string\"}}],\"inLanguage\":\"es\"},{\"@type\":\"Organization\",\"@id\":\"https:\/\/tourtravelandmore.com\/es\/#organization\",\"name\":\"Tour Travel And More\",\"url\":\"https:\/\/tourtravelandmore.com\/es\/\",\"logo\":{\"@type\":\"ImageObject\",\"inLanguage\":\"es\",\"@id\":\"https:\/\/tourtravelandmore.com\/es\/#\/schema\/logo\/image\/\",\"url\":\"https:\/\/tourtravelandmore.com\/wp-content\/uploads\/2022\/12\/cropped-logo-cabecera-new.png\",\"contentUrl\":\"https:\/\/tourtravelandmore.com\/wp-content\/uploads\/2022\/12\/cropped-logo-cabecera-new.png\",\"width\":430,\"height\":61,\"caption\":\"Tour Travel And More\"},\"image\":{\"@id\":\"https:\/\/tourtravelandmore.com\/es\/#\/schema\/logo\/image\/\"},\"sameAs\":[\"https:\/\/www.facebook.com\/tourtravelandmore\/\",\"https:\/\/x.com\/TourTravel_More\"]}]}<\/script>\n<!-- \/ Yoast SEO Premium plugin. -->","yoast_head_json":{"title":"Tour privado de Nairobi con conductor-gu\u00eda para una excursi\u00f3n \u00fanica.","description":"Explore una de las ciudades m\u00e1s bellas y sorprendentes de Nairobi. \u00a1Nuestro equipo privado lo llevar\u00e1 a esta experiencia con nuestro tour privado de Nairobi!","robots":{"index":"index","follow":"follow","max-snippet":"max-snippet:-1","max-image-preview":"max-image-preview:large","max-video-preview":"max-video-preview:-1"},"canonical":"https:\/\/tourtravelandmore.com\/es\/tours\/eeuu-es\/tour-privado-de-nairobi\/","og_locale":"es_ES","og_type":"article","og_title":"Tour Privado de Nairobi","og_description":"Explore una de las ciudades m\u00e1s bellas y sorprendentes de Nairobi. \u00a1Nuestro equipo privado lo llevar\u00e1 a esta experiencia con nuestro tour privado de Nairobi!","og_url":"https:\/\/tourtravelandmore.com\/es\/tours\/eeuu-es\/tour-privado-de-nairobi\/","og_site_name":"Tour Travel And More","article_publisher":"https:\/\/www.facebook.com\/tourtravelandmore\/","article_modified_time":"2022-01-18T18:00:54+00:00","og_image":[{"width":2560,"height":1707,"url":"https:\/\/tourtravelandmore.com\/wp-content\/uploads\/2021\/01\/Kenya-scaled.jpg","type":"image\/jpeg"}],"twitter_card":"summary_large_image","twitter_site":"@TourTravel_More","twitter_misc":{"Tiempo de lectura":"2 minutos"},"schema":{"@context":"https:\/\/schema.org","@graph":[{"@type":"WebPage","@id":"https:\/\/tourtravelandmore.com\/es\/tours\/eeuu-es\/tour-privado-de-nairobi\/","url":"https:\/\/tourtravelandmore.com\/es\/tours\/eeuu-es\/tour-privado-de-nairobi\/","name":"Tour privado de Nairobi con conductor-gu\u00eda para una excursi\u00f3n \u00fanica.","isPartOf":{"@id":"https:\/\/tourtravelandmore.com\/es\/#website"},"primaryImageOfPage":{"@id":"https:\/\/tourtravelandmore.com\/es\/tours\/eeuu-es\/tour-privado-de-nairobi\/#primaryimage"},"image":{"@id":"https:\/\/tourtravelandmore.com\/es\/tours\/eeuu-es\/tour-privado-de-nairobi\/#primaryimage"},"thumbnailUrl":"https:\/\/tourtravelandmore.com\/wp-content\/uploads\/2021\/01\/Kenya-scaled.jpg","datePublished":"2021-01-19T10:33:16+00:00","dateModified":"2022-01-18T18:00:54+00:00","description":"Explore una de las ciudades m\u00e1s bellas y sorprendentes de Nairobi. \u00a1Nuestro equipo privado lo llevar\u00e1 a esta experiencia con nuestro tour privado de Nairobi!","breadcrumb":{"@id":"https:\/\/tourtravelandmore.com\/es\/tours\/eeuu-es\/tour-privado-de-nairobi\/#breadcrumb"},"inLanguage":"es","potentialAction":[{"@type":"ReadAction","target":["https:\/\/tourtravelandmore.com\/es\/tours\/eeuu-es\/tour-privado-de-nairobi\/"]}]},{"@type":"ImageObject","inLanguage":"es","@id":"https:\/\/tourtravelandmore.com\/es\/tours\/eeuu-es\/tour-privado-de-nairobi\/#primaryimage","url":"https:\/\/tourtravelandmore.com\/wp-content\/uploads\/2021\/01\/Kenya-scaled.jpg","contentUrl":"https:\/\/tourtravelandmore.com\/wp-content\/uploads\/2021\/01\/Kenya-scaled.jpg","width":2560,"height":1707},{"@type":"BreadcrumbList","@id":"https:\/\/tourtravelandmore.com\/es\/tours\/eeuu-es\/tour-privado-de-nairobi\/#breadcrumb","itemListElement":[{"@type":"ListItem","position":1,"name":"Home","item":"https:\/\/tourtravelandmore.com\/es\/"},{"@type":"ListItem","position":2,"name":"Tours","item":"https:\/\/tourtravelandmore.com\/es\/tours\/"},{"@type":"ListItem","position":3,"name":"Tour Privado de Nairobi"}]},{"@type":"WebSite","@id":"https:\/\/tourtravelandmore.com\/es\/#website","url":"https:\/\/tourtravelandmore.com\/es\/","name":"Tour Travel And More","description":"Private sightseeing tours and luxury transfers in Spain","publisher":{"@id":"https:\/\/tourtravelandmore.com\/es\/#organization"},"potentialAction":[{"@type":"SearchAction","target":{"@type":"EntryPoint","urlTemplate":"https:\/\/tourtravelandmore.com\/es\/?s={search_term_string}"},"query-input":{"@type":"PropertyValueSpecification","valueRequired":true,"valueName":"search_term_string"}}],"inLanguage":"es"},{"@type":"Organization","@id":"https:\/\/tourtravelandmore.com\/es\/#organization","name":"Tour Travel And More","url":"https:\/\/tourtravelandmore.com\/es\/","logo":{"@type":"ImageObject","inLanguage":"es","@id":"https:\/\/tourtravelandmore.com\/es\/#\/schema\/logo\/image\/","url":"https:\/\/tourtravelandmore.com\/wp-content\/uploads\/2022\/12\/cropped-logo-cabecera-new.png","contentUrl":"https:\/\/tourtravelandmore.com\/wp-content\/uploads\/2022\/12\/cropped-logo-cabecera-new.png","width":430,"height":61,"caption":"Tour Travel And More"},"image":{"@id":"https:\/\/tourtravelandmore.com\/es\/#\/schema\/logo\/image\/"},"sameAs":["https:\/\/www.facebook.com\/tourtravelandmore\/","https:\/\/x.com\/TourTravel_More"]}]}},"_links":{"self":[{"href":"https:\/\/tourtravelandmore.com\/es\/wp-json\/wp\/v2\/product\/91281","targetHints":{"allow":["GET"]}}],"collection":[{"href":"https:\/\/tourtravelandmore.com\/es\/wp-json\/wp\/v2\/product"}],"about":[{"href":"https:\/\/tourtravelandmore.com\/es\/wp-json\/wp\/v2\/types\/product"}],"replies":[{"embeddable":true,"href":"https:\/\/tourtravelandmore.com\/es\/wp-json\/wp\/v2\/comments?post=91281"}],"wp:featuredmedia":[{"embeddable":true,"href":"https:\/\/tourtravelandmore.com\/es\/wp-json\/wp\/v2\/media\/91309"}],"wp:attachment":[{"href":"https:\/\/tourtravelandmore.com\/es\/wp-json\/wp\/v2\/media?parent=91281"}],"wp:term":[{"taxonomy":"product_brand","embeddable":true,"href":"https:\/\/tourtravelandmore.com\/es\/wp-json\/wp\/v2\/product_brand?post=91281"},{"taxonomy":"product_cat","embeddable":true,"href":"https:\/\/tourtravelandmore.com\/es\/wp-json\/wp\/v2\/product_cat?post=91281"},{"taxonomy":"product_tag","embeddable":true,"href":"https:\/\/tourtravelandmore.com\/es\/wp-json\/wp\/v2\/product_tag?post=91281"}],"curies":[{"name":"wp","href":"https:\/\/api.w.org\/{rel}","templated":true}]}}