{"id":91222,"date":"2021-01-19T10:42:57","date_gmt":"2021-01-19T09:42:59","guid":{"rendered":"https:\/\/tourtravelandmore.com\/?post_type=product&#038;p=91222"},"modified":"2023-05-27T02:44:10","modified_gmt":"2023-05-27T00:44:10","slug":"tour-privado-montanas-azules-desde-sydney","status":"publish","type":"product","link":"https:\/\/tourtravelandmore.com\/es\/tours\/australia-es\/sydney-es\/sydney-actividades-es\/tour-privado-montanas-azules-desde-sydney\/","title":{"rendered":"Tour Privado a las Monta\u00f1as Azules"},"content":{"rendered":"<h2><strong>Descripci\u00f3n del Tour Privado a las Monta\u00f1as Azules<\/strong><\/h2>\n<p>Las <strong>Monta\u00f1as Azules<\/strong>, declaradas patrimonio de la humanidad, es uno de los sitios m\u00e1s espectaculares alrededor de <strong>Sydney<\/strong>. Perm\u00edtenos ense\u00f1arte este maravilloso sitio con nuestro<strong> tour privado a las monta\u00f1as azules desde Sydney.<\/strong><\/p>\n<p>Para dar comienzo al tour su chofer\/gu\u00eda le recoger\u00e1 en su <strong>sitio deseado en Sydney.<\/strong> El sitio de recogida es adaptable a su deseo personal. Le podemos recoger en su hotel, apartamento, puerto de cruceros o sitio deseado en la ciudad. A continuaci\u00f3n iniciaremos su excursi\u00f3n privada hacia las maravillosas <strong>Monta\u00f1as Azules.<\/strong><\/p>\n<p>El itinerario del tour es solo tentativo. En caso que desee visitar alg\u00fan sitio puntual durante su tour, no dude en contactarnos.<\/p>\n<h2><strong>Puntos de inter\u00e9s en el Tour Privado a las Monta\u00f1as Azules<\/strong><\/h2>\n<p>Ubicado aproximadamente a 1 horas y 45 minutos de <strong>Sydney<\/strong>, el patrimonio mundial de las <strong>Monta\u00f1as Azules<\/strong> es uno de los sitios m\u00e1s visitado en <strong>New South Wales.<\/strong> \u00a8La regi\u00f3n abarca 1,03 millones de hect\u00e1reas de mesetas calizas, gargantas y escarpaduras, donde predominan bosques de eucaliptos de zona templada.\u00a8 Este maravilloso sitio constituye una de las zonas de bosque m\u00e1s grandes y mejor protegidas de <strong>Australia<\/strong>.<\/p>\n<p>De camino a las Monta\u00f1as Azules podr\u00e1n detenerse en el <strong><a href=\"https:\/\/www.featherdale.com.au\/\">Featherdale Wildlife Park<\/a>.<\/strong> All\u00ed podr\u00e1 ver <strong>koalas, canguros y otros animales nativos de Australia.<\/strong><\/p>\n<p>A continuaci\u00f3n seguir\u00e1n viaje hacia las <strong>Monta\u00f1as Azules.<\/strong> All\u00ed visitar\u00e1n sus <strong>miradores, cascadas y maravillosos pueblos.<\/strong> Junto a su gu\u00eda explorar\u00e1n los caminos dentro del porque y se adentrar\u00e1n en la fant\u00e1stica naturaleza del parque nacional. Podr\u00e1s ver las m\u00edticas <strong>tres hermanas, Katoomba<\/strong> y muchos m\u00e1s sitios!<\/p>\n<p>Durante su tour tendr\u00e1n tiempo libre para almorzar en el Leura, uno de los pueblos m\u00e1s bonitos de la zona.<\/p>\n<p>Su chofer\/gu\u00eda privado se asegurar\u00e1 de que usted disfrute un tiempo inolvidable durante su tour privado a las monta\u00f1as azules desde Sydney. Ofrecemos diversos tours all\u00ed, visite nuestro <a href=\"https:\/\/tourtravelandmore.com\/es\/ciudad\/australia-es\/sydney-es\/sydney-actividades-es\/\">sitio web<\/a> para ver los tours.<\/p>\n","protected":false},"excerpt":{"rendered":"<p>Visite uno de las regiones m\u00e1s bonitas de Australia, patrimonio de la humanidad, junto a un gu\u00eda local experto desde Sydney.<\/p>\n","protected":false},"featured_media":91255,"comment_status":"open","ping_status":"closed","template":"","meta":{"_acf_changed":false},"product_brand":[],"product_cat":[3421,3424,3431,3434],"product_tag":[],"class_list":{"0":"post-91222","1":"product","2":"type-product","3":"status-publish","4":"has-post-thumbnail","6":"product_cat-australia-es","7":"product_cat-sydney-es","8":"product_cat-sydney-actividades-es","9":"product_cat-sydney-tours-privados-es","11":"first","12":"instock","13":"shipping-taxable","14":"purchasable","15":"product-type-simple"},"acf":[],"yoast_head":"<!-- This site is optimized with the Yoast SEO Premium plugin v25.3.1 (Yoast SEO v25.3.1) - https:\/\/yoast.com\/wordpress\/plugins\/seo\/ -->\n<title>Tour privado a las Monta\u00f1as Azules desde Sydney<\/title>\n<meta name=\"description\" content=\"Disfrute de este tour privado a las monta\u00f1as azules desde Sydney junto a un gu\u00eda local experto. Descubra la maravillosa naturaleza de NSW.\" \/>\n<meta name=\"robots\" content=\"index, follow, max-snippet:-1, max-image-preview:large, max-video-preview:-1\" \/>\n<link rel=\"canonical\" href=\"https:\/\/tourtravelandmore.com\/es\/tours\/australia-es\/sydney-es\/sydney-actividades-es\/tour-privado-montanas-azules-desde-sydney\/\" \/>\n<meta property=\"og:locale\" content=\"es_ES\" \/>\n<meta property=\"og:type\" content=\"article\" \/>\n<meta property=\"og:title\" content=\"Tour Privado a las Monta\u00f1as Azules\" \/>\n<meta property=\"og:description\" content=\"Disfrute de este tour privado a las monta\u00f1as azules desde Sydney junto a un gu\u00eda local experto. Descubra la maravillosa naturaleza de NSW.\" \/>\n<meta property=\"og:url\" content=\"https:\/\/tourtravelandmore.com\/es\/tours\/australia-es\/sydney-es\/sydney-actividades-es\/tour-privado-montanas-azules-desde-sydney\/\" \/>\n<meta property=\"og:site_name\" content=\"Tour Travel And More\" \/>\n<meta property=\"article:publisher\" content=\"https:\/\/www.facebook.com\/tourtravelandmore\/\" \/>\n<meta property=\"article:modified_time\" content=\"2023-05-27T00:44:10+00:00\" \/>\n<meta property=\"og:image\" content=\"https:\/\/tourtravelandmore.com\/wp-content\/uploads\/2021\/01\/Blue-mount.jpeg\" \/>\n\t<meta property=\"og:image:width\" content=\"1350\" \/>\n\t<meta property=\"og:image:height\" content=\"900\" \/>\n\t<meta property=\"og:image:type\" content=\"image\/jpeg\" \/>\n<meta name=\"twitter:card\" content=\"summary_large_image\" \/>\n<meta name=\"twitter:site\" content=\"@TourTravel_More\" \/>\n<meta name=\"twitter:label1\" content=\"Tiempo de lectura\" \/>\n\t<meta name=\"twitter:data1\" content=\"2 minutos\" \/>\n<script type=\"application\/ld+json\" class=\"yoast-schema-graph\">{\"@context\":\"https:\/\/schema.org\",\"@graph\":[{\"@type\":\"WebPage\",\"@id\":\"https:\/\/tourtravelandmore.com\/es\/tours\/australia-es\/sydney-es\/sydney-actividades-es\/tour-privado-montanas-azules-desde-sydney\/\",\"url\":\"https:\/\/tourtravelandmore.com\/es\/tours\/australia-es\/sydney-es\/sydney-actividades-es\/tour-privado-montanas-azules-desde-sydney\/\",\"name\":\"Tour privado a las Monta\u00f1as Azules desde Sydney\",\"isPartOf\":{\"@id\":\"https:\/\/tourtravelandmore.com\/es\/#website\"},\"primaryImageOfPage\":{\"@id\":\"https:\/\/tourtravelandmore.com\/es\/tours\/australia-es\/sydney-es\/sydney-actividades-es\/tour-privado-montanas-azules-desde-sydney\/#primaryimage\"},\"image\":{\"@id\":\"https:\/\/tourtravelandmore.com\/es\/tours\/australia-es\/sydney-es\/sydney-actividades-es\/tour-privado-montanas-azules-desde-sydney\/#primaryimage\"},\"thumbnailUrl\":\"https:\/\/tourtravelandmore.com\/wp-content\/uploads\/2021\/01\/Blue-mount.jpeg\",\"datePublished\":\"2021-01-19T09:42:59+00:00\",\"dateModified\":\"2023-05-27T00:44:10+00:00\",\"description\":\"Disfrute de este tour privado a las monta\u00f1as azules desde Sydney junto a un gu\u00eda local experto. Descubra la maravillosa naturaleza de NSW.\",\"breadcrumb\":{\"@id\":\"https:\/\/tourtravelandmore.com\/es\/tours\/australia-es\/sydney-es\/sydney-actividades-es\/tour-privado-montanas-azules-desde-sydney\/#breadcrumb\"},\"inLanguage\":\"es\",\"potentialAction\":[{\"@type\":\"ReadAction\",\"target\":[\"https:\/\/tourtravelandmore.com\/es\/tours\/australia-es\/sydney-es\/sydney-actividades-es\/tour-privado-montanas-azules-desde-sydney\/\"]}]},{\"@type\":\"ImageObject\",\"inLanguage\":\"es\",\"@id\":\"https:\/\/tourtravelandmore.com\/es\/tours\/australia-es\/sydney-es\/sydney-actividades-es\/tour-privado-montanas-azules-desde-sydney\/#primaryimage\",\"url\":\"https:\/\/tourtravelandmore.com\/wp-content\/uploads\/2021\/01\/Blue-mount.jpeg\",\"contentUrl\":\"https:\/\/tourtravelandmore.com\/wp-content\/uploads\/2021\/01\/Blue-mount.jpeg\",\"width\":1350,\"height\":900,\"caption\":\"Blue mountains\"},{\"@type\":\"BreadcrumbList\",\"@id\":\"https:\/\/tourtravelandmore.com\/es\/tours\/australia-es\/sydney-es\/sydney-actividades-es\/tour-privado-montanas-azules-desde-sydney\/#breadcrumb\",\"itemListElement\":[{\"@type\":\"ListItem\",\"position\":1,\"name\":\"Home\",\"item\":\"https:\/\/tourtravelandmore.com\/es\/\"},{\"@type\":\"ListItem\",\"position\":2,\"name\":\"Tours\",\"item\":\"https:\/\/tourtravelandmore.com\/es\/tours\/\"},{\"@type\":\"ListItem\",\"position\":3,\"name\":\"Tour Privado a las Monta\u00f1as Azules\"}]},{\"@type\":\"WebSite\",\"@id\":\"https:\/\/tourtravelandmore.com\/es\/#website\",\"url\":\"https:\/\/tourtravelandmore.com\/es\/\",\"name\":\"Tour Travel And More\",\"description\":\"Private sightseeing tours and luxury transfers in Spain\",\"publisher\":{\"@id\":\"https:\/\/tourtravelandmore.com\/es\/#organization\"},\"potentialAction\":[{\"@type\":\"SearchAction\",\"target\":{\"@type\":\"EntryPoint\",\"urlTemplate\":\"https:\/\/tourtravelandmore.com\/es\/?s={search_term_string}\"},\"query-input\":{\"@type\":\"PropertyValueSpecification\",\"valueRequired\":true,\"valueName\":\"search_term_string\"}}],\"inLanguage\":\"es\"},{\"@type\":\"Organization\",\"@id\":\"https:\/\/tourtravelandmore.com\/es\/#organization\",\"name\":\"Tour Travel And More\",\"url\":\"https:\/\/tourtravelandmore.com\/es\/\",\"logo\":{\"@type\":\"ImageObject\",\"inLanguage\":\"es\",\"@id\":\"https:\/\/tourtravelandmore.com\/es\/#\/schema\/logo\/image\/\",\"url\":\"https:\/\/tourtravelandmore.com\/wp-content\/uploads\/2022\/12\/cropped-logo-cabecera-new.png\",\"contentUrl\":\"https:\/\/tourtravelandmore.com\/wp-content\/uploads\/2022\/12\/cropped-logo-cabecera-new.png\",\"width\":430,\"height\":61,\"caption\":\"Tour Travel And More\"},\"image\":{\"@id\":\"https:\/\/tourtravelandmore.com\/es\/#\/schema\/logo\/image\/\"},\"sameAs\":[\"https:\/\/www.facebook.com\/tourtravelandmore\/\",\"https:\/\/x.com\/TourTravel_More\"]}]}<\/script>\n<!-- \/ Yoast SEO Premium plugin. -->","yoast_head_json":{"title":"Tour privado a las Monta\u00f1as Azules desde Sydney","description":"Disfrute de este tour privado a las monta\u00f1as azules desde Sydney junto a un gu\u00eda local experto. Descubra la maravillosa naturaleza de NSW.","robots":{"index":"index","follow":"follow","max-snippet":"max-snippet:-1","max-image-preview":"max-image-preview:large","max-video-preview":"max-video-preview:-1"},"canonical":"https:\/\/tourtravelandmore.com\/es\/tours\/australia-es\/sydney-es\/sydney-actividades-es\/tour-privado-montanas-azules-desde-sydney\/","og_locale":"es_ES","og_type":"article","og_title":"Tour Privado a las Monta\u00f1as Azules","og_description":"Disfrute de este tour privado a las monta\u00f1as azules desde Sydney junto a un gu\u00eda local experto. Descubra la maravillosa naturaleza de NSW.","og_url":"https:\/\/tourtravelandmore.com\/es\/tours\/australia-es\/sydney-es\/sydney-actividades-es\/tour-privado-montanas-azules-desde-sydney\/","og_site_name":"Tour Travel And More","article_publisher":"https:\/\/www.facebook.com\/tourtravelandmore\/","article_modified_time":"2023-05-27T00:44:10+00:00","og_image":[{"width":1350,"height":900,"url":"https:\/\/tourtravelandmore.com\/wp-content\/uploads\/2021\/01\/Blue-mount.jpeg","type":"image\/jpeg"}],"twitter_card":"summary_large_image","twitter_site":"@TourTravel_More","twitter_misc":{"Tiempo de lectura":"2 minutos"},"schema":{"@context":"https:\/\/schema.org","@graph":[{"@type":"WebPage","@id":"https:\/\/tourtravelandmore.com\/es\/tours\/australia-es\/sydney-es\/sydney-actividades-es\/tour-privado-montanas-azules-desde-sydney\/","url":"https:\/\/tourtravelandmore.com\/es\/tours\/australia-es\/sydney-es\/sydney-actividades-es\/tour-privado-montanas-azules-desde-sydney\/","name":"Tour privado a las Monta\u00f1as Azules desde Sydney","isPartOf":{"@id":"https:\/\/tourtravelandmore.com\/es\/#website"},"primaryImageOfPage":{"@id":"https:\/\/tourtravelandmore.com\/es\/tours\/australia-es\/sydney-es\/sydney-actividades-es\/tour-privado-montanas-azules-desde-sydney\/#primaryimage"},"image":{"@id":"https:\/\/tourtravelandmore.com\/es\/tours\/australia-es\/sydney-es\/sydney-actividades-es\/tour-privado-montanas-azules-desde-sydney\/#primaryimage"},"thumbnailUrl":"https:\/\/tourtravelandmore.com\/wp-content\/uploads\/2021\/01\/Blue-mount.jpeg","datePublished":"2021-01-19T09:42:59+00:00","dateModified":"2023-05-27T00:44:10+00:00","description":"Disfrute de este tour privado a las monta\u00f1as azules desde Sydney junto a un gu\u00eda local experto. Descubra la maravillosa naturaleza de NSW.","breadcrumb":{"@id":"https:\/\/tourtravelandmore.com\/es\/tours\/australia-es\/sydney-es\/sydney-actividades-es\/tour-privado-montanas-azules-desde-sydney\/#breadcrumb"},"inLanguage":"es","potentialAction":[{"@type":"ReadAction","target":["https:\/\/tourtravelandmore.com\/es\/tours\/australia-es\/sydney-es\/sydney-actividades-es\/tour-privado-montanas-azules-desde-sydney\/"]}]},{"@type":"ImageObject","inLanguage":"es","@id":"https:\/\/tourtravelandmore.com\/es\/tours\/australia-es\/sydney-es\/sydney-actividades-es\/tour-privado-montanas-azules-desde-sydney\/#primaryimage","url":"https:\/\/tourtravelandmore.com\/wp-content\/uploads\/2021\/01\/Blue-mount.jpeg","contentUrl":"https:\/\/tourtravelandmore.com\/wp-content\/uploads\/2021\/01\/Blue-mount.jpeg","width":1350,"height":900,"caption":"Blue mountains"},{"@type":"BreadcrumbList","@id":"https:\/\/tourtravelandmore.com\/es\/tours\/australia-es\/sydney-es\/sydney-actividades-es\/tour-privado-montanas-azules-desde-sydney\/#breadcrumb","itemListElement":[{"@type":"ListItem","position":1,"name":"Home","item":"https:\/\/tourtravelandmore.com\/es\/"},{"@type":"ListItem","position":2,"name":"Tours","item":"https:\/\/tourtravelandmore.com\/es\/tours\/"},{"@type":"ListItem","position":3,"name":"Tour Privado a las Monta\u00f1as Azules"}]},{"@type":"WebSite","@id":"https:\/\/tourtravelandmore.com\/es\/#website","url":"https:\/\/tourtravelandmore.com\/es\/","name":"Tour Travel And More","description":"Private sightseeing tours and luxury transfers in Spain","publisher":{"@id":"https:\/\/tourtravelandmore.com\/es\/#organization"},"potentialAction":[{"@type":"SearchAction","target":{"@type":"EntryPoint","urlTemplate":"https:\/\/tourtravelandmore.com\/es\/?s={search_term_string}"},"query-input":{"@type":"PropertyValueSpecification","valueRequired":true,"valueName":"search_term_string"}}],"inLanguage":"es"},{"@type":"Organization","@id":"https:\/\/tourtravelandmore.com\/es\/#organization","name":"Tour Travel And More","url":"https:\/\/tourtravelandmore.com\/es\/","logo":{"@type":"ImageObject","inLanguage":"es","@id":"https:\/\/tourtravelandmore.com\/es\/#\/schema\/logo\/image\/","url":"https:\/\/tourtravelandmore.com\/wp-content\/uploads\/2022\/12\/cropped-logo-cabecera-new.png","contentUrl":"https:\/\/tourtravelandmore.com\/wp-content\/uploads\/2022\/12\/cropped-logo-cabecera-new.png","width":430,"height":61,"caption":"Tour Travel And More"},"image":{"@id":"https:\/\/tourtravelandmore.com\/es\/#\/schema\/logo\/image\/"},"sameAs":["https:\/\/www.facebook.com\/tourtravelandmore\/","https:\/\/x.com\/TourTravel_More"]}]}},"_links":{"self":[{"href":"https:\/\/tourtravelandmore.com\/es\/wp-json\/wp\/v2\/product\/91222","targetHints":{"allow":["GET"]}}],"collection":[{"href":"https:\/\/tourtravelandmore.com\/es\/wp-json\/wp\/v2\/product"}],"about":[{"href":"https:\/\/tourtravelandmore.com\/es\/wp-json\/wp\/v2\/types\/product"}],"replies":[{"embeddable":true,"href":"https:\/\/tourtravelandmore.com\/es\/wp-json\/wp\/v2\/comments?post=91222"}],"wp:featuredmedia":[{"embeddable":true,"href":"https:\/\/tourtravelandmore.com\/es\/wp-json\/wp\/v2\/media\/91255"}],"wp:attachment":[{"href":"https:\/\/tourtravelandmore.com\/es\/wp-json\/wp\/v2\/media?parent=91222"}],"wp:term":[{"taxonomy":"product_brand","embeddable":true,"href":"https:\/\/tourtravelandmore.com\/es\/wp-json\/wp\/v2\/product_brand?post=91222"},{"taxonomy":"product_cat","embeddable":true,"href":"https:\/\/tourtravelandmore.com\/es\/wp-json\/wp\/v2\/product_cat?post=91222"},{"taxonomy":"product_tag","embeddable":true,"href":"https:\/\/tourtravelandmore.com\/es\/wp-json\/wp\/v2\/product_tag?post=91222"}],"curies":[{"name":"wp","href":"https:\/\/api.w.org\/{rel}","templated":true}]}}