{"id":91186,"date":"2021-01-18T14:24:13","date_gmt":"2021-01-18T13:24:14","guid":{"rendered":"https:\/\/tourtravelandmore.com\/?post_type=product&#038;p=91186"},"modified":"2023-05-27T02:43:59","modified_gmt":"2023-05-27T00:43:59","slug":"tour-privado-de-sydney","status":"publish","type":"product","link":"https:\/\/tourtravelandmore.com\/es\/tours\/australia-es\/sydney-es\/sydney-actividades-es\/tour-privado-de-sydney\/","title":{"rendered":"Tour Privado de Sydney"},"content":{"rendered":"<h2><strong>Descripci\u00f3n del Tour Privado de Sydney<\/strong><\/h2>\n<p>Aprovecha al m\u00e1ximo tu visita a <strong>Sydney<\/strong> y disfruta nuestro <strong>tour privado de Sydney<\/strong>. Perm\u00edtenos ense\u00f1arte la ciudad y sus sitios m\u00e1s emblem\u00e1ticos junto a uno de nuestros gu\u00edas locales expertos.<\/p>\n<p>Para dar comienzo a su tour su chofer\/gu\u00eda le recoger\u00e1 en su sitio deseado en la ciudad. A continuaci\u00f3n comenzar\u00e1 su paseo privado por la ciudad. Le podremos recoger en su hotel, alojamiento o incluso en el puerto de cruceros. Contacte con nosotros y uno de nuestros expertos le ayudar\u00e1 a coordinar una experiencia personalizada.<\/p>\n<h2><strong>Puntos de inter\u00e9s en el Tour Privado de Sydney<\/strong><\/h2>\n<p>La historia moderna de <a href=\"https:\/\/es.wikipedia.org\/wiki\/S%C3%ADdney\"><strong>Sydney<\/strong> <\/a>comenz\u00f3 con la primera llegada de la <strong>flota brit\u00e1nica en 1788<\/strong>. A continuaci\u00f3n fue creada la colonia penal de <strong>Inglaterra<\/strong> all\u00ed. El primer impulso de crecimiento de <strong>Sydney<\/strong>\u2014de 60,000 a 400,000 habitantes\u2014 tom\u00f3 parte entre los a\u00f1os 1850 y 1890.<\/p>\n<p>Hoy en d\u00eda la ciudad atrae a m\u00e1s de 16 millones de personas cada a\u00f1o. <strong>Sus maravillosas playas, fascinante escena gastron\u00f3mica y espectaculares alrededores hacen a Sydney uno de los mejores destino mundiales.<\/strong><\/p>\n<p>Durante su <strong>tour privado de Sydney <\/strong>podr\u00e1 descubrir la historia y visitar los sitios m\u00e1s emblem\u00e1ticos de la ciudad. Junto a su chofer\/gu\u00eda privado podr\u00e1 usted adentrarse en la historia y leyendas de la ciudad.<\/p>\n<p>Dependiendo la duraci\u00f3n de su tour podr\u00e1 visitar m\u00e1s o menos sitios de la ciudad. No olvide que todos nuestros tours son privado, por lo que podr\u00e1n ser adaptados de acuerdo a su inter\u00e9s personal. Algunos de los sitios que podr\u00e1 visitar durante su tour son:<\/p>\n<p>En un tour de 4 horas<\/p>\n<ul>\n<li><strong>The Rocks: La zona m\u00e1s antigua de la ciudad<\/strong><\/li>\n<li><strong>Sydney Opera House: Uno de los edificios m\u00e1s fotografiados del mundo<\/strong><\/li>\n<li><strong>Mrs Macquarie&#8217;s Chair<\/strong><\/li>\n<li><strong>Paseo esc\u00e9nico hacia Bondi Beach<\/strong><\/li>\n<li><strong>Bah\u00eda Watsons: Aunque no se encuentra lejos del centro de la ciudad, aqu\u00ed podr\u00e1s sentir una atm\u00f3sfera especial. Es el pueblo pesquero m\u00e1s antiguo de Australia.<\/strong><\/li>\n<li><strong>Kings cross: All\u00ed se encuentran sendos restaurantes internacionales y la vida nocturna de la ciudad.<\/strong><\/li>\n<\/ul>\n<p>Si deseas un tour de mayor duraci\u00f3n podr\u00e1s tambi\u00e9n visitar:<\/p>\n<ul>\n<li><strong>Town Hall<\/strong><\/li>\n<li><strong>Darling Harbour<\/strong><\/li>\n<li><strong>Edificio de la Reina Victoria<\/strong><\/li>\n<\/ul>\n<p>Su chofer\/gu\u00eda privado se asegurar\u00e1 de que usted disfrute un tiempo inolvidable en Sydney. Ofrecemos diversos tours en y desde Sydney, visite nuestro<strong> <a href=\"https:\/\/tourtravelandmore.com\/es\/ciudad\/australia-es\/sydney-es\/sydney-actividades-es\/\">sitio web<\/a> para ver los tours.<\/strong><\/p>\n","protected":false},"excerpt":{"rendered":"<p>Disfruta de una experiencia relajada junto a un gu\u00eda local experto y explora la maravillosa ciudad de Sydney.<\/p>\n","protected":false},"featured_media":91213,"comment_status":"open","ping_status":"closed","template":"","meta":{"_acf_changed":false},"product_brand":[],"product_cat":[3421,3424,3431,3434],"product_tag":[],"class_list":{"0":"post-91186","1":"product","2":"type-product","3":"status-publish","4":"has-post-thumbnail","6":"product_cat-australia-es","7":"product_cat-sydney-es","8":"product_cat-sydney-actividades-es","9":"product_cat-sydney-tours-privados-es","11":"first","12":"instock","13":"shipping-taxable","14":"purchasable","15":"product-type-simple"},"acf":[],"yoast_head":"<!-- This site is optimized with the Yoast SEO Premium plugin v25.3.1 (Yoast SEO v25.3.1) - https:\/\/yoast.com\/wordpress\/plugins\/seo\/ -->\n<title>Tour privado de Sydney - Descubra la ciudad junto a un gu\u00eda local experto<\/title>\n<meta name=\"description\" content=\"Disfrute de este Tour Privado de Sydney junto a un gu\u00eda local experto. Explore sus sitios y playas m\u00e1s emblem\u00e1ticas!\" \/>\n<meta name=\"robots\" content=\"index, follow, max-snippet:-1, max-image-preview:large, max-video-preview:-1\" \/>\n<link rel=\"canonical\" href=\"https:\/\/tourtravelandmore.com\/es\/tours\/australia-es\/sydney-es\/sydney-actividades-es\/tour-privado-de-sydney\/\" \/>\n<meta property=\"og:locale\" content=\"es_ES\" \/>\n<meta property=\"og:type\" content=\"article\" \/>\n<meta property=\"og:title\" content=\"Tour Privado de Sydney\" \/>\n<meta property=\"og:description\" content=\"Disfrute de este Tour Privado de Sydney junto a un gu\u00eda local experto. Explore sus sitios y playas m\u00e1s emblem\u00e1ticas!\" \/>\n<meta property=\"og:url\" content=\"https:\/\/tourtravelandmore.com\/es\/tours\/australia-es\/sydney-es\/sydney-actividades-es\/tour-privado-de-sydney\/\" \/>\n<meta property=\"og:site_name\" content=\"Tour Travel And More\" \/>\n<meta property=\"article:publisher\" content=\"https:\/\/www.facebook.com\/tourtravelandmore\/\" \/>\n<meta property=\"article:modified_time\" content=\"2023-05-27T00:43:59+00:00\" \/>\n<meta property=\"og:image\" content=\"https:\/\/tourtravelandmore.com\/wp-content\/uploads\/2021\/01\/Sydney-1.jpeg\" \/>\n\t<meta property=\"og:image:width\" content=\"1350\" \/>\n\t<meta property=\"og:image:height\" content=\"900\" \/>\n\t<meta property=\"og:image:type\" content=\"image\/jpeg\" \/>\n<meta name=\"twitter:card\" content=\"summary_large_image\" \/>\n<meta name=\"twitter:site\" content=\"@TourTravel_More\" \/>\n<meta name=\"twitter:label1\" content=\"Tiempo de lectura\" \/>\n\t<meta name=\"twitter:data1\" content=\"2 minutos\" \/>\n<script type=\"application\/ld+json\" class=\"yoast-schema-graph\">{\"@context\":\"https:\/\/schema.org\",\"@graph\":[{\"@type\":\"WebPage\",\"@id\":\"https:\/\/tourtravelandmore.com\/es\/tours\/australia-es\/sydney-es\/sydney-actividades-es\/tour-privado-de-sydney\/\",\"url\":\"https:\/\/tourtravelandmore.com\/es\/tours\/australia-es\/sydney-es\/sydney-actividades-es\/tour-privado-de-sydney\/\",\"name\":\"Tour privado de Sydney - Descubra la ciudad junto a un gu\u00eda local experto\",\"isPartOf\":{\"@id\":\"https:\/\/tourtravelandmore.com\/es\/#website\"},\"primaryImageOfPage\":{\"@id\":\"https:\/\/tourtravelandmore.com\/es\/tours\/australia-es\/sydney-es\/sydney-actividades-es\/tour-privado-de-sydney\/#primaryimage\"},\"image\":{\"@id\":\"https:\/\/tourtravelandmore.com\/es\/tours\/australia-es\/sydney-es\/sydney-actividades-es\/tour-privado-de-sydney\/#primaryimage\"},\"thumbnailUrl\":\"https:\/\/tourtravelandmore.com\/wp-content\/uploads\/2021\/01\/Sydney-1.jpeg\",\"datePublished\":\"2021-01-18T13:24:14+00:00\",\"dateModified\":\"2023-05-27T00:43:59+00:00\",\"description\":\"Disfrute de este Tour Privado de Sydney junto a un gu\u00eda local experto. Explore sus sitios y playas m\u00e1s emblem\u00e1ticas!\",\"breadcrumb\":{\"@id\":\"https:\/\/tourtravelandmore.com\/es\/tours\/australia-es\/sydney-es\/sydney-actividades-es\/tour-privado-de-sydney\/#breadcrumb\"},\"inLanguage\":\"es\",\"potentialAction\":[{\"@type\":\"ReadAction\",\"target\":[\"https:\/\/tourtravelandmore.com\/es\/tours\/australia-es\/sydney-es\/sydney-actividades-es\/tour-privado-de-sydney\/\"]}]},{\"@type\":\"ImageObject\",\"inLanguage\":\"es\",\"@id\":\"https:\/\/tourtravelandmore.com\/es\/tours\/australia-es\/sydney-es\/sydney-actividades-es\/tour-privado-de-sydney\/#primaryimage\",\"url\":\"https:\/\/tourtravelandmore.com\/wp-content\/uploads\/2021\/01\/Sydney-1.jpeg\",\"contentUrl\":\"https:\/\/tourtravelandmore.com\/wp-content\/uploads\/2021\/01\/Sydney-1.jpeg\",\"width\":1350,\"height\":900,\"caption\":\"sydney panorama\"},{\"@type\":\"BreadcrumbList\",\"@id\":\"https:\/\/tourtravelandmore.com\/es\/tours\/australia-es\/sydney-es\/sydney-actividades-es\/tour-privado-de-sydney\/#breadcrumb\",\"itemListElement\":[{\"@type\":\"ListItem\",\"position\":1,\"name\":\"Home\",\"item\":\"https:\/\/tourtravelandmore.com\/es\/\"},{\"@type\":\"ListItem\",\"position\":2,\"name\":\"Tours\",\"item\":\"https:\/\/tourtravelandmore.com\/es\/tours\/\"},{\"@type\":\"ListItem\",\"position\":3,\"name\":\"Tour Privado de Sydney\"}]},{\"@type\":\"WebSite\",\"@id\":\"https:\/\/tourtravelandmore.com\/es\/#website\",\"url\":\"https:\/\/tourtravelandmore.com\/es\/\",\"name\":\"Tour Travel And More\",\"description\":\"Private sightseeing tours and luxury transfers in Spain\",\"publisher\":{\"@id\":\"https:\/\/tourtravelandmore.com\/es\/#organization\"},\"potentialAction\":[{\"@type\":\"SearchAction\",\"target\":{\"@type\":\"EntryPoint\",\"urlTemplate\":\"https:\/\/tourtravelandmore.com\/es\/?s={search_term_string}\"},\"query-input\":{\"@type\":\"PropertyValueSpecification\",\"valueRequired\":true,\"valueName\":\"search_term_string\"}}],\"inLanguage\":\"es\"},{\"@type\":\"Organization\",\"@id\":\"https:\/\/tourtravelandmore.com\/es\/#organization\",\"name\":\"Tour Travel And More\",\"url\":\"https:\/\/tourtravelandmore.com\/es\/\",\"logo\":{\"@type\":\"ImageObject\",\"inLanguage\":\"es\",\"@id\":\"https:\/\/tourtravelandmore.com\/es\/#\/schema\/logo\/image\/\",\"url\":\"https:\/\/tourtravelandmore.com\/wp-content\/uploads\/2022\/12\/cropped-logo-cabecera-new.png\",\"contentUrl\":\"https:\/\/tourtravelandmore.com\/wp-content\/uploads\/2022\/12\/cropped-logo-cabecera-new.png\",\"width\":430,\"height\":61,\"caption\":\"Tour Travel And More\"},\"image\":{\"@id\":\"https:\/\/tourtravelandmore.com\/es\/#\/schema\/logo\/image\/\"},\"sameAs\":[\"https:\/\/www.facebook.com\/tourtravelandmore\/\",\"https:\/\/x.com\/TourTravel_More\"]}]}<\/script>\n<!-- \/ Yoast SEO Premium plugin. -->","yoast_head_json":{"title":"Tour privado de Sydney - Descubra la ciudad junto a un gu\u00eda local experto","description":"Disfrute de este Tour Privado de Sydney junto a un gu\u00eda local experto. Explore sus sitios y playas m\u00e1s emblem\u00e1ticas!","robots":{"index":"index","follow":"follow","max-snippet":"max-snippet:-1","max-image-preview":"max-image-preview:large","max-video-preview":"max-video-preview:-1"},"canonical":"https:\/\/tourtravelandmore.com\/es\/tours\/australia-es\/sydney-es\/sydney-actividades-es\/tour-privado-de-sydney\/","og_locale":"es_ES","og_type":"article","og_title":"Tour Privado de Sydney","og_description":"Disfrute de este Tour Privado de Sydney junto a un gu\u00eda local experto. Explore sus sitios y playas m\u00e1s emblem\u00e1ticas!","og_url":"https:\/\/tourtravelandmore.com\/es\/tours\/australia-es\/sydney-es\/sydney-actividades-es\/tour-privado-de-sydney\/","og_site_name":"Tour Travel And More","article_publisher":"https:\/\/www.facebook.com\/tourtravelandmore\/","article_modified_time":"2023-05-27T00:43:59+00:00","og_image":[{"width":1350,"height":900,"url":"https:\/\/tourtravelandmore.com\/wp-content\/uploads\/2021\/01\/Sydney-1.jpeg","type":"image\/jpeg"}],"twitter_card":"summary_large_image","twitter_site":"@TourTravel_More","twitter_misc":{"Tiempo de lectura":"2 minutos"},"schema":{"@context":"https:\/\/schema.org","@graph":[{"@type":"WebPage","@id":"https:\/\/tourtravelandmore.com\/es\/tours\/australia-es\/sydney-es\/sydney-actividades-es\/tour-privado-de-sydney\/","url":"https:\/\/tourtravelandmore.com\/es\/tours\/australia-es\/sydney-es\/sydney-actividades-es\/tour-privado-de-sydney\/","name":"Tour privado de Sydney - Descubra la ciudad junto a un gu\u00eda local experto","isPartOf":{"@id":"https:\/\/tourtravelandmore.com\/es\/#website"},"primaryImageOfPage":{"@id":"https:\/\/tourtravelandmore.com\/es\/tours\/australia-es\/sydney-es\/sydney-actividades-es\/tour-privado-de-sydney\/#primaryimage"},"image":{"@id":"https:\/\/tourtravelandmore.com\/es\/tours\/australia-es\/sydney-es\/sydney-actividades-es\/tour-privado-de-sydney\/#primaryimage"},"thumbnailUrl":"https:\/\/tourtravelandmore.com\/wp-content\/uploads\/2021\/01\/Sydney-1.jpeg","datePublished":"2021-01-18T13:24:14+00:00","dateModified":"2023-05-27T00:43:59+00:00","description":"Disfrute de este Tour Privado de Sydney junto a un gu\u00eda local experto. Explore sus sitios y playas m\u00e1s emblem\u00e1ticas!","breadcrumb":{"@id":"https:\/\/tourtravelandmore.com\/es\/tours\/australia-es\/sydney-es\/sydney-actividades-es\/tour-privado-de-sydney\/#breadcrumb"},"inLanguage":"es","potentialAction":[{"@type":"ReadAction","target":["https:\/\/tourtravelandmore.com\/es\/tours\/australia-es\/sydney-es\/sydney-actividades-es\/tour-privado-de-sydney\/"]}]},{"@type":"ImageObject","inLanguage":"es","@id":"https:\/\/tourtravelandmore.com\/es\/tours\/australia-es\/sydney-es\/sydney-actividades-es\/tour-privado-de-sydney\/#primaryimage","url":"https:\/\/tourtravelandmore.com\/wp-content\/uploads\/2021\/01\/Sydney-1.jpeg","contentUrl":"https:\/\/tourtravelandmore.com\/wp-content\/uploads\/2021\/01\/Sydney-1.jpeg","width":1350,"height":900,"caption":"sydney panorama"},{"@type":"BreadcrumbList","@id":"https:\/\/tourtravelandmore.com\/es\/tours\/australia-es\/sydney-es\/sydney-actividades-es\/tour-privado-de-sydney\/#breadcrumb","itemListElement":[{"@type":"ListItem","position":1,"name":"Home","item":"https:\/\/tourtravelandmore.com\/es\/"},{"@type":"ListItem","position":2,"name":"Tours","item":"https:\/\/tourtravelandmore.com\/es\/tours\/"},{"@type":"ListItem","position":3,"name":"Tour Privado de Sydney"}]},{"@type":"WebSite","@id":"https:\/\/tourtravelandmore.com\/es\/#website","url":"https:\/\/tourtravelandmore.com\/es\/","name":"Tour Travel And More","description":"Private sightseeing tours and luxury transfers in Spain","publisher":{"@id":"https:\/\/tourtravelandmore.com\/es\/#organization"},"potentialAction":[{"@type":"SearchAction","target":{"@type":"EntryPoint","urlTemplate":"https:\/\/tourtravelandmore.com\/es\/?s={search_term_string}"},"query-input":{"@type":"PropertyValueSpecification","valueRequired":true,"valueName":"search_term_string"}}],"inLanguage":"es"},{"@type":"Organization","@id":"https:\/\/tourtravelandmore.com\/es\/#organization","name":"Tour Travel And More","url":"https:\/\/tourtravelandmore.com\/es\/","logo":{"@type":"ImageObject","inLanguage":"es","@id":"https:\/\/tourtravelandmore.com\/es\/#\/schema\/logo\/image\/","url":"https:\/\/tourtravelandmore.com\/wp-content\/uploads\/2022\/12\/cropped-logo-cabecera-new.png","contentUrl":"https:\/\/tourtravelandmore.com\/wp-content\/uploads\/2022\/12\/cropped-logo-cabecera-new.png","width":430,"height":61,"caption":"Tour Travel And More"},"image":{"@id":"https:\/\/tourtravelandmore.com\/es\/#\/schema\/logo\/image\/"},"sameAs":["https:\/\/www.facebook.com\/tourtravelandmore\/","https:\/\/x.com\/TourTravel_More"]}]}},"_links":{"self":[{"href":"https:\/\/tourtravelandmore.com\/es\/wp-json\/wp\/v2\/product\/91186","targetHints":{"allow":["GET"]}}],"collection":[{"href":"https:\/\/tourtravelandmore.com\/es\/wp-json\/wp\/v2\/product"}],"about":[{"href":"https:\/\/tourtravelandmore.com\/es\/wp-json\/wp\/v2\/types\/product"}],"replies":[{"embeddable":true,"href":"https:\/\/tourtravelandmore.com\/es\/wp-json\/wp\/v2\/comments?post=91186"}],"wp:featuredmedia":[{"embeddable":true,"href":"https:\/\/tourtravelandmore.com\/es\/wp-json\/wp\/v2\/media\/91213"}],"wp:attachment":[{"href":"https:\/\/tourtravelandmore.com\/es\/wp-json\/wp\/v2\/media?parent=91186"}],"wp:term":[{"taxonomy":"product_brand","embeddable":true,"href":"https:\/\/tourtravelandmore.com\/es\/wp-json\/wp\/v2\/product_brand?post=91186"},{"taxonomy":"product_cat","embeddable":true,"href":"https:\/\/tourtravelandmore.com\/es\/wp-json\/wp\/v2\/product_cat?post=91186"},{"taxonomy":"product_tag","embeddable":true,"href":"https:\/\/tourtravelandmore.com\/es\/wp-json\/wp\/v2\/product_tag?post=91186"}],"curies":[{"name":"wp","href":"https:\/\/api.w.org\/{rel}","templated":true}]}}