{"id":90941,"date":"2021-01-05T09:25:12","date_gmt":"2021-01-05T08:25:14","guid":{"rendered":"https:\/\/tourtravelandmore.com\/?post_type=product&#038;p=90941"},"modified":"2023-11-24T11:05:36","modified_gmt":"2023-11-24T10:05:36","slug":"tour-privado-a-cozumel-desde-la-riviera-maya","status":"publish","type":"product","link":"https:\/\/tourtravelandmore.com\/es\/tours\/mexico-es\/playa-carmen-es-es\/playa-carmen-actividades-es\/tour-privado-a-cozumel-desde-la-riviera-maya\/","title":{"rendered":"Tour Privado a Cozumel desde la Riviera Maya"},"content":{"rendered":"<h2 id=\"tw-target-text\" class=\"tw-data-text tw-text-large XcVN5d tw-ta\" dir=\"ltr\" data-placeholder=\"Traducci\u00f3n\"><span lang=\"es\">Descripci\u00f3n del Tour Privado a Cozumel desde la Riviera Maya<\/span><\/h2>\n<p>Disfrute de un tour de un d\u00eda en una de las islas m\u00e1s incre\u00edbles de M\u00e9xico. <strong>Tour Travel &amp; More<\/strong> te invita a este <strong>Tour Privado a Cozumel desde la Riviera Maya<\/strong>. Tendr\u00e1 a su entera disposici\u00f3n un conductor privado y un gu\u00eda tur\u00edstico oficial en la Isla de Cozumel.<\/p>\n<p>En esta experiencia privada tomar\u00e1s un ferry desde el puerto de Playa del Carmen y conocer\u00e1s a tu equipo profesional en Cozumel. En caso de que lo prefiera, tambi\u00e9n podemos brindarle un traslado privado desde su hotel o lugar de elecci\u00f3n en P.C hasta el puerto o incluso desde Canc\u00fan o Tulum. Solo tienes que contactarnos y mencionar todos los detalles.<\/p>\n<p><strong>Cozumel<\/strong> es una isla mexicana en el Caribe. Tiene un puerto muy importante ya que es donde desembarcan muchos de los cruceros. Esta isla es muy famosa por sus sitios de buceo. Recibe millones de turistas de todo el mundo durante el a\u00f1o ya que es el lugar perfecto para relajarse y pasar sus vacaciones.<\/p>\n<p>Disfruta de un d\u00eda incre\u00edble con nuestro tour privado a Cozumel desde la Riviera Maya. Nuestro equipo estar\u00e1 listo y feliz de poder ayudarlo.<\/p>\n<h2>Puntos emblem\u00e1ticos y de inter\u00e9s en el Tour Privado a Cozumel desde la Riviera Maya<\/h2>\n<p>Una vez que haya tomado el ferry desde Playa del Carmen, se encontrar\u00e1 con su equipo local en el puerto de Cozumel. Lo estar\u00e1n esperando sosteniendo un cartel con tu nombre para que puedas reconocerlos f\u00e1cilmente.<\/p>\n<p>A continuaci\u00f3n detallamos los lugares y sitios que puede visitar durante este tour privado por <a href=\"https:\/\/es.wikipedia.org\/wiki\/Cozumel\">Cozumel<\/a>:<\/p>\n<ul>\n<li><strong>San Miguel de Cozumel:<\/strong> es la ciudad m\u00e1s grande y principal de la isla<\/li>\n<li><strong>South Point Eco Beach Park:<\/strong> es uno de los grandes parques ecol\u00f3gicos de la isla.<\/li>\n<li><strong>Faro de Celarain:<\/strong> fue construido en 1901 y luego se convirti\u00f3 en museo.<\/li>\n<li><strong>Playa Para\u00edso <\/strong><\/li>\n<li><strong>Palancar <\/strong><\/li>\n<li><strong>Playa de San Francisco <\/strong><\/li>\n<li><strong>Playa Dinero:<\/strong> la playa preferida para bucear<\/li>\n<li><strong>Mercado de Cozumel <\/strong><\/li>\n<li><strong>Cedral:<\/strong> es una de las ruinas mayas m\u00e1s emblem\u00e1ticas y llena de tradiciones<\/li>\n<li>\u00a1y mucho m\u00e1s!<\/li>\n<\/ul>\n<p>El itinerario se puede adaptar a lo que desee visitar. <span class=\"JLqJ4b ChMk0b\" data-language-for-alternatives=\"es\" data-language-to-translate-into=\"en\" data-phrase-index=\"1\">Si tiene algo en mente, h\u00e1ganoslo saber y organizaremos todo por usted. <\/span><\/p>\n<p><span class=\"JLqJ4b ChMk0b\" data-language-for-alternatives=\"es\" data-language-to-translate-into=\"en\" data-phrase-index=\"1\"><span class=\"JLqJ4b\" data-language-for-alternatives=\"es\" data-language-to-translate-into=\"en\" data-phrase-index=\"2\">Durante el recorrido, tambi\u00e9n har\u00e1s una parada para almorzar y degustar el plato t\u00edpico de la isla. <\/span><\/span><\/p>\n<p><span class=\"JLqJ4b ChMk0b\" data-language-for-alternatives=\"es\" data-language-to-translate-into=\"en\" data-phrase-index=\"1\"><span class=\"JLqJ4b\" data-language-for-alternatives=\"es\" data-language-to-translate-into=\"en\" data-phrase-index=\"2\">Finalmente, al final de la visita, su conductor y gu\u00eda privado lo llevar\u00e1n de regreso al puerto para tomar el ferry de regreso a Playa del Carmen.<\/span><\/span><\/p>\n","protected":false},"excerpt":{"rendered":"<p>Disfrute de un d\u00eda incre\u00edble en una isla paradis\u00edaca con nuestro Tour Privado a Cozumel desde la Riviera Maya con un gu\u00eda tur\u00edstico local profesional.<\/p>\n","protected":false},"featured_media":89246,"comment_status":"open","ping_status":"closed","template":"","meta":{"_acf_changed":false},"product_brand":[],"product_cat":[3203,3332,3335,3338,3344,3347,3350,3321,3356,3359,3230,3233,3239],"product_tag":[],"class_list":{"0":"post-90941","1":"product","2":"type-product","3":"status-publish","4":"has-post-thumbnail","6":"product_cat-mexico-es","7":"product_cat-cancun-es","8":"product_cat-cancun-actividades-es","9":"product_cat-cancun-tours-es","10":"product_cat-playa-carmen-es-es","11":"product_cat-playa-carmen-actividades-es","12":"product_cat-playa-carmen-tours-es","13":"product_cat-tulum-es","14":"product_cat-tulum-actividades-es","15":"product_cat-tulum-tours-es","16":"product_cat-cozumel-es","17":"product_cat-cozumel-actividades-es","18":"product_cat-cozumel-excursion-puerto-es","20":"first","21":"instock","22":"shipping-taxable","23":"purchasable","24":"product-type-simple"},"acf":[],"yoast_head":"<!-- This site is optimized with the Yoast SEO Premium plugin v25.3.1 (Yoast SEO v25.3.1) - https:\/\/yoast.com\/wordpress\/plugins\/seo\/ -->\n<title>\u27a1\ufe0f Tour Privado a Cozumel desde la Riviera Maya con ferry directo | Tour Travel &amp; More<\/title>\n<meta name=\"description\" content=\"Disfrute de un d\u00eda incre\u00edble en una isla paradis\u00edaca con nuestro Tour Privado a Cozumel desde la Riviera Maya con un gu\u00eda tur\u00edstico local \u2705\" \/>\n<meta name=\"robots\" content=\"index, follow, max-snippet:-1, max-image-preview:large, max-video-preview:-1\" \/>\n<link rel=\"canonical\" href=\"https:\/\/tourtravelandmore.com\/es\/tours\/mexico-es\/playa-carmen-es-es\/playa-carmen-actividades-es\/tour-privado-a-cozumel-desde-la-riviera-maya\/\" \/>\n<meta property=\"og:locale\" content=\"es_ES\" \/>\n<meta property=\"og:type\" content=\"article\" \/>\n<meta property=\"og:title\" content=\"Tour Privado a Cozumel desde la Riviera Maya\" \/>\n<meta property=\"og:description\" content=\"Disfrute de un d\u00eda incre\u00edble en una isla paradis\u00edaca con nuestro Tour Privado a Cozumel desde la Riviera Maya con un gu\u00eda tur\u00edstico local \u2705\" \/>\n<meta property=\"og:url\" content=\"https:\/\/tourtravelandmore.com\/es\/tours\/mexico-es\/playa-carmen-es-es\/playa-carmen-actividades-es\/tour-privado-a-cozumel-desde-la-riviera-maya\/\" \/>\n<meta property=\"og:site_name\" content=\"Tour Travel And More\" \/>\n<meta property=\"article:publisher\" content=\"https:\/\/www.facebook.com\/tourtravelandmore\/\" \/>\n<meta property=\"article:modified_time\" content=\"2023-11-24T10:05:36+00:00\" \/>\n<meta property=\"og:image\" content=\"https:\/\/tourtravelandmore.com\/wp-content\/uploads\/2020\/12\/cozumel-4.jpg\" \/>\n\t<meta property=\"og:image:width\" content=\"1024\" \/>\n\t<meta property=\"og:image:height\" content=\"625\" \/>\n\t<meta property=\"og:image:type\" content=\"image\/jpeg\" \/>\n<meta name=\"twitter:card\" content=\"summary_large_image\" \/>\n<meta name=\"twitter:site\" content=\"@TourTravel_More\" \/>\n<meta name=\"twitter:label1\" content=\"Tiempo de lectura\" \/>\n\t<meta name=\"twitter:data1\" content=\"2 minutos\" \/>\n<script type=\"application\/ld+json\" class=\"yoast-schema-graph\">{\"@context\":\"https:\/\/schema.org\",\"@graph\":[{\"@type\":\"WebPage\",\"@id\":\"https:\/\/tourtravelandmore.com\/es\/tours\/mexico-es\/playa-carmen-es-es\/playa-carmen-actividades-es\/tour-privado-a-cozumel-desde-la-riviera-maya\/\",\"url\":\"https:\/\/tourtravelandmore.com\/es\/tours\/mexico-es\/playa-carmen-es-es\/playa-carmen-actividades-es\/tour-privado-a-cozumel-desde-la-riviera-maya\/\",\"name\":\"\u27a1\ufe0f Tour Privado a Cozumel desde la Riviera Maya con ferry directo | Tour Travel & More\",\"isPartOf\":{\"@id\":\"https:\/\/tourtravelandmore.com\/es\/#website\"},\"primaryImageOfPage\":{\"@id\":\"https:\/\/tourtravelandmore.com\/es\/tours\/mexico-es\/playa-carmen-es-es\/playa-carmen-actividades-es\/tour-privado-a-cozumel-desde-la-riviera-maya\/#primaryimage\"},\"image\":{\"@id\":\"https:\/\/tourtravelandmore.com\/es\/tours\/mexico-es\/playa-carmen-es-es\/playa-carmen-actividades-es\/tour-privado-a-cozumel-desde-la-riviera-maya\/#primaryimage\"},\"thumbnailUrl\":\"https:\/\/tourtravelandmore.com\/wp-content\/uploads\/2020\/12\/cozumel-4.jpg\",\"datePublished\":\"2021-01-05T08:25:14+00:00\",\"dateModified\":\"2023-11-24T10:05:36+00:00\",\"description\":\"Disfrute de un d\u00eda incre\u00edble en una isla paradis\u00edaca con nuestro Tour Privado a Cozumel desde la Riviera Maya con un gu\u00eda tur\u00edstico local \u2705\",\"breadcrumb\":{\"@id\":\"https:\/\/tourtravelandmore.com\/es\/tours\/mexico-es\/playa-carmen-es-es\/playa-carmen-actividades-es\/tour-privado-a-cozumel-desde-la-riviera-maya\/#breadcrumb\"},\"inLanguage\":\"es\",\"potentialAction\":[{\"@type\":\"ReadAction\",\"target\":[\"https:\/\/tourtravelandmore.com\/es\/tours\/mexico-es\/playa-carmen-es-es\/playa-carmen-actividades-es\/tour-privado-a-cozumel-desde-la-riviera-maya\/\"]}]},{\"@type\":\"ImageObject\",\"inLanguage\":\"es\",\"@id\":\"https:\/\/tourtravelandmore.com\/es\/tours\/mexico-es\/playa-carmen-es-es\/playa-carmen-actividades-es\/tour-privado-a-cozumel-desde-la-riviera-maya\/#primaryimage\",\"url\":\"https:\/\/tourtravelandmore.com\/wp-content\/uploads\/2020\/12\/cozumel-4.jpg\",\"contentUrl\":\"https:\/\/tourtravelandmore.com\/wp-content\/uploads\/2020\/12\/cozumel-4.jpg\",\"width\":1024,\"height\":625},{\"@type\":\"BreadcrumbList\",\"@id\":\"https:\/\/tourtravelandmore.com\/es\/tours\/mexico-es\/playa-carmen-es-es\/playa-carmen-actividades-es\/tour-privado-a-cozumel-desde-la-riviera-maya\/#breadcrumb\",\"itemListElement\":[{\"@type\":\"ListItem\",\"position\":1,\"name\":\"Home\",\"item\":\"https:\/\/tourtravelandmore.com\/es\/\"},{\"@type\":\"ListItem\",\"position\":2,\"name\":\"Tours\",\"item\":\"https:\/\/tourtravelandmore.com\/es\/tours\/\"},{\"@type\":\"ListItem\",\"position\":3,\"name\":\"Tour Privado a Cozumel desde la Riviera Maya\"}]},{\"@type\":\"WebSite\",\"@id\":\"https:\/\/tourtravelandmore.com\/es\/#website\",\"url\":\"https:\/\/tourtravelandmore.com\/es\/\",\"name\":\"Tour Travel And More\",\"description\":\"Private sightseeing tours and luxury transfers in Spain\",\"publisher\":{\"@id\":\"https:\/\/tourtravelandmore.com\/es\/#organization\"},\"potentialAction\":[{\"@type\":\"SearchAction\",\"target\":{\"@type\":\"EntryPoint\",\"urlTemplate\":\"https:\/\/tourtravelandmore.com\/es\/?s={search_term_string}\"},\"query-input\":{\"@type\":\"PropertyValueSpecification\",\"valueRequired\":true,\"valueName\":\"search_term_string\"}}],\"inLanguage\":\"es\"},{\"@type\":\"Organization\",\"@id\":\"https:\/\/tourtravelandmore.com\/es\/#organization\",\"name\":\"Tour Travel And More\",\"url\":\"https:\/\/tourtravelandmore.com\/es\/\",\"logo\":{\"@type\":\"ImageObject\",\"inLanguage\":\"es\",\"@id\":\"https:\/\/tourtravelandmore.com\/es\/#\/schema\/logo\/image\/\",\"url\":\"https:\/\/tourtravelandmore.com\/wp-content\/uploads\/2022\/12\/cropped-logo-cabecera-new.png\",\"contentUrl\":\"https:\/\/tourtravelandmore.com\/wp-content\/uploads\/2022\/12\/cropped-logo-cabecera-new.png\",\"width\":430,\"height\":61,\"caption\":\"Tour Travel And More\"},\"image\":{\"@id\":\"https:\/\/tourtravelandmore.com\/es\/#\/schema\/logo\/image\/\"},\"sameAs\":[\"https:\/\/www.facebook.com\/tourtravelandmore\/\",\"https:\/\/x.com\/TourTravel_More\"]}]}<\/script>\n<!-- \/ Yoast SEO Premium plugin. -->","yoast_head_json":{"title":"\u27a1\ufe0f Tour Privado a Cozumel desde la Riviera Maya con ferry directo | Tour Travel & More","description":"Disfrute de un d\u00eda incre\u00edble en una isla paradis\u00edaca con nuestro Tour Privado a Cozumel desde la Riviera Maya con un gu\u00eda tur\u00edstico local \u2705","robots":{"index":"index","follow":"follow","max-snippet":"max-snippet:-1","max-image-preview":"max-image-preview:large","max-video-preview":"max-video-preview:-1"},"canonical":"https:\/\/tourtravelandmore.com\/es\/tours\/mexico-es\/playa-carmen-es-es\/playa-carmen-actividades-es\/tour-privado-a-cozumel-desde-la-riviera-maya\/","og_locale":"es_ES","og_type":"article","og_title":"Tour Privado a Cozumel desde la Riviera Maya","og_description":"Disfrute de un d\u00eda incre\u00edble en una isla paradis\u00edaca con nuestro Tour Privado a Cozumel desde la Riviera Maya con un gu\u00eda tur\u00edstico local \u2705","og_url":"https:\/\/tourtravelandmore.com\/es\/tours\/mexico-es\/playa-carmen-es-es\/playa-carmen-actividades-es\/tour-privado-a-cozumel-desde-la-riviera-maya\/","og_site_name":"Tour Travel And More","article_publisher":"https:\/\/www.facebook.com\/tourtravelandmore\/","article_modified_time":"2023-11-24T10:05:36+00:00","og_image":[{"width":1024,"height":625,"url":"https:\/\/tourtravelandmore.com\/wp-content\/uploads\/2020\/12\/cozumel-4.jpg","type":"image\/jpeg"}],"twitter_card":"summary_large_image","twitter_site":"@TourTravel_More","twitter_misc":{"Tiempo de lectura":"2 minutos"},"schema":{"@context":"https:\/\/schema.org","@graph":[{"@type":"WebPage","@id":"https:\/\/tourtravelandmore.com\/es\/tours\/mexico-es\/playa-carmen-es-es\/playa-carmen-actividades-es\/tour-privado-a-cozumel-desde-la-riviera-maya\/","url":"https:\/\/tourtravelandmore.com\/es\/tours\/mexico-es\/playa-carmen-es-es\/playa-carmen-actividades-es\/tour-privado-a-cozumel-desde-la-riviera-maya\/","name":"\u27a1\ufe0f Tour Privado a Cozumel desde la Riviera Maya con ferry directo | Tour Travel & More","isPartOf":{"@id":"https:\/\/tourtravelandmore.com\/es\/#website"},"primaryImageOfPage":{"@id":"https:\/\/tourtravelandmore.com\/es\/tours\/mexico-es\/playa-carmen-es-es\/playa-carmen-actividades-es\/tour-privado-a-cozumel-desde-la-riviera-maya\/#primaryimage"},"image":{"@id":"https:\/\/tourtravelandmore.com\/es\/tours\/mexico-es\/playa-carmen-es-es\/playa-carmen-actividades-es\/tour-privado-a-cozumel-desde-la-riviera-maya\/#primaryimage"},"thumbnailUrl":"https:\/\/tourtravelandmore.com\/wp-content\/uploads\/2020\/12\/cozumel-4.jpg","datePublished":"2021-01-05T08:25:14+00:00","dateModified":"2023-11-24T10:05:36+00:00","description":"Disfrute de un d\u00eda incre\u00edble en una isla paradis\u00edaca con nuestro Tour Privado a Cozumel desde la Riviera Maya con un gu\u00eda tur\u00edstico local \u2705","breadcrumb":{"@id":"https:\/\/tourtravelandmore.com\/es\/tours\/mexico-es\/playa-carmen-es-es\/playa-carmen-actividades-es\/tour-privado-a-cozumel-desde-la-riviera-maya\/#breadcrumb"},"inLanguage":"es","potentialAction":[{"@type":"ReadAction","target":["https:\/\/tourtravelandmore.com\/es\/tours\/mexico-es\/playa-carmen-es-es\/playa-carmen-actividades-es\/tour-privado-a-cozumel-desde-la-riviera-maya\/"]}]},{"@type":"ImageObject","inLanguage":"es","@id":"https:\/\/tourtravelandmore.com\/es\/tours\/mexico-es\/playa-carmen-es-es\/playa-carmen-actividades-es\/tour-privado-a-cozumel-desde-la-riviera-maya\/#primaryimage","url":"https:\/\/tourtravelandmore.com\/wp-content\/uploads\/2020\/12\/cozumel-4.jpg","contentUrl":"https:\/\/tourtravelandmore.com\/wp-content\/uploads\/2020\/12\/cozumel-4.jpg","width":1024,"height":625},{"@type":"BreadcrumbList","@id":"https:\/\/tourtravelandmore.com\/es\/tours\/mexico-es\/playa-carmen-es-es\/playa-carmen-actividades-es\/tour-privado-a-cozumel-desde-la-riviera-maya\/#breadcrumb","itemListElement":[{"@type":"ListItem","position":1,"name":"Home","item":"https:\/\/tourtravelandmore.com\/es\/"},{"@type":"ListItem","position":2,"name":"Tours","item":"https:\/\/tourtravelandmore.com\/es\/tours\/"},{"@type":"ListItem","position":3,"name":"Tour Privado a Cozumel desde la Riviera Maya"}]},{"@type":"WebSite","@id":"https:\/\/tourtravelandmore.com\/es\/#website","url":"https:\/\/tourtravelandmore.com\/es\/","name":"Tour Travel And More","description":"Private sightseeing tours and luxury transfers in Spain","publisher":{"@id":"https:\/\/tourtravelandmore.com\/es\/#organization"},"potentialAction":[{"@type":"SearchAction","target":{"@type":"EntryPoint","urlTemplate":"https:\/\/tourtravelandmore.com\/es\/?s={search_term_string}"},"query-input":{"@type":"PropertyValueSpecification","valueRequired":true,"valueName":"search_term_string"}}],"inLanguage":"es"},{"@type":"Organization","@id":"https:\/\/tourtravelandmore.com\/es\/#organization","name":"Tour Travel And More","url":"https:\/\/tourtravelandmore.com\/es\/","logo":{"@type":"ImageObject","inLanguage":"es","@id":"https:\/\/tourtravelandmore.com\/es\/#\/schema\/logo\/image\/","url":"https:\/\/tourtravelandmore.com\/wp-content\/uploads\/2022\/12\/cropped-logo-cabecera-new.png","contentUrl":"https:\/\/tourtravelandmore.com\/wp-content\/uploads\/2022\/12\/cropped-logo-cabecera-new.png","width":430,"height":61,"caption":"Tour Travel And More"},"image":{"@id":"https:\/\/tourtravelandmore.com\/es\/#\/schema\/logo\/image\/"},"sameAs":["https:\/\/www.facebook.com\/tourtravelandmore\/","https:\/\/x.com\/TourTravel_More"]}]}},"_links":{"self":[{"href":"https:\/\/tourtravelandmore.com\/es\/wp-json\/wp\/v2\/product\/90941","targetHints":{"allow":["GET"]}}],"collection":[{"href":"https:\/\/tourtravelandmore.com\/es\/wp-json\/wp\/v2\/product"}],"about":[{"href":"https:\/\/tourtravelandmore.com\/es\/wp-json\/wp\/v2\/types\/product"}],"replies":[{"embeddable":true,"href":"https:\/\/tourtravelandmore.com\/es\/wp-json\/wp\/v2\/comments?post=90941"}],"wp:featuredmedia":[{"embeddable":true,"href":"https:\/\/tourtravelandmore.com\/es\/wp-json\/wp\/v2\/media\/89246"}],"wp:attachment":[{"href":"https:\/\/tourtravelandmore.com\/es\/wp-json\/wp\/v2\/media?parent=90941"}],"wp:term":[{"taxonomy":"product_brand","embeddable":true,"href":"https:\/\/tourtravelandmore.com\/es\/wp-json\/wp\/v2\/product_brand?post=90941"},{"taxonomy":"product_cat","embeddable":true,"href":"https:\/\/tourtravelandmore.com\/es\/wp-json\/wp\/v2\/product_cat?post=90941"},{"taxonomy":"product_tag","embeddable":true,"href":"https:\/\/tourtravelandmore.com\/es\/wp-json\/wp\/v2\/product_tag?post=90941"}],"curies":[{"name":"wp","href":"https:\/\/api.w.org\/{rel}","templated":true}]}}