{"id":90906,"date":"2021-01-04T10:33:29","date_gmt":"2021-01-04T09:33:30","guid":{"rendered":"https:\/\/tourtravelandmore.com\/?post_type=product&#038;p=90906"},"modified":"2023-11-24T11:10:15","modified_gmt":"2023-11-24T10:10:15","slug":"tour-privado-a-ek-balam","status":"publish","type":"product","link":"https:\/\/tourtravelandmore.com\/es\/tours\/mexico-es\/playa-carmen-es-es\/playa-carmen-actividades-es\/tour-privado-a-ek-balam\/","title":{"rendered":"Tour Privado a Ek Balam"},"content":{"rendered":"<h2 id=\"tw-target-text\" class=\"tw-data-text tw-text-large XcVN5d tw-ta\" dir=\"ltr\" data-placeholder=\"Traducci\u00f3n\"><span lang=\"es\">Descripci\u00f3n del Tour Privado a Ek Balam<\/span><\/h2>\n<p>\u00a1En <strong>Tour Travel &amp; More<\/strong> tenemos un grupo de incre\u00edbles profesionales esper\u00e1ndote!. <span class=\"JLqJ4b ChMk0b\" data-language-for-alternatives=\"es\" data-language-to-translate-into=\"en\" data-phrase-index=\"1\">En esta ocasi\u00f3n, te invitamos a este <strong>Tour Privado a Ek Balam<\/strong> desde la comodidad de tu hotel. Estamos aqu\u00ed para hacer realidad tus sue\u00f1os durante tus vacaciones por M\u00e9xico. <\/span><\/p>\n<p><span class=\"JLqJ4b ChMk0b\" data-language-for-alternatives=\"es\" data-language-to-translate-into=\"en\" data-phrase-index=\"1\"><span class=\"JLqJ4b\" data-language-for-alternatives=\"es\" data-language-to-translate-into=\"en\" data-phrase-index=\"3\">Este tour privado podr\u00eda comenzar desde su hotel o lugar de elecci\u00f3n en Tulum, Playa del Carmen o Canc\u00fan. Tambi\u00e9n podemos organizar una recogida en el puerto de cruceros o incluso desde el aeropuerto. Solo tienes que contactarnos y darnos todos los detalles.<\/span><\/span><\/p>\n<p><strong>Ek Balam<\/strong> es un sitio arqueol\u00f3gico maya en Yucat\u00e1n, M\u00e9xico. <span class=\"JLqJ4b ChMk0b\" data-language-for-alternatives=\"es\" data-language-to-translate-into=\"en\" data-phrase-index=\"9\">Se encuentra a 30 km al norte de la ciudad de Valladolid. El nombre Ek Balam tiene muchos significados, pero com\u00fanmente se lo considera como <em>&#8220;jaguar oscuro o negro&#8221;<\/em> o <em>&#8220;lucero-jaguar&#8221;<\/em>. <\/span><\/p>\n<p><span class=\"JLqJ4b ChMk0b\" data-language-for-alternatives=\"es\" data-language-to-translate-into=\"en\" data-phrase-index=\"9\"><span class=\"JLqJ4b\" data-language-for-alternatives=\"es\" data-language-to-translate-into=\"en\" data-phrase-index=\"11\">Su <strong>conductor privado<\/strong> y <strong>gu\u00eda tur\u00edstico oficial<\/strong> lo acompa\u00f1ar\u00e1n durante todo el tour privado a Ek Balam. Tendr\u00e1 un equipo local profesional a su completa disposici\u00f3n con gran conocimiento sobre la historia y cultura de Ek Balam.<\/span><\/span><\/p>\n<h2>Puntos emblem\u00e1ticos y de inter\u00e9s en el Tour Privado a Ek Balam<\/h2>\n<p>En primer lugar, su conductor privado y gu\u00eda tur\u00edstico oficial lo recoger\u00e1n a la hora deseada por usted en su hotel. Este tour privado tiene una duraci\u00f3n total de 6 horas aproximadamente, pero depender\u00e1 exactamente del lugar de recogida.<\/p>\n<p>Durante este tour privado, podr\u00e1 visitar el <a href=\"https:\/\/www.inah.gob.mx\/zonas\/21-zona-arqueologica-ek-balam\">sitio arqueol\u00f3gico de Ek Balam<\/a>. Este sitio arqueol\u00f3gico est\u00e1 compuesto por varios templos, dos grandes palacios y una pir\u00e1mide en el centro de la ciudad.<\/p>\n<p>Su gu\u00eda tur\u00edstico oficial privado lo guiar\u00e1 por el recinto mientras le explica sobre la historia de este lugar. Puedes subir a la cima de la pir\u00e1mide y recorrer los diferentes caminos de este sitio amurallado.<\/p>\n<p>En caso de que lo prefieras, podemos incluir m\u00e1s horas a tu experiencia para que tambi\u00e9n puedas visitar Valladolid y\/o el Cenote Maya. Recuerde que esta es una experiencia privada y personalizada solo para usted y su grupo.<\/p>\n<p>Finalmente, su conductor y gu\u00eda privado lo llevar\u00e1n de regreso a su hotel o punto de partida.<\/p>\n<p>Ofrecemos una gran variedad de tours en M\u00e9xico o en cualquier ciudad del mundo, \u00a1mira <a href=\"https:\/\/tourtravelandmore.com\/es\/tours\/\">aqu\u00ed<\/a>!<\/p>\n","protected":false},"excerpt":{"rendered":"<p>Avent\u00farese en este tour privado a Ek Balam y visite el sitio arqueol\u00f3gico que es m\u00e1s antiguo que el Chich\u00e9n Itz\u00e1, con un equipo local profesional.<\/p>\n","protected":false},"featured_media":90919,"comment_status":"open","ping_status":"closed","template":"","meta":{"_acf_changed":false},"product_brand":[],"product_cat":[3203,3332,3335,3338,3344,3347,3350,3321,3356,3359],"product_tag":[],"class_list":{"0":"post-90906","1":"product","2":"type-product","3":"status-publish","4":"has-post-thumbnail","6":"product_cat-mexico-es","7":"product_cat-cancun-es","8":"product_cat-cancun-actividades-es","9":"product_cat-cancun-tours-es","10":"product_cat-playa-carmen-es-es","11":"product_cat-playa-carmen-actividades-es","12":"product_cat-playa-carmen-tours-es","13":"product_cat-tulum-es","14":"product_cat-tulum-actividades-es","15":"product_cat-tulum-tours-es","17":"first","18":"instock","19":"shipping-taxable","20":"purchasable","21":"product-type-simple"},"acf":[],"yoast_head":"<!-- This site is optimized with the Yoast SEO Premium plugin v25.3.1 (Yoast SEO v25.3.1) - https:\/\/yoast.com\/wordpress\/plugins\/seo\/ -->\n<title>\u27a1\ufe0f Tour Privado a Ek Balam - \u00a1Visite este incre\u00edble Sitio Arqueol\u00f3gio! | Tour Travel &amp; More<\/title>\n<meta name=\"description\" content=\"Avent\u00farese en este tour privado a Ek Balam y visite el sitio arqueol\u00f3gico que es m\u00e1s antiguo que Chich\u00e9n Itz\u00e1, con un equipo local \u2705\" \/>\n<meta name=\"robots\" content=\"index, follow, max-snippet:-1, max-image-preview:large, max-video-preview:-1\" \/>\n<link rel=\"canonical\" href=\"https:\/\/tourtravelandmore.com\/es\/tours\/mexico-es\/playa-carmen-es-es\/playa-carmen-actividades-es\/tour-privado-a-ek-balam\/\" \/>\n<meta property=\"og:locale\" content=\"es_ES\" \/>\n<meta property=\"og:type\" content=\"article\" \/>\n<meta property=\"og:title\" content=\"Tour Privado a Ek Balam\" \/>\n<meta property=\"og:description\" content=\"Avent\u00farese en este tour privado a Ek Balam y visite el sitio arqueol\u00f3gico que es m\u00e1s antiguo que Chich\u00e9n Itz\u00e1, con un equipo local \u2705\" \/>\n<meta property=\"og:url\" content=\"https:\/\/tourtravelandmore.com\/es\/tours\/mexico-es\/playa-carmen-es-es\/playa-carmen-actividades-es\/tour-privado-a-ek-balam\/\" \/>\n<meta property=\"og:site_name\" content=\"Tour Travel And More\" \/>\n<meta property=\"article:publisher\" content=\"https:\/\/www.facebook.com\/tourtravelandmore\/\" \/>\n<meta property=\"article:modified_time\" content=\"2023-11-24T10:10:15+00:00\" \/>\n<meta property=\"og:image\" content=\"https:\/\/tourtravelandmore.com\/wp-content\/uploads\/2021\/01\/ek-balam-4-scaled.jpg\" \/>\n\t<meta property=\"og:image:width\" content=\"2560\" \/>\n\t<meta property=\"og:image:height\" content=\"1920\" \/>\n\t<meta property=\"og:image:type\" content=\"image\/jpeg\" \/>\n<meta name=\"twitter:card\" content=\"summary_large_image\" \/>\n<meta name=\"twitter:site\" content=\"@TourTravel_More\" \/>\n<meta name=\"twitter:label1\" content=\"Tiempo de lectura\" \/>\n\t<meta name=\"twitter:data1\" content=\"2 minutos\" \/>\n<script type=\"application\/ld+json\" class=\"yoast-schema-graph\">{\"@context\":\"https:\/\/schema.org\",\"@graph\":[{\"@type\":\"WebPage\",\"@id\":\"https:\/\/tourtravelandmore.com\/es\/tours\/mexico-es\/playa-carmen-es-es\/playa-carmen-actividades-es\/tour-privado-a-ek-balam\/\",\"url\":\"https:\/\/tourtravelandmore.com\/es\/tours\/mexico-es\/playa-carmen-es-es\/playa-carmen-actividades-es\/tour-privado-a-ek-balam\/\",\"name\":\"\u27a1\ufe0f Tour Privado a Ek Balam - \u00a1Visite este incre\u00edble Sitio Arqueol\u00f3gio! | Tour Travel & More\",\"isPartOf\":{\"@id\":\"https:\/\/tourtravelandmore.com\/es\/#website\"},\"primaryImageOfPage\":{\"@id\":\"https:\/\/tourtravelandmore.com\/es\/tours\/mexico-es\/playa-carmen-es-es\/playa-carmen-actividades-es\/tour-privado-a-ek-balam\/#primaryimage\"},\"image\":{\"@id\":\"https:\/\/tourtravelandmore.com\/es\/tours\/mexico-es\/playa-carmen-es-es\/playa-carmen-actividades-es\/tour-privado-a-ek-balam\/#primaryimage\"},\"thumbnailUrl\":\"https:\/\/tourtravelandmore.com\/wp-content\/uploads\/2021\/01\/ek-balam-4-scaled.jpg\",\"datePublished\":\"2021-01-04T09:33:30+00:00\",\"dateModified\":\"2023-11-24T10:10:15+00:00\",\"description\":\"Avent\u00farese en este tour privado a Ek Balam y visite el sitio arqueol\u00f3gico que es m\u00e1s antiguo que Chich\u00e9n Itz\u00e1, con un equipo local \u2705\",\"breadcrumb\":{\"@id\":\"https:\/\/tourtravelandmore.com\/es\/tours\/mexico-es\/playa-carmen-es-es\/playa-carmen-actividades-es\/tour-privado-a-ek-balam\/#breadcrumb\"},\"inLanguage\":\"es\",\"potentialAction\":[{\"@type\":\"ReadAction\",\"target\":[\"https:\/\/tourtravelandmore.com\/es\/tours\/mexico-es\/playa-carmen-es-es\/playa-carmen-actividades-es\/tour-privado-a-ek-balam\/\"]}]},{\"@type\":\"ImageObject\",\"inLanguage\":\"es\",\"@id\":\"https:\/\/tourtravelandmore.com\/es\/tours\/mexico-es\/playa-carmen-es-es\/playa-carmen-actividades-es\/tour-privado-a-ek-balam\/#primaryimage\",\"url\":\"https:\/\/tourtravelandmore.com\/wp-content\/uploads\/2021\/01\/ek-balam-4-scaled.jpg\",\"contentUrl\":\"https:\/\/tourtravelandmore.com\/wp-content\/uploads\/2021\/01\/ek-balam-4-scaled.jpg\",\"width\":2560,\"height\":1920,\"caption\":\"Ek Balam\"},{\"@type\":\"BreadcrumbList\",\"@id\":\"https:\/\/tourtravelandmore.com\/es\/tours\/mexico-es\/playa-carmen-es-es\/playa-carmen-actividades-es\/tour-privado-a-ek-balam\/#breadcrumb\",\"itemListElement\":[{\"@type\":\"ListItem\",\"position\":1,\"name\":\"Home\",\"item\":\"https:\/\/tourtravelandmore.com\/es\/\"},{\"@type\":\"ListItem\",\"position\":2,\"name\":\"Tours\",\"item\":\"https:\/\/tourtravelandmore.com\/es\/tours\/\"},{\"@type\":\"ListItem\",\"position\":3,\"name\":\"Tour Privado a Ek Balam\"}]},{\"@type\":\"WebSite\",\"@id\":\"https:\/\/tourtravelandmore.com\/es\/#website\",\"url\":\"https:\/\/tourtravelandmore.com\/es\/\",\"name\":\"Tour Travel And More\",\"description\":\"Private sightseeing tours and luxury transfers in Spain\",\"publisher\":{\"@id\":\"https:\/\/tourtravelandmore.com\/es\/#organization\"},\"potentialAction\":[{\"@type\":\"SearchAction\",\"target\":{\"@type\":\"EntryPoint\",\"urlTemplate\":\"https:\/\/tourtravelandmore.com\/es\/?s={search_term_string}\"},\"query-input\":{\"@type\":\"PropertyValueSpecification\",\"valueRequired\":true,\"valueName\":\"search_term_string\"}}],\"inLanguage\":\"es\"},{\"@type\":\"Organization\",\"@id\":\"https:\/\/tourtravelandmore.com\/es\/#organization\",\"name\":\"Tour Travel And More\",\"url\":\"https:\/\/tourtravelandmore.com\/es\/\",\"logo\":{\"@type\":\"ImageObject\",\"inLanguage\":\"es\",\"@id\":\"https:\/\/tourtravelandmore.com\/es\/#\/schema\/logo\/image\/\",\"url\":\"https:\/\/tourtravelandmore.com\/wp-content\/uploads\/2022\/12\/cropped-logo-cabecera-new.png\",\"contentUrl\":\"https:\/\/tourtravelandmore.com\/wp-content\/uploads\/2022\/12\/cropped-logo-cabecera-new.png\",\"width\":430,\"height\":61,\"caption\":\"Tour Travel And More\"},\"image\":{\"@id\":\"https:\/\/tourtravelandmore.com\/es\/#\/schema\/logo\/image\/\"},\"sameAs\":[\"https:\/\/www.facebook.com\/tourtravelandmore\/\",\"https:\/\/x.com\/TourTravel_More\"]}]}<\/script>\n<!-- \/ Yoast SEO Premium plugin. -->","yoast_head_json":{"title":"\u27a1\ufe0f Tour Privado a Ek Balam - \u00a1Visite este incre\u00edble Sitio Arqueol\u00f3gio! | Tour Travel & More","description":"Avent\u00farese en este tour privado a Ek Balam y visite el sitio arqueol\u00f3gico que es m\u00e1s antiguo que Chich\u00e9n Itz\u00e1, con un equipo local \u2705","robots":{"index":"index","follow":"follow","max-snippet":"max-snippet:-1","max-image-preview":"max-image-preview:large","max-video-preview":"max-video-preview:-1"},"canonical":"https:\/\/tourtravelandmore.com\/es\/tours\/mexico-es\/playa-carmen-es-es\/playa-carmen-actividades-es\/tour-privado-a-ek-balam\/","og_locale":"es_ES","og_type":"article","og_title":"Tour Privado a Ek Balam","og_description":"Avent\u00farese en este tour privado a Ek Balam y visite el sitio arqueol\u00f3gico que es m\u00e1s antiguo que Chich\u00e9n Itz\u00e1, con un equipo local \u2705","og_url":"https:\/\/tourtravelandmore.com\/es\/tours\/mexico-es\/playa-carmen-es-es\/playa-carmen-actividades-es\/tour-privado-a-ek-balam\/","og_site_name":"Tour Travel And More","article_publisher":"https:\/\/www.facebook.com\/tourtravelandmore\/","article_modified_time":"2023-11-24T10:10:15+00:00","og_image":[{"width":2560,"height":1920,"url":"https:\/\/tourtravelandmore.com\/wp-content\/uploads\/2021\/01\/ek-balam-4-scaled.jpg","type":"image\/jpeg"}],"twitter_card":"summary_large_image","twitter_site":"@TourTravel_More","twitter_misc":{"Tiempo de lectura":"2 minutos"},"schema":{"@context":"https:\/\/schema.org","@graph":[{"@type":"WebPage","@id":"https:\/\/tourtravelandmore.com\/es\/tours\/mexico-es\/playa-carmen-es-es\/playa-carmen-actividades-es\/tour-privado-a-ek-balam\/","url":"https:\/\/tourtravelandmore.com\/es\/tours\/mexico-es\/playa-carmen-es-es\/playa-carmen-actividades-es\/tour-privado-a-ek-balam\/","name":"\u27a1\ufe0f Tour Privado a Ek Balam - \u00a1Visite este incre\u00edble Sitio Arqueol\u00f3gio! | Tour Travel & More","isPartOf":{"@id":"https:\/\/tourtravelandmore.com\/es\/#website"},"primaryImageOfPage":{"@id":"https:\/\/tourtravelandmore.com\/es\/tours\/mexico-es\/playa-carmen-es-es\/playa-carmen-actividades-es\/tour-privado-a-ek-balam\/#primaryimage"},"image":{"@id":"https:\/\/tourtravelandmore.com\/es\/tours\/mexico-es\/playa-carmen-es-es\/playa-carmen-actividades-es\/tour-privado-a-ek-balam\/#primaryimage"},"thumbnailUrl":"https:\/\/tourtravelandmore.com\/wp-content\/uploads\/2021\/01\/ek-balam-4-scaled.jpg","datePublished":"2021-01-04T09:33:30+00:00","dateModified":"2023-11-24T10:10:15+00:00","description":"Avent\u00farese en este tour privado a Ek Balam y visite el sitio arqueol\u00f3gico que es m\u00e1s antiguo que Chich\u00e9n Itz\u00e1, con un equipo local \u2705","breadcrumb":{"@id":"https:\/\/tourtravelandmore.com\/es\/tours\/mexico-es\/playa-carmen-es-es\/playa-carmen-actividades-es\/tour-privado-a-ek-balam\/#breadcrumb"},"inLanguage":"es","potentialAction":[{"@type":"ReadAction","target":["https:\/\/tourtravelandmore.com\/es\/tours\/mexico-es\/playa-carmen-es-es\/playa-carmen-actividades-es\/tour-privado-a-ek-balam\/"]}]},{"@type":"ImageObject","inLanguage":"es","@id":"https:\/\/tourtravelandmore.com\/es\/tours\/mexico-es\/playa-carmen-es-es\/playa-carmen-actividades-es\/tour-privado-a-ek-balam\/#primaryimage","url":"https:\/\/tourtravelandmore.com\/wp-content\/uploads\/2021\/01\/ek-balam-4-scaled.jpg","contentUrl":"https:\/\/tourtravelandmore.com\/wp-content\/uploads\/2021\/01\/ek-balam-4-scaled.jpg","width":2560,"height":1920,"caption":"Ek Balam"},{"@type":"BreadcrumbList","@id":"https:\/\/tourtravelandmore.com\/es\/tours\/mexico-es\/playa-carmen-es-es\/playa-carmen-actividades-es\/tour-privado-a-ek-balam\/#breadcrumb","itemListElement":[{"@type":"ListItem","position":1,"name":"Home","item":"https:\/\/tourtravelandmore.com\/es\/"},{"@type":"ListItem","position":2,"name":"Tours","item":"https:\/\/tourtravelandmore.com\/es\/tours\/"},{"@type":"ListItem","position":3,"name":"Tour Privado a Ek Balam"}]},{"@type":"WebSite","@id":"https:\/\/tourtravelandmore.com\/es\/#website","url":"https:\/\/tourtravelandmore.com\/es\/","name":"Tour Travel And More","description":"Private sightseeing tours and luxury transfers in Spain","publisher":{"@id":"https:\/\/tourtravelandmore.com\/es\/#organization"},"potentialAction":[{"@type":"SearchAction","target":{"@type":"EntryPoint","urlTemplate":"https:\/\/tourtravelandmore.com\/es\/?s={search_term_string}"},"query-input":{"@type":"PropertyValueSpecification","valueRequired":true,"valueName":"search_term_string"}}],"inLanguage":"es"},{"@type":"Organization","@id":"https:\/\/tourtravelandmore.com\/es\/#organization","name":"Tour Travel And More","url":"https:\/\/tourtravelandmore.com\/es\/","logo":{"@type":"ImageObject","inLanguage":"es","@id":"https:\/\/tourtravelandmore.com\/es\/#\/schema\/logo\/image\/","url":"https:\/\/tourtravelandmore.com\/wp-content\/uploads\/2022\/12\/cropped-logo-cabecera-new.png","contentUrl":"https:\/\/tourtravelandmore.com\/wp-content\/uploads\/2022\/12\/cropped-logo-cabecera-new.png","width":430,"height":61,"caption":"Tour Travel And More"},"image":{"@id":"https:\/\/tourtravelandmore.com\/es\/#\/schema\/logo\/image\/"},"sameAs":["https:\/\/www.facebook.com\/tourtravelandmore\/","https:\/\/x.com\/TourTravel_More"]}]}},"_links":{"self":[{"href":"https:\/\/tourtravelandmore.com\/es\/wp-json\/wp\/v2\/product\/90906","targetHints":{"allow":["GET"]}}],"collection":[{"href":"https:\/\/tourtravelandmore.com\/es\/wp-json\/wp\/v2\/product"}],"about":[{"href":"https:\/\/tourtravelandmore.com\/es\/wp-json\/wp\/v2\/types\/product"}],"replies":[{"embeddable":true,"href":"https:\/\/tourtravelandmore.com\/es\/wp-json\/wp\/v2\/comments?post=90906"}],"wp:featuredmedia":[{"embeddable":true,"href":"https:\/\/tourtravelandmore.com\/es\/wp-json\/wp\/v2\/media\/90919"}],"wp:attachment":[{"href":"https:\/\/tourtravelandmore.com\/es\/wp-json\/wp\/v2\/media?parent=90906"}],"wp:term":[{"taxonomy":"product_brand","embeddable":true,"href":"https:\/\/tourtravelandmore.com\/es\/wp-json\/wp\/v2\/product_brand?post=90906"},{"taxonomy":"product_cat","embeddable":true,"href":"https:\/\/tourtravelandmore.com\/es\/wp-json\/wp\/v2\/product_cat?post=90906"},{"taxonomy":"product_tag","embeddable":true,"href":"https:\/\/tourtravelandmore.com\/es\/wp-json\/wp\/v2\/product_tag?post=90906"}],"curies":[{"name":"wp","href":"https:\/\/api.w.org\/{rel}","templated":true}]}}