{"id":90819,"date":"2020-12-31T10:38:23","date_gmt":"2020-12-31T09:38:25","guid":{"rendered":"https:\/\/tourtravelandmore.com\/?post_type=product&#038;p=90819"},"modified":"2023-11-24T11:16:16","modified_gmt":"2023-11-24T10:16:16","slug":"excursion-en-barco-privado-por-la-riviera-maya","status":"publish","type":"product","link":"https:\/\/tourtravelandmore.com\/es\/tours\/mexico-es\/playa-carmen-es-es\/playa-carmen-actividades-es\/excursion-en-barco-privado-por-la-riviera-maya\/","title":{"rendered":"Excursi\u00f3n en Barco Privado por la Riviera Maya"},"content":{"rendered":"<h2><strong>Descripci\u00f3n de la Excursi\u00f3n en Barco Privado por la Riviera Maya<\/strong><\/h2>\n<p>Disfrute de un d\u00eda relajante en el oc\u00e9ano con nuestra <strong>Excursion en barco privado por la Riviera Maya<\/strong>. <span class=\"JLqJ4b ChMk0b\" data-language-for-alternatives=\"es\" data-language-to-translate-into=\"en\" data-phrase-index=\"1\">No hay mejor manera de descubrir la Costa del Caribe que con un barco privado con tripulaci\u00f3n profesional.<span class=\"JLqJ4b\" data-language-for-alternatives=\"es\" data-language-to-translate-into=\"en\" data-phrase-index=\"2\"> Podemos organizar disposiciones de medio d\u00eda o d\u00eda completo desde Canc\u00fan, Playa del Carmen o del puerto de Tulum. <\/span><\/span><\/p>\n<p><span class=\"JLqJ4b ChMk0b\" data-language-for-alternatives=\"es\" data-language-to-translate-into=\"en\" data-phrase-index=\"1\"><span class=\"JLqJ4b\" data-language-for-alternatives=\"es\" data-language-to-translate-into=\"en\" data-phrase-index=\"2\">El itinerario final es completamente adaptable a su inter\u00e9s personal. Solo tienes que confirmar el lugar de recogida y te ayudaremos a organizar un itinerario personalizado. Tambi\u00e9n te damos la opci\u00f3n de incluir un gu\u00eda tur\u00edstico oficial privado a tu experiencia en caso de que est\u00e9s dispuesto a conocer algunos datos interesantes sobre la Riviera Maya. <\/span><\/span><\/p>\n<p><span class=\"JLqJ4b ChMk0b\" data-language-for-alternatives=\"es\" data-language-to-translate-into=\"en\" data-phrase-index=\"1\"><span class=\"JLqJ4b\" data-language-for-alternatives=\"es\" data-language-to-translate-into=\"en\" data-phrase-index=\"2\">P\u00f3ngase en contacto con nosotros y perm\u00edtanos ayudarlo a organizar su excursion en barco privado por la Riviera Maya. Admira las incre\u00edbles vistas de la costa desde otra perspectiva. <\/span><\/span><\/p>\n<p><span class=\"JLqJ4b ChMk0b\" data-language-for-alternatives=\"es\" data-language-to-translate-into=\"en\" data-phrase-index=\"1\"><span class=\"JLqJ4b\" data-language-for-alternatives=\"es\" data-language-to-translate-into=\"en\" data-phrase-index=\"2\">En caso de que desee otro tipo de excursi\u00f3n privada en la Riviera Maya o en M\u00e9xico, <a href=\"https:\/\/tourtravelandmore.com\/es\/ciudad\/mexico-es\/\">consulte nuestra lista de tours privados<\/a>.<\/span><\/span><\/p>\n<h2><strong>Puntos de inter\u00e9s en la Excursi\u00f3n en Barco Privado por la Riviera Maya<\/strong><\/h2>\n<p><strong>La Riviera Maya<\/strong> es una extensi\u00f3n de la costa caribe\u00f1a en la pen\u00ednsula de Yucat\u00e1n, en el noreste de M\u00e9xico. La Riviera Maya se extiende desde el sur de Canc\u00fan hasta la ciudad de Tulum. Las ciudades m\u00e1s reconocidas son Playa del Carmen y Tulum y luego siguen Puerto Morelos, Puerto Aventura, Akumal y Cob\u00e1. La ciudad de Canc\u00fan no se considera oficialmente como parte de la Riviera Maya.<\/p>\n<p>En esta excursi\u00f3n en bote privado, no solo admirar\u00e1s la Riviera Maya desde otra perspectiva, sino que tambi\u00e9n disfrutar\u00e1s de un d\u00eda lleno de aventuras en el oc\u00e9ano. Aqu\u00ed el agua se caracteriza por ser de un color turquesa que a lo lejos se funde con el cielo. La arena es suave y blanca. \u00a1Es el verdadero para\u00edso mexicano!<\/p>\n<p>Durante nuestra excursion en barco privado por la Riviera Maya podr\u00e1 admirar la costa de las ciudades m\u00e1s importantes. Adem\u00e1s, puedes cruzar para conocer la costa de la <a href=\"https:\/\/es.wikipedia.org\/wiki\/Cozumel\">Isla de Cozumel<\/a>. Tendr\u00e1s un equipo profesional y un barco privado a tu entera disposici\u00f3n. La duraci\u00f3n de la disposici\u00f3n tambi\u00e9n se puede ajustar a su inter\u00e9s personal.<\/p>\n<p>Con <strong>Tour Travel &amp; More<\/strong>, tendr\u00e1 la oportunidad de disfrutar de un d\u00eda completo de aventura. Explorar\u00e1 la hermosa costa caribe\u00f1a, donde podr\u00e1s nadar, hacer snorkel o incluso bucear. En caso de que lo necesites, tambi\u00e9n podemos organizar un picnic o un almuerzo completo en tu barco para que no tengas que preocuparte por nada.<\/p>\n<p><strong>Podemos organizar lanchas r\u00e1pidas, yates o el tipo de embarcaci\u00f3n que prefiera. \u00a1Ponte en contacto con nosotros para una experiencia personalizada!<\/strong><\/p>\n","protected":false},"excerpt":{"rendered":"<p>Disfrute de una experiencia de lujo privada en <strong>la Riviera Maya<\/strong>. Aproveche al m\u00e1ximo su visita a Mexico y goce de la disposici\u00f3n de un <strong>bote privado<\/strong> para visitar las hermosas playas del caribe Mexicano.<\/p>\n","protected":false},"featured_media":90850,"comment_status":"open","ping_status":"closed","template":"","meta":{"_acf_changed":false},"product_brand":[],"product_cat":[3203,3332,3335,3338,3344,3347,3350,3321,3356,3359,3230,3233],"product_tag":[],"class_list":{"0":"post-90819","1":"product","2":"type-product","3":"status-publish","4":"has-post-thumbnail","6":"product_cat-mexico-es","7":"product_cat-cancun-es","8":"product_cat-cancun-actividades-es","9":"product_cat-cancun-tours-es","10":"product_cat-playa-carmen-es-es","11":"product_cat-playa-carmen-actividades-es","12":"product_cat-playa-carmen-tours-es","13":"product_cat-tulum-es","14":"product_cat-tulum-actividades-es","15":"product_cat-tulum-tours-es","16":"product_cat-cozumel-es","17":"product_cat-cozumel-actividades-es","19":"first","20":"instock","21":"shipping-taxable","22":"purchasable","23":"product-type-simple"},"acf":[],"yoast_head":"<!-- This site is optimized with the Yoast SEO Premium plugin v25.3.1 (Yoast SEO v25.3.1) - https:\/\/yoast.com\/wordpress\/plugins\/seo\/ -->\n<title>\u27a1\ufe0f Excursi\u00f3n en Barco Privado por la Riviera Maya con profesionales | Tour Travel &amp; More<\/title>\n<meta name=\"description\" content=\"Disfrute de una experiencia de lujo. Perm\u00edtanos coordinar su excursi\u00f3n en barco privado por la Riviera Maya para disfrutar sus \u00fanicas playas \u2705\" \/>\n<meta name=\"robots\" content=\"index, follow, max-snippet:-1, max-image-preview:large, max-video-preview:-1\" \/>\n<link rel=\"canonical\" href=\"https:\/\/tourtravelandmore.com\/es\/tours\/mexico-es\/playa-carmen-es-es\/playa-carmen-actividades-es\/excursion-en-barco-privado-por-la-riviera-maya\/\" \/>\n<meta property=\"og:locale\" content=\"es_ES\" \/>\n<meta property=\"og:type\" content=\"article\" \/>\n<meta property=\"og:title\" content=\"Excursi\u00f3n en Barco Privado por la Riviera Maya\" \/>\n<meta property=\"og:description\" content=\"Disfrute de una experiencia de lujo. Perm\u00edtanos coordinar su excursi\u00f3n en barco privado por la Riviera Maya para disfrutar sus \u00fanicas playas \u2705\" \/>\n<meta property=\"og:url\" content=\"https:\/\/tourtravelandmore.com\/es\/tours\/mexico-es\/playa-carmen-es-es\/playa-carmen-actividades-es\/excursion-en-barco-privado-por-la-riviera-maya\/\" \/>\n<meta property=\"og:site_name\" content=\"Tour Travel And More\" \/>\n<meta property=\"article:publisher\" content=\"https:\/\/www.facebook.com\/tourtravelandmore\/\" \/>\n<meta property=\"article:modified_time\" content=\"2023-11-24T10:16:16+00:00\" \/>\n<meta property=\"og:image\" content=\"https:\/\/tourtravelandmore.com\/wp-content\/uploads\/2020\/12\/riviera-5.jpg\" \/>\n\t<meta property=\"og:image:width\" content=\"1024\" \/>\n\t<meta property=\"og:image:height\" content=\"768\" \/>\n\t<meta property=\"og:image:type\" content=\"image\/jpeg\" \/>\n<meta name=\"twitter:card\" content=\"summary_large_image\" \/>\n<meta name=\"twitter:site\" content=\"@TourTravel_More\" \/>\n<meta name=\"twitter:label1\" content=\"Tiempo de lectura\" \/>\n\t<meta name=\"twitter:data1\" content=\"2 minutos\" \/>\n<script type=\"application\/ld+json\" class=\"yoast-schema-graph\">{\"@context\":\"https:\/\/schema.org\",\"@graph\":[{\"@type\":\"WebPage\",\"@id\":\"https:\/\/tourtravelandmore.com\/es\/tours\/mexico-es\/playa-carmen-es-es\/playa-carmen-actividades-es\/excursion-en-barco-privado-por-la-riviera-maya\/\",\"url\":\"https:\/\/tourtravelandmore.com\/es\/tours\/mexico-es\/playa-carmen-es-es\/playa-carmen-actividades-es\/excursion-en-barco-privado-por-la-riviera-maya\/\",\"name\":\"\u27a1\ufe0f Excursi\u00f3n en Barco Privado por la Riviera Maya con profesionales | Tour Travel & More\",\"isPartOf\":{\"@id\":\"https:\/\/tourtravelandmore.com\/es\/#website\"},\"primaryImageOfPage\":{\"@id\":\"https:\/\/tourtravelandmore.com\/es\/tours\/mexico-es\/playa-carmen-es-es\/playa-carmen-actividades-es\/excursion-en-barco-privado-por-la-riviera-maya\/#primaryimage\"},\"image\":{\"@id\":\"https:\/\/tourtravelandmore.com\/es\/tours\/mexico-es\/playa-carmen-es-es\/playa-carmen-actividades-es\/excursion-en-barco-privado-por-la-riviera-maya\/#primaryimage\"},\"thumbnailUrl\":\"https:\/\/tourtravelandmore.com\/wp-content\/uploads\/2020\/12\/riviera-5.jpg\",\"datePublished\":\"2020-12-31T09:38:25+00:00\",\"dateModified\":\"2023-11-24T10:16:16+00:00\",\"description\":\"Disfrute de una experiencia de lujo. Perm\u00edtanos coordinar su excursi\u00f3n en barco privado por la Riviera Maya para disfrutar sus \u00fanicas playas \u2705\",\"breadcrumb\":{\"@id\":\"https:\/\/tourtravelandmore.com\/es\/tours\/mexico-es\/playa-carmen-es-es\/playa-carmen-actividades-es\/excursion-en-barco-privado-por-la-riviera-maya\/#breadcrumb\"},\"inLanguage\":\"es\",\"potentialAction\":[{\"@type\":\"ReadAction\",\"target\":[\"https:\/\/tourtravelandmore.com\/es\/tours\/mexico-es\/playa-carmen-es-es\/playa-carmen-actividades-es\/excursion-en-barco-privado-por-la-riviera-maya\/\"]}]},{\"@type\":\"ImageObject\",\"inLanguage\":\"es\",\"@id\":\"https:\/\/tourtravelandmore.com\/es\/tours\/mexico-es\/playa-carmen-es-es\/playa-carmen-actividades-es\/excursion-en-barco-privado-por-la-riviera-maya\/#primaryimage\",\"url\":\"https:\/\/tourtravelandmore.com\/wp-content\/uploads\/2020\/12\/riviera-5.jpg\",\"contentUrl\":\"https:\/\/tourtravelandmore.com\/wp-content\/uploads\/2020\/12\/riviera-5.jpg\",\"width\":1024,\"height\":768},{\"@type\":\"BreadcrumbList\",\"@id\":\"https:\/\/tourtravelandmore.com\/es\/tours\/mexico-es\/playa-carmen-es-es\/playa-carmen-actividades-es\/excursion-en-barco-privado-por-la-riviera-maya\/#breadcrumb\",\"itemListElement\":[{\"@type\":\"ListItem\",\"position\":1,\"name\":\"Home\",\"item\":\"https:\/\/tourtravelandmore.com\/es\/\"},{\"@type\":\"ListItem\",\"position\":2,\"name\":\"Tours\",\"item\":\"https:\/\/tourtravelandmore.com\/es\/tours\/\"},{\"@type\":\"ListItem\",\"position\":3,\"name\":\"Excursi\u00f3n en Barco Privado por la Riviera Maya\"}]},{\"@type\":\"WebSite\",\"@id\":\"https:\/\/tourtravelandmore.com\/es\/#website\",\"url\":\"https:\/\/tourtravelandmore.com\/es\/\",\"name\":\"Tour Travel And More\",\"description\":\"Private sightseeing tours and luxury transfers in Spain\",\"publisher\":{\"@id\":\"https:\/\/tourtravelandmore.com\/es\/#organization\"},\"potentialAction\":[{\"@type\":\"SearchAction\",\"target\":{\"@type\":\"EntryPoint\",\"urlTemplate\":\"https:\/\/tourtravelandmore.com\/es\/?s={search_term_string}\"},\"query-input\":{\"@type\":\"PropertyValueSpecification\",\"valueRequired\":true,\"valueName\":\"search_term_string\"}}],\"inLanguage\":\"es\"},{\"@type\":\"Organization\",\"@id\":\"https:\/\/tourtravelandmore.com\/es\/#organization\",\"name\":\"Tour Travel And More\",\"url\":\"https:\/\/tourtravelandmore.com\/es\/\",\"logo\":{\"@type\":\"ImageObject\",\"inLanguage\":\"es\",\"@id\":\"https:\/\/tourtravelandmore.com\/es\/#\/schema\/logo\/image\/\",\"url\":\"https:\/\/tourtravelandmore.com\/wp-content\/uploads\/2022\/12\/cropped-logo-cabecera-new.png\",\"contentUrl\":\"https:\/\/tourtravelandmore.com\/wp-content\/uploads\/2022\/12\/cropped-logo-cabecera-new.png\",\"width\":430,\"height\":61,\"caption\":\"Tour Travel And More\"},\"image\":{\"@id\":\"https:\/\/tourtravelandmore.com\/es\/#\/schema\/logo\/image\/\"},\"sameAs\":[\"https:\/\/www.facebook.com\/tourtravelandmore\/\",\"https:\/\/x.com\/TourTravel_More\"]}]}<\/script>\n<!-- \/ Yoast SEO Premium plugin. -->","yoast_head_json":{"title":"\u27a1\ufe0f Excursi\u00f3n en Barco Privado por la Riviera Maya con profesionales | Tour Travel & More","description":"Disfrute de una experiencia de lujo. Perm\u00edtanos coordinar su excursi\u00f3n en barco privado por la Riviera Maya para disfrutar sus \u00fanicas playas \u2705","robots":{"index":"index","follow":"follow","max-snippet":"max-snippet:-1","max-image-preview":"max-image-preview:large","max-video-preview":"max-video-preview:-1"},"canonical":"https:\/\/tourtravelandmore.com\/es\/tours\/mexico-es\/playa-carmen-es-es\/playa-carmen-actividades-es\/excursion-en-barco-privado-por-la-riviera-maya\/","og_locale":"es_ES","og_type":"article","og_title":"Excursi\u00f3n en Barco Privado por la Riviera Maya","og_description":"Disfrute de una experiencia de lujo. Perm\u00edtanos coordinar su excursi\u00f3n en barco privado por la Riviera Maya para disfrutar sus \u00fanicas playas \u2705","og_url":"https:\/\/tourtravelandmore.com\/es\/tours\/mexico-es\/playa-carmen-es-es\/playa-carmen-actividades-es\/excursion-en-barco-privado-por-la-riviera-maya\/","og_site_name":"Tour Travel And More","article_publisher":"https:\/\/www.facebook.com\/tourtravelandmore\/","article_modified_time":"2023-11-24T10:16:16+00:00","og_image":[{"width":1024,"height":768,"url":"https:\/\/tourtravelandmore.com\/wp-content\/uploads\/2020\/12\/riviera-5.jpg","type":"image\/jpeg"}],"twitter_card":"summary_large_image","twitter_site":"@TourTravel_More","twitter_misc":{"Tiempo de lectura":"2 minutos"},"schema":{"@context":"https:\/\/schema.org","@graph":[{"@type":"WebPage","@id":"https:\/\/tourtravelandmore.com\/es\/tours\/mexico-es\/playa-carmen-es-es\/playa-carmen-actividades-es\/excursion-en-barco-privado-por-la-riviera-maya\/","url":"https:\/\/tourtravelandmore.com\/es\/tours\/mexico-es\/playa-carmen-es-es\/playa-carmen-actividades-es\/excursion-en-barco-privado-por-la-riviera-maya\/","name":"\u27a1\ufe0f Excursi\u00f3n en Barco Privado por la Riviera Maya con profesionales | Tour Travel & More","isPartOf":{"@id":"https:\/\/tourtravelandmore.com\/es\/#website"},"primaryImageOfPage":{"@id":"https:\/\/tourtravelandmore.com\/es\/tours\/mexico-es\/playa-carmen-es-es\/playa-carmen-actividades-es\/excursion-en-barco-privado-por-la-riviera-maya\/#primaryimage"},"image":{"@id":"https:\/\/tourtravelandmore.com\/es\/tours\/mexico-es\/playa-carmen-es-es\/playa-carmen-actividades-es\/excursion-en-barco-privado-por-la-riviera-maya\/#primaryimage"},"thumbnailUrl":"https:\/\/tourtravelandmore.com\/wp-content\/uploads\/2020\/12\/riviera-5.jpg","datePublished":"2020-12-31T09:38:25+00:00","dateModified":"2023-11-24T10:16:16+00:00","description":"Disfrute de una experiencia de lujo. Perm\u00edtanos coordinar su excursi\u00f3n en barco privado por la Riviera Maya para disfrutar sus \u00fanicas playas \u2705","breadcrumb":{"@id":"https:\/\/tourtravelandmore.com\/es\/tours\/mexico-es\/playa-carmen-es-es\/playa-carmen-actividades-es\/excursion-en-barco-privado-por-la-riviera-maya\/#breadcrumb"},"inLanguage":"es","potentialAction":[{"@type":"ReadAction","target":["https:\/\/tourtravelandmore.com\/es\/tours\/mexico-es\/playa-carmen-es-es\/playa-carmen-actividades-es\/excursion-en-barco-privado-por-la-riviera-maya\/"]}]},{"@type":"ImageObject","inLanguage":"es","@id":"https:\/\/tourtravelandmore.com\/es\/tours\/mexico-es\/playa-carmen-es-es\/playa-carmen-actividades-es\/excursion-en-barco-privado-por-la-riviera-maya\/#primaryimage","url":"https:\/\/tourtravelandmore.com\/wp-content\/uploads\/2020\/12\/riviera-5.jpg","contentUrl":"https:\/\/tourtravelandmore.com\/wp-content\/uploads\/2020\/12\/riviera-5.jpg","width":1024,"height":768},{"@type":"BreadcrumbList","@id":"https:\/\/tourtravelandmore.com\/es\/tours\/mexico-es\/playa-carmen-es-es\/playa-carmen-actividades-es\/excursion-en-barco-privado-por-la-riviera-maya\/#breadcrumb","itemListElement":[{"@type":"ListItem","position":1,"name":"Home","item":"https:\/\/tourtravelandmore.com\/es\/"},{"@type":"ListItem","position":2,"name":"Tours","item":"https:\/\/tourtravelandmore.com\/es\/tours\/"},{"@type":"ListItem","position":3,"name":"Excursi\u00f3n en Barco Privado por la Riviera Maya"}]},{"@type":"WebSite","@id":"https:\/\/tourtravelandmore.com\/es\/#website","url":"https:\/\/tourtravelandmore.com\/es\/","name":"Tour Travel And More","description":"Private sightseeing tours and luxury transfers in Spain","publisher":{"@id":"https:\/\/tourtravelandmore.com\/es\/#organization"},"potentialAction":[{"@type":"SearchAction","target":{"@type":"EntryPoint","urlTemplate":"https:\/\/tourtravelandmore.com\/es\/?s={search_term_string}"},"query-input":{"@type":"PropertyValueSpecification","valueRequired":true,"valueName":"search_term_string"}}],"inLanguage":"es"},{"@type":"Organization","@id":"https:\/\/tourtravelandmore.com\/es\/#organization","name":"Tour Travel And More","url":"https:\/\/tourtravelandmore.com\/es\/","logo":{"@type":"ImageObject","inLanguage":"es","@id":"https:\/\/tourtravelandmore.com\/es\/#\/schema\/logo\/image\/","url":"https:\/\/tourtravelandmore.com\/wp-content\/uploads\/2022\/12\/cropped-logo-cabecera-new.png","contentUrl":"https:\/\/tourtravelandmore.com\/wp-content\/uploads\/2022\/12\/cropped-logo-cabecera-new.png","width":430,"height":61,"caption":"Tour Travel And More"},"image":{"@id":"https:\/\/tourtravelandmore.com\/es\/#\/schema\/logo\/image\/"},"sameAs":["https:\/\/www.facebook.com\/tourtravelandmore\/","https:\/\/x.com\/TourTravel_More"]}]}},"_links":{"self":[{"href":"https:\/\/tourtravelandmore.com\/es\/wp-json\/wp\/v2\/product\/90819","targetHints":{"allow":["GET"]}}],"collection":[{"href":"https:\/\/tourtravelandmore.com\/es\/wp-json\/wp\/v2\/product"}],"about":[{"href":"https:\/\/tourtravelandmore.com\/es\/wp-json\/wp\/v2\/types\/product"}],"replies":[{"embeddable":true,"href":"https:\/\/tourtravelandmore.com\/es\/wp-json\/wp\/v2\/comments?post=90819"}],"wp:featuredmedia":[{"embeddable":true,"href":"https:\/\/tourtravelandmore.com\/es\/wp-json\/wp\/v2\/media\/90850"}],"wp:attachment":[{"href":"https:\/\/tourtravelandmore.com\/es\/wp-json\/wp\/v2\/media?parent=90819"}],"wp:term":[{"taxonomy":"product_brand","embeddable":true,"href":"https:\/\/tourtravelandmore.com\/es\/wp-json\/wp\/v2\/product_brand?post=90819"},{"taxonomy":"product_cat","embeddable":true,"href":"https:\/\/tourtravelandmore.com\/es\/wp-json\/wp\/v2\/product_cat?post=90819"},{"taxonomy":"product_tag","embeddable":true,"href":"https:\/\/tourtravelandmore.com\/es\/wp-json\/wp\/v2\/product_tag?post=90819"}],"curies":[{"name":"wp","href":"https:\/\/api.w.org\/{rel}","templated":true}]}}