{"id":90791,"date":"2020-12-31T09:46:34","date_gmt":"2020-12-31T08:46:36","guid":{"rendered":"https:\/\/tourtravelandmore.com\/?post_type=product&#038;p=90791"},"modified":"2023-08-18T10:34:08","modified_gmt":"2023-08-18T08:34:08","slug":"tour-a-pie-del-tallin","status":"publish","type":"product","link":"https:\/\/tourtravelandmore.com\/es\/tours\/estonia-es\/tallin-es\/tallin-actividades-es\/tour-a-pie-del-tallin\/","title":{"rendered":"Tour a pie del centro hist\u00f3rico de Tallin"},"content":{"rendered":"<h2 class=\"p1\"><span class=\"s1\"><b>Descripci\u00f3n del Tour a pie del centro hist\u00f3rico de Tallin<\/b><\/span><\/h2>\n<p>Imagina caminar a trav\u00e9s del centro historical medieval de Tallin mientras descubres su historia y leyendas. Nuestro <strong>tour privado a pie de Tallin<\/strong> est\u00e1 designado para que explores este patrimonio de la humanidad junto a un gu\u00eda local experto.<\/p>\n<p>Junto a un gu\u00eda oficial caminar\u00e1s las calles empedradas de Tallinn. El tour es adaptable a su deseo e inter\u00e9s personal. Caminar\u00e1s dentro de las paredes del fuerte y a trav\u00e9s de los antiguos edificios con techos rojos que albergan la historia de la ciudad.<\/p>\n<p>El sitio de comienzo para su tour es adaptable a su deseo personal. Su gu\u00eda le podr\u00e1 recoger en su hotel o en el puerto de cruceros.<\/p>\n<h2 class=\"p3\"><span class=\"s1\"><b>Puntos de inter\u00e9s en el Tour a pie del centro hist\u00f3rico de Tallin<\/b><\/span><\/h2>\n<p>El centro hist\u00f3rico de Tallin fue a\u00f1adido a la lista de <a href=\"https:\/\/whc.unesco.org\/es\/list\/822\/\">patrimonio de la humanidad de UNESCO en 1997<\/a>. De acuerdo a ellos, \u00a8Los or\u00edgenes de Tallin se remontan al siglo XIII, con la edificaci\u00f3n de un castillo por los caballeros cruzados de la Orden Teut\u00f3nica. Luego, la ciudad se fue desarrollando hasta convertirse en uno de los principales centros de la Liga Hanse\u00e1tica. Su prosperidad de esa \u00e9poca se patentiz\u00f3 en la opulencia de sus edificios p\u00fablicos \u2013en particular las iglesias\u2013 y la arquitectura de las mansiones de los mercaderes, muy bien conservadas a pesar de los estragos causados por los incendios y las guerras a lo largo de los siglos.\u00a8<\/p>\n<p>Durante nuestro <strong>tour privado a pie de Tallin<\/strong><strong>\u00a0<\/strong>aprender\u00e1s la historia, secretos y leyendas de la ciudad antigua. Al comenzar el tour su gu\u00eda le introducir\u00e1 en la historia antigua y moderna de la ciudad. A continuaci\u00f3n comenzar\u00e1 a explorar la parte baja y alta del centro hist\u00f3rico.<\/p>\n<p>El itinerario comenzar\u00e1 por la parte baja, tambi\u00e9n llamada Vanalinn. Algunos de los sitios que visitar\u00e1 all\u00ed son:<\/p>\n<ul>\n<li><strong>El centro medieval fortificado y sus torres<\/strong><\/li>\n<li><strong>El Ayuntamiento g\u00f3tico antiguo<\/strong><\/li>\n<li><strong>Plaza central de Tallin: En los antiguos tiempos era aqu\u00ed donde los bienes que llegaban a la ciudad se vendian<\/strong><\/li>\n<li><strong>Reapteek: Abierta desde 1422, esta farmacia medieval es la m\u00e1s antigua de toda Europa<\/strong><\/li>\n<li><strong>Mucho m\u00e1s!<\/strong><\/li>\n<\/ul>\n<p>A continuaci\u00f3n seguir\u00e1n hacia la parte alta de Tallin, tambi\u00e9n conocida como Toompea. Algunos de los puntos emblem\u00e1ticos que podr\u00e1s visitar all\u00ed son:<\/p>\n<ul>\n<li><strong>Catedral Alexander Nevsky: Edificada en 1900 durante el imperio ruso, es la iglesia m\u00e1s grande y opulenta de la religi\u00f3n ortodoxa en Estonia.<\/strong><\/li>\n<li><strong>Castillo Toompea: All\u00ed se encuentra hoy el parlamento de Estonia<\/strong><\/li>\n<li><strong>Catedral de Santa Mar\u00eda: Una de las iglesias m\u00e1s antiguas de toda Estonia<\/strong><\/li>\n<li><strong>Disfruta las maravillosas vistas panor\u00e1micas de la parte baja de Tallin y el Mar Baltico.<\/strong><\/li>\n<li><strong>Mucho m\u00e1s!<\/strong><\/li>\n<\/ul>\n<p>Durante su itinerario personalizado aprender\u00e1s sobre la historia, cultura y secretos de Tallin. Nuestros gu\u00edas son expertos conocedores de su pa\u00eds y ciudad. Si prefiere, podr\u00e1 disfrutar de nuestro <a href=\"https:\/\/tourtravelandmore.com\/es\/tours\/estonia-es\/tallin-es\/tallin-actividades-es\/tour-privado-de-tallin\/\">tour privado con coche y gu\u00eda<\/a>, y as\u00ed visitar tambi\u00e9n los suburbios de la ciudad.<\/p>\n","protected":false},"excerpt":{"rendered":"<p>Descubre y explora uno de los centros hist\u00f3ricos mejor preservados del mundo junto a un gu\u00eda local experto.<\/p>\n","protected":false},"featured_media":90832,"comment_status":"open","ping_status":"closed","template":"","meta":{"_acf_changed":false},"product_brand":[],"product_cat":[3398,3401,3408,3414],"product_tag":[],"class_list":{"0":"post-90791","1":"product","2":"type-product","3":"status-publish","4":"has-post-thumbnail","6":"product_cat-estonia-es","7":"product_cat-tallin-es","8":"product_cat-tallin-actividades-es","9":"product_cat-tallin-a-pie-es","11":"first","12":"instock","13":"shipping-taxable","14":"purchasable","15":"product-type-simple"},"acf":[],"yoast_head":"<!-- This site is optimized with the Yoast SEO Premium plugin v25.3.1 (Yoast SEO v25.3.1) - https:\/\/yoast.com\/wordpress\/plugins\/seo\/ -->\n<title>\u27a1\ufe0f Tour privado a pie de Tallin con gu\u00eda oficial experto | Tour Travel &amp; More<\/title>\n<meta name=\"description\" content=\"Explora el centro hist\u00f3rico medieval con nuestro tour privado a pie de Tallin. Descubre la historia de Estonia junto a un gu\u00eda local experto \u2705\" \/>\n<meta name=\"robots\" content=\"index, follow, max-snippet:-1, max-image-preview:large, max-video-preview:-1\" \/>\n<link rel=\"canonical\" href=\"https:\/\/tourtravelandmore.com\/es\/tours\/estonia-es\/tallin-es\/tallin-actividades-es\/tour-a-pie-del-tallin\/\" \/>\n<meta property=\"og:locale\" content=\"es_ES\" \/>\n<meta property=\"og:type\" content=\"article\" \/>\n<meta property=\"og:title\" content=\"Tour a pie del centro hist\u00f3rico de Tallin\" \/>\n<meta property=\"og:description\" content=\"Explora el centro hist\u00f3rico medieval con nuestro tour privado a pie de Tallin. Descubre la historia de Estonia junto a un gu\u00eda local experto \u2705\" \/>\n<meta property=\"og:url\" content=\"https:\/\/tourtravelandmore.com\/es\/tours\/estonia-es\/tallin-es\/tallin-actividades-es\/tour-a-pie-del-tallin\/\" \/>\n<meta property=\"og:site_name\" content=\"Tour Travel And More\" \/>\n<meta property=\"article:publisher\" content=\"https:\/\/www.facebook.com\/tourtravelandmore\/\" \/>\n<meta property=\"article:modified_time\" content=\"2023-08-18T08:34:08+00:00\" \/>\n<meta property=\"og:image\" content=\"https:\/\/tourtravelandmore.com\/wp-content\/uploads\/2020\/12\/Nevski-tallinn.jpeg\" \/>\n\t<meta property=\"og:image:width\" content=\"666\" \/>\n\t<meta property=\"og:image:height\" content=\"500\" \/>\n\t<meta property=\"og:image:type\" content=\"image\/jpeg\" \/>\n<meta name=\"twitter:card\" content=\"summary_large_image\" \/>\n<meta name=\"twitter:site\" content=\"@TourTravel_More\" \/>\n<meta name=\"twitter:label1\" content=\"Tiempo de lectura\" \/>\n\t<meta name=\"twitter:data1\" content=\"3 minutos\" \/>\n<script type=\"application\/ld+json\" class=\"yoast-schema-graph\">{\"@context\":\"https:\/\/schema.org\",\"@graph\":[{\"@type\":\"WebPage\",\"@id\":\"https:\/\/tourtravelandmore.com\/es\/tours\/estonia-es\/tallin-es\/tallin-actividades-es\/tour-a-pie-del-tallin\/\",\"url\":\"https:\/\/tourtravelandmore.com\/es\/tours\/estonia-es\/tallin-es\/tallin-actividades-es\/tour-a-pie-del-tallin\/\",\"name\":\"\u27a1\ufe0f Tour privado a pie de Tallin con gu\u00eda oficial experto | Tour Travel & More\",\"isPartOf\":{\"@id\":\"https:\/\/tourtravelandmore.com\/es\/#website\"},\"primaryImageOfPage\":{\"@id\":\"https:\/\/tourtravelandmore.com\/es\/tours\/estonia-es\/tallin-es\/tallin-actividades-es\/tour-a-pie-del-tallin\/#primaryimage\"},\"image\":{\"@id\":\"https:\/\/tourtravelandmore.com\/es\/tours\/estonia-es\/tallin-es\/tallin-actividades-es\/tour-a-pie-del-tallin\/#primaryimage\"},\"thumbnailUrl\":\"https:\/\/tourtravelandmore.com\/wp-content\/uploads\/2020\/12\/Nevski-tallinn.jpeg\",\"datePublished\":\"2020-12-31T08:46:36+00:00\",\"dateModified\":\"2023-08-18T08:34:08+00:00\",\"description\":\"Explora el centro hist\u00f3rico medieval con nuestro tour privado a pie de Tallin. Descubre la historia de Estonia junto a un gu\u00eda local experto \u2705\",\"breadcrumb\":{\"@id\":\"https:\/\/tourtravelandmore.com\/es\/tours\/estonia-es\/tallin-es\/tallin-actividades-es\/tour-a-pie-del-tallin\/#breadcrumb\"},\"inLanguage\":\"es\",\"potentialAction\":[{\"@type\":\"ReadAction\",\"target\":[\"https:\/\/tourtravelandmore.com\/es\/tours\/estonia-es\/tallin-es\/tallin-actividades-es\/tour-a-pie-del-tallin\/\"]}]},{\"@type\":\"ImageObject\",\"inLanguage\":\"es\",\"@id\":\"https:\/\/tourtravelandmore.com\/es\/tours\/estonia-es\/tallin-es\/tallin-actividades-es\/tour-a-pie-del-tallin\/#primaryimage\",\"url\":\"https:\/\/tourtravelandmore.com\/wp-content\/uploads\/2020\/12\/Nevski-tallinn.jpeg\",\"contentUrl\":\"https:\/\/tourtravelandmore.com\/wp-content\/uploads\/2020\/12\/Nevski-tallinn.jpeg\",\"width\":666,\"height\":500,\"caption\":\"Alexander Nevsky Tallinn\"},{\"@type\":\"BreadcrumbList\",\"@id\":\"https:\/\/tourtravelandmore.com\/es\/tours\/estonia-es\/tallin-es\/tallin-actividades-es\/tour-a-pie-del-tallin\/#breadcrumb\",\"itemListElement\":[{\"@type\":\"ListItem\",\"position\":1,\"name\":\"Home\",\"item\":\"https:\/\/tourtravelandmore.com\/es\/\"},{\"@type\":\"ListItem\",\"position\":2,\"name\":\"Tours\",\"item\":\"https:\/\/tourtravelandmore.com\/es\/tours\/\"},{\"@type\":\"ListItem\",\"position\":3,\"name\":\"Tour a pie del centro hist\u00f3rico de Tallin\"}]},{\"@type\":\"WebSite\",\"@id\":\"https:\/\/tourtravelandmore.com\/es\/#website\",\"url\":\"https:\/\/tourtravelandmore.com\/es\/\",\"name\":\"Tour Travel And More\",\"description\":\"Private sightseeing tours and luxury transfers in Spain\",\"publisher\":{\"@id\":\"https:\/\/tourtravelandmore.com\/es\/#organization\"},\"potentialAction\":[{\"@type\":\"SearchAction\",\"target\":{\"@type\":\"EntryPoint\",\"urlTemplate\":\"https:\/\/tourtravelandmore.com\/es\/?s={search_term_string}\"},\"query-input\":{\"@type\":\"PropertyValueSpecification\",\"valueRequired\":true,\"valueName\":\"search_term_string\"}}],\"inLanguage\":\"es\"},{\"@type\":\"Organization\",\"@id\":\"https:\/\/tourtravelandmore.com\/es\/#organization\",\"name\":\"Tour Travel And More\",\"url\":\"https:\/\/tourtravelandmore.com\/es\/\",\"logo\":{\"@type\":\"ImageObject\",\"inLanguage\":\"es\",\"@id\":\"https:\/\/tourtravelandmore.com\/es\/#\/schema\/logo\/image\/\",\"url\":\"https:\/\/tourtravelandmore.com\/wp-content\/uploads\/2022\/12\/cropped-logo-cabecera-new.png\",\"contentUrl\":\"https:\/\/tourtravelandmore.com\/wp-content\/uploads\/2022\/12\/cropped-logo-cabecera-new.png\",\"width\":430,\"height\":61,\"caption\":\"Tour Travel And More\"},\"image\":{\"@id\":\"https:\/\/tourtravelandmore.com\/es\/#\/schema\/logo\/image\/\"},\"sameAs\":[\"https:\/\/www.facebook.com\/tourtravelandmore\/\",\"https:\/\/x.com\/TourTravel_More\"]}]}<\/script>\n<!-- \/ Yoast SEO Premium plugin. -->","yoast_head_json":{"title":"\u27a1\ufe0f Tour privado a pie de Tallin con gu\u00eda oficial experto | Tour Travel & More","description":"Explora el centro hist\u00f3rico medieval con nuestro tour privado a pie de Tallin. Descubre la historia de Estonia junto a un gu\u00eda local experto \u2705","robots":{"index":"index","follow":"follow","max-snippet":"max-snippet:-1","max-image-preview":"max-image-preview:large","max-video-preview":"max-video-preview:-1"},"canonical":"https:\/\/tourtravelandmore.com\/es\/tours\/estonia-es\/tallin-es\/tallin-actividades-es\/tour-a-pie-del-tallin\/","og_locale":"es_ES","og_type":"article","og_title":"Tour a pie del centro hist\u00f3rico de Tallin","og_description":"Explora el centro hist\u00f3rico medieval con nuestro tour privado a pie de Tallin. Descubre la historia de Estonia junto a un gu\u00eda local experto \u2705","og_url":"https:\/\/tourtravelandmore.com\/es\/tours\/estonia-es\/tallin-es\/tallin-actividades-es\/tour-a-pie-del-tallin\/","og_site_name":"Tour Travel And More","article_publisher":"https:\/\/www.facebook.com\/tourtravelandmore\/","article_modified_time":"2023-08-18T08:34:08+00:00","og_image":[{"width":666,"height":500,"url":"https:\/\/tourtravelandmore.com\/wp-content\/uploads\/2020\/12\/Nevski-tallinn.jpeg","type":"image\/jpeg"}],"twitter_card":"summary_large_image","twitter_site":"@TourTravel_More","twitter_misc":{"Tiempo de lectura":"3 minutos"},"schema":{"@context":"https:\/\/schema.org","@graph":[{"@type":"WebPage","@id":"https:\/\/tourtravelandmore.com\/es\/tours\/estonia-es\/tallin-es\/tallin-actividades-es\/tour-a-pie-del-tallin\/","url":"https:\/\/tourtravelandmore.com\/es\/tours\/estonia-es\/tallin-es\/tallin-actividades-es\/tour-a-pie-del-tallin\/","name":"\u27a1\ufe0f Tour privado a pie de Tallin con gu\u00eda oficial experto | Tour Travel & More","isPartOf":{"@id":"https:\/\/tourtravelandmore.com\/es\/#website"},"primaryImageOfPage":{"@id":"https:\/\/tourtravelandmore.com\/es\/tours\/estonia-es\/tallin-es\/tallin-actividades-es\/tour-a-pie-del-tallin\/#primaryimage"},"image":{"@id":"https:\/\/tourtravelandmore.com\/es\/tours\/estonia-es\/tallin-es\/tallin-actividades-es\/tour-a-pie-del-tallin\/#primaryimage"},"thumbnailUrl":"https:\/\/tourtravelandmore.com\/wp-content\/uploads\/2020\/12\/Nevski-tallinn.jpeg","datePublished":"2020-12-31T08:46:36+00:00","dateModified":"2023-08-18T08:34:08+00:00","description":"Explora el centro hist\u00f3rico medieval con nuestro tour privado a pie de Tallin. Descubre la historia de Estonia junto a un gu\u00eda local experto \u2705","breadcrumb":{"@id":"https:\/\/tourtravelandmore.com\/es\/tours\/estonia-es\/tallin-es\/tallin-actividades-es\/tour-a-pie-del-tallin\/#breadcrumb"},"inLanguage":"es","potentialAction":[{"@type":"ReadAction","target":["https:\/\/tourtravelandmore.com\/es\/tours\/estonia-es\/tallin-es\/tallin-actividades-es\/tour-a-pie-del-tallin\/"]}]},{"@type":"ImageObject","inLanguage":"es","@id":"https:\/\/tourtravelandmore.com\/es\/tours\/estonia-es\/tallin-es\/tallin-actividades-es\/tour-a-pie-del-tallin\/#primaryimage","url":"https:\/\/tourtravelandmore.com\/wp-content\/uploads\/2020\/12\/Nevski-tallinn.jpeg","contentUrl":"https:\/\/tourtravelandmore.com\/wp-content\/uploads\/2020\/12\/Nevski-tallinn.jpeg","width":666,"height":500,"caption":"Alexander Nevsky Tallinn"},{"@type":"BreadcrumbList","@id":"https:\/\/tourtravelandmore.com\/es\/tours\/estonia-es\/tallin-es\/tallin-actividades-es\/tour-a-pie-del-tallin\/#breadcrumb","itemListElement":[{"@type":"ListItem","position":1,"name":"Home","item":"https:\/\/tourtravelandmore.com\/es\/"},{"@type":"ListItem","position":2,"name":"Tours","item":"https:\/\/tourtravelandmore.com\/es\/tours\/"},{"@type":"ListItem","position":3,"name":"Tour a pie del centro hist\u00f3rico de Tallin"}]},{"@type":"WebSite","@id":"https:\/\/tourtravelandmore.com\/es\/#website","url":"https:\/\/tourtravelandmore.com\/es\/","name":"Tour Travel And More","description":"Private sightseeing tours and luxury transfers in Spain","publisher":{"@id":"https:\/\/tourtravelandmore.com\/es\/#organization"},"potentialAction":[{"@type":"SearchAction","target":{"@type":"EntryPoint","urlTemplate":"https:\/\/tourtravelandmore.com\/es\/?s={search_term_string}"},"query-input":{"@type":"PropertyValueSpecification","valueRequired":true,"valueName":"search_term_string"}}],"inLanguage":"es"},{"@type":"Organization","@id":"https:\/\/tourtravelandmore.com\/es\/#organization","name":"Tour Travel And More","url":"https:\/\/tourtravelandmore.com\/es\/","logo":{"@type":"ImageObject","inLanguage":"es","@id":"https:\/\/tourtravelandmore.com\/es\/#\/schema\/logo\/image\/","url":"https:\/\/tourtravelandmore.com\/wp-content\/uploads\/2022\/12\/cropped-logo-cabecera-new.png","contentUrl":"https:\/\/tourtravelandmore.com\/wp-content\/uploads\/2022\/12\/cropped-logo-cabecera-new.png","width":430,"height":61,"caption":"Tour Travel And More"},"image":{"@id":"https:\/\/tourtravelandmore.com\/es\/#\/schema\/logo\/image\/"},"sameAs":["https:\/\/www.facebook.com\/tourtravelandmore\/","https:\/\/x.com\/TourTravel_More"]}]}},"_links":{"self":[{"href":"https:\/\/tourtravelandmore.com\/es\/wp-json\/wp\/v2\/product\/90791","targetHints":{"allow":["GET"]}}],"collection":[{"href":"https:\/\/tourtravelandmore.com\/es\/wp-json\/wp\/v2\/product"}],"about":[{"href":"https:\/\/tourtravelandmore.com\/es\/wp-json\/wp\/v2\/types\/product"}],"replies":[{"embeddable":true,"href":"https:\/\/tourtravelandmore.com\/es\/wp-json\/wp\/v2\/comments?post=90791"}],"wp:featuredmedia":[{"embeddable":true,"href":"https:\/\/tourtravelandmore.com\/es\/wp-json\/wp\/v2\/media\/90832"}],"wp:attachment":[{"href":"https:\/\/tourtravelandmore.com\/es\/wp-json\/wp\/v2\/media?parent=90791"}],"wp:term":[{"taxonomy":"product_brand","embeddable":true,"href":"https:\/\/tourtravelandmore.com\/es\/wp-json\/wp\/v2\/product_brand?post=90791"},{"taxonomy":"product_cat","embeddable":true,"href":"https:\/\/tourtravelandmore.com\/es\/wp-json\/wp\/v2\/product_cat?post=90791"},{"taxonomy":"product_tag","embeddable":true,"href":"https:\/\/tourtravelandmore.com\/es\/wp-json\/wp\/v2\/product_tag?post=90791"}],"curies":[{"name":"wp","href":"https:\/\/api.w.org\/{rel}","templated":true}]}}