{"id":90779,"date":"2020-12-31T09:38:33","date_gmt":"2020-12-31T08:38:36","guid":{"rendered":"https:\/\/tourtravelandmore.com\/?post_type=product&#038;p=90779"},"modified":"2023-11-24T11:13:17","modified_gmt":"2023-11-24T10:13:17","slug":"tour-privado-a-valladolid","status":"publish","type":"product","link":"https:\/\/tourtravelandmore.com\/es\/tours\/mexico-es\/playa-carmen-es-es\/playa-carmen-actividades-es\/tour-privado-a-valladolid\/","title":{"rendered":"Tour Privado a Valladolid con Cenotes"},"content":{"rendered":"<h2 id=\"tw-target-text\" class=\"tw-data-text tw-text-large XcVN5d tw-ta\" dir=\"ltr\" data-placeholder=\"Traducci\u00f3n\"><span lang=\"es\">Descripci\u00f3n del Tour Privado a Valladolid con Cenotes<\/span><\/h2>\n<p>La Pen\u00ednsula de Yucat\u00e1n tiene varios lugares y ciudades que vale la pena visitar, por eso, te invitamos a este <strong>Tour Privado a Valladolid con Cenotes<\/strong>. Aprovecha la oportunidad de visitar una de las ciudades m\u00e1s m\u00e1gicas de M\u00e9xico. Ser\u00e1s asistido por un <strong>conductor privado<\/strong> y un <strong>gu\u00eda tur\u00edstico oficial<\/strong> durante todo el recorrido.<\/p>\n<p>En esta excursi\u00f3n privada, usted decidir\u00e1 el lugar de recogida. Puede ser desde el lugar que elijas en Tulum, Playa del Carmen o incluso Canc\u00fan. La duraci\u00f3n total del recorrido es de aproximadamente 9 horas, pero depender\u00e1 principalmente del lugar de recogida.<\/p>\n<p><strong>Valladolid<\/strong> se encuentra al este de Yucat\u00e1n, a 169 km de M\u00e9rida, capital del estado de Valladolid. Su nombre hace referencia a un homenaje a la ciudad ib\u00e9rica, ya que fue fundada por los espa\u00f1oles en 1543. En 2012, Valladolid fue considerada como <em>\u201cPueblo M\u00e1gico de M\u00e9xico\u201d<\/em>.<\/p>\n<p>Disfrute de un tour de d\u00eda completo a una ciudad incre\u00edble y tenga la oportunidad de visitar dos cenotes \u00fanicos de la zona. Nuestro tour privado a Valladolid con Cenotes es una experiencia completamente privada y personalizada. Si tienes algo en mente, solo tienes que contactar con el equipo de <strong>Tour Travel &amp; More<\/strong>.<\/p>\n<h2>Puntos emblem\u00e1ticos y de inter\u00e9s en el Tour Privado a Valladolid con Cenotes<\/h2>\n<p>En primer lugar, su conductor privado y gu\u00eda tur\u00edstico oficial lo recoger\u00e1n en la ciudad deseada. <span class=\"JLqJ4b ChMk0b\" data-language-for-alternatives=\"es\" data-language-to-translate-into=\"en\" data-phrase-index=\"1\">Viajar\u00e1 hasta la ciudad de Valladolid, c\u00f3modamente, en un <strong>veh\u00edculo privado de lujo<\/strong> con aire acondicionado. <\/span><\/p>\n<p><span class=\"JLqJ4b ChMk0b\" data-language-for-alternatives=\"es\" data-language-to-translate-into=\"en\" data-phrase-index=\"1\"><span class=\"JLqJ4b\" data-language-for-alternatives=\"es\" data-language-to-translate-into=\"en\" data-phrase-index=\"2\">Su primera parada ser\u00e1 en <a href=\"https:\/\/cenotessuytun.com\">Suytun Cenote<\/a> que significa<em> &#8220;centro de piedra&#8221;<\/em>. Este es un Cenote muy especial, ya que es cerrado, ubicado bajo tierra, y su b\u00f3veda tiene una entrada de luz que ilumina su interior. \u00a1Es maravilloso!<\/span><\/span><\/p>\n<p>Luego, continuar\u00e1 hacia <strong>Cenote Zaci<\/strong>, ubicado en el centro de Valladolid. <span class=\"JLqJ4b ChMk0b\" data-language-for-alternatives=\"es\" data-language-to-translate-into=\"en\" data-phrase-index=\"8\">Es una impresionante caverna parcialmente derrumbada de unos 45 metros de di\u00e1metro. Es el cenote m\u00e1s visitado de la zona por su ubicaci\u00f3n estrat\u00e9gica. <\/span><\/p>\n<p><span class=\"JLqJ4b ChMk0b\" data-language-for-alternatives=\"es\" data-language-to-translate-into=\"en\" data-phrase-index=\"8\"><span class=\"JLqJ4b\" data-language-for-alternatives=\"es\" data-language-to-translate-into=\"en\" data-phrase-index=\"10\">Finalmente, visitar\u00e1s el centro de <strong>Valladolid<\/strong>, la ciudad donde la cultura maya se mezcla con la espa\u00f1ola. Entre otros monumentos y sitios, podr\u00e1s admirar:<\/span><\/span><\/p>\n<ul>\n<li><strong>Plaza Principal de Valladolid <\/strong><\/li>\n<li><strong><span class=\"JLqJ4b\" data-language-for-alternatives=\"es\" data-language-to-translate-into=\"en\" data-phrase-index=\"1\"><span class=\"JLqJ4b ChMk0b\" data-language-for-alternatives=\"es\" data-language-to-translate-into=\"en\" data-phrase-index=\"2\">Iglesia San Servicio <\/span><\/span><\/strong><\/li>\n<li><strong><span class=\"JLqJ4b\" data-language-for-alternatives=\"es\" data-language-to-translate-into=\"en\" data-phrase-index=\"1\"><span class=\"JLqJ4b ChMk0b\" data-language-for-alternatives=\"es\" data-language-to-translate-into=\"en\" data-phrase-index=\"2\">Palacio Municipalidad <\/span><\/span><\/strong><\/li>\n<li><strong><span class=\"JLqJ4b\" data-language-for-alternatives=\"es\" data-language-to-translate-into=\"en\" data-phrase-index=\"1\"><span class=\"JLqJ4b ChMk0b\" data-language-for-alternatives=\"es\" data-language-to-translate-into=\"en\" data-phrase-index=\"2\">Iglesia de Candelaria<\/span><\/span><\/strong><\/li>\n<li><strong><span class=\"JLqJ4b\" data-language-for-alternatives=\"es\" data-language-to-translate-into=\"en\" data-phrase-index=\"1\"><span class=\"JLqJ4b ChMk0b\" data-language-for-alternatives=\"es\" data-language-to-translate-into=\"en\" data-phrase-index=\"2\"> Convento Franciscano de San Bernardino de Siena <\/span><\/span><\/strong><\/li>\n<li><strong><span class=\"JLqJ4b\" data-language-for-alternatives=\"es\" data-language-to-translate-into=\"en\" data-phrase-index=\"1\"><span class=\"JLqJ4b ChMk0b\" data-language-for-alternatives=\"es\" data-language-to-translate-into=\"en\" data-phrase-index=\"2\">Mercado Municipal Donato Bates <\/span><\/span><\/strong><\/li>\n<li><strong><span class=\"JLqJ4b\" data-language-for-alternatives=\"es\" data-language-to-translate-into=\"en\" data-phrase-index=\"1\"><span class=\"JLqJ4b ChMk0b\" data-language-for-alternatives=\"es\" data-language-to-translate-into=\"en\" data-phrase-index=\"2\">Iglesia de Santa Luc\u00eda <\/span><\/span><\/strong><\/li>\n<li><strong><span class=\"JLqJ4b\" data-language-for-alternatives=\"es\" data-language-to-translate-into=\"en\" data-phrase-index=\"1\"><span class=\"JLqJ4b ChMk0b\" data-language-for-alternatives=\"es\" data-language-to-translate-into=\"en\" data-phrase-index=\"2\">\u00a1y mucho m\u00e1s!<\/span><\/span><\/strong><\/li>\n<\/ul>\n<p>Durante este tour de d\u00eda completo, har\u00e1s una parada para almorzar y degustar la gastronom\u00eda t\u00edpica de la ciudad.<\/p>\n<p><span class=\"JLqJ4b\" data-language-for-alternatives=\"es\" data-language-to-translate-into=\"en\" data-phrase-index=\"1\"><span class=\"JLqJ4b ChMk0b\" data-language-for-alternatives=\"es\" data-language-to-translate-into=\"en\" data-phrase-index=\"2\">Al final de la visita, su conductor privado y gu\u00eda tur\u00edstico oficial lo llevar\u00e1n de regreso a su hotel.<\/span><\/span><\/p>\n<div id=\"gtx-trans\" style=\"position: absolute; left: 24px; top: 919.656px;\">\n<div class=\"gtx-trans-icon\"><\/div>\n<\/div>\n","protected":false},"excerpt":{"rendered":"<p>No pierdas la oportunidad de visitar una ciudad \u00fanica con nuestro Tour Privado a Valladolid con Cenotes. <span class=\"JLqJ4b ChMk0b\" data-language-for-alternatives=\"es\" data-language-to-translate-into=\"en\" data-phrase-index=\"1\">\u00a1Aprende sobre su incre\u00edble historia!<\/span><\/p>\n","protected":false},"featured_media":90802,"comment_status":"open","ping_status":"closed","template":"","meta":{"_acf_changed":false},"product_brand":[],"product_cat":[3203,3332,3335,3338,3344,3347,3350,3321,3356,3359],"product_tag":[],"class_list":{"0":"post-90779","1":"product","2":"type-product","3":"status-publish","4":"has-post-thumbnail","6":"product_cat-mexico-es","7":"product_cat-cancun-es","8":"product_cat-cancun-actividades-es","9":"product_cat-cancun-tours-es","10":"product_cat-playa-carmen-es-es","11":"product_cat-playa-carmen-actividades-es","12":"product_cat-playa-carmen-tours-es","13":"product_cat-tulum-es","14":"product_cat-tulum-actividades-es","15":"product_cat-tulum-tours-es","17":"first","18":"instock","19":"shipping-taxable","20":"purchasable","21":"product-type-simple"},"acf":[],"yoast_head":"<!-- This site is optimized with the Yoast SEO Premium plugin v25.3.1 (Yoast SEO v25.3.1) - https:\/\/yoast.com\/wordpress\/plugins\/seo\/ -->\n<title>\u27a1\ufe0f Tour Privado a Valladolid con Cenotes con un equipo profesional | Tour Travel &amp; More<\/title>\n<meta name=\"description\" content=\"No pierdas la oportunidad de visitar una ciudad \u00fanica con nuestro Tour Privado a Valladolid con Cenotes. \u00a1Aprende todo sobre su historia! \u2705\" \/>\n<meta name=\"robots\" content=\"index, follow, max-snippet:-1, max-image-preview:large, max-video-preview:-1\" \/>\n<link rel=\"canonical\" href=\"https:\/\/tourtravelandmore.com\/es\/tours\/mexico-es\/playa-carmen-es-es\/playa-carmen-actividades-es\/tour-privado-a-valladolid\/\" \/>\n<meta property=\"og:locale\" content=\"es_ES\" \/>\n<meta property=\"og:type\" content=\"article\" \/>\n<meta property=\"og:title\" content=\"Tour Privado a Valladolid con Cenotes\" \/>\n<meta property=\"og:description\" content=\"No pierdas la oportunidad de visitar una ciudad \u00fanica con nuestro Tour Privado a Valladolid con Cenotes. \u00a1Aprende todo sobre su historia! \u2705\" \/>\n<meta property=\"og:url\" content=\"https:\/\/tourtravelandmore.com\/es\/tours\/mexico-es\/playa-carmen-es-es\/playa-carmen-actividades-es\/tour-privado-a-valladolid\/\" \/>\n<meta property=\"og:site_name\" content=\"Tour Travel And More\" \/>\n<meta property=\"article:publisher\" content=\"https:\/\/www.facebook.com\/tourtravelandmore\/\" \/>\n<meta property=\"article:modified_time\" content=\"2023-11-24T10:13:17+00:00\" \/>\n<meta property=\"og:image\" content=\"https:\/\/tourtravelandmore.com\/wp-content\/uploads\/2020\/12\/valla-scaled.jpg\" \/>\n\t<meta property=\"og:image:width\" content=\"2560\" \/>\n\t<meta property=\"og:image:height\" content=\"1920\" \/>\n\t<meta property=\"og:image:type\" content=\"image\/jpeg\" \/>\n<meta name=\"twitter:card\" content=\"summary_large_image\" \/>\n<meta name=\"twitter:site\" content=\"@TourTravel_More\" \/>\n<meta name=\"twitter:label1\" content=\"Tiempo de lectura\" \/>\n\t<meta name=\"twitter:data1\" content=\"2 minutos\" \/>\n<script type=\"application\/ld+json\" class=\"yoast-schema-graph\">{\"@context\":\"https:\/\/schema.org\",\"@graph\":[{\"@type\":\"WebPage\",\"@id\":\"https:\/\/tourtravelandmore.com\/es\/tours\/mexico-es\/playa-carmen-es-es\/playa-carmen-actividades-es\/tour-privado-a-valladolid\/\",\"url\":\"https:\/\/tourtravelandmore.com\/es\/tours\/mexico-es\/playa-carmen-es-es\/playa-carmen-actividades-es\/tour-privado-a-valladolid\/\",\"name\":\"\u27a1\ufe0f Tour Privado a Valladolid con Cenotes con un equipo profesional | Tour Travel & More\",\"isPartOf\":{\"@id\":\"https:\/\/tourtravelandmore.com\/es\/#website\"},\"primaryImageOfPage\":{\"@id\":\"https:\/\/tourtravelandmore.com\/es\/tours\/mexico-es\/playa-carmen-es-es\/playa-carmen-actividades-es\/tour-privado-a-valladolid\/#primaryimage\"},\"image\":{\"@id\":\"https:\/\/tourtravelandmore.com\/es\/tours\/mexico-es\/playa-carmen-es-es\/playa-carmen-actividades-es\/tour-privado-a-valladolid\/#primaryimage\"},\"thumbnailUrl\":\"https:\/\/tourtravelandmore.com\/wp-content\/uploads\/2020\/12\/valla-scaled.jpg\",\"datePublished\":\"2020-12-31T08:38:36+00:00\",\"dateModified\":\"2023-11-24T10:13:17+00:00\",\"description\":\"No pierdas la oportunidad de visitar una ciudad \u00fanica con nuestro Tour Privado a Valladolid con Cenotes. \u00a1Aprende todo sobre su historia! \u2705\",\"breadcrumb\":{\"@id\":\"https:\/\/tourtravelandmore.com\/es\/tours\/mexico-es\/playa-carmen-es-es\/playa-carmen-actividades-es\/tour-privado-a-valladolid\/#breadcrumb\"},\"inLanguage\":\"es\",\"potentialAction\":[{\"@type\":\"ReadAction\",\"target\":[\"https:\/\/tourtravelandmore.com\/es\/tours\/mexico-es\/playa-carmen-es-es\/playa-carmen-actividades-es\/tour-privado-a-valladolid\/\"]}]},{\"@type\":\"ImageObject\",\"inLanguage\":\"es\",\"@id\":\"https:\/\/tourtravelandmore.com\/es\/tours\/mexico-es\/playa-carmen-es-es\/playa-carmen-actividades-es\/tour-privado-a-valladolid\/#primaryimage\",\"url\":\"https:\/\/tourtravelandmore.com\/wp-content\/uploads\/2020\/12\/valla-scaled.jpg\",\"contentUrl\":\"https:\/\/tourtravelandmore.com\/wp-content\/uploads\/2020\/12\/valla-scaled.jpg\",\"width\":2560,\"height\":1920},{\"@type\":\"BreadcrumbList\",\"@id\":\"https:\/\/tourtravelandmore.com\/es\/tours\/mexico-es\/playa-carmen-es-es\/playa-carmen-actividades-es\/tour-privado-a-valladolid\/#breadcrumb\",\"itemListElement\":[{\"@type\":\"ListItem\",\"position\":1,\"name\":\"Home\",\"item\":\"https:\/\/tourtravelandmore.com\/es\/\"},{\"@type\":\"ListItem\",\"position\":2,\"name\":\"Tours\",\"item\":\"https:\/\/tourtravelandmore.com\/es\/tours\/\"},{\"@type\":\"ListItem\",\"position\":3,\"name\":\"Tour Privado a Valladolid con Cenotes\"}]},{\"@type\":\"WebSite\",\"@id\":\"https:\/\/tourtravelandmore.com\/es\/#website\",\"url\":\"https:\/\/tourtravelandmore.com\/es\/\",\"name\":\"Tour Travel And More\",\"description\":\"Private sightseeing tours and luxury transfers in Spain\",\"publisher\":{\"@id\":\"https:\/\/tourtravelandmore.com\/es\/#organization\"},\"potentialAction\":[{\"@type\":\"SearchAction\",\"target\":{\"@type\":\"EntryPoint\",\"urlTemplate\":\"https:\/\/tourtravelandmore.com\/es\/?s={search_term_string}\"},\"query-input\":{\"@type\":\"PropertyValueSpecification\",\"valueRequired\":true,\"valueName\":\"search_term_string\"}}],\"inLanguage\":\"es\"},{\"@type\":\"Organization\",\"@id\":\"https:\/\/tourtravelandmore.com\/es\/#organization\",\"name\":\"Tour Travel And More\",\"url\":\"https:\/\/tourtravelandmore.com\/es\/\",\"logo\":{\"@type\":\"ImageObject\",\"inLanguage\":\"es\",\"@id\":\"https:\/\/tourtravelandmore.com\/es\/#\/schema\/logo\/image\/\",\"url\":\"https:\/\/tourtravelandmore.com\/wp-content\/uploads\/2022\/12\/cropped-logo-cabecera-new.png\",\"contentUrl\":\"https:\/\/tourtravelandmore.com\/wp-content\/uploads\/2022\/12\/cropped-logo-cabecera-new.png\",\"width\":430,\"height\":61,\"caption\":\"Tour Travel And More\"},\"image\":{\"@id\":\"https:\/\/tourtravelandmore.com\/es\/#\/schema\/logo\/image\/\"},\"sameAs\":[\"https:\/\/www.facebook.com\/tourtravelandmore\/\",\"https:\/\/x.com\/TourTravel_More\"]}]}<\/script>\n<!-- \/ Yoast SEO Premium plugin. -->","yoast_head_json":{"title":"\u27a1\ufe0f Tour Privado a Valladolid con Cenotes con un equipo profesional | Tour Travel & More","description":"No pierdas la oportunidad de visitar una ciudad \u00fanica con nuestro Tour Privado a Valladolid con Cenotes. \u00a1Aprende todo sobre su historia! \u2705","robots":{"index":"index","follow":"follow","max-snippet":"max-snippet:-1","max-image-preview":"max-image-preview:large","max-video-preview":"max-video-preview:-1"},"canonical":"https:\/\/tourtravelandmore.com\/es\/tours\/mexico-es\/playa-carmen-es-es\/playa-carmen-actividades-es\/tour-privado-a-valladolid\/","og_locale":"es_ES","og_type":"article","og_title":"Tour Privado a Valladolid con Cenotes","og_description":"No pierdas la oportunidad de visitar una ciudad \u00fanica con nuestro Tour Privado a Valladolid con Cenotes. \u00a1Aprende todo sobre su historia! \u2705","og_url":"https:\/\/tourtravelandmore.com\/es\/tours\/mexico-es\/playa-carmen-es-es\/playa-carmen-actividades-es\/tour-privado-a-valladolid\/","og_site_name":"Tour Travel And More","article_publisher":"https:\/\/www.facebook.com\/tourtravelandmore\/","article_modified_time":"2023-11-24T10:13:17+00:00","og_image":[{"width":2560,"height":1920,"url":"https:\/\/tourtravelandmore.com\/wp-content\/uploads\/2020\/12\/valla-scaled.jpg","type":"image\/jpeg"}],"twitter_card":"summary_large_image","twitter_site":"@TourTravel_More","twitter_misc":{"Tiempo de lectura":"2 minutos"},"schema":{"@context":"https:\/\/schema.org","@graph":[{"@type":"WebPage","@id":"https:\/\/tourtravelandmore.com\/es\/tours\/mexico-es\/playa-carmen-es-es\/playa-carmen-actividades-es\/tour-privado-a-valladolid\/","url":"https:\/\/tourtravelandmore.com\/es\/tours\/mexico-es\/playa-carmen-es-es\/playa-carmen-actividades-es\/tour-privado-a-valladolid\/","name":"\u27a1\ufe0f Tour Privado a Valladolid con Cenotes con un equipo profesional | Tour Travel & More","isPartOf":{"@id":"https:\/\/tourtravelandmore.com\/es\/#website"},"primaryImageOfPage":{"@id":"https:\/\/tourtravelandmore.com\/es\/tours\/mexico-es\/playa-carmen-es-es\/playa-carmen-actividades-es\/tour-privado-a-valladolid\/#primaryimage"},"image":{"@id":"https:\/\/tourtravelandmore.com\/es\/tours\/mexico-es\/playa-carmen-es-es\/playa-carmen-actividades-es\/tour-privado-a-valladolid\/#primaryimage"},"thumbnailUrl":"https:\/\/tourtravelandmore.com\/wp-content\/uploads\/2020\/12\/valla-scaled.jpg","datePublished":"2020-12-31T08:38:36+00:00","dateModified":"2023-11-24T10:13:17+00:00","description":"No pierdas la oportunidad de visitar una ciudad \u00fanica con nuestro Tour Privado a Valladolid con Cenotes. \u00a1Aprende todo sobre su historia! \u2705","breadcrumb":{"@id":"https:\/\/tourtravelandmore.com\/es\/tours\/mexico-es\/playa-carmen-es-es\/playa-carmen-actividades-es\/tour-privado-a-valladolid\/#breadcrumb"},"inLanguage":"es","potentialAction":[{"@type":"ReadAction","target":["https:\/\/tourtravelandmore.com\/es\/tours\/mexico-es\/playa-carmen-es-es\/playa-carmen-actividades-es\/tour-privado-a-valladolid\/"]}]},{"@type":"ImageObject","inLanguage":"es","@id":"https:\/\/tourtravelandmore.com\/es\/tours\/mexico-es\/playa-carmen-es-es\/playa-carmen-actividades-es\/tour-privado-a-valladolid\/#primaryimage","url":"https:\/\/tourtravelandmore.com\/wp-content\/uploads\/2020\/12\/valla-scaled.jpg","contentUrl":"https:\/\/tourtravelandmore.com\/wp-content\/uploads\/2020\/12\/valla-scaled.jpg","width":2560,"height":1920},{"@type":"BreadcrumbList","@id":"https:\/\/tourtravelandmore.com\/es\/tours\/mexico-es\/playa-carmen-es-es\/playa-carmen-actividades-es\/tour-privado-a-valladolid\/#breadcrumb","itemListElement":[{"@type":"ListItem","position":1,"name":"Home","item":"https:\/\/tourtravelandmore.com\/es\/"},{"@type":"ListItem","position":2,"name":"Tours","item":"https:\/\/tourtravelandmore.com\/es\/tours\/"},{"@type":"ListItem","position":3,"name":"Tour Privado a Valladolid con Cenotes"}]},{"@type":"WebSite","@id":"https:\/\/tourtravelandmore.com\/es\/#website","url":"https:\/\/tourtravelandmore.com\/es\/","name":"Tour Travel And More","description":"Private sightseeing tours and luxury transfers in Spain","publisher":{"@id":"https:\/\/tourtravelandmore.com\/es\/#organization"},"potentialAction":[{"@type":"SearchAction","target":{"@type":"EntryPoint","urlTemplate":"https:\/\/tourtravelandmore.com\/es\/?s={search_term_string}"},"query-input":{"@type":"PropertyValueSpecification","valueRequired":true,"valueName":"search_term_string"}}],"inLanguage":"es"},{"@type":"Organization","@id":"https:\/\/tourtravelandmore.com\/es\/#organization","name":"Tour Travel And More","url":"https:\/\/tourtravelandmore.com\/es\/","logo":{"@type":"ImageObject","inLanguage":"es","@id":"https:\/\/tourtravelandmore.com\/es\/#\/schema\/logo\/image\/","url":"https:\/\/tourtravelandmore.com\/wp-content\/uploads\/2022\/12\/cropped-logo-cabecera-new.png","contentUrl":"https:\/\/tourtravelandmore.com\/wp-content\/uploads\/2022\/12\/cropped-logo-cabecera-new.png","width":430,"height":61,"caption":"Tour Travel And More"},"image":{"@id":"https:\/\/tourtravelandmore.com\/es\/#\/schema\/logo\/image\/"},"sameAs":["https:\/\/www.facebook.com\/tourtravelandmore\/","https:\/\/x.com\/TourTravel_More"]}]}},"_links":{"self":[{"href":"https:\/\/tourtravelandmore.com\/es\/wp-json\/wp\/v2\/product\/90779","targetHints":{"allow":["GET"]}}],"collection":[{"href":"https:\/\/tourtravelandmore.com\/es\/wp-json\/wp\/v2\/product"}],"about":[{"href":"https:\/\/tourtravelandmore.com\/es\/wp-json\/wp\/v2\/types\/product"}],"replies":[{"embeddable":true,"href":"https:\/\/tourtravelandmore.com\/es\/wp-json\/wp\/v2\/comments?post=90779"}],"wp:featuredmedia":[{"embeddable":true,"href":"https:\/\/tourtravelandmore.com\/es\/wp-json\/wp\/v2\/media\/90802"}],"wp:attachment":[{"href":"https:\/\/tourtravelandmore.com\/es\/wp-json\/wp\/v2\/media?parent=90779"}],"wp:term":[{"taxonomy":"product_brand","embeddable":true,"href":"https:\/\/tourtravelandmore.com\/es\/wp-json\/wp\/v2\/product_brand?post=90779"},{"taxonomy":"product_cat","embeddable":true,"href":"https:\/\/tourtravelandmore.com\/es\/wp-json\/wp\/v2\/product_cat?post=90779"},{"taxonomy":"product_tag","embeddable":true,"href":"https:\/\/tourtravelandmore.com\/es\/wp-json\/wp\/v2\/product_tag?post=90779"}],"curies":[{"name":"wp","href":"https:\/\/api.w.org\/{rel}","templated":true}]}}