{"id":90736,"date":"2020-12-30T12:51:00","date_gmt":"2020-12-30T11:51:01","guid":{"rendered":"https:\/\/tourtravelandmore.com\/?post_type=product&#038;p=90736"},"modified":"2023-08-18T10:33:16","modified_gmt":"2023-08-18T08:33:16","slug":"tour-privado-de-tallin","status":"publish","type":"product","link":"https:\/\/tourtravelandmore.com\/es\/tours\/estonia-es\/tallin-es\/tallin-actividades-es\/tour-privado-de-tallin\/","title":{"rendered":"Tour Privado de Tallin"},"content":{"rendered":"<h2><strong>Descripci\u00f3n del Tour Privado de Tallin<\/strong><\/h2>\n<p>Tallin alberga uno de los centros hist\u00f3ricos mejor preservados del norte europeo. \u00danete a nosotros y disfruta una experiencia personalizada con nuestro tour privado de Tallin.<\/p>\n<p>Para dar comienzo a su tour, su chofer y gu\u00eda le recoger\u00e1n en su sitio deseado en Tallin. Podremos recogerle en su hotel, apartamento o, en caso de que llegu\u00e9 en crucero, en el puerto mismo. A continuaci\u00f3n comenzar\u00e1 su paseo por los sitios m\u00e1s emblem\u00e1ticos de la ciudad.<\/p>\n<p>Contacta con nuestro equipo de expertos para recibir una propuesta personalizada.<span class=\"Apple-converted-space\"> Ofrecemos diversos tours privados en Tallin, podr\u00e1s ver las opciones en <a href=\"https:\/\/tourtravelandmore.com\/es\/ciudad\/estonia-es\/tallin-es\/\">nuestro sitio web<\/a>.<\/span><\/p>\n<h2><strong>Puntos de inter\u00e9s en el Tour Privado de Tallin<\/strong><\/h2>\n<p>Los or\u00edgenes de Tallin datan al Siglo XIII, cuando los caballeros de la orden Teutona erigieron un castillo. Con el tiempo Tallin se desarrollo, siendo un punto esencial para la Liga Hanseatica, en gran parte gracias a su ideal locaci\u00f3n sobre el Mar B\u00e1ltico.<\/p>\n<p>Hoy en d\u00eda es considerada uno de los centros hist\u00f3ricos medievales mejor preservados de Europa, albergando un especial mix entre lo antiguo y moderno. <a href=\"https:\/\/whc.unesco.org\/es\/list\/822\/\">Su ciudad antigua fue incluida en la lista de patrimonios de la humanidad de la UNESCO en 1997.<\/a><\/p>\n<p>Si visitas la ciudad por varios d\u00edas o solo haces una parada con tu crucero, nuestro <b>tour privado de Tallin <\/b>es el mejor modo de adentrarse en la ciudad y aprender su historia y secretos. Durante su experiencia privada visitar\u00e1 los sitios m\u00e1s emblem\u00e1ticos de la ciudad, entre ellos:<\/p>\n<ul>\n<li><strong>Centro hist\u00f3rico de Tallin: Patrimonio de la humanidad desde 1997. Esta parte de la ciudad puede ser visitada \u00fanicamente a pie, por lo que ser\u00e1 llevado all\u00ed en coche y luego recogido nuevamente para visitar los suburbios de la ciudad.<\/strong><\/li>\n<li><strong>Kalamaja<\/strong><\/li>\n<li><strong>Pen\u00ednsulas de Kopli y Paljassaare<\/strong><\/li>\n<li><strong>Lasnam\u00e4e hasta Kadriorg<\/strong><\/li>\n<li><strong>Pirita y Viimsi<\/strong><\/li>\n<\/ul>\n<p>El itinerario final de su tour es completamente adaptable a sus deseos e intereses personales. Cont\u00e1ctenos y nuestro equipo de expertos le ayudar\u00e1 a coordinar una experiencia a medida.<\/p>\n","protected":false},"excerpt":{"rendered":"<p>Disfruta de una experiencia relajada junto a un gu\u00eda local experto y explora la maravillosa Tallin, su centro hist\u00f3rico y principales barrios.<\/p>\n","protected":false},"featured_media":90757,"comment_status":"open","ping_status":"closed","template":"","meta":{"_acf_changed":false},"product_brand":[],"product_cat":[3398,3401,3408,3411],"product_tag":[],"class_list":{"0":"post-90736","1":"product","2":"type-product","3":"status-publish","4":"has-post-thumbnail","6":"product_cat-estonia-es","7":"product_cat-tallin-es","8":"product_cat-tallin-actividades-es","9":"product_cat-tallin-tours-privados-es","11":"first","12":"instock","13":"shipping-taxable","14":"purchasable","15":"product-type-simple"},"acf":[],"yoast_head":"<!-- This site is optimized with the Yoast SEO Premium plugin v25.3.1 (Yoast SEO v25.3.1) - https:\/\/yoast.com\/wordpress\/plugins\/seo\/ -->\n<title>\u27a1\ufe0f Tour privado de Tallin con chofer y gu\u00eda local | Tour Travel &amp; More<\/title>\n<meta name=\"description\" content=\"Disfrute de este Tour Privado de Tallin junto a un gu\u00eda local experto. Explora su maravilloso centro hist\u00f3rico y principales barrios \u2705\" \/>\n<meta name=\"robots\" content=\"index, follow, max-snippet:-1, max-image-preview:large, max-video-preview:-1\" \/>\n<link rel=\"canonical\" href=\"https:\/\/tourtravelandmore.com\/es\/tours\/estonia-es\/tallin-es\/tallin-actividades-es\/tour-privado-de-tallin\/\" \/>\n<meta property=\"og:locale\" content=\"es_ES\" \/>\n<meta property=\"og:type\" content=\"article\" \/>\n<meta property=\"og:title\" content=\"Tour Privado de Tallin\" \/>\n<meta property=\"og:description\" content=\"Disfrute de este Tour Privado de Tallin junto a un gu\u00eda local experto. Explora su maravilloso centro hist\u00f3rico y principales barrios \u2705\" \/>\n<meta property=\"og:url\" content=\"https:\/\/tourtravelandmore.com\/es\/tours\/estonia-es\/tallin-es\/tallin-actividades-es\/tour-privado-de-tallin\/\" \/>\n<meta property=\"og:site_name\" content=\"Tour Travel And More\" \/>\n<meta property=\"article:publisher\" content=\"https:\/\/www.facebook.com\/tourtravelandmore\/\" \/>\n<meta property=\"article:modified_time\" content=\"2023-08-18T08:33:16+00:00\" \/>\n<meta property=\"og:image\" content=\"https:\/\/tourtravelandmore.com\/wp-content\/uploads\/2020\/12\/tallinn-panorama.jpeg\" \/>\n\t<meta property=\"og:image:width\" content=\"1489\" \/>\n\t<meta property=\"og:image:height\" content=\"838\" \/>\n\t<meta property=\"og:image:type\" content=\"image\/jpeg\" \/>\n<meta name=\"twitter:card\" content=\"summary_large_image\" \/>\n<meta name=\"twitter:site\" content=\"@TourTravel_More\" \/>\n<meta name=\"twitter:label1\" content=\"Tiempo de lectura\" \/>\n\t<meta name=\"twitter:data1\" content=\"2 minutos\" \/>\n<script type=\"application\/ld+json\" class=\"yoast-schema-graph\">{\"@context\":\"https:\/\/schema.org\",\"@graph\":[{\"@type\":\"WebPage\",\"@id\":\"https:\/\/tourtravelandmore.com\/es\/tours\/estonia-es\/tallin-es\/tallin-actividades-es\/tour-privado-de-tallin\/\",\"url\":\"https:\/\/tourtravelandmore.com\/es\/tours\/estonia-es\/tallin-es\/tallin-actividades-es\/tour-privado-de-tallin\/\",\"name\":\"\u27a1\ufe0f Tour privado de Tallin con chofer y gu\u00eda local | Tour Travel & More\",\"isPartOf\":{\"@id\":\"https:\/\/tourtravelandmore.com\/es\/#website\"},\"primaryImageOfPage\":{\"@id\":\"https:\/\/tourtravelandmore.com\/es\/tours\/estonia-es\/tallin-es\/tallin-actividades-es\/tour-privado-de-tallin\/#primaryimage\"},\"image\":{\"@id\":\"https:\/\/tourtravelandmore.com\/es\/tours\/estonia-es\/tallin-es\/tallin-actividades-es\/tour-privado-de-tallin\/#primaryimage\"},\"thumbnailUrl\":\"https:\/\/tourtravelandmore.com\/wp-content\/uploads\/2020\/12\/tallinn-panorama.jpeg\",\"datePublished\":\"2020-12-30T11:51:01+00:00\",\"dateModified\":\"2023-08-18T08:33:16+00:00\",\"description\":\"Disfrute de este Tour Privado de Tallin junto a un gu\u00eda local experto. Explora su maravilloso centro hist\u00f3rico y principales barrios \u2705\",\"breadcrumb\":{\"@id\":\"https:\/\/tourtravelandmore.com\/es\/tours\/estonia-es\/tallin-es\/tallin-actividades-es\/tour-privado-de-tallin\/#breadcrumb\"},\"inLanguage\":\"es\",\"potentialAction\":[{\"@type\":\"ReadAction\",\"target\":[\"https:\/\/tourtravelandmore.com\/es\/tours\/estonia-es\/tallin-es\/tallin-actividades-es\/tour-privado-de-tallin\/\"]}]},{\"@type\":\"ImageObject\",\"inLanguage\":\"es\",\"@id\":\"https:\/\/tourtravelandmore.com\/es\/tours\/estonia-es\/tallin-es\/tallin-actividades-es\/tour-privado-de-tallin\/#primaryimage\",\"url\":\"https:\/\/tourtravelandmore.com\/wp-content\/uploads\/2020\/12\/tallinn-panorama.jpeg\",\"contentUrl\":\"https:\/\/tourtravelandmore.com\/wp-content\/uploads\/2020\/12\/tallinn-panorama.jpeg\",\"width\":1489,\"height\":838,\"caption\":\"tallinn high\"},{\"@type\":\"BreadcrumbList\",\"@id\":\"https:\/\/tourtravelandmore.com\/es\/tours\/estonia-es\/tallin-es\/tallin-actividades-es\/tour-privado-de-tallin\/#breadcrumb\",\"itemListElement\":[{\"@type\":\"ListItem\",\"position\":1,\"name\":\"Home\",\"item\":\"https:\/\/tourtravelandmore.com\/es\/\"},{\"@type\":\"ListItem\",\"position\":2,\"name\":\"Tours\",\"item\":\"https:\/\/tourtravelandmore.com\/es\/tours\/\"},{\"@type\":\"ListItem\",\"position\":3,\"name\":\"Tour Privado de Tallin\"}]},{\"@type\":\"WebSite\",\"@id\":\"https:\/\/tourtravelandmore.com\/es\/#website\",\"url\":\"https:\/\/tourtravelandmore.com\/es\/\",\"name\":\"Tour Travel And More\",\"description\":\"Private sightseeing tours and luxury transfers in Spain\",\"publisher\":{\"@id\":\"https:\/\/tourtravelandmore.com\/es\/#organization\"},\"potentialAction\":[{\"@type\":\"SearchAction\",\"target\":{\"@type\":\"EntryPoint\",\"urlTemplate\":\"https:\/\/tourtravelandmore.com\/es\/?s={search_term_string}\"},\"query-input\":{\"@type\":\"PropertyValueSpecification\",\"valueRequired\":true,\"valueName\":\"search_term_string\"}}],\"inLanguage\":\"es\"},{\"@type\":\"Organization\",\"@id\":\"https:\/\/tourtravelandmore.com\/es\/#organization\",\"name\":\"Tour Travel And More\",\"url\":\"https:\/\/tourtravelandmore.com\/es\/\",\"logo\":{\"@type\":\"ImageObject\",\"inLanguage\":\"es\",\"@id\":\"https:\/\/tourtravelandmore.com\/es\/#\/schema\/logo\/image\/\",\"url\":\"https:\/\/tourtravelandmore.com\/wp-content\/uploads\/2022\/12\/cropped-logo-cabecera-new.png\",\"contentUrl\":\"https:\/\/tourtravelandmore.com\/wp-content\/uploads\/2022\/12\/cropped-logo-cabecera-new.png\",\"width\":430,\"height\":61,\"caption\":\"Tour Travel And More\"},\"image\":{\"@id\":\"https:\/\/tourtravelandmore.com\/es\/#\/schema\/logo\/image\/\"},\"sameAs\":[\"https:\/\/www.facebook.com\/tourtravelandmore\/\",\"https:\/\/x.com\/TourTravel_More\"]}]}<\/script>\n<!-- \/ Yoast SEO Premium plugin. -->","yoast_head_json":{"title":"\u27a1\ufe0f Tour privado de Tallin con chofer y gu\u00eda local | Tour Travel & More","description":"Disfrute de este Tour Privado de Tallin junto a un gu\u00eda local experto. Explora su maravilloso centro hist\u00f3rico y principales barrios \u2705","robots":{"index":"index","follow":"follow","max-snippet":"max-snippet:-1","max-image-preview":"max-image-preview:large","max-video-preview":"max-video-preview:-1"},"canonical":"https:\/\/tourtravelandmore.com\/es\/tours\/estonia-es\/tallin-es\/tallin-actividades-es\/tour-privado-de-tallin\/","og_locale":"es_ES","og_type":"article","og_title":"Tour Privado de Tallin","og_description":"Disfrute de este Tour Privado de Tallin junto a un gu\u00eda local experto. Explora su maravilloso centro hist\u00f3rico y principales barrios \u2705","og_url":"https:\/\/tourtravelandmore.com\/es\/tours\/estonia-es\/tallin-es\/tallin-actividades-es\/tour-privado-de-tallin\/","og_site_name":"Tour Travel And More","article_publisher":"https:\/\/www.facebook.com\/tourtravelandmore\/","article_modified_time":"2023-08-18T08:33:16+00:00","og_image":[{"width":1489,"height":838,"url":"https:\/\/tourtravelandmore.com\/wp-content\/uploads\/2020\/12\/tallinn-panorama.jpeg","type":"image\/jpeg"}],"twitter_card":"summary_large_image","twitter_site":"@TourTravel_More","twitter_misc":{"Tiempo de lectura":"2 minutos"},"schema":{"@context":"https:\/\/schema.org","@graph":[{"@type":"WebPage","@id":"https:\/\/tourtravelandmore.com\/es\/tours\/estonia-es\/tallin-es\/tallin-actividades-es\/tour-privado-de-tallin\/","url":"https:\/\/tourtravelandmore.com\/es\/tours\/estonia-es\/tallin-es\/tallin-actividades-es\/tour-privado-de-tallin\/","name":"\u27a1\ufe0f Tour privado de Tallin con chofer y gu\u00eda local | Tour Travel & More","isPartOf":{"@id":"https:\/\/tourtravelandmore.com\/es\/#website"},"primaryImageOfPage":{"@id":"https:\/\/tourtravelandmore.com\/es\/tours\/estonia-es\/tallin-es\/tallin-actividades-es\/tour-privado-de-tallin\/#primaryimage"},"image":{"@id":"https:\/\/tourtravelandmore.com\/es\/tours\/estonia-es\/tallin-es\/tallin-actividades-es\/tour-privado-de-tallin\/#primaryimage"},"thumbnailUrl":"https:\/\/tourtravelandmore.com\/wp-content\/uploads\/2020\/12\/tallinn-panorama.jpeg","datePublished":"2020-12-30T11:51:01+00:00","dateModified":"2023-08-18T08:33:16+00:00","description":"Disfrute de este Tour Privado de Tallin junto a un gu\u00eda local experto. Explora su maravilloso centro hist\u00f3rico y principales barrios \u2705","breadcrumb":{"@id":"https:\/\/tourtravelandmore.com\/es\/tours\/estonia-es\/tallin-es\/tallin-actividades-es\/tour-privado-de-tallin\/#breadcrumb"},"inLanguage":"es","potentialAction":[{"@type":"ReadAction","target":["https:\/\/tourtravelandmore.com\/es\/tours\/estonia-es\/tallin-es\/tallin-actividades-es\/tour-privado-de-tallin\/"]}]},{"@type":"ImageObject","inLanguage":"es","@id":"https:\/\/tourtravelandmore.com\/es\/tours\/estonia-es\/tallin-es\/tallin-actividades-es\/tour-privado-de-tallin\/#primaryimage","url":"https:\/\/tourtravelandmore.com\/wp-content\/uploads\/2020\/12\/tallinn-panorama.jpeg","contentUrl":"https:\/\/tourtravelandmore.com\/wp-content\/uploads\/2020\/12\/tallinn-panorama.jpeg","width":1489,"height":838,"caption":"tallinn high"},{"@type":"BreadcrumbList","@id":"https:\/\/tourtravelandmore.com\/es\/tours\/estonia-es\/tallin-es\/tallin-actividades-es\/tour-privado-de-tallin\/#breadcrumb","itemListElement":[{"@type":"ListItem","position":1,"name":"Home","item":"https:\/\/tourtravelandmore.com\/es\/"},{"@type":"ListItem","position":2,"name":"Tours","item":"https:\/\/tourtravelandmore.com\/es\/tours\/"},{"@type":"ListItem","position":3,"name":"Tour Privado de Tallin"}]},{"@type":"WebSite","@id":"https:\/\/tourtravelandmore.com\/es\/#website","url":"https:\/\/tourtravelandmore.com\/es\/","name":"Tour Travel And More","description":"Private sightseeing tours and luxury transfers in Spain","publisher":{"@id":"https:\/\/tourtravelandmore.com\/es\/#organization"},"potentialAction":[{"@type":"SearchAction","target":{"@type":"EntryPoint","urlTemplate":"https:\/\/tourtravelandmore.com\/es\/?s={search_term_string}"},"query-input":{"@type":"PropertyValueSpecification","valueRequired":true,"valueName":"search_term_string"}}],"inLanguage":"es"},{"@type":"Organization","@id":"https:\/\/tourtravelandmore.com\/es\/#organization","name":"Tour Travel And More","url":"https:\/\/tourtravelandmore.com\/es\/","logo":{"@type":"ImageObject","inLanguage":"es","@id":"https:\/\/tourtravelandmore.com\/es\/#\/schema\/logo\/image\/","url":"https:\/\/tourtravelandmore.com\/wp-content\/uploads\/2022\/12\/cropped-logo-cabecera-new.png","contentUrl":"https:\/\/tourtravelandmore.com\/wp-content\/uploads\/2022\/12\/cropped-logo-cabecera-new.png","width":430,"height":61,"caption":"Tour Travel And More"},"image":{"@id":"https:\/\/tourtravelandmore.com\/es\/#\/schema\/logo\/image\/"},"sameAs":["https:\/\/www.facebook.com\/tourtravelandmore\/","https:\/\/x.com\/TourTravel_More"]}]}},"_links":{"self":[{"href":"https:\/\/tourtravelandmore.com\/es\/wp-json\/wp\/v2\/product\/90736","targetHints":{"allow":["GET"]}}],"collection":[{"href":"https:\/\/tourtravelandmore.com\/es\/wp-json\/wp\/v2\/product"}],"about":[{"href":"https:\/\/tourtravelandmore.com\/es\/wp-json\/wp\/v2\/types\/product"}],"replies":[{"embeddable":true,"href":"https:\/\/tourtravelandmore.com\/es\/wp-json\/wp\/v2\/comments?post=90736"}],"wp:featuredmedia":[{"embeddable":true,"href":"https:\/\/tourtravelandmore.com\/es\/wp-json\/wp\/v2\/media\/90757"}],"wp:attachment":[{"href":"https:\/\/tourtravelandmore.com\/es\/wp-json\/wp\/v2\/media?parent=90736"}],"wp:term":[{"taxonomy":"product_brand","embeddable":true,"href":"https:\/\/tourtravelandmore.com\/es\/wp-json\/wp\/v2\/product_brand?post=90736"},{"taxonomy":"product_cat","embeddable":true,"href":"https:\/\/tourtravelandmore.com\/es\/wp-json\/wp\/v2\/product_cat?post=90736"},{"taxonomy":"product_tag","embeddable":true,"href":"https:\/\/tourtravelandmore.com\/es\/wp-json\/wp\/v2\/product_tag?post=90736"}],"curies":[{"name":"wp","href":"https:\/\/api.w.org\/{rel}","templated":true}]}}