{"id":90706,"date":"2020-12-30T11:26:48","date_gmt":"2020-12-30T10:26:49","guid":{"rendered":"https:\/\/tourtravelandmore.com\/?post_type=product&#038;p=90706"},"modified":"2023-11-24T11:11:15","modified_gmt":"2023-11-24T10:11:15","slug":"ruta-privada-de-cenotes","status":"publish","type":"product","link":"https:\/\/tourtravelandmore.com\/es\/tours\/mexico-es\/playa-carmen-es-es\/playa-carmen-actividades-es\/ruta-privada-de-cenotes\/","title":{"rendered":"Ruta Privada de Cenotes"},"content":{"rendered":"<h2 id=\"tw-target-text\" class=\"tw-data-text tw-text-large XcVN5d tw-ta\" dir=\"ltr\" data-placeholder=\"Traducci\u00f3n\"><span lang=\"es\">Descripci\u00f3n de la Ruta Privada de Cenotes<\/span><\/h2>\n<p>Visitar M\u00e9xico implica conocer sus incre\u00edbles cenotes, por eso tenemos la excursi\u00f3n perfecta para ti!. Ven con nosotros en esta <strong>Ruta Privada de Cenotes<\/strong> y ten la oportunidad de explorar los cenotes m\u00e1s hermosos de la Riviera Maya. El servicio se llevar\u00e1 a cabo en un <strong>veh\u00edculo privado de lujo con conductor\/gu\u00eda<\/strong>.<\/p>\n<p>La recogida puede ser desde el lugar que elijas en Canc\u00fan, Playa del Carmen o incluso Tulum. La duraci\u00f3n exacta del recorrido depender\u00e1 del lugar de recogida, pero es una experiencia de d\u00eda completo.<\/p>\n<p>M\u00e9xico es muy famoso por sus hermosas playas, resorts, vida nocturna y por sus incre\u00edbles cenotes. Un <strong>Cenote<\/strong> es una colina inundada de origen k\u00e1rstico. Hay varios tipos de cenotes: abiertos, semiabiertos y subterr\u00e1neos o en una cueva.<\/p>\n<p>Durante esta ruta privada de Cenotes, visitar\u00e1s los cenotes m\u00e1s hermosos e incre\u00edbles de la Riviera Maya. Su conductor\/gu\u00eda privado le explicar\u00e1 la historia y la naturaleza de estos incre\u00edbles lugares naturales.<\/p>\n<p>Prep\u00e1rate para un d\u00eda lleno de adrenalina, naturaleza y aventura y, por supuesto, \u00a1ten tu c\u00e1mara lista!.<\/p>\n<h2>Puntos emblem\u00e1ticos y de inter\u00e9s en la Ruta Privada de Cenotes<\/h2>\n<p>En primer lugar, su conductor\/gu\u00eda privado lo recoger\u00e1 en su hotel o lugar de elecci\u00f3n en las ciudades mencionadas. <span class=\"JLqJ4b ChMk0b\" data-language-for-alternatives=\"es\" data-language-to-translate-into=\"en\" data-phrase-index=\"1\">Para este tour privado, no olvide llevar ropa c\u00f3moda y ba\u00f1adores. <\/span><\/p>\n<p><span class=\"JLqJ4b ChMk0b\" data-language-for-alternatives=\"es\" data-language-to-translate-into=\"en\" data-phrase-index=\"1\"><span class=\"JLqJ4b\" data-language-for-alternatives=\"es\" data-language-to-translate-into=\"en\" data-phrase-index=\"2\">Durante esta experiencia podr\u00e1s visitar los tres tipos de cenotes. El itinerario del recorrido podr\u00eda ajustarse seg\u00fan el lugar de recogida y sus intereses. <\/span><\/span><\/p>\n<p><span class=\"JLqJ4b ChMk0b\" data-language-for-alternatives=\"es\" data-language-to-translate-into=\"en\" data-phrase-index=\"1\"><span class=\"JLqJ4b\" data-language-for-alternatives=\"es\" data-language-to-translate-into=\"en\" data-phrase-index=\"2\">Algo muy importante, es que los cenotes son considerados como lugares sagrados para los mayas. Por eso, es muy importante que adoptemos una postura similar y respetemos todo el entorno. <\/span><\/span><\/p>\n<p><span class=\"JLqJ4b ChMk0b\" data-language-for-alternatives=\"es\" data-language-to-translate-into=\"en\" data-phrase-index=\"1\"><span class=\"JLqJ4b\" data-language-for-alternatives=\"es\" data-language-to-translate-into=\"en\" data-phrase-index=\"2\">Durante esta ruta privada de cenotes podr\u00e1s admirar:<\/span><\/span><\/p>\n<ul>\n<li><strong>Las Mojarras<\/strong><\/li>\n<li><strong>Boca del Puma<\/strong><\/li>\n<li><strong>Siete Bocas<\/strong><\/li>\n<li><strong>Verde Lucero<\/strong><\/li>\n<li><strong>La Noria<\/strong><\/li>\n<li><strong>Kin Ha<\/strong><\/li>\n<li><strong>Reserva Toh<\/strong><\/li>\n<\/ul>\n<p>Si est\u00e1s interesado en visitar alg\u00fan cenote en espec\u00edfico, solo tienes que contactarnos y ajustaremos el itinerario por ti. <span class=\"JLqJ4b ChMk0b\" data-language-for-alternatives=\"es\" data-language-to-translate-into=\"en\" data-phrase-index=\"1\">El equipo de <strong>Tour Travel &amp; More<\/strong> estar\u00e1 listo para ayudarlo. <\/span><\/p>\n<p><span class=\"JLqJ4b ChMk0b\" data-language-for-alternatives=\"es\" data-language-to-translate-into=\"en\" data-phrase-index=\"1\"><span class=\"JLqJ4b\" data-language-for-alternatives=\"es\" data-language-to-translate-into=\"en\" data-phrase-index=\"2\">Finalmente, al final del recorrido, su conductor\/gu\u00eda privado lo llevar\u00e1 de regreso a su hotel o punto de partida. <\/span><\/span><\/p>\n<p><span class=\"JLqJ4b ChMk0b\" data-language-for-alternatives=\"es\" data-language-to-translate-into=\"en\" data-phrase-index=\"1\"><span class=\"JLqJ4b\" data-language-for-alternatives=\"es\" data-language-to-translate-into=\"en\" data-phrase-index=\"2\">Tambi\u00e9n ofrecemos un <a href=\"https:\/\/tourtravelandmore.com\/es\/tours\/mexico-es\/playa-carmen-es-es\/playa-carmen-actividades-es\/tour-privado-a-las-ruinas-coba\/\">tour privado de d\u00eda completo a las ruinas de Cob\u00e1 desde Tulum, Playa del Carmen o Canc\u00fan<\/a>, \u00a1\u00e9chale un vistazo!<\/span><\/span><\/p>\n","protected":false},"excerpt":{"rendered":"<p>\u00danase a nosotros en esta Ruta Privada de Cenotes y tenga la oportunidad de visitar estos incre\u00edbles lugares naturales en la Riviera Maya con un profesional local.<\/p>\n","protected":false},"featured_media":90719,"comment_status":"open","ping_status":"closed","template":"","meta":{"_acf_changed":false},"product_brand":[],"product_cat":[3203,3332,3335,3338,3344,3347,3350,3321,3356,3359],"product_tag":[],"class_list":{"0":"post-90706","1":"product","2":"type-product","3":"status-publish","4":"has-post-thumbnail","6":"product_cat-mexico-es","7":"product_cat-cancun-es","8":"product_cat-cancun-actividades-es","9":"product_cat-cancun-tours-es","10":"product_cat-playa-carmen-es-es","11":"product_cat-playa-carmen-actividades-es","12":"product_cat-playa-carmen-tours-es","13":"product_cat-tulum-es","14":"product_cat-tulum-actividades-es","15":"product_cat-tulum-tours-es","17":"first","18":"instock","19":"shipping-taxable","20":"purchasable","21":"product-type-simple"},"acf":[],"yoast_head":"<!-- This site is optimized with the Yoast SEO Premium plugin v25.3.1 (Yoast SEO v25.3.1) - https:\/\/yoast.com\/wordpress\/plugins\/seo\/ -->\n<title>\u27a1\ufe0f Ruta Privada de Cenotes - Una verdadera aventura en la Riviera Maya | Tour Travel &amp; More<\/title>\n<meta name=\"description\" content=\"\u00danase a nosotros en esta Ruta Privada de Cenotes y tenga la oportunidad de visitar estos incre\u00edbles lugares naturales en la Riviera Maya \u2705\" \/>\n<meta name=\"robots\" content=\"index, follow, max-snippet:-1, max-image-preview:large, max-video-preview:-1\" \/>\n<link rel=\"canonical\" href=\"https:\/\/tourtravelandmore.com\/es\/tours\/mexico-es\/playa-carmen-es-es\/playa-carmen-actividades-es\/ruta-privada-de-cenotes\/\" \/>\n<meta property=\"og:locale\" content=\"es_ES\" \/>\n<meta property=\"og:type\" content=\"article\" \/>\n<meta property=\"og:title\" content=\"Ruta Privada de Cenotes\" \/>\n<meta property=\"og:description\" content=\"\u00danase a nosotros en esta Ruta Privada de Cenotes y tenga la oportunidad de visitar estos incre\u00edbles lugares naturales en la Riviera Maya \u2705\" \/>\n<meta property=\"og:url\" content=\"https:\/\/tourtravelandmore.com\/es\/tours\/mexico-es\/playa-carmen-es-es\/playa-carmen-actividades-es\/ruta-privada-de-cenotes\/\" \/>\n<meta property=\"og:site_name\" content=\"Tour Travel And More\" \/>\n<meta property=\"article:publisher\" content=\"https:\/\/www.facebook.com\/tourtravelandmore\/\" \/>\n<meta property=\"article:modified_time\" content=\"2023-11-24T10:11:15+00:00\" \/>\n<meta property=\"og:image\" content=\"https:\/\/tourtravelandmore.com\/wp-content\/uploads\/2020\/12\/cenote-1024x768.jpg\" \/>\n\t<meta property=\"og:image:width\" content=\"1024\" \/>\n\t<meta property=\"og:image:height\" content=\"768\" \/>\n\t<meta property=\"og:image:type\" content=\"image\/jpeg\" \/>\n<meta name=\"twitter:card\" content=\"summary_large_image\" \/>\n<meta name=\"twitter:site\" content=\"@TourTravel_More\" \/>\n<meta name=\"twitter:label1\" content=\"Tiempo de lectura\" \/>\n\t<meta name=\"twitter:data1\" content=\"2 minutos\" \/>\n<script type=\"application\/ld+json\" class=\"yoast-schema-graph\">{\"@context\":\"https:\/\/schema.org\",\"@graph\":[{\"@type\":\"WebPage\",\"@id\":\"https:\/\/tourtravelandmore.com\/es\/tours\/mexico-es\/playa-carmen-es-es\/playa-carmen-actividades-es\/ruta-privada-de-cenotes\/\",\"url\":\"https:\/\/tourtravelandmore.com\/es\/tours\/mexico-es\/playa-carmen-es-es\/playa-carmen-actividades-es\/ruta-privada-de-cenotes\/\",\"name\":\"\u27a1\ufe0f Ruta Privada de Cenotes - Una verdadera aventura en la Riviera Maya | Tour Travel & More\",\"isPartOf\":{\"@id\":\"https:\/\/tourtravelandmore.com\/es\/#website\"},\"primaryImageOfPage\":{\"@id\":\"https:\/\/tourtravelandmore.com\/es\/tours\/mexico-es\/playa-carmen-es-es\/playa-carmen-actividades-es\/ruta-privada-de-cenotes\/#primaryimage\"},\"image\":{\"@id\":\"https:\/\/tourtravelandmore.com\/es\/tours\/mexico-es\/playa-carmen-es-es\/playa-carmen-actividades-es\/ruta-privada-de-cenotes\/#primaryimage\"},\"thumbnailUrl\":\"https:\/\/tourtravelandmore.com\/wp-content\/uploads\/2020\/12\/cenote.jpg\",\"datePublished\":\"2020-12-30T10:26:49+00:00\",\"dateModified\":\"2023-11-24T10:11:15+00:00\",\"description\":\"\u00danase a nosotros en esta Ruta Privada de Cenotes y tenga la oportunidad de visitar estos incre\u00edbles lugares naturales en la Riviera Maya \u2705\",\"breadcrumb\":{\"@id\":\"https:\/\/tourtravelandmore.com\/es\/tours\/mexico-es\/playa-carmen-es-es\/playa-carmen-actividades-es\/ruta-privada-de-cenotes\/#breadcrumb\"},\"inLanguage\":\"es\",\"potentialAction\":[{\"@type\":\"ReadAction\",\"target\":[\"https:\/\/tourtravelandmore.com\/es\/tours\/mexico-es\/playa-carmen-es-es\/playa-carmen-actividades-es\/ruta-privada-de-cenotes\/\"]}]},{\"@type\":\"ImageObject\",\"inLanguage\":\"es\",\"@id\":\"https:\/\/tourtravelandmore.com\/es\/tours\/mexico-es\/playa-carmen-es-es\/playa-carmen-actividades-es\/ruta-privada-de-cenotes\/#primaryimage\",\"url\":\"https:\/\/tourtravelandmore.com\/wp-content\/uploads\/2020\/12\/cenote.jpg\",\"contentUrl\":\"https:\/\/tourtravelandmore.com\/wp-content\/uploads\/2020\/12\/cenote.jpg\",\"width\":1666,\"height\":1250},{\"@type\":\"BreadcrumbList\",\"@id\":\"https:\/\/tourtravelandmore.com\/es\/tours\/mexico-es\/playa-carmen-es-es\/playa-carmen-actividades-es\/ruta-privada-de-cenotes\/#breadcrumb\",\"itemListElement\":[{\"@type\":\"ListItem\",\"position\":1,\"name\":\"Home\",\"item\":\"https:\/\/tourtravelandmore.com\/es\/\"},{\"@type\":\"ListItem\",\"position\":2,\"name\":\"Tours\",\"item\":\"https:\/\/tourtravelandmore.com\/es\/tours\/\"},{\"@type\":\"ListItem\",\"position\":3,\"name\":\"Ruta Privada de Cenotes\"}]},{\"@type\":\"WebSite\",\"@id\":\"https:\/\/tourtravelandmore.com\/es\/#website\",\"url\":\"https:\/\/tourtravelandmore.com\/es\/\",\"name\":\"Tour Travel And More\",\"description\":\"Private sightseeing tours and luxury transfers in Spain\",\"publisher\":{\"@id\":\"https:\/\/tourtravelandmore.com\/es\/#organization\"},\"potentialAction\":[{\"@type\":\"SearchAction\",\"target\":{\"@type\":\"EntryPoint\",\"urlTemplate\":\"https:\/\/tourtravelandmore.com\/es\/?s={search_term_string}\"},\"query-input\":{\"@type\":\"PropertyValueSpecification\",\"valueRequired\":true,\"valueName\":\"search_term_string\"}}],\"inLanguage\":\"es\"},{\"@type\":\"Organization\",\"@id\":\"https:\/\/tourtravelandmore.com\/es\/#organization\",\"name\":\"Tour Travel And More\",\"url\":\"https:\/\/tourtravelandmore.com\/es\/\",\"logo\":{\"@type\":\"ImageObject\",\"inLanguage\":\"es\",\"@id\":\"https:\/\/tourtravelandmore.com\/es\/#\/schema\/logo\/image\/\",\"url\":\"https:\/\/tourtravelandmore.com\/wp-content\/uploads\/2022\/12\/cropped-logo-cabecera-new.png\",\"contentUrl\":\"https:\/\/tourtravelandmore.com\/wp-content\/uploads\/2022\/12\/cropped-logo-cabecera-new.png\",\"width\":430,\"height\":61,\"caption\":\"Tour Travel And More\"},\"image\":{\"@id\":\"https:\/\/tourtravelandmore.com\/es\/#\/schema\/logo\/image\/\"},\"sameAs\":[\"https:\/\/www.facebook.com\/tourtravelandmore\/\",\"https:\/\/x.com\/TourTravel_More\"]}]}<\/script>\n<!-- \/ Yoast SEO Premium plugin. -->","yoast_head_json":{"title":"\u27a1\ufe0f Ruta Privada de Cenotes - Una verdadera aventura en la Riviera Maya | Tour Travel & More","description":"\u00danase a nosotros en esta Ruta Privada de Cenotes y tenga la oportunidad de visitar estos incre\u00edbles lugares naturales en la Riviera Maya \u2705","robots":{"index":"index","follow":"follow","max-snippet":"max-snippet:-1","max-image-preview":"max-image-preview:large","max-video-preview":"max-video-preview:-1"},"canonical":"https:\/\/tourtravelandmore.com\/es\/tours\/mexico-es\/playa-carmen-es-es\/playa-carmen-actividades-es\/ruta-privada-de-cenotes\/","og_locale":"es_ES","og_type":"article","og_title":"Ruta Privada de Cenotes","og_description":"\u00danase a nosotros en esta Ruta Privada de Cenotes y tenga la oportunidad de visitar estos incre\u00edbles lugares naturales en la Riviera Maya \u2705","og_url":"https:\/\/tourtravelandmore.com\/es\/tours\/mexico-es\/playa-carmen-es-es\/playa-carmen-actividades-es\/ruta-privada-de-cenotes\/","og_site_name":"Tour Travel And More","article_publisher":"https:\/\/www.facebook.com\/tourtravelandmore\/","article_modified_time":"2023-11-24T10:11:15+00:00","og_image":[{"width":1024,"height":768,"url":"https:\/\/tourtravelandmore.com\/wp-content\/uploads\/2020\/12\/cenote-1024x768.jpg","type":"image\/jpeg"}],"twitter_card":"summary_large_image","twitter_site":"@TourTravel_More","twitter_misc":{"Tiempo de lectura":"2 minutos"},"schema":{"@context":"https:\/\/schema.org","@graph":[{"@type":"WebPage","@id":"https:\/\/tourtravelandmore.com\/es\/tours\/mexico-es\/playa-carmen-es-es\/playa-carmen-actividades-es\/ruta-privada-de-cenotes\/","url":"https:\/\/tourtravelandmore.com\/es\/tours\/mexico-es\/playa-carmen-es-es\/playa-carmen-actividades-es\/ruta-privada-de-cenotes\/","name":"\u27a1\ufe0f Ruta Privada de Cenotes - Una verdadera aventura en la Riviera Maya | Tour Travel & More","isPartOf":{"@id":"https:\/\/tourtravelandmore.com\/es\/#website"},"primaryImageOfPage":{"@id":"https:\/\/tourtravelandmore.com\/es\/tours\/mexico-es\/playa-carmen-es-es\/playa-carmen-actividades-es\/ruta-privada-de-cenotes\/#primaryimage"},"image":{"@id":"https:\/\/tourtravelandmore.com\/es\/tours\/mexico-es\/playa-carmen-es-es\/playa-carmen-actividades-es\/ruta-privada-de-cenotes\/#primaryimage"},"thumbnailUrl":"https:\/\/tourtravelandmore.com\/wp-content\/uploads\/2020\/12\/cenote.jpg","datePublished":"2020-12-30T10:26:49+00:00","dateModified":"2023-11-24T10:11:15+00:00","description":"\u00danase a nosotros en esta Ruta Privada de Cenotes y tenga la oportunidad de visitar estos incre\u00edbles lugares naturales en la Riviera Maya \u2705","breadcrumb":{"@id":"https:\/\/tourtravelandmore.com\/es\/tours\/mexico-es\/playa-carmen-es-es\/playa-carmen-actividades-es\/ruta-privada-de-cenotes\/#breadcrumb"},"inLanguage":"es","potentialAction":[{"@type":"ReadAction","target":["https:\/\/tourtravelandmore.com\/es\/tours\/mexico-es\/playa-carmen-es-es\/playa-carmen-actividades-es\/ruta-privada-de-cenotes\/"]}]},{"@type":"ImageObject","inLanguage":"es","@id":"https:\/\/tourtravelandmore.com\/es\/tours\/mexico-es\/playa-carmen-es-es\/playa-carmen-actividades-es\/ruta-privada-de-cenotes\/#primaryimage","url":"https:\/\/tourtravelandmore.com\/wp-content\/uploads\/2020\/12\/cenote.jpg","contentUrl":"https:\/\/tourtravelandmore.com\/wp-content\/uploads\/2020\/12\/cenote.jpg","width":1666,"height":1250},{"@type":"BreadcrumbList","@id":"https:\/\/tourtravelandmore.com\/es\/tours\/mexico-es\/playa-carmen-es-es\/playa-carmen-actividades-es\/ruta-privada-de-cenotes\/#breadcrumb","itemListElement":[{"@type":"ListItem","position":1,"name":"Home","item":"https:\/\/tourtravelandmore.com\/es\/"},{"@type":"ListItem","position":2,"name":"Tours","item":"https:\/\/tourtravelandmore.com\/es\/tours\/"},{"@type":"ListItem","position":3,"name":"Ruta Privada de Cenotes"}]},{"@type":"WebSite","@id":"https:\/\/tourtravelandmore.com\/es\/#website","url":"https:\/\/tourtravelandmore.com\/es\/","name":"Tour Travel And More","description":"Private sightseeing tours and luxury transfers in Spain","publisher":{"@id":"https:\/\/tourtravelandmore.com\/es\/#organization"},"potentialAction":[{"@type":"SearchAction","target":{"@type":"EntryPoint","urlTemplate":"https:\/\/tourtravelandmore.com\/es\/?s={search_term_string}"},"query-input":{"@type":"PropertyValueSpecification","valueRequired":true,"valueName":"search_term_string"}}],"inLanguage":"es"},{"@type":"Organization","@id":"https:\/\/tourtravelandmore.com\/es\/#organization","name":"Tour Travel And More","url":"https:\/\/tourtravelandmore.com\/es\/","logo":{"@type":"ImageObject","inLanguage":"es","@id":"https:\/\/tourtravelandmore.com\/es\/#\/schema\/logo\/image\/","url":"https:\/\/tourtravelandmore.com\/wp-content\/uploads\/2022\/12\/cropped-logo-cabecera-new.png","contentUrl":"https:\/\/tourtravelandmore.com\/wp-content\/uploads\/2022\/12\/cropped-logo-cabecera-new.png","width":430,"height":61,"caption":"Tour Travel And More"},"image":{"@id":"https:\/\/tourtravelandmore.com\/es\/#\/schema\/logo\/image\/"},"sameAs":["https:\/\/www.facebook.com\/tourtravelandmore\/","https:\/\/x.com\/TourTravel_More"]}]}},"_links":{"self":[{"href":"https:\/\/tourtravelandmore.com\/es\/wp-json\/wp\/v2\/product\/90706","targetHints":{"allow":["GET"]}}],"collection":[{"href":"https:\/\/tourtravelandmore.com\/es\/wp-json\/wp\/v2\/product"}],"about":[{"href":"https:\/\/tourtravelandmore.com\/es\/wp-json\/wp\/v2\/types\/product"}],"replies":[{"embeddable":true,"href":"https:\/\/tourtravelandmore.com\/es\/wp-json\/wp\/v2\/comments?post=90706"}],"wp:featuredmedia":[{"embeddable":true,"href":"https:\/\/tourtravelandmore.com\/es\/wp-json\/wp\/v2\/media\/90719"}],"wp:attachment":[{"href":"https:\/\/tourtravelandmore.com\/es\/wp-json\/wp\/v2\/media?parent=90706"}],"wp:term":[{"taxonomy":"product_brand","embeddable":true,"href":"https:\/\/tourtravelandmore.com\/es\/wp-json\/wp\/v2\/product_brand?post=90706"},{"taxonomy":"product_cat","embeddable":true,"href":"https:\/\/tourtravelandmore.com\/es\/wp-json\/wp\/v2\/product_cat?post=90706"},{"taxonomy":"product_tag","embeddable":true,"href":"https:\/\/tourtravelandmore.com\/es\/wp-json\/wp\/v2\/product_tag?post=90706"}],"curies":[{"name":"wp","href":"https:\/\/api.w.org\/{rel}","templated":true}]}}