{"id":90674,"date":"2020-12-30T10:03:27","date_gmt":"2020-12-30T09:03:30","guid":{"rendered":"https:\/\/tourtravelandmore.com\/?post_type=product&#038;p=90674"},"modified":"2023-11-24T11:12:30","modified_gmt":"2023-11-24T10:12:30","slug":"tour-privado-a-las-ruinas-coba","status":"publish","type":"product","link":"https:\/\/tourtravelandmore.com\/es\/tours\/mexico-es\/playa-carmen-es-es\/playa-carmen-actividades-es\/tour-privado-a-las-ruinas-coba\/","title":{"rendered":"Tour Privado a las Ruinas Cob\u00e1"},"content":{"rendered":"<h2 id=\"tw-target-text\" class=\"tw-data-text tw-text-large XcVN5d tw-ta\" dir=\"ltr\" data-placeholder=\"Traducci\u00f3n\"><span lang=\"es\">Descripci\u00f3n del Tour Privado a las Ruinas Cob\u00e1<\/span><\/h2>\n<p>No importa si se hospeda en Tulum, Playa del Carmen o Canc\u00fan, nuestro <strong>Tour Privado a las Ruinas Cob\u00e1<\/strong> puede comenzar desde cualquiera de las ciudades mencionadas. Disfrute de su tiempo en M\u00e9xico al m\u00e1ximo y \u00fanete a nosotros en este incre\u00edble tour para visitar las <strong>Ruinas Mayas de Cob\u00e1<\/strong>. Estar\u00e1 acompa\u00f1ado por un <strong>conductor privado<\/strong> y un <strong>gu\u00eda tur\u00edstico oficial<\/strong> durante todo el recorrido.<\/p>\n<p>Organizaremos una recogida privada desde su hotel o lugar de elecci\u00f3n en Tulum, Playa del Carmen o Canc\u00fan. La duraci\u00f3n exacta del recorrido depender\u00e1 del lugar de recogida. Podr\u00eda ser un tour de 5 horas desde Tulum, un tour de 7 horas desde P.C o un tour de 9 horas desde Canc\u00fan.<\/p>\n<p><strong>Las Ruinas Mayas de Cob\u00e1<\/strong> es un sitio arqueol\u00f3gico de la cultura maya precolombina. Se ubica en el sureste de M\u00e9xico, en el territorio del estado de Quintana Roo. Otro dato interesante es que tambi\u00e9n se encuentra junto a 4 lagos naturales.<\/p>\n<p>Estas ruinas no son visitadas y restauradas como las de Chich\u00e9n Itz\u00e1 o Tulum, pero tienen algo muy caracter\u00edstico. Muchas de sus edificaciones est\u00e1n cubiertos por la naturaleza que lo rodea, lo que lo convierte en un lugar muy especial.<\/p>\n<p>Te invitamos a este Tour privado a las Ruinas Cob\u00e1 con un equipo profesional local que tiene un gran conocimiento sobre su historia, cultura y arquitectura.<\/p>\n<h2>Puntos emblem\u00e1ticos y de inter\u00e9s en el Tour Privado a las Ruinas Cob\u00e1<\/h2>\n<p>Despu\u00e9s de una c\u00f3moda recogida en su hotel o lugar a elecci\u00f3n, se dirigir\u00e1 hacia las Ruinas Mayas de Cob\u00e1. Durante el trayecto disfrutar\u00e1 de una vista panor\u00e1mica de la ciudad y sus alrededores.<\/p>\n<p>Tu primera imagen de las <strong>Ruinas Mayas de Cob\u00e1<\/strong> ser\u00e1 una ciudad amurallada. Pensar\u00e1s que est\u00e1s en la antig\u00fcedad o que est\u00e1s en una pel\u00edcula. \u00a1Este lugar es incre\u00edble! y durante este tour privado, sabr\u00e1 por qu\u00e9.<\/p>\n<p>Pasar\u00e1s por lagunas y cenotes y visitar\u00e1s la pir\u00e1mide m\u00e1s alta de la pen\u00ednsula de Yucat\u00e1n: <a href=\"https:\/\/www.thecustomtour.com\">Nohoch Mul<\/a>. La ciudad de Cob\u00e1 es una de las ciudades mayas m\u00e1s antiguas.<\/p>\n<p>Durante este tour privado a las ruinas Cob\u00e1, podr\u00e1s escalar las pir\u00e1mides y disfrutar de una vista fant\u00e1stica de la ciudad. Despu\u00e9s de eso, tambi\u00e9n tendr\u00e1s tiempo para sumergirte en un cenote maya, \u00a1esto es algo que realmente, no deber\u00edas perderte!<\/p>\n<p>Despu\u00e9s de un recorrido lleno de aventura, naturaleza e historia, su conductor y gu\u00eda privado lo llevar\u00e1 de regreso a su hotel o lugar de comienzo.<\/p>\n<p>Ofrecemos una gran variedad de tours y experiencias en cualquier ciudad de M\u00e9xico, \u00a1puedes echar un vistazo <a href=\"https:\/\/tourtravelandmore.com\/es\/ciudad\/mexico-es\/\">aqu\u00ed<\/a>!.<\/p>\n","protected":false},"excerpt":{"rendered":"<p id=\"tw-target-text\" class=\"tw-data-text tw-text-large XcVN5d tw-ta\" dir=\"ltr\" data-placeholder=\"Traducci\u00f3n\">Tenga la oportunidad de visitar una de las ciudades mayas m\u00e1s antiguas con nuestro Tour Privado a las Ruinas Cob\u00e1. <span class=\"JLqJ4b ChMk0b\" data-language-for-alternatives=\"es\" data-language-to-translate-into=\"en\" data-phrase-index=\"1\">Lo mejor de todo, es que puedes elegir tu lugar de recogida entre Tulum, Playa del Carmen y Canc\u00fan.<\/span><\/p>\n","protected":false},"featured_media":90687,"comment_status":"open","ping_status":"closed","template":"","meta":{"_acf_changed":false},"product_brand":[],"product_cat":[3203,3332,3335,3338,3344,3347,3350,3321,3356,3359],"product_tag":[],"class_list":{"0":"post-90674","1":"product","2":"type-product","3":"status-publish","4":"has-post-thumbnail","6":"product_cat-mexico-es","7":"product_cat-cancun-es","8":"product_cat-cancun-actividades-es","9":"product_cat-cancun-tours-es","10":"product_cat-playa-carmen-es-es","11":"product_cat-playa-carmen-actividades-es","12":"product_cat-playa-carmen-tours-es","13":"product_cat-tulum-es","14":"product_cat-tulum-actividades-es","15":"product_cat-tulum-tours-es","17":"first","18":"instock","19":"shipping-taxable","20":"purchasable","21":"product-type-simple"},"acf":[],"yoast_head":"<!-- This site is optimized with the Yoast SEO Premium plugin v25.3.1 (Yoast SEO v25.3.1) - https:\/\/yoast.com\/wordpress\/plugins\/seo\/ -->\n<title>\u27a1\ufe0f Tour Privado a las Ruinas Cob\u00e1 con un equipo profesional local | Tour Travel &amp; More<\/title>\n<meta name=\"description\" content=\"Avent\u00farese en este viaje con nuestro Tour Privado a las Ruinas Cob\u00e1 comodamente en un veh\u00edculo privado de lujo con chofer y gu\u00eda \u2705\" \/>\n<meta name=\"robots\" content=\"index, follow, max-snippet:-1, max-image-preview:large, max-video-preview:-1\" \/>\n<link rel=\"canonical\" href=\"https:\/\/tourtravelandmore.com\/es\/tours\/mexico-es\/playa-carmen-es-es\/playa-carmen-actividades-es\/tour-privado-a-las-ruinas-coba\/\" \/>\n<meta property=\"og:locale\" content=\"es_ES\" \/>\n<meta property=\"og:type\" content=\"article\" \/>\n<meta property=\"og:title\" content=\"Tour Privado a las Ruinas Cob\u00e1\" \/>\n<meta property=\"og:description\" content=\"Avent\u00farese en este viaje con nuestro Tour Privado a las Ruinas Cob\u00e1 comodamente en un veh\u00edculo privado de lujo con chofer y gu\u00eda \u2705\" \/>\n<meta property=\"og:url\" content=\"https:\/\/tourtravelandmore.com\/es\/tours\/mexico-es\/playa-carmen-es-es\/playa-carmen-actividades-es\/tour-privado-a-las-ruinas-coba\/\" \/>\n<meta property=\"og:site_name\" content=\"Tour Travel And More\" \/>\n<meta property=\"article:publisher\" content=\"https:\/\/www.facebook.com\/tourtravelandmore\/\" \/>\n<meta property=\"article:modified_time\" content=\"2023-11-24T10:12:30+00:00\" \/>\n<meta property=\"og:image\" content=\"https:\/\/tourtravelandmore.com\/wp-content\/uploads\/2020\/12\/coba-2.jpg\" \/>\n\t<meta property=\"og:image:width\" content=\"1280\" \/>\n\t<meta property=\"og:image:height\" content=\"855\" \/>\n\t<meta property=\"og:image:type\" content=\"image\/jpeg\" \/>\n<meta name=\"twitter:card\" content=\"summary_large_image\" \/>\n<meta name=\"twitter:site\" content=\"@TourTravel_More\" \/>\n<meta name=\"twitter:label1\" content=\"Tiempo de lectura\" \/>\n\t<meta name=\"twitter:data1\" content=\"2 minutos\" \/>\n<script type=\"application\/ld+json\" class=\"yoast-schema-graph\">{\"@context\":\"https:\/\/schema.org\",\"@graph\":[{\"@type\":\"WebPage\",\"@id\":\"https:\/\/tourtravelandmore.com\/es\/tours\/mexico-es\/playa-carmen-es-es\/playa-carmen-actividades-es\/tour-privado-a-las-ruinas-coba\/\",\"url\":\"https:\/\/tourtravelandmore.com\/es\/tours\/mexico-es\/playa-carmen-es-es\/playa-carmen-actividades-es\/tour-privado-a-las-ruinas-coba\/\",\"name\":\"\u27a1\ufe0f Tour Privado a las Ruinas Cob\u00e1 con un equipo profesional local | Tour Travel & More\",\"isPartOf\":{\"@id\":\"https:\/\/tourtravelandmore.com\/es\/#website\"},\"primaryImageOfPage\":{\"@id\":\"https:\/\/tourtravelandmore.com\/es\/tours\/mexico-es\/playa-carmen-es-es\/playa-carmen-actividades-es\/tour-privado-a-las-ruinas-coba\/#primaryimage\"},\"image\":{\"@id\":\"https:\/\/tourtravelandmore.com\/es\/tours\/mexico-es\/playa-carmen-es-es\/playa-carmen-actividades-es\/tour-privado-a-las-ruinas-coba\/#primaryimage\"},\"thumbnailUrl\":\"https:\/\/tourtravelandmore.com\/wp-content\/uploads\/2020\/12\/coba-2.jpg\",\"datePublished\":\"2020-12-30T09:03:30+00:00\",\"dateModified\":\"2023-11-24T10:12:30+00:00\",\"description\":\"Avent\u00farese en este viaje con nuestro Tour Privado a las Ruinas Cob\u00e1 comodamente en un veh\u00edculo privado de lujo con chofer y gu\u00eda \u2705\",\"breadcrumb\":{\"@id\":\"https:\/\/tourtravelandmore.com\/es\/tours\/mexico-es\/playa-carmen-es-es\/playa-carmen-actividades-es\/tour-privado-a-las-ruinas-coba\/#breadcrumb\"},\"inLanguage\":\"es\",\"potentialAction\":[{\"@type\":\"ReadAction\",\"target\":[\"https:\/\/tourtravelandmore.com\/es\/tours\/mexico-es\/playa-carmen-es-es\/playa-carmen-actividades-es\/tour-privado-a-las-ruinas-coba\/\"]}]},{\"@type\":\"ImageObject\",\"inLanguage\":\"es\",\"@id\":\"https:\/\/tourtravelandmore.com\/es\/tours\/mexico-es\/playa-carmen-es-es\/playa-carmen-actividades-es\/tour-privado-a-las-ruinas-coba\/#primaryimage\",\"url\":\"https:\/\/tourtravelandmore.com\/wp-content\/uploads\/2020\/12\/coba-2.jpg\",\"contentUrl\":\"https:\/\/tourtravelandmore.com\/wp-content\/uploads\/2020\/12\/coba-2.jpg\",\"width\":1280,\"height\":855},{\"@type\":\"BreadcrumbList\",\"@id\":\"https:\/\/tourtravelandmore.com\/es\/tours\/mexico-es\/playa-carmen-es-es\/playa-carmen-actividades-es\/tour-privado-a-las-ruinas-coba\/#breadcrumb\",\"itemListElement\":[{\"@type\":\"ListItem\",\"position\":1,\"name\":\"Home\",\"item\":\"https:\/\/tourtravelandmore.com\/es\/\"},{\"@type\":\"ListItem\",\"position\":2,\"name\":\"Tours\",\"item\":\"https:\/\/tourtravelandmore.com\/es\/tours\/\"},{\"@type\":\"ListItem\",\"position\":3,\"name\":\"Tour Privado a las Ruinas Cob\u00e1\"}]},{\"@type\":\"WebSite\",\"@id\":\"https:\/\/tourtravelandmore.com\/es\/#website\",\"url\":\"https:\/\/tourtravelandmore.com\/es\/\",\"name\":\"Tour Travel And More\",\"description\":\"Private sightseeing tours and luxury transfers in Spain\",\"publisher\":{\"@id\":\"https:\/\/tourtravelandmore.com\/es\/#organization\"},\"potentialAction\":[{\"@type\":\"SearchAction\",\"target\":{\"@type\":\"EntryPoint\",\"urlTemplate\":\"https:\/\/tourtravelandmore.com\/es\/?s={search_term_string}\"},\"query-input\":{\"@type\":\"PropertyValueSpecification\",\"valueRequired\":true,\"valueName\":\"search_term_string\"}}],\"inLanguage\":\"es\"},{\"@type\":\"Organization\",\"@id\":\"https:\/\/tourtravelandmore.com\/es\/#organization\",\"name\":\"Tour Travel And More\",\"url\":\"https:\/\/tourtravelandmore.com\/es\/\",\"logo\":{\"@type\":\"ImageObject\",\"inLanguage\":\"es\",\"@id\":\"https:\/\/tourtravelandmore.com\/es\/#\/schema\/logo\/image\/\",\"url\":\"https:\/\/tourtravelandmore.com\/wp-content\/uploads\/2022\/12\/cropped-logo-cabecera-new.png\",\"contentUrl\":\"https:\/\/tourtravelandmore.com\/wp-content\/uploads\/2022\/12\/cropped-logo-cabecera-new.png\",\"width\":430,\"height\":61,\"caption\":\"Tour Travel And More\"},\"image\":{\"@id\":\"https:\/\/tourtravelandmore.com\/es\/#\/schema\/logo\/image\/\"},\"sameAs\":[\"https:\/\/www.facebook.com\/tourtravelandmore\/\",\"https:\/\/x.com\/TourTravel_More\"]}]}<\/script>\n<!-- \/ Yoast SEO Premium plugin. -->","yoast_head_json":{"title":"\u27a1\ufe0f Tour Privado a las Ruinas Cob\u00e1 con un equipo profesional local | Tour Travel & More","description":"Avent\u00farese en este viaje con nuestro Tour Privado a las Ruinas Cob\u00e1 comodamente en un veh\u00edculo privado de lujo con chofer y gu\u00eda \u2705","robots":{"index":"index","follow":"follow","max-snippet":"max-snippet:-1","max-image-preview":"max-image-preview:large","max-video-preview":"max-video-preview:-1"},"canonical":"https:\/\/tourtravelandmore.com\/es\/tours\/mexico-es\/playa-carmen-es-es\/playa-carmen-actividades-es\/tour-privado-a-las-ruinas-coba\/","og_locale":"es_ES","og_type":"article","og_title":"Tour Privado a las Ruinas Cob\u00e1","og_description":"Avent\u00farese en este viaje con nuestro Tour Privado a las Ruinas Cob\u00e1 comodamente en un veh\u00edculo privado de lujo con chofer y gu\u00eda \u2705","og_url":"https:\/\/tourtravelandmore.com\/es\/tours\/mexico-es\/playa-carmen-es-es\/playa-carmen-actividades-es\/tour-privado-a-las-ruinas-coba\/","og_site_name":"Tour Travel And More","article_publisher":"https:\/\/www.facebook.com\/tourtravelandmore\/","article_modified_time":"2023-11-24T10:12:30+00:00","og_image":[{"width":1280,"height":855,"url":"https:\/\/tourtravelandmore.com\/wp-content\/uploads\/2020\/12\/coba-2.jpg","type":"image\/jpeg"}],"twitter_card":"summary_large_image","twitter_site":"@TourTravel_More","twitter_misc":{"Tiempo de lectura":"2 minutos"},"schema":{"@context":"https:\/\/schema.org","@graph":[{"@type":"WebPage","@id":"https:\/\/tourtravelandmore.com\/es\/tours\/mexico-es\/playa-carmen-es-es\/playa-carmen-actividades-es\/tour-privado-a-las-ruinas-coba\/","url":"https:\/\/tourtravelandmore.com\/es\/tours\/mexico-es\/playa-carmen-es-es\/playa-carmen-actividades-es\/tour-privado-a-las-ruinas-coba\/","name":"\u27a1\ufe0f Tour Privado a las Ruinas Cob\u00e1 con un equipo profesional local | Tour Travel & More","isPartOf":{"@id":"https:\/\/tourtravelandmore.com\/es\/#website"},"primaryImageOfPage":{"@id":"https:\/\/tourtravelandmore.com\/es\/tours\/mexico-es\/playa-carmen-es-es\/playa-carmen-actividades-es\/tour-privado-a-las-ruinas-coba\/#primaryimage"},"image":{"@id":"https:\/\/tourtravelandmore.com\/es\/tours\/mexico-es\/playa-carmen-es-es\/playa-carmen-actividades-es\/tour-privado-a-las-ruinas-coba\/#primaryimage"},"thumbnailUrl":"https:\/\/tourtravelandmore.com\/wp-content\/uploads\/2020\/12\/coba-2.jpg","datePublished":"2020-12-30T09:03:30+00:00","dateModified":"2023-11-24T10:12:30+00:00","description":"Avent\u00farese en este viaje con nuestro Tour Privado a las Ruinas Cob\u00e1 comodamente en un veh\u00edculo privado de lujo con chofer y gu\u00eda \u2705","breadcrumb":{"@id":"https:\/\/tourtravelandmore.com\/es\/tours\/mexico-es\/playa-carmen-es-es\/playa-carmen-actividades-es\/tour-privado-a-las-ruinas-coba\/#breadcrumb"},"inLanguage":"es","potentialAction":[{"@type":"ReadAction","target":["https:\/\/tourtravelandmore.com\/es\/tours\/mexico-es\/playa-carmen-es-es\/playa-carmen-actividades-es\/tour-privado-a-las-ruinas-coba\/"]}]},{"@type":"ImageObject","inLanguage":"es","@id":"https:\/\/tourtravelandmore.com\/es\/tours\/mexico-es\/playa-carmen-es-es\/playa-carmen-actividades-es\/tour-privado-a-las-ruinas-coba\/#primaryimage","url":"https:\/\/tourtravelandmore.com\/wp-content\/uploads\/2020\/12\/coba-2.jpg","contentUrl":"https:\/\/tourtravelandmore.com\/wp-content\/uploads\/2020\/12\/coba-2.jpg","width":1280,"height":855},{"@type":"BreadcrumbList","@id":"https:\/\/tourtravelandmore.com\/es\/tours\/mexico-es\/playa-carmen-es-es\/playa-carmen-actividades-es\/tour-privado-a-las-ruinas-coba\/#breadcrumb","itemListElement":[{"@type":"ListItem","position":1,"name":"Home","item":"https:\/\/tourtravelandmore.com\/es\/"},{"@type":"ListItem","position":2,"name":"Tours","item":"https:\/\/tourtravelandmore.com\/es\/tours\/"},{"@type":"ListItem","position":3,"name":"Tour Privado a las Ruinas Cob\u00e1"}]},{"@type":"WebSite","@id":"https:\/\/tourtravelandmore.com\/es\/#website","url":"https:\/\/tourtravelandmore.com\/es\/","name":"Tour Travel And More","description":"Private sightseeing tours and luxury transfers in Spain","publisher":{"@id":"https:\/\/tourtravelandmore.com\/es\/#organization"},"potentialAction":[{"@type":"SearchAction","target":{"@type":"EntryPoint","urlTemplate":"https:\/\/tourtravelandmore.com\/es\/?s={search_term_string}"},"query-input":{"@type":"PropertyValueSpecification","valueRequired":true,"valueName":"search_term_string"}}],"inLanguage":"es"},{"@type":"Organization","@id":"https:\/\/tourtravelandmore.com\/es\/#organization","name":"Tour Travel And More","url":"https:\/\/tourtravelandmore.com\/es\/","logo":{"@type":"ImageObject","inLanguage":"es","@id":"https:\/\/tourtravelandmore.com\/es\/#\/schema\/logo\/image\/","url":"https:\/\/tourtravelandmore.com\/wp-content\/uploads\/2022\/12\/cropped-logo-cabecera-new.png","contentUrl":"https:\/\/tourtravelandmore.com\/wp-content\/uploads\/2022\/12\/cropped-logo-cabecera-new.png","width":430,"height":61,"caption":"Tour Travel And More"},"image":{"@id":"https:\/\/tourtravelandmore.com\/es\/#\/schema\/logo\/image\/"},"sameAs":["https:\/\/www.facebook.com\/tourtravelandmore\/","https:\/\/x.com\/TourTravel_More"]}]}},"_links":{"self":[{"href":"https:\/\/tourtravelandmore.com\/es\/wp-json\/wp\/v2\/product\/90674","targetHints":{"allow":["GET"]}}],"collection":[{"href":"https:\/\/tourtravelandmore.com\/es\/wp-json\/wp\/v2\/product"}],"about":[{"href":"https:\/\/tourtravelandmore.com\/es\/wp-json\/wp\/v2\/types\/product"}],"replies":[{"embeddable":true,"href":"https:\/\/tourtravelandmore.com\/es\/wp-json\/wp\/v2\/comments?post=90674"}],"wp:featuredmedia":[{"embeddable":true,"href":"https:\/\/tourtravelandmore.com\/es\/wp-json\/wp\/v2\/media\/90687"}],"wp:attachment":[{"href":"https:\/\/tourtravelandmore.com\/es\/wp-json\/wp\/v2\/media?parent=90674"}],"wp:term":[{"taxonomy":"product_brand","embeddable":true,"href":"https:\/\/tourtravelandmore.com\/es\/wp-json\/wp\/v2\/product_brand?post=90674"},{"taxonomy":"product_cat","embeddable":true,"href":"https:\/\/tourtravelandmore.com\/es\/wp-json\/wp\/v2\/product_cat?post=90674"},{"taxonomy":"product_tag","embeddable":true,"href":"https:\/\/tourtravelandmore.com\/es\/wp-json\/wp\/v2\/product_tag?post=90674"}],"curies":[{"name":"wp","href":"https:\/\/api.w.org\/{rel}","templated":true}]}}