{"id":90654,"date":"2020-12-29T18:11:14","date_gmt":"2020-12-29T17:11:15","guid":{"rendered":"https:\/\/tourtravelandmore.com\/?post_type=product&#038;p=90654"},"modified":"2021-08-30T14:36:19","modified_gmt":"2021-08-30T12:36:19","slug":"tour-a-pie-del-centro-de-nashville","status":"publish","type":"product","link":"https:\/\/tourtravelandmore.com\/es\/tours\/eeuu-es\/nashville-es\/nashville-actividades-es\/tour-a-pie-del-centro-de-nashville\/","title":{"rendered":"Tour a pie del centro de Nashville"},"content":{"rendered":"<h2 class=\"p1\"><span class=\"s1\"><b>Descripci\u00f3n del Tour a pie del centro de Nashville<\/b><\/span><\/h2>\n<p>Explora el centro hist\u00f3rico de la ciudad de la m\u00fasica junto a uno de nuestros locales expertos. Durante nuestro <strong>tour privado a pie de Nashville<\/strong> podr\u00e1 explorar y descubrir la historia, los sitios m\u00e1s emblem\u00e1ticos e historia musical de esta maravillosa ciudad.<\/p>\n<p>Junto a uno de nuestros gu\u00edas profesionales caminar\u00e1s el centro hist\u00f3rico de Nashville y el barrio emblem\u00e1tico <em><strong>Music Row.<\/strong><\/em> El tour es completamente ajustable a sus deseos e intereses personales. Todos nuestros gu\u00edas son licenciados y expertos en la ciudad de la m\u00fasica.<\/p>\n<p>Nuestro tour privado a pie de Nashville comenzar\u00e1 en un punto c\u00e9ntrico de la ciudad, o en su hotel si se encuentra en el centro de Nashville.<\/p>\n<h2 class=\"p3\"><span class=\"s1\"><b>Puntos de inter\u00e9s de nuestro Tour a pie<\/b><\/span><\/h2>\n<p>Primero se encontrar\u00e1 con su gu\u00eda privado en el centro de la ciudad, o en su hotel si este se encuentra en el centro. A continuaci\u00f3n comenzar\u00e1 su itinerario privado de Nashville, el cual ser\u00e1 adaptado a su inter\u00e9s personal.<\/p>\n<p>El itinerario de su tour de Nashville es adaptable a su inter\u00e9s personal. Nos podremos enfocar en la historia y leyendas de la escena musical de Nashville, como as\u00ed tambi\u00e9n en la historia de los or\u00edgenes de la ciudad. Su gu\u00eda le contar\u00e1 la historia de los ciudadanos m\u00e1s emblem\u00e1ticos de Nashville y la escena musical de la ciudad. Caminar\u00e1s las calles que Johnny Cash y otras leyendas caminaron.<\/p>\n<p><strong>Podr\u00e1s visitar los sitios m\u00e1s emblem\u00e1ticos de Nashville, como por ejemplo:<\/strong><\/p>\n<ul>\n<li><strong>Parque Riverfront: Este maravilloso parque tiene una dimensi\u00f3n de 5 hectareas, fue edificado para la celebraci\u00f3n del bicentenario de Nashville.<\/strong><\/li>\n<li><strong>Corte metropolitana: Fue edificada en 1937, hoy es hogar del ayuntamiento de Nashville.<\/strong><\/li>\n<li><strong><a href=\"https:\/\/www.visitmusiccity.com\/local-business\/fort-nashborough-interpretive-center\">Fort Nashborough<\/a>: R\u00e9plica del asentamiento original de Nashville<\/strong><\/li>\n<li><strong>Capitolio del Estado de Tennessee<\/strong><\/li>\n<li><strong>Printers Alley<\/strong><\/li>\n<li><strong>Auditorio Ryman<\/strong><\/li>\n<li><strong>Tootsie\u2019s Orchid Lounge: Uno de los bares m\u00e1s famosos de la ciudad<\/strong><\/li>\n<li><strong>Iglesia presbiterana<\/strong><\/li>\n<\/ul>\n<p>El itinerario final de su tour es adaptable a su inter\u00e9s personal. P\u00f3ngase en contacto con nosotros y un miembro de nuestro equipo de expertos le ayudar\u00e1 a coordinar una experiencia personalizada.<\/p>\n<p><a href=\"https:\/\/tourtravelandmore.com\/es\/ciudad\/eeuu-es\/\">No te pierdas nuestra oferta de tours privados en todo EEUU.<\/a><\/p>\n","protected":false},"excerpt":{"rendered":"<p>Descubre y explora el centro de la ciudad de la m\u00fasica junto a un gu\u00eda local experto. <strong>Disfruta una experiencia personalizada en Nashville.<\/strong><\/p>\n","protected":false},"featured_media":90649,"comment_status":"open","ping_status":"closed","template":"","meta":{"_acf_changed":false},"product_brand":[],"product_cat":[1602,2955,2958,2964],"product_tag":[],"class_list":{"0":"post-90654","1":"product","2":"type-product","3":"status-publish","4":"has-post-thumbnail","6":"product_cat-eeuu-es","7":"product_cat-nashville-es","8":"product_cat-nashville-actividades-es","9":"product_cat-nashville-a-pie-es","11":"first","12":"instock","13":"shipping-taxable","14":"purchasable","15":"product-type-simple"},"acf":[],"yoast_head":"<!-- This site is optimized with the Yoast SEO Premium plugin v25.3.1 (Yoast SEO v25.3.1) - https:\/\/yoast.com\/wordpress\/plugins\/seo\/ -->\n<title>Tour privado a pie de Nashville con gu\u00eda oficial experto | Tour Travel &amp; More<\/title>\n<meta name=\"description\" content=\"Explora el centro hist\u00f3rico de Nashville con nuestro tour privado a pie. Descubre la historia de la ciudad de la m\u00fasica junto a un gu\u00eda local \u2705\" \/>\n<meta name=\"robots\" content=\"index, follow, max-snippet:-1, max-image-preview:large, max-video-preview:-1\" \/>\n<link rel=\"canonical\" href=\"https:\/\/tourtravelandmore.com\/es\/tours\/eeuu-es\/nashville-es\/nashville-actividades-es\/tour-a-pie-del-centro-de-nashville\/\" \/>\n<meta property=\"og:locale\" content=\"es_ES\" \/>\n<meta property=\"og:type\" content=\"article\" \/>\n<meta property=\"og:title\" content=\"Tour a pie del centro de Nashville\" \/>\n<meta property=\"og:description\" content=\"Explora el centro hist\u00f3rico de Nashville con nuestro tour privado a pie. Descubre la historia de la ciudad de la m\u00fasica junto a un gu\u00eda local \u2705\" \/>\n<meta property=\"og:url\" content=\"https:\/\/tourtravelandmore.com\/es\/tours\/eeuu-es\/nashville-es\/nashville-actividades-es\/tour-a-pie-del-centro-de-nashville\/\" \/>\n<meta property=\"og:site_name\" content=\"Tour Travel And More\" \/>\n<meta property=\"article:publisher\" content=\"https:\/\/www.facebook.com\/tourtravelandmore\/\" \/>\n<meta property=\"article:modified_time\" content=\"2021-08-30T12:36:19+00:00\" \/>\n<meta property=\"og:image\" content=\"https:\/\/tourtravelandmore.com\/wp-content\/uploads\/2020\/12\/nashville-wall.jpeg\" \/>\n\t<meta property=\"og:image:width\" content=\"1350\" \/>\n\t<meta property=\"og:image:height\" content=\"900\" \/>\n\t<meta property=\"og:image:type\" content=\"image\/jpeg\" \/>\n<meta name=\"twitter:card\" content=\"summary_large_image\" \/>\n<meta name=\"twitter:site\" content=\"@TourTravel_More\" \/>\n<meta name=\"twitter:label1\" content=\"Tiempo de lectura\" \/>\n\t<meta name=\"twitter:data1\" content=\"2 minutos\" \/>\n<script type=\"application\/ld+json\" class=\"yoast-schema-graph\">{\"@context\":\"https:\/\/schema.org\",\"@graph\":[{\"@type\":\"WebPage\",\"@id\":\"https:\/\/tourtravelandmore.com\/es\/tours\/eeuu-es\/nashville-es\/nashville-actividades-es\/tour-a-pie-del-centro-de-nashville\/\",\"url\":\"https:\/\/tourtravelandmore.com\/es\/tours\/eeuu-es\/nashville-es\/nashville-actividades-es\/tour-a-pie-del-centro-de-nashville\/\",\"name\":\"Tour privado a pie de Nashville con gu\u00eda oficial experto | Tour Travel & More\",\"isPartOf\":{\"@id\":\"https:\/\/tourtravelandmore.com\/es\/#website\"},\"primaryImageOfPage\":{\"@id\":\"https:\/\/tourtravelandmore.com\/es\/tours\/eeuu-es\/nashville-es\/nashville-actividades-es\/tour-a-pie-del-centro-de-nashville\/#primaryimage\"},\"image\":{\"@id\":\"https:\/\/tourtravelandmore.com\/es\/tours\/eeuu-es\/nashville-es\/nashville-actividades-es\/tour-a-pie-del-centro-de-nashville\/#primaryimage\"},\"thumbnailUrl\":\"https:\/\/tourtravelandmore.com\/wp-content\/uploads\/2020\/12\/nashville-wall.jpeg\",\"datePublished\":\"2020-12-29T17:11:15+00:00\",\"dateModified\":\"2021-08-30T12:36:19+00:00\",\"description\":\"Explora el centro hist\u00f3rico de Nashville con nuestro tour privado a pie. Descubre la historia de la ciudad de la m\u00fasica junto a un gu\u00eda local \u2705\",\"breadcrumb\":{\"@id\":\"https:\/\/tourtravelandmore.com\/es\/tours\/eeuu-es\/nashville-es\/nashville-actividades-es\/tour-a-pie-del-centro-de-nashville\/#breadcrumb\"},\"inLanguage\":\"es\",\"potentialAction\":[{\"@type\":\"ReadAction\",\"target\":[\"https:\/\/tourtravelandmore.com\/es\/tours\/eeuu-es\/nashville-es\/nashville-actividades-es\/tour-a-pie-del-centro-de-nashville\/\"]}]},{\"@type\":\"ImageObject\",\"inLanguage\":\"es\",\"@id\":\"https:\/\/tourtravelandmore.com\/es\/tours\/eeuu-es\/nashville-es\/nashville-actividades-es\/tour-a-pie-del-centro-de-nashville\/#primaryimage\",\"url\":\"https:\/\/tourtravelandmore.com\/wp-content\/uploads\/2020\/12\/nashville-wall.jpeg\",\"contentUrl\":\"https:\/\/tourtravelandmore.com\/wp-content\/uploads\/2020\/12\/nashville-wall.jpeg\",\"width\":1350,\"height\":900,\"caption\":\"Nashville wall\"},{\"@type\":\"BreadcrumbList\",\"@id\":\"https:\/\/tourtravelandmore.com\/es\/tours\/eeuu-es\/nashville-es\/nashville-actividades-es\/tour-a-pie-del-centro-de-nashville\/#breadcrumb\",\"itemListElement\":[{\"@type\":\"ListItem\",\"position\":1,\"name\":\"Home\",\"item\":\"https:\/\/tourtravelandmore.com\/es\/\"},{\"@type\":\"ListItem\",\"position\":2,\"name\":\"Tours\",\"item\":\"https:\/\/tourtravelandmore.com\/es\/tours\/\"},{\"@type\":\"ListItem\",\"position\":3,\"name\":\"Tour a pie del centro de Nashville\"}]},{\"@type\":\"WebSite\",\"@id\":\"https:\/\/tourtravelandmore.com\/es\/#website\",\"url\":\"https:\/\/tourtravelandmore.com\/es\/\",\"name\":\"Tour Travel And More\",\"description\":\"Private sightseeing tours and luxury transfers in Spain\",\"publisher\":{\"@id\":\"https:\/\/tourtravelandmore.com\/es\/#organization\"},\"potentialAction\":[{\"@type\":\"SearchAction\",\"target\":{\"@type\":\"EntryPoint\",\"urlTemplate\":\"https:\/\/tourtravelandmore.com\/es\/?s={search_term_string}\"},\"query-input\":{\"@type\":\"PropertyValueSpecification\",\"valueRequired\":true,\"valueName\":\"search_term_string\"}}],\"inLanguage\":\"es\"},{\"@type\":\"Organization\",\"@id\":\"https:\/\/tourtravelandmore.com\/es\/#organization\",\"name\":\"Tour Travel And More\",\"url\":\"https:\/\/tourtravelandmore.com\/es\/\",\"logo\":{\"@type\":\"ImageObject\",\"inLanguage\":\"es\",\"@id\":\"https:\/\/tourtravelandmore.com\/es\/#\/schema\/logo\/image\/\",\"url\":\"https:\/\/tourtravelandmore.com\/wp-content\/uploads\/2022\/12\/cropped-logo-cabecera-new.png\",\"contentUrl\":\"https:\/\/tourtravelandmore.com\/wp-content\/uploads\/2022\/12\/cropped-logo-cabecera-new.png\",\"width\":430,\"height\":61,\"caption\":\"Tour Travel And More\"},\"image\":{\"@id\":\"https:\/\/tourtravelandmore.com\/es\/#\/schema\/logo\/image\/\"},\"sameAs\":[\"https:\/\/www.facebook.com\/tourtravelandmore\/\",\"https:\/\/x.com\/TourTravel_More\"]}]}<\/script>\n<!-- \/ Yoast SEO Premium plugin. -->","yoast_head_json":{"title":"Tour privado a pie de Nashville con gu\u00eda oficial experto | Tour Travel & More","description":"Explora el centro hist\u00f3rico de Nashville con nuestro tour privado a pie. Descubre la historia de la ciudad de la m\u00fasica junto a un gu\u00eda local \u2705","robots":{"index":"index","follow":"follow","max-snippet":"max-snippet:-1","max-image-preview":"max-image-preview:large","max-video-preview":"max-video-preview:-1"},"canonical":"https:\/\/tourtravelandmore.com\/es\/tours\/eeuu-es\/nashville-es\/nashville-actividades-es\/tour-a-pie-del-centro-de-nashville\/","og_locale":"es_ES","og_type":"article","og_title":"Tour a pie del centro de Nashville","og_description":"Explora el centro hist\u00f3rico de Nashville con nuestro tour privado a pie. Descubre la historia de la ciudad de la m\u00fasica junto a un gu\u00eda local \u2705","og_url":"https:\/\/tourtravelandmore.com\/es\/tours\/eeuu-es\/nashville-es\/nashville-actividades-es\/tour-a-pie-del-centro-de-nashville\/","og_site_name":"Tour Travel And More","article_publisher":"https:\/\/www.facebook.com\/tourtravelandmore\/","article_modified_time":"2021-08-30T12:36:19+00:00","og_image":[{"width":1350,"height":900,"url":"https:\/\/tourtravelandmore.com\/wp-content\/uploads\/2020\/12\/nashville-wall.jpeg","type":"image\/jpeg"}],"twitter_card":"summary_large_image","twitter_site":"@TourTravel_More","twitter_misc":{"Tiempo de lectura":"2 minutos"},"schema":{"@context":"https:\/\/schema.org","@graph":[{"@type":"WebPage","@id":"https:\/\/tourtravelandmore.com\/es\/tours\/eeuu-es\/nashville-es\/nashville-actividades-es\/tour-a-pie-del-centro-de-nashville\/","url":"https:\/\/tourtravelandmore.com\/es\/tours\/eeuu-es\/nashville-es\/nashville-actividades-es\/tour-a-pie-del-centro-de-nashville\/","name":"Tour privado a pie de Nashville con gu\u00eda oficial experto | Tour Travel & More","isPartOf":{"@id":"https:\/\/tourtravelandmore.com\/es\/#website"},"primaryImageOfPage":{"@id":"https:\/\/tourtravelandmore.com\/es\/tours\/eeuu-es\/nashville-es\/nashville-actividades-es\/tour-a-pie-del-centro-de-nashville\/#primaryimage"},"image":{"@id":"https:\/\/tourtravelandmore.com\/es\/tours\/eeuu-es\/nashville-es\/nashville-actividades-es\/tour-a-pie-del-centro-de-nashville\/#primaryimage"},"thumbnailUrl":"https:\/\/tourtravelandmore.com\/wp-content\/uploads\/2020\/12\/nashville-wall.jpeg","datePublished":"2020-12-29T17:11:15+00:00","dateModified":"2021-08-30T12:36:19+00:00","description":"Explora el centro hist\u00f3rico de Nashville con nuestro tour privado a pie. Descubre la historia de la ciudad de la m\u00fasica junto a un gu\u00eda local \u2705","breadcrumb":{"@id":"https:\/\/tourtravelandmore.com\/es\/tours\/eeuu-es\/nashville-es\/nashville-actividades-es\/tour-a-pie-del-centro-de-nashville\/#breadcrumb"},"inLanguage":"es","potentialAction":[{"@type":"ReadAction","target":["https:\/\/tourtravelandmore.com\/es\/tours\/eeuu-es\/nashville-es\/nashville-actividades-es\/tour-a-pie-del-centro-de-nashville\/"]}]},{"@type":"ImageObject","inLanguage":"es","@id":"https:\/\/tourtravelandmore.com\/es\/tours\/eeuu-es\/nashville-es\/nashville-actividades-es\/tour-a-pie-del-centro-de-nashville\/#primaryimage","url":"https:\/\/tourtravelandmore.com\/wp-content\/uploads\/2020\/12\/nashville-wall.jpeg","contentUrl":"https:\/\/tourtravelandmore.com\/wp-content\/uploads\/2020\/12\/nashville-wall.jpeg","width":1350,"height":900,"caption":"Nashville wall"},{"@type":"BreadcrumbList","@id":"https:\/\/tourtravelandmore.com\/es\/tours\/eeuu-es\/nashville-es\/nashville-actividades-es\/tour-a-pie-del-centro-de-nashville\/#breadcrumb","itemListElement":[{"@type":"ListItem","position":1,"name":"Home","item":"https:\/\/tourtravelandmore.com\/es\/"},{"@type":"ListItem","position":2,"name":"Tours","item":"https:\/\/tourtravelandmore.com\/es\/tours\/"},{"@type":"ListItem","position":3,"name":"Tour a pie del centro de Nashville"}]},{"@type":"WebSite","@id":"https:\/\/tourtravelandmore.com\/es\/#website","url":"https:\/\/tourtravelandmore.com\/es\/","name":"Tour Travel And More","description":"Private sightseeing tours and luxury transfers in Spain","publisher":{"@id":"https:\/\/tourtravelandmore.com\/es\/#organization"},"potentialAction":[{"@type":"SearchAction","target":{"@type":"EntryPoint","urlTemplate":"https:\/\/tourtravelandmore.com\/es\/?s={search_term_string}"},"query-input":{"@type":"PropertyValueSpecification","valueRequired":true,"valueName":"search_term_string"}}],"inLanguage":"es"},{"@type":"Organization","@id":"https:\/\/tourtravelandmore.com\/es\/#organization","name":"Tour Travel And More","url":"https:\/\/tourtravelandmore.com\/es\/","logo":{"@type":"ImageObject","inLanguage":"es","@id":"https:\/\/tourtravelandmore.com\/es\/#\/schema\/logo\/image\/","url":"https:\/\/tourtravelandmore.com\/wp-content\/uploads\/2022\/12\/cropped-logo-cabecera-new.png","contentUrl":"https:\/\/tourtravelandmore.com\/wp-content\/uploads\/2022\/12\/cropped-logo-cabecera-new.png","width":430,"height":61,"caption":"Tour Travel And More"},"image":{"@id":"https:\/\/tourtravelandmore.com\/es\/#\/schema\/logo\/image\/"},"sameAs":["https:\/\/www.facebook.com\/tourtravelandmore\/","https:\/\/x.com\/TourTravel_More"]}]}},"_links":{"self":[{"href":"https:\/\/tourtravelandmore.com\/es\/wp-json\/wp\/v2\/product\/90654","targetHints":{"allow":["GET"]}}],"collection":[{"href":"https:\/\/tourtravelandmore.com\/es\/wp-json\/wp\/v2\/product"}],"about":[{"href":"https:\/\/tourtravelandmore.com\/es\/wp-json\/wp\/v2\/types\/product"}],"replies":[{"embeddable":true,"href":"https:\/\/tourtravelandmore.com\/es\/wp-json\/wp\/v2\/comments?post=90654"}],"wp:featuredmedia":[{"embeddable":true,"href":"https:\/\/tourtravelandmore.com\/es\/wp-json\/wp\/v2\/media\/90649"}],"wp:attachment":[{"href":"https:\/\/tourtravelandmore.com\/es\/wp-json\/wp\/v2\/media?parent=90654"}],"wp:term":[{"taxonomy":"product_brand","embeddable":true,"href":"https:\/\/tourtravelandmore.com\/es\/wp-json\/wp\/v2\/product_brand?post=90654"},{"taxonomy":"product_cat","embeddable":true,"href":"https:\/\/tourtravelandmore.com\/es\/wp-json\/wp\/v2\/product_cat?post=90654"},{"taxonomy":"product_tag","embeddable":true,"href":"https:\/\/tourtravelandmore.com\/es\/wp-json\/wp\/v2\/product_tag?post=90654"}],"curies":[{"name":"wp","href":"https:\/\/api.w.org\/{rel}","templated":true}]}}