{"id":90631,"date":"2020-12-29T16:25:01","date_gmt":"2020-12-29T15:25:02","guid":{"rendered":"https:\/\/tourtravelandmore.com\/?post_type=product&#038;p=90631"},"modified":"2021-08-30T14:33:48","modified_gmt":"2021-08-30T12:33:48","slug":"tour-privado-de-celebridades-en-nashville","status":"publish","type":"product","link":"https:\/\/tourtravelandmore.com\/es\/tours\/eeuu-es\/nashville-es\/nashville-actividades-es\/tour-privado-de-celebridades-en-nashville\/","title":{"rendered":"Tour Privado de las casas de celebridades en Nashville"},"content":{"rendered":"<h2><strong>Descripci\u00f3n del Tour Privado de las casas de celebridades en Nashville<\/strong><\/h2>\n<p>Descubre las maravillosas y barrios donde las estrellas de m\u00fasica country viven. Aprovecha al m\u00e1ximo tu visita a la ciudad de la m\u00fasica y disfruta nuestro <b>tour privado de celebridades en Nashville.<\/b><\/p>\n<p>Luego de que su chofer y gu\u00eda le recojan en su hotel o sitio deseado daremos inicio a su paseo privado por la ciudad. Visitar\u00e1 las casas m\u00e1s espectaculares y famosas de Nashville. Disfruta de este tour ideal para los amantes de la m\u00fasica.<\/p>\n<p>Cont\u00e1ctanos y uno de nuestros expertos le ayudar\u00e1 a coordinar una experiencia a medida.<span class=\"Apple-converted-space\"> Ofrecemos diversos tours en Nashville, <a href=\"https:\/\/tourtravelandmore.com\/es\/ciudad\/eeuu-es\/nashville-es\/\">visita nuestra web para m\u00e1s informaci\u00f3n<\/a>.<\/span><\/p>\n<h2><strong>Puntos de inter\u00e9s de nuestro Tour Privado<\/strong><\/h2>\n<p>Hoy en d\u00eda la ciudad de Nashville alberga a la m\u00fasica y el entretenimiento como dos de sus principales actividades. Nashville es reconocido mundialmente como la ciudad de la m\u00fasica country, siendo as\u00ed una de las principales bases para la industria musical en EUA. Durante su <b>tour privado de celebridades en Nashville<\/b> podr\u00e1 explorar la zona donde las estrellas tienen sus casas. Visitar\u00e1s las zonas m\u00e1s aisladas de la ciudad, donde las celebridades tienen sus casas.<\/p>\n<p>Durante su tour privado visitar\u00e1s casas de antiguas y actuales celebridades de Nashville, entre ellas:<\/p>\n<ul>\n<li><strong>Taylor Swift<\/strong><\/li>\n<li><strong>Kid Rock<\/strong><\/li>\n<li><strong>Garth Brooks &amp; Trisha Yearwood<\/strong><\/li>\n<li><strong>Dolly Parton<\/strong><\/li>\n<li><strong>Hillary Scott de Lady Antebellum<\/strong><\/li>\n<li><strong>Martina McBride<\/strong><\/li>\n<li><strong>Reese Witherspoon<\/strong><\/li>\n<li><strong>Little Big Town<\/strong><\/li>\n<li><strong>Mucho m\u00e1s!<\/strong><\/li>\n<\/ul>\n<p>Durante el recorrido pasar\u00e1s tambi\u00e9n por el Capitolio de Tennessee, el auditorio Ryman Auditorium y los sitios m\u00e1s emblem\u00e1ticos de Nashville.<\/p>\n<p>Todos nuestros tours privados son personalizados. Cont\u00e1ctenos para una experiencia personalizada.<\/p>\n","protected":false},"excerpt":{"rendered":"<p><strong>Explore los barrios m\u00e1s bonitos de Nashville<\/strong> junto a un gu\u00eda local expertos. Podr\u00e1s ver las casas m\u00e1s espectaculares de las celebridades durante una experiencia personalizada.<\/p>\n","protected":false},"featured_media":90646,"comment_status":"open","ping_status":"closed","template":"","meta":{"_acf_changed":false},"product_brand":[],"product_cat":[1602,2955,2958,2961],"product_tag":[],"class_list":{"0":"post-90631","1":"product","2":"type-product","3":"status-publish","4":"has-post-thumbnail","6":"product_cat-eeuu-es","7":"product_cat-nashville-es","8":"product_cat-nashville-actividades-es","9":"product_cat-nashville-tours-privados-es","11":"first","12":"instock","13":"shipping-taxable","14":"purchasable","15":"product-type-simple"},"acf":[],"yoast_head":"<!-- This site is optimized with the Yoast SEO Premium plugin v25.3.1 (Yoast SEO v25.3.1) - https:\/\/yoast.com\/wordpress\/plugins\/seo\/ -->\n<title>Tour privado de celebridades en Nashville con chofer y gu\u00eda local | TTM<\/title>\n<meta name=\"description\" content=\"Reserve este Tour Privado de celebridades en Nashville junto a un gu\u00eda local. Explora la ciudad de la m\u00fasica en un ambiente relajado \u2705\" \/>\n<meta name=\"robots\" content=\"index, follow, max-snippet:-1, max-image-preview:large, max-video-preview:-1\" \/>\n<link rel=\"canonical\" href=\"https:\/\/tourtravelandmore.com\/es\/tours\/eeuu-es\/nashville-es\/nashville-actividades-es\/tour-privado-de-celebridades-en-nashville\/\" \/>\n<meta property=\"og:locale\" content=\"es_ES\" \/>\n<meta property=\"og:type\" content=\"article\" \/>\n<meta property=\"og:title\" content=\"Tour Privado de las casas de celebridades en Nashville\" \/>\n<meta property=\"og:description\" content=\"Reserve este Tour Privado de celebridades en Nashville junto a un gu\u00eda local. Explora la ciudad de la m\u00fasica en un ambiente relajado \u2705\" \/>\n<meta property=\"og:url\" content=\"https:\/\/tourtravelandmore.com\/es\/tours\/eeuu-es\/nashville-es\/nashville-actividades-es\/tour-privado-de-celebridades-en-nashville\/\" \/>\n<meta property=\"og:site_name\" content=\"Tour Travel And More\" \/>\n<meta property=\"article:publisher\" content=\"https:\/\/www.facebook.com\/tourtravelandmore\/\" \/>\n<meta property=\"article:modified_time\" content=\"2021-08-30T12:33:48+00:00\" \/>\n<meta property=\"og:image\" content=\"https:\/\/tourtravelandmore.com\/wp-content\/uploads\/2020\/12\/Nashville-sun.jpeg\" \/>\n\t<meta property=\"og:image:width\" content=\"1350\" \/>\n\t<meta property=\"og:image:height\" content=\"900\" \/>\n\t<meta property=\"og:image:type\" content=\"image\/jpeg\" \/>\n<meta name=\"twitter:card\" content=\"summary_large_image\" \/>\n<meta name=\"twitter:site\" content=\"@TourTravel_More\" \/>\n<meta name=\"twitter:label1\" content=\"Tiempo de lectura\" \/>\n\t<meta name=\"twitter:data1\" content=\"1 minuto\" \/>\n<script type=\"application\/ld+json\" class=\"yoast-schema-graph\">{\"@context\":\"https:\/\/schema.org\",\"@graph\":[{\"@type\":\"WebPage\",\"@id\":\"https:\/\/tourtravelandmore.com\/es\/tours\/eeuu-es\/nashville-es\/nashville-actividades-es\/tour-privado-de-celebridades-en-nashville\/\",\"url\":\"https:\/\/tourtravelandmore.com\/es\/tours\/eeuu-es\/nashville-es\/nashville-actividades-es\/tour-privado-de-celebridades-en-nashville\/\",\"name\":\"Tour privado de celebridades en Nashville con chofer y gu\u00eda local | TTM\",\"isPartOf\":{\"@id\":\"https:\/\/tourtravelandmore.com\/es\/#website\"},\"primaryImageOfPage\":{\"@id\":\"https:\/\/tourtravelandmore.com\/es\/tours\/eeuu-es\/nashville-es\/nashville-actividades-es\/tour-privado-de-celebridades-en-nashville\/#primaryimage\"},\"image\":{\"@id\":\"https:\/\/tourtravelandmore.com\/es\/tours\/eeuu-es\/nashville-es\/nashville-actividades-es\/tour-privado-de-celebridades-en-nashville\/#primaryimage\"},\"thumbnailUrl\":\"https:\/\/tourtravelandmore.com\/wp-content\/uploads\/2020\/12\/Nashville-sun.jpeg\",\"datePublished\":\"2020-12-29T15:25:02+00:00\",\"dateModified\":\"2021-08-30T12:33:48+00:00\",\"description\":\"Reserve este Tour Privado de celebridades en Nashville junto a un gu\u00eda local. Explora la ciudad de la m\u00fasica en un ambiente relajado \u2705\",\"breadcrumb\":{\"@id\":\"https:\/\/tourtravelandmore.com\/es\/tours\/eeuu-es\/nashville-es\/nashville-actividades-es\/tour-privado-de-celebridades-en-nashville\/#breadcrumb\"},\"inLanguage\":\"es\",\"potentialAction\":[{\"@type\":\"ReadAction\",\"target\":[\"https:\/\/tourtravelandmore.com\/es\/tours\/eeuu-es\/nashville-es\/nashville-actividades-es\/tour-privado-de-celebridades-en-nashville\/\"]}]},{\"@type\":\"ImageObject\",\"inLanguage\":\"es\",\"@id\":\"https:\/\/tourtravelandmore.com\/es\/tours\/eeuu-es\/nashville-es\/nashville-actividades-es\/tour-privado-de-celebridades-en-nashville\/#primaryimage\",\"url\":\"https:\/\/tourtravelandmore.com\/wp-content\/uploads\/2020\/12\/Nashville-sun.jpeg\",\"contentUrl\":\"https:\/\/tourtravelandmore.com\/wp-content\/uploads\/2020\/12\/Nashville-sun.jpeg\",\"width\":1350,\"height\":900,\"caption\":\"Nashville sun\"},{\"@type\":\"BreadcrumbList\",\"@id\":\"https:\/\/tourtravelandmore.com\/es\/tours\/eeuu-es\/nashville-es\/nashville-actividades-es\/tour-privado-de-celebridades-en-nashville\/#breadcrumb\",\"itemListElement\":[{\"@type\":\"ListItem\",\"position\":1,\"name\":\"Home\",\"item\":\"https:\/\/tourtravelandmore.com\/es\/\"},{\"@type\":\"ListItem\",\"position\":2,\"name\":\"Tours\",\"item\":\"https:\/\/tourtravelandmore.com\/es\/tours\/\"},{\"@type\":\"ListItem\",\"position\":3,\"name\":\"Tour Privado de las casas de celebridades en Nashville\"}]},{\"@type\":\"WebSite\",\"@id\":\"https:\/\/tourtravelandmore.com\/es\/#website\",\"url\":\"https:\/\/tourtravelandmore.com\/es\/\",\"name\":\"Tour Travel And More\",\"description\":\"Private sightseeing tours and luxury transfers in Spain\",\"publisher\":{\"@id\":\"https:\/\/tourtravelandmore.com\/es\/#organization\"},\"potentialAction\":[{\"@type\":\"SearchAction\",\"target\":{\"@type\":\"EntryPoint\",\"urlTemplate\":\"https:\/\/tourtravelandmore.com\/es\/?s={search_term_string}\"},\"query-input\":{\"@type\":\"PropertyValueSpecification\",\"valueRequired\":true,\"valueName\":\"search_term_string\"}}],\"inLanguage\":\"es\"},{\"@type\":\"Organization\",\"@id\":\"https:\/\/tourtravelandmore.com\/es\/#organization\",\"name\":\"Tour Travel And More\",\"url\":\"https:\/\/tourtravelandmore.com\/es\/\",\"logo\":{\"@type\":\"ImageObject\",\"inLanguage\":\"es\",\"@id\":\"https:\/\/tourtravelandmore.com\/es\/#\/schema\/logo\/image\/\",\"url\":\"https:\/\/tourtravelandmore.com\/wp-content\/uploads\/2022\/12\/cropped-logo-cabecera-new.png\",\"contentUrl\":\"https:\/\/tourtravelandmore.com\/wp-content\/uploads\/2022\/12\/cropped-logo-cabecera-new.png\",\"width\":430,\"height\":61,\"caption\":\"Tour Travel And More\"},\"image\":{\"@id\":\"https:\/\/tourtravelandmore.com\/es\/#\/schema\/logo\/image\/\"},\"sameAs\":[\"https:\/\/www.facebook.com\/tourtravelandmore\/\",\"https:\/\/x.com\/TourTravel_More\"]}]}<\/script>\n<!-- \/ Yoast SEO Premium plugin. -->","yoast_head_json":{"title":"Tour privado de celebridades en Nashville con chofer y gu\u00eda local | TTM","description":"Reserve este Tour Privado de celebridades en Nashville junto a un gu\u00eda local. Explora la ciudad de la m\u00fasica en un ambiente relajado \u2705","robots":{"index":"index","follow":"follow","max-snippet":"max-snippet:-1","max-image-preview":"max-image-preview:large","max-video-preview":"max-video-preview:-1"},"canonical":"https:\/\/tourtravelandmore.com\/es\/tours\/eeuu-es\/nashville-es\/nashville-actividades-es\/tour-privado-de-celebridades-en-nashville\/","og_locale":"es_ES","og_type":"article","og_title":"Tour Privado de las casas de celebridades en Nashville","og_description":"Reserve este Tour Privado de celebridades en Nashville junto a un gu\u00eda local. Explora la ciudad de la m\u00fasica en un ambiente relajado \u2705","og_url":"https:\/\/tourtravelandmore.com\/es\/tours\/eeuu-es\/nashville-es\/nashville-actividades-es\/tour-privado-de-celebridades-en-nashville\/","og_site_name":"Tour Travel And More","article_publisher":"https:\/\/www.facebook.com\/tourtravelandmore\/","article_modified_time":"2021-08-30T12:33:48+00:00","og_image":[{"width":1350,"height":900,"url":"https:\/\/tourtravelandmore.com\/wp-content\/uploads\/2020\/12\/Nashville-sun.jpeg","type":"image\/jpeg"}],"twitter_card":"summary_large_image","twitter_site":"@TourTravel_More","twitter_misc":{"Tiempo de lectura":"1 minuto"},"schema":{"@context":"https:\/\/schema.org","@graph":[{"@type":"WebPage","@id":"https:\/\/tourtravelandmore.com\/es\/tours\/eeuu-es\/nashville-es\/nashville-actividades-es\/tour-privado-de-celebridades-en-nashville\/","url":"https:\/\/tourtravelandmore.com\/es\/tours\/eeuu-es\/nashville-es\/nashville-actividades-es\/tour-privado-de-celebridades-en-nashville\/","name":"Tour privado de celebridades en Nashville con chofer y gu\u00eda local | TTM","isPartOf":{"@id":"https:\/\/tourtravelandmore.com\/es\/#website"},"primaryImageOfPage":{"@id":"https:\/\/tourtravelandmore.com\/es\/tours\/eeuu-es\/nashville-es\/nashville-actividades-es\/tour-privado-de-celebridades-en-nashville\/#primaryimage"},"image":{"@id":"https:\/\/tourtravelandmore.com\/es\/tours\/eeuu-es\/nashville-es\/nashville-actividades-es\/tour-privado-de-celebridades-en-nashville\/#primaryimage"},"thumbnailUrl":"https:\/\/tourtravelandmore.com\/wp-content\/uploads\/2020\/12\/Nashville-sun.jpeg","datePublished":"2020-12-29T15:25:02+00:00","dateModified":"2021-08-30T12:33:48+00:00","description":"Reserve este Tour Privado de celebridades en Nashville junto a un gu\u00eda local. Explora la ciudad de la m\u00fasica en un ambiente relajado \u2705","breadcrumb":{"@id":"https:\/\/tourtravelandmore.com\/es\/tours\/eeuu-es\/nashville-es\/nashville-actividades-es\/tour-privado-de-celebridades-en-nashville\/#breadcrumb"},"inLanguage":"es","potentialAction":[{"@type":"ReadAction","target":["https:\/\/tourtravelandmore.com\/es\/tours\/eeuu-es\/nashville-es\/nashville-actividades-es\/tour-privado-de-celebridades-en-nashville\/"]}]},{"@type":"ImageObject","inLanguage":"es","@id":"https:\/\/tourtravelandmore.com\/es\/tours\/eeuu-es\/nashville-es\/nashville-actividades-es\/tour-privado-de-celebridades-en-nashville\/#primaryimage","url":"https:\/\/tourtravelandmore.com\/wp-content\/uploads\/2020\/12\/Nashville-sun.jpeg","contentUrl":"https:\/\/tourtravelandmore.com\/wp-content\/uploads\/2020\/12\/Nashville-sun.jpeg","width":1350,"height":900,"caption":"Nashville sun"},{"@type":"BreadcrumbList","@id":"https:\/\/tourtravelandmore.com\/es\/tours\/eeuu-es\/nashville-es\/nashville-actividades-es\/tour-privado-de-celebridades-en-nashville\/#breadcrumb","itemListElement":[{"@type":"ListItem","position":1,"name":"Home","item":"https:\/\/tourtravelandmore.com\/es\/"},{"@type":"ListItem","position":2,"name":"Tours","item":"https:\/\/tourtravelandmore.com\/es\/tours\/"},{"@type":"ListItem","position":3,"name":"Tour Privado de las casas de celebridades en Nashville"}]},{"@type":"WebSite","@id":"https:\/\/tourtravelandmore.com\/es\/#website","url":"https:\/\/tourtravelandmore.com\/es\/","name":"Tour Travel And More","description":"Private sightseeing tours and luxury transfers in Spain","publisher":{"@id":"https:\/\/tourtravelandmore.com\/es\/#organization"},"potentialAction":[{"@type":"SearchAction","target":{"@type":"EntryPoint","urlTemplate":"https:\/\/tourtravelandmore.com\/es\/?s={search_term_string}"},"query-input":{"@type":"PropertyValueSpecification","valueRequired":true,"valueName":"search_term_string"}}],"inLanguage":"es"},{"@type":"Organization","@id":"https:\/\/tourtravelandmore.com\/es\/#organization","name":"Tour Travel And More","url":"https:\/\/tourtravelandmore.com\/es\/","logo":{"@type":"ImageObject","inLanguage":"es","@id":"https:\/\/tourtravelandmore.com\/es\/#\/schema\/logo\/image\/","url":"https:\/\/tourtravelandmore.com\/wp-content\/uploads\/2022\/12\/cropped-logo-cabecera-new.png","contentUrl":"https:\/\/tourtravelandmore.com\/wp-content\/uploads\/2022\/12\/cropped-logo-cabecera-new.png","width":430,"height":61,"caption":"Tour Travel And More"},"image":{"@id":"https:\/\/tourtravelandmore.com\/es\/#\/schema\/logo\/image\/"},"sameAs":["https:\/\/www.facebook.com\/tourtravelandmore\/","https:\/\/x.com\/TourTravel_More"]}]}},"_links":{"self":[{"href":"https:\/\/tourtravelandmore.com\/es\/wp-json\/wp\/v2\/product\/90631","targetHints":{"allow":["GET"]}}],"collection":[{"href":"https:\/\/tourtravelandmore.com\/es\/wp-json\/wp\/v2\/product"}],"about":[{"href":"https:\/\/tourtravelandmore.com\/es\/wp-json\/wp\/v2\/types\/product"}],"replies":[{"embeddable":true,"href":"https:\/\/tourtravelandmore.com\/es\/wp-json\/wp\/v2\/comments?post=90631"}],"wp:featuredmedia":[{"embeddable":true,"href":"https:\/\/tourtravelandmore.com\/es\/wp-json\/wp\/v2\/media\/90646"}],"wp:attachment":[{"href":"https:\/\/tourtravelandmore.com\/es\/wp-json\/wp\/v2\/media?parent=90631"}],"wp:term":[{"taxonomy":"product_brand","embeddable":true,"href":"https:\/\/tourtravelandmore.com\/es\/wp-json\/wp\/v2\/product_brand?post=90631"},{"taxonomy":"product_cat","embeddable":true,"href":"https:\/\/tourtravelandmore.com\/es\/wp-json\/wp\/v2\/product_cat?post=90631"},{"taxonomy":"product_tag","embeddable":true,"href":"https:\/\/tourtravelandmore.com\/es\/wp-json\/wp\/v2\/product_tag?post=90631"}],"curies":[{"name":"wp","href":"https:\/\/api.w.org\/{rel}","templated":true}]}}