{"id":90596,"date":"2020-12-29T14:08:11","date_gmt":"2020-12-29T13:08:12","guid":{"rendered":"https:\/\/tourtravelandmore.com\/?post_type=product&#038;p=90596"},"modified":"2021-08-30T14:35:03","modified_gmt":"2021-08-30T12:35:03","slug":"tour-privado-de-nashville","status":"publish","type":"product","link":"https:\/\/tourtravelandmore.com\/es\/tours\/eeuu-es\/nashville-es\/nashville-actividades-es\/tour-privado-de-nashville\/","title":{"rendered":"Tour Privado de Nashville"},"content":{"rendered":"<h2><strong>Descripci\u00f3n del Tour Privado de Nashville<\/strong><\/h2>\n<p>La ciudad Nashville es conocida mundialmente por su escena musical, hospitalidad y una formidable oferta gastron\u00f3mica. Disfruta al m\u00e1ximo tu visita a la ciudad de la m\u00fasica con nuestro <b>tour privado de Nashville.<\/b><\/p>\n<p>Para dar comienzo a su tour su chofer y gu\u00eda privado le recoger\u00e1n en su sitio deseado. A continuaci\u00f3n comenzar\u00e1n su paseo privado por los sitios m\u00e1s emblem\u00e1ticos de Nashville. Podr\u00e1 descubrir la ciudad junto a un gu\u00eda local experto en un ambiente relajado.<\/p>\n<p>Cont\u00e1ctanos y uno de nuestros expertos le ayudar\u00e1 a coordinar una experiencia privada a medida.<span class=\"Apple-converted-space\"> Ofrecemos diversos tours en Nashville, visite <a href=\"https:\/\/tourtravelandmore.com\/es\/ciudad\/eeuu-es\/nashville-es\/\">nuestro sitio web<\/a> para m\u00e1s informaci\u00f3n.<\/span><\/p>\n<h2><strong>Puntos de inter\u00e9s en Nashville<\/strong><\/h2>\n<p>Nashville, la ciudad de la m\u00fasica, es la capital de Tennessee. La regi\u00f3n de Nashville era originalmente habitada por las personas de la cultura de Mississippi; Cherokee, Chickasaw y Shawnee. No fue hasta 1806 que fue declarada una ciudad, convirtiendo en un dep\u00f3sito para traders y albergando diversas f\u00e1bricas.<\/p>\n<p>Hoy en d\u00eda la ciudad de Nashville alberga a la m\u00fasica y el entretenimiento como dos de sus principales actividades. Nashville es reconocido mundialmente como la ciudad de la m\u00fasica country, siendo as\u00ed una de las principales bases para la industria musical en EE. UU. Durante su tour privado de Nashville podr\u00e1 explorar el barrio donde la actividad musical sucede, <a href=\"https:\/\/www.visitmusiccity.com\/explore-nashville\/neighborhoods\/musicrow-demonbreun-edgehill\">Music Row<\/a>, mientras aprende la historia y leyendas de la escena.<\/p>\n<p>Podr\u00e1s visitar los sitios m\u00e1s emblem\u00e1ticos de Nashville, entre ellos:<\/p>\n<ul>\n<li><strong>El Country Music Hall of Fame y Studio B, donde Elvis Presley grab\u00f3 m\u00fasica<\/strong><\/li>\n<li><strong>Casa de Jessie James<\/strong><\/li>\n<li><strong>La escuela adonde Taylor Swift asisti\u00f3<\/strong><\/li>\n<li><strong>Hist\u00f3rico RCA Studio B<\/strong><\/li>\n<li><strong>Visitar el Legends Corner y el auditorio Ryman, dos de los mejores sitios para escuchar m\u00fasica en Nashville<\/strong><\/li>\n<li><strong>Nashville Parthenon: El Parten\u00f3n de Nashville fue construido en 1897 como parte de Centennial Exposition, un evento de seis meses celebrado para celebrar los 100 a\u00f1os de Tennessee.<\/strong><\/li>\n<li><strong>Capitolio de Tennessee<\/strong><\/li>\n<li><strong>Mucho m\u00e1s!<\/strong><\/li>\n<\/ul>\n<p>Si est\u00e1 interesado en visitar los museos de Nashville podemos coordinar entradas sin fila para el <a href=\"https:\/\/fristartmuseum.org\/\">Museum of Art<\/a> y tambi\u00e9n el <a href=\"https:\/\/www.tn.gov\/agmuseum.html\">Museo agricultural de Tennessee<\/a>.<\/p>\n<p>Todos nuestros tours son privados y organizados a medida. Cont\u00e1ctenos para una experiencia personalizada.<\/p>\n","protected":false},"excerpt":{"rendered":"<p>Disfruta de una experiencia relajada junto a tu gu\u00eda local y explora la ciudad de la m\u00fasica c\u00f3moda en un veh\u00edculo privado.<\/p>\n","protected":false},"featured_media":90629,"comment_status":"open","ping_status":"closed","template":"","meta":{"_acf_changed":false},"product_brand":[],"product_cat":[1602,2955,2958,2961],"product_tag":[],"class_list":{"0":"post-90596","1":"product","2":"type-product","3":"status-publish","4":"has-post-thumbnail","6":"product_cat-eeuu-es","7":"product_cat-nashville-es","8":"product_cat-nashville-actividades-es","9":"product_cat-nashville-tours-privados-es","11":"first","12":"instock","13":"shipping-taxable","14":"purchasable","15":"product-type-simple"},"acf":[],"yoast_head":"<!-- This site is optimized with the Yoast SEO Premium plugin v25.3.1 (Yoast SEO v25.3.1) - https:\/\/yoast.com\/wordpress\/plugins\/seo\/ -->\n<title>Tour privado de Nashville con chofer y gu\u00eda local | Tour Travel &amp; More<\/title>\n<meta name=\"description\" content=\"Reserve este Tour Privado de Nashville junto a un gu\u00eda local experto. Explora la ciudad de la m\u00fasica en un ambiente relajado \u2705\" \/>\n<meta name=\"robots\" content=\"index, follow, max-snippet:-1, max-image-preview:large, max-video-preview:-1\" \/>\n<link rel=\"canonical\" href=\"https:\/\/tourtravelandmore.com\/es\/tours\/eeuu-es\/nashville-es\/nashville-actividades-es\/tour-privado-de-nashville\/\" \/>\n<meta property=\"og:locale\" content=\"es_ES\" \/>\n<meta property=\"og:type\" content=\"article\" \/>\n<meta property=\"og:title\" content=\"Tour Privado de Nashville\" \/>\n<meta property=\"og:description\" content=\"Reserve este Tour Privado de Nashville junto a un gu\u00eda local experto. Explora la ciudad de la m\u00fasica en un ambiente relajado \u2705\" \/>\n<meta property=\"og:url\" content=\"https:\/\/tourtravelandmore.com\/es\/tours\/eeuu-es\/nashville-es\/nashville-actividades-es\/tour-privado-de-nashville\/\" \/>\n<meta property=\"og:site_name\" content=\"Tour Travel And More\" \/>\n<meta property=\"article:publisher\" content=\"https:\/\/www.facebook.com\/tourtravelandmore\/\" \/>\n<meta property=\"article:modified_time\" content=\"2021-08-30T12:35:03+00:00\" \/>\n<meta property=\"og:image\" content=\"https:\/\/tourtravelandmore.com\/wp-content\/uploads\/2020\/12\/Nashville-orange.jpeg\" \/>\n\t<meta property=\"og:image:width\" content=\"1267\" \/>\n\t<meta property=\"og:image:height\" content=\"950\" \/>\n\t<meta property=\"og:image:type\" content=\"image\/jpeg\" \/>\n<meta name=\"twitter:card\" content=\"summary_large_image\" \/>\n<meta name=\"twitter:site\" content=\"@TourTravel_More\" \/>\n<meta name=\"twitter:label1\" content=\"Tiempo de lectura\" \/>\n\t<meta name=\"twitter:data1\" content=\"2 minutos\" \/>\n<script type=\"application\/ld+json\" class=\"yoast-schema-graph\">{\"@context\":\"https:\/\/schema.org\",\"@graph\":[{\"@type\":\"WebPage\",\"@id\":\"https:\/\/tourtravelandmore.com\/es\/tours\/eeuu-es\/nashville-es\/nashville-actividades-es\/tour-privado-de-nashville\/\",\"url\":\"https:\/\/tourtravelandmore.com\/es\/tours\/eeuu-es\/nashville-es\/nashville-actividades-es\/tour-privado-de-nashville\/\",\"name\":\"Tour privado de Nashville con chofer y gu\u00eda local | Tour Travel & More\",\"isPartOf\":{\"@id\":\"https:\/\/tourtravelandmore.com\/es\/#website\"},\"primaryImageOfPage\":{\"@id\":\"https:\/\/tourtravelandmore.com\/es\/tours\/eeuu-es\/nashville-es\/nashville-actividades-es\/tour-privado-de-nashville\/#primaryimage\"},\"image\":{\"@id\":\"https:\/\/tourtravelandmore.com\/es\/tours\/eeuu-es\/nashville-es\/nashville-actividades-es\/tour-privado-de-nashville\/#primaryimage\"},\"thumbnailUrl\":\"https:\/\/tourtravelandmore.com\/wp-content\/uploads\/2020\/12\/Nashville-orange.jpeg\",\"datePublished\":\"2020-12-29T13:08:12+00:00\",\"dateModified\":\"2021-08-30T12:35:03+00:00\",\"description\":\"Reserve este Tour Privado de Nashville junto a un gu\u00eda local experto. Explora la ciudad de la m\u00fasica en un ambiente relajado \u2705\",\"breadcrumb\":{\"@id\":\"https:\/\/tourtravelandmore.com\/es\/tours\/eeuu-es\/nashville-es\/nashville-actividades-es\/tour-privado-de-nashville\/#breadcrumb\"},\"inLanguage\":\"es\",\"potentialAction\":[{\"@type\":\"ReadAction\",\"target\":[\"https:\/\/tourtravelandmore.com\/es\/tours\/eeuu-es\/nashville-es\/nashville-actividades-es\/tour-privado-de-nashville\/\"]}]},{\"@type\":\"ImageObject\",\"inLanguage\":\"es\",\"@id\":\"https:\/\/tourtravelandmore.com\/es\/tours\/eeuu-es\/nashville-es\/nashville-actividades-es\/tour-privado-de-nashville\/#primaryimage\",\"url\":\"https:\/\/tourtravelandmore.com\/wp-content\/uploads\/2020\/12\/Nashville-orange.jpeg\",\"contentUrl\":\"https:\/\/tourtravelandmore.com\/wp-content\/uploads\/2020\/12\/Nashville-orange.jpeg\",\"width\":1267,\"height\":950,\"caption\":\"Nashville orange\"},{\"@type\":\"BreadcrumbList\",\"@id\":\"https:\/\/tourtravelandmore.com\/es\/tours\/eeuu-es\/nashville-es\/nashville-actividades-es\/tour-privado-de-nashville\/#breadcrumb\",\"itemListElement\":[{\"@type\":\"ListItem\",\"position\":1,\"name\":\"Home\",\"item\":\"https:\/\/tourtravelandmore.com\/es\/\"},{\"@type\":\"ListItem\",\"position\":2,\"name\":\"Tours\",\"item\":\"https:\/\/tourtravelandmore.com\/es\/tours\/\"},{\"@type\":\"ListItem\",\"position\":3,\"name\":\"Tour Privado de Nashville\"}]},{\"@type\":\"WebSite\",\"@id\":\"https:\/\/tourtravelandmore.com\/es\/#website\",\"url\":\"https:\/\/tourtravelandmore.com\/es\/\",\"name\":\"Tour Travel And More\",\"description\":\"Private sightseeing tours and luxury transfers in Spain\",\"publisher\":{\"@id\":\"https:\/\/tourtravelandmore.com\/es\/#organization\"},\"potentialAction\":[{\"@type\":\"SearchAction\",\"target\":{\"@type\":\"EntryPoint\",\"urlTemplate\":\"https:\/\/tourtravelandmore.com\/es\/?s={search_term_string}\"},\"query-input\":{\"@type\":\"PropertyValueSpecification\",\"valueRequired\":true,\"valueName\":\"search_term_string\"}}],\"inLanguage\":\"es\"},{\"@type\":\"Organization\",\"@id\":\"https:\/\/tourtravelandmore.com\/es\/#organization\",\"name\":\"Tour Travel And More\",\"url\":\"https:\/\/tourtravelandmore.com\/es\/\",\"logo\":{\"@type\":\"ImageObject\",\"inLanguage\":\"es\",\"@id\":\"https:\/\/tourtravelandmore.com\/es\/#\/schema\/logo\/image\/\",\"url\":\"https:\/\/tourtravelandmore.com\/wp-content\/uploads\/2022\/12\/cropped-logo-cabecera-new.png\",\"contentUrl\":\"https:\/\/tourtravelandmore.com\/wp-content\/uploads\/2022\/12\/cropped-logo-cabecera-new.png\",\"width\":430,\"height\":61,\"caption\":\"Tour Travel And More\"},\"image\":{\"@id\":\"https:\/\/tourtravelandmore.com\/es\/#\/schema\/logo\/image\/\"},\"sameAs\":[\"https:\/\/www.facebook.com\/tourtravelandmore\/\",\"https:\/\/x.com\/TourTravel_More\"]}]}<\/script>\n<!-- \/ Yoast SEO Premium plugin. -->","yoast_head_json":{"title":"Tour privado de Nashville con chofer y gu\u00eda local | Tour Travel & More","description":"Reserve este Tour Privado de Nashville junto a un gu\u00eda local experto. Explora la ciudad de la m\u00fasica en un ambiente relajado \u2705","robots":{"index":"index","follow":"follow","max-snippet":"max-snippet:-1","max-image-preview":"max-image-preview:large","max-video-preview":"max-video-preview:-1"},"canonical":"https:\/\/tourtravelandmore.com\/es\/tours\/eeuu-es\/nashville-es\/nashville-actividades-es\/tour-privado-de-nashville\/","og_locale":"es_ES","og_type":"article","og_title":"Tour Privado de Nashville","og_description":"Reserve este Tour Privado de Nashville junto a un gu\u00eda local experto. Explora la ciudad de la m\u00fasica en un ambiente relajado \u2705","og_url":"https:\/\/tourtravelandmore.com\/es\/tours\/eeuu-es\/nashville-es\/nashville-actividades-es\/tour-privado-de-nashville\/","og_site_name":"Tour Travel And More","article_publisher":"https:\/\/www.facebook.com\/tourtravelandmore\/","article_modified_time":"2021-08-30T12:35:03+00:00","og_image":[{"width":1267,"height":950,"url":"https:\/\/tourtravelandmore.com\/wp-content\/uploads\/2020\/12\/Nashville-orange.jpeg","type":"image\/jpeg"}],"twitter_card":"summary_large_image","twitter_site":"@TourTravel_More","twitter_misc":{"Tiempo de lectura":"2 minutos"},"schema":{"@context":"https:\/\/schema.org","@graph":[{"@type":"WebPage","@id":"https:\/\/tourtravelandmore.com\/es\/tours\/eeuu-es\/nashville-es\/nashville-actividades-es\/tour-privado-de-nashville\/","url":"https:\/\/tourtravelandmore.com\/es\/tours\/eeuu-es\/nashville-es\/nashville-actividades-es\/tour-privado-de-nashville\/","name":"Tour privado de Nashville con chofer y gu\u00eda local | Tour Travel & More","isPartOf":{"@id":"https:\/\/tourtravelandmore.com\/es\/#website"},"primaryImageOfPage":{"@id":"https:\/\/tourtravelandmore.com\/es\/tours\/eeuu-es\/nashville-es\/nashville-actividades-es\/tour-privado-de-nashville\/#primaryimage"},"image":{"@id":"https:\/\/tourtravelandmore.com\/es\/tours\/eeuu-es\/nashville-es\/nashville-actividades-es\/tour-privado-de-nashville\/#primaryimage"},"thumbnailUrl":"https:\/\/tourtravelandmore.com\/wp-content\/uploads\/2020\/12\/Nashville-orange.jpeg","datePublished":"2020-12-29T13:08:12+00:00","dateModified":"2021-08-30T12:35:03+00:00","description":"Reserve este Tour Privado de Nashville junto a un gu\u00eda local experto. Explora la ciudad de la m\u00fasica en un ambiente relajado \u2705","breadcrumb":{"@id":"https:\/\/tourtravelandmore.com\/es\/tours\/eeuu-es\/nashville-es\/nashville-actividades-es\/tour-privado-de-nashville\/#breadcrumb"},"inLanguage":"es","potentialAction":[{"@type":"ReadAction","target":["https:\/\/tourtravelandmore.com\/es\/tours\/eeuu-es\/nashville-es\/nashville-actividades-es\/tour-privado-de-nashville\/"]}]},{"@type":"ImageObject","inLanguage":"es","@id":"https:\/\/tourtravelandmore.com\/es\/tours\/eeuu-es\/nashville-es\/nashville-actividades-es\/tour-privado-de-nashville\/#primaryimage","url":"https:\/\/tourtravelandmore.com\/wp-content\/uploads\/2020\/12\/Nashville-orange.jpeg","contentUrl":"https:\/\/tourtravelandmore.com\/wp-content\/uploads\/2020\/12\/Nashville-orange.jpeg","width":1267,"height":950,"caption":"Nashville orange"},{"@type":"BreadcrumbList","@id":"https:\/\/tourtravelandmore.com\/es\/tours\/eeuu-es\/nashville-es\/nashville-actividades-es\/tour-privado-de-nashville\/#breadcrumb","itemListElement":[{"@type":"ListItem","position":1,"name":"Home","item":"https:\/\/tourtravelandmore.com\/es\/"},{"@type":"ListItem","position":2,"name":"Tours","item":"https:\/\/tourtravelandmore.com\/es\/tours\/"},{"@type":"ListItem","position":3,"name":"Tour Privado de Nashville"}]},{"@type":"WebSite","@id":"https:\/\/tourtravelandmore.com\/es\/#website","url":"https:\/\/tourtravelandmore.com\/es\/","name":"Tour Travel And More","description":"Private sightseeing tours and luxury transfers in Spain","publisher":{"@id":"https:\/\/tourtravelandmore.com\/es\/#organization"},"potentialAction":[{"@type":"SearchAction","target":{"@type":"EntryPoint","urlTemplate":"https:\/\/tourtravelandmore.com\/es\/?s={search_term_string}"},"query-input":{"@type":"PropertyValueSpecification","valueRequired":true,"valueName":"search_term_string"}}],"inLanguage":"es"},{"@type":"Organization","@id":"https:\/\/tourtravelandmore.com\/es\/#organization","name":"Tour Travel And More","url":"https:\/\/tourtravelandmore.com\/es\/","logo":{"@type":"ImageObject","inLanguage":"es","@id":"https:\/\/tourtravelandmore.com\/es\/#\/schema\/logo\/image\/","url":"https:\/\/tourtravelandmore.com\/wp-content\/uploads\/2022\/12\/cropped-logo-cabecera-new.png","contentUrl":"https:\/\/tourtravelandmore.com\/wp-content\/uploads\/2022\/12\/cropped-logo-cabecera-new.png","width":430,"height":61,"caption":"Tour Travel And More"},"image":{"@id":"https:\/\/tourtravelandmore.com\/es\/#\/schema\/logo\/image\/"},"sameAs":["https:\/\/www.facebook.com\/tourtravelandmore\/","https:\/\/x.com\/TourTravel_More"]}]}},"_links":{"self":[{"href":"https:\/\/tourtravelandmore.com\/es\/wp-json\/wp\/v2\/product\/90596","targetHints":{"allow":["GET"]}}],"collection":[{"href":"https:\/\/tourtravelandmore.com\/es\/wp-json\/wp\/v2\/product"}],"about":[{"href":"https:\/\/tourtravelandmore.com\/es\/wp-json\/wp\/v2\/types\/product"}],"replies":[{"embeddable":true,"href":"https:\/\/tourtravelandmore.com\/es\/wp-json\/wp\/v2\/comments?post=90596"}],"wp:featuredmedia":[{"embeddable":true,"href":"https:\/\/tourtravelandmore.com\/es\/wp-json\/wp\/v2\/media\/90629"}],"wp:attachment":[{"href":"https:\/\/tourtravelandmore.com\/es\/wp-json\/wp\/v2\/media?parent=90596"}],"wp:term":[{"taxonomy":"product_brand","embeddable":true,"href":"https:\/\/tourtravelandmore.com\/es\/wp-json\/wp\/v2\/product_brand?post=90596"},{"taxonomy":"product_cat","embeddable":true,"href":"https:\/\/tourtravelandmore.com\/es\/wp-json\/wp\/v2\/product_cat?post=90596"},{"taxonomy":"product_tag","embeddable":true,"href":"https:\/\/tourtravelandmore.com\/es\/wp-json\/wp\/v2\/product_tag?post=90596"}],"curies":[{"name":"wp","href":"https:\/\/api.w.org\/{rel}","templated":true}]}}