{"id":90537,"date":"2020-12-29T09:12:49","date_gmt":"2020-12-29T08:12:50","guid":{"rendered":"https:\/\/tourtravelandmore.com\/?post_type=product&#038;p=90537"},"modified":"2023-12-04T09:44:05","modified_gmt":"2023-12-04T08:44:05","slug":"tour-privado-a-xochimilco-coyoacan-y-museo-frida-kahlo","status":"publish","type":"product","link":"https:\/\/tourtravelandmore.com\/es\/tours\/mexico-es\/mexico-df-es\/mexico-df-actividades-es\/tour-privado-a-xochimilco-coyoacan-y-museo-frida-kahlo\/","title":{"rendered":"Tour Privado a Xochimilco, Coyoac\u00e1n y Museo Frida Kahlo"},"content":{"rendered":"<h2 id=\"tw-target-text\" class=\"tw-data-text tw-text-large XcVN5d tw-ta\" dir=\"ltr\" data-placeholder=\"Traducci\u00f3n\"><span lang=\"es\">Descripci\u00f3n del Tour Privado a Xochimilco, Coyoac\u00e1n y Museo Frida Kahlo<\/span><\/h2>\n<p>Aproveche la oportunidad de descubrir los rincones m\u00e1s pintorescos de la Ciudad de M\u00e9xico con nuestro <strong>Tour Privado a Xochimilco, Coyoac\u00e1n y el Museo Frida Kahlo<\/strong>. Disfrute de un tour de d\u00eda completo en el que explorar\u00e1s dos de los museos m\u00e1s importantes de M\u00e9xico: Frida Kahlo y Diego Rivera. Durante todo el recorrido, estar\u00e1 acompa\u00f1ado por un <strong>conductor privado<\/strong> y un <strong>gu\u00eda tur\u00edstico oficial<\/strong>.<\/p>\n<p>Organizaremos una recogida privada en su hotel o lugar de elecci\u00f3n en la Ciudad de M\u00e9xico. Este tour tiene una duraci\u00f3n total de 8 horas, pero en caso de que lo prefieras podemos incluir m\u00e1s horas a tu experiencia. Solo tienes que ponerte en contacto con nosotros y nos encargaremos de todo.<\/p>\n<p><strong>Xochimilco<\/strong> es un barrio de clase trabajadora del sur de la<strong> Ciudad de M\u00e9xico<\/strong> que da paso a los famosos canales de <strong>Xochimilco<\/strong>. Los fines de semana, aqu\u00ed siempre encontrar\u00e1s festivales y fiestas locales. Es el barrio m\u00e1s pintoresco y divertido de la Ciudad de M\u00e9xico.<\/p>\n<p>Por otro lado, <strong>Coyoac\u00e1n<\/strong> es un barrio bohemio. Es muy conocido por las calles adoquinadas y su arquitectura colonial. Aqu\u00ed encontrar\u00e1 monumentos, galer\u00edas de arte y museos como el de <strong>Frida Kahlo.<\/strong><\/p>\n<p>Ven con nosotros en este<strong> tour privado a Xochimilco, Coyoac\u00e1n y Museo Frida Kahlo.<\/strong> Aproveche la oportunidad de visitar dos barrios muy diferentes entre s\u00ed, pero ambos muy interesantes.<\/p>\n<h2>Puntos emblem\u00e1ticos y de inter\u00e9s en el Tour Privado a Xochimilco, Coyoac\u00e1n y Museo Frida Kahlo<\/h2>\n<p>Despu\u00e9s de una c\u00f3moda recogida en su hotel, comenzar\u00e1 este tour de d\u00eda completo por la Ciudad de M\u00e9xico.<\/p>\n<p>Tu primera parada ser\u00e1 <strong>Xochimilco<\/strong>. Aqu\u00ed tomar\u00e1 los \u00faltimos restos de un vasto sistema de transporte acu\u00e1tico construido por los aztecas. Son una especie de barcas muy coloridas y decoradas a modo de g\u00f3ndolas que utilizan a trav\u00e9s de los canales. Los canales de Xochimilco fueron declarados <strong>Patrimonio de la Humanidad por la UNESCO<\/strong>.<\/p>\n<p>En segundo lugar, continuar\u00e1 hasta el <strong>Museo Diego Rivera Anahuacalli<\/strong>. En su interior encontrar\u00e1s unas 50.000 piezas prehisp\u00e1nicas que recolect\u00f3 durante su vida. Luego, los proyect\u00f3 para poder exhibirlos en el museo.<\/p>\n<p>Luego, visitar\u00e1 el <a href=\"https:\/\/www.museofridakahlo.org.mx\/es\/\" rel=\"nofollow\">Museo Frida Kahlo<\/a> en el barrio de Coyoac\u00e1n. Este museo tambi\u00e9n es conocido como la &#8220;Casa Azul&#8221; por las paredes azul cobalto de la estructura. Esta casa museo de arte est\u00e1 dedicada a la vida de Frida Kahlo.<\/p>\n<p>Finalmente, explorar\u00e1 la <strong>aldea de Coyoac\u00e1n<\/strong>. Es un barrio muy especial que recibe visitas de diferentes artistas, hippies e intelectuales de todo el mundo. En el centro del pueblo, encontrar\u00e1 el Jard\u00edn Centenario. Este es el lugar perfecto para aquellos interesados \u200b\u200ben diferentes tipos de arte.<\/p>\n<p>Al final de la visita, su conductor privado y gu\u00eda tur\u00edstico oficial lo llevar\u00e1n de regreso a su hotel en la Ciudad de M\u00e9xico.<\/p>\n<p>\u00a1Eche un vistazo a nuestra lista de productos privados en y desde la Ciudad de M\u00e9xico <a href=\"https:\/\/tourtravelandmore.com\/es\/ciudad\/mexico-es\/mexico-df-es\/\">aqu\u00ed<\/a>!<\/p>\n","protected":false},"excerpt":{"rendered":"<p id=\"tw-target-text\" class=\"tw-data-text tw-text-large XcVN5d tw-ta\" dir=\"ltr\" data-placeholder=\"Traducci\u00f3n\">Definitivamente no querr\u00e1s perderte este \u00fanico<strong> Tour Privado a Xochimilco, Coyoac\u00e1n y el Museo Frida Kahlo.<\/strong> <span class=\"JLqJ4b ChMk0b\" data-language-for-alternatives=\"es\" data-language-to-translate-into=\"en\" data-phrase-index=\"1\">Tenga la oportunidad de visitar dos vecindarios incre\u00edbles con un gu\u00eda tur\u00edstico local<\/span><\/p>\n","protected":false},"featured_media":90550,"comment_status":"open","ping_status":"closed","template":"","meta":{"_acf_changed":false},"product_brand":[],"product_cat":[3203,3378,3385,3388],"product_tag":[],"class_list":{"0":"post-90537","1":"product","2":"type-product","3":"status-publish","4":"has-post-thumbnail","6":"product_cat-mexico-es","7":"product_cat-mexico-df-es","8":"product_cat-mexico-df-actividades-es","9":"product_cat-mexico-df-tours-privados-es","11":"first","12":"instock","13":"shipping-taxable","14":"purchasable","15":"product-type-simple"},"acf":[],"yoast_head":"<!-- This site is optimized with the Yoast SEO Premium plugin v25.3.1 (Yoast SEO v25.3.1) - https:\/\/yoast.com\/wordpress\/plugins\/seo\/ -->\n<title>\u27a1\ufe0f Tour Privado a Xochimilco, Coyoac\u00e1n y Museo Frida Kahlo | TTM<\/title>\n<meta name=\"description\" content=\"Disfrute de este Tour Privado a Xochimilco, Coyoac\u00e1n y Museo Frida Kahlo con un equipo profesional local en un veh\u00edculo privado \u2705\" \/>\n<meta name=\"robots\" content=\"index, follow, max-snippet:-1, max-image-preview:large, max-video-preview:-1\" \/>\n<link rel=\"canonical\" href=\"https:\/\/tourtravelandmore.com\/es\/tours\/mexico-es\/mexico-df-es\/mexico-df-actividades-es\/tour-privado-a-xochimilco-coyoacan-y-museo-frida-kahlo\/\" \/>\n<meta property=\"og:locale\" content=\"es_ES\" \/>\n<meta property=\"og:type\" content=\"article\" \/>\n<meta property=\"og:title\" content=\"Tour Privado a Xochimilco, Coyoac\u00e1n y Museo Frida Kahlo\" \/>\n<meta property=\"og:description\" content=\"Disfrute de este Tour Privado a Xochimilco, Coyoac\u00e1n y Museo Frida Kahlo con un equipo profesional local en un veh\u00edculo privado \u2705\" \/>\n<meta property=\"og:url\" content=\"https:\/\/tourtravelandmore.com\/es\/tours\/mexico-es\/mexico-df-es\/mexico-df-actividades-es\/tour-privado-a-xochimilco-coyoacan-y-museo-frida-kahlo\/\" \/>\n<meta property=\"og:site_name\" content=\"Tour Travel And More\" \/>\n<meta property=\"article:publisher\" content=\"https:\/\/www.facebook.com\/tourtravelandmore\/\" \/>\n<meta property=\"article:modified_time\" content=\"2023-12-04T08:44:05+00:00\" \/>\n<meta property=\"og:image\" content=\"https:\/\/tourtravelandmore.com\/wp-content\/uploads\/2020\/12\/xochi.jpg\" \/>\n\t<meta property=\"og:image:width\" content=\"798\" \/>\n\t<meta property=\"og:image:height\" content=\"449\" \/>\n\t<meta property=\"og:image:type\" content=\"image\/jpeg\" \/>\n<meta name=\"twitter:card\" content=\"summary_large_image\" \/>\n<meta name=\"twitter:site\" content=\"@TourTravel_More\" \/>\n<meta name=\"twitter:label1\" content=\"Tiempo de lectura\" \/>\n\t<meta name=\"twitter:data1\" content=\"3 minutos\" \/>\n<script type=\"application\/ld+json\" class=\"yoast-schema-graph\">{\"@context\":\"https:\/\/schema.org\",\"@graph\":[{\"@type\":\"WebPage\",\"@id\":\"https:\/\/tourtravelandmore.com\/es\/tours\/mexico-es\/mexico-df-es\/mexico-df-actividades-es\/tour-privado-a-xochimilco-coyoacan-y-museo-frida-kahlo\/\",\"url\":\"https:\/\/tourtravelandmore.com\/es\/tours\/mexico-es\/mexico-df-es\/mexico-df-actividades-es\/tour-privado-a-xochimilco-coyoacan-y-museo-frida-kahlo\/\",\"name\":\"\u27a1\ufe0f Tour Privado a Xochimilco, Coyoac\u00e1n y Museo Frida Kahlo | TTM\",\"isPartOf\":{\"@id\":\"https:\/\/tourtravelandmore.com\/es\/#website\"},\"primaryImageOfPage\":{\"@id\":\"https:\/\/tourtravelandmore.com\/es\/tours\/mexico-es\/mexico-df-es\/mexico-df-actividades-es\/tour-privado-a-xochimilco-coyoacan-y-museo-frida-kahlo\/#primaryimage\"},\"image\":{\"@id\":\"https:\/\/tourtravelandmore.com\/es\/tours\/mexico-es\/mexico-df-es\/mexico-df-actividades-es\/tour-privado-a-xochimilco-coyoacan-y-museo-frida-kahlo\/#primaryimage\"},\"thumbnailUrl\":\"https:\/\/tourtravelandmore.com\/wp-content\/uploads\/2020\/12\/xochi.jpg\",\"datePublished\":\"2020-12-29T08:12:50+00:00\",\"dateModified\":\"2023-12-04T08:44:05+00:00\",\"description\":\"Disfrute de este Tour Privado a Xochimilco, Coyoac\u00e1n y Museo Frida Kahlo con un equipo profesional local en un veh\u00edculo privado \u2705\",\"breadcrumb\":{\"@id\":\"https:\/\/tourtravelandmore.com\/es\/tours\/mexico-es\/mexico-df-es\/mexico-df-actividades-es\/tour-privado-a-xochimilco-coyoacan-y-museo-frida-kahlo\/#breadcrumb\"},\"inLanguage\":\"es\",\"potentialAction\":[{\"@type\":\"ReadAction\",\"target\":[\"https:\/\/tourtravelandmore.com\/es\/tours\/mexico-es\/mexico-df-es\/mexico-df-actividades-es\/tour-privado-a-xochimilco-coyoacan-y-museo-frida-kahlo\/\"]}]},{\"@type\":\"ImageObject\",\"inLanguage\":\"es\",\"@id\":\"https:\/\/tourtravelandmore.com\/es\/tours\/mexico-es\/mexico-df-es\/mexico-df-actividades-es\/tour-privado-a-xochimilco-coyoacan-y-museo-frida-kahlo\/#primaryimage\",\"url\":\"https:\/\/tourtravelandmore.com\/wp-content\/uploads\/2020\/12\/xochi.jpg\",\"contentUrl\":\"https:\/\/tourtravelandmore.com\/wp-content\/uploads\/2020\/12\/xochi.jpg\",\"width\":798,\"height\":449},{\"@type\":\"BreadcrumbList\",\"@id\":\"https:\/\/tourtravelandmore.com\/es\/tours\/mexico-es\/mexico-df-es\/mexico-df-actividades-es\/tour-privado-a-xochimilco-coyoacan-y-museo-frida-kahlo\/#breadcrumb\",\"itemListElement\":[{\"@type\":\"ListItem\",\"position\":1,\"name\":\"Home\",\"item\":\"https:\/\/tourtravelandmore.com\/es\/\"},{\"@type\":\"ListItem\",\"position\":2,\"name\":\"Tours\",\"item\":\"https:\/\/tourtravelandmore.com\/es\/tours\/\"},{\"@type\":\"ListItem\",\"position\":3,\"name\":\"Tour Privado a Xochimilco, Coyoac\u00e1n y Museo Frida Kahlo\"}]},{\"@type\":\"WebSite\",\"@id\":\"https:\/\/tourtravelandmore.com\/es\/#website\",\"url\":\"https:\/\/tourtravelandmore.com\/es\/\",\"name\":\"Tour Travel And More\",\"description\":\"Private sightseeing tours and luxury transfers in Spain\",\"publisher\":{\"@id\":\"https:\/\/tourtravelandmore.com\/es\/#organization\"},\"potentialAction\":[{\"@type\":\"SearchAction\",\"target\":{\"@type\":\"EntryPoint\",\"urlTemplate\":\"https:\/\/tourtravelandmore.com\/es\/?s={search_term_string}\"},\"query-input\":{\"@type\":\"PropertyValueSpecification\",\"valueRequired\":true,\"valueName\":\"search_term_string\"}}],\"inLanguage\":\"es\"},{\"@type\":\"Organization\",\"@id\":\"https:\/\/tourtravelandmore.com\/es\/#organization\",\"name\":\"Tour Travel And More\",\"url\":\"https:\/\/tourtravelandmore.com\/es\/\",\"logo\":{\"@type\":\"ImageObject\",\"inLanguage\":\"es\",\"@id\":\"https:\/\/tourtravelandmore.com\/es\/#\/schema\/logo\/image\/\",\"url\":\"https:\/\/tourtravelandmore.com\/wp-content\/uploads\/2022\/12\/cropped-logo-cabecera-new.png\",\"contentUrl\":\"https:\/\/tourtravelandmore.com\/wp-content\/uploads\/2022\/12\/cropped-logo-cabecera-new.png\",\"width\":430,\"height\":61,\"caption\":\"Tour Travel And More\"},\"image\":{\"@id\":\"https:\/\/tourtravelandmore.com\/es\/#\/schema\/logo\/image\/\"},\"sameAs\":[\"https:\/\/www.facebook.com\/tourtravelandmore\/\",\"https:\/\/x.com\/TourTravel_More\"]}]}<\/script>\n<!-- \/ Yoast SEO Premium plugin. -->","yoast_head_json":{"title":"\u27a1\ufe0f Tour Privado a Xochimilco, Coyoac\u00e1n y Museo Frida Kahlo | TTM","description":"Disfrute de este Tour Privado a Xochimilco, Coyoac\u00e1n y Museo Frida Kahlo con un equipo profesional local en un veh\u00edculo privado \u2705","robots":{"index":"index","follow":"follow","max-snippet":"max-snippet:-1","max-image-preview":"max-image-preview:large","max-video-preview":"max-video-preview:-1"},"canonical":"https:\/\/tourtravelandmore.com\/es\/tours\/mexico-es\/mexico-df-es\/mexico-df-actividades-es\/tour-privado-a-xochimilco-coyoacan-y-museo-frida-kahlo\/","og_locale":"es_ES","og_type":"article","og_title":"Tour Privado a Xochimilco, Coyoac\u00e1n y Museo Frida Kahlo","og_description":"Disfrute de este Tour Privado a Xochimilco, Coyoac\u00e1n y Museo Frida Kahlo con un equipo profesional local en un veh\u00edculo privado \u2705","og_url":"https:\/\/tourtravelandmore.com\/es\/tours\/mexico-es\/mexico-df-es\/mexico-df-actividades-es\/tour-privado-a-xochimilco-coyoacan-y-museo-frida-kahlo\/","og_site_name":"Tour Travel And More","article_publisher":"https:\/\/www.facebook.com\/tourtravelandmore\/","article_modified_time":"2023-12-04T08:44:05+00:00","og_image":[{"width":798,"height":449,"url":"https:\/\/tourtravelandmore.com\/wp-content\/uploads\/2020\/12\/xochi.jpg","type":"image\/jpeg"}],"twitter_card":"summary_large_image","twitter_site":"@TourTravel_More","twitter_misc":{"Tiempo de lectura":"3 minutos"},"schema":{"@context":"https:\/\/schema.org","@graph":[{"@type":"WebPage","@id":"https:\/\/tourtravelandmore.com\/es\/tours\/mexico-es\/mexico-df-es\/mexico-df-actividades-es\/tour-privado-a-xochimilco-coyoacan-y-museo-frida-kahlo\/","url":"https:\/\/tourtravelandmore.com\/es\/tours\/mexico-es\/mexico-df-es\/mexico-df-actividades-es\/tour-privado-a-xochimilco-coyoacan-y-museo-frida-kahlo\/","name":"\u27a1\ufe0f Tour Privado a Xochimilco, Coyoac\u00e1n y Museo Frida Kahlo | TTM","isPartOf":{"@id":"https:\/\/tourtravelandmore.com\/es\/#website"},"primaryImageOfPage":{"@id":"https:\/\/tourtravelandmore.com\/es\/tours\/mexico-es\/mexico-df-es\/mexico-df-actividades-es\/tour-privado-a-xochimilco-coyoacan-y-museo-frida-kahlo\/#primaryimage"},"image":{"@id":"https:\/\/tourtravelandmore.com\/es\/tours\/mexico-es\/mexico-df-es\/mexico-df-actividades-es\/tour-privado-a-xochimilco-coyoacan-y-museo-frida-kahlo\/#primaryimage"},"thumbnailUrl":"https:\/\/tourtravelandmore.com\/wp-content\/uploads\/2020\/12\/xochi.jpg","datePublished":"2020-12-29T08:12:50+00:00","dateModified":"2023-12-04T08:44:05+00:00","description":"Disfrute de este Tour Privado a Xochimilco, Coyoac\u00e1n y Museo Frida Kahlo con un equipo profesional local en un veh\u00edculo privado \u2705","breadcrumb":{"@id":"https:\/\/tourtravelandmore.com\/es\/tours\/mexico-es\/mexico-df-es\/mexico-df-actividades-es\/tour-privado-a-xochimilco-coyoacan-y-museo-frida-kahlo\/#breadcrumb"},"inLanguage":"es","potentialAction":[{"@type":"ReadAction","target":["https:\/\/tourtravelandmore.com\/es\/tours\/mexico-es\/mexico-df-es\/mexico-df-actividades-es\/tour-privado-a-xochimilco-coyoacan-y-museo-frida-kahlo\/"]}]},{"@type":"ImageObject","inLanguage":"es","@id":"https:\/\/tourtravelandmore.com\/es\/tours\/mexico-es\/mexico-df-es\/mexico-df-actividades-es\/tour-privado-a-xochimilco-coyoacan-y-museo-frida-kahlo\/#primaryimage","url":"https:\/\/tourtravelandmore.com\/wp-content\/uploads\/2020\/12\/xochi.jpg","contentUrl":"https:\/\/tourtravelandmore.com\/wp-content\/uploads\/2020\/12\/xochi.jpg","width":798,"height":449},{"@type":"BreadcrumbList","@id":"https:\/\/tourtravelandmore.com\/es\/tours\/mexico-es\/mexico-df-es\/mexico-df-actividades-es\/tour-privado-a-xochimilco-coyoacan-y-museo-frida-kahlo\/#breadcrumb","itemListElement":[{"@type":"ListItem","position":1,"name":"Home","item":"https:\/\/tourtravelandmore.com\/es\/"},{"@type":"ListItem","position":2,"name":"Tours","item":"https:\/\/tourtravelandmore.com\/es\/tours\/"},{"@type":"ListItem","position":3,"name":"Tour Privado a Xochimilco, Coyoac\u00e1n y Museo Frida Kahlo"}]},{"@type":"WebSite","@id":"https:\/\/tourtravelandmore.com\/es\/#website","url":"https:\/\/tourtravelandmore.com\/es\/","name":"Tour Travel And More","description":"Private sightseeing tours and luxury transfers in Spain","publisher":{"@id":"https:\/\/tourtravelandmore.com\/es\/#organization"},"potentialAction":[{"@type":"SearchAction","target":{"@type":"EntryPoint","urlTemplate":"https:\/\/tourtravelandmore.com\/es\/?s={search_term_string}"},"query-input":{"@type":"PropertyValueSpecification","valueRequired":true,"valueName":"search_term_string"}}],"inLanguage":"es"},{"@type":"Organization","@id":"https:\/\/tourtravelandmore.com\/es\/#organization","name":"Tour Travel And More","url":"https:\/\/tourtravelandmore.com\/es\/","logo":{"@type":"ImageObject","inLanguage":"es","@id":"https:\/\/tourtravelandmore.com\/es\/#\/schema\/logo\/image\/","url":"https:\/\/tourtravelandmore.com\/wp-content\/uploads\/2022\/12\/cropped-logo-cabecera-new.png","contentUrl":"https:\/\/tourtravelandmore.com\/wp-content\/uploads\/2022\/12\/cropped-logo-cabecera-new.png","width":430,"height":61,"caption":"Tour Travel And More"},"image":{"@id":"https:\/\/tourtravelandmore.com\/es\/#\/schema\/logo\/image\/"},"sameAs":["https:\/\/www.facebook.com\/tourtravelandmore\/","https:\/\/x.com\/TourTravel_More"]}]}},"_links":{"self":[{"href":"https:\/\/tourtravelandmore.com\/es\/wp-json\/wp\/v2\/product\/90537","targetHints":{"allow":["GET"]}}],"collection":[{"href":"https:\/\/tourtravelandmore.com\/es\/wp-json\/wp\/v2\/product"}],"about":[{"href":"https:\/\/tourtravelandmore.com\/es\/wp-json\/wp\/v2\/types\/product"}],"replies":[{"embeddable":true,"href":"https:\/\/tourtravelandmore.com\/es\/wp-json\/wp\/v2\/comments?post=90537"}],"wp:featuredmedia":[{"embeddable":true,"href":"https:\/\/tourtravelandmore.com\/es\/wp-json\/wp\/v2\/media\/90550"}],"wp:attachment":[{"href":"https:\/\/tourtravelandmore.com\/es\/wp-json\/wp\/v2\/media?parent=90537"}],"wp:term":[{"taxonomy":"product_brand","embeddable":true,"href":"https:\/\/tourtravelandmore.com\/es\/wp-json\/wp\/v2\/product_brand?post=90537"},{"taxonomy":"product_cat","embeddable":true,"href":"https:\/\/tourtravelandmore.com\/es\/wp-json\/wp\/v2\/product_cat?post=90537"},{"taxonomy":"product_tag","embeddable":true,"href":"https:\/\/tourtravelandmore.com\/es\/wp-json\/wp\/v2\/product_tag?post=90537"}],"curies":[{"name":"wp","href":"https:\/\/api.w.org\/{rel}","templated":true}]}}