{"id":90508,"date":"2020-12-28T11:33:27","date_gmt":"2020-12-28T10:33:28","guid":{"rendered":"https:\/\/tourtravelandmore.com\/?post_type=product&#038;p=90508"},"modified":"2023-12-04T09:56:27","modified_gmt":"2023-12-04T08:56:27","slug":"tour-privado-a-taxco-y-cuernavaca","status":"publish","type":"product","link":"https:\/\/tourtravelandmore.com\/es\/tours\/mexico-es\/mexico-df-es\/mexico-df-actividades-es\/tour-privado-a-taxco-y-cuernavaca\/","title":{"rendered":"Tour Privado a Taxco y Cuernavaca"},"content":{"rendered":"<h2 id=\"tw-target-text\" class=\"tw-data-text tw-text-large XcVN5d tw-ta\" dir=\"ltr\" data-placeholder=\"Traducci\u00f3n\">Descripci\u00f3n del Tour Privado a Taxco y Cuernavaca<\/h2>\n<p>Si ya lo ha visto todo en Ciudad de M\u00e9xico y a\u00fan quiere m\u00e1s, le invitamos a este Tour Privado a Taxco y Cuernavaca. Prep\u00e1rese para una excursi\u00f3n de d\u00eda completo a dos ciudades mexicanas famosas por su arquitectura colonial espa\u00f1ola. Le acompa\u00f1ar\u00e1n un gu\u00eda tur\u00edstico oficial y un conductor privado.<\/p>\n<p>Este tour privado tiene una duraci\u00f3n total de 13 horas desde el momento de la recogida hasta el momento del regreso. Como usted sabe, al ser un tour personalizado, podemos organizar la recogida en el lugar de su elecci\u00f3n en la Ciudad de M\u00e9xico.<\/p>\n<p>Cuernavaca es la capital del estado de morelos. Esta ciudad colonial alberga el Palacio de Hern\u00e1n Cort\u00e9s, antigua residencia del conquistador espa\u00f1ol.<\/p>\n<p>Taxco de Alarc\u00f3n es un municipio del estado de Guerrero, al suroeste de la Ciudad de M\u00e9xico. Esta pintoresca ciudad es conocida por su singular arquitectura colonial espa\u00f1ola y su joyer\u00eda de plata. Aqu\u00ed convergen la herencia azteca y la espa\u00f1ola, lo que convierte a esta bella ciudad en un destino \u00fanico.<\/p>\n<p>No pierda la oportunidad de visitar dos ciudades incre\u00edbles con nuestro tour privado a Taxco y Cuernavaca. Aproveche al m\u00e1ximo su estancia en M\u00e9xico y explore tantas ciudades y pueblos como le sea posible.<\/p>\n<h2>Puntos de inter\u00e9s en el Tour Privado a Taxco y Cuernavaca<\/h2>\n<p>Esta excursi\u00f3n privada comenzar\u00e1 tras una c\u00f3moda recogida en su hotel o lugar de elecci\u00f3n en Ciudad de M\u00e9xico.<\/p>\n<p>Su primera parada ser\u00e1 Taxco. Taxco es otra ciudad colonial situada en una colina. Es muy famosa por sus sinuosas calles empedradas y sus acogedoras plazas. Aqu\u00ed podr\u00e1 visitar los siguientes lugares:<\/p>\n<ul>\n<li><strong>Iglesia de Santa Prisca : muy famosa por su estilo barroco.<\/strong><\/li>\n<li><strong>Joyer\u00edas<\/strong><\/li>\n<li><strong>Museo de Antropolog\u00eda<\/strong><\/li>\n<li><strong>El Cristo de la Cima: desde aqu\u00ed se puede admirar una hermosa vista panor\u00e1mica de Taxco<\/strong><\/li>\n<li><strong>Museo &#8220;Casa Humboldt&#8221;<\/strong><\/li>\n<li><strong>La ex Hacienda de San Juan Bautista: uno de los pocos edificios que conservan el estilo medieval.<\/strong><\/li>\n<li><strong>\u00a1Mucho m\u00e1s!<\/strong><\/li>\n<\/ul>\n<p>Despu\u00e9s, continuar\u00e1 hacia el siguiente destino. Cuernavaca o &#8220;La Ciudad de la Eterna Primavera&#8221; . Su segundo nombre hace referencia al clima c\u00e1lido que suele tener durante todo el a\u00f1o.<\/p>\n<p>En Cuernavaca realizar\u00e1s un recorrido panor\u00e1mico por la ciudad, donde podr\u00e1s admirar edificios de estilo colonial y hermosas plazas en el centro hist\u00f3rico. Tambi\u00e9n podr\u00e1s visitar la Catedral de Cuernavaca , el Palacio de Cort\u00e9s , el Museo Cauhn\u00e1huac y mucho m\u00e1s.<\/p>\n<p>A lo largo del recorrido, har\u00e1s una parada para comer en un restaurante t\u00edpico de la ciudad. Si lo prefiere, podemos hacer una reserva s\u00f3lo para usted y su grupo.<\/p>\n<p>Al final del recorrido, su conductor privado y su gu\u00eda oficial le llevar\u00e1n de vuelta a su hotel en Ciudad de M\u00e9xico.<\/p>\n","protected":false},"excerpt":{"rendered":"<p id=\"tw-target-text\" class=\"tw-data-text tw-text-large XcVN5d tw-ta\" dir=\"ltr\" data-placeholder=\"Traducci\u00f3n\">Si ya lo ha visto todo en Ciudad de M\u00e9xico y a\u00fan quiere m\u00e1s, le invitamos a este Tour Privado a Taxco y Cuernavaca . Prep\u00e1rese para una excursi\u00f3n de d\u00eda completo a dos ciudades mexicanas famosas por su arquitectura colonial espa\u00f1ola. Le acompa\u00f1ar\u00e1n un gu\u00eda tur\u00edstico oficial y un conductor privado .<\/p>\n","protected":false},"featured_media":90521,"comment_status":"open","ping_status":"closed","template":"","meta":{"_acf_changed":false},"product_brand":[],"product_cat":[3203,3378,3385,3388],"product_tag":[],"class_list":{"0":"post-90508","1":"product","2":"type-product","3":"status-publish","4":"has-post-thumbnail","6":"product_cat-mexico-es","7":"product_cat-mexico-df-es","8":"product_cat-mexico-df-actividades-es","9":"product_cat-mexico-df-tours-privados-es","11":"first","12":"instock","13":"shipping-taxable","14":"purchasable","15":"product-type-simple"},"acf":[],"yoast_head":"<!-- This site is optimized with the Yoast SEO Premium plugin v25.3.1 (Yoast SEO v25.3.1) - https:\/\/yoast.com\/wordpress\/plugins\/seo\/ -->\n<title>\u27a1\ufe0f Tour Privado a Taxco y Cuernavaca en un veh\u00edculo privado | Tour Travel &amp; More<\/title>\n<meta name=\"description\" content=\"Acomp\u00e1\u00f1enos en este Tour Privado a Taxco y Cuernavaca y admire dos ciudades llenas de historia, arte, cultura y antiguedad \u2705\" \/>\n<meta name=\"robots\" content=\"index, follow, max-snippet:-1, max-image-preview:large, max-video-preview:-1\" \/>\n<link rel=\"canonical\" href=\"https:\/\/tourtravelandmore.com\/es\/tours\/mexico-es\/mexico-df-es\/mexico-df-actividades-es\/tour-privado-a-taxco-y-cuernavaca\/\" \/>\n<meta property=\"og:locale\" content=\"es_ES\" \/>\n<meta property=\"og:type\" content=\"article\" \/>\n<meta property=\"og:title\" content=\"Tour Privado a Taxco y Cuernavaca\" \/>\n<meta property=\"og:description\" content=\"Acomp\u00e1\u00f1enos en este Tour Privado a Taxco y Cuernavaca y admire dos ciudades llenas de historia, arte, cultura y antiguedad \u2705\" \/>\n<meta property=\"og:url\" content=\"https:\/\/tourtravelandmore.com\/es\/tours\/mexico-es\/mexico-df-es\/mexico-df-actividades-es\/tour-privado-a-taxco-y-cuernavaca\/\" \/>\n<meta property=\"og:site_name\" content=\"Tour Travel And More\" \/>\n<meta property=\"article:publisher\" content=\"https:\/\/www.facebook.com\/tourtravelandmore\/\" \/>\n<meta property=\"article:modified_time\" content=\"2023-12-04T08:56:27+00:00\" \/>\n<meta property=\"og:image\" content=\"https:\/\/tourtravelandmore.com\/wp-content\/uploads\/2020\/12\/cuernavaca-1-scaled.jpg\" \/>\n\t<meta property=\"og:image:width\" content=\"2560\" \/>\n\t<meta property=\"og:image:height\" content=\"1920\" \/>\n\t<meta property=\"og:image:type\" content=\"image\/jpeg\" \/>\n<meta name=\"twitter:card\" content=\"summary_large_image\" \/>\n<meta name=\"twitter:site\" content=\"@TourTravel_More\" \/>\n<meta name=\"twitter:label1\" content=\"Tiempo de lectura\" \/>\n\t<meta name=\"twitter:data1\" content=\"2 minutos\" \/>\n<script type=\"application\/ld+json\" class=\"yoast-schema-graph\">{\"@context\":\"https:\/\/schema.org\",\"@graph\":[{\"@type\":\"WebPage\",\"@id\":\"https:\/\/tourtravelandmore.com\/es\/tours\/mexico-es\/mexico-df-es\/mexico-df-actividades-es\/tour-privado-a-taxco-y-cuernavaca\/\",\"url\":\"https:\/\/tourtravelandmore.com\/es\/tours\/mexico-es\/mexico-df-es\/mexico-df-actividades-es\/tour-privado-a-taxco-y-cuernavaca\/\",\"name\":\"\u27a1\ufe0f Tour Privado a Taxco y Cuernavaca en un veh\u00edculo privado | Tour Travel & More\",\"isPartOf\":{\"@id\":\"https:\/\/tourtravelandmore.com\/es\/#website\"},\"primaryImageOfPage\":{\"@id\":\"https:\/\/tourtravelandmore.com\/es\/tours\/mexico-es\/mexico-df-es\/mexico-df-actividades-es\/tour-privado-a-taxco-y-cuernavaca\/#primaryimage\"},\"image\":{\"@id\":\"https:\/\/tourtravelandmore.com\/es\/tours\/mexico-es\/mexico-df-es\/mexico-df-actividades-es\/tour-privado-a-taxco-y-cuernavaca\/#primaryimage\"},\"thumbnailUrl\":\"https:\/\/tourtravelandmore.com\/wp-content\/uploads\/2020\/12\/cuernavaca-1-scaled.jpg\",\"datePublished\":\"2020-12-28T10:33:28+00:00\",\"dateModified\":\"2023-12-04T08:56:27+00:00\",\"description\":\"Acomp\u00e1\u00f1enos en este Tour Privado a Taxco y Cuernavaca y admire dos ciudades llenas de historia, arte, cultura y antiguedad \u2705\",\"breadcrumb\":{\"@id\":\"https:\/\/tourtravelandmore.com\/es\/tours\/mexico-es\/mexico-df-es\/mexico-df-actividades-es\/tour-privado-a-taxco-y-cuernavaca\/#breadcrumb\"},\"inLanguage\":\"es\",\"potentialAction\":[{\"@type\":\"ReadAction\",\"target\":[\"https:\/\/tourtravelandmore.com\/es\/tours\/mexico-es\/mexico-df-es\/mexico-df-actividades-es\/tour-privado-a-taxco-y-cuernavaca\/\"]}]},{\"@type\":\"ImageObject\",\"inLanguage\":\"es\",\"@id\":\"https:\/\/tourtravelandmore.com\/es\/tours\/mexico-es\/mexico-df-es\/mexico-df-actividades-es\/tour-privado-a-taxco-y-cuernavaca\/#primaryimage\",\"url\":\"https:\/\/tourtravelandmore.com\/wp-content\/uploads\/2020\/12\/cuernavaca-1-scaled.jpg\",\"contentUrl\":\"https:\/\/tourtravelandmore.com\/wp-content\/uploads\/2020\/12\/cuernavaca-1-scaled.jpg\",\"width\":2560,\"height\":1920},{\"@type\":\"BreadcrumbList\",\"@id\":\"https:\/\/tourtravelandmore.com\/es\/tours\/mexico-es\/mexico-df-es\/mexico-df-actividades-es\/tour-privado-a-taxco-y-cuernavaca\/#breadcrumb\",\"itemListElement\":[{\"@type\":\"ListItem\",\"position\":1,\"name\":\"Home\",\"item\":\"https:\/\/tourtravelandmore.com\/es\/\"},{\"@type\":\"ListItem\",\"position\":2,\"name\":\"Tours\",\"item\":\"https:\/\/tourtravelandmore.com\/es\/tours\/\"},{\"@type\":\"ListItem\",\"position\":3,\"name\":\"Tour Privado a Taxco y Cuernavaca\"}]},{\"@type\":\"WebSite\",\"@id\":\"https:\/\/tourtravelandmore.com\/es\/#website\",\"url\":\"https:\/\/tourtravelandmore.com\/es\/\",\"name\":\"Tour Travel And More\",\"description\":\"Private sightseeing tours and luxury transfers in Spain\",\"publisher\":{\"@id\":\"https:\/\/tourtravelandmore.com\/es\/#organization\"},\"potentialAction\":[{\"@type\":\"SearchAction\",\"target\":{\"@type\":\"EntryPoint\",\"urlTemplate\":\"https:\/\/tourtravelandmore.com\/es\/?s={search_term_string}\"},\"query-input\":{\"@type\":\"PropertyValueSpecification\",\"valueRequired\":true,\"valueName\":\"search_term_string\"}}],\"inLanguage\":\"es\"},{\"@type\":\"Organization\",\"@id\":\"https:\/\/tourtravelandmore.com\/es\/#organization\",\"name\":\"Tour Travel And More\",\"url\":\"https:\/\/tourtravelandmore.com\/es\/\",\"logo\":{\"@type\":\"ImageObject\",\"inLanguage\":\"es\",\"@id\":\"https:\/\/tourtravelandmore.com\/es\/#\/schema\/logo\/image\/\",\"url\":\"https:\/\/tourtravelandmore.com\/wp-content\/uploads\/2022\/12\/cropped-logo-cabecera-new.png\",\"contentUrl\":\"https:\/\/tourtravelandmore.com\/wp-content\/uploads\/2022\/12\/cropped-logo-cabecera-new.png\",\"width\":430,\"height\":61,\"caption\":\"Tour Travel And More\"},\"image\":{\"@id\":\"https:\/\/tourtravelandmore.com\/es\/#\/schema\/logo\/image\/\"},\"sameAs\":[\"https:\/\/www.facebook.com\/tourtravelandmore\/\",\"https:\/\/x.com\/TourTravel_More\"]}]}<\/script>\n<!-- \/ Yoast SEO Premium plugin. -->","yoast_head_json":{"title":"\u27a1\ufe0f Tour Privado a Taxco y Cuernavaca en un veh\u00edculo privado | Tour Travel & More","description":"Acomp\u00e1\u00f1enos en este Tour Privado a Taxco y Cuernavaca y admire dos ciudades llenas de historia, arte, cultura y antiguedad \u2705","robots":{"index":"index","follow":"follow","max-snippet":"max-snippet:-1","max-image-preview":"max-image-preview:large","max-video-preview":"max-video-preview:-1"},"canonical":"https:\/\/tourtravelandmore.com\/es\/tours\/mexico-es\/mexico-df-es\/mexico-df-actividades-es\/tour-privado-a-taxco-y-cuernavaca\/","og_locale":"es_ES","og_type":"article","og_title":"Tour Privado a Taxco y Cuernavaca","og_description":"Acomp\u00e1\u00f1enos en este Tour Privado a Taxco y Cuernavaca y admire dos ciudades llenas de historia, arte, cultura y antiguedad \u2705","og_url":"https:\/\/tourtravelandmore.com\/es\/tours\/mexico-es\/mexico-df-es\/mexico-df-actividades-es\/tour-privado-a-taxco-y-cuernavaca\/","og_site_name":"Tour Travel And More","article_publisher":"https:\/\/www.facebook.com\/tourtravelandmore\/","article_modified_time":"2023-12-04T08:56:27+00:00","og_image":[{"width":2560,"height":1920,"url":"https:\/\/tourtravelandmore.com\/wp-content\/uploads\/2020\/12\/cuernavaca-1-scaled.jpg","type":"image\/jpeg"}],"twitter_card":"summary_large_image","twitter_site":"@TourTravel_More","twitter_misc":{"Tiempo de lectura":"2 minutos"},"schema":{"@context":"https:\/\/schema.org","@graph":[{"@type":"WebPage","@id":"https:\/\/tourtravelandmore.com\/es\/tours\/mexico-es\/mexico-df-es\/mexico-df-actividades-es\/tour-privado-a-taxco-y-cuernavaca\/","url":"https:\/\/tourtravelandmore.com\/es\/tours\/mexico-es\/mexico-df-es\/mexico-df-actividades-es\/tour-privado-a-taxco-y-cuernavaca\/","name":"\u27a1\ufe0f Tour Privado a Taxco y Cuernavaca en un veh\u00edculo privado | Tour Travel & More","isPartOf":{"@id":"https:\/\/tourtravelandmore.com\/es\/#website"},"primaryImageOfPage":{"@id":"https:\/\/tourtravelandmore.com\/es\/tours\/mexico-es\/mexico-df-es\/mexico-df-actividades-es\/tour-privado-a-taxco-y-cuernavaca\/#primaryimage"},"image":{"@id":"https:\/\/tourtravelandmore.com\/es\/tours\/mexico-es\/mexico-df-es\/mexico-df-actividades-es\/tour-privado-a-taxco-y-cuernavaca\/#primaryimage"},"thumbnailUrl":"https:\/\/tourtravelandmore.com\/wp-content\/uploads\/2020\/12\/cuernavaca-1-scaled.jpg","datePublished":"2020-12-28T10:33:28+00:00","dateModified":"2023-12-04T08:56:27+00:00","description":"Acomp\u00e1\u00f1enos en este Tour Privado a Taxco y Cuernavaca y admire dos ciudades llenas de historia, arte, cultura y antiguedad \u2705","breadcrumb":{"@id":"https:\/\/tourtravelandmore.com\/es\/tours\/mexico-es\/mexico-df-es\/mexico-df-actividades-es\/tour-privado-a-taxco-y-cuernavaca\/#breadcrumb"},"inLanguage":"es","potentialAction":[{"@type":"ReadAction","target":["https:\/\/tourtravelandmore.com\/es\/tours\/mexico-es\/mexico-df-es\/mexico-df-actividades-es\/tour-privado-a-taxco-y-cuernavaca\/"]}]},{"@type":"ImageObject","inLanguage":"es","@id":"https:\/\/tourtravelandmore.com\/es\/tours\/mexico-es\/mexico-df-es\/mexico-df-actividades-es\/tour-privado-a-taxco-y-cuernavaca\/#primaryimage","url":"https:\/\/tourtravelandmore.com\/wp-content\/uploads\/2020\/12\/cuernavaca-1-scaled.jpg","contentUrl":"https:\/\/tourtravelandmore.com\/wp-content\/uploads\/2020\/12\/cuernavaca-1-scaled.jpg","width":2560,"height":1920},{"@type":"BreadcrumbList","@id":"https:\/\/tourtravelandmore.com\/es\/tours\/mexico-es\/mexico-df-es\/mexico-df-actividades-es\/tour-privado-a-taxco-y-cuernavaca\/#breadcrumb","itemListElement":[{"@type":"ListItem","position":1,"name":"Home","item":"https:\/\/tourtravelandmore.com\/es\/"},{"@type":"ListItem","position":2,"name":"Tours","item":"https:\/\/tourtravelandmore.com\/es\/tours\/"},{"@type":"ListItem","position":3,"name":"Tour Privado a Taxco y Cuernavaca"}]},{"@type":"WebSite","@id":"https:\/\/tourtravelandmore.com\/es\/#website","url":"https:\/\/tourtravelandmore.com\/es\/","name":"Tour Travel And More","description":"Private sightseeing tours and luxury transfers in Spain","publisher":{"@id":"https:\/\/tourtravelandmore.com\/es\/#organization"},"potentialAction":[{"@type":"SearchAction","target":{"@type":"EntryPoint","urlTemplate":"https:\/\/tourtravelandmore.com\/es\/?s={search_term_string}"},"query-input":{"@type":"PropertyValueSpecification","valueRequired":true,"valueName":"search_term_string"}}],"inLanguage":"es"},{"@type":"Organization","@id":"https:\/\/tourtravelandmore.com\/es\/#organization","name":"Tour Travel And More","url":"https:\/\/tourtravelandmore.com\/es\/","logo":{"@type":"ImageObject","inLanguage":"es","@id":"https:\/\/tourtravelandmore.com\/es\/#\/schema\/logo\/image\/","url":"https:\/\/tourtravelandmore.com\/wp-content\/uploads\/2022\/12\/cropped-logo-cabecera-new.png","contentUrl":"https:\/\/tourtravelandmore.com\/wp-content\/uploads\/2022\/12\/cropped-logo-cabecera-new.png","width":430,"height":61,"caption":"Tour Travel And More"},"image":{"@id":"https:\/\/tourtravelandmore.com\/es\/#\/schema\/logo\/image\/"},"sameAs":["https:\/\/www.facebook.com\/tourtravelandmore\/","https:\/\/x.com\/TourTravel_More"]}]}},"_links":{"self":[{"href":"https:\/\/tourtravelandmore.com\/es\/wp-json\/wp\/v2\/product\/90508","targetHints":{"allow":["GET"]}}],"collection":[{"href":"https:\/\/tourtravelandmore.com\/es\/wp-json\/wp\/v2\/product"}],"about":[{"href":"https:\/\/tourtravelandmore.com\/es\/wp-json\/wp\/v2\/types\/product"}],"replies":[{"embeddable":true,"href":"https:\/\/tourtravelandmore.com\/es\/wp-json\/wp\/v2\/comments?post=90508"}],"wp:featuredmedia":[{"embeddable":true,"href":"https:\/\/tourtravelandmore.com\/es\/wp-json\/wp\/v2\/media\/90521"}],"wp:attachment":[{"href":"https:\/\/tourtravelandmore.com\/es\/wp-json\/wp\/v2\/media?parent=90508"}],"wp:term":[{"taxonomy":"product_brand","embeddable":true,"href":"https:\/\/tourtravelandmore.com\/es\/wp-json\/wp\/v2\/product_brand?post=90508"},{"taxonomy":"product_cat","embeddable":true,"href":"https:\/\/tourtravelandmore.com\/es\/wp-json\/wp\/v2\/product_cat?post=90508"},{"taxonomy":"product_tag","embeddable":true,"href":"https:\/\/tourtravelandmore.com\/es\/wp-json\/wp\/v2\/product_tag?post=90508"}],"curies":[{"name":"wp","href":"https:\/\/api.w.org\/{rel}","templated":true}]}}