{"id":90473,"date":"2020-12-28T10:02:35","date_gmt":"2020-12-28T09:02:33","guid":{"rendered":"https:\/\/tourtravelandmore.com\/?post_type=product&#038;p=90473"},"modified":"2023-12-04T09:49:35","modified_gmt":"2023-12-04T08:49:35","slug":"tour-privado-a-puebla-y-cholula","status":"publish","type":"product","link":"https:\/\/tourtravelandmore.com\/es\/tours\/mexico-es\/mexico-df-es\/mexico-df-actividades-es\/tour-privado-a-puebla-y-cholula\/","title":{"rendered":"Tour Privado a Puebla y Cholula"},"content":{"rendered":"<h2 id=\"tw-target-text\" class=\"tw-data-text tw-text-large XcVN5d tw-ta\" dir=\"ltr\" data-placeholder=\"Traducci\u00f3n\"><span lang=\"es\">Descripci\u00f3n del Tour Privado a Puebla y Cholula<\/span><\/h2>\n<p>La Ciudad de M\u00e9xico est\u00e1 rodeada de pueblos y ciudades muy interesantes con un gran valor hist\u00f3rico. En esta oportunidad, lo invitamos a nuestro <strong>Tour Privado a Puebla y Cholula<\/strong>. Tenga la oportunidad de visitar dos ciudades diferentes con un equipo profesional en un<strong> veh\u00edculo privado de lujo<\/strong>. Estar\u00e1 acompa\u00f1ado por un <strong>conductor privado<\/strong> y un<strong> gu\u00eda tur\u00edstico oficial<\/strong>.<\/p>\n<p>Despu\u00e9s de una c\u00f3moda recogida privada en su lugar de elecci\u00f3n en la Ciudad de M\u00e9xico, comenzar\u00e1 este tour de d\u00eda completo. Primero visitar\u00e1 Cholula y luego continuar\u00e1 hacia Puebla.<\/p>\n<p><strong>Cholula de Rivadavia<\/strong>, en otras ocasiones tambi\u00e9n es nombrada como <em>San Pedro Cholula<\/em>, es una ciudad del estado mexicano de Puebla. Se considera la ciudad viva m\u00e1s antigua de Am\u00e9rica. Por otro lado, <strong>Puebla<\/strong> es una ciudad en la zona centro-este de M\u00e9xico, al sureste de la Ciudad de M\u00e9xico. Puebla es muy famosa por su importante gastronom\u00eda y arquitectura colonial.<\/p>\n<p>Disfrute de un d\u00eda libre desde la Ciudad de M\u00e9xico y explor\u00e9 dos maravillosas ciudades con nuestro tour privado a Puebla y Cholula. Este tour tiene una duraci\u00f3n total de 9 horas desde el momento de la recogida hasta el momento de devoluci\u00f3n.<\/p>\n<h2>Puntos emblem\u00e1ticos y de inter\u00e9s del Tour Privado a Puebla y Cholula<\/h2>\n<p>Su primer contacto con <strong>Tour Travel &amp; More<\/strong> ser\u00e1 en su hotel o lugar de elecci\u00f3n en la Ciudad de M\u00e9xico. Como se trata de una experiencia de d\u00eda completa, el recorrido comenzar\u00e1 temprano en la ma\u00f1ana.<\/p>\n<p>Durante nuestro recorrido hasta Cholula, tomaremos el camino que cruza las monta\u00f1as donde podr\u00e1 admirar las impresionantes vistas de los <strong>volcanes Iztacc\u00edhuatl y Popocat\u00e9petl<\/strong>.<\/p>\n<p>Una vez en <strong>Cholula<\/strong>, podr\u00e1 visitar el <a href=\"https:\/\/sic.gob.mx\/ficha.php?table=zona_arqueologica&amp;table_id=80\">sitio arqueol\u00f3gico<\/a>. Aqu\u00ed te deslumbrar\u00e1s con la <strong>Gran Pir\u00e1mide de Cholula \u201cTlachihualt\u00e9petl\u201d<\/strong>. Esta pir\u00e1mide es la m\u00e1s grande del mundo y est\u00e1 escondida debajo de una enorme monta\u00f1a. En lo alto de la pir\u00e1mide se encuentra la <strong>Iglesia de Nuestra Se\u00f1ora de los Remedios<\/strong>.<\/p>\n<p>Despu\u00e9s de eso, continuar\u00e1 hacia <strong>Puebla<\/strong>, tambi\u00e9n muy conocida como la <em>&#8220;Ciudad de los \u00c1ngeles&#8221;<\/em>. Aqu\u00ed podr\u00e1 visitar el centro hist\u00f3rico considerado <strong>Patrimonio de la Humanidad por la Unesco<\/strong>. Entre otros monumentos y sitios, podr\u00e1s admirar la <strong>Catedral de Puebla<\/strong>,<strong> la Plaza de Armas<\/strong>,<strong> la Iglesia de Santo Domingo<\/strong>, \u00a1y mucho m\u00e1s!.<\/p>\n<p>Como ya mencionamos, Puebla es muy famosa por su gastronom\u00eda. Por eso, es el lugar perfecto para almorzar y degustar el plato t\u00edpico de la ciudad: Mole Poblano. Si a\u00fan nos queda algo de tiempo, tambi\u00e9n podemos visitar los mercados locales de alimentos y especias.<\/p>\n<p>Finalmente, al finalizar el recorrido, regresar\u00e1 a la Ciudad de M\u00e9xico.<\/p>\n<p>Otro incre\u00edble viaje de un d\u00eda desde la Ciudad de M\u00e9xico es <a href=\"https:\/\/tourtravelandmore.com\/es\/tours\/mexico-es\/mexico-df-es\/mexico-df-actividades-es\/teotihuacan-y-santuario-de-guadalupe-tour-privado\/\">nuestro tour privado a Teotihuac\u00e1n y al Santuario de Guadalupe<\/a>, \u00a1echa un vistazo!<\/p>\n","protected":false},"excerpt":{"rendered":"<p id=\"tw-target-text\" class=\"tw-data-text tw-text-large XcVN5d tw-ta\" dir=\"ltr\" data-placeholder=\"Traducci\u00f3n\">Disfrute de esta incre\u00edble experiencia de d\u00eda completo desde la Ciudad de M\u00e9xico y visite dos ciudades incre\u00edbles con nuestro Tour Privado a Puebla y Cholula. <span class=\"JLqJ4b ChMk0b\" data-language-for-alternatives=\"es\" data-language-to-translate-into=\"en\" data-phrase-index=\"1\">Personalice su propia experiencia con solo contactarnos.<\/span><\/p>\n","protected":false},"featured_media":90487,"comment_status":"open","ping_status":"closed","template":"","meta":{"_acf_changed":false},"product_brand":[],"product_cat":[3203,3378,3385,3388],"product_tag":[],"class_list":{"0":"post-90473","1":"product","2":"type-product","3":"status-publish","4":"has-post-thumbnail","6":"product_cat-mexico-es","7":"product_cat-mexico-df-es","8":"product_cat-mexico-df-actividades-es","9":"product_cat-mexico-df-tours-privados-es","11":"first","12":"instock","13":"shipping-taxable","14":"purchasable","15":"product-type-simple"},"acf":[],"yoast_head":"<!-- This site is optimized with the Yoast SEO Premium plugin v25.3.1 (Yoast SEO v25.3.1) - https:\/\/yoast.com\/wordpress\/plugins\/seo\/ -->\n<title>\u27a1\ufe0f Tour Privado a Puebla y Cholula con veh\u00edculo privado de lujo | Tour Travel &amp; More<\/title>\n<meta name=\"description\" content=\"Disfrute de este Tour Privado a Puebla y Cholula desde la ciudad de M\u00e9xico y d\u00e9jese deslumbrar con su historia y arquitectura antigua \u2705\" \/>\n<meta name=\"robots\" content=\"index, follow, max-snippet:-1, max-image-preview:large, max-video-preview:-1\" \/>\n<link rel=\"canonical\" href=\"https:\/\/tourtravelandmore.com\/es\/tours\/mexico-es\/mexico-df-es\/mexico-df-actividades-es\/tour-privado-a-puebla-y-cholula\/\" \/>\n<meta property=\"og:locale\" content=\"es_ES\" \/>\n<meta property=\"og:type\" content=\"article\" \/>\n<meta property=\"og:title\" content=\"Tour Privado a Puebla y Cholula\" \/>\n<meta property=\"og:description\" content=\"Disfrute de este Tour Privado a Puebla y Cholula desde la ciudad de M\u00e9xico y d\u00e9jese deslumbrar con su historia y arquitectura antigua \u2705\" \/>\n<meta property=\"og:url\" content=\"https:\/\/tourtravelandmore.com\/es\/tours\/mexico-es\/mexico-df-es\/mexico-df-actividades-es\/tour-privado-a-puebla-y-cholula\/\" \/>\n<meta property=\"og:site_name\" content=\"Tour Travel And More\" \/>\n<meta property=\"article:publisher\" content=\"https:\/\/www.facebook.com\/tourtravelandmore\/\" \/>\n<meta property=\"article:modified_time\" content=\"2023-12-04T08:49:35+00:00\" \/>\n<meta property=\"og:image\" content=\"https:\/\/tourtravelandmore.com\/wp-content\/uploads\/2020\/12\/cholula.jpg\" \/>\n\t<meta property=\"og:image:width\" content=\"1000\" \/>\n\t<meta property=\"og:image:height\" content=\"594\" \/>\n\t<meta property=\"og:image:type\" content=\"image\/jpeg\" \/>\n<meta name=\"twitter:card\" content=\"summary_large_image\" \/>\n<meta name=\"twitter:site\" content=\"@TourTravel_More\" \/>\n<meta name=\"twitter:label1\" content=\"Tiempo de lectura\" \/>\n\t<meta name=\"twitter:data1\" content=\"3 minutos\" \/>\n<script type=\"application\/ld+json\" class=\"yoast-schema-graph\">{\"@context\":\"https:\/\/schema.org\",\"@graph\":[{\"@type\":\"WebPage\",\"@id\":\"https:\/\/tourtravelandmore.com\/es\/tours\/mexico-es\/mexico-df-es\/mexico-df-actividades-es\/tour-privado-a-puebla-y-cholula\/\",\"url\":\"https:\/\/tourtravelandmore.com\/es\/tours\/mexico-es\/mexico-df-es\/mexico-df-actividades-es\/tour-privado-a-puebla-y-cholula\/\",\"name\":\"\u27a1\ufe0f Tour Privado a Puebla y Cholula con veh\u00edculo privado de lujo | Tour Travel & More\",\"isPartOf\":{\"@id\":\"https:\/\/tourtravelandmore.com\/es\/#website\"},\"primaryImageOfPage\":{\"@id\":\"https:\/\/tourtravelandmore.com\/es\/tours\/mexico-es\/mexico-df-es\/mexico-df-actividades-es\/tour-privado-a-puebla-y-cholula\/#primaryimage\"},\"image\":{\"@id\":\"https:\/\/tourtravelandmore.com\/es\/tours\/mexico-es\/mexico-df-es\/mexico-df-actividades-es\/tour-privado-a-puebla-y-cholula\/#primaryimage\"},\"thumbnailUrl\":\"https:\/\/tourtravelandmore.com\/wp-content\/uploads\/2020\/12\/cholula.jpg\",\"datePublished\":\"2020-12-28T09:02:33+00:00\",\"dateModified\":\"2023-12-04T08:49:35+00:00\",\"description\":\"Disfrute de este Tour Privado a Puebla y Cholula desde la ciudad de M\u00e9xico y d\u00e9jese deslumbrar con su historia y arquitectura antigua \u2705\",\"breadcrumb\":{\"@id\":\"https:\/\/tourtravelandmore.com\/es\/tours\/mexico-es\/mexico-df-es\/mexico-df-actividades-es\/tour-privado-a-puebla-y-cholula\/#breadcrumb\"},\"inLanguage\":\"es\",\"potentialAction\":[{\"@type\":\"ReadAction\",\"target\":[\"https:\/\/tourtravelandmore.com\/es\/tours\/mexico-es\/mexico-df-es\/mexico-df-actividades-es\/tour-privado-a-puebla-y-cholula\/\"]}]},{\"@type\":\"ImageObject\",\"inLanguage\":\"es\",\"@id\":\"https:\/\/tourtravelandmore.com\/es\/tours\/mexico-es\/mexico-df-es\/mexico-df-actividades-es\/tour-privado-a-puebla-y-cholula\/#primaryimage\",\"url\":\"https:\/\/tourtravelandmore.com\/wp-content\/uploads\/2020\/12\/cholula.jpg\",\"contentUrl\":\"https:\/\/tourtravelandmore.com\/wp-content\/uploads\/2020\/12\/cholula.jpg\",\"width\":1000,\"height\":594},{\"@type\":\"BreadcrumbList\",\"@id\":\"https:\/\/tourtravelandmore.com\/es\/tours\/mexico-es\/mexico-df-es\/mexico-df-actividades-es\/tour-privado-a-puebla-y-cholula\/#breadcrumb\",\"itemListElement\":[{\"@type\":\"ListItem\",\"position\":1,\"name\":\"Home\",\"item\":\"https:\/\/tourtravelandmore.com\/es\/\"},{\"@type\":\"ListItem\",\"position\":2,\"name\":\"Tours\",\"item\":\"https:\/\/tourtravelandmore.com\/es\/tours\/\"},{\"@type\":\"ListItem\",\"position\":3,\"name\":\"Tour Privado a Puebla y Cholula\"}]},{\"@type\":\"WebSite\",\"@id\":\"https:\/\/tourtravelandmore.com\/es\/#website\",\"url\":\"https:\/\/tourtravelandmore.com\/es\/\",\"name\":\"Tour Travel And More\",\"description\":\"Private sightseeing tours and luxury transfers in Spain\",\"publisher\":{\"@id\":\"https:\/\/tourtravelandmore.com\/es\/#organization\"},\"potentialAction\":[{\"@type\":\"SearchAction\",\"target\":{\"@type\":\"EntryPoint\",\"urlTemplate\":\"https:\/\/tourtravelandmore.com\/es\/?s={search_term_string}\"},\"query-input\":{\"@type\":\"PropertyValueSpecification\",\"valueRequired\":true,\"valueName\":\"search_term_string\"}}],\"inLanguage\":\"es\"},{\"@type\":\"Organization\",\"@id\":\"https:\/\/tourtravelandmore.com\/es\/#organization\",\"name\":\"Tour Travel And More\",\"url\":\"https:\/\/tourtravelandmore.com\/es\/\",\"logo\":{\"@type\":\"ImageObject\",\"inLanguage\":\"es\",\"@id\":\"https:\/\/tourtravelandmore.com\/es\/#\/schema\/logo\/image\/\",\"url\":\"https:\/\/tourtravelandmore.com\/wp-content\/uploads\/2022\/12\/cropped-logo-cabecera-new.png\",\"contentUrl\":\"https:\/\/tourtravelandmore.com\/wp-content\/uploads\/2022\/12\/cropped-logo-cabecera-new.png\",\"width\":430,\"height\":61,\"caption\":\"Tour Travel And More\"},\"image\":{\"@id\":\"https:\/\/tourtravelandmore.com\/es\/#\/schema\/logo\/image\/\"},\"sameAs\":[\"https:\/\/www.facebook.com\/tourtravelandmore\/\",\"https:\/\/x.com\/TourTravel_More\"]}]}<\/script>\n<!-- \/ Yoast SEO Premium plugin. -->","yoast_head_json":{"title":"\u27a1\ufe0f Tour Privado a Puebla y Cholula con veh\u00edculo privado de lujo | Tour Travel & More","description":"Disfrute de este Tour Privado a Puebla y Cholula desde la ciudad de M\u00e9xico y d\u00e9jese deslumbrar con su historia y arquitectura antigua \u2705","robots":{"index":"index","follow":"follow","max-snippet":"max-snippet:-1","max-image-preview":"max-image-preview:large","max-video-preview":"max-video-preview:-1"},"canonical":"https:\/\/tourtravelandmore.com\/es\/tours\/mexico-es\/mexico-df-es\/mexico-df-actividades-es\/tour-privado-a-puebla-y-cholula\/","og_locale":"es_ES","og_type":"article","og_title":"Tour Privado a Puebla y Cholula","og_description":"Disfrute de este Tour Privado a Puebla y Cholula desde la ciudad de M\u00e9xico y d\u00e9jese deslumbrar con su historia y arquitectura antigua \u2705","og_url":"https:\/\/tourtravelandmore.com\/es\/tours\/mexico-es\/mexico-df-es\/mexico-df-actividades-es\/tour-privado-a-puebla-y-cholula\/","og_site_name":"Tour Travel And More","article_publisher":"https:\/\/www.facebook.com\/tourtravelandmore\/","article_modified_time":"2023-12-04T08:49:35+00:00","og_image":[{"width":1000,"height":594,"url":"https:\/\/tourtravelandmore.com\/wp-content\/uploads\/2020\/12\/cholula.jpg","type":"image\/jpeg"}],"twitter_card":"summary_large_image","twitter_site":"@TourTravel_More","twitter_misc":{"Tiempo de lectura":"3 minutos"},"schema":{"@context":"https:\/\/schema.org","@graph":[{"@type":"WebPage","@id":"https:\/\/tourtravelandmore.com\/es\/tours\/mexico-es\/mexico-df-es\/mexico-df-actividades-es\/tour-privado-a-puebla-y-cholula\/","url":"https:\/\/tourtravelandmore.com\/es\/tours\/mexico-es\/mexico-df-es\/mexico-df-actividades-es\/tour-privado-a-puebla-y-cholula\/","name":"\u27a1\ufe0f Tour Privado a Puebla y Cholula con veh\u00edculo privado de lujo | Tour Travel & More","isPartOf":{"@id":"https:\/\/tourtravelandmore.com\/es\/#website"},"primaryImageOfPage":{"@id":"https:\/\/tourtravelandmore.com\/es\/tours\/mexico-es\/mexico-df-es\/mexico-df-actividades-es\/tour-privado-a-puebla-y-cholula\/#primaryimage"},"image":{"@id":"https:\/\/tourtravelandmore.com\/es\/tours\/mexico-es\/mexico-df-es\/mexico-df-actividades-es\/tour-privado-a-puebla-y-cholula\/#primaryimage"},"thumbnailUrl":"https:\/\/tourtravelandmore.com\/wp-content\/uploads\/2020\/12\/cholula.jpg","datePublished":"2020-12-28T09:02:33+00:00","dateModified":"2023-12-04T08:49:35+00:00","description":"Disfrute de este Tour Privado a Puebla y Cholula desde la ciudad de M\u00e9xico y d\u00e9jese deslumbrar con su historia y arquitectura antigua \u2705","breadcrumb":{"@id":"https:\/\/tourtravelandmore.com\/es\/tours\/mexico-es\/mexico-df-es\/mexico-df-actividades-es\/tour-privado-a-puebla-y-cholula\/#breadcrumb"},"inLanguage":"es","potentialAction":[{"@type":"ReadAction","target":["https:\/\/tourtravelandmore.com\/es\/tours\/mexico-es\/mexico-df-es\/mexico-df-actividades-es\/tour-privado-a-puebla-y-cholula\/"]}]},{"@type":"ImageObject","inLanguage":"es","@id":"https:\/\/tourtravelandmore.com\/es\/tours\/mexico-es\/mexico-df-es\/mexico-df-actividades-es\/tour-privado-a-puebla-y-cholula\/#primaryimage","url":"https:\/\/tourtravelandmore.com\/wp-content\/uploads\/2020\/12\/cholula.jpg","contentUrl":"https:\/\/tourtravelandmore.com\/wp-content\/uploads\/2020\/12\/cholula.jpg","width":1000,"height":594},{"@type":"BreadcrumbList","@id":"https:\/\/tourtravelandmore.com\/es\/tours\/mexico-es\/mexico-df-es\/mexico-df-actividades-es\/tour-privado-a-puebla-y-cholula\/#breadcrumb","itemListElement":[{"@type":"ListItem","position":1,"name":"Home","item":"https:\/\/tourtravelandmore.com\/es\/"},{"@type":"ListItem","position":2,"name":"Tours","item":"https:\/\/tourtravelandmore.com\/es\/tours\/"},{"@type":"ListItem","position":3,"name":"Tour Privado a Puebla y Cholula"}]},{"@type":"WebSite","@id":"https:\/\/tourtravelandmore.com\/es\/#website","url":"https:\/\/tourtravelandmore.com\/es\/","name":"Tour Travel And More","description":"Private sightseeing tours and luxury transfers in Spain","publisher":{"@id":"https:\/\/tourtravelandmore.com\/es\/#organization"},"potentialAction":[{"@type":"SearchAction","target":{"@type":"EntryPoint","urlTemplate":"https:\/\/tourtravelandmore.com\/es\/?s={search_term_string}"},"query-input":{"@type":"PropertyValueSpecification","valueRequired":true,"valueName":"search_term_string"}}],"inLanguage":"es"},{"@type":"Organization","@id":"https:\/\/tourtravelandmore.com\/es\/#organization","name":"Tour Travel And More","url":"https:\/\/tourtravelandmore.com\/es\/","logo":{"@type":"ImageObject","inLanguage":"es","@id":"https:\/\/tourtravelandmore.com\/es\/#\/schema\/logo\/image\/","url":"https:\/\/tourtravelandmore.com\/wp-content\/uploads\/2022\/12\/cropped-logo-cabecera-new.png","contentUrl":"https:\/\/tourtravelandmore.com\/wp-content\/uploads\/2022\/12\/cropped-logo-cabecera-new.png","width":430,"height":61,"caption":"Tour Travel And More"},"image":{"@id":"https:\/\/tourtravelandmore.com\/es\/#\/schema\/logo\/image\/"},"sameAs":["https:\/\/www.facebook.com\/tourtravelandmore\/","https:\/\/x.com\/TourTravel_More"]}]}},"_links":{"self":[{"href":"https:\/\/tourtravelandmore.com\/es\/wp-json\/wp\/v2\/product\/90473","targetHints":{"allow":["GET"]}}],"collection":[{"href":"https:\/\/tourtravelandmore.com\/es\/wp-json\/wp\/v2\/product"}],"about":[{"href":"https:\/\/tourtravelandmore.com\/es\/wp-json\/wp\/v2\/types\/product"}],"replies":[{"embeddable":true,"href":"https:\/\/tourtravelandmore.com\/es\/wp-json\/wp\/v2\/comments?post=90473"}],"wp:featuredmedia":[{"embeddable":true,"href":"https:\/\/tourtravelandmore.com\/es\/wp-json\/wp\/v2\/media\/90487"}],"wp:attachment":[{"href":"https:\/\/tourtravelandmore.com\/es\/wp-json\/wp\/v2\/media?parent=90473"}],"wp:term":[{"taxonomy":"product_brand","embeddable":true,"href":"https:\/\/tourtravelandmore.com\/es\/wp-json\/wp\/v2\/product_brand?post=90473"},{"taxonomy":"product_cat","embeddable":true,"href":"https:\/\/tourtravelandmore.com\/es\/wp-json\/wp\/v2\/product_cat?post=90473"},{"taxonomy":"product_tag","embeddable":true,"href":"https:\/\/tourtravelandmore.com\/es\/wp-json\/wp\/v2\/product_tag?post=90473"}],"curies":[{"name":"wp","href":"https:\/\/api.w.org\/{rel}","templated":true}]}}