{"id":90368,"date":"2020-12-24T13:49:57","date_gmt":"2020-12-24T12:49:58","guid":{"rendered":"https:\/\/tourtravelandmore.com\/?post_type=product&#038;p=90368"},"modified":"2021-09-06T14:35:29","modified_gmt":"2021-09-06T12:35:29","slug":"tour-privado-a-sedona-desde-phoenix","status":"publish","type":"product","link":"https:\/\/tourtravelandmore.com\/es\/tours\/eeuu-es\/phoenix-es\/phoenix-actividades-es\/tour-privado-a-sedona-desde-phoenix\/","title":{"rendered":"Tour Privado a Sedona"},"content":{"rendered":"<h2><strong>Descripci\u00f3n del Tour Privado a Sedona<\/strong><\/h2>\n<p>Admire el escenario de las famosas rocas rojas de Sedona en un tour privado a Sedona desde Phoenix. Disfruta al m\u00e1ximo tu visita a Arizona y descubre la regi\u00f3n junto a un gu\u00eda local.<\/p>\n<p>Para dar comienzo a su tour su chofer y gu\u00eda le recoger\u00e1 en su sitio deseado en Phoenix. A continuaci\u00f3n emprender\u00e1n su viaje de 2 horas a trav\u00e9s del desierto de Sonora hasta llegar a Sedona.<\/p>\n<p>Explora este maravilloso sitio, conocida Red Rock Country, donde aproximadamente dos millones de hect\u00e1reas de bosque ofrecen un escenario maravilloso. Disfruta las diversas opciones gastron\u00f3micas, de aventura y de relajamiento que Sedona ofrece!<\/p>\n<p>Cont\u00e1ctanos y uno de nuestros expertos le ayudar\u00e1 a coordinar una experiencia a medida.<span class=\"Apple-converted-space\"> En caso de que este interesado en otras actividades desde Phoenix, por favor vea nuestro <a href=\"https:\/\/tourtravelandmore.com\/es\/ciudad\/eeuu-es\/phoenix-es\/\">listado de tours y actividades<\/a>.<\/span><\/p>\n<h2><strong>Puntos de inter\u00e9s en el Tour Privado a Sedona<\/strong><\/h2>\n<p>Una vez que salimos de Phoenix en direcci\u00f3n Norte hacia Sedona nos encontraremos con el maravilloso desierto de Sonora. Podr\u00e1s ver los cactus gigantes en todo el paisaje y, por supuesto, detenerse para tomar fotos. Una vez en Sedona ser\u00e1s recibido por la imponente <strong>Bell Rock.<\/strong><\/p>\n<p>Durante su tour privado a Sedona desde Phoenix podr\u00e1 visitar diversas atracciones culturales y tur\u00edsticas de Sedona, incluyendo, entre otros, Bell Rock, el pueblo de arte y artesan\u00edas Tlaquepaque y la capilla de la Santa Cruz.<\/p>\n<p>Sedona es considerado el lugar ideal para enriquecimiento espiritual y personal del cuerpo y alma. Aunque tiene tan solo una poblaci\u00f3n de 10,000 residentes, Sedona recibe m\u00e1s de 3 millones de visitantes cada a\u00f1o. Sedona ofrece diversas actividades outdoors. En caso de que desee disfrutar de ellas no dude en contactarnos, podemos coordinar experiencias privadas a medida como paseo en jeep, kayaking, bicicleta y m\u00e1s!<\/p>\n<p>Por supuesto tendr\u00e1 tiempo libre durante su tour para degustar la maravillosa gastronom\u00eda en <strong>Tlaquepaque<\/strong>. En el camino de retorno a Phoenix podremos hacer una parada en la regi\u00f3n de vi\u00f1edos de <strong>Verde Valley<\/strong>, donde podr\u00e1 visitar y degustar el vino local! En caso de que prefiera visitar un pueblo del Viejo Oeste en lugar de los vi\u00f1edos, podremos hacer una parada en Jerome.<\/p>\n","protected":false},"excerpt":{"rendered":"<p>Disfrute el maravilloso paisaje y la tranquilidad de Sedona en una <strong>excursi\u00f3n a medida desde Phoenix.<\/strong> Explore la zona junto a un gu\u00eda local.<\/p>\n","protected":false},"featured_media":90389,"comment_status":"open","ping_status":"closed","template":"","meta":{"_acf_changed":false},"product_brand":[],"product_cat":[1602,3141,3162,3165],"product_tag":[],"class_list":{"0":"post-90368","1":"product","2":"type-product","3":"status-publish","4":"has-post-thumbnail","6":"product_cat-eeuu-es","7":"product_cat-phoenix-es","8":"product_cat-phoenix-actividades-es","9":"product_cat-phoenix-tours-es","11":"first","12":"instock","13":"shipping-taxable","14":"purchasable","15":"product-type-simple"},"acf":[],"yoast_head":"<!-- This site is optimized with the Yoast SEO Premium plugin v25.3.1 (Yoast SEO v25.3.1) - https:\/\/yoast.com\/wordpress\/plugins\/seo\/ -->\n<title>Tour Privado a Sedona desde Phoenix con gu\u00eda local | TTM<\/title>\n<meta name=\"description\" content=\"\u2192 Reserve de este Tour Privado a Sedona desde Phoenix en un veh\u00edculo privado con chofer\/gu\u00eda que lo llevar\u00e1 a recorrer este magn\u00edfico lugar \u2705\" \/>\n<meta name=\"robots\" content=\"index, follow, max-snippet:-1, max-image-preview:large, max-video-preview:-1\" \/>\n<link rel=\"canonical\" href=\"https:\/\/tourtravelandmore.com\/es\/tours\/eeuu-es\/phoenix-es\/phoenix-actividades-es\/tour-privado-a-sedona-desde-phoenix\/\" \/>\n<meta property=\"og:locale\" content=\"es_ES\" \/>\n<meta property=\"og:type\" content=\"article\" \/>\n<meta property=\"og:title\" content=\"Tour Privado a Sedona\" \/>\n<meta property=\"og:description\" content=\"\u2192 Reserve de este Tour Privado a Sedona desde Phoenix en un veh\u00edculo privado con chofer\/gu\u00eda que lo llevar\u00e1 a recorrer este magn\u00edfico lugar \u2705\" \/>\n<meta property=\"og:url\" content=\"https:\/\/tourtravelandmore.com\/es\/tours\/eeuu-es\/phoenix-es\/phoenix-actividades-es\/tour-privado-a-sedona-desde-phoenix\/\" \/>\n<meta property=\"og:site_name\" content=\"Tour Travel And More\" \/>\n<meta property=\"article:publisher\" content=\"https:\/\/www.facebook.com\/tourtravelandmore\/\" \/>\n<meta property=\"article:modified_time\" content=\"2021-09-06T12:35:29+00:00\" \/>\n<meta property=\"og:image\" content=\"https:\/\/tourtravelandmore.com\/wp-content\/uploads\/2020\/12\/Sedona-4.jpeg\" \/>\n\t<meta property=\"og:image:width\" content=\"1053\" \/>\n\t<meta property=\"og:image:height\" content=\"700\" \/>\n\t<meta property=\"og:image:type\" content=\"image\/jpeg\" \/>\n<meta name=\"twitter:card\" content=\"summary_large_image\" \/>\n<meta name=\"twitter:site\" content=\"@TourTravel_More\" \/>\n<meta name=\"twitter:label1\" content=\"Tiempo de lectura\" \/>\n\t<meta name=\"twitter:data1\" content=\"2 minutos\" \/>\n<script type=\"application\/ld+json\" class=\"yoast-schema-graph\">{\"@context\":\"https:\/\/schema.org\",\"@graph\":[{\"@type\":\"WebPage\",\"@id\":\"https:\/\/tourtravelandmore.com\/es\/tours\/eeuu-es\/phoenix-es\/phoenix-actividades-es\/tour-privado-a-sedona-desde-phoenix\/\",\"url\":\"https:\/\/tourtravelandmore.com\/es\/tours\/eeuu-es\/phoenix-es\/phoenix-actividades-es\/tour-privado-a-sedona-desde-phoenix\/\",\"name\":\"Tour Privado a Sedona desde Phoenix con gu\u00eda local | TTM\",\"isPartOf\":{\"@id\":\"https:\/\/tourtravelandmore.com\/es\/#website\"},\"primaryImageOfPage\":{\"@id\":\"https:\/\/tourtravelandmore.com\/es\/tours\/eeuu-es\/phoenix-es\/phoenix-actividades-es\/tour-privado-a-sedona-desde-phoenix\/#primaryimage\"},\"image\":{\"@id\":\"https:\/\/tourtravelandmore.com\/es\/tours\/eeuu-es\/phoenix-es\/phoenix-actividades-es\/tour-privado-a-sedona-desde-phoenix\/#primaryimage\"},\"thumbnailUrl\":\"https:\/\/tourtravelandmore.com\/wp-content\/uploads\/2020\/12\/Sedona-4.jpeg\",\"datePublished\":\"2020-12-24T12:49:58+00:00\",\"dateModified\":\"2021-09-06T12:35:29+00:00\",\"description\":\"\u2192 Reserve de este Tour Privado a Sedona desde Phoenix en un veh\u00edculo privado con chofer\/gu\u00eda que lo llevar\u00e1 a recorrer este magn\u00edfico lugar \u2705\",\"breadcrumb\":{\"@id\":\"https:\/\/tourtravelandmore.com\/es\/tours\/eeuu-es\/phoenix-es\/phoenix-actividades-es\/tour-privado-a-sedona-desde-phoenix\/#breadcrumb\"},\"inLanguage\":\"es\",\"potentialAction\":[{\"@type\":\"ReadAction\",\"target\":[\"https:\/\/tourtravelandmore.com\/es\/tours\/eeuu-es\/phoenix-es\/phoenix-actividades-es\/tour-privado-a-sedona-desde-phoenix\/\"]}]},{\"@type\":\"ImageObject\",\"inLanguage\":\"es\",\"@id\":\"https:\/\/tourtravelandmore.com\/es\/tours\/eeuu-es\/phoenix-es\/phoenix-actividades-es\/tour-privado-a-sedona-desde-phoenix\/#primaryimage\",\"url\":\"https:\/\/tourtravelandmore.com\/wp-content\/uploads\/2020\/12\/Sedona-4.jpeg\",\"contentUrl\":\"https:\/\/tourtravelandmore.com\/wp-content\/uploads\/2020\/12\/Sedona-4.jpeg\",\"width\":1053,\"height\":700,\"caption\":\"Sedona 3\"},{\"@type\":\"BreadcrumbList\",\"@id\":\"https:\/\/tourtravelandmore.com\/es\/tours\/eeuu-es\/phoenix-es\/phoenix-actividades-es\/tour-privado-a-sedona-desde-phoenix\/#breadcrumb\",\"itemListElement\":[{\"@type\":\"ListItem\",\"position\":1,\"name\":\"Home\",\"item\":\"https:\/\/tourtravelandmore.com\/es\/\"},{\"@type\":\"ListItem\",\"position\":2,\"name\":\"Tours\",\"item\":\"https:\/\/tourtravelandmore.com\/es\/tours\/\"},{\"@type\":\"ListItem\",\"position\":3,\"name\":\"Tour Privado a Sedona\"}]},{\"@type\":\"WebSite\",\"@id\":\"https:\/\/tourtravelandmore.com\/es\/#website\",\"url\":\"https:\/\/tourtravelandmore.com\/es\/\",\"name\":\"Tour Travel And More\",\"description\":\"Private sightseeing tours and luxury transfers in Spain\",\"publisher\":{\"@id\":\"https:\/\/tourtravelandmore.com\/es\/#organization\"},\"potentialAction\":[{\"@type\":\"SearchAction\",\"target\":{\"@type\":\"EntryPoint\",\"urlTemplate\":\"https:\/\/tourtravelandmore.com\/es\/?s={search_term_string}\"},\"query-input\":{\"@type\":\"PropertyValueSpecification\",\"valueRequired\":true,\"valueName\":\"search_term_string\"}}],\"inLanguage\":\"es\"},{\"@type\":\"Organization\",\"@id\":\"https:\/\/tourtravelandmore.com\/es\/#organization\",\"name\":\"Tour Travel And More\",\"url\":\"https:\/\/tourtravelandmore.com\/es\/\",\"logo\":{\"@type\":\"ImageObject\",\"inLanguage\":\"es\",\"@id\":\"https:\/\/tourtravelandmore.com\/es\/#\/schema\/logo\/image\/\",\"url\":\"https:\/\/tourtravelandmore.com\/wp-content\/uploads\/2022\/12\/cropped-logo-cabecera-new.png\",\"contentUrl\":\"https:\/\/tourtravelandmore.com\/wp-content\/uploads\/2022\/12\/cropped-logo-cabecera-new.png\",\"width\":430,\"height\":61,\"caption\":\"Tour Travel And More\"},\"image\":{\"@id\":\"https:\/\/tourtravelandmore.com\/es\/#\/schema\/logo\/image\/\"},\"sameAs\":[\"https:\/\/www.facebook.com\/tourtravelandmore\/\",\"https:\/\/x.com\/TourTravel_More\"]}]}<\/script>\n<!-- \/ Yoast SEO Premium plugin. -->","yoast_head_json":{"title":"Tour Privado a Sedona desde Phoenix con gu\u00eda local | TTM","description":"\u2192 Reserve de este Tour Privado a Sedona desde Phoenix en un veh\u00edculo privado con chofer\/gu\u00eda que lo llevar\u00e1 a recorrer este magn\u00edfico lugar \u2705","robots":{"index":"index","follow":"follow","max-snippet":"max-snippet:-1","max-image-preview":"max-image-preview:large","max-video-preview":"max-video-preview:-1"},"canonical":"https:\/\/tourtravelandmore.com\/es\/tours\/eeuu-es\/phoenix-es\/phoenix-actividades-es\/tour-privado-a-sedona-desde-phoenix\/","og_locale":"es_ES","og_type":"article","og_title":"Tour Privado a Sedona","og_description":"\u2192 Reserve de este Tour Privado a Sedona desde Phoenix en un veh\u00edculo privado con chofer\/gu\u00eda que lo llevar\u00e1 a recorrer este magn\u00edfico lugar \u2705","og_url":"https:\/\/tourtravelandmore.com\/es\/tours\/eeuu-es\/phoenix-es\/phoenix-actividades-es\/tour-privado-a-sedona-desde-phoenix\/","og_site_name":"Tour Travel And More","article_publisher":"https:\/\/www.facebook.com\/tourtravelandmore\/","article_modified_time":"2021-09-06T12:35:29+00:00","og_image":[{"width":1053,"height":700,"url":"https:\/\/tourtravelandmore.com\/wp-content\/uploads\/2020\/12\/Sedona-4.jpeg","type":"image\/jpeg"}],"twitter_card":"summary_large_image","twitter_site":"@TourTravel_More","twitter_misc":{"Tiempo de lectura":"2 minutos"},"schema":{"@context":"https:\/\/schema.org","@graph":[{"@type":"WebPage","@id":"https:\/\/tourtravelandmore.com\/es\/tours\/eeuu-es\/phoenix-es\/phoenix-actividades-es\/tour-privado-a-sedona-desde-phoenix\/","url":"https:\/\/tourtravelandmore.com\/es\/tours\/eeuu-es\/phoenix-es\/phoenix-actividades-es\/tour-privado-a-sedona-desde-phoenix\/","name":"Tour Privado a Sedona desde Phoenix con gu\u00eda local | TTM","isPartOf":{"@id":"https:\/\/tourtravelandmore.com\/es\/#website"},"primaryImageOfPage":{"@id":"https:\/\/tourtravelandmore.com\/es\/tours\/eeuu-es\/phoenix-es\/phoenix-actividades-es\/tour-privado-a-sedona-desde-phoenix\/#primaryimage"},"image":{"@id":"https:\/\/tourtravelandmore.com\/es\/tours\/eeuu-es\/phoenix-es\/phoenix-actividades-es\/tour-privado-a-sedona-desde-phoenix\/#primaryimage"},"thumbnailUrl":"https:\/\/tourtravelandmore.com\/wp-content\/uploads\/2020\/12\/Sedona-4.jpeg","datePublished":"2020-12-24T12:49:58+00:00","dateModified":"2021-09-06T12:35:29+00:00","description":"\u2192 Reserve de este Tour Privado a Sedona desde Phoenix en un veh\u00edculo privado con chofer\/gu\u00eda que lo llevar\u00e1 a recorrer este magn\u00edfico lugar \u2705","breadcrumb":{"@id":"https:\/\/tourtravelandmore.com\/es\/tours\/eeuu-es\/phoenix-es\/phoenix-actividades-es\/tour-privado-a-sedona-desde-phoenix\/#breadcrumb"},"inLanguage":"es","potentialAction":[{"@type":"ReadAction","target":["https:\/\/tourtravelandmore.com\/es\/tours\/eeuu-es\/phoenix-es\/phoenix-actividades-es\/tour-privado-a-sedona-desde-phoenix\/"]}]},{"@type":"ImageObject","inLanguage":"es","@id":"https:\/\/tourtravelandmore.com\/es\/tours\/eeuu-es\/phoenix-es\/phoenix-actividades-es\/tour-privado-a-sedona-desde-phoenix\/#primaryimage","url":"https:\/\/tourtravelandmore.com\/wp-content\/uploads\/2020\/12\/Sedona-4.jpeg","contentUrl":"https:\/\/tourtravelandmore.com\/wp-content\/uploads\/2020\/12\/Sedona-4.jpeg","width":1053,"height":700,"caption":"Sedona 3"},{"@type":"BreadcrumbList","@id":"https:\/\/tourtravelandmore.com\/es\/tours\/eeuu-es\/phoenix-es\/phoenix-actividades-es\/tour-privado-a-sedona-desde-phoenix\/#breadcrumb","itemListElement":[{"@type":"ListItem","position":1,"name":"Home","item":"https:\/\/tourtravelandmore.com\/es\/"},{"@type":"ListItem","position":2,"name":"Tours","item":"https:\/\/tourtravelandmore.com\/es\/tours\/"},{"@type":"ListItem","position":3,"name":"Tour Privado a Sedona"}]},{"@type":"WebSite","@id":"https:\/\/tourtravelandmore.com\/es\/#website","url":"https:\/\/tourtravelandmore.com\/es\/","name":"Tour Travel And More","description":"Private sightseeing tours and luxury transfers in Spain","publisher":{"@id":"https:\/\/tourtravelandmore.com\/es\/#organization"},"potentialAction":[{"@type":"SearchAction","target":{"@type":"EntryPoint","urlTemplate":"https:\/\/tourtravelandmore.com\/es\/?s={search_term_string}"},"query-input":{"@type":"PropertyValueSpecification","valueRequired":true,"valueName":"search_term_string"}}],"inLanguage":"es"},{"@type":"Organization","@id":"https:\/\/tourtravelandmore.com\/es\/#organization","name":"Tour Travel And More","url":"https:\/\/tourtravelandmore.com\/es\/","logo":{"@type":"ImageObject","inLanguage":"es","@id":"https:\/\/tourtravelandmore.com\/es\/#\/schema\/logo\/image\/","url":"https:\/\/tourtravelandmore.com\/wp-content\/uploads\/2022\/12\/cropped-logo-cabecera-new.png","contentUrl":"https:\/\/tourtravelandmore.com\/wp-content\/uploads\/2022\/12\/cropped-logo-cabecera-new.png","width":430,"height":61,"caption":"Tour Travel And More"},"image":{"@id":"https:\/\/tourtravelandmore.com\/es\/#\/schema\/logo\/image\/"},"sameAs":["https:\/\/www.facebook.com\/tourtravelandmore\/","https:\/\/x.com\/TourTravel_More"]}]}},"_links":{"self":[{"href":"https:\/\/tourtravelandmore.com\/es\/wp-json\/wp\/v2\/product\/90368","targetHints":{"allow":["GET"]}}],"collection":[{"href":"https:\/\/tourtravelandmore.com\/es\/wp-json\/wp\/v2\/product"}],"about":[{"href":"https:\/\/tourtravelandmore.com\/es\/wp-json\/wp\/v2\/types\/product"}],"replies":[{"embeddable":true,"href":"https:\/\/tourtravelandmore.com\/es\/wp-json\/wp\/v2\/comments?post=90368"}],"wp:featuredmedia":[{"embeddable":true,"href":"https:\/\/tourtravelandmore.com\/es\/wp-json\/wp\/v2\/media\/90389"}],"wp:attachment":[{"href":"https:\/\/tourtravelandmore.com\/es\/wp-json\/wp\/v2\/media?parent=90368"}],"wp:term":[{"taxonomy":"product_brand","embeddable":true,"href":"https:\/\/tourtravelandmore.com\/es\/wp-json\/wp\/v2\/product_brand?post=90368"},{"taxonomy":"product_cat","embeddable":true,"href":"https:\/\/tourtravelandmore.com\/es\/wp-json\/wp\/v2\/product_cat?post=90368"},{"taxonomy":"product_tag","embeddable":true,"href":"https:\/\/tourtravelandmore.com\/es\/wp-json\/wp\/v2\/product_tag?post=90368"}],"curies":[{"name":"wp","href":"https:\/\/api.w.org\/{rel}","templated":true}]}}